{"id":73258,"date":"2022-09-29T10:05:35","date_gmt":"2022-09-29T07:05:35","guid":{"rendered":"https:\/\/www.outdoors.ee\/?post_type=product&#038;p=73258"},"modified":"2026-04-09T16:10:02","modified_gmt":"2026-04-09T13:10:02","slug":"woodsman-anorak-jope","status":"publish","type":"product","link":"https:\/\/www.outdoors.ee\/et\/toode\/woodsman-anorak-jope\/","title":{"rendered":"Helikon-Tex\u00ae WOODSMAN Anorak jope"},"content":{"rendered":"<p><strong>Kaasaaegne Bushcraft jope pikemaks \u00f5ues tegutsemiseks v\u00f5i seljakotimatkaks<\/strong><\/p>\n<p>Woodsman anoraki esiosa on toodetud DuraCanvas\u00ae kangast, mis s\u00e4demekindel ning piisavalt vastupidav teravamate objektide (oksad jmt) suhtes. Jope seljaosa oli valmistatud StormStretch\u00ae kangast parem hingavuse ja liikumisvabaduse tagamiseks. Jopel on varustatud pikkade t\u00f5mblukkudega kummalgi k\u00fcljel, mida saab vajaduselt kasutada ka \u00f5hutuseks.<\/p>\n<p><strong>Omadused:<\/strong><\/p>\n<ul>\n<li>toodetud DuraCanvas\u00ae kangast<\/li>\n<li>venivad paneelid StormStretch\u00ae kangast<\/li>\n<li>t\u00f5mblukuga suletav keskmine &#8220;k\u00e4nguru&#8221; tasku hoidjate\/kinnitustega sees<\/li>\n<li>reguleeritav kapuuts pingutusn\u00f6\u00f6riga<\/li>\n<li>takjapaela abil reguleeritavad mansetid<\/li>\n<li>kaenlaaluse tuulutus t\u00f5mblukuga<\/li>\n<li>pikad k\u00fcljet\u00f5mblukud selgapanemise\/\u00e4rav\u00f5tmise lihtsustamiseks ning ventilatsiooniks<\/li>\n<li>YKK\u00ae t\u00f5mblukud<\/li>\n<li>PRYM trukid<\/li>\n<li>materjal: 65% pol\u00fcester, 33% puuvill, 2% elastaan. 230g\/m2<\/li>\n<li>kaal 755g<\/li>\n<\/ul>\n<p><strong>Seisukord:<\/strong> uus<\/p>\n","protected":false},"excerpt":{"rendered":"<p>Kaasaaegne Bushcraft jope pikemaks \u00f5ues tegutsemiseks v\u00f5i seljakotimatkaks Woodsman anoraki esiosa on toodetud DuraCanvas\u00ae kangast, mis s\u00e4demekindel ning piisavalt vastupidav<\/p>\n","protected":false},"featured_media":102237,"template":"","meta":[],"product_brand":[],"product_cat":[101],"product_tag":[],"class_list":{"0":"post-73258","1":"product","2":"type-product","3":"status-publish","4":"has-post-thumbnail","6":"product_cat-joped-parkad","7":"pa_brand-helikon-tex","8":"pa_color-black-2","9":"pa_color-black-taiga-green-2","10":"pa_color-coyote-2","11":"pa_color-coyote-ash-grey-et","12":"pa_color-taiga-green-2","13":"pa_size-l-2","14":"pa_size-m-2","15":"pa_size-xl-2","17":"first","18":"instock","19":"taxable","20":"shipping-taxable","21":"purchasable","22":"product-type-variable"},"yoast_head":"<!-- This site is optimized with the Yoast SEO plugin v27.2 - https:\/\/yoast.com\/product\/yoast-seo-wordpress\/ -->\n<title>Helikon-Tex\u00ae WOODSMAN Anorak jope - Outdoors<\/title>\n<meta name=\"robots\" content=\"index, follow, max-snippet:-1, max-image-preview:large, max-video-preview:-1\" \/>\n<link rel=\"canonical\" href=\"https:\/\/www.outdoors.ee\/et\/toode\/woodsman-anorak-jope\/\" \/>\n<meta property=\"og:locale\" content=\"et_EE\" \/>\n<meta property=\"og:type\" content=\"article\" \/>\n<meta property=\"og:title\" content=\"Helikon-Tex\u00ae WOODSMAN Anorak jope - Outdoors\" \/>\n<meta property=\"og:description\" content=\"Kaasaaegne Bushcraft jope pikemaks \u00f5ues tegutsemiseks v\u00f5i seljakotimatkaks Woodsman anoraki esiosa on toodetud DuraCanvas\u00ae kangast, mis s\u00e4demekindel ning piisavalt vastupidav\" \/>\n<meta property=\"og:url\" content=\"https:\/\/www.outdoors.ee\/et\/toode\/woodsman-anorak-jope\/\" \/>\n<meta property=\"og:site_name\" content=\"Outdoors\" \/>\n<meta property=\"article:modified_time\" content=\"2026-04-09T13:10:02+00:00\" \/>\n<meta property=\"og:image\" content=\"https:\/\/www.outdoors.ee\/wp-content\/uploads\/2022\/09\/Helikon-Tex\u00ae-Woodsman-Anorak-Jacket-Coyote-Ash-Grey.jpg\" \/>\n\t<meta property=\"og:image:width\" content=\"1500\" \/>\n\t<meta property=\"og:image:height\" content=\"1500\" \/>\n\t<meta property=\"og:image:type\" content=\"image\/jpeg\" \/>\n<meta name=\"twitter:card\" content=\"summary_large_image\" \/>\n<meta name=\"twitter:label1\" content=\"Est. reading time\" \/>\n\t<meta name=\"twitter:data1\" content=\"1 minut\" \/>\n<script type=\"application\/ld+json\" class=\"yoast-schema-graph\">{\"@context\":\"https:\/\/schema.org\",\"@graph\":[{\"@type\":\"WebPage\",\"@id\":\"https:\/\/www.outdoors.ee\/et\/toode\/woodsman-anorak-jope\/\",\"url\":\"https:\/\/www.outdoors.ee\/et\/toode\/woodsman-anorak-jope\/\",\"name\":\"Helikon-Tex\u00ae WOODSMAN Anorak jope - Outdoors\",\"isPartOf\":{\"@id\":\"https:\/\/www.outdoors.ee\/#website\"},\"primaryImageOfPage\":{\"@id\":\"https:\/\/www.outdoors.ee\/et\/toode\/woodsman-anorak-jope\/#primaryimage\"},\"image\":{\"@id\":\"https:\/\/www.outdoors.ee\/et\/toode\/woodsman-anorak-jope\/#primaryimage\"},\"thumbnailUrl\":\"https:\/\/www.outdoors.ee\/wp-content\/uploads\/2022\/09\/Helikon-Tex\u00ae-Woodsman-Anorak-Jacket-Coyote-Ash-Grey.jpg\",\"datePublished\":\"2022-09-29T07:05:35+00:00\",\"dateModified\":\"2026-04-09T13:10:02+00:00\",\"breadcrumb\":{\"@id\":\"https:\/\/www.outdoors.ee\/et\/toode\/woodsman-anorak-jope\/#breadcrumb\"},\"inLanguage\":\"et\",\"potentialAction\":[{\"@type\":\"ReadAction\",\"target\":[\"https:\/\/www.outdoors.ee\/et\/toode\/woodsman-anorak-jope\/\"]}]},{\"@type\":\"ImageObject\",\"inLanguage\":\"et\",\"@id\":\"https:\/\/www.outdoors.ee\/et\/toode\/woodsman-anorak-jope\/#primaryimage\",\"url\":\"https:\/\/www.outdoors.ee\/wp-content\/uploads\/2022\/09\/Helikon-Tex\u00ae-Woodsman-Anorak-Jacket-Coyote-Ash-Grey.jpg\",\"contentUrl\":\"https:\/\/www.outdoors.ee\/wp-content\/uploads\/2022\/09\/Helikon-Tex\u00ae-Woodsman-Anorak-Jacket-Coyote-Ash-Grey.jpg\",\"width\":1500,\"height\":1500},{\"@type\":\"BreadcrumbList\",\"@id\":\"https:\/\/www.outdoors.ee\/et\/toode\/woodsman-anorak-jope\/#breadcrumb\",\"itemListElement\":[{\"@type\":\"ListItem\",\"position\":1,\"name\":\"Home\",\"item\":\"https:\/\/www.outdoors.ee\/et\/\"},{\"@type\":\"ListItem\",\"position\":2,\"name\":\"Tooted\",\"item\":\"https:\/\/www.outdoors.ee\/products\/\"},{\"@type\":\"ListItem\",\"position\":3,\"name\":\"Helikon-Tex\u00ae WOODSMAN Anorak jope\"}]},{\"@type\":\"WebSite\",\"@id\":\"https:\/\/www.outdoors.ee\/#website\",\"url\":\"https:\/\/www.outdoors.ee\/\",\"name\":\"Outdoors\",\"description\":\"Genuine military surplus and not only!\",\"potentialAction\":[{\"@type\":\"SearchAction\",\"target\":{\"@type\":\"EntryPoint\",\"urlTemplate\":\"https:\/\/www.outdoors.ee\/?s={search_term_string}\"},\"query-input\":{\"@type\":\"PropertyValueSpecification\",\"valueRequired\":true,\"valueName\":\"search_term_string\"}}],\"inLanguage\":\"et\"}]}<\/script>\n<!-- \/ Yoast SEO plugin. -->","yoast_head_json":{"title":"Helikon-Tex\u00ae WOODSMAN Anorak jope - Outdoors","robots":{"index":"index","follow":"follow","max-snippet":"max-snippet:-1","max-image-preview":"max-image-preview:large","max-video-preview":"max-video-preview:-1"},"canonical":"https:\/\/www.outdoors.ee\/et\/toode\/woodsman-anorak-jope\/","og_locale":"et_EE","og_type":"article","og_title":"Helikon-Tex\u00ae WOODSMAN Anorak jope - Outdoors","og_description":"Kaasaaegne Bushcraft jope pikemaks \u00f5ues tegutsemiseks v\u00f5i seljakotimatkaks Woodsman anoraki esiosa on toodetud DuraCanvas\u00ae kangast, mis s\u00e4demekindel ning piisavalt vastupidav","og_url":"https:\/\/www.outdoors.ee\/et\/toode\/woodsman-anorak-jope\/","og_site_name":"Outdoors","article_modified_time":"2026-04-09T13:10:02+00:00","og_image":[{"width":1500,"height":1500,"url":"https:\/\/www.outdoors.ee\/wp-content\/uploads\/2022\/09\/Helikon-Tex\u00ae-Woodsman-Anorak-Jacket-Coyote-Ash-Grey.jpg","type":"image\/jpeg"}],"twitter_card":"summary_large_image","twitter_misc":{"Est. reading time":"1 minut"},"schema":{"@context":"https:\/\/schema.org","@graph":[{"@type":"WebPage","@id":"https:\/\/www.outdoors.ee\/et\/toode\/woodsman-anorak-jope\/","url":"https:\/\/www.outdoors.ee\/et\/toode\/woodsman-anorak-jope\/","name":"Helikon-Tex\u00ae WOODSMAN Anorak jope - Outdoors","isPartOf":{"@id":"https:\/\/www.outdoors.ee\/#website"},"primaryImageOfPage":{"@id":"https:\/\/www.outdoors.ee\/et\/toode\/woodsman-anorak-jope\/#primaryimage"},"image":{"@id":"https:\/\/www.outdoors.ee\/et\/toode\/woodsman-anorak-jope\/#primaryimage"},"thumbnailUrl":"https:\/\/www.outdoors.ee\/wp-content\/uploads\/2022\/09\/Helikon-Tex\u00ae-Woodsman-Anorak-Jacket-Coyote-Ash-Grey.jpg","datePublished":"2022-09-29T07:05:35+00:00","dateModified":"2026-04-09T13:10:02+00:00","breadcrumb":{"@id":"https:\/\/www.outdoors.ee\/et\/toode\/woodsman-anorak-jope\/#breadcrumb"},"inLanguage":"et","potentialAction":[{"@type":"ReadAction","target":["https:\/\/www.outdoors.ee\/et\/toode\/woodsman-anorak-jope\/"]}]},{"@type":"ImageObject","inLanguage":"et","@id":"https:\/\/www.outdoors.ee\/et\/toode\/woodsman-anorak-jope\/#primaryimage","url":"https:\/\/www.outdoors.ee\/wp-content\/uploads\/2022\/09\/Helikon-Tex\u00ae-Woodsman-Anorak-Jacket-Coyote-Ash-Grey.jpg","contentUrl":"https:\/\/www.outdoors.ee\/wp-content\/uploads\/2022\/09\/Helikon-Tex\u00ae-Woodsman-Anorak-Jacket-Coyote-Ash-Grey.jpg","width":1500,"height":1500},{"@type":"BreadcrumbList","@id":"https:\/\/www.outdoors.ee\/et\/toode\/woodsman-anorak-jope\/#breadcrumb","itemListElement":[{"@type":"ListItem","position":1,"name":"Home","item":"https:\/\/www.outdoors.ee\/et\/"},{"@type":"ListItem","position":2,"name":"Tooted","item":"https:\/\/www.outdoors.ee\/products\/"},{"@type":"ListItem","position":3,"name":"Helikon-Tex\u00ae WOODSMAN Anorak jope"}]},{"@type":"WebSite","@id":"https:\/\/www.outdoors.ee\/#website","url":"https:\/\/www.outdoors.ee\/","name":"Outdoors","description":"Genuine military surplus and not only!","potentialAction":[{"@type":"SearchAction","target":{"@type":"EntryPoint","urlTemplate":"https:\/\/www.outdoors.ee\/?s={search_term_string}"},"query-input":{"@type":"PropertyValueSpecification","valueRequired":true,"valueName":"search_term_string"}}],"inLanguage":"et"}]}},"_links":{"self":[{"href":"https:\/\/www.outdoors.ee\/et\/wp-json\/wp\/v2\/product\/73258","targetHints":{"allow":["GET"]}}],"collection":[{"href":"https:\/\/www.outdoors.ee\/et\/wp-json\/wp\/v2\/product"}],"about":[{"href":"https:\/\/www.outdoors.ee\/et\/wp-json\/wp\/v2\/types\/product"}],"wp:featuredmedia":[{"embeddable":true,"href":"https:\/\/www.outdoors.ee\/et\/wp-json\/wp\/v2\/media\/102237"}],"wp:attachment":[{"href":"https:\/\/www.outdoors.ee\/et\/wp-json\/wp\/v2\/media?parent=73258"}],"wp:term":[{"taxonomy":"product_brand","embeddable":true,"href":"https:\/\/www.outdoors.ee\/et\/wp-json\/wp\/v2\/product_brand?post=73258"},{"taxonomy":"product_cat","embeddable":true,"href":"https:\/\/www.outdoors.ee\/et\/wp-json\/wp\/v2\/product_cat?post=73258"},{"taxonomy":"product_tag","embeddable":true,"href":"https:\/\/www.outdoors.ee\/et\/wp-json\/wp\/v2\/product_tag?post=73258"}],"curies":[{"name":"wp","href":"https:\/\/api.w.org\/{rel}","templated":true}]}}