{"id":73198,"date":"2022-09-29T09:33:15","date_gmt":"2022-09-29T06:33:15","guid":{"rendered":"https:\/\/www.outdoors.ee\/?post_type=product&#038;p=73198"},"modified":"2026-03-09T09:01:05","modified_gmt":"2026-03-09T07:01:05","slug":"taktikalised-puksid-greyman-tactical-pants-duracanvas","status":"publish","type":"product","link":"https:\/\/www.outdoors.ee\/et\/toode\/taktikalised-puksid-greyman-tactical-pants-duracanvas\/","title":{"rendered":"Helikon-Tex\u00ae taktikalised p\u00fcksid Greyman Pants"},"content":{"rendered":"<p>Greyman Tactical p\u00fcksid on taktikaliste omaduste ning tsiviilv\u00e4ljan\u00e4gemise kooslus.<\/p>\n<p><strong>Omadused:<\/strong><\/p>\n<ul>\n<li>veniv, takjapaelaga suletav v\u00f6\u00f6koht<\/li>\n<li>p\u00fcksirihma aasad rihmadele laiusega kuni 50mm<\/li>\n<li>2 klassikalist k\u00e4etaskut tugevdatud servadega<\/li>\n<li>2 v\u00e4iksemat taskut ees<\/li>\n<li>4 tagataskut<\/li>\n<li>YKK\u00ae t\u00f5mblukud<\/li>\n<li>materjal: 65% pol\u00fcester, 33% puuvill, 2% elastaan. 230 g\/m2<\/li>\n<li>kaal 448g<\/li>\n<\/ul>\n<p><strong>Seisukord:<\/strong> uus<\/p>\n","protected":false},"excerpt":{"rendered":"<p>Greyman Tactical p\u00fcksid on taktikaliste omaduste ning tsiviilv\u00e4ljan\u00e4gemise kooslus. Omadused: veniv, takjapaelaga suletav v\u00f6\u00f6koht p\u00fcksirihma aasad rihmadele laiusega kuni 50mm<\/p>\n","protected":false},"featured_media":73187,"template":"","meta":[],"product_brand":[],"product_cat":[111],"product_tag":[],"class_list":{"0":"post-73198","1":"product","2":"type-product","3":"status-publish","4":"has-post-thumbnail","6":"product_cat-puksid","7":"pa_brand-helikon-tex","8":"pa_color-ash-grey-2","9":"pa_color-black-2","10":"pa_color-coyote-2","11":"pa_color-taiga-green-2","12":"pa_size-large-long-34-34-2","13":"pa_size-large-regular-34-32-2","14":"pa_size-medium-long-32-34-2","15":"pa_size-medium-regular-32-32-2","16":"pa_size-xlarge-long-36-34-2","17":"pa_size-xlarge-regular-36-32-2","19":"first","20":"instock","21":"taxable","22":"shipping-taxable","23":"purchasable","24":"product-type-variable"},"yoast_head":"<!-- This site is optimized with the Yoast SEO plugin v27.2 - https:\/\/yoast.com\/product\/yoast-seo-wordpress\/ -->\n<title>Helikon-Tex\u00ae taktikalised p\u00fcksid Greyman Pants - Outdoors<\/title>\n<meta name=\"robots\" content=\"index, follow, max-snippet:-1, max-image-preview:large, max-video-preview:-1\" \/>\n<link rel=\"canonical\" href=\"https:\/\/www.outdoors.ee\/et\/toode\/taktikalised-puksid-greyman-tactical-pants-duracanvas\/\" \/>\n<meta property=\"og:locale\" content=\"et_EE\" \/>\n<meta property=\"og:type\" content=\"article\" \/>\n<meta property=\"og:title\" content=\"Helikon-Tex\u00ae taktikalised p\u00fcksid Greyman Pants - Outdoors\" \/>\n<meta property=\"og:description\" content=\"Greyman Tactical p\u00fcksid on taktikaliste omaduste ning tsiviilv\u00e4ljan\u00e4gemise kooslus. Omadused: veniv, takjapaelaga suletav v\u00f6\u00f6koht p\u00fcksirihma aasad rihmadele laiusega kuni 50mm\" \/>\n<meta property=\"og:url\" content=\"https:\/\/www.outdoors.ee\/et\/toode\/taktikalised-puksid-greyman-tactical-pants-duracanvas\/\" \/>\n<meta property=\"og:site_name\" content=\"Outdoors\" \/>\n<meta property=\"article:modified_time\" content=\"2026-03-09T07:01:05+00:00\" \/>\n<meta property=\"og:image\" content=\"https:\/\/www.outdoors.ee\/wp-content\/uploads\/2022\/09\/Helikon-Tex\u00ae-Greyman-Tactical-Pants\u00ae-Duracanvas-9.jpeg\" \/>\n\t<meta property=\"og:image:width\" content=\"1500\" \/>\n\t<meta property=\"og:image:height\" content=\"1500\" \/>\n\t<meta property=\"og:image:type\" content=\"image\/jpeg\" \/>\n<meta name=\"twitter:card\" content=\"summary_large_image\" \/>\n<meta name=\"twitter:label1\" content=\"Est. reading time\" \/>\n\t<meta name=\"twitter:data1\" content=\"1 minut\" \/>\n<script type=\"application\/ld+json\" class=\"yoast-schema-graph\">{\"@context\":\"https:\/\/schema.org\",\"@graph\":[{\"@type\":\"WebPage\",\"@id\":\"https:\/\/www.outdoors.ee\/et\/toode\/taktikalised-puksid-greyman-tactical-pants-duracanvas\/\",\"url\":\"https:\/\/www.outdoors.ee\/et\/toode\/taktikalised-puksid-greyman-tactical-pants-duracanvas\/\",\"name\":\"Helikon-Tex\u00ae taktikalised p\u00fcksid Greyman Pants - Outdoors\",\"isPartOf\":{\"@id\":\"https:\/\/www.outdoors.ee\/#website\"},\"primaryImageOfPage\":{\"@id\":\"https:\/\/www.outdoors.ee\/et\/toode\/taktikalised-puksid-greyman-tactical-pants-duracanvas\/#primaryimage\"},\"image\":{\"@id\":\"https:\/\/www.outdoors.ee\/et\/toode\/taktikalised-puksid-greyman-tactical-pants-duracanvas\/#primaryimage\"},\"thumbnailUrl\":\"https:\/\/www.outdoors.ee\/wp-content\/uploads\/2022\/09\/Helikon-Tex\u00ae-Greyman-Tactical-Pants\u00ae-Duracanvas-9.jpeg\",\"datePublished\":\"2022-09-29T06:33:15+00:00\",\"dateModified\":\"2026-03-09T07:01:05+00:00\",\"breadcrumb\":{\"@id\":\"https:\/\/www.outdoors.ee\/et\/toode\/taktikalised-puksid-greyman-tactical-pants-duracanvas\/#breadcrumb\"},\"inLanguage\":\"et\",\"potentialAction\":[{\"@type\":\"ReadAction\",\"target\":[\"https:\/\/www.outdoors.ee\/et\/toode\/taktikalised-puksid-greyman-tactical-pants-duracanvas\/\"]}]},{\"@type\":\"ImageObject\",\"inLanguage\":\"et\",\"@id\":\"https:\/\/www.outdoors.ee\/et\/toode\/taktikalised-puksid-greyman-tactical-pants-duracanvas\/#primaryimage\",\"url\":\"https:\/\/www.outdoors.ee\/wp-content\/uploads\/2022\/09\/Helikon-Tex\u00ae-Greyman-Tactical-Pants\u00ae-Duracanvas-9.jpeg\",\"contentUrl\":\"https:\/\/www.outdoors.ee\/wp-content\/uploads\/2022\/09\/Helikon-Tex\u00ae-Greyman-Tactical-Pants\u00ae-Duracanvas-9.jpeg\",\"width\":1500,\"height\":1500},{\"@type\":\"BreadcrumbList\",\"@id\":\"https:\/\/www.outdoors.ee\/et\/toode\/taktikalised-puksid-greyman-tactical-pants-duracanvas\/#breadcrumb\",\"itemListElement\":[{\"@type\":\"ListItem\",\"position\":1,\"name\":\"Home\",\"item\":\"https:\/\/www.outdoors.ee\/et\/\"},{\"@type\":\"ListItem\",\"position\":2,\"name\":\"Tooted\",\"item\":\"https:\/\/www.outdoors.ee\/products\/\"},{\"@type\":\"ListItem\",\"position\":3,\"name\":\"Helikon-Tex\u00ae taktikalised p\u00fcksid Greyman Pants\"}]},{\"@type\":\"WebSite\",\"@id\":\"https:\/\/www.outdoors.ee\/#website\",\"url\":\"https:\/\/www.outdoors.ee\/\",\"name\":\"Outdoors\",\"description\":\"Genuine military surplus and not only!\",\"potentialAction\":[{\"@type\":\"SearchAction\",\"target\":{\"@type\":\"EntryPoint\",\"urlTemplate\":\"https:\/\/www.outdoors.ee\/?s={search_term_string}\"},\"query-input\":{\"@type\":\"PropertyValueSpecification\",\"valueRequired\":true,\"valueName\":\"search_term_string\"}}],\"inLanguage\":\"et\"}]}<\/script>\n<!-- \/ Yoast SEO plugin. -->","yoast_head_json":{"title":"Helikon-Tex\u00ae taktikalised p\u00fcksid Greyman Pants - Outdoors","robots":{"index":"index","follow":"follow","max-snippet":"max-snippet:-1","max-image-preview":"max-image-preview:large","max-video-preview":"max-video-preview:-1"},"canonical":"https:\/\/www.outdoors.ee\/et\/toode\/taktikalised-puksid-greyman-tactical-pants-duracanvas\/","og_locale":"et_EE","og_type":"article","og_title":"Helikon-Tex\u00ae taktikalised p\u00fcksid Greyman Pants - Outdoors","og_description":"Greyman Tactical p\u00fcksid on taktikaliste omaduste ning tsiviilv\u00e4ljan\u00e4gemise kooslus. Omadused: veniv, takjapaelaga suletav v\u00f6\u00f6koht p\u00fcksirihma aasad rihmadele laiusega kuni 50mm","og_url":"https:\/\/www.outdoors.ee\/et\/toode\/taktikalised-puksid-greyman-tactical-pants-duracanvas\/","og_site_name":"Outdoors","article_modified_time":"2026-03-09T07:01:05+00:00","og_image":[{"width":1500,"height":1500,"url":"https:\/\/www.outdoors.ee\/wp-content\/uploads\/2022\/09\/Helikon-Tex\u00ae-Greyman-Tactical-Pants\u00ae-Duracanvas-9.jpeg","type":"image\/jpeg"}],"twitter_card":"summary_large_image","twitter_misc":{"Est. reading time":"1 minut"},"schema":{"@context":"https:\/\/schema.org","@graph":[{"@type":"WebPage","@id":"https:\/\/www.outdoors.ee\/et\/toode\/taktikalised-puksid-greyman-tactical-pants-duracanvas\/","url":"https:\/\/www.outdoors.ee\/et\/toode\/taktikalised-puksid-greyman-tactical-pants-duracanvas\/","name":"Helikon-Tex\u00ae taktikalised p\u00fcksid Greyman Pants - Outdoors","isPartOf":{"@id":"https:\/\/www.outdoors.ee\/#website"},"primaryImageOfPage":{"@id":"https:\/\/www.outdoors.ee\/et\/toode\/taktikalised-puksid-greyman-tactical-pants-duracanvas\/#primaryimage"},"image":{"@id":"https:\/\/www.outdoors.ee\/et\/toode\/taktikalised-puksid-greyman-tactical-pants-duracanvas\/#primaryimage"},"thumbnailUrl":"https:\/\/www.outdoors.ee\/wp-content\/uploads\/2022\/09\/Helikon-Tex\u00ae-Greyman-Tactical-Pants\u00ae-Duracanvas-9.jpeg","datePublished":"2022-09-29T06:33:15+00:00","dateModified":"2026-03-09T07:01:05+00:00","breadcrumb":{"@id":"https:\/\/www.outdoors.ee\/et\/toode\/taktikalised-puksid-greyman-tactical-pants-duracanvas\/#breadcrumb"},"inLanguage":"et","potentialAction":[{"@type":"ReadAction","target":["https:\/\/www.outdoors.ee\/et\/toode\/taktikalised-puksid-greyman-tactical-pants-duracanvas\/"]}]},{"@type":"ImageObject","inLanguage":"et","@id":"https:\/\/www.outdoors.ee\/et\/toode\/taktikalised-puksid-greyman-tactical-pants-duracanvas\/#primaryimage","url":"https:\/\/www.outdoors.ee\/wp-content\/uploads\/2022\/09\/Helikon-Tex\u00ae-Greyman-Tactical-Pants\u00ae-Duracanvas-9.jpeg","contentUrl":"https:\/\/www.outdoors.ee\/wp-content\/uploads\/2022\/09\/Helikon-Tex\u00ae-Greyman-Tactical-Pants\u00ae-Duracanvas-9.jpeg","width":1500,"height":1500},{"@type":"BreadcrumbList","@id":"https:\/\/www.outdoors.ee\/et\/toode\/taktikalised-puksid-greyman-tactical-pants-duracanvas\/#breadcrumb","itemListElement":[{"@type":"ListItem","position":1,"name":"Home","item":"https:\/\/www.outdoors.ee\/et\/"},{"@type":"ListItem","position":2,"name":"Tooted","item":"https:\/\/www.outdoors.ee\/products\/"},{"@type":"ListItem","position":3,"name":"Helikon-Tex\u00ae taktikalised p\u00fcksid Greyman Pants"}]},{"@type":"WebSite","@id":"https:\/\/www.outdoors.ee\/#website","url":"https:\/\/www.outdoors.ee\/","name":"Outdoors","description":"Genuine military surplus and not only!","potentialAction":[{"@type":"SearchAction","target":{"@type":"EntryPoint","urlTemplate":"https:\/\/www.outdoors.ee\/?s={search_term_string}"},"query-input":{"@type":"PropertyValueSpecification","valueRequired":true,"valueName":"search_term_string"}}],"inLanguage":"et"}]}},"_links":{"self":[{"href":"https:\/\/www.outdoors.ee\/et\/wp-json\/wp\/v2\/product\/73198","targetHints":{"allow":["GET"]}}],"collection":[{"href":"https:\/\/www.outdoors.ee\/et\/wp-json\/wp\/v2\/product"}],"about":[{"href":"https:\/\/www.outdoors.ee\/et\/wp-json\/wp\/v2\/types\/product"}],"wp:featuredmedia":[{"embeddable":true,"href":"https:\/\/www.outdoors.ee\/et\/wp-json\/wp\/v2\/media\/73187"}],"wp:attachment":[{"href":"https:\/\/www.outdoors.ee\/et\/wp-json\/wp\/v2\/media?parent=73198"}],"wp:term":[{"taxonomy":"product_brand","embeddable":true,"href":"https:\/\/www.outdoors.ee\/et\/wp-json\/wp\/v2\/product_brand?post=73198"},{"taxonomy":"product_cat","embeddable":true,"href":"https:\/\/www.outdoors.ee\/et\/wp-json\/wp\/v2\/product_cat?post=73198"},{"taxonomy":"product_tag","embeddable":true,"href":"https:\/\/www.outdoors.ee\/et\/wp-json\/wp\/v2\/product_tag?post=73198"}],"curies":[{"name":"wp","href":"https:\/\/api.w.org\/{rel}","templated":true}]}}