{"id":73028,"date":"2022-09-27T14:06:06","date_gmt":"2022-09-27T11:06:06","guid":{"rendered":"https:\/\/www.outdoors.ee\/?post_type=product&#038;p=73028"},"modified":"2025-08-26T15:38:43","modified_gmt":"2025-08-26T12:38:43","slug":"softshell-jope-trooper-jacket-stormstretch","status":"publish","type":"product","link":"https:\/\/www.outdoors.ee\/et\/toode\/softshell-jope-trooper-jacket-stormstretch\/","title":{"rendered":"Helikon-Tex\u00ae softshell jope TROOPER Jacket &#8211; Stormstretch\u00ae"},"content":{"rendered":"<p>Trooper on \u00f5huke ning \u00e4\u00e4rmiselt kerge softshell jope, teatud m\u00f5ttes Helikon-Tex Gunfighter\u00b4i jope v\u00e4ikevend. Kasutatav pealiskihina v\u00f5i eraldi jopena. Pakub kaitset tuule ning kerge vihma eest, olles v\u00e4ga hingav. Kraesse kahesuunalise t\u00f5mbluku abil kokkupandav kapuuts on kergesti ligip\u00e4\u00e4setav ning reguleeritav. Jopel on kokku seitse taskut.<\/p>\n<p><strong>Omadused:<\/strong><\/p>\n<ul>\n<li>kahesuunaline, l\u00f5uakaitsmega YKK<sup>\u00ae\u00a0<\/sup>\u00a0t\u00f5mblukk<\/li>\n<li>v\u00e4ga hingav<\/li>\n<li>kerge ja kompaktne<\/li>\n<li>kraesse kokkupandav kapuuts<\/li>\n<li>kaenlaaluse tuulutus t\u00f5mblukuga<\/li>\n<li>t\u00f5mblukkudega taskud k\u00e4istel, takjapaneelid peal ning juhtmeava sees<\/li>\n<li>suur tasku all taga, t\u00f5mblukuga m\u00f5lemalt poolt<\/li>\n<li>kaks v\u00e4limist rinnataskut t\u00f5mblukkudega<\/li>\n<li>t\u00f5mblukuga v\u00e4ike tasku vasakul varrukal<\/li>\n<li>tugevdused k\u00fc\u00fcnarnukkide piirkonnas<\/li>\n<li>takjapaela abil reguleeritavad mansetid<\/li>\n<li>alumise \u00e4\u00e4re pingutusn\u00f6\u00f6r<\/li>\n<li>anatoomiline l\u00f5ige<\/li>\n<li>materjal: 98% nailon, 2% elastaan. 145g\/m2<\/li>\n<li>kaal 713g<\/li>\n<\/ul>\n<p><strong>Seisukord:<\/strong> uus<\/p>\n","protected":false},"excerpt":{"rendered":"<p>Trooper on \u00f5huke ning \u00e4\u00e4rmiselt kerge softshell jope, teatud m\u00f5ttes Helikon-Tex Gunfighter\u00b4i jope v\u00e4ikevend. Kasutatav pealiskihina v\u00f5i eraldi jopena. Pakub<\/p>\n","protected":false},"featured_media":73009,"template":"","meta":[],"product_brand":[],"product_cat":[101],"product_tag":[],"class_list":{"0":"post-73028","1":"product","2":"type-product","3":"status-publish","4":"has-post-thumbnail","6":"product_cat-joped-parkad","7":"pa_brand-helikon-tex","8":"pa_color-alpha-green-3","9":"pa_color-black-2","10":"pa_color-coyote-2","11":"pa_color-mud-brown-2","12":"pa_color-olive-green-2","13":"pa_color-shadow-grey-2","14":"pa_size-l-2","15":"pa_size-m-2","16":"pa_size-xl-2","18":"first","19":"instock","20":"taxable","21":"shipping-taxable","22":"purchasable","23":"product-type-variable"},"yoast_head":"<!-- This site is optimized with the Yoast SEO plugin v27.2 - https:\/\/yoast.com\/product\/yoast-seo-wordpress\/ -->\n<title>Helikon-Tex\u00ae softshell jope TROOPER Jacket - Stormstretch\u00ae - Outdoors<\/title>\n<meta name=\"robots\" content=\"index, follow, max-snippet:-1, max-image-preview:large, max-video-preview:-1\" \/>\n<link rel=\"canonical\" href=\"https:\/\/www.outdoors.ee\/et\/toode\/softshell-jope-trooper-jacket-stormstretch\/\" \/>\n<meta property=\"og:locale\" content=\"et_EE\" \/>\n<meta property=\"og:type\" content=\"article\" \/>\n<meta property=\"og:title\" content=\"Helikon-Tex\u00ae softshell jope TROOPER Jacket - Stormstretch\u00ae - Outdoors\" \/>\n<meta property=\"og:description\" content=\"Trooper on \u00f5huke ning \u00e4\u00e4rmiselt kerge softshell jope, teatud m\u00f5ttes Helikon-Tex Gunfighter\u00b4i jope v\u00e4ikevend. Kasutatav pealiskihina v\u00f5i eraldi jopena. Pakub\" \/>\n<meta property=\"og:url\" content=\"https:\/\/www.outdoors.ee\/et\/toode\/softshell-jope-trooper-jacket-stormstretch\/\" \/>\n<meta property=\"og:site_name\" content=\"Outdoors\" \/>\n<meta property=\"article:modified_time\" content=\"2025-08-26T12:38:43+00:00\" \/>\n<meta property=\"og:image\" content=\"https:\/\/www.outdoors.ee\/wp-content\/uploads\/2022\/09\/Helikon-Tex\u00ae-Trooper-Jacket-Stormstretch\u00ae-4.jpg\" \/>\n\t<meta property=\"og:image:width\" content=\"1500\" \/>\n\t<meta property=\"og:image:height\" content=\"1500\" \/>\n\t<meta property=\"og:image:type\" content=\"image\/jpeg\" \/>\n<meta name=\"twitter:card\" content=\"summary_large_image\" \/>\n<meta name=\"twitter:label1\" content=\"Est. reading time\" \/>\n\t<meta name=\"twitter:data1\" content=\"1 minut\" \/>\n<script type=\"application\/ld+json\" class=\"yoast-schema-graph\">{\"@context\":\"https:\/\/schema.org\",\"@graph\":[{\"@type\":\"WebPage\",\"@id\":\"https:\/\/www.outdoors.ee\/et\/toode\/softshell-jope-trooper-jacket-stormstretch\/\",\"url\":\"https:\/\/www.outdoors.ee\/et\/toode\/softshell-jope-trooper-jacket-stormstretch\/\",\"name\":\"Helikon-Tex\u00ae softshell jope TROOPER Jacket - Stormstretch\u00ae - Outdoors\",\"isPartOf\":{\"@id\":\"https:\/\/www.outdoors.ee\/#website\"},\"primaryImageOfPage\":{\"@id\":\"https:\/\/www.outdoors.ee\/et\/toode\/softshell-jope-trooper-jacket-stormstretch\/#primaryimage\"},\"image\":{\"@id\":\"https:\/\/www.outdoors.ee\/et\/toode\/softshell-jope-trooper-jacket-stormstretch\/#primaryimage\"},\"thumbnailUrl\":\"https:\/\/www.outdoors.ee\/wp-content\/uploads\/2022\/09\/Helikon-Tex\u00ae-Trooper-Jacket-Stormstretch\u00ae-4.jpg\",\"datePublished\":\"2022-09-27T11:06:06+00:00\",\"dateModified\":\"2025-08-26T12:38:43+00:00\",\"breadcrumb\":{\"@id\":\"https:\/\/www.outdoors.ee\/et\/toode\/softshell-jope-trooper-jacket-stormstretch\/#breadcrumb\"},\"inLanguage\":\"et\",\"potentialAction\":[{\"@type\":\"ReadAction\",\"target\":[\"https:\/\/www.outdoors.ee\/et\/toode\/softshell-jope-trooper-jacket-stormstretch\/\"]}]},{\"@type\":\"ImageObject\",\"inLanguage\":\"et\",\"@id\":\"https:\/\/www.outdoors.ee\/et\/toode\/softshell-jope-trooper-jacket-stormstretch\/#primaryimage\",\"url\":\"https:\/\/www.outdoors.ee\/wp-content\/uploads\/2022\/09\/Helikon-Tex\u00ae-Trooper-Jacket-Stormstretch\u00ae-4.jpg\",\"contentUrl\":\"https:\/\/www.outdoors.ee\/wp-content\/uploads\/2022\/09\/Helikon-Tex\u00ae-Trooper-Jacket-Stormstretch\u00ae-4.jpg\",\"width\":1500,\"height\":1500},{\"@type\":\"BreadcrumbList\",\"@id\":\"https:\/\/www.outdoors.ee\/et\/toode\/softshell-jope-trooper-jacket-stormstretch\/#breadcrumb\",\"itemListElement\":[{\"@type\":\"ListItem\",\"position\":1,\"name\":\"Home\",\"item\":\"https:\/\/www.outdoors.ee\/et\/\"},{\"@type\":\"ListItem\",\"position\":2,\"name\":\"Tooted\",\"item\":\"https:\/\/www.outdoors.ee\/products\/\"},{\"@type\":\"ListItem\",\"position\":3,\"name\":\"Helikon-Tex\u00ae softshell jope TROOPER Jacket &#8211; Stormstretch\u00ae\"}]},{\"@type\":\"WebSite\",\"@id\":\"https:\/\/www.outdoors.ee\/#website\",\"url\":\"https:\/\/www.outdoors.ee\/\",\"name\":\"Outdoors\",\"description\":\"Genuine military surplus and not only!\",\"potentialAction\":[{\"@type\":\"SearchAction\",\"target\":{\"@type\":\"EntryPoint\",\"urlTemplate\":\"https:\/\/www.outdoors.ee\/?s={search_term_string}\"},\"query-input\":{\"@type\":\"PropertyValueSpecification\",\"valueRequired\":true,\"valueName\":\"search_term_string\"}}],\"inLanguage\":\"et\"}]}<\/script>\n<!-- \/ Yoast SEO plugin. -->","yoast_head_json":{"title":"Helikon-Tex\u00ae softshell jope TROOPER Jacket - Stormstretch\u00ae - Outdoors","robots":{"index":"index","follow":"follow","max-snippet":"max-snippet:-1","max-image-preview":"max-image-preview:large","max-video-preview":"max-video-preview:-1"},"canonical":"https:\/\/www.outdoors.ee\/et\/toode\/softshell-jope-trooper-jacket-stormstretch\/","og_locale":"et_EE","og_type":"article","og_title":"Helikon-Tex\u00ae softshell jope TROOPER Jacket - Stormstretch\u00ae - Outdoors","og_description":"Trooper on \u00f5huke ning \u00e4\u00e4rmiselt kerge softshell jope, teatud m\u00f5ttes Helikon-Tex Gunfighter\u00b4i jope v\u00e4ikevend. Kasutatav pealiskihina v\u00f5i eraldi jopena. Pakub","og_url":"https:\/\/www.outdoors.ee\/et\/toode\/softshell-jope-trooper-jacket-stormstretch\/","og_site_name":"Outdoors","article_modified_time":"2025-08-26T12:38:43+00:00","og_image":[{"width":1500,"height":1500,"url":"https:\/\/www.outdoors.ee\/wp-content\/uploads\/2022\/09\/Helikon-Tex\u00ae-Trooper-Jacket-Stormstretch\u00ae-4.jpg","type":"image\/jpeg"}],"twitter_card":"summary_large_image","twitter_misc":{"Est. reading time":"1 minut"},"schema":{"@context":"https:\/\/schema.org","@graph":[{"@type":"WebPage","@id":"https:\/\/www.outdoors.ee\/et\/toode\/softshell-jope-trooper-jacket-stormstretch\/","url":"https:\/\/www.outdoors.ee\/et\/toode\/softshell-jope-trooper-jacket-stormstretch\/","name":"Helikon-Tex\u00ae softshell jope TROOPER Jacket - Stormstretch\u00ae - Outdoors","isPartOf":{"@id":"https:\/\/www.outdoors.ee\/#website"},"primaryImageOfPage":{"@id":"https:\/\/www.outdoors.ee\/et\/toode\/softshell-jope-trooper-jacket-stormstretch\/#primaryimage"},"image":{"@id":"https:\/\/www.outdoors.ee\/et\/toode\/softshell-jope-trooper-jacket-stormstretch\/#primaryimage"},"thumbnailUrl":"https:\/\/www.outdoors.ee\/wp-content\/uploads\/2022\/09\/Helikon-Tex\u00ae-Trooper-Jacket-Stormstretch\u00ae-4.jpg","datePublished":"2022-09-27T11:06:06+00:00","dateModified":"2025-08-26T12:38:43+00:00","breadcrumb":{"@id":"https:\/\/www.outdoors.ee\/et\/toode\/softshell-jope-trooper-jacket-stormstretch\/#breadcrumb"},"inLanguage":"et","potentialAction":[{"@type":"ReadAction","target":["https:\/\/www.outdoors.ee\/et\/toode\/softshell-jope-trooper-jacket-stormstretch\/"]}]},{"@type":"ImageObject","inLanguage":"et","@id":"https:\/\/www.outdoors.ee\/et\/toode\/softshell-jope-trooper-jacket-stormstretch\/#primaryimage","url":"https:\/\/www.outdoors.ee\/wp-content\/uploads\/2022\/09\/Helikon-Tex\u00ae-Trooper-Jacket-Stormstretch\u00ae-4.jpg","contentUrl":"https:\/\/www.outdoors.ee\/wp-content\/uploads\/2022\/09\/Helikon-Tex\u00ae-Trooper-Jacket-Stormstretch\u00ae-4.jpg","width":1500,"height":1500},{"@type":"BreadcrumbList","@id":"https:\/\/www.outdoors.ee\/et\/toode\/softshell-jope-trooper-jacket-stormstretch\/#breadcrumb","itemListElement":[{"@type":"ListItem","position":1,"name":"Home","item":"https:\/\/www.outdoors.ee\/et\/"},{"@type":"ListItem","position":2,"name":"Tooted","item":"https:\/\/www.outdoors.ee\/products\/"},{"@type":"ListItem","position":3,"name":"Helikon-Tex\u00ae softshell jope TROOPER Jacket &#8211; Stormstretch\u00ae"}]},{"@type":"WebSite","@id":"https:\/\/www.outdoors.ee\/#website","url":"https:\/\/www.outdoors.ee\/","name":"Outdoors","description":"Genuine military surplus and not only!","potentialAction":[{"@type":"SearchAction","target":{"@type":"EntryPoint","urlTemplate":"https:\/\/www.outdoors.ee\/?s={search_term_string}"},"query-input":{"@type":"PropertyValueSpecification","valueRequired":true,"valueName":"search_term_string"}}],"inLanguage":"et"}]}},"_links":{"self":[{"href":"https:\/\/www.outdoors.ee\/et\/wp-json\/wp\/v2\/product\/73028","targetHints":{"allow":["GET"]}}],"collection":[{"href":"https:\/\/www.outdoors.ee\/et\/wp-json\/wp\/v2\/product"}],"about":[{"href":"https:\/\/www.outdoors.ee\/et\/wp-json\/wp\/v2\/types\/product"}],"wp:featuredmedia":[{"embeddable":true,"href":"https:\/\/www.outdoors.ee\/et\/wp-json\/wp\/v2\/media\/73009"}],"wp:attachment":[{"href":"https:\/\/www.outdoors.ee\/et\/wp-json\/wp\/v2\/media?parent=73028"}],"wp:term":[{"taxonomy":"product_brand","embeddable":true,"href":"https:\/\/www.outdoors.ee\/et\/wp-json\/wp\/v2\/product_brand?post=73028"},{"taxonomy":"product_cat","embeddable":true,"href":"https:\/\/www.outdoors.ee\/et\/wp-json\/wp\/v2\/product_cat?post=73028"},{"taxonomy":"product_tag","embeddable":true,"href":"https:\/\/www.outdoors.ee\/et\/wp-json\/wp\/v2\/product_tag?post=73028"}],"curies":[{"name":"wp","href":"https:\/\/api.w.org\/{rel}","templated":true}]}}