{"id":72917,"date":"2022-09-27T11:31:35","date_gmt":"2022-09-27T08:31:35","guid":{"rendered":"https:\/\/www.outdoors.ee\/?post_type=product&#038;p=72917"},"modified":"2025-08-27T09:58:28","modified_gmt":"2025-08-27T06:58:28","slug":"pilgrim-anorak-jope","status":"publish","type":"product","link":"https:\/\/www.outdoors.ee\/et\/toode\/pilgrim-anorak-jope\/","title":{"rendered":"Helikon-Tex\u00ae PILGRIM Anorak jope"},"content":{"rendered":"<p>Pilgrim\u00ae anorak on m\u00f5eldud aktiivseks v\u00e4litegevuseks kiiresti muutuva ilmastiku tingimustes.\u00a0Arvukad taskud v\u00f5imaldavad varustust mugavalt paigutada, samas kui nende loomulik asetus muudab need pidevalt k\u00e4ttesaadavaks isegi istuvas v\u00f5i p\u00f5lvili adendis. Jope kehaosa on pikendatud, pakkudes kehale rohkem kaitset olenemata kaasasolevast varustusest.\u00a0 &#8220;K\u00e4nguru&#8221; tasku madalam paigutus andis v\u00f5imaluse keskmise t\u00f5mbluku pikendamiseks, v\u00f5imaldamaks vajadusel paremat keha \u00f5hutust\/jahutust.<\/p>\n<p><strong>Omadused:<\/strong><\/p>\n<ul>\n<li>s\u00e4demekindel materjal<\/li>\n<li>kuivab puuvillast kiiremini<\/li>\n<li>allub vetth\u00fclgavale t\u00f6\u00f6tlusele<\/li>\n<li>kinnituskohad taskutes<\/li>\n<li>kolmes erisuunas reguleeritav kapuuts<\/li>\n<li>Kanada t\u00fc\u00fcpi n\u00f6\u00f6bid<\/li>\n<li>YKK\u00ae t\u00f5mblukud<\/li>\n<li>lisasoojustusega keskmine &#8220;k\u00e4nguru&#8221; tasku<\/li>\n<li>materjal: 65% pol\u00fcester, 33% puuvill, 2% elastaan<\/li>\n<li>kaal 1000g<\/li>\n<\/ul>\n<p><strong>Seisukord:<\/strong> uus<\/p>\n","protected":false},"excerpt":{"rendered":"<p>Pilgrim\u00ae anorak on m\u00f5eldud aktiivseks v\u00e4litegevuseks kiiresti muutuva ilmastiku tingimustes.\u00a0Arvukad taskud v\u00f5imaldavad varustust mugavalt paigutada, samas kui nende loomulik asetus<\/p>\n","protected":false},"featured_media":96848,"template":"","meta":[],"product_brand":[],"product_cat":[101],"product_tag":[],"class_list":{"0":"post-72917","1":"product","2":"type-product","3":"status-publish","4":"has-post-thumbnail","6":"product_cat-joped-parkad","7":"pa_brand-helikon-tex","8":"pa_color-black-2","9":"pa_color-coyote-2","10":"pa_color-taiga-green-2","11":"pa_size-l-2","12":"pa_size-m-2","13":"pa_size-xl-2","15":"first","16":"instock","17":"taxable","18":"shipping-taxable","19":"purchasable","20":"product-type-variable"},"yoast_head":"<!-- This site is optimized with the Yoast SEO plugin v27.2 - https:\/\/yoast.com\/product\/yoast-seo-wordpress\/ -->\n<title>Helikon-Tex\u00ae PILGRIM Anorak jope - Outdoors<\/title>\n<meta name=\"robots\" content=\"index, follow, max-snippet:-1, max-image-preview:large, max-video-preview:-1\" \/>\n<link rel=\"canonical\" href=\"https:\/\/www.outdoors.ee\/et\/toode\/pilgrim-anorak-jope\/\" \/>\n<meta property=\"og:locale\" content=\"et_EE\" \/>\n<meta property=\"og:type\" content=\"article\" \/>\n<meta property=\"og:title\" content=\"Helikon-Tex\u00ae PILGRIM Anorak jope - Outdoors\" \/>\n<meta property=\"og:description\" content=\"Pilgrim\u00ae anorak on m\u00f5eldud aktiivseks v\u00e4litegevuseks kiiresti muutuva ilmastiku tingimustes.\u00a0Arvukad taskud v\u00f5imaldavad varustust mugavalt paigutada, samas kui nende loomulik asetus\" \/>\n<meta property=\"og:url\" content=\"https:\/\/www.outdoors.ee\/et\/toode\/pilgrim-anorak-jope\/\" \/>\n<meta property=\"og:site_name\" content=\"Outdoors\" \/>\n<meta property=\"article:modified_time\" content=\"2025-08-27T06:58:28+00:00\" \/>\n<meta property=\"og:image\" content=\"https:\/\/www.outdoors.ee\/wp-content\/uploads\/2022\/09\/Helikon-Tex\u00ae-Pilgrim-Anorak-Jacket\u00ae.jpg\" \/>\n\t<meta property=\"og:image:width\" content=\"1500\" \/>\n\t<meta property=\"og:image:height\" content=\"1500\" \/>\n\t<meta property=\"og:image:type\" content=\"image\/jpeg\" \/>\n<meta name=\"twitter:card\" content=\"summary_large_image\" \/>\n<meta name=\"twitter:label1\" content=\"Est. reading time\" \/>\n\t<meta name=\"twitter:data1\" content=\"1 minut\" \/>\n<script type=\"application\/ld+json\" class=\"yoast-schema-graph\">{\"@context\":\"https:\/\/schema.org\",\"@graph\":[{\"@type\":\"WebPage\",\"@id\":\"https:\/\/www.outdoors.ee\/et\/toode\/pilgrim-anorak-jope\/\",\"url\":\"https:\/\/www.outdoors.ee\/et\/toode\/pilgrim-anorak-jope\/\",\"name\":\"Helikon-Tex\u00ae PILGRIM Anorak jope - Outdoors\",\"isPartOf\":{\"@id\":\"https:\/\/www.outdoors.ee\/#website\"},\"primaryImageOfPage\":{\"@id\":\"https:\/\/www.outdoors.ee\/et\/toode\/pilgrim-anorak-jope\/#primaryimage\"},\"image\":{\"@id\":\"https:\/\/www.outdoors.ee\/et\/toode\/pilgrim-anorak-jope\/#primaryimage\"},\"thumbnailUrl\":\"https:\/\/www.outdoors.ee\/wp-content\/uploads\/2022\/09\/Helikon-Tex\u00ae-Pilgrim-Anorak-Jacket\u00ae.jpg\",\"datePublished\":\"2022-09-27T08:31:35+00:00\",\"dateModified\":\"2025-08-27T06:58:28+00:00\",\"breadcrumb\":{\"@id\":\"https:\/\/www.outdoors.ee\/et\/toode\/pilgrim-anorak-jope\/#breadcrumb\"},\"inLanguage\":\"et\",\"potentialAction\":[{\"@type\":\"ReadAction\",\"target\":[\"https:\/\/www.outdoors.ee\/et\/toode\/pilgrim-anorak-jope\/\"]}]},{\"@type\":\"ImageObject\",\"inLanguage\":\"et\",\"@id\":\"https:\/\/www.outdoors.ee\/et\/toode\/pilgrim-anorak-jope\/#primaryimage\",\"url\":\"https:\/\/www.outdoors.ee\/wp-content\/uploads\/2022\/09\/Helikon-Tex\u00ae-Pilgrim-Anorak-Jacket\u00ae.jpg\",\"contentUrl\":\"https:\/\/www.outdoors.ee\/wp-content\/uploads\/2022\/09\/Helikon-Tex\u00ae-Pilgrim-Anorak-Jacket\u00ae.jpg\",\"width\":1500,\"height\":1500},{\"@type\":\"BreadcrumbList\",\"@id\":\"https:\/\/www.outdoors.ee\/et\/toode\/pilgrim-anorak-jope\/#breadcrumb\",\"itemListElement\":[{\"@type\":\"ListItem\",\"position\":1,\"name\":\"Home\",\"item\":\"https:\/\/www.outdoors.ee\/et\/\"},{\"@type\":\"ListItem\",\"position\":2,\"name\":\"Tooted\",\"item\":\"https:\/\/www.outdoors.ee\/products\/\"},{\"@type\":\"ListItem\",\"position\":3,\"name\":\"Helikon-Tex\u00ae PILGRIM Anorak jope\"}]},{\"@type\":\"WebSite\",\"@id\":\"https:\/\/www.outdoors.ee\/#website\",\"url\":\"https:\/\/www.outdoors.ee\/\",\"name\":\"Outdoors\",\"description\":\"Genuine military surplus and not only!\",\"potentialAction\":[{\"@type\":\"SearchAction\",\"target\":{\"@type\":\"EntryPoint\",\"urlTemplate\":\"https:\/\/www.outdoors.ee\/?s={search_term_string}\"},\"query-input\":{\"@type\":\"PropertyValueSpecification\",\"valueRequired\":true,\"valueName\":\"search_term_string\"}}],\"inLanguage\":\"et\"}]}<\/script>\n<!-- \/ Yoast SEO plugin. -->","yoast_head_json":{"title":"Helikon-Tex\u00ae PILGRIM Anorak jope - Outdoors","robots":{"index":"index","follow":"follow","max-snippet":"max-snippet:-1","max-image-preview":"max-image-preview:large","max-video-preview":"max-video-preview:-1"},"canonical":"https:\/\/www.outdoors.ee\/et\/toode\/pilgrim-anorak-jope\/","og_locale":"et_EE","og_type":"article","og_title":"Helikon-Tex\u00ae PILGRIM Anorak jope - Outdoors","og_description":"Pilgrim\u00ae anorak on m\u00f5eldud aktiivseks v\u00e4litegevuseks kiiresti muutuva ilmastiku tingimustes.\u00a0Arvukad taskud v\u00f5imaldavad varustust mugavalt paigutada, samas kui nende loomulik asetus","og_url":"https:\/\/www.outdoors.ee\/et\/toode\/pilgrim-anorak-jope\/","og_site_name":"Outdoors","article_modified_time":"2025-08-27T06:58:28+00:00","og_image":[{"width":1500,"height":1500,"url":"https:\/\/www.outdoors.ee\/wp-content\/uploads\/2022\/09\/Helikon-Tex\u00ae-Pilgrim-Anorak-Jacket\u00ae.jpg","type":"image\/jpeg"}],"twitter_card":"summary_large_image","twitter_misc":{"Est. reading time":"1 minut"},"schema":{"@context":"https:\/\/schema.org","@graph":[{"@type":"WebPage","@id":"https:\/\/www.outdoors.ee\/et\/toode\/pilgrim-anorak-jope\/","url":"https:\/\/www.outdoors.ee\/et\/toode\/pilgrim-anorak-jope\/","name":"Helikon-Tex\u00ae PILGRIM Anorak jope - Outdoors","isPartOf":{"@id":"https:\/\/www.outdoors.ee\/#website"},"primaryImageOfPage":{"@id":"https:\/\/www.outdoors.ee\/et\/toode\/pilgrim-anorak-jope\/#primaryimage"},"image":{"@id":"https:\/\/www.outdoors.ee\/et\/toode\/pilgrim-anorak-jope\/#primaryimage"},"thumbnailUrl":"https:\/\/www.outdoors.ee\/wp-content\/uploads\/2022\/09\/Helikon-Tex\u00ae-Pilgrim-Anorak-Jacket\u00ae.jpg","datePublished":"2022-09-27T08:31:35+00:00","dateModified":"2025-08-27T06:58:28+00:00","breadcrumb":{"@id":"https:\/\/www.outdoors.ee\/et\/toode\/pilgrim-anorak-jope\/#breadcrumb"},"inLanguage":"et","potentialAction":[{"@type":"ReadAction","target":["https:\/\/www.outdoors.ee\/et\/toode\/pilgrim-anorak-jope\/"]}]},{"@type":"ImageObject","inLanguage":"et","@id":"https:\/\/www.outdoors.ee\/et\/toode\/pilgrim-anorak-jope\/#primaryimage","url":"https:\/\/www.outdoors.ee\/wp-content\/uploads\/2022\/09\/Helikon-Tex\u00ae-Pilgrim-Anorak-Jacket\u00ae.jpg","contentUrl":"https:\/\/www.outdoors.ee\/wp-content\/uploads\/2022\/09\/Helikon-Tex\u00ae-Pilgrim-Anorak-Jacket\u00ae.jpg","width":1500,"height":1500},{"@type":"BreadcrumbList","@id":"https:\/\/www.outdoors.ee\/et\/toode\/pilgrim-anorak-jope\/#breadcrumb","itemListElement":[{"@type":"ListItem","position":1,"name":"Home","item":"https:\/\/www.outdoors.ee\/et\/"},{"@type":"ListItem","position":2,"name":"Tooted","item":"https:\/\/www.outdoors.ee\/products\/"},{"@type":"ListItem","position":3,"name":"Helikon-Tex\u00ae PILGRIM Anorak jope"}]},{"@type":"WebSite","@id":"https:\/\/www.outdoors.ee\/#website","url":"https:\/\/www.outdoors.ee\/","name":"Outdoors","description":"Genuine military surplus and not only!","potentialAction":[{"@type":"SearchAction","target":{"@type":"EntryPoint","urlTemplate":"https:\/\/www.outdoors.ee\/?s={search_term_string}"},"query-input":{"@type":"PropertyValueSpecification","valueRequired":true,"valueName":"search_term_string"}}],"inLanguage":"et"}]}},"_links":{"self":[{"href":"https:\/\/www.outdoors.ee\/et\/wp-json\/wp\/v2\/product\/72917","targetHints":{"allow":["GET"]}}],"collection":[{"href":"https:\/\/www.outdoors.ee\/et\/wp-json\/wp\/v2\/product"}],"about":[{"href":"https:\/\/www.outdoors.ee\/et\/wp-json\/wp\/v2\/types\/product"}],"wp:featuredmedia":[{"embeddable":true,"href":"https:\/\/www.outdoors.ee\/et\/wp-json\/wp\/v2\/media\/96848"}],"wp:attachment":[{"href":"https:\/\/www.outdoors.ee\/et\/wp-json\/wp\/v2\/media?parent=72917"}],"wp:term":[{"taxonomy":"product_brand","embeddable":true,"href":"https:\/\/www.outdoors.ee\/et\/wp-json\/wp\/v2\/product_brand?post=72917"},{"taxonomy":"product_cat","embeddable":true,"href":"https:\/\/www.outdoors.ee\/et\/wp-json\/wp\/v2\/product_cat?post=72917"},{"taxonomy":"product_tag","embeddable":true,"href":"https:\/\/www.outdoors.ee\/et\/wp-json\/wp\/v2\/product_tag?post=72917"}],"curies":[{"name":"wp","href":"https:\/\/api.w.org\/{rel}","templated":true}]}}