{"id":72868,"date":"2022-09-26T15:14:23","date_gmt":"2022-09-26T12:14:43","guid":{"rendered":"https:\/\/www.outdoors.ee\/?post_type=product&#038;p=72868"},"modified":"2026-02-04T00:20:17","modified_gmt":"2026-02-03T22:20:17","slug":"wildo-tulepulk-fire-flash-pro-large","status":"publish","type":"product","link":"https:\/\/www.outdoors.ee\/et\/toode\/wildo-tulepulk-fire-flash-pro-large\/","title":{"rendered":"Wildo\u00ae tulepulk Fire-Flash\u00ae Pro Large"},"content":{"rendered":"<p>Rootsis toodetud t\u00f6\u00f6kindel tulepulk<\/p>\n<p><strong>Omadused:<\/strong><\/p>\n<ul>\n<li>metallist tera<\/li>\n<li>ergonoomiliselt kujundatud<\/li>\n<li>suure l\u00e4bim\u00f5\u00f5duga pikema eluea tagamiseks<\/li>\n<li>suurus: 6,20 x 0.86 cm \/ 2,44 x 0.34 in<\/li>\n<li>kaal 51g<\/li>\n<\/ul>\n<p><strong>Seisukord:<\/strong> uus<\/p>\n","protected":false},"excerpt":{"rendered":"<p>Wildo\u00ae tulepulk Fire-Flash\u00ae Pro Large<\/p>\n","protected":false},"featured_media":72867,"template":"","meta":[],"product_brand":[],"product_cat":[149],"product_tag":[],"class_list":{"0":"post-72868","1":"product","2":"type-product","3":"status-publish","4":"has-post-thumbnail","6":"product_cat-taktikaline-varustus","7":"pa_brand-wildo-3","8":"pa_color-black-2","9":"pa_color-olive-green-2","11":"first","12":"instock","13":"taxable","14":"shipping-taxable","15":"purchasable","16":"product-type-variable"},"yoast_head":"<!-- This site is optimized with the Yoast SEO plugin v27.2 - https:\/\/yoast.com\/product\/yoast-seo-wordpress\/ -->\n<title>Wildo\u00ae tulepulk Fire-Flash\u00ae Pro Large - Outdoors<\/title>\n<meta name=\"robots\" content=\"index, follow, max-snippet:-1, max-image-preview:large, max-video-preview:-1\" \/>\n<link rel=\"canonical\" href=\"https:\/\/www.outdoors.ee\/et\/toode\/wildo-tulepulk-fire-flash-pro-large\/\" \/>\n<meta property=\"og:locale\" content=\"et_EE\" \/>\n<meta property=\"og:type\" content=\"article\" \/>\n<meta property=\"og:title\" content=\"Wildo\u00ae tulepulk Fire-Flash\u00ae Pro Large - Outdoors\" \/>\n<meta property=\"og:description\" content=\"Wildo\u00ae tulepulk Fire-Flash\u00ae Pro Large\" \/>\n<meta property=\"og:url\" content=\"https:\/\/www.outdoors.ee\/et\/toode\/wildo-tulepulk-fire-flash-pro-large\/\" \/>\n<meta property=\"og:site_name\" content=\"Outdoors\" \/>\n<meta property=\"article:modified_time\" content=\"2026-02-03T22:20:17+00:00\" \/>\n<meta property=\"og:image\" content=\"https:\/\/www.outdoors.ee\/wp-content\/uploads\/2022\/09\/Wildo\u00ae-Fire-Flash\u00ae-Pro-Large-2.jpg\" \/>\n\t<meta property=\"og:image:width\" content=\"1500\" \/>\n\t<meta property=\"og:image:height\" content=\"1500\" \/>\n\t<meta property=\"og:image:type\" content=\"image\/jpeg\" \/>\n<meta name=\"twitter:card\" content=\"summary_large_image\" \/>\n<meta name=\"twitter:label1\" content=\"Est. reading time\" \/>\n\t<meta name=\"twitter:data1\" content=\"1 minut\" \/>\n<script type=\"application\/ld+json\" class=\"yoast-schema-graph\">{\"@context\":\"https:\/\/schema.org\",\"@graph\":[{\"@type\":\"WebPage\",\"@id\":\"https:\/\/www.outdoors.ee\/et\/toode\/wildo-tulepulk-fire-flash-pro-large\/\",\"url\":\"https:\/\/www.outdoors.ee\/et\/toode\/wildo-tulepulk-fire-flash-pro-large\/\",\"name\":\"Wildo\u00ae tulepulk Fire-Flash\u00ae Pro Large - Outdoors\",\"isPartOf\":{\"@id\":\"https:\/\/www.outdoors.ee\/#website\"},\"primaryImageOfPage\":{\"@id\":\"https:\/\/www.outdoors.ee\/et\/toode\/wildo-tulepulk-fire-flash-pro-large\/#primaryimage\"},\"image\":{\"@id\":\"https:\/\/www.outdoors.ee\/et\/toode\/wildo-tulepulk-fire-flash-pro-large\/#primaryimage\"},\"thumbnailUrl\":\"https:\/\/www.outdoors.ee\/wp-content\/uploads\/2022\/09\/Wildo\u00ae-Fire-Flash\u00ae-Pro-Large-2.jpg\",\"datePublished\":\"2022-09-26T12:14:43+00:00\",\"dateModified\":\"2026-02-03T22:20:17+00:00\",\"breadcrumb\":{\"@id\":\"https:\/\/www.outdoors.ee\/et\/toode\/wildo-tulepulk-fire-flash-pro-large\/#breadcrumb\"},\"inLanguage\":\"et\",\"potentialAction\":[{\"@type\":\"ReadAction\",\"target\":[\"https:\/\/www.outdoors.ee\/et\/toode\/wildo-tulepulk-fire-flash-pro-large\/\"]}]},{\"@type\":\"ImageObject\",\"inLanguage\":\"et\",\"@id\":\"https:\/\/www.outdoors.ee\/et\/toode\/wildo-tulepulk-fire-flash-pro-large\/#primaryimage\",\"url\":\"https:\/\/www.outdoors.ee\/wp-content\/uploads\/2022\/09\/Wildo\u00ae-Fire-Flash\u00ae-Pro-Large-2.jpg\",\"contentUrl\":\"https:\/\/www.outdoors.ee\/wp-content\/uploads\/2022\/09\/Wildo\u00ae-Fire-Flash\u00ae-Pro-Large-2.jpg\",\"width\":1500,\"height\":1500},{\"@type\":\"BreadcrumbList\",\"@id\":\"https:\/\/www.outdoors.ee\/et\/toode\/wildo-tulepulk-fire-flash-pro-large\/#breadcrumb\",\"itemListElement\":[{\"@type\":\"ListItem\",\"position\":1,\"name\":\"Home\",\"item\":\"https:\/\/www.outdoors.ee\/et\/\"},{\"@type\":\"ListItem\",\"position\":2,\"name\":\"Tooted\",\"item\":\"https:\/\/www.outdoors.ee\/products\/\"},{\"@type\":\"ListItem\",\"position\":3,\"name\":\"Wildo\u00ae tulepulk Fire-Flash\u00ae Pro Large\"}]},{\"@type\":\"WebSite\",\"@id\":\"https:\/\/www.outdoors.ee\/#website\",\"url\":\"https:\/\/www.outdoors.ee\/\",\"name\":\"Outdoors\",\"description\":\"Genuine military surplus and not only!\",\"potentialAction\":[{\"@type\":\"SearchAction\",\"target\":{\"@type\":\"EntryPoint\",\"urlTemplate\":\"https:\/\/www.outdoors.ee\/?s={search_term_string}\"},\"query-input\":{\"@type\":\"PropertyValueSpecification\",\"valueRequired\":true,\"valueName\":\"search_term_string\"}}],\"inLanguage\":\"et\"}]}<\/script>\n<!-- \/ Yoast SEO plugin. -->","yoast_head_json":{"title":"Wildo\u00ae tulepulk Fire-Flash\u00ae Pro Large - Outdoors","robots":{"index":"index","follow":"follow","max-snippet":"max-snippet:-1","max-image-preview":"max-image-preview:large","max-video-preview":"max-video-preview:-1"},"canonical":"https:\/\/www.outdoors.ee\/et\/toode\/wildo-tulepulk-fire-flash-pro-large\/","og_locale":"et_EE","og_type":"article","og_title":"Wildo\u00ae tulepulk Fire-Flash\u00ae Pro Large - Outdoors","og_description":"Wildo\u00ae tulepulk Fire-Flash\u00ae Pro Large","og_url":"https:\/\/www.outdoors.ee\/et\/toode\/wildo-tulepulk-fire-flash-pro-large\/","og_site_name":"Outdoors","article_modified_time":"2026-02-03T22:20:17+00:00","og_image":[{"width":1500,"height":1500,"url":"https:\/\/www.outdoors.ee\/wp-content\/uploads\/2022\/09\/Wildo\u00ae-Fire-Flash\u00ae-Pro-Large-2.jpg","type":"image\/jpeg"}],"twitter_card":"summary_large_image","twitter_misc":{"Est. reading time":"1 minut"},"schema":{"@context":"https:\/\/schema.org","@graph":[{"@type":"WebPage","@id":"https:\/\/www.outdoors.ee\/et\/toode\/wildo-tulepulk-fire-flash-pro-large\/","url":"https:\/\/www.outdoors.ee\/et\/toode\/wildo-tulepulk-fire-flash-pro-large\/","name":"Wildo\u00ae tulepulk Fire-Flash\u00ae Pro Large - Outdoors","isPartOf":{"@id":"https:\/\/www.outdoors.ee\/#website"},"primaryImageOfPage":{"@id":"https:\/\/www.outdoors.ee\/et\/toode\/wildo-tulepulk-fire-flash-pro-large\/#primaryimage"},"image":{"@id":"https:\/\/www.outdoors.ee\/et\/toode\/wildo-tulepulk-fire-flash-pro-large\/#primaryimage"},"thumbnailUrl":"https:\/\/www.outdoors.ee\/wp-content\/uploads\/2022\/09\/Wildo\u00ae-Fire-Flash\u00ae-Pro-Large-2.jpg","datePublished":"2022-09-26T12:14:43+00:00","dateModified":"2026-02-03T22:20:17+00:00","breadcrumb":{"@id":"https:\/\/www.outdoors.ee\/et\/toode\/wildo-tulepulk-fire-flash-pro-large\/#breadcrumb"},"inLanguage":"et","potentialAction":[{"@type":"ReadAction","target":["https:\/\/www.outdoors.ee\/et\/toode\/wildo-tulepulk-fire-flash-pro-large\/"]}]},{"@type":"ImageObject","inLanguage":"et","@id":"https:\/\/www.outdoors.ee\/et\/toode\/wildo-tulepulk-fire-flash-pro-large\/#primaryimage","url":"https:\/\/www.outdoors.ee\/wp-content\/uploads\/2022\/09\/Wildo\u00ae-Fire-Flash\u00ae-Pro-Large-2.jpg","contentUrl":"https:\/\/www.outdoors.ee\/wp-content\/uploads\/2022\/09\/Wildo\u00ae-Fire-Flash\u00ae-Pro-Large-2.jpg","width":1500,"height":1500},{"@type":"BreadcrumbList","@id":"https:\/\/www.outdoors.ee\/et\/toode\/wildo-tulepulk-fire-flash-pro-large\/#breadcrumb","itemListElement":[{"@type":"ListItem","position":1,"name":"Home","item":"https:\/\/www.outdoors.ee\/et\/"},{"@type":"ListItem","position":2,"name":"Tooted","item":"https:\/\/www.outdoors.ee\/products\/"},{"@type":"ListItem","position":3,"name":"Wildo\u00ae tulepulk Fire-Flash\u00ae Pro Large"}]},{"@type":"WebSite","@id":"https:\/\/www.outdoors.ee\/#website","url":"https:\/\/www.outdoors.ee\/","name":"Outdoors","description":"Genuine military surplus and not only!","potentialAction":[{"@type":"SearchAction","target":{"@type":"EntryPoint","urlTemplate":"https:\/\/www.outdoors.ee\/?s={search_term_string}"},"query-input":{"@type":"PropertyValueSpecification","valueRequired":true,"valueName":"search_term_string"}}],"inLanguage":"et"}]}},"_links":{"self":[{"href":"https:\/\/www.outdoors.ee\/et\/wp-json\/wp\/v2\/product\/72868","targetHints":{"allow":["GET"]}}],"collection":[{"href":"https:\/\/www.outdoors.ee\/et\/wp-json\/wp\/v2\/product"}],"about":[{"href":"https:\/\/www.outdoors.ee\/et\/wp-json\/wp\/v2\/types\/product"}],"wp:featuredmedia":[{"embeddable":true,"href":"https:\/\/www.outdoors.ee\/et\/wp-json\/wp\/v2\/media\/72867"}],"wp:attachment":[{"href":"https:\/\/www.outdoors.ee\/et\/wp-json\/wp\/v2\/media?parent=72868"}],"wp:term":[{"taxonomy":"product_brand","embeddable":true,"href":"https:\/\/www.outdoors.ee\/et\/wp-json\/wp\/v2\/product_brand?post=72868"},{"taxonomy":"product_cat","embeddable":true,"href":"https:\/\/www.outdoors.ee\/et\/wp-json\/wp\/v2\/product_cat?post=72868"},{"taxonomy":"product_tag","embeddable":true,"href":"https:\/\/www.outdoors.ee\/et\/wp-json\/wp\/v2\/product_tag?post=72868"}],"curies":[{"name":"wp","href":"https:\/\/api.w.org\/{rel}","templated":true}]}}