{"id":72804,"date":"2022-09-26T13:25:04","date_gmt":"2022-09-26T10:25:04","guid":{"rendered":"https:\/\/www.outdoors.ee\/?post_type=product&#038;p=72804"},"modified":"2025-11-12T12:09:17","modified_gmt":"2025-11-12T10:09:17","slug":"fliismuts-watch-cap-fleece","status":"publish","type":"product","link":"https:\/\/www.outdoors.ee\/et\/toode\/fliismuts-watch-cap-fleece\/","title":{"rendered":"Helikon-Tex\u00ae fliism\u00fcts Watch Cap"},"content":{"rendered":"<p>Kerge, soe ja hingav fliism\u00fcts, mida saab vajadusel kasutada kiivrialuse m\u00fctsina.<\/p>\n<p>Materjal 100% pol\u00fcester fliis<\/p>\n<p>Kaal 40g<\/p>\n<p>\u00dcks suurus<\/p>\n<p><strong>Seisukord:<\/strong> uus<\/p>\n","protected":false},"excerpt":{"rendered":"<p>Kerge, soe ja hingav fliism\u00fcts, mida saab vajadusel kasutada kiivrialuse m\u00fctsina. Materjal 100% pol\u00fcester fliis Kaal 40g \u00dcks suurus Seisukord:<\/p>\n","protected":false},"featured_media":72799,"template":"","meta":[],"product_brand":[],"product_cat":[128],"product_tag":[],"class_list":{"0":"post-72804","1":"product","2":"type-product","3":"status-publish","4":"has-post-thumbnail","6":"product_cat-peakatted","7":"pa_brand-helikon-tex","8":"pa_color-black-2","9":"pa_color-coyote-2","10":"pa_color-flecktarn-2","11":"pa_color-foliage-green-2","12":"pa_color-olive-green-2","13":"pa_color-shadow-grey-2","15":"first","16":"instock","17":"taxable","18":"shipping-taxable","19":"purchasable","20":"product-type-variable"},"yoast_head":"<!-- This site is optimized with the Yoast SEO plugin v27.2 - https:\/\/yoast.com\/product\/yoast-seo-wordpress\/ -->\n<title>Helikon-Tex\u00ae fliism\u00fcts Watch Cap - Outdoors<\/title>\n<meta name=\"robots\" content=\"index, follow, max-snippet:-1, max-image-preview:large, max-video-preview:-1\" \/>\n<link rel=\"canonical\" href=\"https:\/\/www.outdoors.ee\/et\/toode\/fliismuts-watch-cap-fleece\/\" \/>\n<meta property=\"og:locale\" content=\"et_EE\" \/>\n<meta property=\"og:type\" content=\"article\" \/>\n<meta property=\"og:title\" content=\"Helikon-Tex\u00ae fliism\u00fcts Watch Cap - Outdoors\" \/>\n<meta property=\"og:description\" content=\"Kerge, soe ja hingav fliism\u00fcts, mida saab vajadusel kasutada kiivrialuse m\u00fctsina. Materjal 100% pol\u00fcester fliis Kaal 40g \u00dcks suurus Seisukord:\" \/>\n<meta property=\"og:url\" content=\"https:\/\/www.outdoors.ee\/et\/toode\/fliismuts-watch-cap-fleece\/\" \/>\n<meta property=\"og:site_name\" content=\"Outdoors\" \/>\n<meta property=\"article:modified_time\" content=\"2025-11-12T10:09:17+00:00\" \/>\n<meta property=\"og:image\" content=\"https:\/\/www.outdoors.ee\/wp-content\/uploads\/2022\/09\/Helikon-Tex\u00ae-Watch-Cap-Fleece-3.jpg\" \/>\n\t<meta property=\"og:image:width\" content=\"1500\" \/>\n\t<meta property=\"og:image:height\" content=\"1500\" \/>\n\t<meta property=\"og:image:type\" content=\"image\/jpeg\" \/>\n<meta name=\"twitter:card\" content=\"summary_large_image\" \/>\n<meta name=\"twitter:label1\" content=\"Est. reading time\" \/>\n\t<meta name=\"twitter:data1\" content=\"1 minut\" \/>\n<script type=\"application\/ld+json\" class=\"yoast-schema-graph\">{\"@context\":\"https:\/\/schema.org\",\"@graph\":[{\"@type\":\"WebPage\",\"@id\":\"https:\/\/www.outdoors.ee\/et\/toode\/fliismuts-watch-cap-fleece\/\",\"url\":\"https:\/\/www.outdoors.ee\/et\/toode\/fliismuts-watch-cap-fleece\/\",\"name\":\"Helikon-Tex\u00ae fliism\u00fcts Watch Cap - Outdoors\",\"isPartOf\":{\"@id\":\"https:\/\/www.outdoors.ee\/#website\"},\"primaryImageOfPage\":{\"@id\":\"https:\/\/www.outdoors.ee\/et\/toode\/fliismuts-watch-cap-fleece\/#primaryimage\"},\"image\":{\"@id\":\"https:\/\/www.outdoors.ee\/et\/toode\/fliismuts-watch-cap-fleece\/#primaryimage\"},\"thumbnailUrl\":\"https:\/\/www.outdoors.ee\/wp-content\/uploads\/2022\/09\/Helikon-Tex\u00ae-Watch-Cap-Fleece-3.jpg\",\"datePublished\":\"2022-09-26T10:25:04+00:00\",\"dateModified\":\"2025-11-12T10:09:17+00:00\",\"breadcrumb\":{\"@id\":\"https:\/\/www.outdoors.ee\/et\/toode\/fliismuts-watch-cap-fleece\/#breadcrumb\"},\"inLanguage\":\"et\",\"potentialAction\":[{\"@type\":\"ReadAction\",\"target\":[\"https:\/\/www.outdoors.ee\/et\/toode\/fliismuts-watch-cap-fleece\/\"]}]},{\"@type\":\"ImageObject\",\"inLanguage\":\"et\",\"@id\":\"https:\/\/www.outdoors.ee\/et\/toode\/fliismuts-watch-cap-fleece\/#primaryimage\",\"url\":\"https:\/\/www.outdoors.ee\/wp-content\/uploads\/2022\/09\/Helikon-Tex\u00ae-Watch-Cap-Fleece-3.jpg\",\"contentUrl\":\"https:\/\/www.outdoors.ee\/wp-content\/uploads\/2022\/09\/Helikon-Tex\u00ae-Watch-Cap-Fleece-3.jpg\",\"width\":1500,\"height\":1500},{\"@type\":\"BreadcrumbList\",\"@id\":\"https:\/\/www.outdoors.ee\/et\/toode\/fliismuts-watch-cap-fleece\/#breadcrumb\",\"itemListElement\":[{\"@type\":\"ListItem\",\"position\":1,\"name\":\"Home\",\"item\":\"https:\/\/www.outdoors.ee\/et\/\"},{\"@type\":\"ListItem\",\"position\":2,\"name\":\"Tooted\",\"item\":\"https:\/\/www.outdoors.ee\/products\/\"},{\"@type\":\"ListItem\",\"position\":3,\"name\":\"Helikon-Tex\u00ae fliism\u00fcts Watch Cap\"}]},{\"@type\":\"WebSite\",\"@id\":\"https:\/\/www.outdoors.ee\/#website\",\"url\":\"https:\/\/www.outdoors.ee\/\",\"name\":\"Outdoors\",\"description\":\"Genuine military surplus and not only!\",\"potentialAction\":[{\"@type\":\"SearchAction\",\"target\":{\"@type\":\"EntryPoint\",\"urlTemplate\":\"https:\/\/www.outdoors.ee\/?s={search_term_string}\"},\"query-input\":{\"@type\":\"PropertyValueSpecification\",\"valueRequired\":true,\"valueName\":\"search_term_string\"}}],\"inLanguage\":\"et\"}]}<\/script>\n<!-- \/ Yoast SEO plugin. -->","yoast_head_json":{"title":"Helikon-Tex\u00ae fliism\u00fcts Watch Cap - Outdoors","robots":{"index":"index","follow":"follow","max-snippet":"max-snippet:-1","max-image-preview":"max-image-preview:large","max-video-preview":"max-video-preview:-1"},"canonical":"https:\/\/www.outdoors.ee\/et\/toode\/fliismuts-watch-cap-fleece\/","og_locale":"et_EE","og_type":"article","og_title":"Helikon-Tex\u00ae fliism\u00fcts Watch Cap - Outdoors","og_description":"Kerge, soe ja hingav fliism\u00fcts, mida saab vajadusel kasutada kiivrialuse m\u00fctsina. Materjal 100% pol\u00fcester fliis Kaal 40g \u00dcks suurus Seisukord:","og_url":"https:\/\/www.outdoors.ee\/et\/toode\/fliismuts-watch-cap-fleece\/","og_site_name":"Outdoors","article_modified_time":"2025-11-12T10:09:17+00:00","og_image":[{"width":1500,"height":1500,"url":"https:\/\/www.outdoors.ee\/wp-content\/uploads\/2022\/09\/Helikon-Tex\u00ae-Watch-Cap-Fleece-3.jpg","type":"image\/jpeg"}],"twitter_card":"summary_large_image","twitter_misc":{"Est. reading time":"1 minut"},"schema":{"@context":"https:\/\/schema.org","@graph":[{"@type":"WebPage","@id":"https:\/\/www.outdoors.ee\/et\/toode\/fliismuts-watch-cap-fleece\/","url":"https:\/\/www.outdoors.ee\/et\/toode\/fliismuts-watch-cap-fleece\/","name":"Helikon-Tex\u00ae fliism\u00fcts Watch Cap - Outdoors","isPartOf":{"@id":"https:\/\/www.outdoors.ee\/#website"},"primaryImageOfPage":{"@id":"https:\/\/www.outdoors.ee\/et\/toode\/fliismuts-watch-cap-fleece\/#primaryimage"},"image":{"@id":"https:\/\/www.outdoors.ee\/et\/toode\/fliismuts-watch-cap-fleece\/#primaryimage"},"thumbnailUrl":"https:\/\/www.outdoors.ee\/wp-content\/uploads\/2022\/09\/Helikon-Tex\u00ae-Watch-Cap-Fleece-3.jpg","datePublished":"2022-09-26T10:25:04+00:00","dateModified":"2025-11-12T10:09:17+00:00","breadcrumb":{"@id":"https:\/\/www.outdoors.ee\/et\/toode\/fliismuts-watch-cap-fleece\/#breadcrumb"},"inLanguage":"et","potentialAction":[{"@type":"ReadAction","target":["https:\/\/www.outdoors.ee\/et\/toode\/fliismuts-watch-cap-fleece\/"]}]},{"@type":"ImageObject","inLanguage":"et","@id":"https:\/\/www.outdoors.ee\/et\/toode\/fliismuts-watch-cap-fleece\/#primaryimage","url":"https:\/\/www.outdoors.ee\/wp-content\/uploads\/2022\/09\/Helikon-Tex\u00ae-Watch-Cap-Fleece-3.jpg","contentUrl":"https:\/\/www.outdoors.ee\/wp-content\/uploads\/2022\/09\/Helikon-Tex\u00ae-Watch-Cap-Fleece-3.jpg","width":1500,"height":1500},{"@type":"BreadcrumbList","@id":"https:\/\/www.outdoors.ee\/et\/toode\/fliismuts-watch-cap-fleece\/#breadcrumb","itemListElement":[{"@type":"ListItem","position":1,"name":"Home","item":"https:\/\/www.outdoors.ee\/et\/"},{"@type":"ListItem","position":2,"name":"Tooted","item":"https:\/\/www.outdoors.ee\/products\/"},{"@type":"ListItem","position":3,"name":"Helikon-Tex\u00ae fliism\u00fcts Watch Cap"}]},{"@type":"WebSite","@id":"https:\/\/www.outdoors.ee\/#website","url":"https:\/\/www.outdoors.ee\/","name":"Outdoors","description":"Genuine military surplus and not only!","potentialAction":[{"@type":"SearchAction","target":{"@type":"EntryPoint","urlTemplate":"https:\/\/www.outdoors.ee\/?s={search_term_string}"},"query-input":{"@type":"PropertyValueSpecification","valueRequired":true,"valueName":"search_term_string"}}],"inLanguage":"et"}]}},"_links":{"self":[{"href":"https:\/\/www.outdoors.ee\/et\/wp-json\/wp\/v2\/product\/72804","targetHints":{"allow":["GET"]}}],"collection":[{"href":"https:\/\/www.outdoors.ee\/et\/wp-json\/wp\/v2\/product"}],"about":[{"href":"https:\/\/www.outdoors.ee\/et\/wp-json\/wp\/v2\/types\/product"}],"wp:featuredmedia":[{"embeddable":true,"href":"https:\/\/www.outdoors.ee\/et\/wp-json\/wp\/v2\/media\/72799"}],"wp:attachment":[{"href":"https:\/\/www.outdoors.ee\/et\/wp-json\/wp\/v2\/media?parent=72804"}],"wp:term":[{"taxonomy":"product_brand","embeddable":true,"href":"https:\/\/www.outdoors.ee\/et\/wp-json\/wp\/v2\/product_brand?post=72804"},{"taxonomy":"product_cat","embeddable":true,"href":"https:\/\/www.outdoors.ee\/et\/wp-json\/wp\/v2\/product_cat?post=72804"},{"taxonomy":"product_tag","embeddable":true,"href":"https:\/\/www.outdoors.ee\/et\/wp-json\/wp\/v2\/product_tag?post=72804"}],"curies":[{"name":"wp","href":"https:\/\/api.w.org\/{rel}","templated":true}]}}