{"id":72755,"date":"2022-09-26T10:10:49","date_gmt":"2022-09-26T07:10:49","guid":{"rendered":"https:\/\/www.outdoors.ee\/?post_type=product&#038;p=72755"},"modified":"2025-10-15T00:07:00","modified_gmt":"2025-10-14T21:07:00","slug":"varikatus-supertarp-small-250-x-200cm","status":"publish","type":"product","link":"https:\/\/www.outdoors.ee\/et\/toode\/varikatus-supertarp-small-250-x-200cm\/","title":{"rendered":"Helikon-Tex\u00ae varikatus SUPERTARP Small 250 x 200cm"},"content":{"rendered":"<p><strong>Omadused:<\/strong><\/p>\n<ul>\n<li>toodetud Ripstop pol\u00fcestrist veekindla kattega<\/li>\n<li>liimitud \u00f5mblused<\/li>\n<li>19 tugevdatud kinnituskohta<\/li>\n<li>pakkekott pingutusn\u00f6\u00f6riga<\/li>\n<li>materjal 100% pol\u00fcester<\/li>\n<li>m\u00f5\u00f5tmed: 250 x 200 cm \/ 98,4 x 87,7 in<\/li>\n<li>kaal 490g<\/li>\n<\/ul>\n<p><strong>Seisukord:<\/strong> uus<\/p>\n","protected":false},"excerpt":{"rendered":"<p>Omadused: toodetud Ripstop pol\u00fcestrist veekindla kattega liimitud \u00f5mblused 19 tugevdatud kinnituskohta pakkekott pingutusn\u00f6\u00f6riga materjal 100% pol\u00fcester m\u00f5\u00f5tmed: 250 x 200<\/p>\n","protected":false},"featured_media":102292,"template":"","meta":[],"product_brand":[],"product_cat":[150],"product_tag":[],"class_list":{"0":"post-72755","1":"product","2":"type-product","3":"status-publish","4":"has-post-thumbnail","6":"product_cat-magamisvarustus","7":"pa_brand-helikon-tex","8":"pa_color-black-2","9":"pa_color-olive-green-2","10":"pa_color-pl-woodland-et","11":"pa_color-shadow-grey-2","12":"pa_color-us-woodland-2","14":"first","15":"instock","16":"taxable","17":"shipping-taxable","18":"purchasable","19":"product-type-variable"},"yoast_head":"<!-- This site is optimized with the Yoast SEO plugin v27.2 - https:\/\/yoast.com\/product\/yoast-seo-wordpress\/ -->\n<title>Helikon-Tex\u00ae varikatus SUPERTARP Small 250 x 200cm - Outdoors<\/title>\n<meta name=\"robots\" content=\"index, follow, max-snippet:-1, max-image-preview:large, max-video-preview:-1\" \/>\n<link rel=\"canonical\" href=\"https:\/\/www.outdoors.ee\/et\/toode\/varikatus-supertarp-small-250-x-200cm\/\" \/>\n<meta property=\"og:locale\" content=\"et_EE\" \/>\n<meta property=\"og:type\" content=\"article\" \/>\n<meta property=\"og:title\" content=\"Helikon-Tex\u00ae varikatus SUPERTARP Small 250 x 200cm - Outdoors\" \/>\n<meta property=\"og:description\" content=\"Omadused: toodetud Ripstop pol\u00fcestrist veekindla kattega liimitud \u00f5mblused 19 tugevdatud kinnituskohta pakkekott pingutusn\u00f6\u00f6riga materjal 100% pol\u00fcester m\u00f5\u00f5tmed: 250 x 200\" \/>\n<meta property=\"og:url\" content=\"https:\/\/www.outdoors.ee\/et\/toode\/varikatus-supertarp-small-250-x-200cm\/\" \/>\n<meta property=\"og:site_name\" content=\"Outdoors\" \/>\n<meta property=\"article:modified_time\" content=\"2025-10-14T21:07:00+00:00\" \/>\n<meta property=\"og:image\" content=\"https:\/\/www.outdoors.ee\/wp-content\/uploads\/2025\/06\/Helikon-Tex\u00ae-Supertarp-Small-PL-Woodland.jpg\" \/>\n\t<meta property=\"og:image:width\" content=\"1500\" \/>\n\t<meta property=\"og:image:height\" content=\"1500\" \/>\n\t<meta property=\"og:image:type\" content=\"image\/jpeg\" \/>\n<meta name=\"twitter:card\" content=\"summary_large_image\" \/>\n<meta name=\"twitter:label1\" content=\"Est. reading time\" \/>\n\t<meta name=\"twitter:data1\" content=\"1 minut\" \/>\n<script type=\"application\/ld+json\" class=\"yoast-schema-graph\">{\"@context\":\"https:\/\/schema.org\",\"@graph\":[{\"@type\":\"WebPage\",\"@id\":\"https:\/\/www.outdoors.ee\/et\/toode\/varikatus-supertarp-small-250-x-200cm\/\",\"url\":\"https:\/\/www.outdoors.ee\/et\/toode\/varikatus-supertarp-small-250-x-200cm\/\",\"name\":\"Helikon-Tex\u00ae varikatus SUPERTARP Small 250 x 200cm - Outdoors\",\"isPartOf\":{\"@id\":\"https:\/\/www.outdoors.ee\/#website\"},\"primaryImageOfPage\":{\"@id\":\"https:\/\/www.outdoors.ee\/et\/toode\/varikatus-supertarp-small-250-x-200cm\/#primaryimage\"},\"image\":{\"@id\":\"https:\/\/www.outdoors.ee\/et\/toode\/varikatus-supertarp-small-250-x-200cm\/#primaryimage\"},\"thumbnailUrl\":\"https:\/\/www.outdoors.ee\/wp-content\/uploads\/2025\/06\/Helikon-Tex\u00ae-Supertarp-Small-PL-Woodland.jpg\",\"datePublished\":\"2022-09-26T07:10:49+00:00\",\"dateModified\":\"2025-10-14T21:07:00+00:00\",\"breadcrumb\":{\"@id\":\"https:\/\/www.outdoors.ee\/et\/toode\/varikatus-supertarp-small-250-x-200cm\/#breadcrumb\"},\"inLanguage\":\"et\",\"potentialAction\":[{\"@type\":\"ReadAction\",\"target\":[\"https:\/\/www.outdoors.ee\/et\/toode\/varikatus-supertarp-small-250-x-200cm\/\"]}]},{\"@type\":\"ImageObject\",\"inLanguage\":\"et\",\"@id\":\"https:\/\/www.outdoors.ee\/et\/toode\/varikatus-supertarp-small-250-x-200cm\/#primaryimage\",\"url\":\"https:\/\/www.outdoors.ee\/wp-content\/uploads\/2025\/06\/Helikon-Tex\u00ae-Supertarp-Small-PL-Woodland.jpg\",\"contentUrl\":\"https:\/\/www.outdoors.ee\/wp-content\/uploads\/2025\/06\/Helikon-Tex\u00ae-Supertarp-Small-PL-Woodland.jpg\",\"width\":1500,\"height\":1500},{\"@type\":\"BreadcrumbList\",\"@id\":\"https:\/\/www.outdoors.ee\/et\/toode\/varikatus-supertarp-small-250-x-200cm\/#breadcrumb\",\"itemListElement\":[{\"@type\":\"ListItem\",\"position\":1,\"name\":\"Home\",\"item\":\"https:\/\/www.outdoors.ee\/et\/\"},{\"@type\":\"ListItem\",\"position\":2,\"name\":\"Tooted\",\"item\":\"https:\/\/www.outdoors.ee\/products\/\"},{\"@type\":\"ListItem\",\"position\":3,\"name\":\"Helikon-Tex\u00ae varikatus SUPERTARP Small 250 x 200cm\"}]},{\"@type\":\"WebSite\",\"@id\":\"https:\/\/www.outdoors.ee\/#website\",\"url\":\"https:\/\/www.outdoors.ee\/\",\"name\":\"Outdoors\",\"description\":\"Genuine military surplus and not only!\",\"potentialAction\":[{\"@type\":\"SearchAction\",\"target\":{\"@type\":\"EntryPoint\",\"urlTemplate\":\"https:\/\/www.outdoors.ee\/?s={search_term_string}\"},\"query-input\":{\"@type\":\"PropertyValueSpecification\",\"valueRequired\":true,\"valueName\":\"search_term_string\"}}],\"inLanguage\":\"et\"}]}<\/script>\n<!-- \/ Yoast SEO plugin. -->","yoast_head_json":{"title":"Helikon-Tex\u00ae varikatus SUPERTARP Small 250 x 200cm - Outdoors","robots":{"index":"index","follow":"follow","max-snippet":"max-snippet:-1","max-image-preview":"max-image-preview:large","max-video-preview":"max-video-preview:-1"},"canonical":"https:\/\/www.outdoors.ee\/et\/toode\/varikatus-supertarp-small-250-x-200cm\/","og_locale":"et_EE","og_type":"article","og_title":"Helikon-Tex\u00ae varikatus SUPERTARP Small 250 x 200cm - Outdoors","og_description":"Omadused: toodetud Ripstop pol\u00fcestrist veekindla kattega liimitud \u00f5mblused 19 tugevdatud kinnituskohta pakkekott pingutusn\u00f6\u00f6riga materjal 100% pol\u00fcester m\u00f5\u00f5tmed: 250 x 200","og_url":"https:\/\/www.outdoors.ee\/et\/toode\/varikatus-supertarp-small-250-x-200cm\/","og_site_name":"Outdoors","article_modified_time":"2025-10-14T21:07:00+00:00","og_image":[{"width":1500,"height":1500,"url":"https:\/\/www.outdoors.ee\/wp-content\/uploads\/2025\/06\/Helikon-Tex\u00ae-Supertarp-Small-PL-Woodland.jpg","type":"image\/jpeg"}],"twitter_card":"summary_large_image","twitter_misc":{"Est. reading time":"1 minut"},"schema":{"@context":"https:\/\/schema.org","@graph":[{"@type":"WebPage","@id":"https:\/\/www.outdoors.ee\/et\/toode\/varikatus-supertarp-small-250-x-200cm\/","url":"https:\/\/www.outdoors.ee\/et\/toode\/varikatus-supertarp-small-250-x-200cm\/","name":"Helikon-Tex\u00ae varikatus SUPERTARP Small 250 x 200cm - Outdoors","isPartOf":{"@id":"https:\/\/www.outdoors.ee\/#website"},"primaryImageOfPage":{"@id":"https:\/\/www.outdoors.ee\/et\/toode\/varikatus-supertarp-small-250-x-200cm\/#primaryimage"},"image":{"@id":"https:\/\/www.outdoors.ee\/et\/toode\/varikatus-supertarp-small-250-x-200cm\/#primaryimage"},"thumbnailUrl":"https:\/\/www.outdoors.ee\/wp-content\/uploads\/2025\/06\/Helikon-Tex\u00ae-Supertarp-Small-PL-Woodland.jpg","datePublished":"2022-09-26T07:10:49+00:00","dateModified":"2025-10-14T21:07:00+00:00","breadcrumb":{"@id":"https:\/\/www.outdoors.ee\/et\/toode\/varikatus-supertarp-small-250-x-200cm\/#breadcrumb"},"inLanguage":"et","potentialAction":[{"@type":"ReadAction","target":["https:\/\/www.outdoors.ee\/et\/toode\/varikatus-supertarp-small-250-x-200cm\/"]}]},{"@type":"ImageObject","inLanguage":"et","@id":"https:\/\/www.outdoors.ee\/et\/toode\/varikatus-supertarp-small-250-x-200cm\/#primaryimage","url":"https:\/\/www.outdoors.ee\/wp-content\/uploads\/2025\/06\/Helikon-Tex\u00ae-Supertarp-Small-PL-Woodland.jpg","contentUrl":"https:\/\/www.outdoors.ee\/wp-content\/uploads\/2025\/06\/Helikon-Tex\u00ae-Supertarp-Small-PL-Woodland.jpg","width":1500,"height":1500},{"@type":"BreadcrumbList","@id":"https:\/\/www.outdoors.ee\/et\/toode\/varikatus-supertarp-small-250-x-200cm\/#breadcrumb","itemListElement":[{"@type":"ListItem","position":1,"name":"Home","item":"https:\/\/www.outdoors.ee\/et\/"},{"@type":"ListItem","position":2,"name":"Tooted","item":"https:\/\/www.outdoors.ee\/products\/"},{"@type":"ListItem","position":3,"name":"Helikon-Tex\u00ae varikatus SUPERTARP Small 250 x 200cm"}]},{"@type":"WebSite","@id":"https:\/\/www.outdoors.ee\/#website","url":"https:\/\/www.outdoors.ee\/","name":"Outdoors","description":"Genuine military surplus and not only!","potentialAction":[{"@type":"SearchAction","target":{"@type":"EntryPoint","urlTemplate":"https:\/\/www.outdoors.ee\/?s={search_term_string}"},"query-input":{"@type":"PropertyValueSpecification","valueRequired":true,"valueName":"search_term_string"}}],"inLanguage":"et"}]}},"_links":{"self":[{"href":"https:\/\/www.outdoors.ee\/et\/wp-json\/wp\/v2\/product\/72755","targetHints":{"allow":["GET"]}}],"collection":[{"href":"https:\/\/www.outdoors.ee\/et\/wp-json\/wp\/v2\/product"}],"about":[{"href":"https:\/\/www.outdoors.ee\/et\/wp-json\/wp\/v2\/types\/product"}],"wp:featuredmedia":[{"embeddable":true,"href":"https:\/\/www.outdoors.ee\/et\/wp-json\/wp\/v2\/media\/102292"}],"wp:attachment":[{"href":"https:\/\/www.outdoors.ee\/et\/wp-json\/wp\/v2\/media?parent=72755"}],"wp:term":[{"taxonomy":"product_brand","embeddable":true,"href":"https:\/\/www.outdoors.ee\/et\/wp-json\/wp\/v2\/product_brand?post=72755"},{"taxonomy":"product_cat","embeddable":true,"href":"https:\/\/www.outdoors.ee\/et\/wp-json\/wp\/v2\/product_cat?post=72755"},{"taxonomy":"product_tag","embeddable":true,"href":"https:\/\/www.outdoors.ee\/et\/wp-json\/wp\/v2\/product_tag?post=72755"}],"curies":[{"name":"wp","href":"https:\/\/api.w.org\/{rel}","templated":true}]}}