{"id":72701,"date":"2022-09-23T16:12:17","date_gmt":"2022-09-23T13:12:17","guid":{"rendered":"https:\/\/www.outdoors.ee\/?post_type=product&#038;p=72701"},"modified":"2025-08-16T17:03:02","modified_gmt":"2025-08-16T14:03:02","slug":"vestialune-sark-vanguard-combat-shirt","status":"publish","type":"product","link":"https:\/\/www.outdoors.ee\/et\/toode\/vestialune-sark-vanguard-combat-shirt\/","title":{"rendered":"Direct Action\u00ae vestialune s\u00e4rk VANGUARD Combat Shirt\u00ae"},"content":{"rendered":"<p>VANGUARD vestialune s\u00e4rk on valmistatud tippkvaliteediga materjalidest. Kehaosa on valmistatud Polartec\u00ae PowerDry FR kangast, mis venib ning juhib niiskuse kehalt eemale. Varrukad on valmistatud vastupidavast NYCO (nailon-puuvill) kangast, mis on samas ka hingav. Cordura\u00ae 500D kangast valmistatud tugevdused toimivad k\u00fc\u00fcnarnuki kaitsmete taskutena.<\/p>\n<p><strong>Omadused:<\/strong><\/p>\n<ul>\n<li>toodetud Polartec\u00ae PowerDry FR ja NYCO (nailon\/puuvill) kangast<\/li>\n<li>t\u00f5mblukuga kaelus<\/li>\n<li>t\u00f5mblukuga tasku m\u00f5lemal k\u00e4isel, takjapaela paneelid peal<\/li>\n<li>takjapaela abil reguleeritavad mansetid<\/li>\n<li>YKK\u00ae t\u00f5mblukud<\/li>\n<li>Cordura\u00ae 500D tugevdused k\u00fc\u00fcnarnukkide piirkonnas<\/li>\n<\/ul>\n<p><strong>Seisukord:<\/strong> uus<\/p>\n","protected":false},"excerpt":{"rendered":"<p>VANGUARD vestialune s\u00e4rk on valmistatud tippkvaliteediga materjalidest. Kehaosa on valmistatud Polartec\u00ae PowerDry FR kangast, mis venib ning juhib niiskuse kehalt<\/p>\n","protected":false},"featured_media":72694,"template":"","meta":[],"product_brand":[],"product_cat":[2715],"product_tag":[],"class_list":{"0":"post-72701","1":"product","2":"type-product","3":"status-publish","4":"has-post-thumbnail","6":"product_cat-sargid-jakid","7":"pa_brand-direct-action-2","8":"pa_color-adaptive-green-2","9":"pa_color-multicam-2","10":"pa_size-l-2","11":"pa_size-m-2","12":"pa_size-xl-2","14":"first","15":"instock","16":"taxable","17":"shipping-taxable","18":"purchasable","19":"product-type-variable"},"yoast_head":"<!-- This site is optimized with the Yoast SEO plugin v27.2 - https:\/\/yoast.com\/product\/yoast-seo-wordpress\/ -->\n<title>Direct Action\u00ae vestialune s\u00e4rk VANGUARD Combat Shirt\u00ae - Outdoors<\/title>\n<meta name=\"robots\" content=\"index, follow, max-snippet:-1, max-image-preview:large, max-video-preview:-1\" \/>\n<link rel=\"canonical\" href=\"https:\/\/www.outdoors.ee\/et\/toode\/vestialune-sark-vanguard-combat-shirt\/\" \/>\n<meta property=\"og:locale\" content=\"et_EE\" \/>\n<meta property=\"og:type\" content=\"article\" \/>\n<meta property=\"og:title\" content=\"Direct Action\u00ae vestialune s\u00e4rk VANGUARD Combat Shirt\u00ae - Outdoors\" \/>\n<meta property=\"og:description\" content=\"VANGUARD vestialune s\u00e4rk on valmistatud tippkvaliteediga materjalidest. Kehaosa on valmistatud Polartec\u00ae PowerDry FR kangast, mis venib ning juhib niiskuse kehalt\" \/>\n<meta property=\"og:url\" content=\"https:\/\/www.outdoors.ee\/et\/toode\/vestialune-sark-vanguard-combat-shirt\/\" \/>\n<meta property=\"og:site_name\" content=\"Outdoors\" \/>\n<meta property=\"article:modified_time\" content=\"2025-08-16T14:03:02+00:00\" \/>\n<meta property=\"og:image\" content=\"https:\/\/www.outdoors.ee\/wp-content\/uploads\/2022\/09\/Direct-Action\u00ae-Vanguard-Combat-Shirt\u00ae-1.jpg\" \/>\n\t<meta property=\"og:image:width\" content=\"1500\" \/>\n\t<meta property=\"og:image:height\" content=\"1500\" \/>\n\t<meta property=\"og:image:type\" content=\"image\/jpeg\" \/>\n<meta name=\"twitter:card\" content=\"summary_large_image\" \/>\n<meta name=\"twitter:label1\" content=\"Est. reading time\" \/>\n\t<meta name=\"twitter:data1\" content=\"1 minut\" \/>\n<script type=\"application\/ld+json\" class=\"yoast-schema-graph\">{\"@context\":\"https:\/\/schema.org\",\"@graph\":[{\"@type\":\"WebPage\",\"@id\":\"https:\/\/www.outdoors.ee\/et\/toode\/vestialune-sark-vanguard-combat-shirt\/\",\"url\":\"https:\/\/www.outdoors.ee\/et\/toode\/vestialune-sark-vanguard-combat-shirt\/\",\"name\":\"Direct Action\u00ae vestialune s\u00e4rk VANGUARD Combat Shirt\u00ae - Outdoors\",\"isPartOf\":{\"@id\":\"https:\/\/www.outdoors.ee\/#website\"},\"primaryImageOfPage\":{\"@id\":\"https:\/\/www.outdoors.ee\/et\/toode\/vestialune-sark-vanguard-combat-shirt\/#primaryimage\"},\"image\":{\"@id\":\"https:\/\/www.outdoors.ee\/et\/toode\/vestialune-sark-vanguard-combat-shirt\/#primaryimage\"},\"thumbnailUrl\":\"https:\/\/www.outdoors.ee\/wp-content\/uploads\/2022\/09\/Direct-Action\u00ae-Vanguard-Combat-Shirt\u00ae-1.jpg\",\"datePublished\":\"2022-09-23T13:12:17+00:00\",\"dateModified\":\"2025-08-16T14:03:02+00:00\",\"breadcrumb\":{\"@id\":\"https:\/\/www.outdoors.ee\/et\/toode\/vestialune-sark-vanguard-combat-shirt\/#breadcrumb\"},\"inLanguage\":\"et\",\"potentialAction\":[{\"@type\":\"ReadAction\",\"target\":[\"https:\/\/www.outdoors.ee\/et\/toode\/vestialune-sark-vanguard-combat-shirt\/\"]}]},{\"@type\":\"ImageObject\",\"inLanguage\":\"et\",\"@id\":\"https:\/\/www.outdoors.ee\/et\/toode\/vestialune-sark-vanguard-combat-shirt\/#primaryimage\",\"url\":\"https:\/\/www.outdoors.ee\/wp-content\/uploads\/2022\/09\/Direct-Action\u00ae-Vanguard-Combat-Shirt\u00ae-1.jpg\",\"contentUrl\":\"https:\/\/www.outdoors.ee\/wp-content\/uploads\/2022\/09\/Direct-Action\u00ae-Vanguard-Combat-Shirt\u00ae-1.jpg\",\"width\":1500,\"height\":1500},{\"@type\":\"BreadcrumbList\",\"@id\":\"https:\/\/www.outdoors.ee\/et\/toode\/vestialune-sark-vanguard-combat-shirt\/#breadcrumb\",\"itemListElement\":[{\"@type\":\"ListItem\",\"position\":1,\"name\":\"Home\",\"item\":\"https:\/\/www.outdoors.ee\/et\/\"},{\"@type\":\"ListItem\",\"position\":2,\"name\":\"Tooted\",\"item\":\"https:\/\/www.outdoors.ee\/products\/\"},{\"@type\":\"ListItem\",\"position\":3,\"name\":\"Direct Action\u00ae vestialune s\u00e4rk VANGUARD Combat Shirt\u00ae\"}]},{\"@type\":\"WebSite\",\"@id\":\"https:\/\/www.outdoors.ee\/#website\",\"url\":\"https:\/\/www.outdoors.ee\/\",\"name\":\"Outdoors\",\"description\":\"Genuine military surplus and not only!\",\"potentialAction\":[{\"@type\":\"SearchAction\",\"target\":{\"@type\":\"EntryPoint\",\"urlTemplate\":\"https:\/\/www.outdoors.ee\/?s={search_term_string}\"},\"query-input\":{\"@type\":\"PropertyValueSpecification\",\"valueRequired\":true,\"valueName\":\"search_term_string\"}}],\"inLanguage\":\"et\"}]}<\/script>\n<!-- \/ Yoast SEO plugin. -->","yoast_head_json":{"title":"Direct Action\u00ae vestialune s\u00e4rk VANGUARD Combat Shirt\u00ae - Outdoors","robots":{"index":"index","follow":"follow","max-snippet":"max-snippet:-1","max-image-preview":"max-image-preview:large","max-video-preview":"max-video-preview:-1"},"canonical":"https:\/\/www.outdoors.ee\/et\/toode\/vestialune-sark-vanguard-combat-shirt\/","og_locale":"et_EE","og_type":"article","og_title":"Direct Action\u00ae vestialune s\u00e4rk VANGUARD Combat Shirt\u00ae - Outdoors","og_description":"VANGUARD vestialune s\u00e4rk on valmistatud tippkvaliteediga materjalidest. Kehaosa on valmistatud Polartec\u00ae PowerDry FR kangast, mis venib ning juhib niiskuse kehalt","og_url":"https:\/\/www.outdoors.ee\/et\/toode\/vestialune-sark-vanguard-combat-shirt\/","og_site_name":"Outdoors","article_modified_time":"2025-08-16T14:03:02+00:00","og_image":[{"width":1500,"height":1500,"url":"https:\/\/www.outdoors.ee\/wp-content\/uploads\/2022\/09\/Direct-Action\u00ae-Vanguard-Combat-Shirt\u00ae-1.jpg","type":"image\/jpeg"}],"twitter_card":"summary_large_image","twitter_misc":{"Est. reading time":"1 minut"},"schema":{"@context":"https:\/\/schema.org","@graph":[{"@type":"WebPage","@id":"https:\/\/www.outdoors.ee\/et\/toode\/vestialune-sark-vanguard-combat-shirt\/","url":"https:\/\/www.outdoors.ee\/et\/toode\/vestialune-sark-vanguard-combat-shirt\/","name":"Direct Action\u00ae vestialune s\u00e4rk VANGUARD Combat Shirt\u00ae - Outdoors","isPartOf":{"@id":"https:\/\/www.outdoors.ee\/#website"},"primaryImageOfPage":{"@id":"https:\/\/www.outdoors.ee\/et\/toode\/vestialune-sark-vanguard-combat-shirt\/#primaryimage"},"image":{"@id":"https:\/\/www.outdoors.ee\/et\/toode\/vestialune-sark-vanguard-combat-shirt\/#primaryimage"},"thumbnailUrl":"https:\/\/www.outdoors.ee\/wp-content\/uploads\/2022\/09\/Direct-Action\u00ae-Vanguard-Combat-Shirt\u00ae-1.jpg","datePublished":"2022-09-23T13:12:17+00:00","dateModified":"2025-08-16T14:03:02+00:00","breadcrumb":{"@id":"https:\/\/www.outdoors.ee\/et\/toode\/vestialune-sark-vanguard-combat-shirt\/#breadcrumb"},"inLanguage":"et","potentialAction":[{"@type":"ReadAction","target":["https:\/\/www.outdoors.ee\/et\/toode\/vestialune-sark-vanguard-combat-shirt\/"]}]},{"@type":"ImageObject","inLanguage":"et","@id":"https:\/\/www.outdoors.ee\/et\/toode\/vestialune-sark-vanguard-combat-shirt\/#primaryimage","url":"https:\/\/www.outdoors.ee\/wp-content\/uploads\/2022\/09\/Direct-Action\u00ae-Vanguard-Combat-Shirt\u00ae-1.jpg","contentUrl":"https:\/\/www.outdoors.ee\/wp-content\/uploads\/2022\/09\/Direct-Action\u00ae-Vanguard-Combat-Shirt\u00ae-1.jpg","width":1500,"height":1500},{"@type":"BreadcrumbList","@id":"https:\/\/www.outdoors.ee\/et\/toode\/vestialune-sark-vanguard-combat-shirt\/#breadcrumb","itemListElement":[{"@type":"ListItem","position":1,"name":"Home","item":"https:\/\/www.outdoors.ee\/et\/"},{"@type":"ListItem","position":2,"name":"Tooted","item":"https:\/\/www.outdoors.ee\/products\/"},{"@type":"ListItem","position":3,"name":"Direct Action\u00ae vestialune s\u00e4rk VANGUARD Combat Shirt\u00ae"}]},{"@type":"WebSite","@id":"https:\/\/www.outdoors.ee\/#website","url":"https:\/\/www.outdoors.ee\/","name":"Outdoors","description":"Genuine military surplus and not only!","potentialAction":[{"@type":"SearchAction","target":{"@type":"EntryPoint","urlTemplate":"https:\/\/www.outdoors.ee\/?s={search_term_string}"},"query-input":{"@type":"PropertyValueSpecification","valueRequired":true,"valueName":"search_term_string"}}],"inLanguage":"et"}]}},"_links":{"self":[{"href":"https:\/\/www.outdoors.ee\/et\/wp-json\/wp\/v2\/product\/72701","targetHints":{"allow":["GET"]}}],"collection":[{"href":"https:\/\/www.outdoors.ee\/et\/wp-json\/wp\/v2\/product"}],"about":[{"href":"https:\/\/www.outdoors.ee\/et\/wp-json\/wp\/v2\/types\/product"}],"wp:featuredmedia":[{"embeddable":true,"href":"https:\/\/www.outdoors.ee\/et\/wp-json\/wp\/v2\/media\/72694"}],"wp:attachment":[{"href":"https:\/\/www.outdoors.ee\/et\/wp-json\/wp\/v2\/media?parent=72701"}],"wp:term":[{"taxonomy":"product_brand","embeddable":true,"href":"https:\/\/www.outdoors.ee\/et\/wp-json\/wp\/v2\/product_brand?post=72701"},{"taxonomy":"product_cat","embeddable":true,"href":"https:\/\/www.outdoors.ee\/et\/wp-json\/wp\/v2\/product_cat?post=72701"},{"taxonomy":"product_tag","embeddable":true,"href":"https:\/\/www.outdoors.ee\/et\/wp-json\/wp\/v2\/product_tag?post=72701"}],"curies":[{"name":"wp","href":"https:\/\/api.w.org\/{rel}","templated":true}]}}