{"id":72497,"date":"2022-09-23T12:55:20","date_gmt":"2022-09-23T09:55:20","guid":{"rendered":"https:\/\/www.outdoors.ee\/?post_type=product&#038;p=72497"},"modified":"2025-08-16T16:47:43","modified_gmt":"2025-08-16T13:47:43","slug":"ghost-mkii-seljakott","status":"publish","type":"product","link":"https:\/\/www.outdoors.ee\/et\/toode\/ghost-mkii-seljakott\/","title":{"rendered":"Direct Action\u00ae GHOST Mk II seljakott"},"content":{"rendered":"<p>Ghost\u00ae on 30+ liitrine seljakott, mis h\u00e4sti sobib taktikalise kolme-p\u00e4eva-seljakoti rolli.<\/p>\n<p>Seljakoti p\u00f5hiosa koosneb kahest t\u00f5mblukuga sahtlist. Esimene &#8211; suurem, sellel on sisemine veekoti tasku ning v\u00f5rktasku tarvikutele. Teine, tugevdatud sahtel on ligip\u00e4\u00e4setav seljakoti tagak\u00fcljelt ning mahutab suurema s\u00fclearvuti. Ghost\u00ae seljakoti kolmas tasku on eemaldatav organizer-t\u00fc\u00fcpi tasku. See kinnitub p\u00f5hikoti k\u00fclge nelja klambri abil, kuid seda saab kasutada ka t\u00e4iesti iseseisvalt (sellel on oma kandesang) meditsiinitarvete jms kandmiseks.<\/p>\n<p>Seljakotil on neli v\u00e4listaskut. Kaks k\u00fcljetaskut, kuhu mahub veepudel. Lisaks on seljakoti \u00fclaosas t\u00f5mblukuga, pehme veluurvoodriga prillitasku ning selle all lame t\u00f5mblukuga tasku.\u00a0Ghost\u00ae-i seljakotil on laiad, polsterdatud \u00f5larihmad quick-release klambritega ja t\u00e4isfunktsionaalne PALS\/MOLLE puusav\u00f6\u00f6.<\/p>\n<p><strong>Omadused:<\/strong><\/p>\n<ul>\n<li>Cordura\u00ae 500D laminaat<\/li>\n<li>laserl\u00f5ikega PALS\/MOLLE s\u00fcsteem ees ja k\u00fclgedel<\/li>\n<li>eemaldatav, eraldi kasutatav organizer-tasku<\/li>\n<li>PALS\/MOLLE s\u00fcsteemia puusav\u00f6\u00f6<\/li>\n<li>joogis\u00fcsteemiga \u00fchilduv<\/li>\n<li>t\u00f6\u00f6kindlad YKK\u00ae t\u00f5mblukud, Duraflex\u00ae klambrid<\/li>\n<li>polsterdatud s\u00fclearvuti sahtel eraldi ligip\u00e4\u00e4setav<\/li>\n<li>Combat Vent System\u00ae &#8211; ventileeritav tagapaneel<\/li>\n<li>takjapaela paneel<\/li>\n<li>maht 28 + 3,5L<\/li>\n<li>kaal 2300g<\/li>\n<li>m\u00f5\u00f5dud 52 x 30 x 18cm \/ 20.4 x 12 x 7in<\/li>\n<\/ul>\n<p><strong>Seisukord:<\/strong> uus<\/p>\n","protected":false},"excerpt":{"rendered":"<p>Ghost\u00ae on 30+ liitrine seljakott, mis h\u00e4sti sobib taktikalise kolme-p\u00e4eva-seljakoti rolli. Seljakoti p\u00f5hiosa koosneb kahest t\u00f5mblukuga sahtlist. Esimene &#8211; suurem,<\/p>\n","protected":false},"featured_media":72485,"template":"","meta":[],"product_brand":[],"product_cat":[3539],"product_tag":[],"class_list":{"0":"post-72497","1":"product","2":"type-product","3":"status-publish","4":"has-post-thumbnail","6":"product_cat-seljakotid","7":"pa_brand-direct-action-2","8":"pa_color-adaptive-green-2","9":"pa_color-black-2","10":"pa_color-olive-green-2","12":"first","13":"instock","14":"taxable","15":"shipping-taxable","16":"purchasable","17":"product-type-variable"},"yoast_head":"<!-- This site is optimized with the Yoast SEO plugin v27.2 - https:\/\/yoast.com\/product\/yoast-seo-wordpress\/ -->\n<title>Direct Action\u00ae GHOST Mk II seljakott - Outdoors<\/title>\n<meta name=\"robots\" content=\"index, follow, max-snippet:-1, max-image-preview:large, max-video-preview:-1\" \/>\n<link rel=\"canonical\" href=\"https:\/\/www.outdoors.ee\/et\/toode\/ghost-mkii-seljakott\/\" \/>\n<meta property=\"og:locale\" content=\"et_EE\" \/>\n<meta property=\"og:type\" content=\"article\" \/>\n<meta property=\"og:title\" content=\"Direct Action\u00ae GHOST Mk II seljakott - Outdoors\" \/>\n<meta property=\"og:description\" content=\"Ghost\u00ae on 30+ liitrine seljakott, mis h\u00e4sti sobib taktikalise kolme-p\u00e4eva-seljakoti rolli. Seljakoti p\u00f5hiosa koosneb kahest t\u00f5mblukuga sahtlist. Esimene &#8211; suurem,\" \/>\n<meta property=\"og:url\" content=\"https:\/\/www.outdoors.ee\/et\/toode\/ghost-mkii-seljakott\/\" \/>\n<meta property=\"og:site_name\" content=\"Outdoors\" \/>\n<meta property=\"article:modified_time\" content=\"2025-08-16T13:47:43+00:00\" \/>\n<meta property=\"og:image\" content=\"https:\/\/www.outdoors.ee\/wp-content\/uploads\/2022\/09\/Ghost\u00ae-MKII-Backpack-7.jpg\" \/>\n\t<meta property=\"og:image:width\" content=\"1500\" \/>\n\t<meta property=\"og:image:height\" content=\"1500\" \/>\n\t<meta property=\"og:image:type\" content=\"image\/jpeg\" \/>\n<meta name=\"twitter:card\" content=\"summary_large_image\" \/>\n<meta name=\"twitter:label1\" content=\"Est. reading time\" \/>\n\t<meta name=\"twitter:data1\" content=\"1 minut\" \/>\n<script type=\"application\/ld+json\" class=\"yoast-schema-graph\">{\"@context\":\"https:\/\/schema.org\",\"@graph\":[{\"@type\":\"WebPage\",\"@id\":\"https:\/\/www.outdoors.ee\/et\/toode\/ghost-mkii-seljakott\/\",\"url\":\"https:\/\/www.outdoors.ee\/et\/toode\/ghost-mkii-seljakott\/\",\"name\":\"Direct Action\u00ae GHOST Mk II seljakott - Outdoors\",\"isPartOf\":{\"@id\":\"https:\/\/www.outdoors.ee\/#website\"},\"primaryImageOfPage\":{\"@id\":\"https:\/\/www.outdoors.ee\/et\/toode\/ghost-mkii-seljakott\/#primaryimage\"},\"image\":{\"@id\":\"https:\/\/www.outdoors.ee\/et\/toode\/ghost-mkii-seljakott\/#primaryimage\"},\"thumbnailUrl\":\"https:\/\/www.outdoors.ee\/wp-content\/uploads\/2022\/09\/Ghost\u00ae-MKII-Backpack-7.jpg\",\"datePublished\":\"2022-09-23T09:55:20+00:00\",\"dateModified\":\"2025-08-16T13:47:43+00:00\",\"breadcrumb\":{\"@id\":\"https:\/\/www.outdoors.ee\/et\/toode\/ghost-mkii-seljakott\/#breadcrumb\"},\"inLanguage\":\"et\",\"potentialAction\":[{\"@type\":\"ReadAction\",\"target\":[\"https:\/\/www.outdoors.ee\/et\/toode\/ghost-mkii-seljakott\/\"]}]},{\"@type\":\"ImageObject\",\"inLanguage\":\"et\",\"@id\":\"https:\/\/www.outdoors.ee\/et\/toode\/ghost-mkii-seljakott\/#primaryimage\",\"url\":\"https:\/\/www.outdoors.ee\/wp-content\/uploads\/2022\/09\/Ghost\u00ae-MKII-Backpack-7.jpg\",\"contentUrl\":\"https:\/\/www.outdoors.ee\/wp-content\/uploads\/2022\/09\/Ghost\u00ae-MKII-Backpack-7.jpg\",\"width\":1500,\"height\":1500},{\"@type\":\"BreadcrumbList\",\"@id\":\"https:\/\/www.outdoors.ee\/et\/toode\/ghost-mkii-seljakott\/#breadcrumb\",\"itemListElement\":[{\"@type\":\"ListItem\",\"position\":1,\"name\":\"Home\",\"item\":\"https:\/\/www.outdoors.ee\/et\/\"},{\"@type\":\"ListItem\",\"position\":2,\"name\":\"Tooted\",\"item\":\"https:\/\/www.outdoors.ee\/products\/\"},{\"@type\":\"ListItem\",\"position\":3,\"name\":\"Direct Action\u00ae GHOST Mk II seljakott\"}]},{\"@type\":\"WebSite\",\"@id\":\"https:\/\/www.outdoors.ee\/#website\",\"url\":\"https:\/\/www.outdoors.ee\/\",\"name\":\"Outdoors\",\"description\":\"Genuine military surplus and not only!\",\"potentialAction\":[{\"@type\":\"SearchAction\",\"target\":{\"@type\":\"EntryPoint\",\"urlTemplate\":\"https:\/\/www.outdoors.ee\/?s={search_term_string}\"},\"query-input\":{\"@type\":\"PropertyValueSpecification\",\"valueRequired\":true,\"valueName\":\"search_term_string\"}}],\"inLanguage\":\"et\"}]}<\/script>\n<!-- \/ Yoast SEO plugin. -->","yoast_head_json":{"title":"Direct Action\u00ae GHOST Mk II seljakott - Outdoors","robots":{"index":"index","follow":"follow","max-snippet":"max-snippet:-1","max-image-preview":"max-image-preview:large","max-video-preview":"max-video-preview:-1"},"canonical":"https:\/\/www.outdoors.ee\/et\/toode\/ghost-mkii-seljakott\/","og_locale":"et_EE","og_type":"article","og_title":"Direct Action\u00ae GHOST Mk II seljakott - Outdoors","og_description":"Ghost\u00ae on 30+ liitrine seljakott, mis h\u00e4sti sobib taktikalise kolme-p\u00e4eva-seljakoti rolli. Seljakoti p\u00f5hiosa koosneb kahest t\u00f5mblukuga sahtlist. Esimene &#8211; suurem,","og_url":"https:\/\/www.outdoors.ee\/et\/toode\/ghost-mkii-seljakott\/","og_site_name":"Outdoors","article_modified_time":"2025-08-16T13:47:43+00:00","og_image":[{"width":1500,"height":1500,"url":"https:\/\/www.outdoors.ee\/wp-content\/uploads\/2022\/09\/Ghost\u00ae-MKII-Backpack-7.jpg","type":"image\/jpeg"}],"twitter_card":"summary_large_image","twitter_misc":{"Est. reading time":"1 minut"},"schema":{"@context":"https:\/\/schema.org","@graph":[{"@type":"WebPage","@id":"https:\/\/www.outdoors.ee\/et\/toode\/ghost-mkii-seljakott\/","url":"https:\/\/www.outdoors.ee\/et\/toode\/ghost-mkii-seljakott\/","name":"Direct Action\u00ae GHOST Mk II seljakott - Outdoors","isPartOf":{"@id":"https:\/\/www.outdoors.ee\/#website"},"primaryImageOfPage":{"@id":"https:\/\/www.outdoors.ee\/et\/toode\/ghost-mkii-seljakott\/#primaryimage"},"image":{"@id":"https:\/\/www.outdoors.ee\/et\/toode\/ghost-mkii-seljakott\/#primaryimage"},"thumbnailUrl":"https:\/\/www.outdoors.ee\/wp-content\/uploads\/2022\/09\/Ghost\u00ae-MKII-Backpack-7.jpg","datePublished":"2022-09-23T09:55:20+00:00","dateModified":"2025-08-16T13:47:43+00:00","breadcrumb":{"@id":"https:\/\/www.outdoors.ee\/et\/toode\/ghost-mkii-seljakott\/#breadcrumb"},"inLanguage":"et","potentialAction":[{"@type":"ReadAction","target":["https:\/\/www.outdoors.ee\/et\/toode\/ghost-mkii-seljakott\/"]}]},{"@type":"ImageObject","inLanguage":"et","@id":"https:\/\/www.outdoors.ee\/et\/toode\/ghost-mkii-seljakott\/#primaryimage","url":"https:\/\/www.outdoors.ee\/wp-content\/uploads\/2022\/09\/Ghost\u00ae-MKII-Backpack-7.jpg","contentUrl":"https:\/\/www.outdoors.ee\/wp-content\/uploads\/2022\/09\/Ghost\u00ae-MKII-Backpack-7.jpg","width":1500,"height":1500},{"@type":"BreadcrumbList","@id":"https:\/\/www.outdoors.ee\/et\/toode\/ghost-mkii-seljakott\/#breadcrumb","itemListElement":[{"@type":"ListItem","position":1,"name":"Home","item":"https:\/\/www.outdoors.ee\/et\/"},{"@type":"ListItem","position":2,"name":"Tooted","item":"https:\/\/www.outdoors.ee\/products\/"},{"@type":"ListItem","position":3,"name":"Direct Action\u00ae GHOST Mk II seljakott"}]},{"@type":"WebSite","@id":"https:\/\/www.outdoors.ee\/#website","url":"https:\/\/www.outdoors.ee\/","name":"Outdoors","description":"Genuine military surplus and not only!","potentialAction":[{"@type":"SearchAction","target":{"@type":"EntryPoint","urlTemplate":"https:\/\/www.outdoors.ee\/?s={search_term_string}"},"query-input":{"@type":"PropertyValueSpecification","valueRequired":true,"valueName":"search_term_string"}}],"inLanguage":"et"}]}},"_links":{"self":[{"href":"https:\/\/www.outdoors.ee\/et\/wp-json\/wp\/v2\/product\/72497","targetHints":{"allow":["GET"]}}],"collection":[{"href":"https:\/\/www.outdoors.ee\/et\/wp-json\/wp\/v2\/product"}],"about":[{"href":"https:\/\/www.outdoors.ee\/et\/wp-json\/wp\/v2\/types\/product"}],"wp:featuredmedia":[{"embeddable":true,"href":"https:\/\/www.outdoors.ee\/et\/wp-json\/wp\/v2\/media\/72485"}],"wp:attachment":[{"href":"https:\/\/www.outdoors.ee\/et\/wp-json\/wp\/v2\/media?parent=72497"}],"wp:term":[{"taxonomy":"product_brand","embeddable":true,"href":"https:\/\/www.outdoors.ee\/et\/wp-json\/wp\/v2\/product_brand?post=72497"},{"taxonomy":"product_cat","embeddable":true,"href":"https:\/\/www.outdoors.ee\/et\/wp-json\/wp\/v2\/product_cat?post=72497"},{"taxonomy":"product_tag","embeddable":true,"href":"https:\/\/www.outdoors.ee\/et\/wp-json\/wp\/v2\/product_tag?post=72497"}],"curies":[{"name":"wp","href":"https:\/\/api.w.org\/{rel}","templated":true}]}}