{"id":72462,"date":"2022-09-23T12:53:51","date_gmt":"2022-09-23T09:53:51","guid":{"rendered":"https:\/\/www.outdoors.ee\/?post_type=product&#038;p=72462"},"modified":"2026-04-18T16:29:55","modified_gmt":"2026-04-18T13:29:55","slug":"dragon-egg-mkii-seljakott","status":"publish","type":"product","link":"https:\/\/www.outdoors.ee\/et\/toode\/dragon-egg-mkii-seljakott\/","title":{"rendered":"Direct Action\u00ae DRAGON EGG Mk II seljakott"},"content":{"rendered":"<p>Kerge ja mitmeotstarbeliselt kasutatav seljakott, mis on m\u00f5eldud s\u00f5jav\u00e4elastele ja korrakaitseametnikele. Lai v\u00e4rvide\/kamuflaa\u017eide valik teeb sellest suurep\u00e4rase keskmise (25+L) suurusega p\u00e4evakoti ka jahimeestele ja vaba\u00f5huhuvilistele. Suurep\u00e4rane valik ka igap\u00e4evakasutusse. Seljakotil on kolm t\u00f5mblukuga sahtlit. Tagataskut saab kasutada raadioseadmete v\u00f5i kuni 15-tollise s\u00fclearvuti ohutuks kandmiseks. Direct Action\u00ae Dragon Egg\u00ae esitaskus on lukuga v\u00f5rktasku ja sisemine korraldaja m\u00e4rkmikute, GPS-i, kirjutusriistade ja muude v\u00e4ikeste oluliste asjade jaoks. Kaks k\u00fcljetaskut mahutavad v\u00e4ikseid ja lamedaid esemeid. Dragon Egg\u00ae-il on ka pehme veluurvoodriga t\u00f5mblukuga tasku prillide, mobiiltelefoni jms jaoks. MOLLE\/PALS-iga \u00fchilduv laserl\u00f5ikes\u00fcsteem muudab seljakoti t\u00e4ielikult modulaarseks, samal ajal s\u00e4ilitades tagasihoidliku v\u00e4limuse. T\u00e4nu munakujule on seljakott v\u00e4iksema k\u00f5rguse ja laiusega kui teised sarnase mahutavusega seljakotid, mis muudab selle kasutamise mugavamaks rakmete ning vestidega.\u00a0 Puusarihm on eemaldatav. Combat Vent System\u00ae, uuenduslik seljakottides kasutatav ventilatsioonis\u00fcsteem, mis pakub kasutajale suuremat mugavust. Valmistatud mitme \u00f5hukanaliga vahtprofiilidest, mis on kombineeritud \u00f5hulise v\u00f5rguga, CVS\u00ae hoiab sejakoti seljast eemal, mis parandab \u00f5huringlust, v\u00e4ltides kuumuse kogunemist ja higistamist.<\/p>\n<p><strong>Omadused:<\/strong><\/p>\n<ul>\n<li>laserl\u00f5ikega MOLLE\/PALS s\u00fcsteem<\/li>\n<li>t\u00f6\u00f6kindlad kahesuunalised YKK\u00ae t\u00f5mblukud<\/li>\n<li>v\u00f5rktasku ning joogis\u00fcsteemi tasku peasahtlis<\/li>\n<li>2 v\u00e4limist tasku t\u00f5mblukkudega<\/li>\n<li>uuendatud venivad k\u00fcljetaskud<\/li>\n<li>t\u00f5mblukuga sahtel, mis sobib joogis\u00fcsteemile ning vajadusel mahutab s\u00fclearvuti suurusega kuni 15\u201d<\/li>\n<li>Paracord kangesangaga \u00fcleval<\/li>\n<li>t\u00e4iendavad kandesangad k\u00fclgedel<\/li>\n<li>reguleeritava pikkusega ning quick-release klambritega \u00f5larihmad<\/li>\n<li>eemaldatav, reguleeritava pikkusega ning quick-release klambriga puusav\u00f6\u00f6<\/li>\n<li>D-aasad lisavarustuse kinnitamiseks<\/li>\n<li>klambritega kompressioonrihmad k\u00fclgedel ning p\u00f5hjas<\/li>\n<li>takjapaela paneel suurusega 10.1 x 5.1 cm \/ 4 x 2 in<\/li>\n<li>toodetud of 500D Cordura\u00ae fabric, DWR coated<\/li>\n<li>Duraflex\u00ae\/WooJin klambrid<\/li>\n<li>PenCott\u2122, Kryptek\u2122 and Multicam\u00ae kamuflaa\u017eis seljakotid on l\u00e4binud NIR (Near Infrared) t\u00f6\u00f6tluse<\/li>\n<li>Mahy 25L<\/li>\n<li>Kaal 1620g<\/li>\n<li>M\u00f5\u00f5dud 45 x 27 x 18cm\/18 x 10.6 x 7in<\/li>\n<\/ul>\n<p><strong>Seisukord:<\/strong> uus<\/p>\n","protected":false},"excerpt":{"rendered":"<p>Kerge ja mitmeotstarbeliselt kasutatav seljakott, mis on m\u00f5eldud s\u00f5jav\u00e4elastele ja korrakaitseametnikele. Lai v\u00e4rvide\/kamuflaa\u017eide valik teeb sellest suurep\u00e4rase keskmise (25+L) suurusega<\/p>\n","protected":false},"featured_media":72436,"template":"","meta":[],"product_brand":[],"product_cat":[3539],"product_tag":[],"class_list":{"0":"post-72462","1":"product","2":"type-product","3":"status-publish","4":"has-post-thumbnail","6":"product_cat-seljakotid","7":"pa_brand-direct-action-2","8":"pa_color-adaptive-green-2","9":"pa_color-adaptive-green-coyote","10":"pa_color-black-2","11":"pa_color-coyote-brown-2","12":"pa_color-multicam-2","13":"pa_color-olive-green-2","14":"pa_color-pl-woodland-et","15":"pa_color-ranger-green-2","16":"pa_color-urban-grey-2","18":"first","19":"instock","20":"taxable","21":"shipping-taxable","22":"purchasable","23":"product-type-variable"},"yoast_head":"<!-- This site is optimized with the Yoast SEO plugin v27.2 - https:\/\/yoast.com\/product\/yoast-seo-wordpress\/ -->\n<title>Direct Action\u00ae DRAGON EGG Mk II seljakott - Outdoors<\/title>\n<meta name=\"robots\" content=\"index, follow, max-snippet:-1, max-image-preview:large, max-video-preview:-1\" \/>\n<link rel=\"canonical\" href=\"https:\/\/www.outdoors.ee\/et\/toode\/dragon-egg-mkii-seljakott\/\" \/>\n<meta property=\"og:locale\" content=\"et_EE\" \/>\n<meta property=\"og:type\" content=\"article\" \/>\n<meta property=\"og:title\" content=\"Direct Action\u00ae DRAGON EGG Mk II seljakott - Outdoors\" \/>\n<meta property=\"og:description\" content=\"Kerge ja mitmeotstarbeliselt kasutatav seljakott, mis on m\u00f5eldud s\u00f5jav\u00e4elastele ja korrakaitseametnikele. Lai v\u00e4rvide\/kamuflaa\u017eide valik teeb sellest suurep\u00e4rase keskmise (25+L) suurusega\" \/>\n<meta property=\"og:url\" content=\"https:\/\/www.outdoors.ee\/et\/toode\/dragon-egg-mkii-seljakott\/\" \/>\n<meta property=\"og:site_name\" content=\"Outdoors\" \/>\n<meta property=\"article:modified_time\" content=\"2026-04-18T13:29:55+00:00\" \/>\n<meta property=\"og:image\" content=\"https:\/\/www.outdoors.ee\/wp-content\/uploads\/2022\/09\/Direct-Action\u00ae-Dragon-Egg\u00ae-MK-II-Backpack-1.jpg\" \/>\n\t<meta property=\"og:image:width\" content=\"1500\" \/>\n\t<meta property=\"og:image:height\" content=\"1500\" \/>\n\t<meta property=\"og:image:type\" content=\"image\/jpeg\" \/>\n<meta name=\"twitter:card\" content=\"summary_large_image\" \/>\n<meta name=\"twitter:label1\" content=\"Est. reading time\" \/>\n\t<meta name=\"twitter:data1\" content=\"2 minutit\" \/>\n<script type=\"application\/ld+json\" class=\"yoast-schema-graph\">{\"@context\":\"https:\/\/schema.org\",\"@graph\":[{\"@type\":\"WebPage\",\"@id\":\"https:\/\/www.outdoors.ee\/et\/toode\/dragon-egg-mkii-seljakott\/\",\"url\":\"https:\/\/www.outdoors.ee\/et\/toode\/dragon-egg-mkii-seljakott\/\",\"name\":\"Direct Action\u00ae DRAGON EGG Mk II seljakott - Outdoors\",\"isPartOf\":{\"@id\":\"https:\/\/www.outdoors.ee\/#website\"},\"primaryImageOfPage\":{\"@id\":\"https:\/\/www.outdoors.ee\/et\/toode\/dragon-egg-mkii-seljakott\/#primaryimage\"},\"image\":{\"@id\":\"https:\/\/www.outdoors.ee\/et\/toode\/dragon-egg-mkii-seljakott\/#primaryimage\"},\"thumbnailUrl\":\"https:\/\/www.outdoors.ee\/wp-content\/uploads\/2022\/09\/Direct-Action\u00ae-Dragon-Egg\u00ae-MK-II-Backpack-1.jpg\",\"datePublished\":\"2022-09-23T09:53:51+00:00\",\"dateModified\":\"2026-04-18T13:29:55+00:00\",\"breadcrumb\":{\"@id\":\"https:\/\/www.outdoors.ee\/et\/toode\/dragon-egg-mkii-seljakott\/#breadcrumb\"},\"inLanguage\":\"et\",\"potentialAction\":[{\"@type\":\"ReadAction\",\"target\":[\"https:\/\/www.outdoors.ee\/et\/toode\/dragon-egg-mkii-seljakott\/\"]}]},{\"@type\":\"ImageObject\",\"inLanguage\":\"et\",\"@id\":\"https:\/\/www.outdoors.ee\/et\/toode\/dragon-egg-mkii-seljakott\/#primaryimage\",\"url\":\"https:\/\/www.outdoors.ee\/wp-content\/uploads\/2022\/09\/Direct-Action\u00ae-Dragon-Egg\u00ae-MK-II-Backpack-1.jpg\",\"contentUrl\":\"https:\/\/www.outdoors.ee\/wp-content\/uploads\/2022\/09\/Direct-Action\u00ae-Dragon-Egg\u00ae-MK-II-Backpack-1.jpg\",\"width\":1500,\"height\":1500},{\"@type\":\"BreadcrumbList\",\"@id\":\"https:\/\/www.outdoors.ee\/et\/toode\/dragon-egg-mkii-seljakott\/#breadcrumb\",\"itemListElement\":[{\"@type\":\"ListItem\",\"position\":1,\"name\":\"Home\",\"item\":\"https:\/\/www.outdoors.ee\/et\/\"},{\"@type\":\"ListItem\",\"position\":2,\"name\":\"Tooted\",\"item\":\"https:\/\/www.outdoors.ee\/products\/\"},{\"@type\":\"ListItem\",\"position\":3,\"name\":\"Direct Action\u00ae DRAGON EGG Mk II seljakott\"}]},{\"@type\":\"WebSite\",\"@id\":\"https:\/\/www.outdoors.ee\/#website\",\"url\":\"https:\/\/www.outdoors.ee\/\",\"name\":\"Outdoors\",\"description\":\"Genuine military surplus and not only!\",\"potentialAction\":[{\"@type\":\"SearchAction\",\"target\":{\"@type\":\"EntryPoint\",\"urlTemplate\":\"https:\/\/www.outdoors.ee\/?s={search_term_string}\"},\"query-input\":{\"@type\":\"PropertyValueSpecification\",\"valueRequired\":true,\"valueName\":\"search_term_string\"}}],\"inLanguage\":\"et\"}]}<\/script>\n<!-- \/ Yoast SEO plugin. -->","yoast_head_json":{"title":"Direct Action\u00ae DRAGON EGG Mk II seljakott - Outdoors","robots":{"index":"index","follow":"follow","max-snippet":"max-snippet:-1","max-image-preview":"max-image-preview:large","max-video-preview":"max-video-preview:-1"},"canonical":"https:\/\/www.outdoors.ee\/et\/toode\/dragon-egg-mkii-seljakott\/","og_locale":"et_EE","og_type":"article","og_title":"Direct Action\u00ae DRAGON EGG Mk II seljakott - Outdoors","og_description":"Kerge ja mitmeotstarbeliselt kasutatav seljakott, mis on m\u00f5eldud s\u00f5jav\u00e4elastele ja korrakaitseametnikele. Lai v\u00e4rvide\/kamuflaa\u017eide valik teeb sellest suurep\u00e4rase keskmise (25+L) suurusega","og_url":"https:\/\/www.outdoors.ee\/et\/toode\/dragon-egg-mkii-seljakott\/","og_site_name":"Outdoors","article_modified_time":"2026-04-18T13:29:55+00:00","og_image":[{"width":1500,"height":1500,"url":"https:\/\/www.outdoors.ee\/wp-content\/uploads\/2022\/09\/Direct-Action\u00ae-Dragon-Egg\u00ae-MK-II-Backpack-1.jpg","type":"image\/jpeg"}],"twitter_card":"summary_large_image","twitter_misc":{"Est. reading time":"2 minutit"},"schema":{"@context":"https:\/\/schema.org","@graph":[{"@type":"WebPage","@id":"https:\/\/www.outdoors.ee\/et\/toode\/dragon-egg-mkii-seljakott\/","url":"https:\/\/www.outdoors.ee\/et\/toode\/dragon-egg-mkii-seljakott\/","name":"Direct Action\u00ae DRAGON EGG Mk II seljakott - Outdoors","isPartOf":{"@id":"https:\/\/www.outdoors.ee\/#website"},"primaryImageOfPage":{"@id":"https:\/\/www.outdoors.ee\/et\/toode\/dragon-egg-mkii-seljakott\/#primaryimage"},"image":{"@id":"https:\/\/www.outdoors.ee\/et\/toode\/dragon-egg-mkii-seljakott\/#primaryimage"},"thumbnailUrl":"https:\/\/www.outdoors.ee\/wp-content\/uploads\/2022\/09\/Direct-Action\u00ae-Dragon-Egg\u00ae-MK-II-Backpack-1.jpg","datePublished":"2022-09-23T09:53:51+00:00","dateModified":"2026-04-18T13:29:55+00:00","breadcrumb":{"@id":"https:\/\/www.outdoors.ee\/et\/toode\/dragon-egg-mkii-seljakott\/#breadcrumb"},"inLanguage":"et","potentialAction":[{"@type":"ReadAction","target":["https:\/\/www.outdoors.ee\/et\/toode\/dragon-egg-mkii-seljakott\/"]}]},{"@type":"ImageObject","inLanguage":"et","@id":"https:\/\/www.outdoors.ee\/et\/toode\/dragon-egg-mkii-seljakott\/#primaryimage","url":"https:\/\/www.outdoors.ee\/wp-content\/uploads\/2022\/09\/Direct-Action\u00ae-Dragon-Egg\u00ae-MK-II-Backpack-1.jpg","contentUrl":"https:\/\/www.outdoors.ee\/wp-content\/uploads\/2022\/09\/Direct-Action\u00ae-Dragon-Egg\u00ae-MK-II-Backpack-1.jpg","width":1500,"height":1500},{"@type":"BreadcrumbList","@id":"https:\/\/www.outdoors.ee\/et\/toode\/dragon-egg-mkii-seljakott\/#breadcrumb","itemListElement":[{"@type":"ListItem","position":1,"name":"Home","item":"https:\/\/www.outdoors.ee\/et\/"},{"@type":"ListItem","position":2,"name":"Tooted","item":"https:\/\/www.outdoors.ee\/products\/"},{"@type":"ListItem","position":3,"name":"Direct Action\u00ae DRAGON EGG Mk II seljakott"}]},{"@type":"WebSite","@id":"https:\/\/www.outdoors.ee\/#website","url":"https:\/\/www.outdoors.ee\/","name":"Outdoors","description":"Genuine military surplus and not only!","potentialAction":[{"@type":"SearchAction","target":{"@type":"EntryPoint","urlTemplate":"https:\/\/www.outdoors.ee\/?s={search_term_string}"},"query-input":{"@type":"PropertyValueSpecification","valueRequired":true,"valueName":"search_term_string"}}],"inLanguage":"et"}]}},"_links":{"self":[{"href":"https:\/\/www.outdoors.ee\/et\/wp-json\/wp\/v2\/product\/72462","targetHints":{"allow":["GET"]}}],"collection":[{"href":"https:\/\/www.outdoors.ee\/et\/wp-json\/wp\/v2\/product"}],"about":[{"href":"https:\/\/www.outdoors.ee\/et\/wp-json\/wp\/v2\/types\/product"}],"wp:featuredmedia":[{"embeddable":true,"href":"https:\/\/www.outdoors.ee\/et\/wp-json\/wp\/v2\/media\/72436"}],"wp:attachment":[{"href":"https:\/\/www.outdoors.ee\/et\/wp-json\/wp\/v2\/media?parent=72462"}],"wp:term":[{"taxonomy":"product_brand","embeddable":true,"href":"https:\/\/www.outdoors.ee\/et\/wp-json\/wp\/v2\/product_brand?post=72462"},{"taxonomy":"product_cat","embeddable":true,"href":"https:\/\/www.outdoors.ee\/et\/wp-json\/wp\/v2\/product_cat?post=72462"},{"taxonomy":"product_tag","embeddable":true,"href":"https:\/\/www.outdoors.ee\/et\/wp-json\/wp\/v2\/product_tag?post=72462"}],"curies":[{"name":"wp","href":"https:\/\/api.w.org\/{rel}","templated":true}]}}