{"id":72157,"date":"2022-09-20T11:31:00","date_gmt":"2022-09-20T08:31:00","guid":{"rendered":"https:\/\/www.outdoors.ee\/?post_type=product&#038;p=72157"},"modified":"2025-08-26T15:40:13","modified_gmt":"2025-08-26T12:40:13","slug":"fliisjope-classic-army-windblocker-jacket","status":"publish","type":"product","link":"https:\/\/www.outdoors.ee\/et\/toode\/fliisjope-classic-army-windblocker-jacket\/","title":{"rendered":"Helikon-Tex\u00ae fliisjope Classic Army Windblocker Fleece Jacket"},"content":{"rendered":"<p><strong>Omadused:<\/strong><\/p>\n<ul>\n<li>kantav nii sooja vahekihina kui eraldi jopena<\/li>\n<li>Helikon-Tex\u00ae Windblocker membraan t\u00e4iendava tuulekaitse eesm\u00e4rgil<\/li>\n<li>p\u00fcstkrae pingutusn\u00f6\u00f6riga<\/li>\n<li>kraesse kokkupandav kapuuts<\/li>\n<li>t\u00e4ispikkuses kahesuunaline t\u00f5mblukk sisemise tormklapiga<\/li>\n<li>2 t\u00f5mblukuga taskut vasakul k\u00e4isel<\/li>\n<li>t\u00f5mblukuga tasku rinnal<\/li>\n<li>sisemine t\u00f5mblukuga tasku rinnal<\/li>\n<li>2 t\u00f5mblukkudega k\u00e4etaskut<\/li>\n<li>kaenlaalune ventilatsioon kahesuunaliste t\u00f5mblukkude n\u00e4ol<\/li>\n<li>tugevdused \u00f5lgade ning k\u00fc\u00fcnarnukkide piirkondades<\/li>\n<li>takjapaela abil reguleeritav manseti laius<\/li>\n<li>alumise \u00e4\u00e4re pingutusn\u00f6\u00f6d<\/li>\n<li>sirge l\u00f5ige<\/li>\n<li>materjal: 100% pol\u00fcester, 380g\/m2<\/li>\n<li>kaal 1180g<\/li>\n<\/ul>\n<p><strong>Seisukord:<\/strong> uus<\/p>\n","protected":false},"excerpt":{"rendered":"<p>Omadused: kantav nii sooja vahekihina kui eraldi jopena Helikon-Tex\u00ae Windblocker membraan t\u00e4iendava tuulekaitse eesm\u00e4rgil p\u00fcstkrae pingutusn\u00f6\u00f6riga kraesse kokkupandav kapuuts t\u00e4ispikkuses<\/p>\n","protected":false},"featured_media":72169,"template":"","meta":[],"product_brand":[],"product_cat":[101],"product_tag":[],"class_list":{"0":"post-72157","1":"product","2":"type-product","3":"status-publish","4":"has-post-thumbnail","6":"product_cat-joped-parkad","7":"pa_brand-helikon-tex","8":"pa_color-black-2","9":"pa_color-olive-black-2","10":"pa_size-l-2","11":"pa_size-m-2","12":"pa_size-xl-2","14":"first","15":"instock","16":"taxable","17":"shipping-taxable","18":"purchasable","19":"product-type-variable"},"yoast_head":"<!-- This site is optimized with the Yoast SEO plugin v27.2 - https:\/\/yoast.com\/product\/yoast-seo-wordpress\/ -->\n<title>Helikon-Tex\u00ae fliisjope Classic Army Windblocker Fleece Jacket - Outdoors<\/title>\n<meta name=\"robots\" content=\"index, follow, max-snippet:-1, max-image-preview:large, max-video-preview:-1\" \/>\n<link rel=\"canonical\" href=\"https:\/\/www.outdoors.ee\/et\/toode\/fliisjope-classic-army-windblocker-jacket\/\" \/>\n<meta property=\"og:locale\" content=\"et_EE\" \/>\n<meta property=\"og:type\" content=\"article\" \/>\n<meta property=\"og:title\" content=\"Helikon-Tex\u00ae fliisjope Classic Army Windblocker Fleece Jacket - Outdoors\" \/>\n<meta property=\"og:description\" content=\"Omadused: kantav nii sooja vahekihina kui eraldi jopena Helikon-Tex\u00ae Windblocker membraan t\u00e4iendava tuulekaitse eesm\u00e4rgil p\u00fcstkrae pingutusn\u00f6\u00f6riga kraesse kokkupandav kapuuts t\u00e4ispikkuses\" \/>\n<meta property=\"og:url\" content=\"https:\/\/www.outdoors.ee\/et\/toode\/fliisjope-classic-army-windblocker-jacket\/\" \/>\n<meta property=\"og:site_name\" content=\"Outdoors\" \/>\n<meta property=\"article:modified_time\" content=\"2025-08-26T12:40:13+00:00\" \/>\n<meta property=\"og:image\" content=\"https:\/\/www.outdoors.ee\/wp-content\/uploads\/2022\/09\/Helikon-Tex\u00ae-Classic-Army-Windblocker-Jacket-1.jpg\" \/>\n\t<meta property=\"og:image:width\" content=\"1500\" \/>\n\t<meta property=\"og:image:height\" content=\"1500\" \/>\n\t<meta property=\"og:image:type\" content=\"image\/jpeg\" \/>\n<meta name=\"twitter:card\" content=\"summary_large_image\" \/>\n<meta name=\"twitter:label1\" content=\"Est. reading time\" \/>\n\t<meta name=\"twitter:data1\" content=\"1 minut\" \/>\n<script type=\"application\/ld+json\" class=\"yoast-schema-graph\">{\"@context\":\"https:\/\/schema.org\",\"@graph\":[{\"@type\":\"WebPage\",\"@id\":\"https:\/\/www.outdoors.ee\/et\/toode\/fliisjope-classic-army-windblocker-jacket\/\",\"url\":\"https:\/\/www.outdoors.ee\/et\/toode\/fliisjope-classic-army-windblocker-jacket\/\",\"name\":\"Helikon-Tex\u00ae fliisjope Classic Army Windblocker Fleece Jacket - Outdoors\",\"isPartOf\":{\"@id\":\"https:\/\/www.outdoors.ee\/#website\"},\"primaryImageOfPage\":{\"@id\":\"https:\/\/www.outdoors.ee\/et\/toode\/fliisjope-classic-army-windblocker-jacket\/#primaryimage\"},\"image\":{\"@id\":\"https:\/\/www.outdoors.ee\/et\/toode\/fliisjope-classic-army-windblocker-jacket\/#primaryimage\"},\"thumbnailUrl\":\"https:\/\/www.outdoors.ee\/wp-content\/uploads\/2022\/09\/Helikon-Tex\u00ae-Classic-Army-Windblocker-Jacket-1.jpg\",\"datePublished\":\"2022-09-20T08:31:00+00:00\",\"dateModified\":\"2025-08-26T12:40:13+00:00\",\"breadcrumb\":{\"@id\":\"https:\/\/www.outdoors.ee\/et\/toode\/fliisjope-classic-army-windblocker-jacket\/#breadcrumb\"},\"inLanguage\":\"et\",\"potentialAction\":[{\"@type\":\"ReadAction\",\"target\":[\"https:\/\/www.outdoors.ee\/et\/toode\/fliisjope-classic-army-windblocker-jacket\/\"]}]},{\"@type\":\"ImageObject\",\"inLanguage\":\"et\",\"@id\":\"https:\/\/www.outdoors.ee\/et\/toode\/fliisjope-classic-army-windblocker-jacket\/#primaryimage\",\"url\":\"https:\/\/www.outdoors.ee\/wp-content\/uploads\/2022\/09\/Helikon-Tex\u00ae-Classic-Army-Windblocker-Jacket-1.jpg\",\"contentUrl\":\"https:\/\/www.outdoors.ee\/wp-content\/uploads\/2022\/09\/Helikon-Tex\u00ae-Classic-Army-Windblocker-Jacket-1.jpg\",\"width\":1500,\"height\":1500},{\"@type\":\"BreadcrumbList\",\"@id\":\"https:\/\/www.outdoors.ee\/et\/toode\/fliisjope-classic-army-windblocker-jacket\/#breadcrumb\",\"itemListElement\":[{\"@type\":\"ListItem\",\"position\":1,\"name\":\"Home\",\"item\":\"https:\/\/www.outdoors.ee\/et\/\"},{\"@type\":\"ListItem\",\"position\":2,\"name\":\"Tooted\",\"item\":\"https:\/\/www.outdoors.ee\/products\/\"},{\"@type\":\"ListItem\",\"position\":3,\"name\":\"Helikon-Tex\u00ae fliisjope Classic Army Windblocker Fleece Jacket\"}]},{\"@type\":\"WebSite\",\"@id\":\"https:\/\/www.outdoors.ee\/#website\",\"url\":\"https:\/\/www.outdoors.ee\/\",\"name\":\"Outdoors\",\"description\":\"Genuine military surplus and not only!\",\"potentialAction\":[{\"@type\":\"SearchAction\",\"target\":{\"@type\":\"EntryPoint\",\"urlTemplate\":\"https:\/\/www.outdoors.ee\/?s={search_term_string}\"},\"query-input\":{\"@type\":\"PropertyValueSpecification\",\"valueRequired\":true,\"valueName\":\"search_term_string\"}}],\"inLanguage\":\"et\"}]}<\/script>\n<!-- \/ Yoast SEO plugin. -->","yoast_head_json":{"title":"Helikon-Tex\u00ae fliisjope Classic Army Windblocker Fleece Jacket - Outdoors","robots":{"index":"index","follow":"follow","max-snippet":"max-snippet:-1","max-image-preview":"max-image-preview:large","max-video-preview":"max-video-preview:-1"},"canonical":"https:\/\/www.outdoors.ee\/et\/toode\/fliisjope-classic-army-windblocker-jacket\/","og_locale":"et_EE","og_type":"article","og_title":"Helikon-Tex\u00ae fliisjope Classic Army Windblocker Fleece Jacket - Outdoors","og_description":"Omadused: kantav nii sooja vahekihina kui eraldi jopena Helikon-Tex\u00ae Windblocker membraan t\u00e4iendava tuulekaitse eesm\u00e4rgil p\u00fcstkrae pingutusn\u00f6\u00f6riga kraesse kokkupandav kapuuts t\u00e4ispikkuses","og_url":"https:\/\/www.outdoors.ee\/et\/toode\/fliisjope-classic-army-windblocker-jacket\/","og_site_name":"Outdoors","article_modified_time":"2025-08-26T12:40:13+00:00","og_image":[{"width":1500,"height":1500,"url":"https:\/\/www.outdoors.ee\/wp-content\/uploads\/2022\/09\/Helikon-Tex\u00ae-Classic-Army-Windblocker-Jacket-1.jpg","type":"image\/jpeg"}],"twitter_card":"summary_large_image","twitter_misc":{"Est. reading time":"1 minut"},"schema":{"@context":"https:\/\/schema.org","@graph":[{"@type":"WebPage","@id":"https:\/\/www.outdoors.ee\/et\/toode\/fliisjope-classic-army-windblocker-jacket\/","url":"https:\/\/www.outdoors.ee\/et\/toode\/fliisjope-classic-army-windblocker-jacket\/","name":"Helikon-Tex\u00ae fliisjope Classic Army Windblocker Fleece Jacket - Outdoors","isPartOf":{"@id":"https:\/\/www.outdoors.ee\/#website"},"primaryImageOfPage":{"@id":"https:\/\/www.outdoors.ee\/et\/toode\/fliisjope-classic-army-windblocker-jacket\/#primaryimage"},"image":{"@id":"https:\/\/www.outdoors.ee\/et\/toode\/fliisjope-classic-army-windblocker-jacket\/#primaryimage"},"thumbnailUrl":"https:\/\/www.outdoors.ee\/wp-content\/uploads\/2022\/09\/Helikon-Tex\u00ae-Classic-Army-Windblocker-Jacket-1.jpg","datePublished":"2022-09-20T08:31:00+00:00","dateModified":"2025-08-26T12:40:13+00:00","breadcrumb":{"@id":"https:\/\/www.outdoors.ee\/et\/toode\/fliisjope-classic-army-windblocker-jacket\/#breadcrumb"},"inLanguage":"et","potentialAction":[{"@type":"ReadAction","target":["https:\/\/www.outdoors.ee\/et\/toode\/fliisjope-classic-army-windblocker-jacket\/"]}]},{"@type":"ImageObject","inLanguage":"et","@id":"https:\/\/www.outdoors.ee\/et\/toode\/fliisjope-classic-army-windblocker-jacket\/#primaryimage","url":"https:\/\/www.outdoors.ee\/wp-content\/uploads\/2022\/09\/Helikon-Tex\u00ae-Classic-Army-Windblocker-Jacket-1.jpg","contentUrl":"https:\/\/www.outdoors.ee\/wp-content\/uploads\/2022\/09\/Helikon-Tex\u00ae-Classic-Army-Windblocker-Jacket-1.jpg","width":1500,"height":1500},{"@type":"BreadcrumbList","@id":"https:\/\/www.outdoors.ee\/et\/toode\/fliisjope-classic-army-windblocker-jacket\/#breadcrumb","itemListElement":[{"@type":"ListItem","position":1,"name":"Home","item":"https:\/\/www.outdoors.ee\/et\/"},{"@type":"ListItem","position":2,"name":"Tooted","item":"https:\/\/www.outdoors.ee\/products\/"},{"@type":"ListItem","position":3,"name":"Helikon-Tex\u00ae fliisjope Classic Army Windblocker Fleece Jacket"}]},{"@type":"WebSite","@id":"https:\/\/www.outdoors.ee\/#website","url":"https:\/\/www.outdoors.ee\/","name":"Outdoors","description":"Genuine military surplus and not only!","potentialAction":[{"@type":"SearchAction","target":{"@type":"EntryPoint","urlTemplate":"https:\/\/www.outdoors.ee\/?s={search_term_string}"},"query-input":{"@type":"PropertyValueSpecification","valueRequired":true,"valueName":"search_term_string"}}],"inLanguage":"et"}]}},"_links":{"self":[{"href":"https:\/\/www.outdoors.ee\/et\/wp-json\/wp\/v2\/product\/72157","targetHints":{"allow":["GET"]}}],"collection":[{"href":"https:\/\/www.outdoors.ee\/et\/wp-json\/wp\/v2\/product"}],"about":[{"href":"https:\/\/www.outdoors.ee\/et\/wp-json\/wp\/v2\/types\/product"}],"wp:featuredmedia":[{"embeddable":true,"href":"https:\/\/www.outdoors.ee\/et\/wp-json\/wp\/v2\/media\/72169"}],"wp:attachment":[{"href":"https:\/\/www.outdoors.ee\/et\/wp-json\/wp\/v2\/media?parent=72157"}],"wp:term":[{"taxonomy":"product_brand","embeddable":true,"href":"https:\/\/www.outdoors.ee\/et\/wp-json\/wp\/v2\/product_brand?post=72157"},{"taxonomy":"product_cat","embeddable":true,"href":"https:\/\/www.outdoors.ee\/et\/wp-json\/wp\/v2\/product_cat?post=72157"},{"taxonomy":"product_tag","embeddable":true,"href":"https:\/\/www.outdoors.ee\/et\/wp-json\/wp\/v2\/product_tag?post=72157"}],"curies":[{"name":"wp","href":"https:\/\/api.w.org\/{rel}","templated":true}]}}