{"id":71915,"date":"2022-09-23T09:22:57","date_gmt":"2022-09-23T06:22:57","guid":{"rendered":"https:\/\/www.outdoors.ee\/?post_type=product&#038;p=71915"},"modified":"2025-08-16T16:56:25","modified_gmt":"2025-08-16T13:56:25","slug":"varustuse-kott-deployment-bag-small","status":"publish","type":"product","link":"https:\/\/www.outdoors.ee\/et\/toode\/varustuse-kott-deployment-bag-small\/","title":{"rendered":"Direct Action\u00ae varustuse kott Deployment Bag &#8211; Small"},"content":{"rendered":"<p><strong>Omadused:<\/strong><\/p>\n<ul>\n<li>maht 42L<\/li>\n<li>pehme kangastruktuuriga, v\u00f5imaldab kompaktset kokkupakkimist<\/li>\n<li>toodetud Cordura\u00ae 500D, kannatab suurt koormust<\/li>\n<li>reguleeritava pikkusega \u00f5larihm<\/li>\n<li>2 t\u00e4ispikkuses koti k\u00fclge \u00f5mmeldud vastupidavat kandesanga<\/li>\n<li>keskel asetsev YKK\u00ae t\u00f5mblukk koti t\u00e4ispikkuses<\/li>\n<li>2 t\u00f5mblukkudega taskut koti k\u00fclgedel<\/li>\n<li>2 t\u00f5mblukkudega taskut koti sees<\/li>\n<li>2 takjapaneeli k\u00fclgedel<\/li>\n<li>l\u00e4bipaistev ID tasku<\/li>\n<li>kaal 530g<\/li>\n<li>m\u00f5\u00f5tmed: 27 x 55 x 28 cm \/ 10,63 x 21,65 x 11,02 in<\/li>\n<\/ul>\n<p><strong>Seisukord:<\/strong> uus<\/p>\n","protected":false},"excerpt":{"rendered":"<p>Omadused: maht 42L pehme kangastruktuuriga, v\u00f5imaldab kompaktset kokkupakkimist toodetud Cordura\u00ae 500D, kannatab suurt koormust reguleeritava pikkusega \u00f5larihm 2 t\u00e4ispikkuses koti<\/p>\n","protected":false},"featured_media":71888,"template":"","meta":[],"product_brand":[],"product_cat":[3541],"product_tag":[],"class_list":{"0":"post-71915","1":"product","2":"type-product","3":"status-publish","4":"has-post-thumbnail","6":"product_cat-kotid-taskud","7":"pa_brand-direct-action-2","8":"pa_color-adaptive-green-2","9":"pa_color-black-2","10":"pa_color-coyote-brown-2","11":"pa_color-multicam-2","13":"first","14":"instock","15":"taxable","16":"shipping-taxable","17":"purchasable","18":"product-type-variable"},"yoast_head":"<!-- This site is optimized with the Yoast SEO plugin v27.2 - https:\/\/yoast.com\/product\/yoast-seo-wordpress\/ -->\n<title>Direct Action\u00ae varustuse kott Deployment Bag - Small - Outdoors<\/title>\n<meta name=\"robots\" content=\"index, follow, max-snippet:-1, max-image-preview:large, max-video-preview:-1\" \/>\n<link rel=\"canonical\" href=\"https:\/\/www.outdoors.ee\/et\/toode\/varustuse-kott-deployment-bag-small\/\" \/>\n<meta property=\"og:locale\" content=\"et_EE\" \/>\n<meta property=\"og:type\" content=\"article\" \/>\n<meta property=\"og:title\" content=\"Direct Action\u00ae varustuse kott Deployment Bag - Small - Outdoors\" \/>\n<meta property=\"og:description\" content=\"Omadused: maht 42L pehme kangastruktuuriga, v\u00f5imaldab kompaktset kokkupakkimist toodetud Cordura\u00ae 500D, kannatab suurt koormust reguleeritava pikkusega \u00f5larihm 2 t\u00e4ispikkuses koti\" \/>\n<meta property=\"og:url\" content=\"https:\/\/www.outdoors.ee\/et\/toode\/varustuse-kott-deployment-bag-small\/\" \/>\n<meta property=\"og:site_name\" content=\"Outdoors\" \/>\n<meta property=\"article:modified_time\" content=\"2025-08-16T13:56:25+00:00\" \/>\n<meta property=\"og:image\" content=\"https:\/\/www.outdoors.ee\/wp-content\/uploads\/2022\/09\/Direct-Action-Deployment-Bag-Small-3.jpg\" \/>\n\t<meta property=\"og:image:width\" content=\"1500\" \/>\n\t<meta property=\"og:image:height\" content=\"1500\" \/>\n\t<meta property=\"og:image:type\" content=\"image\/jpeg\" \/>\n<meta name=\"twitter:card\" content=\"summary_large_image\" \/>\n<meta name=\"twitter:label1\" content=\"Est. reading time\" \/>\n\t<meta name=\"twitter:data1\" content=\"1 minut\" \/>\n<script type=\"application\/ld+json\" class=\"yoast-schema-graph\">{\"@context\":\"https:\/\/schema.org\",\"@graph\":[{\"@type\":\"WebPage\",\"@id\":\"https:\/\/www.outdoors.ee\/et\/toode\/varustuse-kott-deployment-bag-small\/\",\"url\":\"https:\/\/www.outdoors.ee\/et\/toode\/varustuse-kott-deployment-bag-small\/\",\"name\":\"Direct Action\u00ae varustuse kott Deployment Bag - Small - Outdoors\",\"isPartOf\":{\"@id\":\"https:\/\/www.outdoors.ee\/#website\"},\"primaryImageOfPage\":{\"@id\":\"https:\/\/www.outdoors.ee\/et\/toode\/varustuse-kott-deployment-bag-small\/#primaryimage\"},\"image\":{\"@id\":\"https:\/\/www.outdoors.ee\/et\/toode\/varustuse-kott-deployment-bag-small\/#primaryimage\"},\"thumbnailUrl\":\"https:\/\/www.outdoors.ee\/wp-content\/uploads\/2022\/09\/Direct-Action-Deployment-Bag-Small-3.jpg\",\"datePublished\":\"2022-09-23T06:22:57+00:00\",\"dateModified\":\"2025-08-16T13:56:25+00:00\",\"breadcrumb\":{\"@id\":\"https:\/\/www.outdoors.ee\/et\/toode\/varustuse-kott-deployment-bag-small\/#breadcrumb\"},\"inLanguage\":\"et\",\"potentialAction\":[{\"@type\":\"ReadAction\",\"target\":[\"https:\/\/www.outdoors.ee\/et\/toode\/varustuse-kott-deployment-bag-small\/\"]}]},{\"@type\":\"ImageObject\",\"inLanguage\":\"et\",\"@id\":\"https:\/\/www.outdoors.ee\/et\/toode\/varustuse-kott-deployment-bag-small\/#primaryimage\",\"url\":\"https:\/\/www.outdoors.ee\/wp-content\/uploads\/2022\/09\/Direct-Action-Deployment-Bag-Small-3.jpg\",\"contentUrl\":\"https:\/\/www.outdoors.ee\/wp-content\/uploads\/2022\/09\/Direct-Action-Deployment-Bag-Small-3.jpg\",\"width\":1500,\"height\":1500,\"caption\":\"MultiCam\u00ae\"},{\"@type\":\"BreadcrumbList\",\"@id\":\"https:\/\/www.outdoors.ee\/et\/toode\/varustuse-kott-deployment-bag-small\/#breadcrumb\",\"itemListElement\":[{\"@type\":\"ListItem\",\"position\":1,\"name\":\"Home\",\"item\":\"https:\/\/www.outdoors.ee\/et\/\"},{\"@type\":\"ListItem\",\"position\":2,\"name\":\"Tooted\",\"item\":\"https:\/\/www.outdoors.ee\/products\/\"},{\"@type\":\"ListItem\",\"position\":3,\"name\":\"Direct Action\u00ae varustuse kott Deployment Bag &#8211; Small\"}]},{\"@type\":\"WebSite\",\"@id\":\"https:\/\/www.outdoors.ee\/#website\",\"url\":\"https:\/\/www.outdoors.ee\/\",\"name\":\"Outdoors\",\"description\":\"Genuine military surplus and not only!\",\"potentialAction\":[{\"@type\":\"SearchAction\",\"target\":{\"@type\":\"EntryPoint\",\"urlTemplate\":\"https:\/\/www.outdoors.ee\/?s={search_term_string}\"},\"query-input\":{\"@type\":\"PropertyValueSpecification\",\"valueRequired\":true,\"valueName\":\"search_term_string\"}}],\"inLanguage\":\"et\"}]}<\/script>\n<!-- \/ Yoast SEO plugin. -->","yoast_head_json":{"title":"Direct Action\u00ae varustuse kott Deployment Bag - Small - Outdoors","robots":{"index":"index","follow":"follow","max-snippet":"max-snippet:-1","max-image-preview":"max-image-preview:large","max-video-preview":"max-video-preview:-1"},"canonical":"https:\/\/www.outdoors.ee\/et\/toode\/varustuse-kott-deployment-bag-small\/","og_locale":"et_EE","og_type":"article","og_title":"Direct Action\u00ae varustuse kott Deployment Bag - Small - Outdoors","og_description":"Omadused: maht 42L pehme kangastruktuuriga, v\u00f5imaldab kompaktset kokkupakkimist toodetud Cordura\u00ae 500D, kannatab suurt koormust reguleeritava pikkusega \u00f5larihm 2 t\u00e4ispikkuses koti","og_url":"https:\/\/www.outdoors.ee\/et\/toode\/varustuse-kott-deployment-bag-small\/","og_site_name":"Outdoors","article_modified_time":"2025-08-16T13:56:25+00:00","og_image":[{"width":1500,"height":1500,"url":"https:\/\/www.outdoors.ee\/wp-content\/uploads\/2022\/09\/Direct-Action-Deployment-Bag-Small-3.jpg","type":"image\/jpeg"}],"twitter_card":"summary_large_image","twitter_misc":{"Est. reading time":"1 minut"},"schema":{"@context":"https:\/\/schema.org","@graph":[{"@type":"WebPage","@id":"https:\/\/www.outdoors.ee\/et\/toode\/varustuse-kott-deployment-bag-small\/","url":"https:\/\/www.outdoors.ee\/et\/toode\/varustuse-kott-deployment-bag-small\/","name":"Direct Action\u00ae varustuse kott Deployment Bag - Small - Outdoors","isPartOf":{"@id":"https:\/\/www.outdoors.ee\/#website"},"primaryImageOfPage":{"@id":"https:\/\/www.outdoors.ee\/et\/toode\/varustuse-kott-deployment-bag-small\/#primaryimage"},"image":{"@id":"https:\/\/www.outdoors.ee\/et\/toode\/varustuse-kott-deployment-bag-small\/#primaryimage"},"thumbnailUrl":"https:\/\/www.outdoors.ee\/wp-content\/uploads\/2022\/09\/Direct-Action-Deployment-Bag-Small-3.jpg","datePublished":"2022-09-23T06:22:57+00:00","dateModified":"2025-08-16T13:56:25+00:00","breadcrumb":{"@id":"https:\/\/www.outdoors.ee\/et\/toode\/varustuse-kott-deployment-bag-small\/#breadcrumb"},"inLanguage":"et","potentialAction":[{"@type":"ReadAction","target":["https:\/\/www.outdoors.ee\/et\/toode\/varustuse-kott-deployment-bag-small\/"]}]},{"@type":"ImageObject","inLanguage":"et","@id":"https:\/\/www.outdoors.ee\/et\/toode\/varustuse-kott-deployment-bag-small\/#primaryimage","url":"https:\/\/www.outdoors.ee\/wp-content\/uploads\/2022\/09\/Direct-Action-Deployment-Bag-Small-3.jpg","contentUrl":"https:\/\/www.outdoors.ee\/wp-content\/uploads\/2022\/09\/Direct-Action-Deployment-Bag-Small-3.jpg","width":1500,"height":1500,"caption":"MultiCam\u00ae"},{"@type":"BreadcrumbList","@id":"https:\/\/www.outdoors.ee\/et\/toode\/varustuse-kott-deployment-bag-small\/#breadcrumb","itemListElement":[{"@type":"ListItem","position":1,"name":"Home","item":"https:\/\/www.outdoors.ee\/et\/"},{"@type":"ListItem","position":2,"name":"Tooted","item":"https:\/\/www.outdoors.ee\/products\/"},{"@type":"ListItem","position":3,"name":"Direct Action\u00ae varustuse kott Deployment Bag &#8211; Small"}]},{"@type":"WebSite","@id":"https:\/\/www.outdoors.ee\/#website","url":"https:\/\/www.outdoors.ee\/","name":"Outdoors","description":"Genuine military surplus and not only!","potentialAction":[{"@type":"SearchAction","target":{"@type":"EntryPoint","urlTemplate":"https:\/\/www.outdoors.ee\/?s={search_term_string}"},"query-input":{"@type":"PropertyValueSpecification","valueRequired":true,"valueName":"search_term_string"}}],"inLanguage":"et"}]}},"_links":{"self":[{"href":"https:\/\/www.outdoors.ee\/et\/wp-json\/wp\/v2\/product\/71915","targetHints":{"allow":["GET"]}}],"collection":[{"href":"https:\/\/www.outdoors.ee\/et\/wp-json\/wp\/v2\/product"}],"about":[{"href":"https:\/\/www.outdoors.ee\/et\/wp-json\/wp\/v2\/types\/product"}],"wp:featuredmedia":[{"embeddable":true,"href":"https:\/\/www.outdoors.ee\/et\/wp-json\/wp\/v2\/media\/71888"}],"wp:attachment":[{"href":"https:\/\/www.outdoors.ee\/et\/wp-json\/wp\/v2\/media?parent=71915"}],"wp:term":[{"taxonomy":"product_brand","embeddable":true,"href":"https:\/\/www.outdoors.ee\/et\/wp-json\/wp\/v2\/product_brand?post=71915"},{"taxonomy":"product_cat","embeddable":true,"href":"https:\/\/www.outdoors.ee\/et\/wp-json\/wp\/v2\/product_cat?post=71915"},{"taxonomy":"product_tag","embeddable":true,"href":"https:\/\/www.outdoors.ee\/et\/wp-json\/wp\/v2\/product_tag?post=71915"}],"curies":[{"name":"wp","href":"https:\/\/api.w.org\/{rel}","templated":true}]}}