{"id":71859,"date":"2022-09-13T16:18:05","date_gmt":"2022-09-13T13:18:05","guid":{"rendered":"https:\/\/www.outdoors.ee\/?post_type=product&#038;p=71859"},"modified":"2025-09-16T21:57:49","modified_gmt":"2025-09-16T18:57:49","slug":"valguspulk-10-x-150mm","status":"publish","type":"product","link":"https:\/\/www.outdoors.ee\/et\/toode\/valguspulk-10-x-150mm\/","title":{"rendered":"Mil-Tec\u00ae valguspulk 10 x 150mm"},"content":{"rendered":"<p><strong>Omadused:<\/strong><\/p>\n<ul>\n<li>m\u00f5\u00f5dud 10 x 150mm<\/li>\n<li>helendamisperiood 8 &#8211; 12 tundi<\/li>\n<li>s\u00fcttib painutamisel<\/li>\n<\/ul>\n<p><strong>Seisukord:<\/strong> uus<\/p>\n","protected":false},"excerpt":{"rendered":"<p>Omadused: m\u00f5\u00f5dud 10 x 150mm helendamisperiood 8 &#8211; 12 tundi s\u00fcttib painutamisel Seisukord: uus<\/p>\n","protected":false},"featured_media":71894,"template":"","meta":[],"product_brand":[],"product_cat":[223],"product_tag":[],"class_list":{"0":"post-71859","1":"product","2":"type-product","3":"status-publish","4":"has-post-thumbnail","6":"product_cat-varia","7":"pa_brand-mil-tec-2","8":"pa_color-kollane","9":"pa_color-roheline","10":"pa_color-sinine-2","12":"first","13":"instock","14":"taxable","15":"shipping-taxable","16":"purchasable","17":"product-type-variable"},"yoast_head":"<!-- This site is optimized with the Yoast SEO plugin v27.2 - https:\/\/yoast.com\/product\/yoast-seo-wordpress\/ -->\n<title>Mil-Tec\u00ae valguspulk 10 x 150mm - Outdoors<\/title>\n<meta name=\"robots\" content=\"index, follow, max-snippet:-1, max-image-preview:large, max-video-preview:-1\" \/>\n<link rel=\"canonical\" href=\"https:\/\/www.outdoors.ee\/et\/toode\/valguspulk-10-x-150mm\/\" \/>\n<meta property=\"og:locale\" content=\"et_EE\" \/>\n<meta property=\"og:type\" content=\"article\" \/>\n<meta property=\"og:title\" content=\"Mil-Tec\u00ae valguspulk 10 x 150mm - Outdoors\" \/>\n<meta property=\"og:description\" content=\"Omadused: m\u00f5\u00f5dud 10 x 150mm helendamisperiood 8 &#8211; 12 tundi s\u00fcttib painutamisel Seisukord: uus\" \/>\n<meta property=\"og:url\" content=\"https:\/\/www.outdoors.ee\/et\/toode\/valguspulk-10-x-150mm\/\" \/>\n<meta property=\"og:site_name\" content=\"Outdoors\" \/>\n<meta property=\"article:modified_time\" content=\"2025-09-16T18:57:49+00:00\" \/>\n<meta property=\"og:image\" content=\"https:\/\/www.outdoors.ee\/wp-content\/uploads\/2022\/09\/149340-Light-Stick-10x150mm-1.png\" \/>\n\t<meta property=\"og:image:width\" content=\"607\" \/>\n\t<meta property=\"og:image:height\" content=\"777\" \/>\n\t<meta property=\"og:image:type\" content=\"image\/png\" \/>\n<meta name=\"twitter:card\" content=\"summary_large_image\" \/>\n<meta name=\"twitter:label1\" content=\"Est. reading time\" \/>\n\t<meta name=\"twitter:data1\" content=\"1 minut\" \/>\n<script type=\"application\/ld+json\" class=\"yoast-schema-graph\">{\"@context\":\"https:\/\/schema.org\",\"@graph\":[{\"@type\":\"WebPage\",\"@id\":\"https:\/\/www.outdoors.ee\/et\/toode\/valguspulk-10-x-150mm\/\",\"url\":\"https:\/\/www.outdoors.ee\/et\/toode\/valguspulk-10-x-150mm\/\",\"name\":\"Mil-Tec\u00ae valguspulk 10 x 150mm - Outdoors\",\"isPartOf\":{\"@id\":\"https:\/\/www.outdoors.ee\/#website\"},\"primaryImageOfPage\":{\"@id\":\"https:\/\/www.outdoors.ee\/et\/toode\/valguspulk-10-x-150mm\/#primaryimage\"},\"image\":{\"@id\":\"https:\/\/www.outdoors.ee\/et\/toode\/valguspulk-10-x-150mm\/#primaryimage\"},\"thumbnailUrl\":\"https:\/\/www.outdoors.ee\/wp-content\/uploads\/2022\/09\/149340-Light-Stick-10x150mm-1.png\",\"datePublished\":\"2022-09-13T13:18:05+00:00\",\"dateModified\":\"2025-09-16T18:57:49+00:00\",\"breadcrumb\":{\"@id\":\"https:\/\/www.outdoors.ee\/et\/toode\/valguspulk-10-x-150mm\/#breadcrumb\"},\"inLanguage\":\"et\",\"potentialAction\":[{\"@type\":\"ReadAction\",\"target\":[\"https:\/\/www.outdoors.ee\/et\/toode\/valguspulk-10-x-150mm\/\"]}]},{\"@type\":\"ImageObject\",\"inLanguage\":\"et\",\"@id\":\"https:\/\/www.outdoors.ee\/et\/toode\/valguspulk-10-x-150mm\/#primaryimage\",\"url\":\"https:\/\/www.outdoors.ee\/wp-content\/uploads\/2022\/09\/149340-Light-Stick-10x150mm-1.png\",\"contentUrl\":\"https:\/\/www.outdoors.ee\/wp-content\/uploads\/2022\/09\/149340-Light-Stick-10x150mm-1.png\",\"width\":607,\"height\":777},{\"@type\":\"BreadcrumbList\",\"@id\":\"https:\/\/www.outdoors.ee\/et\/toode\/valguspulk-10-x-150mm\/#breadcrumb\",\"itemListElement\":[{\"@type\":\"ListItem\",\"position\":1,\"name\":\"Home\",\"item\":\"https:\/\/www.outdoors.ee\/et\/\"},{\"@type\":\"ListItem\",\"position\":2,\"name\":\"Tooted\",\"item\":\"https:\/\/www.outdoors.ee\/products\/\"},{\"@type\":\"ListItem\",\"position\":3,\"name\":\"Mil-Tec\u00ae valguspulk 10 x 150mm\"}]},{\"@type\":\"WebSite\",\"@id\":\"https:\/\/www.outdoors.ee\/#website\",\"url\":\"https:\/\/www.outdoors.ee\/\",\"name\":\"Outdoors\",\"description\":\"Genuine military surplus and not only!\",\"potentialAction\":[{\"@type\":\"SearchAction\",\"target\":{\"@type\":\"EntryPoint\",\"urlTemplate\":\"https:\/\/www.outdoors.ee\/?s={search_term_string}\"},\"query-input\":{\"@type\":\"PropertyValueSpecification\",\"valueRequired\":true,\"valueName\":\"search_term_string\"}}],\"inLanguage\":\"et\"}]}<\/script>\n<!-- \/ Yoast SEO plugin. -->","yoast_head_json":{"title":"Mil-Tec\u00ae valguspulk 10 x 150mm - Outdoors","robots":{"index":"index","follow":"follow","max-snippet":"max-snippet:-1","max-image-preview":"max-image-preview:large","max-video-preview":"max-video-preview:-1"},"canonical":"https:\/\/www.outdoors.ee\/et\/toode\/valguspulk-10-x-150mm\/","og_locale":"et_EE","og_type":"article","og_title":"Mil-Tec\u00ae valguspulk 10 x 150mm - Outdoors","og_description":"Omadused: m\u00f5\u00f5dud 10 x 150mm helendamisperiood 8 &#8211; 12 tundi s\u00fcttib painutamisel Seisukord: uus","og_url":"https:\/\/www.outdoors.ee\/et\/toode\/valguspulk-10-x-150mm\/","og_site_name":"Outdoors","article_modified_time":"2025-09-16T18:57:49+00:00","og_image":[{"width":607,"height":777,"url":"https:\/\/www.outdoors.ee\/wp-content\/uploads\/2022\/09\/149340-Light-Stick-10x150mm-1.png","type":"image\/png"}],"twitter_card":"summary_large_image","twitter_misc":{"Est. reading time":"1 minut"},"schema":{"@context":"https:\/\/schema.org","@graph":[{"@type":"WebPage","@id":"https:\/\/www.outdoors.ee\/et\/toode\/valguspulk-10-x-150mm\/","url":"https:\/\/www.outdoors.ee\/et\/toode\/valguspulk-10-x-150mm\/","name":"Mil-Tec\u00ae valguspulk 10 x 150mm - Outdoors","isPartOf":{"@id":"https:\/\/www.outdoors.ee\/#website"},"primaryImageOfPage":{"@id":"https:\/\/www.outdoors.ee\/et\/toode\/valguspulk-10-x-150mm\/#primaryimage"},"image":{"@id":"https:\/\/www.outdoors.ee\/et\/toode\/valguspulk-10-x-150mm\/#primaryimage"},"thumbnailUrl":"https:\/\/www.outdoors.ee\/wp-content\/uploads\/2022\/09\/149340-Light-Stick-10x150mm-1.png","datePublished":"2022-09-13T13:18:05+00:00","dateModified":"2025-09-16T18:57:49+00:00","breadcrumb":{"@id":"https:\/\/www.outdoors.ee\/et\/toode\/valguspulk-10-x-150mm\/#breadcrumb"},"inLanguage":"et","potentialAction":[{"@type":"ReadAction","target":["https:\/\/www.outdoors.ee\/et\/toode\/valguspulk-10-x-150mm\/"]}]},{"@type":"ImageObject","inLanguage":"et","@id":"https:\/\/www.outdoors.ee\/et\/toode\/valguspulk-10-x-150mm\/#primaryimage","url":"https:\/\/www.outdoors.ee\/wp-content\/uploads\/2022\/09\/149340-Light-Stick-10x150mm-1.png","contentUrl":"https:\/\/www.outdoors.ee\/wp-content\/uploads\/2022\/09\/149340-Light-Stick-10x150mm-1.png","width":607,"height":777},{"@type":"BreadcrumbList","@id":"https:\/\/www.outdoors.ee\/et\/toode\/valguspulk-10-x-150mm\/#breadcrumb","itemListElement":[{"@type":"ListItem","position":1,"name":"Home","item":"https:\/\/www.outdoors.ee\/et\/"},{"@type":"ListItem","position":2,"name":"Tooted","item":"https:\/\/www.outdoors.ee\/products\/"},{"@type":"ListItem","position":3,"name":"Mil-Tec\u00ae valguspulk 10 x 150mm"}]},{"@type":"WebSite","@id":"https:\/\/www.outdoors.ee\/#website","url":"https:\/\/www.outdoors.ee\/","name":"Outdoors","description":"Genuine military surplus and not only!","potentialAction":[{"@type":"SearchAction","target":{"@type":"EntryPoint","urlTemplate":"https:\/\/www.outdoors.ee\/?s={search_term_string}"},"query-input":{"@type":"PropertyValueSpecification","valueRequired":true,"valueName":"search_term_string"}}],"inLanguage":"et"}]}},"_links":{"self":[{"href":"https:\/\/www.outdoors.ee\/et\/wp-json\/wp\/v2\/product\/71859","targetHints":{"allow":["GET"]}}],"collection":[{"href":"https:\/\/www.outdoors.ee\/et\/wp-json\/wp\/v2\/product"}],"about":[{"href":"https:\/\/www.outdoors.ee\/et\/wp-json\/wp\/v2\/types\/product"}],"wp:featuredmedia":[{"embeddable":true,"href":"https:\/\/www.outdoors.ee\/et\/wp-json\/wp\/v2\/media\/71894"}],"wp:attachment":[{"href":"https:\/\/www.outdoors.ee\/et\/wp-json\/wp\/v2\/media?parent=71859"}],"wp:term":[{"taxonomy":"product_brand","embeddable":true,"href":"https:\/\/www.outdoors.ee\/et\/wp-json\/wp\/v2\/product_brand?post=71859"},{"taxonomy":"product_cat","embeddable":true,"href":"https:\/\/www.outdoors.ee\/et\/wp-json\/wp\/v2\/product_cat?post=71859"},{"taxonomy":"product_tag","embeddable":true,"href":"https:\/\/www.outdoors.ee\/et\/wp-json\/wp\/v2\/product_tag?post=71859"}],"curies":[{"name":"wp","href":"https:\/\/api.w.org\/{rel}","templated":true}]}}