{"id":71420,"date":"2022-08-30T13:12:04","date_gmt":"2022-08-30T10:12:06","guid":{"rendered":"https:\/\/www.outdoors.ee\/?post_type=product&#038;p=71420"},"modified":"2023-09-14T20:12:24","modified_gmt":"2023-09-14T17:12:24","slug":"briti-armee-sealskinz-duty-veekindlad-sokid-black-olive","status":"publish","type":"product","link":"https:\/\/www.outdoors.ee\/et\/toode\/briti-armee-sealskinz-duty-veekindlad-sokid-black-olive\/","title":{"rendered":"Briti Armee SEALSKINZ DUTY veekindlad sokid Black\/Olive"},"content":{"rendered":"<p>Briti s\u00f5jav\u00e4e tellimusel SealSkinz\u00b4i poolt toodetud vee- ning tuulekindlad ja hingavad sokid.<\/p>\n<p><strong>Koostis<\/strong>:<\/p>\n<p>V\u00e4liskiht: 98% nailon, 2% elastaan<\/p>\n<p>Membraan: vetth\u00fclgav, hingav<\/p>\n<p>Sisekiht: 41% Merino vill, 44% akr\u00fc\u00fcl, 14% nailon, 1% elastaan<\/p>\n<p>Toodetud UK-s<\/p>\n<p><strong>Suurused:<\/strong> <strong>S<\/strong> (UK3-5\/EU36-38), <strong>M<\/strong> (UK6-8\/EU39-42), <strong>L <\/strong>(UK9-11\/EU43-46), <strong>XL<\/strong> (UK12-14\/EU47-49)<strong><br \/>\n<\/strong><\/p>\n<p><strong>Seisukord<\/strong>:<\/p>\n<ul>\n<li>uued (v\u00f5ivad sisaldada hulgiladustamise j\u00e4lgi)<\/li>\n<li>uuev\u00e4\u00e4rsed (sisaldavad minimaalseid kulumisj\u00e4lgi)<\/li>\n<\/ul>\n","protected":false},"excerpt":{"rendered":"<p>Briti Armee SEALSKINZ DUTY veekindlad sokid Merino villaga, must\/oliivroheline<\/p>\n","protected":false},"featured_media":71438,"template":"","meta":[],"product_brand":[],"product_cat":[197],"product_tag":[],"class_list":{"0":"post-71420","1":"product","2":"type-product","3":"status-publish","4":"has-post-thumbnail","6":"product_cat-sokid-saarised","7":"pa_brand-british-military-surplus","8":"pa_brand-sealskinz-2","9":"pa_condition-uuevaarne","10":"pa_condition-uus","11":"pa_size-l-2","12":"pa_size-m-2","13":"pa_size-s-2","14":"pa_size-xl-2","16":"first","17":"outofstock","18":"taxable","19":"shipping-taxable","20":"purchasable","21":"product-type-variable"},"yoast_head":"<!-- This site is optimized with the Yoast SEO plugin v27.2 - https:\/\/yoast.com\/product\/yoast-seo-wordpress\/ -->\n<title>Briti Armee SEALSKINZ veekindlad k\u00f5rged sokid - outdoors.ee<\/title>\n<meta name=\"description\" content=\"Briti s\u00f5jav\u00e4e tellimusel SealSkinz\u00b4i poolt toodetud k\u00f5rged vee- ning tuulekindlad ja hingavad sokid. Materjal: V\u00e4liskiht: 91% nailon, 9% elastaan Membraan: vetth\u00fclgav membraan Sisekiht: 45% puuvill, 45% pol\u00fcester, 6% elastaan, 4% nailon. Stretchdry\u00ae tehnoloogia Toodetud Euroopas Suurused: S (UK3-5, EU36-38), M (UK6-8, EU39-42), L (UK9-11, EU43-46), XL (UK12-14, EU47-49) Seisukord: uued\u00a0\" \/>\n<meta name=\"robots\" content=\"index, follow, max-snippet:-1, max-image-preview:large, max-video-preview:-1\" \/>\n<link rel=\"canonical\" href=\"https:\/\/www.outdoors.ee\/et\/toode\/briti-armee-sealskinz-duty-veekindlad-sokid-black-olive\/\" \/>\n<meta property=\"og:locale\" content=\"et_EE\" \/>\n<meta property=\"og:type\" content=\"article\" \/>\n<meta property=\"og:title\" content=\"Briti Armee SEALSKINZ veekindlad k\u00f5rged sokid\" \/>\n<meta property=\"og:description\" content=\"Briti s\u00f5jav\u00e4e tellimusel SealSkinz\u00b4i poolt toodetud k\u00f5rged vee- ning tuulekindlad ja hingavad sokid. Materjal: V\u00e4liskiht: 91% nailon, 9% elastaan Membraan: vetth\u00fclgav membraan Sisekiht: 45% puuvill, 45% pol\u00fcester, 6% elastaan, 4% nailon. Stretchdry\u00ae tehnoloogia Toodetud Euroopas Suurused: S (UK3-5, EU36-38), M (UK6-8, EU39-42), L (UK9-11, EU43-46), XL (UK12-14, EU47-49) Seisukord: uued\u00a0\" \/>\n<meta property=\"og:url\" content=\"https:\/\/www.outdoors.ee\/et\/toode\/briti-armee-sealskinz-duty-veekindlad-sokid-black-olive\/\" \/>\n<meta property=\"og:site_name\" content=\"Outdoors\" \/>\n<meta property=\"article:modified_time\" content=\"2023-09-14T17:12:24+00:00\" \/>\n<meta property=\"og:image\" content=\"https:\/\/www.outdoors.ee\/wp-content\/uploads\/2022\/08\/0946-British-Army-SEALSKINZ-DUTY-Waterproof-Socks-Black-Olive.png\" \/>\n\t<meta property=\"og:image:width\" content=\"600\" \/>\n\t<meta property=\"og:image:height\" content=\"700\" \/>\n\t<meta property=\"og:image:type\" content=\"image\/png\" \/>\n<meta name=\"twitter:card\" content=\"summary_large_image\" \/>\n<meta name=\"twitter:title\" content=\"Briti Armee SEALSKINZ veekindlad k\u00f5rged sokid\" \/>\n<meta name=\"twitter:label1\" content=\"Est. reading time\" \/>\n\t<meta name=\"twitter:data1\" content=\"1 minut\" \/>\n<script type=\"application\/ld+json\" class=\"yoast-schema-graph\">{\"@context\":\"https:\/\/schema.org\",\"@graph\":[{\"@type\":\"WebPage\",\"@id\":\"https:\/\/www.outdoors.ee\/et\/toode\/briti-armee-sealskinz-duty-veekindlad-sokid-black-olive\/\",\"url\":\"https:\/\/www.outdoors.ee\/et\/toode\/briti-armee-sealskinz-duty-veekindlad-sokid-black-olive\/\",\"name\":\"Briti Armee SEALSKINZ veekindlad k\u00f5rged sokid - outdoors.ee\",\"isPartOf\":{\"@id\":\"https:\/\/www.outdoors.ee\/#website\"},\"primaryImageOfPage\":{\"@id\":\"https:\/\/www.outdoors.ee\/et\/toode\/briti-armee-sealskinz-duty-veekindlad-sokid-black-olive\/#primaryimage\"},\"image\":{\"@id\":\"https:\/\/www.outdoors.ee\/et\/toode\/briti-armee-sealskinz-duty-veekindlad-sokid-black-olive\/#primaryimage\"},\"thumbnailUrl\":\"https:\/\/www.outdoors.ee\/wp-content\/uploads\/2022\/08\/0946-British-Army-SEALSKINZ-DUTY-Waterproof-Socks-Black-Olive.png\",\"datePublished\":\"2022-08-30T10:12:06+00:00\",\"dateModified\":\"2023-09-14T17:12:24+00:00\",\"description\":\"Briti s\u00f5jav\u00e4e tellimusel SealSkinz\u00b4i poolt toodetud k\u00f5rged vee- ning tuulekindlad ja hingavad sokid. Materjal: V\u00e4liskiht: 91% nailon, 9% elastaan Membraan: vetth\u00fclgav membraan Sisekiht: 45% puuvill, 45% pol\u00fcester, 6% elastaan, 4% nailon. Stretchdry\u00ae tehnoloogia Toodetud Euroopas Suurused: S (UK3-5, EU36-38), M (UK6-8, EU39-42), L (UK9-11, EU43-46), XL (UK12-14, EU47-49) Seisukord: uued\u00a0\",\"breadcrumb\":{\"@id\":\"https:\/\/www.outdoors.ee\/et\/toode\/briti-armee-sealskinz-duty-veekindlad-sokid-black-olive\/#breadcrumb\"},\"inLanguage\":\"et\",\"potentialAction\":[{\"@type\":\"ReadAction\",\"target\":[\"https:\/\/www.outdoors.ee\/et\/toode\/briti-armee-sealskinz-duty-veekindlad-sokid-black-olive\/\"]}]},{\"@type\":\"ImageObject\",\"inLanguage\":\"et\",\"@id\":\"https:\/\/www.outdoors.ee\/et\/toode\/briti-armee-sealskinz-duty-veekindlad-sokid-black-olive\/#primaryimage\",\"url\":\"https:\/\/www.outdoors.ee\/wp-content\/uploads\/2022\/08\/0946-British-Army-SEALSKINZ-DUTY-Waterproof-Socks-Black-Olive.png\",\"contentUrl\":\"https:\/\/www.outdoors.ee\/wp-content\/uploads\/2022\/08\/0946-British-Army-SEALSKINZ-DUTY-Waterproof-Socks-Black-Olive.png\",\"width\":600,\"height\":700},{\"@type\":\"BreadcrumbList\",\"@id\":\"https:\/\/www.outdoors.ee\/et\/toode\/briti-armee-sealskinz-duty-veekindlad-sokid-black-olive\/#breadcrumb\",\"itemListElement\":[{\"@type\":\"ListItem\",\"position\":1,\"name\":\"Home\",\"item\":\"https:\/\/www.outdoors.ee\/et\/\"},{\"@type\":\"ListItem\",\"position\":2,\"name\":\"Tooted\",\"item\":\"https:\/\/www.outdoors.ee\/products\/\"},{\"@type\":\"ListItem\",\"position\":3,\"name\":\"Briti Armee SEALSKINZ DUTY veekindlad sokid Black\/Olive\"}]},{\"@type\":\"WebSite\",\"@id\":\"https:\/\/www.outdoors.ee\/#website\",\"url\":\"https:\/\/www.outdoors.ee\/\",\"name\":\"Outdoors\",\"description\":\"Genuine military surplus and not only!\",\"potentialAction\":[{\"@type\":\"SearchAction\",\"target\":{\"@type\":\"EntryPoint\",\"urlTemplate\":\"https:\/\/www.outdoors.ee\/?s={search_term_string}\"},\"query-input\":{\"@type\":\"PropertyValueSpecification\",\"valueRequired\":true,\"valueName\":\"search_term_string\"}}],\"inLanguage\":\"et\"}]}<\/script>\n<!-- \/ Yoast SEO plugin. -->","yoast_head_json":{"title":"Briti Armee SEALSKINZ veekindlad k\u00f5rged sokid - outdoors.ee","description":"Briti s\u00f5jav\u00e4e tellimusel SealSkinz\u00b4i poolt toodetud k\u00f5rged vee- ning tuulekindlad ja hingavad sokid. Materjal: V\u00e4liskiht: 91% nailon, 9% elastaan Membraan: vetth\u00fclgav membraan Sisekiht: 45% puuvill, 45% pol\u00fcester, 6% elastaan, 4% nailon. Stretchdry\u00ae tehnoloogia Toodetud Euroopas Suurused: S (UK3-5, EU36-38), M (UK6-8, EU39-42), L (UK9-11, EU43-46), XL (UK12-14, EU47-49) Seisukord: uued\u00a0","robots":{"index":"index","follow":"follow","max-snippet":"max-snippet:-1","max-image-preview":"max-image-preview:large","max-video-preview":"max-video-preview:-1"},"canonical":"https:\/\/www.outdoors.ee\/et\/toode\/briti-armee-sealskinz-duty-veekindlad-sokid-black-olive\/","og_locale":"et_EE","og_type":"article","og_title":"Briti Armee SEALSKINZ veekindlad k\u00f5rged sokid","og_description":"Briti s\u00f5jav\u00e4e tellimusel SealSkinz\u00b4i poolt toodetud k\u00f5rged vee- ning tuulekindlad ja hingavad sokid. Materjal: V\u00e4liskiht: 91% nailon, 9% elastaan Membraan: vetth\u00fclgav membraan Sisekiht: 45% puuvill, 45% pol\u00fcester, 6% elastaan, 4% nailon. Stretchdry\u00ae tehnoloogia Toodetud Euroopas Suurused: S (UK3-5, EU36-38), M (UK6-8, EU39-42), L (UK9-11, EU43-46), XL (UK12-14, EU47-49) Seisukord: uued\u00a0","og_url":"https:\/\/www.outdoors.ee\/et\/toode\/briti-armee-sealskinz-duty-veekindlad-sokid-black-olive\/","og_site_name":"Outdoors","article_modified_time":"2023-09-14T17:12:24+00:00","og_image":[{"width":600,"height":700,"url":"https:\/\/www.outdoors.ee\/wp-content\/uploads\/2022\/08\/0946-British-Army-SEALSKINZ-DUTY-Waterproof-Socks-Black-Olive.png","type":"image\/png"}],"twitter_card":"summary_large_image","twitter_title":"Briti Armee SEALSKINZ veekindlad k\u00f5rged sokid","twitter_misc":{"Est. reading time":"1 minut"},"schema":{"@context":"https:\/\/schema.org","@graph":[{"@type":"WebPage","@id":"https:\/\/www.outdoors.ee\/et\/toode\/briti-armee-sealskinz-duty-veekindlad-sokid-black-olive\/","url":"https:\/\/www.outdoors.ee\/et\/toode\/briti-armee-sealskinz-duty-veekindlad-sokid-black-olive\/","name":"Briti Armee SEALSKINZ veekindlad k\u00f5rged sokid - outdoors.ee","isPartOf":{"@id":"https:\/\/www.outdoors.ee\/#website"},"primaryImageOfPage":{"@id":"https:\/\/www.outdoors.ee\/et\/toode\/briti-armee-sealskinz-duty-veekindlad-sokid-black-olive\/#primaryimage"},"image":{"@id":"https:\/\/www.outdoors.ee\/et\/toode\/briti-armee-sealskinz-duty-veekindlad-sokid-black-olive\/#primaryimage"},"thumbnailUrl":"https:\/\/www.outdoors.ee\/wp-content\/uploads\/2022\/08\/0946-British-Army-SEALSKINZ-DUTY-Waterproof-Socks-Black-Olive.png","datePublished":"2022-08-30T10:12:06+00:00","dateModified":"2023-09-14T17:12:24+00:00","description":"Briti s\u00f5jav\u00e4e tellimusel SealSkinz\u00b4i poolt toodetud k\u00f5rged vee- ning tuulekindlad ja hingavad sokid. Materjal: V\u00e4liskiht: 91% nailon, 9% elastaan Membraan: vetth\u00fclgav membraan Sisekiht: 45% puuvill, 45% pol\u00fcester, 6% elastaan, 4% nailon. Stretchdry\u00ae tehnoloogia Toodetud Euroopas Suurused: S (UK3-5, EU36-38), M (UK6-8, EU39-42), L (UK9-11, EU43-46), XL (UK12-14, EU47-49) Seisukord: uued\u00a0","breadcrumb":{"@id":"https:\/\/www.outdoors.ee\/et\/toode\/briti-armee-sealskinz-duty-veekindlad-sokid-black-olive\/#breadcrumb"},"inLanguage":"et","potentialAction":[{"@type":"ReadAction","target":["https:\/\/www.outdoors.ee\/et\/toode\/briti-armee-sealskinz-duty-veekindlad-sokid-black-olive\/"]}]},{"@type":"ImageObject","inLanguage":"et","@id":"https:\/\/www.outdoors.ee\/et\/toode\/briti-armee-sealskinz-duty-veekindlad-sokid-black-olive\/#primaryimage","url":"https:\/\/www.outdoors.ee\/wp-content\/uploads\/2022\/08\/0946-British-Army-SEALSKINZ-DUTY-Waterproof-Socks-Black-Olive.png","contentUrl":"https:\/\/www.outdoors.ee\/wp-content\/uploads\/2022\/08\/0946-British-Army-SEALSKINZ-DUTY-Waterproof-Socks-Black-Olive.png","width":600,"height":700},{"@type":"BreadcrumbList","@id":"https:\/\/www.outdoors.ee\/et\/toode\/briti-armee-sealskinz-duty-veekindlad-sokid-black-olive\/#breadcrumb","itemListElement":[{"@type":"ListItem","position":1,"name":"Home","item":"https:\/\/www.outdoors.ee\/et\/"},{"@type":"ListItem","position":2,"name":"Tooted","item":"https:\/\/www.outdoors.ee\/products\/"},{"@type":"ListItem","position":3,"name":"Briti Armee SEALSKINZ DUTY veekindlad sokid Black\/Olive"}]},{"@type":"WebSite","@id":"https:\/\/www.outdoors.ee\/#website","url":"https:\/\/www.outdoors.ee\/","name":"Outdoors","description":"Genuine military surplus and not only!","potentialAction":[{"@type":"SearchAction","target":{"@type":"EntryPoint","urlTemplate":"https:\/\/www.outdoors.ee\/?s={search_term_string}"},"query-input":{"@type":"PropertyValueSpecification","valueRequired":true,"valueName":"search_term_string"}}],"inLanguage":"et"}]}},"_links":{"self":[{"href":"https:\/\/www.outdoors.ee\/et\/wp-json\/wp\/v2\/product\/71420","targetHints":{"allow":["GET"]}}],"collection":[{"href":"https:\/\/www.outdoors.ee\/et\/wp-json\/wp\/v2\/product"}],"about":[{"href":"https:\/\/www.outdoors.ee\/et\/wp-json\/wp\/v2\/types\/product"}],"wp:featuredmedia":[{"embeddable":true,"href":"https:\/\/www.outdoors.ee\/et\/wp-json\/wp\/v2\/media\/71438"}],"wp:attachment":[{"href":"https:\/\/www.outdoors.ee\/et\/wp-json\/wp\/v2\/media?parent=71420"}],"wp:term":[{"taxonomy":"product_brand","embeddable":true,"href":"https:\/\/www.outdoors.ee\/et\/wp-json\/wp\/v2\/product_brand?post=71420"},{"taxonomy":"product_cat","embeddable":true,"href":"https:\/\/www.outdoors.ee\/et\/wp-json\/wp\/v2\/product_cat?post=71420"},{"taxonomy":"product_tag","embeddable":true,"href":"https:\/\/www.outdoors.ee\/et\/wp-json\/wp\/v2\/product_tag?post=71420"}],"curies":[{"name":"wp","href":"https:\/\/api.w.org\/{rel}","templated":true}]}}