{"id":71192,"date":"2022-08-23T12:39:05","date_gmt":"2022-08-23T09:39:05","guid":{"rendered":"https:\/\/www.outdoors.ee\/?post_type=product&#038;p=71192"},"modified":"2025-07-09T08:43:30","modified_gmt":"2025-07-09T05:43:30","slug":"hollandi-armee-torukott-10l-nbc-carry-bag-woodland","status":"publish","type":"product","link":"https:\/\/www.outdoors.ee\/et\/toode\/hollandi-armee-torukott-10l-nbc-carry-bag-woodland\/","title":{"rendered":"Hollandi Armee torukott 10L NBC Carry Bag Woodland"},"content":{"rendered":"<p><strong>Omadused:<\/strong><\/p>\n<ul>\n<li>Hollandi s\u00f5jav\u00e4e originaal<\/li>\n<li>mitmeotstarbeliselt kasutatuv torukott, esialgselt m\u00f5eldud gaasimaski ning bioloogilise kaitse tarvikute kandmiseks<\/li>\n<li>v\u00e4ga vastupidav, vetth\u00fclgav, Cordura t\u00fc\u00fcpi materjal<\/li>\n<li>t\u00f5mblukuga suletav<\/li>\n<li>2 kandesanga piki t\u00f5mblukku ning 1 k\u00fclje peal<\/li>\n<li>2 plastikpandlaga hollandi 30L seljakoti \u00f5larihmade k\u00fclge kinnitamiseks<\/li>\n<li>takjapaelaga suletav, l\u00e4bipaistev ID tasku<\/li>\n<li>maht ca 10L<\/li>\n<li>m\u00f5\u00f5dud ca 38 x 35 x 26cm<\/li>\n<\/ul>\n<p><strong>Seisukord:<\/strong> uus (v\u00f5ib sisaldada hulgiladustamise j\u00e4lgi)<\/p>\n","protected":false},"excerpt":{"rendered":"<p>Omadused: Hollandi s\u00f5jav\u00e4e originaal mitmeotstarbeliselt kasutatuv torukott, esialgselt m\u00f5eldud gaasimaski ning bioloogilise kaitse tarvikute kandmiseks v\u00e4ga vastupidav, vetth\u00fclgav, Cordura t\u00fc\u00fcpi<\/p>\n","protected":false},"featured_media":71194,"template":"","meta":[],"product_brand":[],"product_cat":[3541],"product_tag":[],"class_list":{"0":"post-71192","1":"product","2":"type-product","3":"status-publish","4":"has-post-thumbnail","6":"product_cat-kotid-taskud","8":"first","9":"outofstock","10":"taxable","11":"shipping-taxable","12":"purchasable","13":"product-type-simple"},"yoast_head":"<!-- This site is optimized with the Yoast SEO plugin v27.2 - https:\/\/yoast.com\/product\/yoast-seo-wordpress\/ -->\n<title>Hollandi Armee torukott 10L NBC Carry Bag Woodland - Outdoors<\/title>\n<meta name=\"robots\" content=\"index, follow, max-snippet:-1, max-image-preview:large, max-video-preview:-1\" \/>\n<link rel=\"canonical\" href=\"https:\/\/www.outdoors.ee\/toode\/dutch-army-10l-nbc-carry-bag-woodland\/\" \/>\n<meta property=\"og:locale\" content=\"et_EE\" \/>\n<meta property=\"og:type\" content=\"article\" \/>\n<meta property=\"og:title\" content=\"Hollandi Armee torukott 10L NBC Carry Bag Woodland - Outdoors\" \/>\n<meta property=\"og:description\" content=\"Omadused: Hollandi s\u00f5jav\u00e4e originaal mitmeotstarbeliselt kasutatuv torukott, esialgselt m\u00f5eldud gaasimaski ning bioloogilise kaitse tarvikute kandmiseks v\u00e4ga vastupidav, vetth\u00fclgav, Cordura t\u00fc\u00fcpi\" \/>\n<meta property=\"og:url\" content=\"https:\/\/www.outdoors.ee\/toode\/dutch-army-10l-nbc-carry-bag-woodland\/\" \/>\n<meta property=\"og:site_name\" content=\"Outdoors\" \/>\n<meta property=\"article:modified_time\" content=\"2025-07-09T05:43:30+00:00\" \/>\n<meta property=\"og:image\" content=\"https:\/\/www.outdoors.ee\/wp-content\/uploads\/2022\/08\/1533w-Dutch-Army-10L-NBC-Carry-Bag-Woodland.png\" \/>\n\t<meta property=\"og:image:width\" content=\"750\" \/>\n\t<meta property=\"og:image:height\" content=\"750\" \/>\n\t<meta property=\"og:image:type\" content=\"image\/png\" \/>\n<meta name=\"twitter:card\" content=\"summary_large_image\" \/>\n<meta name=\"twitter:label1\" content=\"Est. reading time\" \/>\n\t<meta name=\"twitter:data1\" content=\"1 minut\" \/>\n<script type=\"application\/ld+json\" class=\"yoast-schema-graph\">{\"@context\":\"https:\/\/schema.org\",\"@graph\":[{\"@type\":\"WebPage\",\"@id\":\"https:\/\/www.outdoors.ee\/toode\/dutch-army-10l-nbc-carry-bag-woodland\/\",\"url\":\"https:\/\/www.outdoors.ee\/toode\/dutch-army-10l-nbc-carry-bag-woodland\/\",\"name\":\"Hollandi Armee torukott 10L NBC Carry Bag Woodland - Outdoors\",\"isPartOf\":{\"@id\":\"https:\/\/www.outdoors.ee\/#website\"},\"primaryImageOfPage\":{\"@id\":\"https:\/\/www.outdoors.ee\/toode\/dutch-army-10l-nbc-carry-bag-woodland\/#primaryimage\"},\"image\":{\"@id\":\"https:\/\/www.outdoors.ee\/toode\/dutch-army-10l-nbc-carry-bag-woodland\/#primaryimage\"},\"thumbnailUrl\":\"https:\/\/www.outdoors.ee\/wp-content\/uploads\/2022\/08\/1533w-Dutch-Army-10L-NBC-Carry-Bag-Woodland.png\",\"datePublished\":\"2022-08-23T09:39:05+00:00\",\"dateModified\":\"2025-07-09T05:43:30+00:00\",\"breadcrumb\":{\"@id\":\"https:\/\/www.outdoors.ee\/toode\/dutch-army-10l-nbc-carry-bag-woodland\/#breadcrumb\"},\"inLanguage\":\"et\",\"potentialAction\":[{\"@type\":\"ReadAction\",\"target\":[\"https:\/\/www.outdoors.ee\/toode\/dutch-army-10l-nbc-carry-bag-woodland\/\"]}]},{\"@type\":\"ImageObject\",\"inLanguage\":\"et\",\"@id\":\"https:\/\/www.outdoors.ee\/toode\/dutch-army-10l-nbc-carry-bag-woodland\/#primaryimage\",\"url\":\"https:\/\/www.outdoors.ee\/wp-content\/uploads\/2022\/08\/1533w-Dutch-Army-10L-NBC-Carry-Bag-Woodland.png\",\"contentUrl\":\"https:\/\/www.outdoors.ee\/wp-content\/uploads\/2022\/08\/1533w-Dutch-Army-10L-NBC-Carry-Bag-Woodland.png\",\"width\":750,\"height\":750},{\"@type\":\"BreadcrumbList\",\"@id\":\"https:\/\/www.outdoors.ee\/toode\/dutch-army-10l-nbc-carry-bag-woodland\/#breadcrumb\",\"itemListElement\":[{\"@type\":\"ListItem\",\"position\":1,\"name\":\"Home\",\"item\":\"https:\/\/www.outdoors.ee\/et\/\"},{\"@type\":\"ListItem\",\"position\":2,\"name\":\"Tooted\",\"item\":\"https:\/\/www.outdoors.ee\/products\/\"},{\"@type\":\"ListItem\",\"position\":3,\"name\":\"Hollandi Armee torukott 10L NBC Carry Bag Woodland\"}]},{\"@type\":\"WebSite\",\"@id\":\"https:\/\/www.outdoors.ee\/#website\",\"url\":\"https:\/\/www.outdoors.ee\/\",\"name\":\"Outdoors\",\"description\":\"Genuine military surplus and not only!\",\"potentialAction\":[{\"@type\":\"SearchAction\",\"target\":{\"@type\":\"EntryPoint\",\"urlTemplate\":\"https:\/\/www.outdoors.ee\/?s={search_term_string}\"},\"query-input\":{\"@type\":\"PropertyValueSpecification\",\"valueRequired\":true,\"valueName\":\"search_term_string\"}}],\"inLanguage\":\"et\"}]}<\/script>\n<!-- \/ Yoast SEO plugin. -->","yoast_head_json":{"title":"Hollandi Armee torukott 10L NBC Carry Bag Woodland - Outdoors","robots":{"index":"index","follow":"follow","max-snippet":"max-snippet:-1","max-image-preview":"max-image-preview:large","max-video-preview":"max-video-preview:-1"},"canonical":"https:\/\/www.outdoors.ee\/toode\/dutch-army-10l-nbc-carry-bag-woodland\/","og_locale":"et_EE","og_type":"article","og_title":"Hollandi Armee torukott 10L NBC Carry Bag Woodland - Outdoors","og_description":"Omadused: Hollandi s\u00f5jav\u00e4e originaal mitmeotstarbeliselt kasutatuv torukott, esialgselt m\u00f5eldud gaasimaski ning bioloogilise kaitse tarvikute kandmiseks v\u00e4ga vastupidav, vetth\u00fclgav, Cordura t\u00fc\u00fcpi","og_url":"https:\/\/www.outdoors.ee\/toode\/dutch-army-10l-nbc-carry-bag-woodland\/","og_site_name":"Outdoors","article_modified_time":"2025-07-09T05:43:30+00:00","og_image":[{"width":750,"height":750,"url":"https:\/\/www.outdoors.ee\/wp-content\/uploads\/2022\/08\/1533w-Dutch-Army-10L-NBC-Carry-Bag-Woodland.png","type":"image\/png"}],"twitter_card":"summary_large_image","twitter_misc":{"Est. reading time":"1 minut"},"schema":{"@context":"https:\/\/schema.org","@graph":[{"@type":"WebPage","@id":"https:\/\/www.outdoors.ee\/toode\/dutch-army-10l-nbc-carry-bag-woodland\/","url":"https:\/\/www.outdoors.ee\/toode\/dutch-army-10l-nbc-carry-bag-woodland\/","name":"Hollandi Armee torukott 10L NBC Carry Bag Woodland - Outdoors","isPartOf":{"@id":"https:\/\/www.outdoors.ee\/#website"},"primaryImageOfPage":{"@id":"https:\/\/www.outdoors.ee\/toode\/dutch-army-10l-nbc-carry-bag-woodland\/#primaryimage"},"image":{"@id":"https:\/\/www.outdoors.ee\/toode\/dutch-army-10l-nbc-carry-bag-woodland\/#primaryimage"},"thumbnailUrl":"https:\/\/www.outdoors.ee\/wp-content\/uploads\/2022\/08\/1533w-Dutch-Army-10L-NBC-Carry-Bag-Woodland.png","datePublished":"2022-08-23T09:39:05+00:00","dateModified":"2025-07-09T05:43:30+00:00","breadcrumb":{"@id":"https:\/\/www.outdoors.ee\/toode\/dutch-army-10l-nbc-carry-bag-woodland\/#breadcrumb"},"inLanguage":"et","potentialAction":[{"@type":"ReadAction","target":["https:\/\/www.outdoors.ee\/toode\/dutch-army-10l-nbc-carry-bag-woodland\/"]}]},{"@type":"ImageObject","inLanguage":"et","@id":"https:\/\/www.outdoors.ee\/toode\/dutch-army-10l-nbc-carry-bag-woodland\/#primaryimage","url":"https:\/\/www.outdoors.ee\/wp-content\/uploads\/2022\/08\/1533w-Dutch-Army-10L-NBC-Carry-Bag-Woodland.png","contentUrl":"https:\/\/www.outdoors.ee\/wp-content\/uploads\/2022\/08\/1533w-Dutch-Army-10L-NBC-Carry-Bag-Woodland.png","width":750,"height":750},{"@type":"BreadcrumbList","@id":"https:\/\/www.outdoors.ee\/toode\/dutch-army-10l-nbc-carry-bag-woodland\/#breadcrumb","itemListElement":[{"@type":"ListItem","position":1,"name":"Home","item":"https:\/\/www.outdoors.ee\/et\/"},{"@type":"ListItem","position":2,"name":"Tooted","item":"https:\/\/www.outdoors.ee\/products\/"},{"@type":"ListItem","position":3,"name":"Hollandi Armee torukott 10L NBC Carry Bag Woodland"}]},{"@type":"WebSite","@id":"https:\/\/www.outdoors.ee\/#website","url":"https:\/\/www.outdoors.ee\/","name":"Outdoors","description":"Genuine military surplus and not only!","potentialAction":[{"@type":"SearchAction","target":{"@type":"EntryPoint","urlTemplate":"https:\/\/www.outdoors.ee\/?s={search_term_string}"},"query-input":{"@type":"PropertyValueSpecification","valueRequired":true,"valueName":"search_term_string"}}],"inLanguage":"et"}]}},"_links":{"self":[{"href":"https:\/\/www.outdoors.ee\/et\/wp-json\/wp\/v2\/product\/71192","targetHints":{"allow":["GET"]}}],"collection":[{"href":"https:\/\/www.outdoors.ee\/et\/wp-json\/wp\/v2\/product"}],"about":[{"href":"https:\/\/www.outdoors.ee\/et\/wp-json\/wp\/v2\/types\/product"}],"wp:featuredmedia":[{"embeddable":true,"href":"https:\/\/www.outdoors.ee\/et\/wp-json\/wp\/v2\/media\/71194"}],"wp:attachment":[{"href":"https:\/\/www.outdoors.ee\/et\/wp-json\/wp\/v2\/media?parent=71192"}],"wp:term":[{"taxonomy":"product_brand","embeddable":true,"href":"https:\/\/www.outdoors.ee\/et\/wp-json\/wp\/v2\/product_brand?post=71192"},{"taxonomy":"product_cat","embeddable":true,"href":"https:\/\/www.outdoors.ee\/et\/wp-json\/wp\/v2\/product_cat?post=71192"},{"taxonomy":"product_tag","embeddable":true,"href":"https:\/\/www.outdoors.ee\/et\/wp-json\/wp\/v2\/product_tag?post=71192"}],"curies":[{"name":"wp","href":"https:\/\/api.w.org\/{rel}","templated":true}]}}