{"id":71025,"date":"2022-08-17T16:20:38","date_gmt":"2022-08-17T13:20:38","guid":{"rendered":"https:\/\/www.outdoors.ee\/?post_type=product&#038;p=71025"},"modified":"2025-12-08T16:41:39","modified_gmt":"2025-12-08T14:41:39","slug":"mfh-bw-moleskin-puksid-black","status":"publish","type":"product","link":"https:\/\/www.outdoors.ee\/et\/toode\/mfh-bw-moleskin-puksid-black\/","title":{"rendered":"MFH\u00ae BW Moleskin p\u00fcksid Black"},"content":{"rendered":"<p><strong>Omadused:<\/strong><\/p>\n<ul>\n<li>toodetud vastavalt Saksa s\u00f5jav\u00e4e spetsifikatsioonidele<\/li>\n<li>n\u00f6\u00f6pidega eest suletavad<\/li>\n<li>2 k\u00e4etaskut<\/li>\n<li>2 klapi ning n\u00f6\u00f6pidega suletavat reietaskut<\/li>\n<li>1 n\u00f6\u00f6biga suletav tagatasku<\/li>\n<li>ca 5cm laia p\u00fcksirihma aasad<\/li>\n<li>pingutusn\u00f6\u00f6ridega alt<\/li>\n<li>trakside kinnitusn\u00f6\u00f6bid v\u00f6\u00f6kohas<\/li>\n<li>materjal: 100% puuvill<\/li>\n<\/ul>\n<p>NB! Suuruste tabel on lisatud <span style=\"text-decoration: underline;\"><strong>kahe<\/strong><\/span> viimase pildina!<\/p>\n<p><strong>Seisukord:<\/strong> uus<\/p>\n","protected":false},"excerpt":{"rendered":"<p>MFH Bundeswehr Moleskin p\u00fcksid, black<\/p>\n","protected":false},"featured_media":71018,"template":"","meta":[],"product_brand":[],"product_cat":[111],"product_tag":[],"class_list":{"0":"post-71025","1":"product","2":"type-product","3":"status-publish","4":"has-post-thumbnail","6":"product_cat-puksid","7":"pa_brand-mfh-2","8":"pa_size-1-2","9":"pa_size-10-2","10":"pa_size-11-2","11":"pa_size-12-2","12":"pa_size-13-2","13":"pa_size-14-2","14":"pa_size-15-2","15":"pa_size-16-2","16":"pa_size-2-2","17":"pa_size-3-2","18":"pa_size-4-2","19":"pa_size-5-3","20":"pa_size-58-2","21":"pa_size-6-2","22":"pa_size-60-3","23":"pa_size-62-2","24":"pa_size-7-3","25":"pa_size-8-2","26":"pa_size-9-2","28":"first","29":"instock","30":"taxable","31":"shipping-taxable","32":"purchasable","33":"product-type-variable"},"yoast_head":"<!-- This site is optimized with the Yoast SEO plugin v27.2 - https:\/\/yoast.com\/product\/yoast-seo-wordpress\/ -->\n<title>MFH\u00ae BW Moleskin p\u00fcksid Black - Outdoors<\/title>\n<meta name=\"robots\" content=\"index, follow, max-snippet:-1, max-image-preview:large, max-video-preview:-1\" \/>\n<link rel=\"canonical\" href=\"https:\/\/www.outdoors.ee\/et\/toode\/mfh-bw-moleskin-puksid-black\/\" \/>\n<meta property=\"og:locale\" content=\"et_EE\" \/>\n<meta property=\"og:type\" content=\"article\" \/>\n<meta property=\"og:title\" content=\"MFH\u00ae BW Moleskin p\u00fcksid Black - Outdoors\" \/>\n<meta property=\"og:description\" content=\"MFH Bundeswehr Moleskin p\u00fcksid, black\" \/>\n<meta property=\"og:url\" content=\"https:\/\/www.outdoors.ee\/et\/toode\/mfh-bw-moleskin-puksid-black\/\" \/>\n<meta property=\"og:site_name\" content=\"Outdoors\" \/>\n<meta property=\"article:modified_time\" content=\"2025-12-08T14:41:39+00:00\" \/>\n<meta property=\"og:image\" content=\"https:\/\/www.outdoors.ee\/wp-content\/uploads\/2022\/08\/01101A-MFH-BW-Moleskin-Pants-Black-1.jpg\" \/>\n\t<meta property=\"og:image:width\" content=\"1200\" \/>\n\t<meta property=\"og:image:height\" content=\"1200\" \/>\n\t<meta property=\"og:image:type\" content=\"image\/jpeg\" \/>\n<meta name=\"twitter:card\" content=\"summary_large_image\" \/>\n<meta name=\"twitter:label1\" content=\"Est. reading time\" \/>\n\t<meta name=\"twitter:data1\" content=\"1 minut\" \/>\n<script type=\"application\/ld+json\" class=\"yoast-schema-graph\">{\"@context\":\"https:\/\/schema.org\",\"@graph\":[{\"@type\":\"WebPage\",\"@id\":\"https:\/\/www.outdoors.ee\/et\/toode\/mfh-bw-moleskin-puksid-black\/\",\"url\":\"https:\/\/www.outdoors.ee\/et\/toode\/mfh-bw-moleskin-puksid-black\/\",\"name\":\"MFH\u00ae BW Moleskin p\u00fcksid Black - Outdoors\",\"isPartOf\":{\"@id\":\"https:\/\/www.outdoors.ee\/#website\"},\"primaryImageOfPage\":{\"@id\":\"https:\/\/www.outdoors.ee\/et\/toode\/mfh-bw-moleskin-puksid-black\/#primaryimage\"},\"image\":{\"@id\":\"https:\/\/www.outdoors.ee\/et\/toode\/mfh-bw-moleskin-puksid-black\/#primaryimage\"},\"thumbnailUrl\":\"https:\/\/www.outdoors.ee\/wp-content\/uploads\/2022\/08\/01101A-MFH-BW-Moleskin-Pants-Black-1.jpg\",\"datePublished\":\"2022-08-17T13:20:38+00:00\",\"dateModified\":\"2025-12-08T14:41:39+00:00\",\"breadcrumb\":{\"@id\":\"https:\/\/www.outdoors.ee\/et\/toode\/mfh-bw-moleskin-puksid-black\/#breadcrumb\"},\"inLanguage\":\"et\",\"potentialAction\":[{\"@type\":\"ReadAction\",\"target\":[\"https:\/\/www.outdoors.ee\/et\/toode\/mfh-bw-moleskin-puksid-black\/\"]}]},{\"@type\":\"ImageObject\",\"inLanguage\":\"et\",\"@id\":\"https:\/\/www.outdoors.ee\/et\/toode\/mfh-bw-moleskin-puksid-black\/#primaryimage\",\"url\":\"https:\/\/www.outdoors.ee\/wp-content\/uploads\/2022\/08\/01101A-MFH-BW-Moleskin-Pants-Black-1.jpg\",\"contentUrl\":\"https:\/\/www.outdoors.ee\/wp-content\/uploads\/2022\/08\/01101A-MFH-BW-Moleskin-Pants-Black-1.jpg\",\"width\":1200,\"height\":1200},{\"@type\":\"BreadcrumbList\",\"@id\":\"https:\/\/www.outdoors.ee\/et\/toode\/mfh-bw-moleskin-puksid-black\/#breadcrumb\",\"itemListElement\":[{\"@type\":\"ListItem\",\"position\":1,\"name\":\"Home\",\"item\":\"https:\/\/www.outdoors.ee\/et\/\"},{\"@type\":\"ListItem\",\"position\":2,\"name\":\"Tooted\",\"item\":\"https:\/\/www.outdoors.ee\/products\/\"},{\"@type\":\"ListItem\",\"position\":3,\"name\":\"MFH\u00ae BW Moleskin p\u00fcksid Black\"}]},{\"@type\":\"WebSite\",\"@id\":\"https:\/\/www.outdoors.ee\/#website\",\"url\":\"https:\/\/www.outdoors.ee\/\",\"name\":\"Outdoors\",\"description\":\"Genuine military surplus and not only!\",\"potentialAction\":[{\"@type\":\"SearchAction\",\"target\":{\"@type\":\"EntryPoint\",\"urlTemplate\":\"https:\/\/www.outdoors.ee\/?s={search_term_string}\"},\"query-input\":{\"@type\":\"PropertyValueSpecification\",\"valueRequired\":true,\"valueName\":\"search_term_string\"}}],\"inLanguage\":\"et\"}]}<\/script>\n<!-- \/ Yoast SEO plugin. -->","yoast_head_json":{"title":"MFH\u00ae BW Moleskin p\u00fcksid Black - Outdoors","robots":{"index":"index","follow":"follow","max-snippet":"max-snippet:-1","max-image-preview":"max-image-preview:large","max-video-preview":"max-video-preview:-1"},"canonical":"https:\/\/www.outdoors.ee\/et\/toode\/mfh-bw-moleskin-puksid-black\/","og_locale":"et_EE","og_type":"article","og_title":"MFH\u00ae BW Moleskin p\u00fcksid Black - Outdoors","og_description":"MFH Bundeswehr Moleskin p\u00fcksid, black","og_url":"https:\/\/www.outdoors.ee\/et\/toode\/mfh-bw-moleskin-puksid-black\/","og_site_name":"Outdoors","article_modified_time":"2025-12-08T14:41:39+00:00","og_image":[{"width":1200,"height":1200,"url":"https:\/\/www.outdoors.ee\/wp-content\/uploads\/2022\/08\/01101A-MFH-BW-Moleskin-Pants-Black-1.jpg","type":"image\/jpeg"}],"twitter_card":"summary_large_image","twitter_misc":{"Est. reading time":"1 minut"},"schema":{"@context":"https:\/\/schema.org","@graph":[{"@type":"WebPage","@id":"https:\/\/www.outdoors.ee\/et\/toode\/mfh-bw-moleskin-puksid-black\/","url":"https:\/\/www.outdoors.ee\/et\/toode\/mfh-bw-moleskin-puksid-black\/","name":"MFH\u00ae BW Moleskin p\u00fcksid Black - Outdoors","isPartOf":{"@id":"https:\/\/www.outdoors.ee\/#website"},"primaryImageOfPage":{"@id":"https:\/\/www.outdoors.ee\/et\/toode\/mfh-bw-moleskin-puksid-black\/#primaryimage"},"image":{"@id":"https:\/\/www.outdoors.ee\/et\/toode\/mfh-bw-moleskin-puksid-black\/#primaryimage"},"thumbnailUrl":"https:\/\/www.outdoors.ee\/wp-content\/uploads\/2022\/08\/01101A-MFH-BW-Moleskin-Pants-Black-1.jpg","datePublished":"2022-08-17T13:20:38+00:00","dateModified":"2025-12-08T14:41:39+00:00","breadcrumb":{"@id":"https:\/\/www.outdoors.ee\/et\/toode\/mfh-bw-moleskin-puksid-black\/#breadcrumb"},"inLanguage":"et","potentialAction":[{"@type":"ReadAction","target":["https:\/\/www.outdoors.ee\/et\/toode\/mfh-bw-moleskin-puksid-black\/"]}]},{"@type":"ImageObject","inLanguage":"et","@id":"https:\/\/www.outdoors.ee\/et\/toode\/mfh-bw-moleskin-puksid-black\/#primaryimage","url":"https:\/\/www.outdoors.ee\/wp-content\/uploads\/2022\/08\/01101A-MFH-BW-Moleskin-Pants-Black-1.jpg","contentUrl":"https:\/\/www.outdoors.ee\/wp-content\/uploads\/2022\/08\/01101A-MFH-BW-Moleskin-Pants-Black-1.jpg","width":1200,"height":1200},{"@type":"BreadcrumbList","@id":"https:\/\/www.outdoors.ee\/et\/toode\/mfh-bw-moleskin-puksid-black\/#breadcrumb","itemListElement":[{"@type":"ListItem","position":1,"name":"Home","item":"https:\/\/www.outdoors.ee\/et\/"},{"@type":"ListItem","position":2,"name":"Tooted","item":"https:\/\/www.outdoors.ee\/products\/"},{"@type":"ListItem","position":3,"name":"MFH\u00ae BW Moleskin p\u00fcksid Black"}]},{"@type":"WebSite","@id":"https:\/\/www.outdoors.ee\/#website","url":"https:\/\/www.outdoors.ee\/","name":"Outdoors","description":"Genuine military surplus and not only!","potentialAction":[{"@type":"SearchAction","target":{"@type":"EntryPoint","urlTemplate":"https:\/\/www.outdoors.ee\/?s={search_term_string}"},"query-input":{"@type":"PropertyValueSpecification","valueRequired":true,"valueName":"search_term_string"}}],"inLanguage":"et"}]}},"_links":{"self":[{"href":"https:\/\/www.outdoors.ee\/et\/wp-json\/wp\/v2\/product\/71025","targetHints":{"allow":["GET"]}}],"collection":[{"href":"https:\/\/www.outdoors.ee\/et\/wp-json\/wp\/v2\/product"}],"about":[{"href":"https:\/\/www.outdoors.ee\/et\/wp-json\/wp\/v2\/types\/product"}],"wp:featuredmedia":[{"embeddable":true,"href":"https:\/\/www.outdoors.ee\/et\/wp-json\/wp\/v2\/media\/71018"}],"wp:attachment":[{"href":"https:\/\/www.outdoors.ee\/et\/wp-json\/wp\/v2\/media?parent=71025"}],"wp:term":[{"taxonomy":"product_brand","embeddable":true,"href":"https:\/\/www.outdoors.ee\/et\/wp-json\/wp\/v2\/product_brand?post=71025"},{"taxonomy":"product_cat","embeddable":true,"href":"https:\/\/www.outdoors.ee\/et\/wp-json\/wp\/v2\/product_cat?post=71025"},{"taxonomy":"product_tag","embeddable":true,"href":"https:\/\/www.outdoors.ee\/et\/wp-json\/wp\/v2\/product_tag?post=71025"}],"curies":[{"name":"wp","href":"https:\/\/api.w.org\/{rel}","templated":true}]}}