{"id":70965,"date":"2022-08-16T10:18:09","date_gmt":"2022-08-16T07:18:24","guid":{"rendered":"https:\/\/www.outdoors.ee\/?post_type=product&#038;p=70965"},"modified":"2025-12-28T22:58:28","modified_gmt":"2025-12-28T20:58:28","slug":"briti-armee-kombinesoon-ecw-technician-coverall-black","status":"publish","type":"product","link":"https:\/\/www.outdoors.ee\/et\/toode\/briti-armee-kombinesoon-ecw-technician-coverall-black\/","title":{"rendered":"Briti Armee kombinesoon ECW Technician Coverall Black"},"content":{"rendered":"<p><strong>Omadused:<\/strong><\/p>\n<ul>\n<li>Briti s\u00f5jav\u00e4e originaal<\/li>\n<li>vastupidav Ripstop pol\u00fcamiidist pealne, sooja pol\u00fcestrist voodriga<\/li>\n<li>t\u00f5mblukuga keskelt avatav, tehiskarusnahaga vooderdatud kapuuts pingutusn\u00f6\u00f6ridega<\/li>\n<li>neli taskut ees ning \u00fcks sisemine rinnatasku<\/li>\n<li>t\u00f5mblukuga ligip\u00e4\u00e4s alumisele kihile v\u00f6\u00f6 piirkonnas<\/li>\n<li>t\u00e4ispikkuses (paremale jalale ulatuv) t\u00f5mblukk tormklapiga<\/li>\n<li>takjapaela abil reguleeritav jalgade all\u00e4\u00e4r<\/li>\n<li>veniv tallapael<\/li>\n<li>veniv v\u00f6\u00f6koht tagant<\/li>\n<li>tugevdused k\u00fc\u00fcnarnukkide ning tagumiku piirkonnas<\/li>\n<li>materjal: pealne 100% pol\u00fcamide; vooder 100% pol\u00fcester, soojustus 100% pol\u00fcester<\/li>\n<\/ul>\n<p><strong>Suurus<\/strong> rippmen\u00fc\u00fcs: pikkus\/rinna\u00fcmberm\u00f5\u00f5t, cm<\/p>\n<p><strong>Seisukord:<\/strong><\/p>\n<ul>\n<li>uus (ilma j\u00e4em\u00fc\u00fcgipakendita, v\u00f5ib sisaldada hulgiladustamise j\u00e4lgi)<\/li>\n<li>uuev\u00e4\u00e4rne (sisaldab kergeid kulumisj\u00e4lgi)<\/li>\n<li>kasutatud, Grade 1 (sisaldab m\u00f5\u00f5dukaid kulumisj\u00e4lgi, v\u00f5ib olla veidi m\u00e4\u00e4rdunud\/vajada pesu, v\u00f5ib sisaldada v\u00e4iksemaid vigastusi)<\/li>\n<\/ul>\n","protected":false},"excerpt":{"rendered":"<p>Briti Armee k\u00fclma ilmastiku tehniku kombinesoon, must<\/p>\n","protected":false},"featured_media":70948,"template":"","meta":[],"product_brand":[],"product_cat":[2709],"product_tag":[],"class_list":{"0":"post-70965","1":"product","2":"type-product","3":"status-publish","4":"has-post-thumbnail","6":"product_cat-kombinesoonid","7":"pa_brand-british-military-surplus","8":"pa_condition-kasutatud-grade-1","9":"pa_condition-uuevaarne","10":"pa_condition-uus","11":"pa_size-170-104-2","12":"pa_size-170-96-2","13":"pa_size-180-104-2","14":"pa_size-180-112-2","15":"pa_size-180-120-2","16":"pa_size-180-96-2","17":"pa_size-190-104-2","18":"pa_size-190-112-2","19":"pa_size-190-120-2","20":"pa_size-190-96-2","22":"first","23":"instock","24":"taxable","25":"shipping-taxable","26":"purchasable","27":"product-type-variable"},"yoast_head":"<!-- This site is optimized with the Yoast SEO plugin v27.2 - https:\/\/yoast.com\/product\/yoast-seo-wordpress\/ -->\n<title>Briti Armee kombinesoon ECW Technician Coverall Black - Outdoors<\/title>\n<meta name=\"robots\" content=\"index, follow, max-snippet:-1, max-image-preview:large, max-video-preview:-1\" \/>\n<link rel=\"canonical\" href=\"https:\/\/www.outdoors.ee\/et\/toode\/briti-armee-kombinesoon-ecw-technician-coverall-black\/\" \/>\n<meta property=\"og:locale\" content=\"et_EE\" \/>\n<meta property=\"og:type\" content=\"article\" \/>\n<meta property=\"og:title\" content=\"Briti Armee kombinesoon ECW Technician Coverall Black - Outdoors\" \/>\n<meta property=\"og:description\" content=\"Briti Armee k\u00fclma ilmastiku tehniku kombinesoon, must\" \/>\n<meta property=\"og:url\" content=\"https:\/\/www.outdoors.ee\/et\/toode\/briti-armee-kombinesoon-ecw-technician-coverall-black\/\" \/>\n<meta property=\"og:site_name\" content=\"Outdoors\" \/>\n<meta property=\"article:modified_time\" content=\"2025-12-28T20:58:28+00:00\" \/>\n<meta property=\"og:image\" content=\"https:\/\/www.outdoors.ee\/wp-content\/uploads\/2022\/08\/0245-British-Army-ECW-Technician-Coverall-Black-4.jpg\" \/>\n\t<meta property=\"og:image:width\" content=\"1000\" \/>\n\t<meta property=\"og:image:height\" content=\"1250\" \/>\n\t<meta property=\"og:image:type\" content=\"image\/jpeg\" \/>\n<meta name=\"twitter:card\" content=\"summary_large_image\" \/>\n<meta name=\"twitter:label1\" content=\"Est. reading time\" \/>\n\t<meta name=\"twitter:data1\" content=\"1 minut\" \/>\n<script type=\"application\/ld+json\" class=\"yoast-schema-graph\">{\"@context\":\"https:\/\/schema.org\",\"@graph\":[{\"@type\":\"WebPage\",\"@id\":\"https:\/\/www.outdoors.ee\/et\/toode\/briti-armee-kombinesoon-ecw-technician-coverall-black\/\",\"url\":\"https:\/\/www.outdoors.ee\/et\/toode\/briti-armee-kombinesoon-ecw-technician-coverall-black\/\",\"name\":\"Briti Armee kombinesoon ECW Technician Coverall Black - Outdoors\",\"isPartOf\":{\"@id\":\"https:\/\/www.outdoors.ee\/#website\"},\"primaryImageOfPage\":{\"@id\":\"https:\/\/www.outdoors.ee\/et\/toode\/briti-armee-kombinesoon-ecw-technician-coverall-black\/#primaryimage\"},\"image\":{\"@id\":\"https:\/\/www.outdoors.ee\/et\/toode\/briti-armee-kombinesoon-ecw-technician-coverall-black\/#primaryimage\"},\"thumbnailUrl\":\"https:\/\/www.outdoors.ee\/wp-content\/uploads\/2022\/08\/0245-British-Army-ECW-Technician-Coverall-Black-4.jpg\",\"datePublished\":\"2022-08-16T07:18:24+00:00\",\"dateModified\":\"2025-12-28T20:58:28+00:00\",\"breadcrumb\":{\"@id\":\"https:\/\/www.outdoors.ee\/et\/toode\/briti-armee-kombinesoon-ecw-technician-coverall-black\/#breadcrumb\"},\"inLanguage\":\"et\",\"potentialAction\":[{\"@type\":\"ReadAction\",\"target\":[\"https:\/\/www.outdoors.ee\/et\/toode\/briti-armee-kombinesoon-ecw-technician-coverall-black\/\"]}]},{\"@type\":\"ImageObject\",\"inLanguage\":\"et\",\"@id\":\"https:\/\/www.outdoors.ee\/et\/toode\/briti-armee-kombinesoon-ecw-technician-coverall-black\/#primaryimage\",\"url\":\"https:\/\/www.outdoors.ee\/wp-content\/uploads\/2022\/08\/0245-British-Army-ECW-Technician-Coverall-Black-4.jpg\",\"contentUrl\":\"https:\/\/www.outdoors.ee\/wp-content\/uploads\/2022\/08\/0245-British-Army-ECW-Technician-Coverall-Black-4.jpg\",\"width\":1000,\"height\":1250},{\"@type\":\"BreadcrumbList\",\"@id\":\"https:\/\/www.outdoors.ee\/et\/toode\/briti-armee-kombinesoon-ecw-technician-coverall-black\/#breadcrumb\",\"itemListElement\":[{\"@type\":\"ListItem\",\"position\":1,\"name\":\"Home\",\"item\":\"https:\/\/www.outdoors.ee\/et\/\"},{\"@type\":\"ListItem\",\"position\":2,\"name\":\"Tooted\",\"item\":\"https:\/\/www.outdoors.ee\/products\/\"},{\"@type\":\"ListItem\",\"position\":3,\"name\":\"Briti Armee kombinesoon ECW Technician Coverall Black\"}]},{\"@type\":\"WebSite\",\"@id\":\"https:\/\/www.outdoors.ee\/#website\",\"url\":\"https:\/\/www.outdoors.ee\/\",\"name\":\"Outdoors\",\"description\":\"Genuine military surplus and not only!\",\"potentialAction\":[{\"@type\":\"SearchAction\",\"target\":{\"@type\":\"EntryPoint\",\"urlTemplate\":\"https:\/\/www.outdoors.ee\/?s={search_term_string}\"},\"query-input\":{\"@type\":\"PropertyValueSpecification\",\"valueRequired\":true,\"valueName\":\"search_term_string\"}}],\"inLanguage\":\"et\"}]}<\/script>\n<!-- \/ Yoast SEO plugin. -->","yoast_head_json":{"title":"Briti Armee kombinesoon ECW Technician Coverall Black - Outdoors","robots":{"index":"index","follow":"follow","max-snippet":"max-snippet:-1","max-image-preview":"max-image-preview:large","max-video-preview":"max-video-preview:-1"},"canonical":"https:\/\/www.outdoors.ee\/et\/toode\/briti-armee-kombinesoon-ecw-technician-coverall-black\/","og_locale":"et_EE","og_type":"article","og_title":"Briti Armee kombinesoon ECW Technician Coverall Black - Outdoors","og_description":"Briti Armee k\u00fclma ilmastiku tehniku kombinesoon, must","og_url":"https:\/\/www.outdoors.ee\/et\/toode\/briti-armee-kombinesoon-ecw-technician-coverall-black\/","og_site_name":"Outdoors","article_modified_time":"2025-12-28T20:58:28+00:00","og_image":[{"width":1000,"height":1250,"url":"https:\/\/www.outdoors.ee\/wp-content\/uploads\/2022\/08\/0245-British-Army-ECW-Technician-Coverall-Black-4.jpg","type":"image\/jpeg"}],"twitter_card":"summary_large_image","twitter_misc":{"Est. reading time":"1 minut"},"schema":{"@context":"https:\/\/schema.org","@graph":[{"@type":"WebPage","@id":"https:\/\/www.outdoors.ee\/et\/toode\/briti-armee-kombinesoon-ecw-technician-coverall-black\/","url":"https:\/\/www.outdoors.ee\/et\/toode\/briti-armee-kombinesoon-ecw-technician-coverall-black\/","name":"Briti Armee kombinesoon ECW Technician Coverall Black - Outdoors","isPartOf":{"@id":"https:\/\/www.outdoors.ee\/#website"},"primaryImageOfPage":{"@id":"https:\/\/www.outdoors.ee\/et\/toode\/briti-armee-kombinesoon-ecw-technician-coverall-black\/#primaryimage"},"image":{"@id":"https:\/\/www.outdoors.ee\/et\/toode\/briti-armee-kombinesoon-ecw-technician-coverall-black\/#primaryimage"},"thumbnailUrl":"https:\/\/www.outdoors.ee\/wp-content\/uploads\/2022\/08\/0245-British-Army-ECW-Technician-Coverall-Black-4.jpg","datePublished":"2022-08-16T07:18:24+00:00","dateModified":"2025-12-28T20:58:28+00:00","breadcrumb":{"@id":"https:\/\/www.outdoors.ee\/et\/toode\/briti-armee-kombinesoon-ecw-technician-coverall-black\/#breadcrumb"},"inLanguage":"et","potentialAction":[{"@type":"ReadAction","target":["https:\/\/www.outdoors.ee\/et\/toode\/briti-armee-kombinesoon-ecw-technician-coverall-black\/"]}]},{"@type":"ImageObject","inLanguage":"et","@id":"https:\/\/www.outdoors.ee\/et\/toode\/briti-armee-kombinesoon-ecw-technician-coverall-black\/#primaryimage","url":"https:\/\/www.outdoors.ee\/wp-content\/uploads\/2022\/08\/0245-British-Army-ECW-Technician-Coverall-Black-4.jpg","contentUrl":"https:\/\/www.outdoors.ee\/wp-content\/uploads\/2022\/08\/0245-British-Army-ECW-Technician-Coverall-Black-4.jpg","width":1000,"height":1250},{"@type":"BreadcrumbList","@id":"https:\/\/www.outdoors.ee\/et\/toode\/briti-armee-kombinesoon-ecw-technician-coverall-black\/#breadcrumb","itemListElement":[{"@type":"ListItem","position":1,"name":"Home","item":"https:\/\/www.outdoors.ee\/et\/"},{"@type":"ListItem","position":2,"name":"Tooted","item":"https:\/\/www.outdoors.ee\/products\/"},{"@type":"ListItem","position":3,"name":"Briti Armee kombinesoon ECW Technician Coverall Black"}]},{"@type":"WebSite","@id":"https:\/\/www.outdoors.ee\/#website","url":"https:\/\/www.outdoors.ee\/","name":"Outdoors","description":"Genuine military surplus and not only!","potentialAction":[{"@type":"SearchAction","target":{"@type":"EntryPoint","urlTemplate":"https:\/\/www.outdoors.ee\/?s={search_term_string}"},"query-input":{"@type":"PropertyValueSpecification","valueRequired":true,"valueName":"search_term_string"}}],"inLanguage":"et"}]}},"_links":{"self":[{"href":"https:\/\/www.outdoors.ee\/et\/wp-json\/wp\/v2\/product\/70965","targetHints":{"allow":["GET"]}}],"collection":[{"href":"https:\/\/www.outdoors.ee\/et\/wp-json\/wp\/v2\/product"}],"about":[{"href":"https:\/\/www.outdoors.ee\/et\/wp-json\/wp\/v2\/types\/product"}],"wp:featuredmedia":[{"embeddable":true,"href":"https:\/\/www.outdoors.ee\/et\/wp-json\/wp\/v2\/media\/70948"}],"wp:attachment":[{"href":"https:\/\/www.outdoors.ee\/et\/wp-json\/wp\/v2\/media?parent=70965"}],"wp:term":[{"taxonomy":"product_brand","embeddable":true,"href":"https:\/\/www.outdoors.ee\/et\/wp-json\/wp\/v2\/product_brand?post=70965"},{"taxonomy":"product_cat","embeddable":true,"href":"https:\/\/www.outdoors.ee\/et\/wp-json\/wp\/v2\/product_cat?post=70965"},{"taxonomy":"product_tag","embeddable":true,"href":"https:\/\/www.outdoors.ee\/et\/wp-json\/wp\/v2\/product_tag?post=70965"}],"curies":[{"name":"wp","href":"https:\/\/api.w.org\/{rel}","templated":true}]}}