{"id":70611,"date":"2022-08-10T14:13:16","date_gmt":"2022-08-10T11:13:16","guid":{"rendered":"https:\/\/www.outdoors.ee\/?post_type=product&#038;p=70611"},"modified":"2025-08-26T15:40:27","modified_gmt":"2025-08-26T12:40:27","slug":"taktikalised-puksid-urban-tactical-pants-utp-flex","status":"publish","type":"product","link":"https:\/\/www.outdoors.ee\/et\/toode\/taktikalised-puksid-urban-tactical-pants-utp-flex\/","title":{"rendered":"Helikon-Tex\u00ae taktikalised p\u00fcksid UTF Pants"},"content":{"rendered":"<p lang=\"en-US\" align=\"JUSTIFY\">Urban Tactical Pants\u00ae taktikaliste p\u00fckste edasiarendus. Kuigi p\u00fckste p\u00f5hikonstruktsioon on sama, mis UTP-s, on olemas ka olulised muudatused. K\u00f5ige olulisem muudatus on kangas. Urban Tactical Flex Pants\u00ae on valmistatud mitteelastsest NyCo (nailon\/puuvill) kangast, mis on teadaolevalt \u00fcks parimaid ja vastupidavamaid riidekangaid. Kandja liikumisvabaduse s\u00e4ilitamiseks on jalgevahe piirkonda ning istmiku \u00fclemisse piirkonda lisatud VersaStretch\u00ae venivad paneelid. Nendes p\u00fckstes kasutatud l\u00f5ige ja taskupaigutus s\u00e4ilitab tsiviililme, s\u00e4ilitades samal ajal v\u00e4lip\u00fckste t\u00e4ieliku funktsionaalsuse.<\/p>\n<p lang=\"en-US\" align=\"JUSTIFY\"><strong>Omadused:<\/strong><\/p>\n<ul>\n<li>veniv, takjapaela abil suletav v\u00f6\u00f6koht<\/li>\n<li>50 mm laiad p\u00fcksirihma aasad<\/li>\n<li>klassikaline teksade stiilis kaelus ei lase p\u00fckstel maha libiseda<\/li>\n<li>kaks sisemist madala profiiliga taskut<\/li>\n<li>kaks klassikalist esitaskut tugevdatud servadega<\/li>\n<li>kaks laia tagataskut<\/li>\n<li>kaks \u00f5hukest tagataskut reguleeritava s\u00fcgavusega<\/li>\n<li>kaks reietaskut YKK\u00ae t\u00f5mblukuga<\/li>\n<li>kaks takjapaela klapiga suletavad taskut nutitelefoni v\u00f5i relva salve mahutamiseks<\/li>\n<li>Low Profile Insert Pads p\u00f5lvekaitsmete taskud<\/li>\n<li>pingutusn\u00f6\u00f6ri kanalitega mansetid<\/li>\n<li>venivad VersaStretch\u00ae paneelid jalgevahe ning istmiku \u00fclemises piirkonnas<\/li>\n<li>YKK\u00ae t\u00f5mblukuga eest<\/li>\n<li>materjal: 50% puuvill, 50% nailon<\/li>\n<li>kaal 630g<\/li>\n<\/ul>\n<p><strong>Seisukord:<\/strong> uus<\/p>\n","protected":false},"excerpt":{"rendered":"<p>Helikon-Tex\u00ae taktikalised p\u00fcksid Urban Tactical Flex Pants<\/p>\n","protected":false},"featured_media":85451,"template":"","meta":[],"product_brand":[],"product_cat":[111],"product_tag":[],"class_list":{"0":"post-70611","1":"product","2":"type-product","3":"status-publish","4":"has-post-thumbnail","6":"product_cat-puksid","7":"pa_brand-helikon-tex","8":"pa_color-adaptive-green-2","9":"pa_color-black-2","10":"pa_color-coyote-2","11":"pa_color-olive-green-2","12":"pa_size-large-long-34-34-2","13":"pa_size-large-regular-34-32-2","14":"pa_size-medium-long-32-34-2","15":"pa_size-medium-regular-32-32-2","16":"pa_size-small-regular-30-32-2","17":"pa_size-xlarge-long-36-34-2","18":"pa_size-xlarge-regular-36-32-2","20":"first","21":"instock","22":"taxable","23":"shipping-taxable","24":"purchasable","25":"product-type-variable"},"yoast_head":"<!-- This site is optimized with the Yoast SEO plugin v27.2 - https:\/\/yoast.com\/product\/yoast-seo-wordpress\/ -->\n<title>Helikon-Tex\u00ae taktikalised p\u00fcksid UTF Pants - Outdoors<\/title>\n<meta name=\"robots\" content=\"index, follow, max-snippet:-1, max-image-preview:large, max-video-preview:-1\" \/>\n<link rel=\"canonical\" href=\"https:\/\/www.outdoors.ee\/et\/toode\/taktikalised-puksid-urban-tactical-pants-utp-flex\/\" \/>\n<meta property=\"og:locale\" content=\"et_EE\" \/>\n<meta property=\"og:type\" content=\"article\" \/>\n<meta property=\"og:title\" content=\"Helikon-Tex\u00ae taktikalised p\u00fcksid UTF Pants - Outdoors\" \/>\n<meta property=\"og:description\" content=\"Helikon-Tex\u00ae taktikalised p\u00fcksid Urban Tactical Flex Pants\" \/>\n<meta property=\"og:url\" content=\"https:\/\/www.outdoors.ee\/et\/toode\/taktikalised-puksid-urban-tactical-pants-utp-flex\/\" \/>\n<meta property=\"og:site_name\" content=\"Outdoors\" \/>\n<meta property=\"article:modified_time\" content=\"2025-08-26T12:40:27+00:00\" \/>\n<meta property=\"og:image\" content=\"https:\/\/www.outdoors.ee\/wp-content\/uploads\/2022\/08\/Helikon-Tex\u00ae-Urban-Tactical-Pants\u00ae-UTP\u00ae-Flex-Olive-Green.jpg\" \/>\n\t<meta property=\"og:image:width\" content=\"1500\" \/>\n\t<meta property=\"og:image:height\" content=\"1500\" \/>\n\t<meta property=\"og:image:type\" content=\"image\/jpeg\" \/>\n<meta name=\"twitter:card\" content=\"summary_large_image\" \/>\n<meta name=\"twitter:label1\" content=\"Est. reading time\" \/>\n\t<meta name=\"twitter:data1\" content=\"1 minut\" \/>\n<script type=\"application\/ld+json\" class=\"yoast-schema-graph\">{\"@context\":\"https:\/\/schema.org\",\"@graph\":[{\"@type\":\"WebPage\",\"@id\":\"https:\/\/www.outdoors.ee\/et\/toode\/taktikalised-puksid-urban-tactical-pants-utp-flex\/\",\"url\":\"https:\/\/www.outdoors.ee\/et\/toode\/taktikalised-puksid-urban-tactical-pants-utp-flex\/\",\"name\":\"Helikon-Tex\u00ae taktikalised p\u00fcksid UTF Pants - Outdoors\",\"isPartOf\":{\"@id\":\"https:\/\/www.outdoors.ee\/#website\"},\"primaryImageOfPage\":{\"@id\":\"https:\/\/www.outdoors.ee\/et\/toode\/taktikalised-puksid-urban-tactical-pants-utp-flex\/#primaryimage\"},\"image\":{\"@id\":\"https:\/\/www.outdoors.ee\/et\/toode\/taktikalised-puksid-urban-tactical-pants-utp-flex\/#primaryimage\"},\"thumbnailUrl\":\"https:\/\/www.outdoors.ee\/wp-content\/uploads\/2022\/08\/Helikon-Tex\u00ae-Urban-Tactical-Pants\u00ae-UTP\u00ae-Flex-Olive-Green.jpg\",\"datePublished\":\"2022-08-10T11:13:16+00:00\",\"dateModified\":\"2025-08-26T12:40:27+00:00\",\"breadcrumb\":{\"@id\":\"https:\/\/www.outdoors.ee\/et\/toode\/taktikalised-puksid-urban-tactical-pants-utp-flex\/#breadcrumb\"},\"inLanguage\":\"et\",\"potentialAction\":[{\"@type\":\"ReadAction\",\"target\":[\"https:\/\/www.outdoors.ee\/et\/toode\/taktikalised-puksid-urban-tactical-pants-utp-flex\/\"]}]},{\"@type\":\"ImageObject\",\"inLanguage\":\"et\",\"@id\":\"https:\/\/www.outdoors.ee\/et\/toode\/taktikalised-puksid-urban-tactical-pants-utp-flex\/#primaryimage\",\"url\":\"https:\/\/www.outdoors.ee\/wp-content\/uploads\/2022\/08\/Helikon-Tex\u00ae-Urban-Tactical-Pants\u00ae-UTP\u00ae-Flex-Olive-Green.jpg\",\"contentUrl\":\"https:\/\/www.outdoors.ee\/wp-content\/uploads\/2022\/08\/Helikon-Tex\u00ae-Urban-Tactical-Pants\u00ae-UTP\u00ae-Flex-Olive-Green.jpg\",\"width\":1500,\"height\":1500},{\"@type\":\"BreadcrumbList\",\"@id\":\"https:\/\/www.outdoors.ee\/et\/toode\/taktikalised-puksid-urban-tactical-pants-utp-flex\/#breadcrumb\",\"itemListElement\":[{\"@type\":\"ListItem\",\"position\":1,\"name\":\"Home\",\"item\":\"https:\/\/www.outdoors.ee\/et\/\"},{\"@type\":\"ListItem\",\"position\":2,\"name\":\"Tooted\",\"item\":\"https:\/\/www.outdoors.ee\/products\/\"},{\"@type\":\"ListItem\",\"position\":3,\"name\":\"Helikon-Tex\u00ae taktikalised p\u00fcksid UTF Pants\"}]},{\"@type\":\"WebSite\",\"@id\":\"https:\/\/www.outdoors.ee\/#website\",\"url\":\"https:\/\/www.outdoors.ee\/\",\"name\":\"Outdoors\",\"description\":\"Genuine military surplus and not only!\",\"potentialAction\":[{\"@type\":\"SearchAction\",\"target\":{\"@type\":\"EntryPoint\",\"urlTemplate\":\"https:\/\/www.outdoors.ee\/?s={search_term_string}\"},\"query-input\":{\"@type\":\"PropertyValueSpecification\",\"valueRequired\":true,\"valueName\":\"search_term_string\"}}],\"inLanguage\":\"et\"}]}<\/script>\n<!-- \/ Yoast SEO plugin. -->","yoast_head_json":{"title":"Helikon-Tex\u00ae taktikalised p\u00fcksid UTF Pants - Outdoors","robots":{"index":"index","follow":"follow","max-snippet":"max-snippet:-1","max-image-preview":"max-image-preview:large","max-video-preview":"max-video-preview:-1"},"canonical":"https:\/\/www.outdoors.ee\/et\/toode\/taktikalised-puksid-urban-tactical-pants-utp-flex\/","og_locale":"et_EE","og_type":"article","og_title":"Helikon-Tex\u00ae taktikalised p\u00fcksid UTF Pants - Outdoors","og_description":"Helikon-Tex\u00ae taktikalised p\u00fcksid Urban Tactical Flex Pants","og_url":"https:\/\/www.outdoors.ee\/et\/toode\/taktikalised-puksid-urban-tactical-pants-utp-flex\/","og_site_name":"Outdoors","article_modified_time":"2025-08-26T12:40:27+00:00","og_image":[{"width":1500,"height":1500,"url":"https:\/\/www.outdoors.ee\/wp-content\/uploads\/2022\/08\/Helikon-Tex\u00ae-Urban-Tactical-Pants\u00ae-UTP\u00ae-Flex-Olive-Green.jpg","type":"image\/jpeg"}],"twitter_card":"summary_large_image","twitter_misc":{"Est. reading time":"1 minut"},"schema":{"@context":"https:\/\/schema.org","@graph":[{"@type":"WebPage","@id":"https:\/\/www.outdoors.ee\/et\/toode\/taktikalised-puksid-urban-tactical-pants-utp-flex\/","url":"https:\/\/www.outdoors.ee\/et\/toode\/taktikalised-puksid-urban-tactical-pants-utp-flex\/","name":"Helikon-Tex\u00ae taktikalised p\u00fcksid UTF Pants - Outdoors","isPartOf":{"@id":"https:\/\/www.outdoors.ee\/#website"},"primaryImageOfPage":{"@id":"https:\/\/www.outdoors.ee\/et\/toode\/taktikalised-puksid-urban-tactical-pants-utp-flex\/#primaryimage"},"image":{"@id":"https:\/\/www.outdoors.ee\/et\/toode\/taktikalised-puksid-urban-tactical-pants-utp-flex\/#primaryimage"},"thumbnailUrl":"https:\/\/www.outdoors.ee\/wp-content\/uploads\/2022\/08\/Helikon-Tex\u00ae-Urban-Tactical-Pants\u00ae-UTP\u00ae-Flex-Olive-Green.jpg","datePublished":"2022-08-10T11:13:16+00:00","dateModified":"2025-08-26T12:40:27+00:00","breadcrumb":{"@id":"https:\/\/www.outdoors.ee\/et\/toode\/taktikalised-puksid-urban-tactical-pants-utp-flex\/#breadcrumb"},"inLanguage":"et","potentialAction":[{"@type":"ReadAction","target":["https:\/\/www.outdoors.ee\/et\/toode\/taktikalised-puksid-urban-tactical-pants-utp-flex\/"]}]},{"@type":"ImageObject","inLanguage":"et","@id":"https:\/\/www.outdoors.ee\/et\/toode\/taktikalised-puksid-urban-tactical-pants-utp-flex\/#primaryimage","url":"https:\/\/www.outdoors.ee\/wp-content\/uploads\/2022\/08\/Helikon-Tex\u00ae-Urban-Tactical-Pants\u00ae-UTP\u00ae-Flex-Olive-Green.jpg","contentUrl":"https:\/\/www.outdoors.ee\/wp-content\/uploads\/2022\/08\/Helikon-Tex\u00ae-Urban-Tactical-Pants\u00ae-UTP\u00ae-Flex-Olive-Green.jpg","width":1500,"height":1500},{"@type":"BreadcrumbList","@id":"https:\/\/www.outdoors.ee\/et\/toode\/taktikalised-puksid-urban-tactical-pants-utp-flex\/#breadcrumb","itemListElement":[{"@type":"ListItem","position":1,"name":"Home","item":"https:\/\/www.outdoors.ee\/et\/"},{"@type":"ListItem","position":2,"name":"Tooted","item":"https:\/\/www.outdoors.ee\/products\/"},{"@type":"ListItem","position":3,"name":"Helikon-Tex\u00ae taktikalised p\u00fcksid UTF Pants"}]},{"@type":"WebSite","@id":"https:\/\/www.outdoors.ee\/#website","url":"https:\/\/www.outdoors.ee\/","name":"Outdoors","description":"Genuine military surplus and not only!","potentialAction":[{"@type":"SearchAction","target":{"@type":"EntryPoint","urlTemplate":"https:\/\/www.outdoors.ee\/?s={search_term_string}"},"query-input":{"@type":"PropertyValueSpecification","valueRequired":true,"valueName":"search_term_string"}}],"inLanguage":"et"}]}},"_links":{"self":[{"href":"https:\/\/www.outdoors.ee\/et\/wp-json\/wp\/v2\/product\/70611","targetHints":{"allow":["GET"]}}],"collection":[{"href":"https:\/\/www.outdoors.ee\/et\/wp-json\/wp\/v2\/product"}],"about":[{"href":"https:\/\/www.outdoors.ee\/et\/wp-json\/wp\/v2\/types\/product"}],"wp:featuredmedia":[{"embeddable":true,"href":"https:\/\/www.outdoors.ee\/et\/wp-json\/wp\/v2\/media\/85451"}],"wp:attachment":[{"href":"https:\/\/www.outdoors.ee\/et\/wp-json\/wp\/v2\/media?parent=70611"}],"wp:term":[{"taxonomy":"product_brand","embeddable":true,"href":"https:\/\/www.outdoors.ee\/et\/wp-json\/wp\/v2\/product_brand?post=70611"},{"taxonomy":"product_cat","embeddable":true,"href":"https:\/\/www.outdoors.ee\/et\/wp-json\/wp\/v2\/product_cat?post=70611"},{"taxonomy":"product_tag","embeddable":true,"href":"https:\/\/www.outdoors.ee\/et\/wp-json\/wp\/v2\/product_tag?post=70611"}],"curies":[{"name":"wp","href":"https:\/\/api.w.org\/{rel}","templated":true}]}}