{"id":70591,"date":"2022-08-08T14:23:08","date_gmt":"2022-08-08T11:23:08","guid":{"rendered":"https:\/\/www.outdoors.ee\/?post_type=product&#038;p=70591"},"modified":"2025-11-16T14:26:35","modified_gmt":"2025-11-16T12:26:35","slug":"valivormi-puksid-sfu-next-pants-mk2-polycotton-stretch-ripstop","status":"publish","type":"product","link":"https:\/\/www.outdoors.ee\/et\/toode\/valivormi-puksid-sfu-next-pants-mk2-polycotton-stretch-ripstop\/","title":{"rendered":"Helikon-Tex\u00ae v\u00e4lip\u00fcksid SFU NEXT Mk2 &#8211; PolyCotton Stretch Ripstop"},"content":{"rendered":"<p><strong>T\u00e4iustatud v\u00e4lip\u00fcksid<\/strong> <strong>eri\u00fclesanneteks<\/strong><\/p>\n<p>V\u00e4livormi p\u00fckste SFU NEXT Pants\u00ae edasiarendus. Neil on eelmisest versioonist anatoomilisem ja mugavam l\u00f5ige, mis ei piira liikumist ja v\u00f5imaldab t\u00e4ielikku tegutsemisvabadust igasugusel maastikul. SFU Next Mk2 p\u00fcksid sobivad kasutamiseks lasketiirus, matkamisel ning k\u00f5ikjal, kus kasutaja vajab otsest juurdep\u00e4\u00e4su p\u00f5hivarustusele.<\/p>\n<p><strong>Omadused:<\/strong><\/p>\n<ul>\n<li>SFU (Special Force Uniform) v\u00e4livormi p\u00fckste t\u00fc\u00fcpi mudel<\/li>\n<li>reguleeritav v\u00f6\u00f6koha laius<\/li>\n<li>pingutusn\u00f6\u00f6ridega mansetid<\/li>\n<li>kaks k\u00e4etaskut<\/li>\n<li>kaks v\u00e4iksemat EDC taskut ees<\/li>\n<li>kaks tagataskut<\/li>\n<li>kaks takjapaelaga ning n\u00f6\u00f6biga suletavat reietaskut<\/li>\n<li>tugevdused p\u00f5lvepiirkonnas p\u00f5lvekaitsemete lisamise v\u00f5imalusega<\/li>\n<li>tugevdatud istmikuosa<\/li>\n<li>n\u00f6\u00f6pidega eest suletavad<\/li>\n<li>materjal: 50% pol\u00fcester, 48% puuvill, 2% elastaan; 220 g\/m2<\/li>\n<li>kaal 614g<\/li>\n<\/ul>\n<p><strong>Seisukord:<\/strong> uus<\/p>\n","protected":false},"excerpt":{"rendered":"<p>T\u00e4iustatud v\u00e4lip\u00fcksid eri\u00fclesanneteks V\u00e4livormi p\u00fckste SFU NEXT Pants\u00ae edasiarendus. Neil on eelmisest versioonist anatoomilisem ja mugavam l\u00f5ige, mis ei piira<\/p>\n","protected":false},"featured_media":102319,"template":"","meta":[],"product_brand":[],"product_cat":[111],"product_tag":[],"class_list":{"0":"post-70591","1":"product","2":"type-product","3":"status-publish","4":"has-post-thumbnail","6":"product_cat-puksid","7":"pa_brand-helikon-tex","8":"pa_color-black-2","9":"pa_color-coyote-2","10":"pa_color-olive-green-2","11":"pa_color-shadow-grey-2","12":"pa_size-large-long-34-34-2","13":"pa_size-large-regular-34-32-2","14":"pa_size-medium-long-32-34-2","15":"pa_size-medium-regular-32-32-2","16":"pa_size-xlarge-long-36-34-2","17":"pa_size-xlarge-regular-36-32-2","19":"first","20":"instock","21":"taxable","22":"shipping-taxable","23":"purchasable","24":"product-type-variable"},"yoast_head":"<!-- This site is optimized with the Yoast SEO plugin v27.2 - https:\/\/yoast.com\/product\/yoast-seo-wordpress\/ -->\n<title>Helikon-Tex\u00ae v\u00e4lip\u00fcksid SFU NEXT Mk2 - PolyCotton Stretch Ripstop - Outdoors<\/title>\n<meta name=\"robots\" content=\"index, follow, max-snippet:-1, max-image-preview:large, max-video-preview:-1\" \/>\n<link rel=\"canonical\" href=\"https:\/\/www.outdoors.ee\/et\/toode\/valivormi-puksid-sfu-next-pants-mk2-polycotton-stretch-ripstop\/\" \/>\n<meta property=\"og:locale\" content=\"et_EE\" \/>\n<meta property=\"og:type\" content=\"article\" \/>\n<meta property=\"og:title\" content=\"Helikon-Tex\u00ae v\u00e4lip\u00fcksid SFU NEXT Mk2 - PolyCotton Stretch Ripstop - Outdoors\" \/>\n<meta property=\"og:description\" content=\"T\u00e4iustatud v\u00e4lip\u00fcksid eri\u00fclesanneteks V\u00e4livormi p\u00fckste SFU NEXT Pants\u00ae edasiarendus. Neil on eelmisest versioonist anatoomilisem ja mugavam l\u00f5ige, mis ei piira\" \/>\n<meta property=\"og:url\" content=\"https:\/\/www.outdoors.ee\/et\/toode\/valivormi-puksid-sfu-next-pants-mk2-polycotton-stretch-ripstop\/\" \/>\n<meta property=\"og:site_name\" content=\"Outdoors\" \/>\n<meta property=\"article:modified_time\" content=\"2025-11-16T12:26:35+00:00\" \/>\n<meta property=\"og:image\" content=\"https:\/\/www.outdoors.ee\/wp-content\/uploads\/2022\/08\/Helikon-Tex\u00ae-SFU-NEXT-Mk2-Pants-PolyCotton-Stretch-Ripstop-Coyote.jpg\" \/>\n\t<meta property=\"og:image:width\" content=\"1500\" \/>\n\t<meta property=\"og:image:height\" content=\"1500\" \/>\n\t<meta property=\"og:image:type\" content=\"image\/jpeg\" \/>\n<meta name=\"twitter:card\" content=\"summary_large_image\" \/>\n<meta name=\"twitter:label1\" content=\"Est. reading time\" \/>\n\t<meta name=\"twitter:data1\" content=\"1 minut\" \/>\n<script type=\"application\/ld+json\" class=\"yoast-schema-graph\">{\"@context\":\"https:\/\/schema.org\",\"@graph\":[{\"@type\":\"WebPage\",\"@id\":\"https:\/\/www.outdoors.ee\/et\/toode\/valivormi-puksid-sfu-next-pants-mk2-polycotton-stretch-ripstop\/\",\"url\":\"https:\/\/www.outdoors.ee\/et\/toode\/valivormi-puksid-sfu-next-pants-mk2-polycotton-stretch-ripstop\/\",\"name\":\"Helikon-Tex\u00ae v\u00e4lip\u00fcksid SFU NEXT Mk2 - PolyCotton Stretch Ripstop - Outdoors\",\"isPartOf\":{\"@id\":\"https:\/\/www.outdoors.ee\/#website\"},\"primaryImageOfPage\":{\"@id\":\"https:\/\/www.outdoors.ee\/et\/toode\/valivormi-puksid-sfu-next-pants-mk2-polycotton-stretch-ripstop\/#primaryimage\"},\"image\":{\"@id\":\"https:\/\/www.outdoors.ee\/et\/toode\/valivormi-puksid-sfu-next-pants-mk2-polycotton-stretch-ripstop\/#primaryimage\"},\"thumbnailUrl\":\"https:\/\/www.outdoors.ee\/wp-content\/uploads\/2022\/08\/Helikon-Tex\u00ae-SFU-NEXT-Mk2-Pants-PolyCotton-Stretch-Ripstop-Coyote.jpg\",\"datePublished\":\"2022-08-08T11:23:08+00:00\",\"dateModified\":\"2025-11-16T12:26:35+00:00\",\"breadcrumb\":{\"@id\":\"https:\/\/www.outdoors.ee\/et\/toode\/valivormi-puksid-sfu-next-pants-mk2-polycotton-stretch-ripstop\/#breadcrumb\"},\"inLanguage\":\"et\",\"potentialAction\":[{\"@type\":\"ReadAction\",\"target\":[\"https:\/\/www.outdoors.ee\/et\/toode\/valivormi-puksid-sfu-next-pants-mk2-polycotton-stretch-ripstop\/\"]}]},{\"@type\":\"ImageObject\",\"inLanguage\":\"et\",\"@id\":\"https:\/\/www.outdoors.ee\/et\/toode\/valivormi-puksid-sfu-next-pants-mk2-polycotton-stretch-ripstop\/#primaryimage\",\"url\":\"https:\/\/www.outdoors.ee\/wp-content\/uploads\/2022\/08\/Helikon-Tex\u00ae-SFU-NEXT-Mk2-Pants-PolyCotton-Stretch-Ripstop-Coyote.jpg\",\"contentUrl\":\"https:\/\/www.outdoors.ee\/wp-content\/uploads\/2022\/08\/Helikon-Tex\u00ae-SFU-NEXT-Mk2-Pants-PolyCotton-Stretch-Ripstop-Coyote.jpg\",\"width\":1500,\"height\":1500},{\"@type\":\"BreadcrumbList\",\"@id\":\"https:\/\/www.outdoors.ee\/et\/toode\/valivormi-puksid-sfu-next-pants-mk2-polycotton-stretch-ripstop\/#breadcrumb\",\"itemListElement\":[{\"@type\":\"ListItem\",\"position\":1,\"name\":\"Home\",\"item\":\"https:\/\/www.outdoors.ee\/et\/\"},{\"@type\":\"ListItem\",\"position\":2,\"name\":\"Tooted\",\"item\":\"https:\/\/www.outdoors.ee\/products\/\"},{\"@type\":\"ListItem\",\"position\":3,\"name\":\"Helikon-Tex\u00ae v\u00e4lip\u00fcksid SFU NEXT Mk2 &#8211; PolyCotton Stretch Ripstop\"}]},{\"@type\":\"WebSite\",\"@id\":\"https:\/\/www.outdoors.ee\/#website\",\"url\":\"https:\/\/www.outdoors.ee\/\",\"name\":\"Outdoors\",\"description\":\"Genuine military surplus and not only!\",\"potentialAction\":[{\"@type\":\"SearchAction\",\"target\":{\"@type\":\"EntryPoint\",\"urlTemplate\":\"https:\/\/www.outdoors.ee\/?s={search_term_string}\"},\"query-input\":{\"@type\":\"PropertyValueSpecification\",\"valueRequired\":true,\"valueName\":\"search_term_string\"}}],\"inLanguage\":\"et\"}]}<\/script>\n<!-- \/ Yoast SEO plugin. -->","yoast_head_json":{"title":"Helikon-Tex\u00ae v\u00e4lip\u00fcksid SFU NEXT Mk2 - PolyCotton Stretch Ripstop - Outdoors","robots":{"index":"index","follow":"follow","max-snippet":"max-snippet:-1","max-image-preview":"max-image-preview:large","max-video-preview":"max-video-preview:-1"},"canonical":"https:\/\/www.outdoors.ee\/et\/toode\/valivormi-puksid-sfu-next-pants-mk2-polycotton-stretch-ripstop\/","og_locale":"et_EE","og_type":"article","og_title":"Helikon-Tex\u00ae v\u00e4lip\u00fcksid SFU NEXT Mk2 - PolyCotton Stretch Ripstop - Outdoors","og_description":"T\u00e4iustatud v\u00e4lip\u00fcksid eri\u00fclesanneteks V\u00e4livormi p\u00fckste SFU NEXT Pants\u00ae edasiarendus. Neil on eelmisest versioonist anatoomilisem ja mugavam l\u00f5ige, mis ei piira","og_url":"https:\/\/www.outdoors.ee\/et\/toode\/valivormi-puksid-sfu-next-pants-mk2-polycotton-stretch-ripstop\/","og_site_name":"Outdoors","article_modified_time":"2025-11-16T12:26:35+00:00","og_image":[{"width":1500,"height":1500,"url":"https:\/\/www.outdoors.ee\/wp-content\/uploads\/2022\/08\/Helikon-Tex\u00ae-SFU-NEXT-Mk2-Pants-PolyCotton-Stretch-Ripstop-Coyote.jpg","type":"image\/jpeg"}],"twitter_card":"summary_large_image","twitter_misc":{"Est. reading time":"1 minut"},"schema":{"@context":"https:\/\/schema.org","@graph":[{"@type":"WebPage","@id":"https:\/\/www.outdoors.ee\/et\/toode\/valivormi-puksid-sfu-next-pants-mk2-polycotton-stretch-ripstop\/","url":"https:\/\/www.outdoors.ee\/et\/toode\/valivormi-puksid-sfu-next-pants-mk2-polycotton-stretch-ripstop\/","name":"Helikon-Tex\u00ae v\u00e4lip\u00fcksid SFU NEXT Mk2 - PolyCotton Stretch Ripstop - Outdoors","isPartOf":{"@id":"https:\/\/www.outdoors.ee\/#website"},"primaryImageOfPage":{"@id":"https:\/\/www.outdoors.ee\/et\/toode\/valivormi-puksid-sfu-next-pants-mk2-polycotton-stretch-ripstop\/#primaryimage"},"image":{"@id":"https:\/\/www.outdoors.ee\/et\/toode\/valivormi-puksid-sfu-next-pants-mk2-polycotton-stretch-ripstop\/#primaryimage"},"thumbnailUrl":"https:\/\/www.outdoors.ee\/wp-content\/uploads\/2022\/08\/Helikon-Tex\u00ae-SFU-NEXT-Mk2-Pants-PolyCotton-Stretch-Ripstop-Coyote.jpg","datePublished":"2022-08-08T11:23:08+00:00","dateModified":"2025-11-16T12:26:35+00:00","breadcrumb":{"@id":"https:\/\/www.outdoors.ee\/et\/toode\/valivormi-puksid-sfu-next-pants-mk2-polycotton-stretch-ripstop\/#breadcrumb"},"inLanguage":"et","potentialAction":[{"@type":"ReadAction","target":["https:\/\/www.outdoors.ee\/et\/toode\/valivormi-puksid-sfu-next-pants-mk2-polycotton-stretch-ripstop\/"]}]},{"@type":"ImageObject","inLanguage":"et","@id":"https:\/\/www.outdoors.ee\/et\/toode\/valivormi-puksid-sfu-next-pants-mk2-polycotton-stretch-ripstop\/#primaryimage","url":"https:\/\/www.outdoors.ee\/wp-content\/uploads\/2022\/08\/Helikon-Tex\u00ae-SFU-NEXT-Mk2-Pants-PolyCotton-Stretch-Ripstop-Coyote.jpg","contentUrl":"https:\/\/www.outdoors.ee\/wp-content\/uploads\/2022\/08\/Helikon-Tex\u00ae-SFU-NEXT-Mk2-Pants-PolyCotton-Stretch-Ripstop-Coyote.jpg","width":1500,"height":1500},{"@type":"BreadcrumbList","@id":"https:\/\/www.outdoors.ee\/et\/toode\/valivormi-puksid-sfu-next-pants-mk2-polycotton-stretch-ripstop\/#breadcrumb","itemListElement":[{"@type":"ListItem","position":1,"name":"Home","item":"https:\/\/www.outdoors.ee\/et\/"},{"@type":"ListItem","position":2,"name":"Tooted","item":"https:\/\/www.outdoors.ee\/products\/"},{"@type":"ListItem","position":3,"name":"Helikon-Tex\u00ae v\u00e4lip\u00fcksid SFU NEXT Mk2 &#8211; PolyCotton Stretch Ripstop"}]},{"@type":"WebSite","@id":"https:\/\/www.outdoors.ee\/#website","url":"https:\/\/www.outdoors.ee\/","name":"Outdoors","description":"Genuine military surplus and not only!","potentialAction":[{"@type":"SearchAction","target":{"@type":"EntryPoint","urlTemplate":"https:\/\/www.outdoors.ee\/?s={search_term_string}"},"query-input":{"@type":"PropertyValueSpecification","valueRequired":true,"valueName":"search_term_string"}}],"inLanguage":"et"}]}},"_links":{"self":[{"href":"https:\/\/www.outdoors.ee\/et\/wp-json\/wp\/v2\/product\/70591","targetHints":{"allow":["GET"]}}],"collection":[{"href":"https:\/\/www.outdoors.ee\/et\/wp-json\/wp\/v2\/product"}],"about":[{"href":"https:\/\/www.outdoors.ee\/et\/wp-json\/wp\/v2\/types\/product"}],"wp:featuredmedia":[{"embeddable":true,"href":"https:\/\/www.outdoors.ee\/et\/wp-json\/wp\/v2\/media\/102319"}],"wp:attachment":[{"href":"https:\/\/www.outdoors.ee\/et\/wp-json\/wp\/v2\/media?parent=70591"}],"wp:term":[{"taxonomy":"product_brand","embeddable":true,"href":"https:\/\/www.outdoors.ee\/et\/wp-json\/wp\/v2\/product_brand?post=70591"},{"taxonomy":"product_cat","embeddable":true,"href":"https:\/\/www.outdoors.ee\/et\/wp-json\/wp\/v2\/product_cat?post=70591"},{"taxonomy":"product_tag","embeddable":true,"href":"https:\/\/www.outdoors.ee\/et\/wp-json\/wp\/v2\/product_tag?post=70591"}],"curies":[{"name":"wp","href":"https:\/\/api.w.org\/{rel}","templated":true}]}}