{"id":70589,"date":"2022-08-10T13:58:32","date_gmt":"2022-08-10T10:58:32","guid":{"rendered":"https:\/\/www.outdoors.ee\/?post_type=product&#038;p=70589"},"modified":"2025-08-26T15:40:32","modified_gmt":"2025-08-26T12:40:32","slug":"valivormi-puksid-sfu-next-pants-polycotton-ripstop","status":"publish","type":"product","link":"https:\/\/www.outdoors.ee\/et\/toode\/valivormi-puksid-sfu-next-pants-polycotton-ripstop\/","title":{"rendered":"Helikon-Tex\u00ae v\u00e4lip\u00fcksid SFU NEXT Pants\u00ae &#8211; PolyCotton Ripstop"},"content":{"rendered":"<p><strong>Omadused:<\/strong><\/p>\n<ul>\n<li>SFU (Special Force Uniform) v\u00e4livormi p\u00fckste mudel<\/li>\n<li>reguleeritav v\u00f6\u00f6koha laius<\/li>\n<li>pingutusn\u00f6\u00f6ridega mansetid<\/li>\n<li>kaks k\u00e4etaskut<\/li>\n<li>kaks v\u00e4iksemat EDC taskut ees<\/li>\n<li>kaks tagataskut<\/li>\n<li>kaks takjapaelaga ning n\u00f6\u00f6biga suletavat reietaskut<\/li>\n<li>tugevdused p\u00f5lvepiirkonnas p\u00f5lvekaitsemete lisamise v\u00f5imalusega<\/li>\n<li>tugevdatud istmikuosa<\/li>\n<li>n\u00f6\u00f6pidega eest suletavad<\/li>\n<li>D-kujulised r\u00f5ngad<\/li>\n<li>materjal: 60% puuvill, 40% pol\u00fcester. Kanga tihedus 215 g\/m2<\/li>\n<li>kaal ca 740g<\/li>\n<\/ul>\n<p><strong>Seisukord:<\/strong> uus<\/p>\n","protected":false},"excerpt":{"rendered":"<p>Omadused: SFU (Special Force Uniform) v\u00e4livormi p\u00fckste mudel reguleeritav v\u00f6\u00f6koha laius pingutusn\u00f6\u00f6ridega mansetid kaks k\u00e4etaskut kaks v\u00e4iksemat EDC taskut ees<\/p>\n","protected":false},"featured_media":70581,"template":"","meta":[],"product_brand":[],"product_cat":[111],"product_tag":[],"class_list":{"0":"post-70589","1":"product","2":"type-product","3":"status-publish","4":"has-post-thumbnail","6":"product_cat-puksid","7":"pa_brand-helikon-tex","8":"pa_color-black-2","9":"pa_color-coyote-2","10":"pa_color-olive-green-2","11":"pa_size-large-long-34-34-2","12":"pa_size-large-regular-34-32-2","13":"pa_size-medium-long-32-34-2","14":"pa_size-medium-regular-32-32-2","15":"pa_size-small-regular-30-32-2","16":"pa_size-xlarge-long-36-34-2","17":"pa_size-xlarge-regular-36-32-2","19":"first","20":"instock","21":"taxable","22":"shipping-taxable","23":"purchasable","24":"product-type-variable"},"yoast_head":"<!-- This site is optimized with the Yoast SEO plugin v27.2 - https:\/\/yoast.com\/product\/yoast-seo-wordpress\/ -->\n<title>Helikon-Tex\u00ae v\u00e4lip\u00fcksid SFU NEXT Pants\u00ae - PolyCotton Ripstop - Outdoors<\/title>\n<meta name=\"robots\" content=\"index, follow, max-snippet:-1, max-image-preview:large, max-video-preview:-1\" \/>\n<link rel=\"canonical\" href=\"https:\/\/www.outdoors.ee\/et\/toode\/valivormi-puksid-sfu-next-pants-polycotton-ripstop\/\" \/>\n<meta property=\"og:locale\" content=\"et_EE\" \/>\n<meta property=\"og:type\" content=\"article\" \/>\n<meta property=\"og:title\" content=\"Helikon-Tex\u00ae v\u00e4lip\u00fcksid SFU NEXT Pants\u00ae - PolyCotton Ripstop - Outdoors\" \/>\n<meta property=\"og:description\" content=\"Omadused: SFU (Special Force Uniform) v\u00e4livormi p\u00fckste mudel reguleeritav v\u00f6\u00f6koha laius pingutusn\u00f6\u00f6ridega mansetid kaks k\u00e4etaskut kaks v\u00e4iksemat EDC taskut ees\" \/>\n<meta property=\"og:url\" content=\"https:\/\/www.outdoors.ee\/et\/toode\/valivormi-puksid-sfu-next-pants-polycotton-ripstop\/\" \/>\n<meta property=\"og:site_name\" content=\"Outdoors\" \/>\n<meta property=\"article:modified_time\" content=\"2025-08-26T12:40:32+00:00\" \/>\n<meta property=\"og:image\" content=\"https:\/\/www.outdoors.ee\/wp-content\/uploads\/2022\/08\/Helikon-Tex\u00ae-SFU-NEXT-Pants\u00ae-PolyCotton-Ripstop-2.jpg\" \/>\n\t<meta property=\"og:image:width\" content=\"1500\" \/>\n\t<meta property=\"og:image:height\" content=\"1500\" \/>\n\t<meta property=\"og:image:type\" content=\"image\/jpeg\" \/>\n<meta name=\"twitter:card\" content=\"summary_large_image\" \/>\n<meta name=\"twitter:label1\" content=\"Est. reading time\" \/>\n\t<meta name=\"twitter:data1\" content=\"1 minut\" \/>\n<script type=\"application\/ld+json\" class=\"yoast-schema-graph\">{\"@context\":\"https:\/\/schema.org\",\"@graph\":[{\"@type\":\"WebPage\",\"@id\":\"https:\/\/www.outdoors.ee\/et\/toode\/valivormi-puksid-sfu-next-pants-polycotton-ripstop\/\",\"url\":\"https:\/\/www.outdoors.ee\/et\/toode\/valivormi-puksid-sfu-next-pants-polycotton-ripstop\/\",\"name\":\"Helikon-Tex\u00ae v\u00e4lip\u00fcksid SFU NEXT Pants\u00ae - PolyCotton Ripstop - Outdoors\",\"isPartOf\":{\"@id\":\"https:\/\/www.outdoors.ee\/#website\"},\"primaryImageOfPage\":{\"@id\":\"https:\/\/www.outdoors.ee\/et\/toode\/valivormi-puksid-sfu-next-pants-polycotton-ripstop\/#primaryimage\"},\"image\":{\"@id\":\"https:\/\/www.outdoors.ee\/et\/toode\/valivormi-puksid-sfu-next-pants-polycotton-ripstop\/#primaryimage\"},\"thumbnailUrl\":\"https:\/\/www.outdoors.ee\/wp-content\/uploads\/2022\/08\/Helikon-Tex\u00ae-SFU-NEXT-Pants\u00ae-PolyCotton-Ripstop-2.jpg\",\"datePublished\":\"2022-08-10T10:58:32+00:00\",\"dateModified\":\"2025-08-26T12:40:32+00:00\",\"breadcrumb\":{\"@id\":\"https:\/\/www.outdoors.ee\/et\/toode\/valivormi-puksid-sfu-next-pants-polycotton-ripstop\/#breadcrumb\"},\"inLanguage\":\"et\",\"potentialAction\":[{\"@type\":\"ReadAction\",\"target\":[\"https:\/\/www.outdoors.ee\/et\/toode\/valivormi-puksid-sfu-next-pants-polycotton-ripstop\/\"]}]},{\"@type\":\"ImageObject\",\"inLanguage\":\"et\",\"@id\":\"https:\/\/www.outdoors.ee\/et\/toode\/valivormi-puksid-sfu-next-pants-polycotton-ripstop\/#primaryimage\",\"url\":\"https:\/\/www.outdoors.ee\/wp-content\/uploads\/2022\/08\/Helikon-Tex\u00ae-SFU-NEXT-Pants\u00ae-PolyCotton-Ripstop-2.jpg\",\"contentUrl\":\"https:\/\/www.outdoors.ee\/wp-content\/uploads\/2022\/08\/Helikon-Tex\u00ae-SFU-NEXT-Pants\u00ae-PolyCotton-Ripstop-2.jpg\",\"width\":1500,\"height\":1500},{\"@type\":\"BreadcrumbList\",\"@id\":\"https:\/\/www.outdoors.ee\/et\/toode\/valivormi-puksid-sfu-next-pants-polycotton-ripstop\/#breadcrumb\",\"itemListElement\":[{\"@type\":\"ListItem\",\"position\":1,\"name\":\"Home\",\"item\":\"https:\/\/www.outdoors.ee\/et\/\"},{\"@type\":\"ListItem\",\"position\":2,\"name\":\"Tooted\",\"item\":\"https:\/\/www.outdoors.ee\/products\/\"},{\"@type\":\"ListItem\",\"position\":3,\"name\":\"Helikon-Tex\u00ae v\u00e4lip\u00fcksid SFU NEXT Pants\u00ae &#8211; PolyCotton Ripstop\"}]},{\"@type\":\"WebSite\",\"@id\":\"https:\/\/www.outdoors.ee\/#website\",\"url\":\"https:\/\/www.outdoors.ee\/\",\"name\":\"Outdoors\",\"description\":\"Genuine military surplus and not only!\",\"potentialAction\":[{\"@type\":\"SearchAction\",\"target\":{\"@type\":\"EntryPoint\",\"urlTemplate\":\"https:\/\/www.outdoors.ee\/?s={search_term_string}\"},\"query-input\":{\"@type\":\"PropertyValueSpecification\",\"valueRequired\":true,\"valueName\":\"search_term_string\"}}],\"inLanguage\":\"et\"}]}<\/script>\n<!-- \/ Yoast SEO plugin. -->","yoast_head_json":{"title":"Helikon-Tex\u00ae v\u00e4lip\u00fcksid SFU NEXT Pants\u00ae - PolyCotton Ripstop - Outdoors","robots":{"index":"index","follow":"follow","max-snippet":"max-snippet:-1","max-image-preview":"max-image-preview:large","max-video-preview":"max-video-preview:-1"},"canonical":"https:\/\/www.outdoors.ee\/et\/toode\/valivormi-puksid-sfu-next-pants-polycotton-ripstop\/","og_locale":"et_EE","og_type":"article","og_title":"Helikon-Tex\u00ae v\u00e4lip\u00fcksid SFU NEXT Pants\u00ae - PolyCotton Ripstop - Outdoors","og_description":"Omadused: SFU (Special Force Uniform) v\u00e4livormi p\u00fckste mudel reguleeritav v\u00f6\u00f6koha laius pingutusn\u00f6\u00f6ridega mansetid kaks k\u00e4etaskut kaks v\u00e4iksemat EDC taskut ees","og_url":"https:\/\/www.outdoors.ee\/et\/toode\/valivormi-puksid-sfu-next-pants-polycotton-ripstop\/","og_site_name":"Outdoors","article_modified_time":"2025-08-26T12:40:32+00:00","og_image":[{"width":1500,"height":1500,"url":"https:\/\/www.outdoors.ee\/wp-content\/uploads\/2022\/08\/Helikon-Tex\u00ae-SFU-NEXT-Pants\u00ae-PolyCotton-Ripstop-2.jpg","type":"image\/jpeg"}],"twitter_card":"summary_large_image","twitter_misc":{"Est. reading time":"1 minut"},"schema":{"@context":"https:\/\/schema.org","@graph":[{"@type":"WebPage","@id":"https:\/\/www.outdoors.ee\/et\/toode\/valivormi-puksid-sfu-next-pants-polycotton-ripstop\/","url":"https:\/\/www.outdoors.ee\/et\/toode\/valivormi-puksid-sfu-next-pants-polycotton-ripstop\/","name":"Helikon-Tex\u00ae v\u00e4lip\u00fcksid SFU NEXT Pants\u00ae - PolyCotton Ripstop - Outdoors","isPartOf":{"@id":"https:\/\/www.outdoors.ee\/#website"},"primaryImageOfPage":{"@id":"https:\/\/www.outdoors.ee\/et\/toode\/valivormi-puksid-sfu-next-pants-polycotton-ripstop\/#primaryimage"},"image":{"@id":"https:\/\/www.outdoors.ee\/et\/toode\/valivormi-puksid-sfu-next-pants-polycotton-ripstop\/#primaryimage"},"thumbnailUrl":"https:\/\/www.outdoors.ee\/wp-content\/uploads\/2022\/08\/Helikon-Tex\u00ae-SFU-NEXT-Pants\u00ae-PolyCotton-Ripstop-2.jpg","datePublished":"2022-08-10T10:58:32+00:00","dateModified":"2025-08-26T12:40:32+00:00","breadcrumb":{"@id":"https:\/\/www.outdoors.ee\/et\/toode\/valivormi-puksid-sfu-next-pants-polycotton-ripstop\/#breadcrumb"},"inLanguage":"et","potentialAction":[{"@type":"ReadAction","target":["https:\/\/www.outdoors.ee\/et\/toode\/valivormi-puksid-sfu-next-pants-polycotton-ripstop\/"]}]},{"@type":"ImageObject","inLanguage":"et","@id":"https:\/\/www.outdoors.ee\/et\/toode\/valivormi-puksid-sfu-next-pants-polycotton-ripstop\/#primaryimage","url":"https:\/\/www.outdoors.ee\/wp-content\/uploads\/2022\/08\/Helikon-Tex\u00ae-SFU-NEXT-Pants\u00ae-PolyCotton-Ripstop-2.jpg","contentUrl":"https:\/\/www.outdoors.ee\/wp-content\/uploads\/2022\/08\/Helikon-Tex\u00ae-SFU-NEXT-Pants\u00ae-PolyCotton-Ripstop-2.jpg","width":1500,"height":1500},{"@type":"BreadcrumbList","@id":"https:\/\/www.outdoors.ee\/et\/toode\/valivormi-puksid-sfu-next-pants-polycotton-ripstop\/#breadcrumb","itemListElement":[{"@type":"ListItem","position":1,"name":"Home","item":"https:\/\/www.outdoors.ee\/et\/"},{"@type":"ListItem","position":2,"name":"Tooted","item":"https:\/\/www.outdoors.ee\/products\/"},{"@type":"ListItem","position":3,"name":"Helikon-Tex\u00ae v\u00e4lip\u00fcksid SFU NEXT Pants\u00ae &#8211; PolyCotton Ripstop"}]},{"@type":"WebSite","@id":"https:\/\/www.outdoors.ee\/#website","url":"https:\/\/www.outdoors.ee\/","name":"Outdoors","description":"Genuine military surplus and not only!","potentialAction":[{"@type":"SearchAction","target":{"@type":"EntryPoint","urlTemplate":"https:\/\/www.outdoors.ee\/?s={search_term_string}"},"query-input":{"@type":"PropertyValueSpecification","valueRequired":true,"valueName":"search_term_string"}}],"inLanguage":"et"}]}},"_links":{"self":[{"href":"https:\/\/www.outdoors.ee\/et\/wp-json\/wp\/v2\/product\/70589","targetHints":{"allow":["GET"]}}],"collection":[{"href":"https:\/\/www.outdoors.ee\/et\/wp-json\/wp\/v2\/product"}],"about":[{"href":"https:\/\/www.outdoors.ee\/et\/wp-json\/wp\/v2\/types\/product"}],"wp:featuredmedia":[{"embeddable":true,"href":"https:\/\/www.outdoors.ee\/et\/wp-json\/wp\/v2\/media\/70581"}],"wp:attachment":[{"href":"https:\/\/www.outdoors.ee\/et\/wp-json\/wp\/v2\/media?parent=70589"}],"wp:term":[{"taxonomy":"product_brand","embeddable":true,"href":"https:\/\/www.outdoors.ee\/et\/wp-json\/wp\/v2\/product_brand?post=70589"},{"taxonomy":"product_cat","embeddable":true,"href":"https:\/\/www.outdoors.ee\/et\/wp-json\/wp\/v2\/product_cat?post=70589"},{"taxonomy":"product_tag","embeddable":true,"href":"https:\/\/www.outdoors.ee\/et\/wp-json\/wp\/v2\/product_tag?post=70589"}],"curies":[{"name":"wp","href":"https:\/\/api.w.org\/{rel}","templated":true}]}}