{"id":70563,"date":"2022-08-10T13:55:36","date_gmt":"2022-08-10T10:55:36","guid":{"rendered":"https:\/\/www.outdoors.ee\/?post_type=product&#038;p=70563"},"modified":"2025-08-26T15:40:36","modified_gmt":"2025-08-26T12:40:36","slug":"matkapuksid-pilgrim-pants","status":"publish","type":"product","link":"https:\/\/www.outdoors.ee\/et\/toode\/matkapuksid-pilgrim-pants\/","title":{"rendered":"Helikon-Tex\u00ae matkap\u00fcksid PILGRIM Pants\u00ae"},"content":{"rendered":"<p>Pilgrim on vastupidavad ja kerged DuraCanvas\u00ae kangast p\u00fcksid. P\u00fckstel on veidi k\u00f5rgem seljaosa, et kaitsta teie neere k\u00fclma eest. Lisaks on see osa polsterdatud \u00f5hukese vahuga, et pakkuda veelgi suuremat mugavust. P\u00fckstel on kaheksa taskut. Suurtel n\u00f6\u00f6pidega reietaskutel on sisemised v\u00f5rkpaneelid, mis tagavad t\u00e4iendava ventilatsiooni, kui taskud on avatud. Klassikaliste puusataskute servadel on tugevdused, mis kaitsevad neid kahjustamise eest. Taga- ja puusataskute vahel on v\u00e4iksemad t\u00f5mblukuga taskud. Tagataskud on tugevdatud \u00e4\u00e4rtega. V\u00f6\u00f6- ja s\u00e4\u00e4remansetid on reguleeritavad. P\u00fckstel on v\u00e4iksed aasad trakside kinnitamiseks.<\/p>\n<p><strong>Omadused:<\/strong><\/p>\n<ul>\n<li>k\u00f5rgem seljaosa<\/li>\n<li>kaks klassikalist tugevdatud \u00e4\u00e4rtega k\u00e4etaskut<\/li>\n<li>n\u00f6\u00f6pidega taskud noa vmt t\u00f6\u00f6riistade jaoks<\/li>\n<li>kaks suurt v\u00f5rguga vooderdatud taskut t\u00e4iendava ventilatsiooni tagamiseks<\/li>\n<li>takjapaela ning t\u00f5mblukuga eest suletavad<\/li>\n<li>traksidega \u00fchilduvad<\/li>\n<li>40mm laiad v\u00f6\u00f6rihma aasad<\/li>\n<li>YKK\u00ae t\u00f5mblukud<\/li>\n<li>p\u00f5lvepiirkonna tugevdused p\u00f5lvekaitsmete lisamise v\u00f5imalusega<\/li>\n<li>materjal: 65% pol\u00fcester, 33% puuvill, 2% elastaan; 230g\/m2<\/li>\n<li>Kaal 785g<\/li>\n<\/ul>\n<p><strong>Seisukord:<\/strong> uus<\/p>\n","protected":false},"excerpt":{"rendered":"<p>Pilgrim on vastupidavad ja kerged DuraCanvas\u00ae kangast p\u00fcksid. P\u00fckstel on veidi k\u00f5rgem seljaosa, et kaitsta teie neere k\u00fclma eest. Lisaks<\/p>\n","protected":false},"featured_media":102310,"template":"","meta":[],"product_brand":[],"product_cat":[111],"product_tag":[],"class_list":{"0":"post-70563","1":"product","2":"type-product","3":"status-publish","4":"has-post-thumbnail","6":"product_cat-puksid","7":"pa_brand-helikon-tex","8":"pa_color-ash-grey-black-2","9":"pa_color-coyote-taiga-green-2","10":"pa_color-taiga-green-2","11":"pa_color-taiga-green-black-2","12":"pa_size-large-long-2","13":"pa_size-large-long-34-34-2","14":"pa_size-large-regular-2","15":"pa_size-large-regular-34-32-2","16":"pa_size-medium-long-2","17":"pa_size-medium-long-32-34-2","18":"pa_size-medium-regular-2","19":"pa_size-medium-regular-32-32-2","20":"pa_size-xlarge-long-2","21":"pa_size-xlarge-long-36-34-2","22":"pa_size-xlarge-regular-3","23":"pa_size-xlarge-regular-36-32-2","25":"first","26":"instock","27":"taxable","28":"shipping-taxable","29":"purchasable","30":"product-type-variable"},"yoast_head":"<!-- This site is optimized with the Yoast SEO plugin v27.2 - https:\/\/yoast.com\/product\/yoast-seo-wordpress\/ -->\n<title>Helikon-Tex\u00ae matkap\u00fcksid PILGRIM Pants\u00ae - Outdoors<\/title>\n<meta name=\"robots\" content=\"index, follow, max-snippet:-1, max-image-preview:large, max-video-preview:-1\" \/>\n<link rel=\"canonical\" href=\"https:\/\/www.outdoors.ee\/et\/toode\/matkapuksid-pilgrim-pants\/\" \/>\n<meta property=\"og:locale\" content=\"et_EE\" \/>\n<meta property=\"og:type\" content=\"article\" \/>\n<meta property=\"og:title\" content=\"Helikon-Tex\u00ae matkap\u00fcksid PILGRIM Pants\u00ae - Outdoors\" \/>\n<meta property=\"og:description\" content=\"Pilgrim on vastupidavad ja kerged DuraCanvas\u00ae kangast p\u00fcksid. P\u00fckstel on veidi k\u00f5rgem seljaosa, et kaitsta teie neere k\u00fclma eest. Lisaks\" \/>\n<meta property=\"og:url\" content=\"https:\/\/www.outdoors.ee\/et\/toode\/matkapuksid-pilgrim-pants\/\" \/>\n<meta property=\"og:site_name\" content=\"Outdoors\" \/>\n<meta property=\"article:modified_time\" content=\"2025-08-26T12:40:36+00:00\" \/>\n<meta property=\"og:image\" content=\"https:\/\/www.outdoors.ee\/wp-content\/uploads\/2022\/08\/Helikon-Tex\u00ae-PILGRIM-Pants-Coyote-Taiga-Green.jpg\" \/>\n\t<meta property=\"og:image:width\" content=\"1500\" \/>\n\t<meta property=\"og:image:height\" content=\"1500\" \/>\n\t<meta property=\"og:image:type\" content=\"image\/jpeg\" \/>\n<meta name=\"twitter:card\" content=\"summary_large_image\" \/>\n<meta name=\"twitter:label1\" content=\"Est. reading time\" \/>\n\t<meta name=\"twitter:data1\" content=\"1 minut\" \/>\n<script type=\"application\/ld+json\" class=\"yoast-schema-graph\">{\"@context\":\"https:\/\/schema.org\",\"@graph\":[{\"@type\":\"WebPage\",\"@id\":\"https:\/\/www.outdoors.ee\/et\/toode\/matkapuksid-pilgrim-pants\/\",\"url\":\"https:\/\/www.outdoors.ee\/et\/toode\/matkapuksid-pilgrim-pants\/\",\"name\":\"Helikon-Tex\u00ae matkap\u00fcksid PILGRIM Pants\u00ae - Outdoors\",\"isPartOf\":{\"@id\":\"https:\/\/www.outdoors.ee\/#website\"},\"primaryImageOfPage\":{\"@id\":\"https:\/\/www.outdoors.ee\/et\/toode\/matkapuksid-pilgrim-pants\/#primaryimage\"},\"image\":{\"@id\":\"https:\/\/www.outdoors.ee\/et\/toode\/matkapuksid-pilgrim-pants\/#primaryimage\"},\"thumbnailUrl\":\"https:\/\/www.outdoors.ee\/wp-content\/uploads\/2022\/08\/Helikon-Tex\u00ae-PILGRIM-Pants-Coyote-Taiga-Green.jpg\",\"datePublished\":\"2022-08-10T10:55:36+00:00\",\"dateModified\":\"2025-08-26T12:40:36+00:00\",\"breadcrumb\":{\"@id\":\"https:\/\/www.outdoors.ee\/et\/toode\/matkapuksid-pilgrim-pants\/#breadcrumb\"},\"inLanguage\":\"et\",\"potentialAction\":[{\"@type\":\"ReadAction\",\"target\":[\"https:\/\/www.outdoors.ee\/et\/toode\/matkapuksid-pilgrim-pants\/\"]}]},{\"@type\":\"ImageObject\",\"inLanguage\":\"et\",\"@id\":\"https:\/\/www.outdoors.ee\/et\/toode\/matkapuksid-pilgrim-pants\/#primaryimage\",\"url\":\"https:\/\/www.outdoors.ee\/wp-content\/uploads\/2022\/08\/Helikon-Tex\u00ae-PILGRIM-Pants-Coyote-Taiga-Green.jpg\",\"contentUrl\":\"https:\/\/www.outdoors.ee\/wp-content\/uploads\/2022\/08\/Helikon-Tex\u00ae-PILGRIM-Pants-Coyote-Taiga-Green.jpg\",\"width\":1500,\"height\":1500},{\"@type\":\"BreadcrumbList\",\"@id\":\"https:\/\/www.outdoors.ee\/et\/toode\/matkapuksid-pilgrim-pants\/#breadcrumb\",\"itemListElement\":[{\"@type\":\"ListItem\",\"position\":1,\"name\":\"Home\",\"item\":\"https:\/\/www.outdoors.ee\/et\/\"},{\"@type\":\"ListItem\",\"position\":2,\"name\":\"Tooted\",\"item\":\"https:\/\/www.outdoors.ee\/products\/\"},{\"@type\":\"ListItem\",\"position\":3,\"name\":\"Helikon-Tex\u00ae matkap\u00fcksid PILGRIM Pants\u00ae\"}]},{\"@type\":\"WebSite\",\"@id\":\"https:\/\/www.outdoors.ee\/#website\",\"url\":\"https:\/\/www.outdoors.ee\/\",\"name\":\"Outdoors\",\"description\":\"Genuine military surplus and not only!\",\"potentialAction\":[{\"@type\":\"SearchAction\",\"target\":{\"@type\":\"EntryPoint\",\"urlTemplate\":\"https:\/\/www.outdoors.ee\/?s={search_term_string}\"},\"query-input\":{\"@type\":\"PropertyValueSpecification\",\"valueRequired\":true,\"valueName\":\"search_term_string\"}}],\"inLanguage\":\"et\"}]}<\/script>\n<!-- \/ Yoast SEO plugin. -->","yoast_head_json":{"title":"Helikon-Tex\u00ae matkap\u00fcksid PILGRIM Pants\u00ae - Outdoors","robots":{"index":"index","follow":"follow","max-snippet":"max-snippet:-1","max-image-preview":"max-image-preview:large","max-video-preview":"max-video-preview:-1"},"canonical":"https:\/\/www.outdoors.ee\/et\/toode\/matkapuksid-pilgrim-pants\/","og_locale":"et_EE","og_type":"article","og_title":"Helikon-Tex\u00ae matkap\u00fcksid PILGRIM Pants\u00ae - Outdoors","og_description":"Pilgrim on vastupidavad ja kerged DuraCanvas\u00ae kangast p\u00fcksid. P\u00fckstel on veidi k\u00f5rgem seljaosa, et kaitsta teie neere k\u00fclma eest. Lisaks","og_url":"https:\/\/www.outdoors.ee\/et\/toode\/matkapuksid-pilgrim-pants\/","og_site_name":"Outdoors","article_modified_time":"2025-08-26T12:40:36+00:00","og_image":[{"width":1500,"height":1500,"url":"https:\/\/www.outdoors.ee\/wp-content\/uploads\/2022\/08\/Helikon-Tex\u00ae-PILGRIM-Pants-Coyote-Taiga-Green.jpg","type":"image\/jpeg"}],"twitter_card":"summary_large_image","twitter_misc":{"Est. reading time":"1 minut"},"schema":{"@context":"https:\/\/schema.org","@graph":[{"@type":"WebPage","@id":"https:\/\/www.outdoors.ee\/et\/toode\/matkapuksid-pilgrim-pants\/","url":"https:\/\/www.outdoors.ee\/et\/toode\/matkapuksid-pilgrim-pants\/","name":"Helikon-Tex\u00ae matkap\u00fcksid PILGRIM Pants\u00ae - Outdoors","isPartOf":{"@id":"https:\/\/www.outdoors.ee\/#website"},"primaryImageOfPage":{"@id":"https:\/\/www.outdoors.ee\/et\/toode\/matkapuksid-pilgrim-pants\/#primaryimage"},"image":{"@id":"https:\/\/www.outdoors.ee\/et\/toode\/matkapuksid-pilgrim-pants\/#primaryimage"},"thumbnailUrl":"https:\/\/www.outdoors.ee\/wp-content\/uploads\/2022\/08\/Helikon-Tex\u00ae-PILGRIM-Pants-Coyote-Taiga-Green.jpg","datePublished":"2022-08-10T10:55:36+00:00","dateModified":"2025-08-26T12:40:36+00:00","breadcrumb":{"@id":"https:\/\/www.outdoors.ee\/et\/toode\/matkapuksid-pilgrim-pants\/#breadcrumb"},"inLanguage":"et","potentialAction":[{"@type":"ReadAction","target":["https:\/\/www.outdoors.ee\/et\/toode\/matkapuksid-pilgrim-pants\/"]}]},{"@type":"ImageObject","inLanguage":"et","@id":"https:\/\/www.outdoors.ee\/et\/toode\/matkapuksid-pilgrim-pants\/#primaryimage","url":"https:\/\/www.outdoors.ee\/wp-content\/uploads\/2022\/08\/Helikon-Tex\u00ae-PILGRIM-Pants-Coyote-Taiga-Green.jpg","contentUrl":"https:\/\/www.outdoors.ee\/wp-content\/uploads\/2022\/08\/Helikon-Tex\u00ae-PILGRIM-Pants-Coyote-Taiga-Green.jpg","width":1500,"height":1500},{"@type":"BreadcrumbList","@id":"https:\/\/www.outdoors.ee\/et\/toode\/matkapuksid-pilgrim-pants\/#breadcrumb","itemListElement":[{"@type":"ListItem","position":1,"name":"Home","item":"https:\/\/www.outdoors.ee\/et\/"},{"@type":"ListItem","position":2,"name":"Tooted","item":"https:\/\/www.outdoors.ee\/products\/"},{"@type":"ListItem","position":3,"name":"Helikon-Tex\u00ae matkap\u00fcksid PILGRIM Pants\u00ae"}]},{"@type":"WebSite","@id":"https:\/\/www.outdoors.ee\/#website","url":"https:\/\/www.outdoors.ee\/","name":"Outdoors","description":"Genuine military surplus and not only!","potentialAction":[{"@type":"SearchAction","target":{"@type":"EntryPoint","urlTemplate":"https:\/\/www.outdoors.ee\/?s={search_term_string}"},"query-input":{"@type":"PropertyValueSpecification","valueRequired":true,"valueName":"search_term_string"}}],"inLanguage":"et"}]}},"_links":{"self":[{"href":"https:\/\/www.outdoors.ee\/et\/wp-json\/wp\/v2\/product\/70563","targetHints":{"allow":["GET"]}}],"collection":[{"href":"https:\/\/www.outdoors.ee\/et\/wp-json\/wp\/v2\/product"}],"about":[{"href":"https:\/\/www.outdoors.ee\/et\/wp-json\/wp\/v2\/types\/product"}],"wp:featuredmedia":[{"embeddable":true,"href":"https:\/\/www.outdoors.ee\/et\/wp-json\/wp\/v2\/media\/102310"}],"wp:attachment":[{"href":"https:\/\/www.outdoors.ee\/et\/wp-json\/wp\/v2\/media?parent=70563"}],"wp:term":[{"taxonomy":"product_brand","embeddable":true,"href":"https:\/\/www.outdoors.ee\/et\/wp-json\/wp\/v2\/product_brand?post=70563"},{"taxonomy":"product_cat","embeddable":true,"href":"https:\/\/www.outdoors.ee\/et\/wp-json\/wp\/v2\/product_cat?post=70563"},{"taxonomy":"product_tag","embeddable":true,"href":"https:\/\/www.outdoors.ee\/et\/wp-json\/wp\/v2\/product_tag?post=70563"}],"curies":[{"name":"wp","href":"https:\/\/api.w.org\/{rel}","templated":true}]}}