{"id":70543,"date":"2022-08-10T13:49:27","date_gmt":"2022-08-10T10:49:27","guid":{"rendered":"https:\/\/www.outdoors.ee\/?post_type=product&#038;p=70543"},"modified":"2025-08-26T15:40:41","modified_gmt":"2025-08-26T12:40:41","slug":"taktikalised-puksid-hybrid-tactical-pants-polycotton-ripstop","status":"publish","type":"product","link":"https:\/\/www.outdoors.ee\/et\/toode\/taktikalised-puksid-hybrid-tactical-pants-polycotton-ripstop\/","title":{"rendered":"Helikon-Tex\u00ae taktikalised p\u00fcksid HTP Pants &#8211; PolyCotton Ripstop"},"content":{"rendered":"<p>Hybrid Tactical Pants\u00ae taktikalised p\u00fcksid on UTP\u00ae (Urban Tactical Pants\u00ae) p\u00fckste edasiarendus, mis on valmistatud kahe kanga kombinatsioonist: ripstop ja softshell. <span class=\"Y2IQFc\" lang=\"et\">Selle uuendusliku \u00fchendamise tulemuseks on erakordselt mugav ja vastupidav toode. VersaStretch\u00ae<\/span><span class=\"Y2IQFc\" lang=\"et\"> kangas annab suure liikumisvabaduse, samas kui Ripstop tugevdused kriitilistes kohtades kaitsevad kulumise ja rebenemise eest, et suurendada toote vastupidavust.<\/span><\/p>\n<p><strong>Omadused:<\/strong><\/p>\n<ul>\n<li>h\u00fcbriidkonstruktsioon Ripstop ning VersaStretch\u00ae kangadest<\/li>\n<li>takjapaela ning t\u00f5mblukuga eest suletavad<\/li>\n<li>veniv VersaStretch\u00ae paneel jalgade vahel<\/li>\n<li>kuus taskut v\u00f6\u00f6 piirkonnas (ees, k\u00fclgedel ning taga)<\/li>\n<li>kaks reietaskut hoidjatega sees<\/li>\n<li>tugevdatud s\u00e4\u00e4red<\/li>\n<li>YKK\u00ae t\u00f5mblukud<\/li>\n<li>Materjal: p\u00f5hiosa: 60% puuvill, 37% pol\u00fcester, 3% elastaan, paneelid: 93% nailon, 7% elastaan, v\u00f5rk: 100% pol\u00fcester. Kanga tihedus: 220g\/m2<\/li>\n<li>Kaal 559g<\/li>\n<\/ul>\n<p><strong>Seisukord:<\/strong> uus<\/p>\n","protected":false},"excerpt":{"rendered":"<p>Helikon-Tex\u00ae taktikalised p\u00fcksid Hybrid Tactical Pants &#8211; PolyCotton Ripstop<\/p>\n","protected":false},"featured_media":85393,"template":"","meta":[],"product_brand":[],"product_cat":[111],"product_tag":[],"class_list":{"0":"post-70543","1":"product","2":"type-product","3":"status-publish","4":"has-post-thumbnail","6":"product_cat-puksid","7":"pa_brand-helikon-tex","8":"pa_color-adaptive-green-2","9":"pa_color-black-2","10":"pa_color-olive-drab-2","11":"pa_color-taiga-green-2","12":"pa_size-large-long-34-34-2","13":"pa_size-large-regular-34-32-2","14":"pa_size-medium-long-32-34-2","15":"pa_size-medium-regular-32-32-2","16":"pa_size-small-regular-30-32-2","17":"pa_size-xlarge-long-36-34-2","18":"pa_size-xlarge-regular-36-32-2","20":"first","21":"instock","22":"taxable","23":"shipping-taxable","24":"purchasable","25":"product-type-variable"},"yoast_head":"<!-- This site is optimized with the Yoast SEO plugin v27.2 - https:\/\/yoast.com\/product\/yoast-seo-wordpress\/ -->\n<title>Helikon-Tex\u00ae taktikalised p\u00fcksid HTP Pants - PolyCotton Ripstop - Outdoors<\/title>\n<meta name=\"robots\" content=\"index, follow, max-snippet:-1, max-image-preview:large, max-video-preview:-1\" \/>\n<link rel=\"canonical\" href=\"https:\/\/www.outdoors.ee\/et\/toode\/taktikalised-puksid-hybrid-tactical-pants-polycotton-ripstop\/\" \/>\n<meta property=\"og:locale\" content=\"et_EE\" \/>\n<meta property=\"og:type\" content=\"article\" \/>\n<meta property=\"og:title\" content=\"Helikon-Tex\u00ae taktikalised p\u00fcksid HTP Pants - PolyCotton Ripstop - Outdoors\" \/>\n<meta property=\"og:description\" content=\"Helikon-Tex\u00ae taktikalised p\u00fcksid Hybrid Tactical Pants - PolyCotton Ripstop\" \/>\n<meta property=\"og:url\" content=\"https:\/\/www.outdoors.ee\/et\/toode\/taktikalised-puksid-hybrid-tactical-pants-polycotton-ripstop\/\" \/>\n<meta property=\"og:site_name\" content=\"Outdoors\" \/>\n<meta property=\"article:modified_time\" content=\"2025-08-26T12:40:41+00:00\" \/>\n<meta property=\"og:image\" content=\"https:\/\/www.outdoors.ee\/wp-content\/uploads\/2023\/08\/Helikon-Tex\u00ae-Hybrid-Tactical-Pants\u00ae-PolyCotton-Ripstop-Olive-Drab.jpg\" \/>\n\t<meta property=\"og:image:width\" content=\"1500\" \/>\n\t<meta property=\"og:image:height\" content=\"1500\" \/>\n\t<meta property=\"og:image:type\" content=\"image\/jpeg\" \/>\n<meta name=\"twitter:card\" content=\"summary_large_image\" \/>\n<meta name=\"twitter:label1\" content=\"Est. reading time\" \/>\n\t<meta name=\"twitter:data1\" content=\"1 minut\" \/>\n<script type=\"application\/ld+json\" class=\"yoast-schema-graph\">{\"@context\":\"https:\/\/schema.org\",\"@graph\":[{\"@type\":\"WebPage\",\"@id\":\"https:\/\/www.outdoors.ee\/et\/toode\/taktikalised-puksid-hybrid-tactical-pants-polycotton-ripstop\/\",\"url\":\"https:\/\/www.outdoors.ee\/et\/toode\/taktikalised-puksid-hybrid-tactical-pants-polycotton-ripstop\/\",\"name\":\"Helikon-Tex\u00ae taktikalised p\u00fcksid HTP Pants - PolyCotton Ripstop - Outdoors\",\"isPartOf\":{\"@id\":\"https:\/\/www.outdoors.ee\/#website\"},\"primaryImageOfPage\":{\"@id\":\"https:\/\/www.outdoors.ee\/et\/toode\/taktikalised-puksid-hybrid-tactical-pants-polycotton-ripstop\/#primaryimage\"},\"image\":{\"@id\":\"https:\/\/www.outdoors.ee\/et\/toode\/taktikalised-puksid-hybrid-tactical-pants-polycotton-ripstop\/#primaryimage\"},\"thumbnailUrl\":\"https:\/\/www.outdoors.ee\/wp-content\/uploads\/2023\/08\/Helikon-Tex\u00ae-Hybrid-Tactical-Pants\u00ae-PolyCotton-Ripstop-Olive-Drab.jpg\",\"datePublished\":\"2022-08-10T10:49:27+00:00\",\"dateModified\":\"2025-08-26T12:40:41+00:00\",\"breadcrumb\":{\"@id\":\"https:\/\/www.outdoors.ee\/et\/toode\/taktikalised-puksid-hybrid-tactical-pants-polycotton-ripstop\/#breadcrumb\"},\"inLanguage\":\"et\",\"potentialAction\":[{\"@type\":\"ReadAction\",\"target\":[\"https:\/\/www.outdoors.ee\/et\/toode\/taktikalised-puksid-hybrid-tactical-pants-polycotton-ripstop\/\"]}]},{\"@type\":\"ImageObject\",\"inLanguage\":\"et\",\"@id\":\"https:\/\/www.outdoors.ee\/et\/toode\/taktikalised-puksid-hybrid-tactical-pants-polycotton-ripstop\/#primaryimage\",\"url\":\"https:\/\/www.outdoors.ee\/wp-content\/uploads\/2023\/08\/Helikon-Tex\u00ae-Hybrid-Tactical-Pants\u00ae-PolyCotton-Ripstop-Olive-Drab.jpg\",\"contentUrl\":\"https:\/\/www.outdoors.ee\/wp-content\/uploads\/2023\/08\/Helikon-Tex\u00ae-Hybrid-Tactical-Pants\u00ae-PolyCotton-Ripstop-Olive-Drab.jpg\",\"width\":1500,\"height\":1500},{\"@type\":\"BreadcrumbList\",\"@id\":\"https:\/\/www.outdoors.ee\/et\/toode\/taktikalised-puksid-hybrid-tactical-pants-polycotton-ripstop\/#breadcrumb\",\"itemListElement\":[{\"@type\":\"ListItem\",\"position\":1,\"name\":\"Home\",\"item\":\"https:\/\/www.outdoors.ee\/et\/\"},{\"@type\":\"ListItem\",\"position\":2,\"name\":\"Tooted\",\"item\":\"https:\/\/www.outdoors.ee\/products\/\"},{\"@type\":\"ListItem\",\"position\":3,\"name\":\"Helikon-Tex\u00ae taktikalised p\u00fcksid HTP Pants &#8211; PolyCotton Ripstop\"}]},{\"@type\":\"WebSite\",\"@id\":\"https:\/\/www.outdoors.ee\/#website\",\"url\":\"https:\/\/www.outdoors.ee\/\",\"name\":\"Outdoors\",\"description\":\"Genuine military surplus and not only!\",\"potentialAction\":[{\"@type\":\"SearchAction\",\"target\":{\"@type\":\"EntryPoint\",\"urlTemplate\":\"https:\/\/www.outdoors.ee\/?s={search_term_string}\"},\"query-input\":{\"@type\":\"PropertyValueSpecification\",\"valueRequired\":true,\"valueName\":\"search_term_string\"}}],\"inLanguage\":\"et\"}]}<\/script>\n<!-- \/ Yoast SEO plugin. -->","yoast_head_json":{"title":"Helikon-Tex\u00ae taktikalised p\u00fcksid HTP Pants - PolyCotton Ripstop - Outdoors","robots":{"index":"index","follow":"follow","max-snippet":"max-snippet:-1","max-image-preview":"max-image-preview:large","max-video-preview":"max-video-preview:-1"},"canonical":"https:\/\/www.outdoors.ee\/et\/toode\/taktikalised-puksid-hybrid-tactical-pants-polycotton-ripstop\/","og_locale":"et_EE","og_type":"article","og_title":"Helikon-Tex\u00ae taktikalised p\u00fcksid HTP Pants - PolyCotton Ripstop - Outdoors","og_description":"Helikon-Tex\u00ae taktikalised p\u00fcksid Hybrid Tactical Pants - PolyCotton Ripstop","og_url":"https:\/\/www.outdoors.ee\/et\/toode\/taktikalised-puksid-hybrid-tactical-pants-polycotton-ripstop\/","og_site_name":"Outdoors","article_modified_time":"2025-08-26T12:40:41+00:00","og_image":[{"width":1500,"height":1500,"url":"https:\/\/www.outdoors.ee\/wp-content\/uploads\/2023\/08\/Helikon-Tex\u00ae-Hybrid-Tactical-Pants\u00ae-PolyCotton-Ripstop-Olive-Drab.jpg","type":"image\/jpeg"}],"twitter_card":"summary_large_image","twitter_misc":{"Est. reading time":"1 minut"},"schema":{"@context":"https:\/\/schema.org","@graph":[{"@type":"WebPage","@id":"https:\/\/www.outdoors.ee\/et\/toode\/taktikalised-puksid-hybrid-tactical-pants-polycotton-ripstop\/","url":"https:\/\/www.outdoors.ee\/et\/toode\/taktikalised-puksid-hybrid-tactical-pants-polycotton-ripstop\/","name":"Helikon-Tex\u00ae taktikalised p\u00fcksid HTP Pants - PolyCotton Ripstop - Outdoors","isPartOf":{"@id":"https:\/\/www.outdoors.ee\/#website"},"primaryImageOfPage":{"@id":"https:\/\/www.outdoors.ee\/et\/toode\/taktikalised-puksid-hybrid-tactical-pants-polycotton-ripstop\/#primaryimage"},"image":{"@id":"https:\/\/www.outdoors.ee\/et\/toode\/taktikalised-puksid-hybrid-tactical-pants-polycotton-ripstop\/#primaryimage"},"thumbnailUrl":"https:\/\/www.outdoors.ee\/wp-content\/uploads\/2023\/08\/Helikon-Tex\u00ae-Hybrid-Tactical-Pants\u00ae-PolyCotton-Ripstop-Olive-Drab.jpg","datePublished":"2022-08-10T10:49:27+00:00","dateModified":"2025-08-26T12:40:41+00:00","breadcrumb":{"@id":"https:\/\/www.outdoors.ee\/et\/toode\/taktikalised-puksid-hybrid-tactical-pants-polycotton-ripstop\/#breadcrumb"},"inLanguage":"et","potentialAction":[{"@type":"ReadAction","target":["https:\/\/www.outdoors.ee\/et\/toode\/taktikalised-puksid-hybrid-tactical-pants-polycotton-ripstop\/"]}]},{"@type":"ImageObject","inLanguage":"et","@id":"https:\/\/www.outdoors.ee\/et\/toode\/taktikalised-puksid-hybrid-tactical-pants-polycotton-ripstop\/#primaryimage","url":"https:\/\/www.outdoors.ee\/wp-content\/uploads\/2023\/08\/Helikon-Tex\u00ae-Hybrid-Tactical-Pants\u00ae-PolyCotton-Ripstop-Olive-Drab.jpg","contentUrl":"https:\/\/www.outdoors.ee\/wp-content\/uploads\/2023\/08\/Helikon-Tex\u00ae-Hybrid-Tactical-Pants\u00ae-PolyCotton-Ripstop-Olive-Drab.jpg","width":1500,"height":1500},{"@type":"BreadcrumbList","@id":"https:\/\/www.outdoors.ee\/et\/toode\/taktikalised-puksid-hybrid-tactical-pants-polycotton-ripstop\/#breadcrumb","itemListElement":[{"@type":"ListItem","position":1,"name":"Home","item":"https:\/\/www.outdoors.ee\/et\/"},{"@type":"ListItem","position":2,"name":"Tooted","item":"https:\/\/www.outdoors.ee\/products\/"},{"@type":"ListItem","position":3,"name":"Helikon-Tex\u00ae taktikalised p\u00fcksid HTP Pants &#8211; PolyCotton Ripstop"}]},{"@type":"WebSite","@id":"https:\/\/www.outdoors.ee\/#website","url":"https:\/\/www.outdoors.ee\/","name":"Outdoors","description":"Genuine military surplus and not only!","potentialAction":[{"@type":"SearchAction","target":{"@type":"EntryPoint","urlTemplate":"https:\/\/www.outdoors.ee\/?s={search_term_string}"},"query-input":{"@type":"PropertyValueSpecification","valueRequired":true,"valueName":"search_term_string"}}],"inLanguage":"et"}]}},"_links":{"self":[{"href":"https:\/\/www.outdoors.ee\/et\/wp-json\/wp\/v2\/product\/70543","targetHints":{"allow":["GET"]}}],"collection":[{"href":"https:\/\/www.outdoors.ee\/et\/wp-json\/wp\/v2\/product"}],"about":[{"href":"https:\/\/www.outdoors.ee\/et\/wp-json\/wp\/v2\/types\/product"}],"wp:featuredmedia":[{"embeddable":true,"href":"https:\/\/www.outdoors.ee\/et\/wp-json\/wp\/v2\/media\/85393"}],"wp:attachment":[{"href":"https:\/\/www.outdoors.ee\/et\/wp-json\/wp\/v2\/media?parent=70543"}],"wp:term":[{"taxonomy":"product_brand","embeddable":true,"href":"https:\/\/www.outdoors.ee\/et\/wp-json\/wp\/v2\/product_brand?post=70543"},{"taxonomy":"product_cat","embeddable":true,"href":"https:\/\/www.outdoors.ee\/et\/wp-json\/wp\/v2\/product_cat?post=70543"},{"taxonomy":"product_tag","embeddable":true,"href":"https:\/\/www.outdoors.ee\/et\/wp-json\/wp\/v2\/product_tag?post=70543"}],"curies":[{"name":"wp","href":"https:\/\/api.w.org\/{rel}","templated":true}]}}