{"id":70502,"date":"2022-08-06T21:03:06","date_gmt":"2022-08-06T18:03:06","guid":{"rendered":"https:\/\/www.outdoors.ee\/?post_type=product&#038;p=70502"},"modified":"2025-08-27T09:59:00","modified_gmt":"2025-08-27T06:59:00","slug":"taktikalised-kindad-half-finger-mk2-gloves","status":"publish","type":"product","link":"https:\/\/www.outdoors.ee\/et\/toode\/taktikalised-kindad-half-finger-mk2-gloves\/","title":{"rendered":"Helikon-Tex\u00ae taktikalised kindad Half Finger MK2 Gloves"},"content":{"rendered":"<p><strong>Omadused:<\/strong><\/p>\n<ul>\n<li>libisemisvastane peopesa<\/li>\n<li>tugevdused nukkide piirkonnas<\/li>\n<li>veniv k\u00e4epealne<\/li>\n<li>materjal: 75% pol\u00fcester, 10% nailon, 9% kumm, 4% elastaan, 2% pol\u00fcuretaan<\/li>\n<li>kaal 57g<\/li>\n<\/ul>\n<p><strong>Seisukord<\/strong>: uus<\/p>\n","protected":false},"excerpt":{"rendered":"<p>Omadused: libisemisvastane peopesa tugevdused nukkide piirkonnas veniv k\u00e4epealne materjal: 75% pol\u00fcester, 10% nailon, 9% kumm, 4% elastaan, 2% pol\u00fcuretaan kaal<\/p>\n","protected":false},"featured_media":70497,"template":"","meta":[],"product_brand":[],"product_cat":[98],"product_tag":[],"class_list":{"0":"post-70502","1":"product","2":"type-product","3":"status-publish","4":"has-post-thumbnail","6":"product_cat-kindad","7":"pa_brand-helikon-tex","8":"pa_color-black-shadow-grey-2","9":"pa_size-l-2","11":"first","12":"instock","13":"taxable","14":"shipping-taxable","15":"purchasable","16":"product-type-variable"},"yoast_head":"<!-- This site is optimized with the Yoast SEO plugin v27.2 - https:\/\/yoast.com\/product\/yoast-seo-wordpress\/ -->\n<title>Helikon-Tex\u00ae taktikalised kindad Half Finger MK2 Gloves - Outdoors<\/title>\n<meta name=\"robots\" content=\"index, follow, max-snippet:-1, max-image-preview:large, max-video-preview:-1\" \/>\n<link rel=\"canonical\" href=\"https:\/\/www.outdoors.ee\/et\/toode\/taktikalised-kindad-half-finger-mk2-gloves\/\" \/>\n<meta property=\"og:locale\" content=\"et_EE\" \/>\n<meta property=\"og:type\" content=\"article\" \/>\n<meta property=\"og:title\" content=\"Helikon-Tex\u00ae taktikalised kindad Half Finger MK2 Gloves - Outdoors\" \/>\n<meta property=\"og:description\" content=\"Omadused: libisemisvastane peopesa tugevdused nukkide piirkonnas veniv k\u00e4epealne materjal: 75% pol\u00fcester, 10% nailon, 9% kumm, 4% elastaan, 2% pol\u00fcuretaan kaal\" \/>\n<meta property=\"og:url\" content=\"https:\/\/www.outdoors.ee\/et\/toode\/taktikalised-kindad-half-finger-mk2-gloves\/\" \/>\n<meta property=\"og:site_name\" content=\"Outdoors\" \/>\n<meta property=\"article:modified_time\" content=\"2025-08-27T06:59:00+00:00\" \/>\n<meta property=\"og:image\" content=\"https:\/\/www.outdoors.ee\/wp-content\/uploads\/2022\/08\/Helikon-Tex\u00ae-Half-Finger-MK2-Gloves-2.jpeg\" \/>\n\t<meta property=\"og:image:width\" content=\"1500\" \/>\n\t<meta property=\"og:image:height\" content=\"1500\" \/>\n\t<meta property=\"og:image:type\" content=\"image\/jpeg\" \/>\n<meta name=\"twitter:card\" content=\"summary_large_image\" \/>\n<meta name=\"twitter:label1\" content=\"Est. reading time\" \/>\n\t<meta name=\"twitter:data1\" content=\"1 minut\" \/>\n<script type=\"application\/ld+json\" class=\"yoast-schema-graph\">{\"@context\":\"https:\/\/schema.org\",\"@graph\":[{\"@type\":\"WebPage\",\"@id\":\"https:\/\/www.outdoors.ee\/et\/toode\/taktikalised-kindad-half-finger-mk2-gloves\/\",\"url\":\"https:\/\/www.outdoors.ee\/et\/toode\/taktikalised-kindad-half-finger-mk2-gloves\/\",\"name\":\"Helikon-Tex\u00ae taktikalised kindad Half Finger MK2 Gloves - Outdoors\",\"isPartOf\":{\"@id\":\"https:\/\/www.outdoors.ee\/#website\"},\"primaryImageOfPage\":{\"@id\":\"https:\/\/www.outdoors.ee\/et\/toode\/taktikalised-kindad-half-finger-mk2-gloves\/#primaryimage\"},\"image\":{\"@id\":\"https:\/\/www.outdoors.ee\/et\/toode\/taktikalised-kindad-half-finger-mk2-gloves\/#primaryimage\"},\"thumbnailUrl\":\"https:\/\/www.outdoors.ee\/wp-content\/uploads\/2022\/08\/Helikon-Tex\u00ae-Half-Finger-MK2-Gloves-2.jpeg\",\"datePublished\":\"2022-08-06T18:03:06+00:00\",\"dateModified\":\"2025-08-27T06:59:00+00:00\",\"breadcrumb\":{\"@id\":\"https:\/\/www.outdoors.ee\/et\/toode\/taktikalised-kindad-half-finger-mk2-gloves\/#breadcrumb\"},\"inLanguage\":\"et\",\"potentialAction\":[{\"@type\":\"ReadAction\",\"target\":[\"https:\/\/www.outdoors.ee\/et\/toode\/taktikalised-kindad-half-finger-mk2-gloves\/\"]}]},{\"@type\":\"ImageObject\",\"inLanguage\":\"et\",\"@id\":\"https:\/\/www.outdoors.ee\/et\/toode\/taktikalised-kindad-half-finger-mk2-gloves\/#primaryimage\",\"url\":\"https:\/\/www.outdoors.ee\/wp-content\/uploads\/2022\/08\/Helikon-Tex\u00ae-Half-Finger-MK2-Gloves-2.jpeg\",\"contentUrl\":\"https:\/\/www.outdoors.ee\/wp-content\/uploads\/2022\/08\/Helikon-Tex\u00ae-Half-Finger-MK2-Gloves-2.jpeg\",\"width\":1500,\"height\":1500},{\"@type\":\"BreadcrumbList\",\"@id\":\"https:\/\/www.outdoors.ee\/et\/toode\/taktikalised-kindad-half-finger-mk2-gloves\/#breadcrumb\",\"itemListElement\":[{\"@type\":\"ListItem\",\"position\":1,\"name\":\"Home\",\"item\":\"https:\/\/www.outdoors.ee\/et\/\"},{\"@type\":\"ListItem\",\"position\":2,\"name\":\"Tooted\",\"item\":\"https:\/\/www.outdoors.ee\/products\/\"},{\"@type\":\"ListItem\",\"position\":3,\"name\":\"Helikon-Tex\u00ae taktikalised kindad Half Finger MK2 Gloves\"}]},{\"@type\":\"WebSite\",\"@id\":\"https:\/\/www.outdoors.ee\/#website\",\"url\":\"https:\/\/www.outdoors.ee\/\",\"name\":\"Outdoors\",\"description\":\"Genuine military surplus and not only!\",\"potentialAction\":[{\"@type\":\"SearchAction\",\"target\":{\"@type\":\"EntryPoint\",\"urlTemplate\":\"https:\/\/www.outdoors.ee\/?s={search_term_string}\"},\"query-input\":{\"@type\":\"PropertyValueSpecification\",\"valueRequired\":true,\"valueName\":\"search_term_string\"}}],\"inLanguage\":\"et\"}]}<\/script>\n<!-- \/ Yoast SEO plugin. -->","yoast_head_json":{"title":"Helikon-Tex\u00ae taktikalised kindad Half Finger MK2 Gloves - Outdoors","robots":{"index":"index","follow":"follow","max-snippet":"max-snippet:-1","max-image-preview":"max-image-preview:large","max-video-preview":"max-video-preview:-1"},"canonical":"https:\/\/www.outdoors.ee\/et\/toode\/taktikalised-kindad-half-finger-mk2-gloves\/","og_locale":"et_EE","og_type":"article","og_title":"Helikon-Tex\u00ae taktikalised kindad Half Finger MK2 Gloves - Outdoors","og_description":"Omadused: libisemisvastane peopesa tugevdused nukkide piirkonnas veniv k\u00e4epealne materjal: 75% pol\u00fcester, 10% nailon, 9% kumm, 4% elastaan, 2% pol\u00fcuretaan kaal","og_url":"https:\/\/www.outdoors.ee\/et\/toode\/taktikalised-kindad-half-finger-mk2-gloves\/","og_site_name":"Outdoors","article_modified_time":"2025-08-27T06:59:00+00:00","og_image":[{"width":1500,"height":1500,"url":"https:\/\/www.outdoors.ee\/wp-content\/uploads\/2022\/08\/Helikon-Tex\u00ae-Half-Finger-MK2-Gloves-2.jpeg","type":"image\/jpeg"}],"twitter_card":"summary_large_image","twitter_misc":{"Est. reading time":"1 minut"},"schema":{"@context":"https:\/\/schema.org","@graph":[{"@type":"WebPage","@id":"https:\/\/www.outdoors.ee\/et\/toode\/taktikalised-kindad-half-finger-mk2-gloves\/","url":"https:\/\/www.outdoors.ee\/et\/toode\/taktikalised-kindad-half-finger-mk2-gloves\/","name":"Helikon-Tex\u00ae taktikalised kindad Half Finger MK2 Gloves - Outdoors","isPartOf":{"@id":"https:\/\/www.outdoors.ee\/#website"},"primaryImageOfPage":{"@id":"https:\/\/www.outdoors.ee\/et\/toode\/taktikalised-kindad-half-finger-mk2-gloves\/#primaryimage"},"image":{"@id":"https:\/\/www.outdoors.ee\/et\/toode\/taktikalised-kindad-half-finger-mk2-gloves\/#primaryimage"},"thumbnailUrl":"https:\/\/www.outdoors.ee\/wp-content\/uploads\/2022\/08\/Helikon-Tex\u00ae-Half-Finger-MK2-Gloves-2.jpeg","datePublished":"2022-08-06T18:03:06+00:00","dateModified":"2025-08-27T06:59:00+00:00","breadcrumb":{"@id":"https:\/\/www.outdoors.ee\/et\/toode\/taktikalised-kindad-half-finger-mk2-gloves\/#breadcrumb"},"inLanguage":"et","potentialAction":[{"@type":"ReadAction","target":["https:\/\/www.outdoors.ee\/et\/toode\/taktikalised-kindad-half-finger-mk2-gloves\/"]}]},{"@type":"ImageObject","inLanguage":"et","@id":"https:\/\/www.outdoors.ee\/et\/toode\/taktikalised-kindad-half-finger-mk2-gloves\/#primaryimage","url":"https:\/\/www.outdoors.ee\/wp-content\/uploads\/2022\/08\/Helikon-Tex\u00ae-Half-Finger-MK2-Gloves-2.jpeg","contentUrl":"https:\/\/www.outdoors.ee\/wp-content\/uploads\/2022\/08\/Helikon-Tex\u00ae-Half-Finger-MK2-Gloves-2.jpeg","width":1500,"height":1500},{"@type":"BreadcrumbList","@id":"https:\/\/www.outdoors.ee\/et\/toode\/taktikalised-kindad-half-finger-mk2-gloves\/#breadcrumb","itemListElement":[{"@type":"ListItem","position":1,"name":"Home","item":"https:\/\/www.outdoors.ee\/et\/"},{"@type":"ListItem","position":2,"name":"Tooted","item":"https:\/\/www.outdoors.ee\/products\/"},{"@type":"ListItem","position":3,"name":"Helikon-Tex\u00ae taktikalised kindad Half Finger MK2 Gloves"}]},{"@type":"WebSite","@id":"https:\/\/www.outdoors.ee\/#website","url":"https:\/\/www.outdoors.ee\/","name":"Outdoors","description":"Genuine military surplus and not only!","potentialAction":[{"@type":"SearchAction","target":{"@type":"EntryPoint","urlTemplate":"https:\/\/www.outdoors.ee\/?s={search_term_string}"},"query-input":{"@type":"PropertyValueSpecification","valueRequired":true,"valueName":"search_term_string"}}],"inLanguage":"et"}]}},"_links":{"self":[{"href":"https:\/\/www.outdoors.ee\/et\/wp-json\/wp\/v2\/product\/70502","targetHints":{"allow":["GET"]}}],"collection":[{"href":"https:\/\/www.outdoors.ee\/et\/wp-json\/wp\/v2\/product"}],"about":[{"href":"https:\/\/www.outdoors.ee\/et\/wp-json\/wp\/v2\/types\/product"}],"wp:featuredmedia":[{"embeddable":true,"href":"https:\/\/www.outdoors.ee\/et\/wp-json\/wp\/v2\/media\/70497"}],"wp:attachment":[{"href":"https:\/\/www.outdoors.ee\/et\/wp-json\/wp\/v2\/media?parent=70502"}],"wp:term":[{"taxonomy":"product_brand","embeddable":true,"href":"https:\/\/www.outdoors.ee\/et\/wp-json\/wp\/v2\/product_brand?post=70502"},{"taxonomy":"product_cat","embeddable":true,"href":"https:\/\/www.outdoors.ee\/et\/wp-json\/wp\/v2\/product_cat?post=70502"},{"taxonomy":"product_tag","embeddable":true,"href":"https:\/\/www.outdoors.ee\/et\/wp-json\/wp\/v2\/product_tag?post=70502"}],"curies":[{"name":"wp","href":"https:\/\/api.w.org\/{rel}","templated":true}]}}