{"id":70390,"date":"2022-08-10T13:45:12","date_gmt":"2022-08-10T10:45:12","guid":{"rendered":"https:\/\/www.outdoors.ee\/?post_type=product&#038;p=70390"},"modified":"2025-12-06T13:14:47","modified_gmt":"2025-12-06T11:14:47","slug":"talvejope-level-7-lightweight-climashield-apex-100g","status":"publish","type":"product","link":"https:\/\/www.outdoors.ee\/et\/toode\/talvejope-level-7-lightweight-climashield-apex-100g\/","title":{"rendered":"Helikon-Tex\u00ae talvejope Level 7 Jacket"},"content":{"rendered":"<p><strong>Omadused:<\/strong><\/p>\n<ul>\n<li>talvine pealiskiht vastavalt ECWCS s\u00fcsteemile (US Extended Cold Weather Clothing System)<\/li>\n<li>Climashield\u00ae Apex\u2122 soojustus, hoiab sooja ka m\u00e4rjana<\/li>\n<li>kerge ja kompaktseks pakitav<\/li>\n<li>kahesuunaline l\u00f5uakaitsmega ning tormklapiga YKK\u00ae t\u00f5mblukk ees<\/li>\n<li>kraesse kokkupandav kapuuts fliisvoodriga<\/li>\n<li>alumise \u00e4\u00e4re pingutusn\u00f6\u00f6r<\/li>\n<li>takjapaela abil reguleeritavad mansetid<\/li>\n<li>2 alumist sisetaskut v\u00f5rkmaterjalist<\/li>\n<li>YKK\u00ae t\u00f5mblukud<\/li>\n<li>materjal: 100% nailon<\/li>\n<li>anatoomilise kujuga l\u00f5ige<\/li>\n<\/ul>\n<p><strong>Seisukord:<\/strong> uus<\/p>\n","protected":false},"excerpt":{"rendered":"<p>Helikon-Tex\u00ae talvejope Level 7 Lightweight &#8211; Climashield\u00ae Apex 100g<\/p>\n","protected":false},"featured_media":96837,"template":"","meta":[],"product_brand":[],"product_cat":[101],"product_tag":[],"class_list":{"0":"post-70390","1":"product","2":"type-product","3":"status-publish","4":"has-post-thumbnail","6":"product_cat-joped-parkad","7":"pa_brand-helikon-tex","8":"pa_color-alpha-green-3","9":"pa_color-black-2","10":"pa_color-coyote-2","11":"pa_size-l-2","12":"pa_size-m-2","13":"pa_size-xl-2","15":"first","16":"instock","17":"taxable","18":"shipping-taxable","19":"purchasable","20":"product-type-variable"},"yoast_head":"<!-- This site is optimized with the Yoast SEO plugin v27.2 - https:\/\/yoast.com\/product\/yoast-seo-wordpress\/ -->\n<title>Helikon-Tex\u00ae talvejope Level 7 Jacket - Outdoors<\/title>\n<meta name=\"robots\" content=\"index, follow, max-snippet:-1, max-image-preview:large, max-video-preview:-1\" \/>\n<link rel=\"canonical\" href=\"https:\/\/www.outdoors.ee\/et\/toode\/talvejope-level-7-lightweight-climashield-apex-100g\/\" \/>\n<meta property=\"og:locale\" content=\"et_EE\" \/>\n<meta property=\"og:type\" content=\"article\" \/>\n<meta property=\"og:title\" content=\"Helikon-Tex\u00ae talvejope Level 7 Jacket - Outdoors\" \/>\n<meta property=\"og:description\" content=\"Helikon-Tex\u00ae talvejope Level 7 Lightweight - Climashield\u00ae Apex 100g\" \/>\n<meta property=\"og:url\" content=\"https:\/\/www.outdoors.ee\/et\/toode\/talvejope-level-7-lightweight-climashield-apex-100g\/\" \/>\n<meta property=\"og:site_name\" content=\"Outdoors\" \/>\n<meta property=\"article:modified_time\" content=\"2025-12-06T11:14:47+00:00\" \/>\n<meta property=\"og:image\" content=\"https:\/\/www.outdoors.ee\/wp-content\/uploads\/2022\/08\/Helikon-Tex\u00ae-Level-7-Lightweight-Winter-Jacket-Climashield\u00ae-Apex-100g.jpg\" \/>\n\t<meta property=\"og:image:width\" content=\"1500\" \/>\n\t<meta property=\"og:image:height\" content=\"1500\" \/>\n\t<meta property=\"og:image:type\" content=\"image\/jpeg\" \/>\n<meta name=\"twitter:card\" content=\"summary_large_image\" \/>\n<meta name=\"twitter:label1\" content=\"Est. reading time\" \/>\n\t<meta name=\"twitter:data1\" content=\"1 minut\" \/>\n<script type=\"application\/ld+json\" class=\"yoast-schema-graph\">{\"@context\":\"https:\/\/schema.org\",\"@graph\":[{\"@type\":\"WebPage\",\"@id\":\"https:\/\/www.outdoors.ee\/et\/toode\/talvejope-level-7-lightweight-climashield-apex-100g\/\",\"url\":\"https:\/\/www.outdoors.ee\/et\/toode\/talvejope-level-7-lightweight-climashield-apex-100g\/\",\"name\":\"Helikon-Tex\u00ae talvejope Level 7 Jacket - Outdoors\",\"isPartOf\":{\"@id\":\"https:\/\/www.outdoors.ee\/#website\"},\"primaryImageOfPage\":{\"@id\":\"https:\/\/www.outdoors.ee\/et\/toode\/talvejope-level-7-lightweight-climashield-apex-100g\/#primaryimage\"},\"image\":{\"@id\":\"https:\/\/www.outdoors.ee\/et\/toode\/talvejope-level-7-lightweight-climashield-apex-100g\/#primaryimage\"},\"thumbnailUrl\":\"https:\/\/www.outdoors.ee\/wp-content\/uploads\/2022\/08\/Helikon-Tex\u00ae-Level-7-Lightweight-Winter-Jacket-Climashield\u00ae-Apex-100g.jpg\",\"datePublished\":\"2022-08-10T10:45:12+00:00\",\"dateModified\":\"2025-12-06T11:14:47+00:00\",\"breadcrumb\":{\"@id\":\"https:\/\/www.outdoors.ee\/et\/toode\/talvejope-level-7-lightweight-climashield-apex-100g\/#breadcrumb\"},\"inLanguage\":\"et\",\"potentialAction\":[{\"@type\":\"ReadAction\",\"target\":[\"https:\/\/www.outdoors.ee\/et\/toode\/talvejope-level-7-lightweight-climashield-apex-100g\/\"]}]},{\"@type\":\"ImageObject\",\"inLanguage\":\"et\",\"@id\":\"https:\/\/www.outdoors.ee\/et\/toode\/talvejope-level-7-lightweight-climashield-apex-100g\/#primaryimage\",\"url\":\"https:\/\/www.outdoors.ee\/wp-content\/uploads\/2022\/08\/Helikon-Tex\u00ae-Level-7-Lightweight-Winter-Jacket-Climashield\u00ae-Apex-100g.jpg\",\"contentUrl\":\"https:\/\/www.outdoors.ee\/wp-content\/uploads\/2022\/08\/Helikon-Tex\u00ae-Level-7-Lightweight-Winter-Jacket-Climashield\u00ae-Apex-100g.jpg\",\"width\":1500,\"height\":1500},{\"@type\":\"BreadcrumbList\",\"@id\":\"https:\/\/www.outdoors.ee\/et\/toode\/talvejope-level-7-lightweight-climashield-apex-100g\/#breadcrumb\",\"itemListElement\":[{\"@type\":\"ListItem\",\"position\":1,\"name\":\"Home\",\"item\":\"https:\/\/www.outdoors.ee\/et\/\"},{\"@type\":\"ListItem\",\"position\":2,\"name\":\"Tooted\",\"item\":\"https:\/\/www.outdoors.ee\/products\/\"},{\"@type\":\"ListItem\",\"position\":3,\"name\":\"Helikon-Tex\u00ae talvejope Level 7 Jacket\"}]},{\"@type\":\"WebSite\",\"@id\":\"https:\/\/www.outdoors.ee\/#website\",\"url\":\"https:\/\/www.outdoors.ee\/\",\"name\":\"Outdoors\",\"description\":\"Genuine military surplus and not only!\",\"potentialAction\":[{\"@type\":\"SearchAction\",\"target\":{\"@type\":\"EntryPoint\",\"urlTemplate\":\"https:\/\/www.outdoors.ee\/?s={search_term_string}\"},\"query-input\":{\"@type\":\"PropertyValueSpecification\",\"valueRequired\":true,\"valueName\":\"search_term_string\"}}],\"inLanguage\":\"et\"}]}<\/script>\n<!-- \/ Yoast SEO plugin. -->","yoast_head_json":{"title":"Helikon-Tex\u00ae talvejope Level 7 Jacket - Outdoors","robots":{"index":"index","follow":"follow","max-snippet":"max-snippet:-1","max-image-preview":"max-image-preview:large","max-video-preview":"max-video-preview:-1"},"canonical":"https:\/\/www.outdoors.ee\/et\/toode\/talvejope-level-7-lightweight-climashield-apex-100g\/","og_locale":"et_EE","og_type":"article","og_title":"Helikon-Tex\u00ae talvejope Level 7 Jacket - Outdoors","og_description":"Helikon-Tex\u00ae talvejope Level 7 Lightweight - Climashield\u00ae Apex 100g","og_url":"https:\/\/www.outdoors.ee\/et\/toode\/talvejope-level-7-lightweight-climashield-apex-100g\/","og_site_name":"Outdoors","article_modified_time":"2025-12-06T11:14:47+00:00","og_image":[{"width":1500,"height":1500,"url":"https:\/\/www.outdoors.ee\/wp-content\/uploads\/2022\/08\/Helikon-Tex\u00ae-Level-7-Lightweight-Winter-Jacket-Climashield\u00ae-Apex-100g.jpg","type":"image\/jpeg"}],"twitter_card":"summary_large_image","twitter_misc":{"Est. reading time":"1 minut"},"schema":{"@context":"https:\/\/schema.org","@graph":[{"@type":"WebPage","@id":"https:\/\/www.outdoors.ee\/et\/toode\/talvejope-level-7-lightweight-climashield-apex-100g\/","url":"https:\/\/www.outdoors.ee\/et\/toode\/talvejope-level-7-lightweight-climashield-apex-100g\/","name":"Helikon-Tex\u00ae talvejope Level 7 Jacket - Outdoors","isPartOf":{"@id":"https:\/\/www.outdoors.ee\/#website"},"primaryImageOfPage":{"@id":"https:\/\/www.outdoors.ee\/et\/toode\/talvejope-level-7-lightweight-climashield-apex-100g\/#primaryimage"},"image":{"@id":"https:\/\/www.outdoors.ee\/et\/toode\/talvejope-level-7-lightweight-climashield-apex-100g\/#primaryimage"},"thumbnailUrl":"https:\/\/www.outdoors.ee\/wp-content\/uploads\/2022\/08\/Helikon-Tex\u00ae-Level-7-Lightweight-Winter-Jacket-Climashield\u00ae-Apex-100g.jpg","datePublished":"2022-08-10T10:45:12+00:00","dateModified":"2025-12-06T11:14:47+00:00","breadcrumb":{"@id":"https:\/\/www.outdoors.ee\/et\/toode\/talvejope-level-7-lightweight-climashield-apex-100g\/#breadcrumb"},"inLanguage":"et","potentialAction":[{"@type":"ReadAction","target":["https:\/\/www.outdoors.ee\/et\/toode\/talvejope-level-7-lightweight-climashield-apex-100g\/"]}]},{"@type":"ImageObject","inLanguage":"et","@id":"https:\/\/www.outdoors.ee\/et\/toode\/talvejope-level-7-lightweight-climashield-apex-100g\/#primaryimage","url":"https:\/\/www.outdoors.ee\/wp-content\/uploads\/2022\/08\/Helikon-Tex\u00ae-Level-7-Lightweight-Winter-Jacket-Climashield\u00ae-Apex-100g.jpg","contentUrl":"https:\/\/www.outdoors.ee\/wp-content\/uploads\/2022\/08\/Helikon-Tex\u00ae-Level-7-Lightweight-Winter-Jacket-Climashield\u00ae-Apex-100g.jpg","width":1500,"height":1500},{"@type":"BreadcrumbList","@id":"https:\/\/www.outdoors.ee\/et\/toode\/talvejope-level-7-lightweight-climashield-apex-100g\/#breadcrumb","itemListElement":[{"@type":"ListItem","position":1,"name":"Home","item":"https:\/\/www.outdoors.ee\/et\/"},{"@type":"ListItem","position":2,"name":"Tooted","item":"https:\/\/www.outdoors.ee\/products\/"},{"@type":"ListItem","position":3,"name":"Helikon-Tex\u00ae talvejope Level 7 Jacket"}]},{"@type":"WebSite","@id":"https:\/\/www.outdoors.ee\/#website","url":"https:\/\/www.outdoors.ee\/","name":"Outdoors","description":"Genuine military surplus and not only!","potentialAction":[{"@type":"SearchAction","target":{"@type":"EntryPoint","urlTemplate":"https:\/\/www.outdoors.ee\/?s={search_term_string}"},"query-input":{"@type":"PropertyValueSpecification","valueRequired":true,"valueName":"search_term_string"}}],"inLanguage":"et"}]}},"_links":{"self":[{"href":"https:\/\/www.outdoors.ee\/et\/wp-json\/wp\/v2\/product\/70390","targetHints":{"allow":["GET"]}}],"collection":[{"href":"https:\/\/www.outdoors.ee\/et\/wp-json\/wp\/v2\/product"}],"about":[{"href":"https:\/\/www.outdoors.ee\/et\/wp-json\/wp\/v2\/types\/product"}],"wp:featuredmedia":[{"embeddable":true,"href":"https:\/\/www.outdoors.ee\/et\/wp-json\/wp\/v2\/media\/96837"}],"wp:attachment":[{"href":"https:\/\/www.outdoors.ee\/et\/wp-json\/wp\/v2\/media?parent=70390"}],"wp:term":[{"taxonomy":"product_brand","embeddable":true,"href":"https:\/\/www.outdoors.ee\/et\/wp-json\/wp\/v2\/product_brand?post=70390"},{"taxonomy":"product_cat","embeddable":true,"href":"https:\/\/www.outdoors.ee\/et\/wp-json\/wp\/v2\/product_cat?post=70390"},{"taxonomy":"product_tag","embeddable":true,"href":"https:\/\/www.outdoors.ee\/et\/wp-json\/wp\/v2\/product_tag?post=70390"}],"curies":[{"name":"wp","href":"https:\/\/api.w.org\/{rel}","templated":true}]}}