{"id":70197,"date":"2022-08-10T13:39:28","date_gmt":"2022-08-10T10:39:28","guid":{"rendered":"https:\/\/www.outdoors.ee\/?post_type=product&#038;p=70197"},"modified":"2025-08-27T09:58:32","modified_gmt":"2025-08-27T06:58:32","slug":"blizzard-jope-stormstretch","status":"publish","type":"product","link":"https:\/\/www.outdoors.ee\/et\/toode\/blizzard-jope-stormstretch\/","title":{"rendered":"Helikon-Tex\u00ae softshell jope BLIZZARD"},"content":{"rendered":"<p>Kerge ja mitmeotstarbeline pealiskiht, toodetud venivast softshell nailonist, mis on kaetud DWR (durable water-repellent) v\u00e4liskihiga.<\/p>\n<p><strong>Omadused:<\/strong><\/p>\n<ul>\n<li>StormStretch\u00ae kangas: 98% nailon 2% elastaan<\/li>\n<li>kerge ja hingav, kuid vastupidav<\/li>\n<li>2 t\u00f5mblukuga rinnataskut erinevate hoidikutega sees<\/li>\n<li>2 t\u00f5mblukuga taskut k\u00e4istel takjapaela paneelidega<\/li>\n<li>kaenlaalune \u00f5hutus t\u00f5mblukkudega ning v\u00f5rkvoodriga<\/li>\n<li>pingutusn\u00f6\u00f6ridega, kraesse kokkupandav kapuuts<\/li>\n<li>alumise \u00e4\u00e4re pingutusn\u00f6\u00f6r<\/li>\n<li>takjapaela abil reguleeritavad mansetid<\/li>\n<li>YKK\u00ae t\u00f5mblukud<\/li>\n<li>Lai l\u00f5ige<\/li>\n<li>Kaal ca 600g<\/li>\n<\/ul>\n<p><strong>Seisukord:<\/strong> uus<\/p>\n","protected":false},"excerpt":{"rendered":"<p>Helikon-Tex\u00ae softshell jope BLIZZARD &#8211; StormStretch\u00ae<\/p>\n","protected":false},"featured_media":70180,"template":"","meta":[],"product_brand":[],"product_cat":[101],"product_tag":[],"class_list":{"0":"post-70197","1":"product","2":"type-product","3":"status-publish","4":"has-post-thumbnail","6":"product_cat-joped-parkad","7":"pa_brand-helikon-tex","8":"pa_color-adaptive-green-2","9":"pa_color-black-2","10":"pa_color-coyote-2","11":"pa_color-mud-brown-2","12":"pa_color-pencott-wildwood-2","13":"pa_color-shadow-grey-2","14":"pa_color-taiga-green-2","15":"pa_size-l-2","16":"pa_size-m-2","17":"pa_size-xl-2","19":"first","20":"instock","21":"taxable","22":"shipping-taxable","23":"purchasable","24":"product-type-variable"},"yoast_head":"<!-- This site is optimized with the Yoast SEO plugin v27.2 - https:\/\/yoast.com\/product\/yoast-seo-wordpress\/ -->\n<title>Helikon-Tex\u00ae softshell jope BLIZZARD - Outdoors<\/title>\n<meta name=\"robots\" content=\"index, follow, max-snippet:-1, max-image-preview:large, max-video-preview:-1\" \/>\n<link rel=\"canonical\" href=\"https:\/\/www.outdoors.ee\/et\/toode\/blizzard-jope-stormstretch\/\" \/>\n<meta property=\"og:locale\" content=\"et_EE\" \/>\n<meta property=\"og:type\" content=\"article\" \/>\n<meta property=\"og:title\" content=\"Helikon-Tex\u00ae softshell jope BLIZZARD - Outdoors\" \/>\n<meta property=\"og:description\" content=\"Helikon-Tex\u00ae softshell jope BLIZZARD - StormStretch\u00ae\" \/>\n<meta property=\"og:url\" content=\"https:\/\/www.outdoors.ee\/et\/toode\/blizzard-jope-stormstretch\/\" \/>\n<meta property=\"og:site_name\" content=\"Outdoors\" \/>\n<meta property=\"article:modified_time\" content=\"2025-08-27T06:58:32+00:00\" \/>\n<meta property=\"og:image\" content=\"https:\/\/www.outdoors.ee\/wp-content\/uploads\/2022\/08\/Helikon-Tex-Blizzard-Jacket\u00ae-StormStretch\u00ae-1.jpeg\" \/>\n\t<meta property=\"og:image:width\" content=\"1500\" \/>\n\t<meta property=\"og:image:height\" content=\"1500\" \/>\n\t<meta property=\"og:image:type\" content=\"image\/jpeg\" \/>\n<meta name=\"twitter:card\" content=\"summary_large_image\" \/>\n<meta name=\"twitter:label1\" content=\"Est. reading time\" \/>\n\t<meta name=\"twitter:data1\" content=\"1 minut\" \/>\n<script type=\"application\/ld+json\" class=\"yoast-schema-graph\">{\"@context\":\"https:\/\/schema.org\",\"@graph\":[{\"@type\":\"WebPage\",\"@id\":\"https:\/\/www.outdoors.ee\/et\/toode\/blizzard-jope-stormstretch\/\",\"url\":\"https:\/\/www.outdoors.ee\/et\/toode\/blizzard-jope-stormstretch\/\",\"name\":\"Helikon-Tex\u00ae softshell jope BLIZZARD - Outdoors\",\"isPartOf\":{\"@id\":\"https:\/\/www.outdoors.ee\/#website\"},\"primaryImageOfPage\":{\"@id\":\"https:\/\/www.outdoors.ee\/et\/toode\/blizzard-jope-stormstretch\/#primaryimage\"},\"image\":{\"@id\":\"https:\/\/www.outdoors.ee\/et\/toode\/blizzard-jope-stormstretch\/#primaryimage\"},\"thumbnailUrl\":\"https:\/\/www.outdoors.ee\/wp-content\/uploads\/2022\/08\/Helikon-Tex-Blizzard-Jacket\u00ae-StormStretch\u00ae-1.jpeg\",\"datePublished\":\"2022-08-10T10:39:28+00:00\",\"dateModified\":\"2025-08-27T06:58:32+00:00\",\"breadcrumb\":{\"@id\":\"https:\/\/www.outdoors.ee\/et\/toode\/blizzard-jope-stormstretch\/#breadcrumb\"},\"inLanguage\":\"et\",\"potentialAction\":[{\"@type\":\"ReadAction\",\"target\":[\"https:\/\/www.outdoors.ee\/et\/toode\/blizzard-jope-stormstretch\/\"]}]},{\"@type\":\"ImageObject\",\"inLanguage\":\"et\",\"@id\":\"https:\/\/www.outdoors.ee\/et\/toode\/blizzard-jope-stormstretch\/#primaryimage\",\"url\":\"https:\/\/www.outdoors.ee\/wp-content\/uploads\/2022\/08\/Helikon-Tex-Blizzard-Jacket\u00ae-StormStretch\u00ae-1.jpeg\",\"contentUrl\":\"https:\/\/www.outdoors.ee\/wp-content\/uploads\/2022\/08\/Helikon-Tex-Blizzard-Jacket\u00ae-StormStretch\u00ae-1.jpeg\",\"width\":1500,\"height\":1500},{\"@type\":\"BreadcrumbList\",\"@id\":\"https:\/\/www.outdoors.ee\/et\/toode\/blizzard-jope-stormstretch\/#breadcrumb\",\"itemListElement\":[{\"@type\":\"ListItem\",\"position\":1,\"name\":\"Home\",\"item\":\"https:\/\/www.outdoors.ee\/et\/\"},{\"@type\":\"ListItem\",\"position\":2,\"name\":\"Tooted\",\"item\":\"https:\/\/www.outdoors.ee\/products\/\"},{\"@type\":\"ListItem\",\"position\":3,\"name\":\"Helikon-Tex\u00ae softshell jope BLIZZARD\"}]},{\"@type\":\"WebSite\",\"@id\":\"https:\/\/www.outdoors.ee\/#website\",\"url\":\"https:\/\/www.outdoors.ee\/\",\"name\":\"Outdoors\",\"description\":\"Genuine military surplus and not only!\",\"potentialAction\":[{\"@type\":\"SearchAction\",\"target\":{\"@type\":\"EntryPoint\",\"urlTemplate\":\"https:\/\/www.outdoors.ee\/?s={search_term_string}\"},\"query-input\":{\"@type\":\"PropertyValueSpecification\",\"valueRequired\":true,\"valueName\":\"search_term_string\"}}],\"inLanguage\":\"et\"}]}<\/script>\n<!-- \/ Yoast SEO plugin. -->","yoast_head_json":{"title":"Helikon-Tex\u00ae softshell jope BLIZZARD - Outdoors","robots":{"index":"index","follow":"follow","max-snippet":"max-snippet:-1","max-image-preview":"max-image-preview:large","max-video-preview":"max-video-preview:-1"},"canonical":"https:\/\/www.outdoors.ee\/et\/toode\/blizzard-jope-stormstretch\/","og_locale":"et_EE","og_type":"article","og_title":"Helikon-Tex\u00ae softshell jope BLIZZARD - Outdoors","og_description":"Helikon-Tex\u00ae softshell jope BLIZZARD - StormStretch\u00ae","og_url":"https:\/\/www.outdoors.ee\/et\/toode\/blizzard-jope-stormstretch\/","og_site_name":"Outdoors","article_modified_time":"2025-08-27T06:58:32+00:00","og_image":[{"width":1500,"height":1500,"url":"https:\/\/www.outdoors.ee\/wp-content\/uploads\/2022\/08\/Helikon-Tex-Blizzard-Jacket\u00ae-StormStretch\u00ae-1.jpeg","type":"image\/jpeg"}],"twitter_card":"summary_large_image","twitter_misc":{"Est. reading time":"1 minut"},"schema":{"@context":"https:\/\/schema.org","@graph":[{"@type":"WebPage","@id":"https:\/\/www.outdoors.ee\/et\/toode\/blizzard-jope-stormstretch\/","url":"https:\/\/www.outdoors.ee\/et\/toode\/blizzard-jope-stormstretch\/","name":"Helikon-Tex\u00ae softshell jope BLIZZARD - Outdoors","isPartOf":{"@id":"https:\/\/www.outdoors.ee\/#website"},"primaryImageOfPage":{"@id":"https:\/\/www.outdoors.ee\/et\/toode\/blizzard-jope-stormstretch\/#primaryimage"},"image":{"@id":"https:\/\/www.outdoors.ee\/et\/toode\/blizzard-jope-stormstretch\/#primaryimage"},"thumbnailUrl":"https:\/\/www.outdoors.ee\/wp-content\/uploads\/2022\/08\/Helikon-Tex-Blizzard-Jacket\u00ae-StormStretch\u00ae-1.jpeg","datePublished":"2022-08-10T10:39:28+00:00","dateModified":"2025-08-27T06:58:32+00:00","breadcrumb":{"@id":"https:\/\/www.outdoors.ee\/et\/toode\/blizzard-jope-stormstretch\/#breadcrumb"},"inLanguage":"et","potentialAction":[{"@type":"ReadAction","target":["https:\/\/www.outdoors.ee\/et\/toode\/blizzard-jope-stormstretch\/"]}]},{"@type":"ImageObject","inLanguage":"et","@id":"https:\/\/www.outdoors.ee\/et\/toode\/blizzard-jope-stormstretch\/#primaryimage","url":"https:\/\/www.outdoors.ee\/wp-content\/uploads\/2022\/08\/Helikon-Tex-Blizzard-Jacket\u00ae-StormStretch\u00ae-1.jpeg","contentUrl":"https:\/\/www.outdoors.ee\/wp-content\/uploads\/2022\/08\/Helikon-Tex-Blizzard-Jacket\u00ae-StormStretch\u00ae-1.jpeg","width":1500,"height":1500},{"@type":"BreadcrumbList","@id":"https:\/\/www.outdoors.ee\/et\/toode\/blizzard-jope-stormstretch\/#breadcrumb","itemListElement":[{"@type":"ListItem","position":1,"name":"Home","item":"https:\/\/www.outdoors.ee\/et\/"},{"@type":"ListItem","position":2,"name":"Tooted","item":"https:\/\/www.outdoors.ee\/products\/"},{"@type":"ListItem","position":3,"name":"Helikon-Tex\u00ae softshell jope BLIZZARD"}]},{"@type":"WebSite","@id":"https:\/\/www.outdoors.ee\/#website","url":"https:\/\/www.outdoors.ee\/","name":"Outdoors","description":"Genuine military surplus and not only!","potentialAction":[{"@type":"SearchAction","target":{"@type":"EntryPoint","urlTemplate":"https:\/\/www.outdoors.ee\/?s={search_term_string}"},"query-input":{"@type":"PropertyValueSpecification","valueRequired":true,"valueName":"search_term_string"}}],"inLanguage":"et"}]}},"_links":{"self":[{"href":"https:\/\/www.outdoors.ee\/et\/wp-json\/wp\/v2\/product\/70197","targetHints":{"allow":["GET"]}}],"collection":[{"href":"https:\/\/www.outdoors.ee\/et\/wp-json\/wp\/v2\/product"}],"about":[{"href":"https:\/\/www.outdoors.ee\/et\/wp-json\/wp\/v2\/types\/product"}],"wp:featuredmedia":[{"embeddable":true,"href":"https:\/\/www.outdoors.ee\/et\/wp-json\/wp\/v2\/media\/70180"}],"wp:attachment":[{"href":"https:\/\/www.outdoors.ee\/et\/wp-json\/wp\/v2\/media?parent=70197"}],"wp:term":[{"taxonomy":"product_brand","embeddable":true,"href":"https:\/\/www.outdoors.ee\/et\/wp-json\/wp\/v2\/product_brand?post=70197"},{"taxonomy":"product_cat","embeddable":true,"href":"https:\/\/www.outdoors.ee\/et\/wp-json\/wp\/v2\/product_cat?post=70197"},{"taxonomy":"product_tag","embeddable":true,"href":"https:\/\/www.outdoors.ee\/et\/wp-json\/wp\/v2\/product_tag?post=70197"}],"curies":[{"name":"wp","href":"https:\/\/api.w.org\/{rel}","templated":true}]}}