{"id":69979,"date":"2022-07-26T11:12:54","date_gmt":"2022-07-26T08:12:57","guid":{"rendered":"https:\/\/www.outdoors.ee\/?post_type=product&#038;p=69979"},"modified":"2024-07-03T18:21:17","modified_gmt":"2024-07-03T15:21:17","slug":"bata-industrials-cool-ms-2-sokid-black","status":"publish","type":"product","link":"https:\/\/www.outdoors.ee\/et\/toode\/bata-industrials-cool-ms-2-sokid-black\/","title":{"rendered":"Bata Industrials Cool MS 2 sokid Black"},"content":{"rendered":"<p><strong>Koostis<\/strong>: 1% Bekinox\u00ae, 1% Lycra\u00ae Elastaan, 14% Amicor\u2122acr\u00fc\u00fcl, 24% pol\u00fcamiid, 25% Pro-Cool\u00ae pol\u00fcester, 35% puuvill<\/p>\n<p><strong>Seisukord<\/strong>: uued<\/p>\n","protected":false},"excerpt":{"rendered":"<p>Bata Industrials Cool MS 2 sokid, must<\/p>\n","protected":false},"featured_media":69990,"template":"","meta":[],"product_brand":[],"product_cat":[197],"product_tag":[],"class_list":{"0":"post-69979","1":"product","2":"type-product","3":"status-publish","4":"has-post-thumbnail","6":"product_cat-sokid-saarised","7":"pa_brand-bata-industrials-2","8":"pa_brand-dutch-military-surplus","9":"pa_size-uk10-12-eu45-47-2","10":"pa_size-uk12-15-eu47-50-2","11":"pa_size-uk3-5-eu35-38-2","12":"pa_size-uk55-7-eu39-41-2","13":"pa_size-uk8-95-eu42-44-2","14":"pa_size-uk9-11-eu43-46-2","16":"first","17":"instock","18":"taxable","19":"shipping-taxable","20":"purchasable","21":"product-type-variable"},"yoast_head":"<!-- This site is optimized with the Yoast SEO plugin v27.2 - https:\/\/yoast.com\/product\/yoast-seo-wordpress\/ -->\n<title>Bata Industrials Thermo HM 2 sokid - outdoors.ee<\/title>\n<meta name=\"description\" content=\"Omadused: Poolk\u00f5rged soojad sokid k\u00fclma ilmastiku tingimustesse Tugevdused kanna ja varba piirkondades Hea soojaisolatisoon ning kaitse jala higistamise, h\u00f5\u00f5rdumise ning villide vastu Hollandi s\u00f5jav\u00e4e laovarudest Materjal: 40% pol\u00fcamiid, 37% neitsivill, 22% akr\u00fc\u00fcl, 1% Lycra\u00ae\/elastaan Seisukord: uued\" \/>\n<meta name=\"robots\" content=\"index, follow, max-snippet:-1, max-image-preview:large, max-video-preview:-1\" \/>\n<link rel=\"canonical\" href=\"https:\/\/www.outdoors.ee\/et\/toode\/bata-industrials-cool-ms-2-sokid-black\/\" \/>\n<meta property=\"og:locale\" content=\"et_EE\" \/>\n<meta property=\"og:type\" content=\"article\" \/>\n<meta property=\"og:title\" content=\"Bata Industrials Thermo HM 2 sokid\" \/>\n<meta property=\"og:description\" content=\"Omadused: Poolk\u00f5rged soojad sokid k\u00fclma ilmastiku tingimustesse Tugevdused kanna ja varba piirkondades Hea soojaisolatisoon ning kaitse jala higistamise, h\u00f5\u00f5rdumise ning villide vastu Hollandi s\u00f5jav\u00e4e laovarudest Materjal: 40% pol\u00fcamiid, 37% neitsivill, 22% akr\u00fc\u00fcl, 1% Lycra\u00ae\/elastaan Seisukord: uued\" \/>\n<meta property=\"og:url\" content=\"https:\/\/www.outdoors.ee\/et\/toode\/bata-industrials-cool-ms-2-sokid-black\/\" \/>\n<meta property=\"og:site_name\" content=\"Outdoors\" \/>\n<meta property=\"article:modified_time\" content=\"2024-07-03T15:21:17+00:00\" \/>\n<meta property=\"og:image\" content=\"https:\/\/www.outdoors.ee\/wp-content\/uploads\/2022\/07\/1571-Bata-Industrials-Cool-MS-2-Socks-Black.jpg\" \/>\n\t<meta property=\"og:image:width\" content=\"800\" \/>\n\t<meta property=\"og:image:height\" content=\"900\" \/>\n\t<meta property=\"og:image:type\" content=\"image\/jpeg\" \/>\n<meta name=\"twitter:card\" content=\"summary_large_image\" \/>\n<meta name=\"twitter:title\" content=\"Bata Industrials Thermo HM 2 sokid\" \/>\n<meta name=\"twitter:label1\" content=\"Est. reading time\" \/>\n\t<meta name=\"twitter:data1\" content=\"1 minut\" \/>\n<script type=\"application\/ld+json\" class=\"yoast-schema-graph\">{\"@context\":\"https:\/\/schema.org\",\"@graph\":[{\"@type\":\"WebPage\",\"@id\":\"https:\/\/www.outdoors.ee\/et\/toode\/bata-industrials-cool-ms-2-sokid-black\/\",\"url\":\"https:\/\/www.outdoors.ee\/et\/toode\/bata-industrials-cool-ms-2-sokid-black\/\",\"name\":\"Bata Industrials Thermo HM 2 sokid - outdoors.ee\",\"isPartOf\":{\"@id\":\"https:\/\/www.outdoors.ee\/#website\"},\"primaryImageOfPage\":{\"@id\":\"https:\/\/www.outdoors.ee\/et\/toode\/bata-industrials-cool-ms-2-sokid-black\/#primaryimage\"},\"image\":{\"@id\":\"https:\/\/www.outdoors.ee\/et\/toode\/bata-industrials-cool-ms-2-sokid-black\/#primaryimage\"},\"thumbnailUrl\":\"https:\/\/www.outdoors.ee\/wp-content\/uploads\/2022\/07\/1571-Bata-Industrials-Cool-MS-2-Socks-Black.jpg\",\"datePublished\":\"2022-07-26T08:12:57+00:00\",\"dateModified\":\"2024-07-03T15:21:17+00:00\",\"description\":\"Omadused: Poolk\u00f5rged soojad sokid k\u00fclma ilmastiku tingimustesse Tugevdused kanna ja varba piirkondades Hea soojaisolatisoon ning kaitse jala higistamise, h\u00f5\u00f5rdumise ning villide vastu Hollandi s\u00f5jav\u00e4e laovarudest Materjal: 40% pol\u00fcamiid, 37% neitsivill, 22% akr\u00fc\u00fcl, 1% Lycra\u00ae\/elastaan Seisukord: uued\",\"breadcrumb\":{\"@id\":\"https:\/\/www.outdoors.ee\/et\/toode\/bata-industrials-cool-ms-2-sokid-black\/#breadcrumb\"},\"inLanguage\":\"et\",\"potentialAction\":[{\"@type\":\"ReadAction\",\"target\":[\"https:\/\/www.outdoors.ee\/et\/toode\/bata-industrials-cool-ms-2-sokid-black\/\"]}]},{\"@type\":\"ImageObject\",\"inLanguage\":\"et\",\"@id\":\"https:\/\/www.outdoors.ee\/et\/toode\/bata-industrials-cool-ms-2-sokid-black\/#primaryimage\",\"url\":\"https:\/\/www.outdoors.ee\/wp-content\/uploads\/2022\/07\/1571-Bata-Industrials-Cool-MS-2-Socks-Black.jpg\",\"contentUrl\":\"https:\/\/www.outdoors.ee\/wp-content\/uploads\/2022\/07\/1571-Bata-Industrials-Cool-MS-2-Socks-Black.jpg\",\"width\":800,\"height\":900},{\"@type\":\"BreadcrumbList\",\"@id\":\"https:\/\/www.outdoors.ee\/et\/toode\/bata-industrials-cool-ms-2-sokid-black\/#breadcrumb\",\"itemListElement\":[{\"@type\":\"ListItem\",\"position\":1,\"name\":\"Home\",\"item\":\"https:\/\/www.outdoors.ee\/et\/\"},{\"@type\":\"ListItem\",\"position\":2,\"name\":\"Tooted\",\"item\":\"https:\/\/www.outdoors.ee\/products\/\"},{\"@type\":\"ListItem\",\"position\":3,\"name\":\"Bata Industrials Cool MS 2 sokid Black\"}]},{\"@type\":\"WebSite\",\"@id\":\"https:\/\/www.outdoors.ee\/#website\",\"url\":\"https:\/\/www.outdoors.ee\/\",\"name\":\"Outdoors\",\"description\":\"Genuine military surplus and not only!\",\"potentialAction\":[{\"@type\":\"SearchAction\",\"target\":{\"@type\":\"EntryPoint\",\"urlTemplate\":\"https:\/\/www.outdoors.ee\/?s={search_term_string}\"},\"query-input\":{\"@type\":\"PropertyValueSpecification\",\"valueRequired\":true,\"valueName\":\"search_term_string\"}}],\"inLanguage\":\"et\"}]}<\/script>\n<!-- \/ Yoast SEO plugin. -->","yoast_head_json":{"title":"Bata Industrials Thermo HM 2 sokid - outdoors.ee","description":"Omadused: Poolk\u00f5rged soojad sokid k\u00fclma ilmastiku tingimustesse Tugevdused kanna ja varba piirkondades Hea soojaisolatisoon ning kaitse jala higistamise, h\u00f5\u00f5rdumise ning villide vastu Hollandi s\u00f5jav\u00e4e laovarudest Materjal: 40% pol\u00fcamiid, 37% neitsivill, 22% akr\u00fc\u00fcl, 1% Lycra\u00ae\/elastaan Seisukord: uued","robots":{"index":"index","follow":"follow","max-snippet":"max-snippet:-1","max-image-preview":"max-image-preview:large","max-video-preview":"max-video-preview:-1"},"canonical":"https:\/\/www.outdoors.ee\/et\/toode\/bata-industrials-cool-ms-2-sokid-black\/","og_locale":"et_EE","og_type":"article","og_title":"Bata Industrials Thermo HM 2 sokid","og_description":"Omadused: Poolk\u00f5rged soojad sokid k\u00fclma ilmastiku tingimustesse Tugevdused kanna ja varba piirkondades Hea soojaisolatisoon ning kaitse jala higistamise, h\u00f5\u00f5rdumise ning villide vastu Hollandi s\u00f5jav\u00e4e laovarudest Materjal: 40% pol\u00fcamiid, 37% neitsivill, 22% akr\u00fc\u00fcl, 1% Lycra\u00ae\/elastaan Seisukord: uued","og_url":"https:\/\/www.outdoors.ee\/et\/toode\/bata-industrials-cool-ms-2-sokid-black\/","og_site_name":"Outdoors","article_modified_time":"2024-07-03T15:21:17+00:00","og_image":[{"width":800,"height":900,"url":"https:\/\/www.outdoors.ee\/wp-content\/uploads\/2022\/07\/1571-Bata-Industrials-Cool-MS-2-Socks-Black.jpg","type":"image\/jpeg"}],"twitter_card":"summary_large_image","twitter_title":"Bata Industrials Thermo HM 2 sokid","twitter_misc":{"Est. reading time":"1 minut"},"schema":{"@context":"https:\/\/schema.org","@graph":[{"@type":"WebPage","@id":"https:\/\/www.outdoors.ee\/et\/toode\/bata-industrials-cool-ms-2-sokid-black\/","url":"https:\/\/www.outdoors.ee\/et\/toode\/bata-industrials-cool-ms-2-sokid-black\/","name":"Bata Industrials Thermo HM 2 sokid - outdoors.ee","isPartOf":{"@id":"https:\/\/www.outdoors.ee\/#website"},"primaryImageOfPage":{"@id":"https:\/\/www.outdoors.ee\/et\/toode\/bata-industrials-cool-ms-2-sokid-black\/#primaryimage"},"image":{"@id":"https:\/\/www.outdoors.ee\/et\/toode\/bata-industrials-cool-ms-2-sokid-black\/#primaryimage"},"thumbnailUrl":"https:\/\/www.outdoors.ee\/wp-content\/uploads\/2022\/07\/1571-Bata-Industrials-Cool-MS-2-Socks-Black.jpg","datePublished":"2022-07-26T08:12:57+00:00","dateModified":"2024-07-03T15:21:17+00:00","description":"Omadused: Poolk\u00f5rged soojad sokid k\u00fclma ilmastiku tingimustesse Tugevdused kanna ja varba piirkondades Hea soojaisolatisoon ning kaitse jala higistamise, h\u00f5\u00f5rdumise ning villide vastu Hollandi s\u00f5jav\u00e4e laovarudest Materjal: 40% pol\u00fcamiid, 37% neitsivill, 22% akr\u00fc\u00fcl, 1% Lycra\u00ae\/elastaan Seisukord: uued","breadcrumb":{"@id":"https:\/\/www.outdoors.ee\/et\/toode\/bata-industrials-cool-ms-2-sokid-black\/#breadcrumb"},"inLanguage":"et","potentialAction":[{"@type":"ReadAction","target":["https:\/\/www.outdoors.ee\/et\/toode\/bata-industrials-cool-ms-2-sokid-black\/"]}]},{"@type":"ImageObject","inLanguage":"et","@id":"https:\/\/www.outdoors.ee\/et\/toode\/bata-industrials-cool-ms-2-sokid-black\/#primaryimage","url":"https:\/\/www.outdoors.ee\/wp-content\/uploads\/2022\/07\/1571-Bata-Industrials-Cool-MS-2-Socks-Black.jpg","contentUrl":"https:\/\/www.outdoors.ee\/wp-content\/uploads\/2022\/07\/1571-Bata-Industrials-Cool-MS-2-Socks-Black.jpg","width":800,"height":900},{"@type":"BreadcrumbList","@id":"https:\/\/www.outdoors.ee\/et\/toode\/bata-industrials-cool-ms-2-sokid-black\/#breadcrumb","itemListElement":[{"@type":"ListItem","position":1,"name":"Home","item":"https:\/\/www.outdoors.ee\/et\/"},{"@type":"ListItem","position":2,"name":"Tooted","item":"https:\/\/www.outdoors.ee\/products\/"},{"@type":"ListItem","position":3,"name":"Bata Industrials Cool MS 2 sokid Black"}]},{"@type":"WebSite","@id":"https:\/\/www.outdoors.ee\/#website","url":"https:\/\/www.outdoors.ee\/","name":"Outdoors","description":"Genuine military surplus and not only!","potentialAction":[{"@type":"SearchAction","target":{"@type":"EntryPoint","urlTemplate":"https:\/\/www.outdoors.ee\/?s={search_term_string}"},"query-input":{"@type":"PropertyValueSpecification","valueRequired":true,"valueName":"search_term_string"}}],"inLanguage":"et"}]}},"_links":{"self":[{"href":"https:\/\/www.outdoors.ee\/et\/wp-json\/wp\/v2\/product\/69979","targetHints":{"allow":["GET"]}}],"collection":[{"href":"https:\/\/www.outdoors.ee\/et\/wp-json\/wp\/v2\/product"}],"about":[{"href":"https:\/\/www.outdoors.ee\/et\/wp-json\/wp\/v2\/types\/product"}],"wp:featuredmedia":[{"embeddable":true,"href":"https:\/\/www.outdoors.ee\/et\/wp-json\/wp\/v2\/media\/69990"}],"wp:attachment":[{"href":"https:\/\/www.outdoors.ee\/et\/wp-json\/wp\/v2\/media?parent=69979"}],"wp:term":[{"taxonomy":"product_brand","embeddable":true,"href":"https:\/\/www.outdoors.ee\/et\/wp-json\/wp\/v2\/product_brand?post=69979"},{"taxonomy":"product_cat","embeddable":true,"href":"https:\/\/www.outdoors.ee\/et\/wp-json\/wp\/v2\/product_cat?post=69979"},{"taxonomy":"product_tag","embeddable":true,"href":"https:\/\/www.outdoors.ee\/et\/wp-json\/wp\/v2\/product_tag?post=69979"}],"curies":[{"name":"wp","href":"https:\/\/api.w.org\/{rel}","templated":true}]}}