{"id":69847,"date":"2022-07-25T13:12:44","date_gmt":"2022-07-25T10:12:44","guid":{"rendered":"https:\/\/www.outdoors.ee\/?post_type=product&#038;p=69847"},"modified":"2025-08-27T11:46:14","modified_gmt":"2025-08-27T08:46:14","slug":"mfh-taktikalised-kindad-fingerless-black","status":"publish","type":"product","link":"https:\/\/www.outdoors.ee\/et\/toode\/mfh-taktikalised-kindad-fingerless-black\/","title":{"rendered":"MFH\u00ae taktikalised kindad Fingerless Black"},"content":{"rendered":"<p><strong>Omadused:<\/strong><\/p>\n<ul>\n<li>hea haakuvus ka m\u00e4rgadel pindadel<\/li>\n<li>kiiresti kuivavad<\/li>\n<li>takjapaelaga reguleeritavad mansetid<\/li>\n<li>kunstnahast peopesad<\/li>\n<li>silikonist pehmendused nukkide piirkonnas<\/li>\n<li>veniv k\u00e4epealse materjal<\/li>\n<li>materjal: peopeda: 90 % pol\u00fcuretaan 10 % nailon. k\u00e4epealne: 45 % pol\u00fcester 45 % nailon 10 % elastaan silikonist pehmendustega<\/li>\n<\/ul>\n<p><strong>Seisukord:<\/strong> uued<\/p>\n","protected":false},"excerpt":{"rendered":"<p>MFH taktikalised kindad Fingerless, must<\/p>\n","protected":false},"featured_media":69846,"template":"","meta":[],"product_brand":[],"product_cat":[98],"product_tag":[],"class_list":{"0":"post-69847","1":"product","2":"type-product","3":"status-publish","4":"has-post-thumbnail","6":"product_cat-kindad","7":"pa_brand-mfh-2","8":"pa_size-l-2","9":"pa_size-m-2","10":"pa_size-xl-2","12":"first","13":"instock","14":"taxable","15":"shipping-taxable","16":"purchasable","17":"product-type-variable"},"yoast_head":"<!-- This site is optimized with the Yoast SEO plugin v27.2 - https:\/\/yoast.com\/product\/yoast-seo-wordpress\/ -->\n<title>MFH\u00ae taktikalised kindad Fingerless Black - Outdoors<\/title>\n<meta name=\"robots\" content=\"index, follow, max-snippet:-1, max-image-preview:large, max-video-preview:-1\" \/>\n<link rel=\"canonical\" href=\"https:\/\/www.outdoors.ee\/et\/toode\/mfh-taktikalised-kindad-fingerless-black\/\" \/>\n<meta property=\"og:locale\" content=\"et_EE\" \/>\n<meta property=\"og:type\" content=\"article\" \/>\n<meta property=\"og:title\" content=\"MFH\u00ae taktikalised kindad Fingerless Black - Outdoors\" \/>\n<meta property=\"og:description\" content=\"MFH taktikalised kindad Fingerless, must\" \/>\n<meta property=\"og:url\" content=\"https:\/\/www.outdoors.ee\/et\/toode\/mfh-taktikalised-kindad-fingerless-black\/\" \/>\n<meta property=\"og:site_name\" content=\"Outdoors\" \/>\n<meta property=\"article:modified_time\" content=\"2025-08-27T08:46:14+00:00\" \/>\n<meta property=\"og:image\" content=\"https:\/\/www.outdoors.ee\/wp-content\/uploads\/2022\/07\/15553A-MFH-Fingerless-Tactical-Gloves-Black.jpg\" \/>\n\t<meta property=\"og:image:width\" content=\"1200\" \/>\n\t<meta property=\"og:image:height\" content=\"1000\" \/>\n\t<meta property=\"og:image:type\" content=\"image\/jpeg\" \/>\n<meta name=\"twitter:card\" content=\"summary_large_image\" \/>\n<meta name=\"twitter:label1\" content=\"Est. reading time\" \/>\n\t<meta name=\"twitter:data1\" content=\"1 minut\" \/>\n<script type=\"application\/ld+json\" class=\"yoast-schema-graph\">{\"@context\":\"https:\/\/schema.org\",\"@graph\":[{\"@type\":\"WebPage\",\"@id\":\"https:\/\/www.outdoors.ee\/et\/toode\/mfh-taktikalised-kindad-fingerless-black\/\",\"url\":\"https:\/\/www.outdoors.ee\/et\/toode\/mfh-taktikalised-kindad-fingerless-black\/\",\"name\":\"MFH\u00ae taktikalised kindad Fingerless Black - Outdoors\",\"isPartOf\":{\"@id\":\"https:\/\/www.outdoors.ee\/#website\"},\"primaryImageOfPage\":{\"@id\":\"https:\/\/www.outdoors.ee\/et\/toode\/mfh-taktikalised-kindad-fingerless-black\/#primaryimage\"},\"image\":{\"@id\":\"https:\/\/www.outdoors.ee\/et\/toode\/mfh-taktikalised-kindad-fingerless-black\/#primaryimage\"},\"thumbnailUrl\":\"https:\/\/www.outdoors.ee\/wp-content\/uploads\/2022\/07\/15553A-MFH-Fingerless-Tactical-Gloves-Black.jpg\",\"datePublished\":\"2022-07-25T10:12:44+00:00\",\"dateModified\":\"2025-08-27T08:46:14+00:00\",\"breadcrumb\":{\"@id\":\"https:\/\/www.outdoors.ee\/et\/toode\/mfh-taktikalised-kindad-fingerless-black\/#breadcrumb\"},\"inLanguage\":\"et\",\"potentialAction\":[{\"@type\":\"ReadAction\",\"target\":[\"https:\/\/www.outdoors.ee\/et\/toode\/mfh-taktikalised-kindad-fingerless-black\/\"]}]},{\"@type\":\"ImageObject\",\"inLanguage\":\"et\",\"@id\":\"https:\/\/www.outdoors.ee\/et\/toode\/mfh-taktikalised-kindad-fingerless-black\/#primaryimage\",\"url\":\"https:\/\/www.outdoors.ee\/wp-content\/uploads\/2022\/07\/15553A-MFH-Fingerless-Tactical-Gloves-Black.jpg\",\"contentUrl\":\"https:\/\/www.outdoors.ee\/wp-content\/uploads\/2022\/07\/15553A-MFH-Fingerless-Tactical-Gloves-Black.jpg\",\"width\":1200,\"height\":1000},{\"@type\":\"BreadcrumbList\",\"@id\":\"https:\/\/www.outdoors.ee\/et\/toode\/mfh-taktikalised-kindad-fingerless-black\/#breadcrumb\",\"itemListElement\":[{\"@type\":\"ListItem\",\"position\":1,\"name\":\"Home\",\"item\":\"https:\/\/www.outdoors.ee\/et\/\"},{\"@type\":\"ListItem\",\"position\":2,\"name\":\"Tooted\",\"item\":\"https:\/\/www.outdoors.ee\/products\/\"},{\"@type\":\"ListItem\",\"position\":3,\"name\":\"MFH\u00ae taktikalised kindad Fingerless Black\"}]},{\"@type\":\"WebSite\",\"@id\":\"https:\/\/www.outdoors.ee\/#website\",\"url\":\"https:\/\/www.outdoors.ee\/\",\"name\":\"Outdoors\",\"description\":\"Genuine military surplus and not only!\",\"potentialAction\":[{\"@type\":\"SearchAction\",\"target\":{\"@type\":\"EntryPoint\",\"urlTemplate\":\"https:\/\/www.outdoors.ee\/?s={search_term_string}\"},\"query-input\":{\"@type\":\"PropertyValueSpecification\",\"valueRequired\":true,\"valueName\":\"search_term_string\"}}],\"inLanguage\":\"et\"}]}<\/script>\n<!-- \/ Yoast SEO plugin. -->","yoast_head_json":{"title":"MFH\u00ae taktikalised kindad Fingerless Black - Outdoors","robots":{"index":"index","follow":"follow","max-snippet":"max-snippet:-1","max-image-preview":"max-image-preview:large","max-video-preview":"max-video-preview:-1"},"canonical":"https:\/\/www.outdoors.ee\/et\/toode\/mfh-taktikalised-kindad-fingerless-black\/","og_locale":"et_EE","og_type":"article","og_title":"MFH\u00ae taktikalised kindad Fingerless Black - Outdoors","og_description":"MFH taktikalised kindad Fingerless, must","og_url":"https:\/\/www.outdoors.ee\/et\/toode\/mfh-taktikalised-kindad-fingerless-black\/","og_site_name":"Outdoors","article_modified_time":"2025-08-27T08:46:14+00:00","og_image":[{"width":1200,"height":1000,"url":"https:\/\/www.outdoors.ee\/wp-content\/uploads\/2022\/07\/15553A-MFH-Fingerless-Tactical-Gloves-Black.jpg","type":"image\/jpeg"}],"twitter_card":"summary_large_image","twitter_misc":{"Est. reading time":"1 minut"},"schema":{"@context":"https:\/\/schema.org","@graph":[{"@type":"WebPage","@id":"https:\/\/www.outdoors.ee\/et\/toode\/mfh-taktikalised-kindad-fingerless-black\/","url":"https:\/\/www.outdoors.ee\/et\/toode\/mfh-taktikalised-kindad-fingerless-black\/","name":"MFH\u00ae taktikalised kindad Fingerless Black - Outdoors","isPartOf":{"@id":"https:\/\/www.outdoors.ee\/#website"},"primaryImageOfPage":{"@id":"https:\/\/www.outdoors.ee\/et\/toode\/mfh-taktikalised-kindad-fingerless-black\/#primaryimage"},"image":{"@id":"https:\/\/www.outdoors.ee\/et\/toode\/mfh-taktikalised-kindad-fingerless-black\/#primaryimage"},"thumbnailUrl":"https:\/\/www.outdoors.ee\/wp-content\/uploads\/2022\/07\/15553A-MFH-Fingerless-Tactical-Gloves-Black.jpg","datePublished":"2022-07-25T10:12:44+00:00","dateModified":"2025-08-27T08:46:14+00:00","breadcrumb":{"@id":"https:\/\/www.outdoors.ee\/et\/toode\/mfh-taktikalised-kindad-fingerless-black\/#breadcrumb"},"inLanguage":"et","potentialAction":[{"@type":"ReadAction","target":["https:\/\/www.outdoors.ee\/et\/toode\/mfh-taktikalised-kindad-fingerless-black\/"]}]},{"@type":"ImageObject","inLanguage":"et","@id":"https:\/\/www.outdoors.ee\/et\/toode\/mfh-taktikalised-kindad-fingerless-black\/#primaryimage","url":"https:\/\/www.outdoors.ee\/wp-content\/uploads\/2022\/07\/15553A-MFH-Fingerless-Tactical-Gloves-Black.jpg","contentUrl":"https:\/\/www.outdoors.ee\/wp-content\/uploads\/2022\/07\/15553A-MFH-Fingerless-Tactical-Gloves-Black.jpg","width":1200,"height":1000},{"@type":"BreadcrumbList","@id":"https:\/\/www.outdoors.ee\/et\/toode\/mfh-taktikalised-kindad-fingerless-black\/#breadcrumb","itemListElement":[{"@type":"ListItem","position":1,"name":"Home","item":"https:\/\/www.outdoors.ee\/et\/"},{"@type":"ListItem","position":2,"name":"Tooted","item":"https:\/\/www.outdoors.ee\/products\/"},{"@type":"ListItem","position":3,"name":"MFH\u00ae taktikalised kindad Fingerless Black"}]},{"@type":"WebSite","@id":"https:\/\/www.outdoors.ee\/#website","url":"https:\/\/www.outdoors.ee\/","name":"Outdoors","description":"Genuine military surplus and not only!","potentialAction":[{"@type":"SearchAction","target":{"@type":"EntryPoint","urlTemplate":"https:\/\/www.outdoors.ee\/?s={search_term_string}"},"query-input":{"@type":"PropertyValueSpecification","valueRequired":true,"valueName":"search_term_string"}}],"inLanguage":"et"}]}},"_links":{"self":[{"href":"https:\/\/www.outdoors.ee\/et\/wp-json\/wp\/v2\/product\/69847","targetHints":{"allow":["GET"]}}],"collection":[{"href":"https:\/\/www.outdoors.ee\/et\/wp-json\/wp\/v2\/product"}],"about":[{"href":"https:\/\/www.outdoors.ee\/et\/wp-json\/wp\/v2\/types\/product"}],"wp:featuredmedia":[{"embeddable":true,"href":"https:\/\/www.outdoors.ee\/et\/wp-json\/wp\/v2\/media\/69846"}],"wp:attachment":[{"href":"https:\/\/www.outdoors.ee\/et\/wp-json\/wp\/v2\/media?parent=69847"}],"wp:term":[{"taxonomy":"product_brand","embeddable":true,"href":"https:\/\/www.outdoors.ee\/et\/wp-json\/wp\/v2\/product_brand?post=69847"},{"taxonomy":"product_cat","embeddable":true,"href":"https:\/\/www.outdoors.ee\/et\/wp-json\/wp\/v2\/product_cat?post=69847"},{"taxonomy":"product_tag","embeddable":true,"href":"https:\/\/www.outdoors.ee\/et\/wp-json\/wp\/v2\/product_tag?post=69847"}],"curies":[{"name":"wp","href":"https:\/\/api.w.org\/{rel}","templated":true}]}}