{"id":69632,"date":"2022-07-15T10:06:13","date_gmt":"2022-07-15T07:06:15","guid":{"rendered":"https:\/\/www.outdoors.ee\/?post_type=product&#038;p=69632"},"modified":"2023-10-02T08:52:32","modified_gmt":"2023-10-02T05:52:32","slug":"drifire-fortrex-fr-lenduri-vorm-tan","status":"publish","type":"product","link":"https:\/\/www.outdoors.ee\/et\/toode\/drifire-fortrex-fr-lenduri-vorm-tan\/","title":{"rendered":"DRIFIRE Fortrex FR lenduri vorm Tan"},"content":{"rendered":"<p><strong>Omadused<\/strong>:<\/p>\n<ul>\n<li class=\"item\">materjal: 4.5 oz. DRIFIRE FORTREX\u00ae: 63% Meta-Aramid 15% Viscose 9% Nylon 10% Para-Aramid 3% Conductive Fiber<\/li>\n<li class=\"item\">takjapaela abil reguleeritav v\u00f6\u00f6koha laius ning mansetid<\/li>\n<li>t\u00f5mblukuga taskud<\/li>\n<li class=\"item\">v\u00e4ga kergekaaluline kangas hea kulumis- ning rebimiskindlusega<\/li>\n<li class=\"item\">puuvillast kuni 3 korda kiiremini kuivav<\/li>\n<li>NAVAIR poolt heaks kiidetud<\/li>\n<li>USA s\u00f5jav\u00e4e originaal<\/li>\n<\/ul>\n<p><strong>Suurus<\/strong>: Medium Regular (sobiv R\u00dc-le 37-41in\/94-104cm ja kasvule 67-71in\/170-180cm)<\/p>\n<p><strong>Seisukord<\/strong>:<\/p>\n<ul>\n<li>uus (v\u00f5ib sisaldada hulgiladustamise j\u00e4lgi)<\/li>\n<li>uuev\u00e4\u00e4rne (sisaldab minimaalseid kulumisj\u00e4lgi)<\/li>\n<\/ul>\n","protected":false},"excerpt":{"rendered":"<p>DRIFIRE Fortrex FR 2-osaline lenduri vorm raskelts\u00fcttivast materjalist, bee\u017e<\/p>\n","protected":false},"featured_media":69640,"template":"","meta":[],"product_brand":[],"product_cat":[2709],"product_tag":[],"class_list":{"0":"post-69632","1":"product","2":"type-product","3":"status-publish","4":"has-post-thumbnail","6":"product_cat-kombinesoonid","7":"pa_brand-drifire-2","8":"pa_condition-uus","9":"pa_size-medium-regular-2","11":"first","12":"outofstock","13":"sale","14":"taxable","15":"shipping-taxable","16":"purchasable","17":"product-type-variable"},"yoast_head":"<!-- This site is optimized with the Yoast SEO plugin v27.2 - https:\/\/yoast.com\/product\/yoast-seo-wordpress\/ -->\n<title>DRIFIRE Fortrex FR lenduri vorm Tan - Outdoors<\/title>\n<meta name=\"robots\" content=\"index, follow, max-snippet:-1, max-image-preview:large, max-video-preview:-1\" \/>\n<link rel=\"canonical\" href=\"https:\/\/www.outdoors.ee\/et\/toode\/drifire-fortrex-fr-lenduri-vorm-tan\/\" \/>\n<meta property=\"og:locale\" content=\"et_EE\" \/>\n<meta property=\"og:type\" content=\"article\" \/>\n<meta property=\"og:title\" content=\"DRIFIRE Fortrex FR lenduri vorm Tan - Outdoors\" \/>\n<meta property=\"og:description\" content=\"DRIFIRE Fortrex FR 2-osaline lenduri vorm raskelts\u00fcttivast materjalist, bee\u017e\" \/>\n<meta property=\"og:url\" content=\"https:\/\/www.outdoors.ee\/et\/toode\/drifire-fortrex-fr-lenduri-vorm-tan\/\" \/>\n<meta property=\"og:site_name\" content=\"Outdoors\" \/>\n<meta property=\"article:modified_time\" content=\"2023-10-02T05:52:32+00:00\" \/>\n<meta property=\"og:image\" content=\"https:\/\/www.outdoors.ee\/wp-content\/uploads\/2022\/07\/0993-DRIFIRE-Fortrex-FR-2-Piece-Flight-Suit-Tan.jpg\" \/>\n\t<meta property=\"og:image:width\" content=\"800\" \/>\n\t<meta property=\"og:image:height\" content=\"1200\" \/>\n\t<meta property=\"og:image:type\" content=\"image\/jpeg\" \/>\n<meta name=\"twitter:card\" content=\"summary_large_image\" \/>\n<meta name=\"twitter:label1\" content=\"Est. reading time\" \/>\n\t<meta name=\"twitter:data1\" content=\"1 minut\" \/>\n<script type=\"application\/ld+json\" class=\"yoast-schema-graph\">{\"@context\":\"https:\/\/schema.org\",\"@graph\":[{\"@type\":\"WebPage\",\"@id\":\"https:\/\/www.outdoors.ee\/et\/toode\/drifire-fortrex-fr-lenduri-vorm-tan\/\",\"url\":\"https:\/\/www.outdoors.ee\/et\/toode\/drifire-fortrex-fr-lenduri-vorm-tan\/\",\"name\":\"DRIFIRE Fortrex FR lenduri vorm Tan - Outdoors\",\"isPartOf\":{\"@id\":\"https:\/\/www.outdoors.ee\/#website\"},\"primaryImageOfPage\":{\"@id\":\"https:\/\/www.outdoors.ee\/et\/toode\/drifire-fortrex-fr-lenduri-vorm-tan\/#primaryimage\"},\"image\":{\"@id\":\"https:\/\/www.outdoors.ee\/et\/toode\/drifire-fortrex-fr-lenduri-vorm-tan\/#primaryimage\"},\"thumbnailUrl\":\"https:\/\/www.outdoors.ee\/wp-content\/uploads\/2022\/07\/0993-DRIFIRE-Fortrex-FR-2-Piece-Flight-Suit-Tan.jpg\",\"datePublished\":\"2022-07-15T07:06:15+00:00\",\"dateModified\":\"2023-10-02T05:52:32+00:00\",\"breadcrumb\":{\"@id\":\"https:\/\/www.outdoors.ee\/et\/toode\/drifire-fortrex-fr-lenduri-vorm-tan\/#breadcrumb\"},\"inLanguage\":\"et\",\"potentialAction\":[{\"@type\":\"ReadAction\",\"target\":[\"https:\/\/www.outdoors.ee\/et\/toode\/drifire-fortrex-fr-lenduri-vorm-tan\/\"]}]},{\"@type\":\"ImageObject\",\"inLanguage\":\"et\",\"@id\":\"https:\/\/www.outdoors.ee\/et\/toode\/drifire-fortrex-fr-lenduri-vorm-tan\/#primaryimage\",\"url\":\"https:\/\/www.outdoors.ee\/wp-content\/uploads\/2022\/07\/0993-DRIFIRE-Fortrex-FR-2-Piece-Flight-Suit-Tan.jpg\",\"contentUrl\":\"https:\/\/www.outdoors.ee\/wp-content\/uploads\/2022\/07\/0993-DRIFIRE-Fortrex-FR-2-Piece-Flight-Suit-Tan.jpg\",\"width\":800,\"height\":1200},{\"@type\":\"BreadcrumbList\",\"@id\":\"https:\/\/www.outdoors.ee\/et\/toode\/drifire-fortrex-fr-lenduri-vorm-tan\/#breadcrumb\",\"itemListElement\":[{\"@type\":\"ListItem\",\"position\":1,\"name\":\"Home\",\"item\":\"https:\/\/www.outdoors.ee\/et\/\"},{\"@type\":\"ListItem\",\"position\":2,\"name\":\"Tooted\",\"item\":\"https:\/\/www.outdoors.ee\/products\/\"},{\"@type\":\"ListItem\",\"position\":3,\"name\":\"DRIFIRE Fortrex FR lenduri vorm Tan\"}]},{\"@type\":\"WebSite\",\"@id\":\"https:\/\/www.outdoors.ee\/#website\",\"url\":\"https:\/\/www.outdoors.ee\/\",\"name\":\"Outdoors\",\"description\":\"Genuine military surplus and not only!\",\"potentialAction\":[{\"@type\":\"SearchAction\",\"target\":{\"@type\":\"EntryPoint\",\"urlTemplate\":\"https:\/\/www.outdoors.ee\/?s={search_term_string}\"},\"query-input\":{\"@type\":\"PropertyValueSpecification\",\"valueRequired\":true,\"valueName\":\"search_term_string\"}}],\"inLanguage\":\"et\"}]}<\/script>\n<!-- \/ Yoast SEO plugin. -->","yoast_head_json":{"title":"DRIFIRE Fortrex FR lenduri vorm Tan - Outdoors","robots":{"index":"index","follow":"follow","max-snippet":"max-snippet:-1","max-image-preview":"max-image-preview:large","max-video-preview":"max-video-preview:-1"},"canonical":"https:\/\/www.outdoors.ee\/et\/toode\/drifire-fortrex-fr-lenduri-vorm-tan\/","og_locale":"et_EE","og_type":"article","og_title":"DRIFIRE Fortrex FR lenduri vorm Tan - Outdoors","og_description":"DRIFIRE Fortrex FR 2-osaline lenduri vorm raskelts\u00fcttivast materjalist, bee\u017e","og_url":"https:\/\/www.outdoors.ee\/et\/toode\/drifire-fortrex-fr-lenduri-vorm-tan\/","og_site_name":"Outdoors","article_modified_time":"2023-10-02T05:52:32+00:00","og_image":[{"width":800,"height":1200,"url":"https:\/\/www.outdoors.ee\/wp-content\/uploads\/2022\/07\/0993-DRIFIRE-Fortrex-FR-2-Piece-Flight-Suit-Tan.jpg","type":"image\/jpeg"}],"twitter_card":"summary_large_image","twitter_misc":{"Est. reading time":"1 minut"},"schema":{"@context":"https:\/\/schema.org","@graph":[{"@type":"WebPage","@id":"https:\/\/www.outdoors.ee\/et\/toode\/drifire-fortrex-fr-lenduri-vorm-tan\/","url":"https:\/\/www.outdoors.ee\/et\/toode\/drifire-fortrex-fr-lenduri-vorm-tan\/","name":"DRIFIRE Fortrex FR lenduri vorm Tan - Outdoors","isPartOf":{"@id":"https:\/\/www.outdoors.ee\/#website"},"primaryImageOfPage":{"@id":"https:\/\/www.outdoors.ee\/et\/toode\/drifire-fortrex-fr-lenduri-vorm-tan\/#primaryimage"},"image":{"@id":"https:\/\/www.outdoors.ee\/et\/toode\/drifire-fortrex-fr-lenduri-vorm-tan\/#primaryimage"},"thumbnailUrl":"https:\/\/www.outdoors.ee\/wp-content\/uploads\/2022\/07\/0993-DRIFIRE-Fortrex-FR-2-Piece-Flight-Suit-Tan.jpg","datePublished":"2022-07-15T07:06:15+00:00","dateModified":"2023-10-02T05:52:32+00:00","breadcrumb":{"@id":"https:\/\/www.outdoors.ee\/et\/toode\/drifire-fortrex-fr-lenduri-vorm-tan\/#breadcrumb"},"inLanguage":"et","potentialAction":[{"@type":"ReadAction","target":["https:\/\/www.outdoors.ee\/et\/toode\/drifire-fortrex-fr-lenduri-vorm-tan\/"]}]},{"@type":"ImageObject","inLanguage":"et","@id":"https:\/\/www.outdoors.ee\/et\/toode\/drifire-fortrex-fr-lenduri-vorm-tan\/#primaryimage","url":"https:\/\/www.outdoors.ee\/wp-content\/uploads\/2022\/07\/0993-DRIFIRE-Fortrex-FR-2-Piece-Flight-Suit-Tan.jpg","contentUrl":"https:\/\/www.outdoors.ee\/wp-content\/uploads\/2022\/07\/0993-DRIFIRE-Fortrex-FR-2-Piece-Flight-Suit-Tan.jpg","width":800,"height":1200},{"@type":"BreadcrumbList","@id":"https:\/\/www.outdoors.ee\/et\/toode\/drifire-fortrex-fr-lenduri-vorm-tan\/#breadcrumb","itemListElement":[{"@type":"ListItem","position":1,"name":"Home","item":"https:\/\/www.outdoors.ee\/et\/"},{"@type":"ListItem","position":2,"name":"Tooted","item":"https:\/\/www.outdoors.ee\/products\/"},{"@type":"ListItem","position":3,"name":"DRIFIRE Fortrex FR lenduri vorm Tan"}]},{"@type":"WebSite","@id":"https:\/\/www.outdoors.ee\/#website","url":"https:\/\/www.outdoors.ee\/","name":"Outdoors","description":"Genuine military surplus and not only!","potentialAction":[{"@type":"SearchAction","target":{"@type":"EntryPoint","urlTemplate":"https:\/\/www.outdoors.ee\/?s={search_term_string}"},"query-input":{"@type":"PropertyValueSpecification","valueRequired":true,"valueName":"search_term_string"}}],"inLanguage":"et"}]}},"_links":{"self":[{"href":"https:\/\/www.outdoors.ee\/et\/wp-json\/wp\/v2\/product\/69632","targetHints":{"allow":["GET"]}}],"collection":[{"href":"https:\/\/www.outdoors.ee\/et\/wp-json\/wp\/v2\/product"}],"about":[{"href":"https:\/\/www.outdoors.ee\/et\/wp-json\/wp\/v2\/types\/product"}],"wp:featuredmedia":[{"embeddable":true,"href":"https:\/\/www.outdoors.ee\/et\/wp-json\/wp\/v2\/media\/69640"}],"wp:attachment":[{"href":"https:\/\/www.outdoors.ee\/et\/wp-json\/wp\/v2\/media?parent=69632"}],"wp:term":[{"taxonomy":"product_brand","embeddable":true,"href":"https:\/\/www.outdoors.ee\/et\/wp-json\/wp\/v2\/product_brand?post=69632"},{"taxonomy":"product_cat","embeddable":true,"href":"https:\/\/www.outdoors.ee\/et\/wp-json\/wp\/v2\/product_cat?post=69632"},{"taxonomy":"product_tag","embeddable":true,"href":"https:\/\/www.outdoors.ee\/et\/wp-json\/wp\/v2\/product_tag?post=69632"}],"curies":[{"name":"wp","href":"https:\/\/api.w.org\/{rel}","templated":true}]}}