{"id":69163,"date":"2022-06-21T17:06:05","date_gmt":"2022-06-21T14:06:05","guid":{"rendered":"https:\/\/www.outdoors.ee\/?post_type=product&#038;p=69163"},"modified":"2022-06-21T17:23:46","modified_gmt":"2022-06-21T14:23:46","slug":"berghaus-centurio-45-mmps-seljakott-coyote-brown","status":"publish","type":"product","link":"https:\/\/www.outdoors.ee\/et\/toode\/berghaus-centurio-45-mmps-seljakott-coyote-brown\/","title":{"rendered":"BERGHAUS Centurio 45 MMPS seljakott Coyote Brown"},"content":{"rendered":"<p style=\"text-align: justify;\">Berghaus Centurio 45MMPS (Multi Mission Pack System) seljakott Hollandi s\u00f5jav\u00e4e laovarudest. Toodetud vastupidavast tekstureeritud nailonist.<\/p>\n<p style=\"text-align: justify;\"><strong>Omadused:<\/strong><\/p>\n<ul style=\"text-align: justify;\">\n<li>kerge ja tugev integreeritud alumiiniumist seljaraam<\/li>\n<li>pehmendatud seljaosa<\/li>\n<li>Molle paneelid lisavarustuse kinnitamiseks ees<\/li>\n<li>lisavarustuse kinnituskohad k\u00fclgedel<\/li>\n<li>t\u00f5mblukuga tasku pealmises kaanes<\/li>\n<li>puusarihm Berghaus klambriga<\/li>\n<li>pehmendatud reguleeritava pikkusega \u00f5larihmad<\/li>\n<li>eemaldatavad k\u00fcljetaskud mahuga ca 20L<\/li>\n<li>l\u00e4bipaistev ID tasku \u00fclemises osas<\/li>\n<\/ul>\n<p style=\"text-align: justify;\"><strong>M\u00f5\u00f5dud:<\/strong> ca 56 x 35 x 32cm<\/p>\n<p style=\"text-align: justify;\"><strong>Kaal:<\/strong> ca 1,35kg (koos k\u00fcljetaskutega)<\/p>\n<p style=\"text-align: justify;\"><strong>Maht:<\/strong> 45L<\/p>\n<p><strong>NB! Seljakott on m\u00fc\u00fcgil koos k\u00fcljetaskutega<\/strong><\/p>\n<p style=\"text-align: justify;\"><strong>Seisukord:<\/strong><\/p>\n<ul>\n<li>uus (v\u00f5ib sisaldada hulgiladustamise j\u00e4lgi)<\/li>\n<li>uuev\u00e4\u00e4rne (sisaldab minimaalseid kulumisj\u00e4lgi, v\u00f5ib olla kergelt m\u00e4\u00e4rdunud)<\/li>\n<li>kasutatud, Grade 1 (sisaldab m\u00f5\u00f5dukaid kulumisj\u00e4lgi, v\u00f5ib olla kergelt m\u00e4\u00e4rdunud ning sisaldada v\u00e4iksemaid vigastusi)<\/li>\n<\/ul>\n","protected":false},"excerpt":{"rendered":"<p>Hollandi Armee Berghaus Centurio 45 MMPS seljakott k\u00fcljetaskutega, bee\u017e<\/p>\n","protected":false},"featured_media":69172,"template":"","meta":[],"product_brand":[],"product_cat":[3539],"product_tag":[],"class_list":{"0":"post-69163","1":"product","2":"type-product","3":"status-publish","4":"has-post-thumbnail","6":"product_cat-seljakotid","7":"pa_brand-berghaus-2","8":"pa_condition-kasutatud-grade-1","9":"pa_condition-uuevaarne","10":"pa_condition-uus","12":"first","13":"outofstock","14":"taxable","15":"shipping-taxable","16":"product-type-variable"},"yoast_head":"<!-- This site is optimized with the Yoast SEO plugin v27.2 - https:\/\/yoast.com\/product\/yoast-seo-wordpress\/ -->\n<title>BERGHAUS Centurio 30 MMPS seljakott - outdoors.ee<\/title>\n<meta name=\"description\" content=\"Originaalne Berghaus Centurio 30 MMPS (Multi Mission Pack System) seljakott Hollandi s\u00f5jav\u00e4e laovarudest. Toodetud vastupidavast tekstureeritud nailonist (Ardura 1000D). Omadused: kerge ja tugev integreeritud alumiiniumist seljaraam pehmendatud seljaosa Molle paneelid lisavarustuse kinnitamiseks ees lisavarustuse kinnituskohad k\u00fclgedel t\u00f5mblukuga tasku kaanes puusarihm Berghaus klambriga pehmendatud reguleeritava pikkusega \u00f5larihmad eemaldatavad k\u00fcljetaskud mahuga ca 20L NB! M\u00fc\u00fcgil ILMA k\u00fcljetaskuteta! Molle paneelid v\u00f5ivad olla rohelist v\u00f5i musta v\u00e4rvi. M\u00f5\u00f5dud: ca 54 x 26 x 31cm Kaal: ca 1,8kg (koos k\u00fcljetaskutega) Maht: 30L (+ 20L k\u00fcljetaskutega) Seisukord: uus (v\u00f5ib sisaldada hulgiladustamise j\u00e4lgi) uuev\u00e4\u00e4rne (sisaldab vaid minimaalseid kulumisj\u00e4lgi, v\u00f5ib olla kergelt m\u00e4\u00e4rdunud) kasutatud, Grade 1 (t\u00e4isfunktsionaalne ja heas korras, sisaldab kergeid kulumisj\u00e4lgi ja v\u00f5ib olla m\u00e4\u00e4rdunud ning sisaldada pisemaid vigastusi)\" \/>\n<meta name=\"robots\" content=\"index, follow, max-snippet:-1, max-image-preview:large, max-video-preview:-1\" \/>\n<link rel=\"canonical\" href=\"https:\/\/www.outdoors.ee\/et\/toode\/berghaus-centurio-45-mmps-seljakott-coyote-brown\/\" \/>\n<meta property=\"og:locale\" content=\"et_EE\" \/>\n<meta property=\"og:type\" content=\"article\" \/>\n<meta property=\"og:title\" content=\"BERGHAUS Centurio 30 MMPS seljakott\" \/>\n<meta property=\"og:description\" content=\"Originaalne Berghaus Centurio 30 MMPS (Multi Mission Pack System) seljakott Hollandi s\u00f5jav\u00e4e laovarudest. Toodetud vastupidavast tekstureeritud nailonist (Ardura 1000D). Omadused: kerge ja tugev integreeritud alumiiniumist seljaraam pehmendatud seljaosa Molle paneelid lisavarustuse kinnitamiseks ees lisavarustuse kinnituskohad k\u00fclgedel t\u00f5mblukuga tasku kaanes puusarihm Berghaus klambriga pehmendatud reguleeritava pikkusega \u00f5larihmad eemaldatavad k\u00fcljetaskud mahuga ca 20L NB! M\u00fc\u00fcgil ILMA k\u00fcljetaskuteta! Molle paneelid v\u00f5ivad olla rohelist v\u00f5i musta v\u00e4rvi. M\u00f5\u00f5dud: ca 54 x 26 x 31cm Kaal: ca 1,8kg (koos k\u00fcljetaskutega) Maht: 30L (+ 20L k\u00fcljetaskutega) Seisukord: uus (v\u00f5ib sisaldada hulgiladustamise j\u00e4lgi) uuev\u00e4\u00e4rne (sisaldab vaid minimaalseid kulumisj\u00e4lgi, v\u00f5ib olla kergelt m\u00e4\u00e4rdunud) kasutatud, Grade 1 (t\u00e4isfunktsionaalne ja heas korras, sisaldab kergeid kulumisj\u00e4lgi ja v\u00f5ib olla m\u00e4\u00e4rdunud ning sisaldada pisemaid vigastusi)\" \/>\n<meta property=\"og:url\" content=\"https:\/\/www.outdoors.ee\/et\/toode\/berghaus-centurio-45-mmps-seljakott-coyote-brown\/\" \/>\n<meta property=\"og:site_name\" content=\"Outdoors\" \/>\n<meta property=\"article:modified_time\" content=\"2022-06-21T14:23:46+00:00\" \/>\n<meta property=\"og:image\" content=\"https:\/\/www.outdoors.ee\/wp-content\/uploads\/2022\/06\/2542-BERGHAUS-Centurio-45-MMPS-Backpack-Coyote-Brown-1.jpg\" \/>\n\t<meta property=\"og:image:width\" content=\"750\" \/>\n\t<meta property=\"og:image:height\" content=\"800\" \/>\n\t<meta property=\"og:image:type\" content=\"image\/jpeg\" \/>\n<meta name=\"twitter:card\" content=\"summary_large_image\" \/>\n<meta name=\"twitter:title\" content=\"BERGHAUS Centurio 30 MMPS seljakott\" \/>\n<meta name=\"twitter:label1\" content=\"Est. reading time\" \/>\n\t<meta name=\"twitter:data1\" content=\"1 minut\" \/>\n<script type=\"application\/ld+json\" class=\"yoast-schema-graph\">{\"@context\":\"https:\/\/schema.org\",\"@graph\":[{\"@type\":\"WebPage\",\"@id\":\"https:\/\/www.outdoors.ee\/et\/toode\/berghaus-centurio-45-mmps-seljakott-coyote-brown\/\",\"url\":\"https:\/\/www.outdoors.ee\/et\/toode\/berghaus-centurio-45-mmps-seljakott-coyote-brown\/\",\"name\":\"BERGHAUS Centurio 30 MMPS seljakott - outdoors.ee\",\"isPartOf\":{\"@id\":\"https:\/\/www.outdoors.ee\/#website\"},\"primaryImageOfPage\":{\"@id\":\"https:\/\/www.outdoors.ee\/et\/toode\/berghaus-centurio-45-mmps-seljakott-coyote-brown\/#primaryimage\"},\"image\":{\"@id\":\"https:\/\/www.outdoors.ee\/et\/toode\/berghaus-centurio-45-mmps-seljakott-coyote-brown\/#primaryimage\"},\"thumbnailUrl\":\"https:\/\/www.outdoors.ee\/wp-content\/uploads\/2022\/06\/2542-BERGHAUS-Centurio-45-MMPS-Backpack-Coyote-Brown-1.jpg\",\"datePublished\":\"2022-06-21T14:06:05+00:00\",\"dateModified\":\"2022-06-21T14:23:46+00:00\",\"description\":\"Originaalne Berghaus Centurio 30 MMPS (Multi Mission Pack System) seljakott Hollandi s\u00f5jav\u00e4e laovarudest. Toodetud vastupidavast tekstureeritud nailonist (Ardura 1000D). Omadused: kerge ja tugev integreeritud alumiiniumist seljaraam pehmendatud seljaosa Molle paneelid lisavarustuse kinnitamiseks ees lisavarustuse kinnituskohad k\u00fclgedel t\u00f5mblukuga tasku kaanes puusarihm Berghaus klambriga pehmendatud reguleeritava pikkusega \u00f5larihmad eemaldatavad k\u00fcljetaskud mahuga ca 20L NB! M\u00fc\u00fcgil ILMA k\u00fcljetaskuteta! Molle paneelid v\u00f5ivad olla rohelist v\u00f5i musta v\u00e4rvi. M\u00f5\u00f5dud: ca 54 x 26 x 31cm Kaal: ca 1,8kg (koos k\u00fcljetaskutega) Maht: 30L (+ 20L k\u00fcljetaskutega) Seisukord: uus (v\u00f5ib sisaldada hulgiladustamise j\u00e4lgi) uuev\u00e4\u00e4rne (sisaldab vaid minimaalseid kulumisj\u00e4lgi, v\u00f5ib olla kergelt m\u00e4\u00e4rdunud) kasutatud, Grade 1 (t\u00e4isfunktsionaalne ja heas korras, sisaldab kergeid kulumisj\u00e4lgi ja v\u00f5ib olla m\u00e4\u00e4rdunud ning sisaldada pisemaid vigastusi)\",\"breadcrumb\":{\"@id\":\"https:\/\/www.outdoors.ee\/et\/toode\/berghaus-centurio-45-mmps-seljakott-coyote-brown\/#breadcrumb\"},\"inLanguage\":\"et\",\"potentialAction\":[{\"@type\":\"ReadAction\",\"target\":[\"https:\/\/www.outdoors.ee\/et\/toode\/berghaus-centurio-45-mmps-seljakott-coyote-brown\/\"]}]},{\"@type\":\"ImageObject\",\"inLanguage\":\"et\",\"@id\":\"https:\/\/www.outdoors.ee\/et\/toode\/berghaus-centurio-45-mmps-seljakott-coyote-brown\/#primaryimage\",\"url\":\"https:\/\/www.outdoors.ee\/wp-content\/uploads\/2022\/06\/2542-BERGHAUS-Centurio-45-MMPS-Backpack-Coyote-Brown-1.jpg\",\"contentUrl\":\"https:\/\/www.outdoors.ee\/wp-content\/uploads\/2022\/06\/2542-BERGHAUS-Centurio-45-MMPS-Backpack-Coyote-Brown-1.jpg\",\"width\":750,\"height\":800},{\"@type\":\"BreadcrumbList\",\"@id\":\"https:\/\/www.outdoors.ee\/et\/toode\/berghaus-centurio-45-mmps-seljakott-coyote-brown\/#breadcrumb\",\"itemListElement\":[{\"@type\":\"ListItem\",\"position\":1,\"name\":\"Home\",\"item\":\"https:\/\/www.outdoors.ee\/et\/\"},{\"@type\":\"ListItem\",\"position\":2,\"name\":\"Tooted\",\"item\":\"https:\/\/www.outdoors.ee\/products\/\"},{\"@type\":\"ListItem\",\"position\":3,\"name\":\"BERGHAUS Centurio 45 MMPS seljakott Coyote Brown\"}]},{\"@type\":\"WebSite\",\"@id\":\"https:\/\/www.outdoors.ee\/#website\",\"url\":\"https:\/\/www.outdoors.ee\/\",\"name\":\"Outdoors\",\"description\":\"Genuine military surplus and not only!\",\"potentialAction\":[{\"@type\":\"SearchAction\",\"target\":{\"@type\":\"EntryPoint\",\"urlTemplate\":\"https:\/\/www.outdoors.ee\/?s={search_term_string}\"},\"query-input\":{\"@type\":\"PropertyValueSpecification\",\"valueRequired\":true,\"valueName\":\"search_term_string\"}}],\"inLanguage\":\"et\"}]}<\/script>\n<!-- \/ Yoast SEO plugin. -->","yoast_head_json":{"title":"BERGHAUS Centurio 30 MMPS seljakott - outdoors.ee","description":"Originaalne Berghaus Centurio 30 MMPS (Multi Mission Pack System) seljakott Hollandi s\u00f5jav\u00e4e laovarudest. Toodetud vastupidavast tekstureeritud nailonist (Ardura 1000D). Omadused: kerge ja tugev integreeritud alumiiniumist seljaraam pehmendatud seljaosa Molle paneelid lisavarustuse kinnitamiseks ees lisavarustuse kinnituskohad k\u00fclgedel t\u00f5mblukuga tasku kaanes puusarihm Berghaus klambriga pehmendatud reguleeritava pikkusega \u00f5larihmad eemaldatavad k\u00fcljetaskud mahuga ca 20L NB! M\u00fc\u00fcgil ILMA k\u00fcljetaskuteta! Molle paneelid v\u00f5ivad olla rohelist v\u00f5i musta v\u00e4rvi. M\u00f5\u00f5dud: ca 54 x 26 x 31cm Kaal: ca 1,8kg (koos k\u00fcljetaskutega) Maht: 30L (+ 20L k\u00fcljetaskutega) Seisukord: uus (v\u00f5ib sisaldada hulgiladustamise j\u00e4lgi) uuev\u00e4\u00e4rne (sisaldab vaid minimaalseid kulumisj\u00e4lgi, v\u00f5ib olla kergelt m\u00e4\u00e4rdunud) kasutatud, Grade 1 (t\u00e4isfunktsionaalne ja heas korras, sisaldab kergeid kulumisj\u00e4lgi ja v\u00f5ib olla m\u00e4\u00e4rdunud ning sisaldada pisemaid vigastusi)","robots":{"index":"index","follow":"follow","max-snippet":"max-snippet:-1","max-image-preview":"max-image-preview:large","max-video-preview":"max-video-preview:-1"},"canonical":"https:\/\/www.outdoors.ee\/et\/toode\/berghaus-centurio-45-mmps-seljakott-coyote-brown\/","og_locale":"et_EE","og_type":"article","og_title":"BERGHAUS Centurio 30 MMPS seljakott","og_description":"Originaalne Berghaus Centurio 30 MMPS (Multi Mission Pack System) seljakott Hollandi s\u00f5jav\u00e4e laovarudest. Toodetud vastupidavast tekstureeritud nailonist (Ardura 1000D). Omadused: kerge ja tugev integreeritud alumiiniumist seljaraam pehmendatud seljaosa Molle paneelid lisavarustuse kinnitamiseks ees lisavarustuse kinnituskohad k\u00fclgedel t\u00f5mblukuga tasku kaanes puusarihm Berghaus klambriga pehmendatud reguleeritava pikkusega \u00f5larihmad eemaldatavad k\u00fcljetaskud mahuga ca 20L NB! M\u00fc\u00fcgil ILMA k\u00fcljetaskuteta! Molle paneelid v\u00f5ivad olla rohelist v\u00f5i musta v\u00e4rvi. M\u00f5\u00f5dud: ca 54 x 26 x 31cm Kaal: ca 1,8kg (koos k\u00fcljetaskutega) Maht: 30L (+ 20L k\u00fcljetaskutega) Seisukord: uus (v\u00f5ib sisaldada hulgiladustamise j\u00e4lgi) uuev\u00e4\u00e4rne (sisaldab vaid minimaalseid kulumisj\u00e4lgi, v\u00f5ib olla kergelt m\u00e4\u00e4rdunud) kasutatud, Grade 1 (t\u00e4isfunktsionaalne ja heas korras, sisaldab kergeid kulumisj\u00e4lgi ja v\u00f5ib olla m\u00e4\u00e4rdunud ning sisaldada pisemaid vigastusi)","og_url":"https:\/\/www.outdoors.ee\/et\/toode\/berghaus-centurio-45-mmps-seljakott-coyote-brown\/","og_site_name":"Outdoors","article_modified_time":"2022-06-21T14:23:46+00:00","og_image":[{"width":750,"height":800,"url":"https:\/\/www.outdoors.ee\/wp-content\/uploads\/2022\/06\/2542-BERGHAUS-Centurio-45-MMPS-Backpack-Coyote-Brown-1.jpg","type":"image\/jpeg"}],"twitter_card":"summary_large_image","twitter_title":"BERGHAUS Centurio 30 MMPS seljakott","twitter_misc":{"Est. reading time":"1 minut"},"schema":{"@context":"https:\/\/schema.org","@graph":[{"@type":"WebPage","@id":"https:\/\/www.outdoors.ee\/et\/toode\/berghaus-centurio-45-mmps-seljakott-coyote-brown\/","url":"https:\/\/www.outdoors.ee\/et\/toode\/berghaus-centurio-45-mmps-seljakott-coyote-brown\/","name":"BERGHAUS Centurio 30 MMPS seljakott - outdoors.ee","isPartOf":{"@id":"https:\/\/www.outdoors.ee\/#website"},"primaryImageOfPage":{"@id":"https:\/\/www.outdoors.ee\/et\/toode\/berghaus-centurio-45-mmps-seljakott-coyote-brown\/#primaryimage"},"image":{"@id":"https:\/\/www.outdoors.ee\/et\/toode\/berghaus-centurio-45-mmps-seljakott-coyote-brown\/#primaryimage"},"thumbnailUrl":"https:\/\/www.outdoors.ee\/wp-content\/uploads\/2022\/06\/2542-BERGHAUS-Centurio-45-MMPS-Backpack-Coyote-Brown-1.jpg","datePublished":"2022-06-21T14:06:05+00:00","dateModified":"2022-06-21T14:23:46+00:00","description":"Originaalne Berghaus Centurio 30 MMPS (Multi Mission Pack System) seljakott Hollandi s\u00f5jav\u00e4e laovarudest. Toodetud vastupidavast tekstureeritud nailonist (Ardura 1000D). Omadused: kerge ja tugev integreeritud alumiiniumist seljaraam pehmendatud seljaosa Molle paneelid lisavarustuse kinnitamiseks ees lisavarustuse kinnituskohad k\u00fclgedel t\u00f5mblukuga tasku kaanes puusarihm Berghaus klambriga pehmendatud reguleeritava pikkusega \u00f5larihmad eemaldatavad k\u00fcljetaskud mahuga ca 20L NB! M\u00fc\u00fcgil ILMA k\u00fcljetaskuteta! Molle paneelid v\u00f5ivad olla rohelist v\u00f5i musta v\u00e4rvi. M\u00f5\u00f5dud: ca 54 x 26 x 31cm Kaal: ca 1,8kg (koos k\u00fcljetaskutega) Maht: 30L (+ 20L k\u00fcljetaskutega) Seisukord: uus (v\u00f5ib sisaldada hulgiladustamise j\u00e4lgi) uuev\u00e4\u00e4rne (sisaldab vaid minimaalseid kulumisj\u00e4lgi, v\u00f5ib olla kergelt m\u00e4\u00e4rdunud) kasutatud, Grade 1 (t\u00e4isfunktsionaalne ja heas korras, sisaldab kergeid kulumisj\u00e4lgi ja v\u00f5ib olla m\u00e4\u00e4rdunud ning sisaldada pisemaid vigastusi)","breadcrumb":{"@id":"https:\/\/www.outdoors.ee\/et\/toode\/berghaus-centurio-45-mmps-seljakott-coyote-brown\/#breadcrumb"},"inLanguage":"et","potentialAction":[{"@type":"ReadAction","target":["https:\/\/www.outdoors.ee\/et\/toode\/berghaus-centurio-45-mmps-seljakott-coyote-brown\/"]}]},{"@type":"ImageObject","inLanguage":"et","@id":"https:\/\/www.outdoors.ee\/et\/toode\/berghaus-centurio-45-mmps-seljakott-coyote-brown\/#primaryimage","url":"https:\/\/www.outdoors.ee\/wp-content\/uploads\/2022\/06\/2542-BERGHAUS-Centurio-45-MMPS-Backpack-Coyote-Brown-1.jpg","contentUrl":"https:\/\/www.outdoors.ee\/wp-content\/uploads\/2022\/06\/2542-BERGHAUS-Centurio-45-MMPS-Backpack-Coyote-Brown-1.jpg","width":750,"height":800},{"@type":"BreadcrumbList","@id":"https:\/\/www.outdoors.ee\/et\/toode\/berghaus-centurio-45-mmps-seljakott-coyote-brown\/#breadcrumb","itemListElement":[{"@type":"ListItem","position":1,"name":"Home","item":"https:\/\/www.outdoors.ee\/et\/"},{"@type":"ListItem","position":2,"name":"Tooted","item":"https:\/\/www.outdoors.ee\/products\/"},{"@type":"ListItem","position":3,"name":"BERGHAUS Centurio 45 MMPS seljakott Coyote Brown"}]},{"@type":"WebSite","@id":"https:\/\/www.outdoors.ee\/#website","url":"https:\/\/www.outdoors.ee\/","name":"Outdoors","description":"Genuine military surplus and not only!","potentialAction":[{"@type":"SearchAction","target":{"@type":"EntryPoint","urlTemplate":"https:\/\/www.outdoors.ee\/?s={search_term_string}"},"query-input":{"@type":"PropertyValueSpecification","valueRequired":true,"valueName":"search_term_string"}}],"inLanguage":"et"}]}},"_links":{"self":[{"href":"https:\/\/www.outdoors.ee\/et\/wp-json\/wp\/v2\/product\/69163","targetHints":{"allow":["GET"]}}],"collection":[{"href":"https:\/\/www.outdoors.ee\/et\/wp-json\/wp\/v2\/product"}],"about":[{"href":"https:\/\/www.outdoors.ee\/et\/wp-json\/wp\/v2\/types\/product"}],"wp:featuredmedia":[{"embeddable":true,"href":"https:\/\/www.outdoors.ee\/et\/wp-json\/wp\/v2\/media\/69172"}],"wp:attachment":[{"href":"https:\/\/www.outdoors.ee\/et\/wp-json\/wp\/v2\/media?parent=69163"}],"wp:term":[{"taxonomy":"product_brand","embeddable":true,"href":"https:\/\/www.outdoors.ee\/et\/wp-json\/wp\/v2\/product_brand?post=69163"},{"taxonomy":"product_cat","embeddable":true,"href":"https:\/\/www.outdoors.ee\/et\/wp-json\/wp\/v2\/product_cat?post=69163"},{"taxonomy":"product_tag","embeddable":true,"href":"https:\/\/www.outdoors.ee\/et\/wp-json\/wp\/v2\/product_tag?post=69163"}],"curies":[{"name":"wp","href":"https:\/\/api.w.org\/{rel}","templated":true}]}}