{"id":69044,"date":"2022-06-16T16:20:12","date_gmt":"2022-06-16T13:20:33","guid":{"rendered":"https:\/\/www.outdoors.ee\/?post_type=product&#038;p=69044"},"modified":"2025-07-01T08:58:54","modified_gmt":"2025-07-01T05:58:54","slug":"briti-armee-ripstop-valivormi-puksid-black","status":"publish","type":"product","link":"https:\/\/www.outdoors.ee\/et\/toode\/briti-armee-ripstop-valivormi-puksid-black\/","title":{"rendered":"Briti Armee Ripstop v\u00e4livormi p\u00fcksid Black"},"content":{"rendered":"<p>Briti s\u00f5jav\u00e4e originaal, mida v\u00e4ljastatakse s\u00f5jav\u00e4e politsei \u00fcksustele.<\/p>\n<p><strong>Omadused<\/strong>:<\/p>\n<ul>\n<li>Ripstop materjal<\/li>\n<li>t\u00f5mbluku ning n\u00f6\u00f6biga eest suletavad<\/li>\n<li>pingutusn\u00f6\u00f6ridega alt ning v\u00f6\u00f6kohas<\/li>\n<li>2 k\u00e4estaskut<\/li>\n<li>2 n\u00f6\u00f6biga suletavat reietaskut<\/li>\n<li>laiad v\u00f6\u00f6rihma aasad<\/li>\n<li>Kanada t\u00fc\u00fcpi n\u00f6\u00f6bid<\/li>\n<li>Materjal: 85% puuvill 15% pol\u00fcester<\/li>\n<\/ul>\n<p><strong>Suurus rippmen\u00fc\u00fcs:<\/strong> s\u00e4\u00e4re sisepikkus \/ v\u00f6\u00f6\u00fcmberm\u00f5\u00f5t \/ istmiku \u00fcmberm\u00f5\u00f5t, cm<\/p>\n<p><strong>Seisukord:\u00a0<\/strong><\/p>\n<ul>\n<li>uued (ilma j\u00e4em\u00fc\u00fcgipakendita, v\u00f5ivad sisaldada hulgiladustamise j\u00e4lgi)<\/li>\n<li>uuev\u00e4\u00e4rsed (sisaldavad kergeid kulumisj\u00e4lgi)<\/li>\n<li>kasutatud, Grade 1 (sisaldavad m\u00f5\u00f5dukaid kulumisj\u00e4lgi, v\u00f5ivad olla kergelt pleekinud ja\/v\u00f5i m\u00e4\u00e4rdunud ning sisaldada v\u00e4iksemaid vigastusi)<\/li>\n<\/ul>\n","protected":false},"excerpt":{"rendered":"<p>Briti Armee Ripstop v\u00e4livormi p\u00fcksid, must<\/p>\n","protected":false},"featured_media":69041,"template":"","meta":[],"product_brand":[],"product_cat":[111],"product_tag":[],"class_list":{"0":"post-69044","1":"product","2":"type-product","3":"status-publish","4":"has-post-thumbnail","6":"product_cat-puksid","7":"pa_brand-british-military-surplus","8":"pa_condition-kasutatud-grade-1","9":"pa_condition-uuevaarne","10":"pa_condition-uus","11":"pa_size-72-68-84-2","12":"pa_size-72-72-88-2","13":"pa_size-75-68-84-2","14":"pa_size-75-76-92-2","15":"pa_size-75-80-96-2","16":"pa_size-75-84-100-2","17":"pa_size-75-88-104-2","18":"pa_size-75-92-108-3","19":"pa_size-80-76-92-2","20":"pa_size-80-80-96-3","21":"pa_size-80-88-104-2","22":"pa_size-80-92-108-2","23":"pa_size-80-96-112-3","24":"pa_size-85-100-116-3","25":"pa_size-85-104-120-2","26":"pa_size-85-80-96-2","27":"pa_size-85-84-100-2","28":"pa_size-85-88-104-2","29":"pa_size-85-92-108-2","31":"first","32":"instock","33":"taxable","34":"shipping-taxable","35":"purchasable","36":"product-type-variable"},"yoast_head":"<!-- This site is optimized with the Yoast SEO plugin v27.2 - https:\/\/yoast.com\/product\/yoast-seo-wordpress\/ -->\n<title>Briti Armee Ripstop v\u00e4livormi p\u00fcksid Black - Outdoors<\/title>\n<meta name=\"robots\" content=\"index, follow, max-snippet:-1, max-image-preview:large, max-video-preview:-1\" \/>\n<link rel=\"canonical\" href=\"https:\/\/www.outdoors.ee\/et\/toode\/briti-armee-ripstop-valivormi-puksid-black\/\" \/>\n<meta property=\"og:locale\" content=\"et_EE\" \/>\n<meta property=\"og:type\" content=\"article\" \/>\n<meta property=\"og:title\" content=\"Briti Armee Ripstop v\u00e4livormi p\u00fcksid Black - Outdoors\" \/>\n<meta property=\"og:description\" content=\"Briti Armee Ripstop v\u00e4livormi p\u00fcksid, must\" \/>\n<meta property=\"og:url\" content=\"https:\/\/www.outdoors.ee\/et\/toode\/briti-armee-ripstop-valivormi-puksid-black\/\" \/>\n<meta property=\"og:site_name\" content=\"Outdoors\" \/>\n<meta property=\"article:modified_time\" content=\"2025-07-01T05:58:54+00:00\" \/>\n<meta property=\"og:image\" content=\"https:\/\/www.outdoors.ee\/wp-content\/uploads\/2022\/06\/1111-British-Army-Ripstop-Field-Trousers-Black-1-scaled.jpg\" \/>\n\t<meta property=\"og:image:width\" content=\"1707\" \/>\n\t<meta property=\"og:image:height\" content=\"2560\" \/>\n\t<meta property=\"og:image:type\" content=\"image\/jpeg\" \/>\n<meta name=\"twitter:card\" content=\"summary_large_image\" \/>\n<meta name=\"twitter:label1\" content=\"Est. reading time\" \/>\n\t<meta name=\"twitter:data1\" content=\"1 minut\" \/>\n<script type=\"application\/ld+json\" class=\"yoast-schema-graph\">{\"@context\":\"https:\/\/schema.org\",\"@graph\":[{\"@type\":\"WebPage\",\"@id\":\"https:\/\/www.outdoors.ee\/et\/toode\/briti-armee-ripstop-valivormi-puksid-black\/\",\"url\":\"https:\/\/www.outdoors.ee\/et\/toode\/briti-armee-ripstop-valivormi-puksid-black\/\",\"name\":\"Briti Armee Ripstop v\u00e4livormi p\u00fcksid Black - Outdoors\",\"isPartOf\":{\"@id\":\"https:\/\/www.outdoors.ee\/#website\"},\"primaryImageOfPage\":{\"@id\":\"https:\/\/www.outdoors.ee\/et\/toode\/briti-armee-ripstop-valivormi-puksid-black\/#primaryimage\"},\"image\":{\"@id\":\"https:\/\/www.outdoors.ee\/et\/toode\/briti-armee-ripstop-valivormi-puksid-black\/#primaryimage\"},\"thumbnailUrl\":\"https:\/\/www.outdoors.ee\/wp-content\/uploads\/2022\/06\/1111-British-Army-Ripstop-Field-Trousers-Black-1-scaled.jpg\",\"datePublished\":\"2022-06-16T13:20:33+00:00\",\"dateModified\":\"2025-07-01T05:58:54+00:00\",\"breadcrumb\":{\"@id\":\"https:\/\/www.outdoors.ee\/et\/toode\/briti-armee-ripstop-valivormi-puksid-black\/#breadcrumb\"},\"inLanguage\":\"et\",\"potentialAction\":[{\"@type\":\"ReadAction\",\"target\":[\"https:\/\/www.outdoors.ee\/et\/toode\/briti-armee-ripstop-valivormi-puksid-black\/\"]}]},{\"@type\":\"ImageObject\",\"inLanguage\":\"et\",\"@id\":\"https:\/\/www.outdoors.ee\/et\/toode\/briti-armee-ripstop-valivormi-puksid-black\/#primaryimage\",\"url\":\"https:\/\/www.outdoors.ee\/wp-content\/uploads\/2022\/06\/1111-British-Army-Ripstop-Field-Trousers-Black-1-scaled.jpg\",\"contentUrl\":\"https:\/\/www.outdoors.ee\/wp-content\/uploads\/2022\/06\/1111-British-Army-Ripstop-Field-Trousers-Black-1-scaled.jpg\",\"width\":1707,\"height\":2560},{\"@type\":\"BreadcrumbList\",\"@id\":\"https:\/\/www.outdoors.ee\/et\/toode\/briti-armee-ripstop-valivormi-puksid-black\/#breadcrumb\",\"itemListElement\":[{\"@type\":\"ListItem\",\"position\":1,\"name\":\"Home\",\"item\":\"https:\/\/www.outdoors.ee\/et\/\"},{\"@type\":\"ListItem\",\"position\":2,\"name\":\"Tooted\",\"item\":\"https:\/\/www.outdoors.ee\/products\/\"},{\"@type\":\"ListItem\",\"position\":3,\"name\":\"Briti Armee Ripstop v\u00e4livormi p\u00fcksid Black\"}]},{\"@type\":\"WebSite\",\"@id\":\"https:\/\/www.outdoors.ee\/#website\",\"url\":\"https:\/\/www.outdoors.ee\/\",\"name\":\"Outdoors\",\"description\":\"Genuine military surplus and not only!\",\"potentialAction\":[{\"@type\":\"SearchAction\",\"target\":{\"@type\":\"EntryPoint\",\"urlTemplate\":\"https:\/\/www.outdoors.ee\/?s={search_term_string}\"},\"query-input\":{\"@type\":\"PropertyValueSpecification\",\"valueRequired\":true,\"valueName\":\"search_term_string\"}}],\"inLanguage\":\"et\"}]}<\/script>\n<!-- \/ Yoast SEO plugin. -->","yoast_head_json":{"title":"Briti Armee Ripstop v\u00e4livormi p\u00fcksid Black - Outdoors","robots":{"index":"index","follow":"follow","max-snippet":"max-snippet:-1","max-image-preview":"max-image-preview:large","max-video-preview":"max-video-preview:-1"},"canonical":"https:\/\/www.outdoors.ee\/et\/toode\/briti-armee-ripstop-valivormi-puksid-black\/","og_locale":"et_EE","og_type":"article","og_title":"Briti Armee Ripstop v\u00e4livormi p\u00fcksid Black - Outdoors","og_description":"Briti Armee Ripstop v\u00e4livormi p\u00fcksid, must","og_url":"https:\/\/www.outdoors.ee\/et\/toode\/briti-armee-ripstop-valivormi-puksid-black\/","og_site_name":"Outdoors","article_modified_time":"2025-07-01T05:58:54+00:00","og_image":[{"width":1707,"height":2560,"url":"https:\/\/www.outdoors.ee\/wp-content\/uploads\/2022\/06\/1111-British-Army-Ripstop-Field-Trousers-Black-1-scaled.jpg","type":"image\/jpeg"}],"twitter_card":"summary_large_image","twitter_misc":{"Est. reading time":"1 minut"},"schema":{"@context":"https:\/\/schema.org","@graph":[{"@type":"WebPage","@id":"https:\/\/www.outdoors.ee\/et\/toode\/briti-armee-ripstop-valivormi-puksid-black\/","url":"https:\/\/www.outdoors.ee\/et\/toode\/briti-armee-ripstop-valivormi-puksid-black\/","name":"Briti Armee Ripstop v\u00e4livormi p\u00fcksid Black - Outdoors","isPartOf":{"@id":"https:\/\/www.outdoors.ee\/#website"},"primaryImageOfPage":{"@id":"https:\/\/www.outdoors.ee\/et\/toode\/briti-armee-ripstop-valivormi-puksid-black\/#primaryimage"},"image":{"@id":"https:\/\/www.outdoors.ee\/et\/toode\/briti-armee-ripstop-valivormi-puksid-black\/#primaryimage"},"thumbnailUrl":"https:\/\/www.outdoors.ee\/wp-content\/uploads\/2022\/06\/1111-British-Army-Ripstop-Field-Trousers-Black-1-scaled.jpg","datePublished":"2022-06-16T13:20:33+00:00","dateModified":"2025-07-01T05:58:54+00:00","breadcrumb":{"@id":"https:\/\/www.outdoors.ee\/et\/toode\/briti-armee-ripstop-valivormi-puksid-black\/#breadcrumb"},"inLanguage":"et","potentialAction":[{"@type":"ReadAction","target":["https:\/\/www.outdoors.ee\/et\/toode\/briti-armee-ripstop-valivormi-puksid-black\/"]}]},{"@type":"ImageObject","inLanguage":"et","@id":"https:\/\/www.outdoors.ee\/et\/toode\/briti-armee-ripstop-valivormi-puksid-black\/#primaryimage","url":"https:\/\/www.outdoors.ee\/wp-content\/uploads\/2022\/06\/1111-British-Army-Ripstop-Field-Trousers-Black-1-scaled.jpg","contentUrl":"https:\/\/www.outdoors.ee\/wp-content\/uploads\/2022\/06\/1111-British-Army-Ripstop-Field-Trousers-Black-1-scaled.jpg","width":1707,"height":2560},{"@type":"BreadcrumbList","@id":"https:\/\/www.outdoors.ee\/et\/toode\/briti-armee-ripstop-valivormi-puksid-black\/#breadcrumb","itemListElement":[{"@type":"ListItem","position":1,"name":"Home","item":"https:\/\/www.outdoors.ee\/et\/"},{"@type":"ListItem","position":2,"name":"Tooted","item":"https:\/\/www.outdoors.ee\/products\/"},{"@type":"ListItem","position":3,"name":"Briti Armee Ripstop v\u00e4livormi p\u00fcksid Black"}]},{"@type":"WebSite","@id":"https:\/\/www.outdoors.ee\/#website","url":"https:\/\/www.outdoors.ee\/","name":"Outdoors","description":"Genuine military surplus and not only!","potentialAction":[{"@type":"SearchAction","target":{"@type":"EntryPoint","urlTemplate":"https:\/\/www.outdoors.ee\/?s={search_term_string}"},"query-input":{"@type":"PropertyValueSpecification","valueRequired":true,"valueName":"search_term_string"}}],"inLanguage":"et"}]}},"_links":{"self":[{"href":"https:\/\/www.outdoors.ee\/et\/wp-json\/wp\/v2\/product\/69044","targetHints":{"allow":["GET"]}}],"collection":[{"href":"https:\/\/www.outdoors.ee\/et\/wp-json\/wp\/v2\/product"}],"about":[{"href":"https:\/\/www.outdoors.ee\/et\/wp-json\/wp\/v2\/types\/product"}],"wp:featuredmedia":[{"embeddable":true,"href":"https:\/\/www.outdoors.ee\/et\/wp-json\/wp\/v2\/media\/69041"}],"wp:attachment":[{"href":"https:\/\/www.outdoors.ee\/et\/wp-json\/wp\/v2\/media?parent=69044"}],"wp:term":[{"taxonomy":"product_brand","embeddable":true,"href":"https:\/\/www.outdoors.ee\/et\/wp-json\/wp\/v2\/product_brand?post=69044"},{"taxonomy":"product_cat","embeddable":true,"href":"https:\/\/www.outdoors.ee\/et\/wp-json\/wp\/v2\/product_cat?post=69044"},{"taxonomy":"product_tag","embeddable":true,"href":"https:\/\/www.outdoors.ee\/et\/wp-json\/wp\/v2\/product_tag?post=69044"}],"curies":[{"name":"wp","href":"https:\/\/api.w.org\/{rel}","templated":true}]}}