{"id":68987,"date":"2022-06-16T13:10:16","date_gmt":"2022-06-16T10:10:16","guid":{"rendered":"https:\/\/www.outdoors.ee\/?post_type=product&#038;p=68987"},"modified":"2026-03-10T09:26:54","modified_gmt":"2026-03-10T07:26:54","slug":"briti-armee-ripstop-valivormi-jope-black","status":"publish","type":"product","link":"https:\/\/www.outdoors.ee\/et\/toode\/briti-armee-ripstop-valivormi-jope-black\/","title":{"rendered":"Briti Armee Ripstop v\u00e4livormi jope Black"},"content":{"rendered":"<p>Briti s\u00f5jav\u00e4e originaal, mida v\u00e4ljastatakse s\u00f5jav\u00e4e politsei \u00fcksustele. Mudelilt sarnane teise Briti s\u00f5jav\u00e4e v\u00e4livormi parkaga &#8211; Windproof Combat Smock.<\/p>\n<p><strong>Omadused<\/strong>:<\/p>\n<ul>\n<li>tuulekindel Ripstop materjal, ilma sisevoodrita<\/li>\n<li>massiivne kahesuunaline t\u00f5mblukk takjapaela abil suletava tormklapiga<\/li>\n<li>4 suurt n\u00f6\u00f6biga suletavat taskut ees<\/li>\n<li>raadiosaatja kinnituspaelad rinnal<\/li>\n<li>n\u00f6\u00f6biga suletavad auastme eraldusm\u00e4rgi klapid \u00f5lgadel<\/li>\n<li>2 suurt vertikaalse t\u00f5mblukuga suletavat rinnataskut<\/li>\n<li>suur traadiga ning pingutusn\u00f6\u00f6riga kapuuts<\/li>\n<li>v\u00f6\u00f6koha ning alumise \u00e4\u00e4re pingutusn\u00f6\u00f6rid<\/li>\n<li>takjapaela abil reguleeritavad mansetid<\/li>\n<li>Kanada t\u00fc\u00fcpi n\u00f6\u00f6bid<\/li>\n<li>Materjal: 85% puuvill 15% pol\u00fcester<\/li>\n<\/ul>\n<p><strong>Suurus<\/strong> rippmen\u00fc\u00fcs, cm: pikkus \/ rinna\u00fcmberm\u00f5\u00f5t<\/p>\n<p>NB! <span class=\"Y2IQFc\" lang=\"et\">See toode kipub olema suurem. Soovitame valida seda pigem v\u00e4iksemas suuruses.<\/span><\/p>\n<p><strong>Seisukord:<\/strong><\/p>\n<ul>\n<li>uus (ilma j\u00e4em\u00fc\u00fcgipakendita, v\u00f5ib sisaldada hulgiladustamise j\u00e4lgi)<\/li>\n<li>uuev\u00e4\u00e4rne (sisaldab kergeid kulumisj\u00e4lgi)<\/li>\n<li>kasutatud, Grade 1 (sisaldab m\u00f5\u00f5dukaid kulumisj\u00e4lgi, v\u00f5ib olla kergelt pleekinud ja\/v\u00f5i m\u00e4\u00e4rdunud)<\/li>\n<\/ul>\n","protected":false},"excerpt":{"rendered":"<p>Briti Armee Ripstop v\u00e4livormi jope, must<\/p>\n","protected":false},"featured_media":68989,"template":"","meta":[],"product_brand":[],"product_cat":[101],"product_tag":[],"class_list":{"0":"post-68987","1":"product","2":"type-product","3":"status-publish","4":"has-post-thumbnail","6":"product_cat-joped-parkad","7":"pa_brand-british-military-surplus","8":"pa_condition-kasutatud-grade-1","9":"pa_condition-uuevaarne","10":"pa_condition-uus","11":"pa_size-160-88-3","12":"pa_size-160-96-2","13":"pa_size-170-104-2","14":"pa_size-170-112-2","15":"pa_size-170-88-2","16":"pa_size-170-96-2","17":"pa_size-180-104-2","18":"pa_size-180-112-2","19":"pa_size-180-96-2","20":"pa_size-190-112-2","21":"pa_size-190-120-2","22":"pa_size-190-96-2","24":"first","25":"instock","26":"taxable","27":"shipping-taxable","28":"purchasable","29":"product-type-variable"},"yoast_head":"<!-- This site is optimized with the Yoast SEO plugin v27.2 - https:\/\/yoast.com\/product\/yoast-seo-wordpress\/ -->\n<title>Briti Armee Ripstop v\u00e4livormi jope Black - Outdoors<\/title>\n<meta name=\"robots\" content=\"index, follow, max-snippet:-1, max-image-preview:large, max-video-preview:-1\" \/>\n<link rel=\"canonical\" href=\"https:\/\/www.outdoors.ee\/et\/toode\/briti-armee-ripstop-valivormi-jope-black\/\" \/>\n<meta property=\"og:locale\" content=\"et_EE\" \/>\n<meta property=\"og:type\" content=\"article\" \/>\n<meta property=\"og:title\" content=\"Briti Armee Ripstop v\u00e4livormi jope Black - Outdoors\" \/>\n<meta property=\"og:description\" content=\"Briti Armee Ripstop v\u00e4livormi jope, must\" \/>\n<meta property=\"og:url\" content=\"https:\/\/www.outdoors.ee\/et\/toode\/briti-armee-ripstop-valivormi-jope-black\/\" \/>\n<meta property=\"og:site_name\" content=\"Outdoors\" \/>\n<meta property=\"article:modified_time\" content=\"2026-03-10T07:26:54+00:00\" \/>\n<meta property=\"og:image\" content=\"https:\/\/www.outdoors.ee\/wp-content\/uploads\/2022\/06\/1105-British-Army-Ripstop-Field-Jacket-Black-1.jpg\" \/>\n\t<meta property=\"og:image:width\" content=\"1900\" \/>\n\t<meta property=\"og:image:height\" content=\"2200\" \/>\n\t<meta property=\"og:image:type\" content=\"image\/jpeg\" \/>\n<meta name=\"twitter:card\" content=\"summary_large_image\" \/>\n<meta name=\"twitter:label1\" content=\"Est. reading time\" \/>\n\t<meta name=\"twitter:data1\" content=\"1 minut\" \/>\n<script type=\"application\/ld+json\" class=\"yoast-schema-graph\">{\"@context\":\"https:\/\/schema.org\",\"@graph\":[{\"@type\":\"WebPage\",\"@id\":\"https:\/\/www.outdoors.ee\/et\/toode\/briti-armee-ripstop-valivormi-jope-black\/\",\"url\":\"https:\/\/www.outdoors.ee\/et\/toode\/briti-armee-ripstop-valivormi-jope-black\/\",\"name\":\"Briti Armee Ripstop v\u00e4livormi jope Black - Outdoors\",\"isPartOf\":{\"@id\":\"https:\/\/www.outdoors.ee\/#website\"},\"primaryImageOfPage\":{\"@id\":\"https:\/\/www.outdoors.ee\/et\/toode\/briti-armee-ripstop-valivormi-jope-black\/#primaryimage\"},\"image\":{\"@id\":\"https:\/\/www.outdoors.ee\/et\/toode\/briti-armee-ripstop-valivormi-jope-black\/#primaryimage\"},\"thumbnailUrl\":\"https:\/\/www.outdoors.ee\/wp-content\/uploads\/2022\/06\/1105-British-Army-Ripstop-Field-Jacket-Black-1.jpg\",\"datePublished\":\"2022-06-16T10:10:16+00:00\",\"dateModified\":\"2026-03-10T07:26:54+00:00\",\"breadcrumb\":{\"@id\":\"https:\/\/www.outdoors.ee\/et\/toode\/briti-armee-ripstop-valivormi-jope-black\/#breadcrumb\"},\"inLanguage\":\"et\",\"potentialAction\":[{\"@type\":\"ReadAction\",\"target\":[\"https:\/\/www.outdoors.ee\/et\/toode\/briti-armee-ripstop-valivormi-jope-black\/\"]}]},{\"@type\":\"ImageObject\",\"inLanguage\":\"et\",\"@id\":\"https:\/\/www.outdoors.ee\/et\/toode\/briti-armee-ripstop-valivormi-jope-black\/#primaryimage\",\"url\":\"https:\/\/www.outdoors.ee\/wp-content\/uploads\/2022\/06\/1105-British-Army-Ripstop-Field-Jacket-Black-1.jpg\",\"contentUrl\":\"https:\/\/www.outdoors.ee\/wp-content\/uploads\/2022\/06\/1105-British-Army-Ripstop-Field-Jacket-Black-1.jpg\",\"width\":1900,\"height\":2200},{\"@type\":\"BreadcrumbList\",\"@id\":\"https:\/\/www.outdoors.ee\/et\/toode\/briti-armee-ripstop-valivormi-jope-black\/#breadcrumb\",\"itemListElement\":[{\"@type\":\"ListItem\",\"position\":1,\"name\":\"Home\",\"item\":\"https:\/\/www.outdoors.ee\/et\/\"},{\"@type\":\"ListItem\",\"position\":2,\"name\":\"Tooted\",\"item\":\"https:\/\/www.outdoors.ee\/products\/\"},{\"@type\":\"ListItem\",\"position\":3,\"name\":\"Briti Armee Ripstop v\u00e4livormi jope Black\"}]},{\"@type\":\"WebSite\",\"@id\":\"https:\/\/www.outdoors.ee\/#website\",\"url\":\"https:\/\/www.outdoors.ee\/\",\"name\":\"Outdoors\",\"description\":\"Genuine military surplus and not only!\",\"potentialAction\":[{\"@type\":\"SearchAction\",\"target\":{\"@type\":\"EntryPoint\",\"urlTemplate\":\"https:\/\/www.outdoors.ee\/?s={search_term_string}\"},\"query-input\":{\"@type\":\"PropertyValueSpecification\",\"valueRequired\":true,\"valueName\":\"search_term_string\"}}],\"inLanguage\":\"et\"}]}<\/script>\n<!-- \/ Yoast SEO plugin. -->","yoast_head_json":{"title":"Briti Armee Ripstop v\u00e4livormi jope Black - Outdoors","robots":{"index":"index","follow":"follow","max-snippet":"max-snippet:-1","max-image-preview":"max-image-preview:large","max-video-preview":"max-video-preview:-1"},"canonical":"https:\/\/www.outdoors.ee\/et\/toode\/briti-armee-ripstop-valivormi-jope-black\/","og_locale":"et_EE","og_type":"article","og_title":"Briti Armee Ripstop v\u00e4livormi jope Black - Outdoors","og_description":"Briti Armee Ripstop v\u00e4livormi jope, must","og_url":"https:\/\/www.outdoors.ee\/et\/toode\/briti-armee-ripstop-valivormi-jope-black\/","og_site_name":"Outdoors","article_modified_time":"2026-03-10T07:26:54+00:00","og_image":[{"width":1900,"height":2200,"url":"https:\/\/www.outdoors.ee\/wp-content\/uploads\/2022\/06\/1105-British-Army-Ripstop-Field-Jacket-Black-1.jpg","type":"image\/jpeg"}],"twitter_card":"summary_large_image","twitter_misc":{"Est. reading time":"1 minut"},"schema":{"@context":"https:\/\/schema.org","@graph":[{"@type":"WebPage","@id":"https:\/\/www.outdoors.ee\/et\/toode\/briti-armee-ripstop-valivormi-jope-black\/","url":"https:\/\/www.outdoors.ee\/et\/toode\/briti-armee-ripstop-valivormi-jope-black\/","name":"Briti Armee Ripstop v\u00e4livormi jope Black - Outdoors","isPartOf":{"@id":"https:\/\/www.outdoors.ee\/#website"},"primaryImageOfPage":{"@id":"https:\/\/www.outdoors.ee\/et\/toode\/briti-armee-ripstop-valivormi-jope-black\/#primaryimage"},"image":{"@id":"https:\/\/www.outdoors.ee\/et\/toode\/briti-armee-ripstop-valivormi-jope-black\/#primaryimage"},"thumbnailUrl":"https:\/\/www.outdoors.ee\/wp-content\/uploads\/2022\/06\/1105-British-Army-Ripstop-Field-Jacket-Black-1.jpg","datePublished":"2022-06-16T10:10:16+00:00","dateModified":"2026-03-10T07:26:54+00:00","breadcrumb":{"@id":"https:\/\/www.outdoors.ee\/et\/toode\/briti-armee-ripstop-valivormi-jope-black\/#breadcrumb"},"inLanguage":"et","potentialAction":[{"@type":"ReadAction","target":["https:\/\/www.outdoors.ee\/et\/toode\/briti-armee-ripstop-valivormi-jope-black\/"]}]},{"@type":"ImageObject","inLanguage":"et","@id":"https:\/\/www.outdoors.ee\/et\/toode\/briti-armee-ripstop-valivormi-jope-black\/#primaryimage","url":"https:\/\/www.outdoors.ee\/wp-content\/uploads\/2022\/06\/1105-British-Army-Ripstop-Field-Jacket-Black-1.jpg","contentUrl":"https:\/\/www.outdoors.ee\/wp-content\/uploads\/2022\/06\/1105-British-Army-Ripstop-Field-Jacket-Black-1.jpg","width":1900,"height":2200},{"@type":"BreadcrumbList","@id":"https:\/\/www.outdoors.ee\/et\/toode\/briti-armee-ripstop-valivormi-jope-black\/#breadcrumb","itemListElement":[{"@type":"ListItem","position":1,"name":"Home","item":"https:\/\/www.outdoors.ee\/et\/"},{"@type":"ListItem","position":2,"name":"Tooted","item":"https:\/\/www.outdoors.ee\/products\/"},{"@type":"ListItem","position":3,"name":"Briti Armee Ripstop v\u00e4livormi jope Black"}]},{"@type":"WebSite","@id":"https:\/\/www.outdoors.ee\/#website","url":"https:\/\/www.outdoors.ee\/","name":"Outdoors","description":"Genuine military surplus and not only!","potentialAction":[{"@type":"SearchAction","target":{"@type":"EntryPoint","urlTemplate":"https:\/\/www.outdoors.ee\/?s={search_term_string}"},"query-input":{"@type":"PropertyValueSpecification","valueRequired":true,"valueName":"search_term_string"}}],"inLanguage":"et"}]}},"_links":{"self":[{"href":"https:\/\/www.outdoors.ee\/et\/wp-json\/wp\/v2\/product\/68987","targetHints":{"allow":["GET"]}}],"collection":[{"href":"https:\/\/www.outdoors.ee\/et\/wp-json\/wp\/v2\/product"}],"about":[{"href":"https:\/\/www.outdoors.ee\/et\/wp-json\/wp\/v2\/types\/product"}],"wp:featuredmedia":[{"embeddable":true,"href":"https:\/\/www.outdoors.ee\/et\/wp-json\/wp\/v2\/media\/68989"}],"wp:attachment":[{"href":"https:\/\/www.outdoors.ee\/et\/wp-json\/wp\/v2\/media?parent=68987"}],"wp:term":[{"taxonomy":"product_brand","embeddable":true,"href":"https:\/\/www.outdoors.ee\/et\/wp-json\/wp\/v2\/product_brand?post=68987"},{"taxonomy":"product_cat","embeddable":true,"href":"https:\/\/www.outdoors.ee\/et\/wp-json\/wp\/v2\/product_cat?post=68987"},{"taxonomy":"product_tag","embeddable":true,"href":"https:\/\/www.outdoors.ee\/et\/wp-json\/wp\/v2\/product_tag?post=68987"}],"curies":[{"name":"wp","href":"https:\/\/api.w.org\/{rel}","templated":true}]}}