{"id":68942,"date":"2022-06-14T13:25:15","date_gmt":"2022-06-14T10:25:15","guid":{"rendered":"https:\/\/www.outdoors.ee\/?post_type=product&#038;p=68942"},"modified":"2026-02-09T12:13:59","modified_gmt":"2026-02-09T10:13:59","slug":"briti-armee-kokkupandav-sapoorilabidas-olive","status":"publish","type":"product","link":"https:\/\/www.outdoors.ee\/et\/toode\/briti-armee-kokkupandav-sapoorilabidas-olive\/","title":{"rendered":"Briti Armee kokkupandav sap\u00f6\u00f6rilabidas Olive"},"content":{"rendered":"<p><strong>Omadused:<\/strong><\/p>\n<ul>\n<li>Briti s\u00f5jav\u00e4e originaal (Hand Entrenching Tool)<\/li>\n<li>vastupidav metallist konstruktsioon<\/li>\n<li>sakilise \u00e4\u00e4rega terav k\u00fclg<\/li>\n<li>kokkupandud kujul kompaktne ja mugav kaasas kanda<\/li>\n<li>trukkidega suletav plastikvutlar<\/li>\n<li>kaal koos vutlariga ca 1,33kg<\/li>\n<\/ul>\n<p><strong>Seisukord:<\/strong><\/p>\n<ul>\n<li>uus (v\u00f5ib sisaldada hulgiladustamise j\u00e4lgi)<\/li>\n<li>uuev\u00e4\u00e4rne (sisaldab kergeid kulumisj\u00e4lgi)<\/li>\n<li>kasutatud, Grade 1 (sisaldab m\u00f5\u00f5dukaid kulumisj\u00e4lgi, t\u00e4isfunktsionaalne kuid ilma plastikvutlarita)<\/li>\n<\/ul>\n","protected":false},"excerpt":{"rendered":"<p>Briti Armee kokkupandav sap\u00f6\u00f6rilabidas vutlariga, oliivroheline<\/p>\n","protected":false},"featured_media":68944,"template":"","meta":[],"product_brand":[],"product_cat":[149],"product_tag":[],"class_list":{"0":"post-68942","1":"product","2":"type-product","3":"status-publish","4":"has-post-thumbnail","6":"product_cat-taktikaline-varustus","7":"pa_brand-british-military-surplus","8":"pa_condition-kasutatud-grade-1","9":"pa_condition-uuevaarne","10":"pa_condition-uus","12":"first","13":"outofstock","14":"taxable","15":"shipping-taxable","16":"purchasable","17":"product-type-variable"},"yoast_head":"<!-- This site is optimized with the Yoast SEO plugin v27.2 - https:\/\/yoast.com\/product\/yoast-seo-wordpress\/ -->\n<title>USA Armee sap\u00f6\u00f6rilabidas GERBER, kasutatud - outdoors.ee<\/title>\n<meta name=\"description\" content=\"Omadused: tugevast sulamist kerge ja vastupidav labidas, mis sobib ka kivisema pinnase puhul sakilise \u00e4\u00e4rega terav k\u00fclg\u00a0 fikseeruv mehhanism hoiab labidat t\u00f6\u00f6 k\u00e4igus avatuna kokkupandud kujul kompaktne ja mugav kaasas kanda kaal ca 1,1kg tootja - Gerber \u00a0 Seisukord: kasutatud, kuid t\u00e4isfunktsionaalne\" \/>\n<meta name=\"robots\" content=\"index, follow, max-snippet:-1, max-image-preview:large, max-video-preview:-1\" \/>\n<link rel=\"canonical\" href=\"https:\/\/www.outdoors.ee\/et\/toode\/briti-armee-kokkupandav-sapoorilabidas-olive\/\" \/>\n<meta property=\"og:locale\" content=\"et_EE\" \/>\n<meta property=\"og:type\" content=\"article\" \/>\n<meta property=\"og:title\" content=\"USA Armee sap\u00f6\u00f6rilabidas GERBER, kasutatud\" \/>\n<meta property=\"og:description\" content=\"Omadused: tugevast sulamist kerge ja vastupidav labidas, mis sobib ka kivisema pinnase puhul sakilise \u00e4\u00e4rega terav k\u00fclg\u00a0 fikseeruv mehhanism hoiab labidat t\u00f6\u00f6 k\u00e4igus avatuna kokkupandud kujul kompaktne ja mugav kaasas kanda kaal ca 1,1kg tootja - Gerber \u00a0 Seisukord: kasutatud, kuid t\u00e4isfunktsionaalne\" \/>\n<meta property=\"og:url\" content=\"https:\/\/www.outdoors.ee\/et\/toode\/briti-armee-kokkupandav-sapoorilabidas-olive\/\" \/>\n<meta property=\"og:site_name\" content=\"Outdoors\" \/>\n<meta property=\"article:modified_time\" content=\"2026-02-09T10:13:59+00:00\" \/>\n<meta property=\"og:image\" content=\"https:\/\/www.outdoors.ee\/wp-content\/uploads\/2022\/06\/0298-British-Army-Tri-Fold-Shovel-Olive.png\" \/>\n\t<meta property=\"og:image:width\" content=\"600\" \/>\n\t<meta property=\"og:image:height\" content=\"600\" \/>\n\t<meta property=\"og:image:type\" content=\"image\/png\" \/>\n<meta name=\"twitter:card\" content=\"summary_large_image\" \/>\n<meta name=\"twitter:title\" content=\"USA Armee sap\u00f6\u00f6rilabidas GERBER, kasutatud\" \/>\n<meta name=\"twitter:label1\" content=\"Est. reading time\" \/>\n\t<meta name=\"twitter:data1\" content=\"1 minut\" \/>\n<script type=\"application\/ld+json\" class=\"yoast-schema-graph\">{\"@context\":\"https:\/\/schema.org\",\"@graph\":[{\"@type\":\"WebPage\",\"@id\":\"https:\/\/www.outdoors.ee\/et\/toode\/briti-armee-kokkupandav-sapoorilabidas-olive\/\",\"url\":\"https:\/\/www.outdoors.ee\/et\/toode\/briti-armee-kokkupandav-sapoorilabidas-olive\/\",\"name\":\"USA Armee sap\u00f6\u00f6rilabidas GERBER, kasutatud - outdoors.ee\",\"isPartOf\":{\"@id\":\"https:\/\/www.outdoors.ee\/#website\"},\"primaryImageOfPage\":{\"@id\":\"https:\/\/www.outdoors.ee\/et\/toode\/briti-armee-kokkupandav-sapoorilabidas-olive\/#primaryimage\"},\"image\":{\"@id\":\"https:\/\/www.outdoors.ee\/et\/toode\/briti-armee-kokkupandav-sapoorilabidas-olive\/#primaryimage\"},\"thumbnailUrl\":\"https:\/\/www.outdoors.ee\/wp-content\/uploads\/2022\/06\/0298-British-Army-Tri-Fold-Shovel-Olive.png\",\"datePublished\":\"2022-06-14T10:25:15+00:00\",\"dateModified\":\"2026-02-09T10:13:59+00:00\",\"description\":\"Omadused: tugevast sulamist kerge ja vastupidav labidas, mis sobib ka kivisema pinnase puhul sakilise \u00e4\u00e4rega terav k\u00fclg\u00a0 fikseeruv mehhanism hoiab labidat t\u00f6\u00f6 k\u00e4igus avatuna kokkupandud kujul kompaktne ja mugav kaasas kanda kaal ca 1,1kg tootja - Gerber \u00a0 Seisukord: kasutatud, kuid t\u00e4isfunktsionaalne\",\"breadcrumb\":{\"@id\":\"https:\/\/www.outdoors.ee\/et\/toode\/briti-armee-kokkupandav-sapoorilabidas-olive\/#breadcrumb\"},\"inLanguage\":\"et\",\"potentialAction\":[{\"@type\":\"ReadAction\",\"target\":[\"https:\/\/www.outdoors.ee\/et\/toode\/briti-armee-kokkupandav-sapoorilabidas-olive\/\"]}]},{\"@type\":\"ImageObject\",\"inLanguage\":\"et\",\"@id\":\"https:\/\/www.outdoors.ee\/et\/toode\/briti-armee-kokkupandav-sapoorilabidas-olive\/#primaryimage\",\"url\":\"https:\/\/www.outdoors.ee\/wp-content\/uploads\/2022\/06\/0298-British-Army-Tri-Fold-Shovel-Olive.png\",\"contentUrl\":\"https:\/\/www.outdoors.ee\/wp-content\/uploads\/2022\/06\/0298-British-Army-Tri-Fold-Shovel-Olive.png\",\"width\":600,\"height\":600},{\"@type\":\"BreadcrumbList\",\"@id\":\"https:\/\/www.outdoors.ee\/et\/toode\/briti-armee-kokkupandav-sapoorilabidas-olive\/#breadcrumb\",\"itemListElement\":[{\"@type\":\"ListItem\",\"position\":1,\"name\":\"Home\",\"item\":\"https:\/\/www.outdoors.ee\/et\/\"},{\"@type\":\"ListItem\",\"position\":2,\"name\":\"Tooted\",\"item\":\"https:\/\/www.outdoors.ee\/products\/\"},{\"@type\":\"ListItem\",\"position\":3,\"name\":\"Briti Armee kokkupandav sap\u00f6\u00f6rilabidas Olive\"}]},{\"@type\":\"WebSite\",\"@id\":\"https:\/\/www.outdoors.ee\/#website\",\"url\":\"https:\/\/www.outdoors.ee\/\",\"name\":\"Outdoors\",\"description\":\"Genuine military surplus and not only!\",\"potentialAction\":[{\"@type\":\"SearchAction\",\"target\":{\"@type\":\"EntryPoint\",\"urlTemplate\":\"https:\/\/www.outdoors.ee\/?s={search_term_string}\"},\"query-input\":{\"@type\":\"PropertyValueSpecification\",\"valueRequired\":true,\"valueName\":\"search_term_string\"}}],\"inLanguage\":\"et\"}]}<\/script>\n<!-- \/ Yoast SEO plugin. -->","yoast_head_json":{"title":"USA Armee sap\u00f6\u00f6rilabidas GERBER, kasutatud - outdoors.ee","description":"Omadused: tugevast sulamist kerge ja vastupidav labidas, mis sobib ka kivisema pinnase puhul sakilise \u00e4\u00e4rega terav k\u00fclg\u00a0 fikseeruv mehhanism hoiab labidat t\u00f6\u00f6 k\u00e4igus avatuna kokkupandud kujul kompaktne ja mugav kaasas kanda kaal ca 1,1kg tootja - Gerber \u00a0 Seisukord: kasutatud, kuid t\u00e4isfunktsionaalne","robots":{"index":"index","follow":"follow","max-snippet":"max-snippet:-1","max-image-preview":"max-image-preview:large","max-video-preview":"max-video-preview:-1"},"canonical":"https:\/\/www.outdoors.ee\/et\/toode\/briti-armee-kokkupandav-sapoorilabidas-olive\/","og_locale":"et_EE","og_type":"article","og_title":"USA Armee sap\u00f6\u00f6rilabidas GERBER, kasutatud","og_description":"Omadused: tugevast sulamist kerge ja vastupidav labidas, mis sobib ka kivisema pinnase puhul sakilise \u00e4\u00e4rega terav k\u00fclg\u00a0 fikseeruv mehhanism hoiab labidat t\u00f6\u00f6 k\u00e4igus avatuna kokkupandud kujul kompaktne ja mugav kaasas kanda kaal ca 1,1kg tootja - Gerber \u00a0 Seisukord: kasutatud, kuid t\u00e4isfunktsionaalne","og_url":"https:\/\/www.outdoors.ee\/et\/toode\/briti-armee-kokkupandav-sapoorilabidas-olive\/","og_site_name":"Outdoors","article_modified_time":"2026-02-09T10:13:59+00:00","og_image":[{"width":600,"height":600,"url":"https:\/\/www.outdoors.ee\/wp-content\/uploads\/2022\/06\/0298-British-Army-Tri-Fold-Shovel-Olive.png","type":"image\/png"}],"twitter_card":"summary_large_image","twitter_title":"USA Armee sap\u00f6\u00f6rilabidas GERBER, kasutatud","twitter_misc":{"Est. reading time":"1 minut"},"schema":{"@context":"https:\/\/schema.org","@graph":[{"@type":"WebPage","@id":"https:\/\/www.outdoors.ee\/et\/toode\/briti-armee-kokkupandav-sapoorilabidas-olive\/","url":"https:\/\/www.outdoors.ee\/et\/toode\/briti-armee-kokkupandav-sapoorilabidas-olive\/","name":"USA Armee sap\u00f6\u00f6rilabidas GERBER, kasutatud - outdoors.ee","isPartOf":{"@id":"https:\/\/www.outdoors.ee\/#website"},"primaryImageOfPage":{"@id":"https:\/\/www.outdoors.ee\/et\/toode\/briti-armee-kokkupandav-sapoorilabidas-olive\/#primaryimage"},"image":{"@id":"https:\/\/www.outdoors.ee\/et\/toode\/briti-armee-kokkupandav-sapoorilabidas-olive\/#primaryimage"},"thumbnailUrl":"https:\/\/www.outdoors.ee\/wp-content\/uploads\/2022\/06\/0298-British-Army-Tri-Fold-Shovel-Olive.png","datePublished":"2022-06-14T10:25:15+00:00","dateModified":"2026-02-09T10:13:59+00:00","description":"Omadused: tugevast sulamist kerge ja vastupidav labidas, mis sobib ka kivisema pinnase puhul sakilise \u00e4\u00e4rega terav k\u00fclg\u00a0 fikseeruv mehhanism hoiab labidat t\u00f6\u00f6 k\u00e4igus avatuna kokkupandud kujul kompaktne ja mugav kaasas kanda kaal ca 1,1kg tootja - Gerber \u00a0 Seisukord: kasutatud, kuid t\u00e4isfunktsionaalne","breadcrumb":{"@id":"https:\/\/www.outdoors.ee\/et\/toode\/briti-armee-kokkupandav-sapoorilabidas-olive\/#breadcrumb"},"inLanguage":"et","potentialAction":[{"@type":"ReadAction","target":["https:\/\/www.outdoors.ee\/et\/toode\/briti-armee-kokkupandav-sapoorilabidas-olive\/"]}]},{"@type":"ImageObject","inLanguage":"et","@id":"https:\/\/www.outdoors.ee\/et\/toode\/briti-armee-kokkupandav-sapoorilabidas-olive\/#primaryimage","url":"https:\/\/www.outdoors.ee\/wp-content\/uploads\/2022\/06\/0298-British-Army-Tri-Fold-Shovel-Olive.png","contentUrl":"https:\/\/www.outdoors.ee\/wp-content\/uploads\/2022\/06\/0298-British-Army-Tri-Fold-Shovel-Olive.png","width":600,"height":600},{"@type":"BreadcrumbList","@id":"https:\/\/www.outdoors.ee\/et\/toode\/briti-armee-kokkupandav-sapoorilabidas-olive\/#breadcrumb","itemListElement":[{"@type":"ListItem","position":1,"name":"Home","item":"https:\/\/www.outdoors.ee\/et\/"},{"@type":"ListItem","position":2,"name":"Tooted","item":"https:\/\/www.outdoors.ee\/products\/"},{"@type":"ListItem","position":3,"name":"Briti Armee kokkupandav sap\u00f6\u00f6rilabidas Olive"}]},{"@type":"WebSite","@id":"https:\/\/www.outdoors.ee\/#website","url":"https:\/\/www.outdoors.ee\/","name":"Outdoors","description":"Genuine military surplus and not only!","potentialAction":[{"@type":"SearchAction","target":{"@type":"EntryPoint","urlTemplate":"https:\/\/www.outdoors.ee\/?s={search_term_string}"},"query-input":{"@type":"PropertyValueSpecification","valueRequired":true,"valueName":"search_term_string"}}],"inLanguage":"et"}]}},"_links":{"self":[{"href":"https:\/\/www.outdoors.ee\/et\/wp-json\/wp\/v2\/product\/68942","targetHints":{"allow":["GET"]}}],"collection":[{"href":"https:\/\/www.outdoors.ee\/et\/wp-json\/wp\/v2\/product"}],"about":[{"href":"https:\/\/www.outdoors.ee\/et\/wp-json\/wp\/v2\/types\/product"}],"wp:featuredmedia":[{"embeddable":true,"href":"https:\/\/www.outdoors.ee\/et\/wp-json\/wp\/v2\/media\/68944"}],"wp:attachment":[{"href":"https:\/\/www.outdoors.ee\/et\/wp-json\/wp\/v2\/media?parent=68942"}],"wp:term":[{"taxonomy":"product_brand","embeddable":true,"href":"https:\/\/www.outdoors.ee\/et\/wp-json\/wp\/v2\/product_brand?post=68942"},{"taxonomy":"product_cat","embeddable":true,"href":"https:\/\/www.outdoors.ee\/et\/wp-json\/wp\/v2\/product_cat?post=68942"},{"taxonomy":"product_tag","embeddable":true,"href":"https:\/\/www.outdoors.ee\/et\/wp-json\/wp\/v2\/product_tag?post=68942"}],"curies":[{"name":"wp","href":"https:\/\/api.w.org\/{rel}","templated":true}]}}