{"id":68841,"date":"2022-06-08T18:46:59","date_gmt":"2022-06-08T15:46:35","guid":{"rendered":"https:\/\/www.outdoors.ee\/?post_type=product&#038;p=68841"},"modified":"2026-04-13T09:11:56","modified_gmt":"2026-04-13T06:11:56","slug":"helly-hansen-lifa-base-layer-pants","status":"publish","type":"product","link":"https:\/\/www.outdoors.ee\/et\/toode\/helly-hansen-lifa-base-layer-pants\/","title":{"rendered":"Helly Hansen Lifa\u00ae Base Layer Pants"},"content":{"rendered":"<p><strong>Omadused<\/strong>:<\/p>\n<ul>\n<li>kergekaaluline, hingav ning veniv kangas<\/li>\n<li>veniv v\u00f6\u00f6 ning mansetid<\/li>\n<li>koostis: 58% pol\u00fcamiid 37% pol\u00fcprop\u00fcleen 5% elastaan<\/li>\n<li>toodetud Poolas<\/li>\n<li>Hollandi s\u00f5jav\u00e4e laovarudest<\/li>\n<\/ul>\n<p><strong>Seisukord<\/strong>: Uus (ilma j\u00e4em\u00fc\u00fcgipakendita, v\u00f5ib sisaldada hulgiladustamise j\u00e4lgi)<\/p>\n","protected":false},"excerpt":{"rendered":"<p>Helly Hansen Mens Lifa\u00ae Base Layer Pants, must<\/p>\n","protected":false},"featured_media":68828,"template":"","meta":[],"product_brand":[],"product_cat":[129],"product_tag":[],"class_list":{"0":"post-68841","1":"product","2":"type-product","3":"status-publish","4":"has-post-thumbnail","6":"product_cat-soe-pesu-aluskiht","7":"pa_brand-helly-hansen-3","8":"pa_size-m-2","10":"first","11":"instock","12":"taxable","13":"shipping-taxable","14":"purchasable","15":"product-type-variable"},"yoast_head":"<!-- This site is optimized with the Yoast SEO plugin v27.2 - https:\/\/yoast.com\/product\/yoast-seo-wordpress\/ -->\n<title>Helly Hansen Lifa\u00ae Base Layer Pants - Outdoors<\/title>\n<meta name=\"robots\" content=\"index, follow, max-snippet:-1, max-image-preview:large, max-video-preview:-1\" \/>\n<link rel=\"canonical\" href=\"https:\/\/www.outdoors.ee\/et\/toode\/helly-hansen-lifa-base-layer-pants\/\" \/>\n<meta property=\"og:locale\" content=\"et_EE\" \/>\n<meta property=\"og:type\" content=\"article\" \/>\n<meta property=\"og:title\" content=\"Helly Hansen Lifa\u00ae Base Layer Pants - Outdoors\" \/>\n<meta property=\"og:description\" content=\"Helly Hansen Mens Lifa\u00ae Base Layer Pants, must\" \/>\n<meta property=\"og:url\" content=\"https:\/\/www.outdoors.ee\/et\/toode\/helly-hansen-lifa-base-layer-pants\/\" \/>\n<meta property=\"og:site_name\" content=\"Outdoors\" \/>\n<meta property=\"article:modified_time\" content=\"2026-04-13T06:11:56+00:00\" \/>\n<meta property=\"og:image\" content=\"https:\/\/www.outdoors.ee\/wp-content\/uploads\/2022\/06\/0346-Helly-Hansen-Base-Layer-Pants-1-scaled.jpg\" \/>\n\t<meta property=\"og:image:width\" content=\"1969\" \/>\n\t<meta property=\"og:image:height\" content=\"2560\" \/>\n\t<meta property=\"og:image:type\" content=\"image\/jpeg\" \/>\n<meta name=\"twitter:card\" content=\"summary_large_image\" \/>\n<meta name=\"twitter:label1\" content=\"Est. reading time\" \/>\n\t<meta name=\"twitter:data1\" content=\"1 minut\" \/>\n<script type=\"application\/ld+json\" class=\"yoast-schema-graph\">{\"@context\":\"https:\/\/schema.org\",\"@graph\":[{\"@type\":\"WebPage\",\"@id\":\"https:\/\/www.outdoors.ee\/et\/toode\/helly-hansen-lifa-base-layer-pants\/\",\"url\":\"https:\/\/www.outdoors.ee\/et\/toode\/helly-hansen-lifa-base-layer-pants\/\",\"name\":\"Helly Hansen Lifa\u00ae Base Layer Pants - Outdoors\",\"isPartOf\":{\"@id\":\"https:\/\/www.outdoors.ee\/#website\"},\"primaryImageOfPage\":{\"@id\":\"https:\/\/www.outdoors.ee\/et\/toode\/helly-hansen-lifa-base-layer-pants\/#primaryimage\"},\"image\":{\"@id\":\"https:\/\/www.outdoors.ee\/et\/toode\/helly-hansen-lifa-base-layer-pants\/#primaryimage\"},\"thumbnailUrl\":\"https:\/\/www.outdoors.ee\/wp-content\/uploads\/2022\/06\/0346-Helly-Hansen-Base-Layer-Pants-1-scaled.jpg\",\"datePublished\":\"2022-06-08T15:46:35+00:00\",\"dateModified\":\"2026-04-13T06:11:56+00:00\",\"breadcrumb\":{\"@id\":\"https:\/\/www.outdoors.ee\/et\/toode\/helly-hansen-lifa-base-layer-pants\/#breadcrumb\"},\"inLanguage\":\"et\",\"potentialAction\":[{\"@type\":\"ReadAction\",\"target\":[\"https:\/\/www.outdoors.ee\/et\/toode\/helly-hansen-lifa-base-layer-pants\/\"]}]},{\"@type\":\"ImageObject\",\"inLanguage\":\"et\",\"@id\":\"https:\/\/www.outdoors.ee\/et\/toode\/helly-hansen-lifa-base-layer-pants\/#primaryimage\",\"url\":\"https:\/\/www.outdoors.ee\/wp-content\/uploads\/2022\/06\/0346-Helly-Hansen-Base-Layer-Pants-1-scaled.jpg\",\"contentUrl\":\"https:\/\/www.outdoors.ee\/wp-content\/uploads\/2022\/06\/0346-Helly-Hansen-Base-Layer-Pants-1-scaled.jpg\",\"width\":1969,\"height\":2560},{\"@type\":\"BreadcrumbList\",\"@id\":\"https:\/\/www.outdoors.ee\/et\/toode\/helly-hansen-lifa-base-layer-pants\/#breadcrumb\",\"itemListElement\":[{\"@type\":\"ListItem\",\"position\":1,\"name\":\"Home\",\"item\":\"https:\/\/www.outdoors.ee\/et\/\"},{\"@type\":\"ListItem\",\"position\":2,\"name\":\"Tooted\",\"item\":\"https:\/\/www.outdoors.ee\/products\/\"},{\"@type\":\"ListItem\",\"position\":3,\"name\":\"Helly Hansen Lifa\u00ae Base Layer Pants\"}]},{\"@type\":\"WebSite\",\"@id\":\"https:\/\/www.outdoors.ee\/#website\",\"url\":\"https:\/\/www.outdoors.ee\/\",\"name\":\"Outdoors\",\"description\":\"Genuine military surplus and not only!\",\"potentialAction\":[{\"@type\":\"SearchAction\",\"target\":{\"@type\":\"EntryPoint\",\"urlTemplate\":\"https:\/\/www.outdoors.ee\/?s={search_term_string}\"},\"query-input\":{\"@type\":\"PropertyValueSpecification\",\"valueRequired\":true,\"valueName\":\"search_term_string\"}}],\"inLanguage\":\"et\"}]}<\/script>\n<!-- \/ Yoast SEO plugin. -->","yoast_head_json":{"title":"Helly Hansen Lifa\u00ae Base Layer Pants - Outdoors","robots":{"index":"index","follow":"follow","max-snippet":"max-snippet:-1","max-image-preview":"max-image-preview:large","max-video-preview":"max-video-preview:-1"},"canonical":"https:\/\/www.outdoors.ee\/et\/toode\/helly-hansen-lifa-base-layer-pants\/","og_locale":"et_EE","og_type":"article","og_title":"Helly Hansen Lifa\u00ae Base Layer Pants - Outdoors","og_description":"Helly Hansen Mens Lifa\u00ae Base Layer Pants, must","og_url":"https:\/\/www.outdoors.ee\/et\/toode\/helly-hansen-lifa-base-layer-pants\/","og_site_name":"Outdoors","article_modified_time":"2026-04-13T06:11:56+00:00","og_image":[{"width":1969,"height":2560,"url":"https:\/\/www.outdoors.ee\/wp-content\/uploads\/2022\/06\/0346-Helly-Hansen-Base-Layer-Pants-1-scaled.jpg","type":"image\/jpeg"}],"twitter_card":"summary_large_image","twitter_misc":{"Est. reading time":"1 minut"},"schema":{"@context":"https:\/\/schema.org","@graph":[{"@type":"WebPage","@id":"https:\/\/www.outdoors.ee\/et\/toode\/helly-hansen-lifa-base-layer-pants\/","url":"https:\/\/www.outdoors.ee\/et\/toode\/helly-hansen-lifa-base-layer-pants\/","name":"Helly Hansen Lifa\u00ae Base Layer Pants - Outdoors","isPartOf":{"@id":"https:\/\/www.outdoors.ee\/#website"},"primaryImageOfPage":{"@id":"https:\/\/www.outdoors.ee\/et\/toode\/helly-hansen-lifa-base-layer-pants\/#primaryimage"},"image":{"@id":"https:\/\/www.outdoors.ee\/et\/toode\/helly-hansen-lifa-base-layer-pants\/#primaryimage"},"thumbnailUrl":"https:\/\/www.outdoors.ee\/wp-content\/uploads\/2022\/06\/0346-Helly-Hansen-Base-Layer-Pants-1-scaled.jpg","datePublished":"2022-06-08T15:46:35+00:00","dateModified":"2026-04-13T06:11:56+00:00","breadcrumb":{"@id":"https:\/\/www.outdoors.ee\/et\/toode\/helly-hansen-lifa-base-layer-pants\/#breadcrumb"},"inLanguage":"et","potentialAction":[{"@type":"ReadAction","target":["https:\/\/www.outdoors.ee\/et\/toode\/helly-hansen-lifa-base-layer-pants\/"]}]},{"@type":"ImageObject","inLanguage":"et","@id":"https:\/\/www.outdoors.ee\/et\/toode\/helly-hansen-lifa-base-layer-pants\/#primaryimage","url":"https:\/\/www.outdoors.ee\/wp-content\/uploads\/2022\/06\/0346-Helly-Hansen-Base-Layer-Pants-1-scaled.jpg","contentUrl":"https:\/\/www.outdoors.ee\/wp-content\/uploads\/2022\/06\/0346-Helly-Hansen-Base-Layer-Pants-1-scaled.jpg","width":1969,"height":2560},{"@type":"BreadcrumbList","@id":"https:\/\/www.outdoors.ee\/et\/toode\/helly-hansen-lifa-base-layer-pants\/#breadcrumb","itemListElement":[{"@type":"ListItem","position":1,"name":"Home","item":"https:\/\/www.outdoors.ee\/et\/"},{"@type":"ListItem","position":2,"name":"Tooted","item":"https:\/\/www.outdoors.ee\/products\/"},{"@type":"ListItem","position":3,"name":"Helly Hansen Lifa\u00ae Base Layer Pants"}]},{"@type":"WebSite","@id":"https:\/\/www.outdoors.ee\/#website","url":"https:\/\/www.outdoors.ee\/","name":"Outdoors","description":"Genuine military surplus and not only!","potentialAction":[{"@type":"SearchAction","target":{"@type":"EntryPoint","urlTemplate":"https:\/\/www.outdoors.ee\/?s={search_term_string}"},"query-input":{"@type":"PropertyValueSpecification","valueRequired":true,"valueName":"search_term_string"}}],"inLanguage":"et"}]}},"_links":{"self":[{"href":"https:\/\/www.outdoors.ee\/et\/wp-json\/wp\/v2\/product\/68841","targetHints":{"allow":["GET"]}}],"collection":[{"href":"https:\/\/www.outdoors.ee\/et\/wp-json\/wp\/v2\/product"}],"about":[{"href":"https:\/\/www.outdoors.ee\/et\/wp-json\/wp\/v2\/types\/product"}],"wp:featuredmedia":[{"embeddable":true,"href":"https:\/\/www.outdoors.ee\/et\/wp-json\/wp\/v2\/media\/68828"}],"wp:attachment":[{"href":"https:\/\/www.outdoors.ee\/et\/wp-json\/wp\/v2\/media?parent=68841"}],"wp:term":[{"taxonomy":"product_brand","embeddable":true,"href":"https:\/\/www.outdoors.ee\/et\/wp-json\/wp\/v2\/product_brand?post=68841"},{"taxonomy":"product_cat","embeddable":true,"href":"https:\/\/www.outdoors.ee\/et\/wp-json\/wp\/v2\/product_cat?post=68841"},{"taxonomy":"product_tag","embeddable":true,"href":"https:\/\/www.outdoors.ee\/et\/wp-json\/wp\/v2\/product_tag?post=68841"}],"curies":[{"name":"wp","href":"https:\/\/api.w.org\/{rel}","templated":true}]}}