{"id":68744,"date":"2022-06-06T16:15:35","date_gmt":"2022-06-06T13:15:53","guid":{"rendered":"https:\/\/www.outdoors.ee\/?post_type=product&#038;p=68744"},"modified":"2025-01-16T18:32:30","modified_gmt":"2025-01-16T16:32:30","slug":"briti-armee-vihmapuksid-petroleum-protective-salopettes-mvp-mtp","status":"publish","type":"product","link":"https:\/\/www.outdoors.ee\/et\/toode\/briti-armee-vihmapuksid-petroleum-protective-salopettes-mvp-mtp\/","title":{"rendered":"Briti Armee vihmap\u00fcksid Petroleum Protective Salopettes MVP MTP"},"content":{"rendered":"<p><strong>Omadused:<\/strong><\/p>\n<ul>\n<li>Briti s\u00f5jav\u00e4e originaal, niiskuse ning k\u00fctusekindlad \u00fclep\u00fcksid<\/li>\n<li>Moisture Vapor Permeable materjal (Briti s\u00f5jav\u00e4e Gore-Tex\u00b4i ekvivalent)<\/li>\n<li>venivad, reguleeritava pikkusega traksid klambritega<\/li>\n<li>v\u00f6\u00f6koha pingutusn\u00f6\u00f6r<\/li>\n<li>tasku ava paremal pool allolevatele p\u00fckstele ligi p\u00e4\u00e4semiseks<\/li>\n<li>takjapaela kinnitusega reietasku vasakul pool<\/li>\n<li>alumised t\u00f5mblukud<\/li>\n<li>kaal ca 0,7kg<\/li>\n<\/ul>\n<p><strong>Suurus rippmen\u00fc\u00fcs (cm)<\/strong>: s\u00e4\u00e4re sisepikkus \/ v\u00f6\u00f6\u00fcmberm\u00f5\u00f5t \/ istmiku \u00fcmberm\u00f5\u00f5t<\/p>\n<p><strong>Seisukord:<\/strong><\/p>\n<ul>\n<li>uued (ilma j\u00e4em\u00fc\u00fcgipakendita, v\u00f5ivad sisaldada hulgiladustamise j\u00e4lgi)<\/li>\n<li>uuev\u00e4\u00e4rsed (sisaldavad kergeid kulumisj\u00e4lgi)<\/li>\n<li>kasutatud, Grade 1 (sisaldavad m\u00f5\u00f5dukaid kulumisj\u00e4lgi, v\u00f5ivad olla m\u00e4\u00e4rdunud ning sisaldada v\u00e4iksemaid vigastusi)<\/li>\n<\/ul>\n","protected":false},"excerpt":{"rendered":"<p>Briti Armee traksidega vihmap\u00fcksid Petroleum Protective Salopettes MVP, MTP<\/p>\n","protected":false},"featured_media":70934,"template":"","meta":[],"product_brand":[],"product_cat":[111],"product_tag":[3143],"class_list":{"0":"post-68744","1":"product","2":"type-product","3":"status-publish","4":"has-post-thumbnail","6":"product_cat-puksid","7":"product_tag-vihmariided","8":"pa_brand-british-military-surplus","9":"pa_condition-kasutatud-grade-1","10":"pa_condition-uuevaarne","11":"pa_condition-uus","12":"pa_size-70-80-96-2","13":"pa_size-75-88-104-2","14":"pa_size-80-96-112-3","15":"pa_size-85-104-120-2","17":"first","18":"instock","19":"taxable","20":"shipping-taxable","21":"purchasable","22":"product-type-variable"},"yoast_head":"<!-- This site is optimized with the Yoast SEO plugin v27.2 - https:\/\/yoast.com\/product\/yoast-seo-wordpress\/ -->\n<title>Briti Armee vihmap\u00fcksid Petroleum Protective Salopettes MVP MTP - Outdoors<\/title>\n<meta name=\"robots\" content=\"index, follow, max-snippet:-1, max-image-preview:large, max-video-preview:-1\" \/>\n<link rel=\"canonical\" href=\"https:\/\/www.outdoors.ee\/et\/toode\/briti-armee-vihmapuksid-petroleum-protective-salopettes-mvp-mtp\/\" \/>\n<meta property=\"og:locale\" content=\"et_EE\" \/>\n<meta property=\"og:type\" content=\"article\" \/>\n<meta property=\"og:title\" content=\"Briti Armee vihmap\u00fcksid Petroleum Protective Salopettes MVP MTP - Outdoors\" \/>\n<meta property=\"og:description\" content=\"Briti Armee traksidega vihmap\u00fcksid Petroleum Protective Salopettes MVP, MTP\" \/>\n<meta property=\"og:url\" content=\"https:\/\/www.outdoors.ee\/et\/toode\/briti-armee-vihmapuksid-petroleum-protective-salopettes-mvp-mtp\/\" \/>\n<meta property=\"og:site_name\" content=\"Outdoors\" \/>\n<meta property=\"article:modified_time\" content=\"2025-01-16T16:32:30+00:00\" \/>\n<meta property=\"og:image\" content=\"https:\/\/www.outdoors.ee\/wp-content\/uploads\/2022\/06\/1142-British-Army-Petroleum-Protective-Salopettes-MVP-MTP3-1.jpg\" \/>\n\t<meta property=\"og:image:width\" content=\"1000\" \/>\n\t<meta property=\"og:image:height\" content=\"1200\" \/>\n\t<meta property=\"og:image:type\" content=\"image\/jpeg\" \/>\n<meta name=\"twitter:card\" content=\"summary_large_image\" \/>\n<meta name=\"twitter:label1\" content=\"Est. reading time\" \/>\n\t<meta name=\"twitter:data1\" content=\"1 minut\" \/>\n<script type=\"application\/ld+json\" class=\"yoast-schema-graph\">{\"@context\":\"https:\/\/schema.org\",\"@graph\":[{\"@type\":\"WebPage\",\"@id\":\"https:\/\/www.outdoors.ee\/et\/toode\/briti-armee-vihmapuksid-petroleum-protective-salopettes-mvp-mtp\/\",\"url\":\"https:\/\/www.outdoors.ee\/et\/toode\/briti-armee-vihmapuksid-petroleum-protective-salopettes-mvp-mtp\/\",\"name\":\"Briti Armee vihmap\u00fcksid Petroleum Protective Salopettes MVP MTP - Outdoors\",\"isPartOf\":{\"@id\":\"https:\/\/www.outdoors.ee\/#website\"},\"primaryImageOfPage\":{\"@id\":\"https:\/\/www.outdoors.ee\/et\/toode\/briti-armee-vihmapuksid-petroleum-protective-salopettes-mvp-mtp\/#primaryimage\"},\"image\":{\"@id\":\"https:\/\/www.outdoors.ee\/et\/toode\/briti-armee-vihmapuksid-petroleum-protective-salopettes-mvp-mtp\/#primaryimage\"},\"thumbnailUrl\":\"https:\/\/www.outdoors.ee\/wp-content\/uploads\/2022\/06\/1142-British-Army-Petroleum-Protective-Salopettes-MVP-MTP3-1.jpg\",\"datePublished\":\"2022-06-06T13:15:53+00:00\",\"dateModified\":\"2025-01-16T16:32:30+00:00\",\"breadcrumb\":{\"@id\":\"https:\/\/www.outdoors.ee\/et\/toode\/briti-armee-vihmapuksid-petroleum-protective-salopettes-mvp-mtp\/#breadcrumb\"},\"inLanguage\":\"et\",\"potentialAction\":[{\"@type\":\"ReadAction\",\"target\":[\"https:\/\/www.outdoors.ee\/et\/toode\/briti-armee-vihmapuksid-petroleum-protective-salopettes-mvp-mtp\/\"]}]},{\"@type\":\"ImageObject\",\"inLanguage\":\"et\",\"@id\":\"https:\/\/www.outdoors.ee\/et\/toode\/briti-armee-vihmapuksid-petroleum-protective-salopettes-mvp-mtp\/#primaryimage\",\"url\":\"https:\/\/www.outdoors.ee\/wp-content\/uploads\/2022\/06\/1142-British-Army-Petroleum-Protective-Salopettes-MVP-MTP3-1.jpg\",\"contentUrl\":\"https:\/\/www.outdoors.ee\/wp-content\/uploads\/2022\/06\/1142-British-Army-Petroleum-Protective-Salopettes-MVP-MTP3-1.jpg\",\"width\":1000,\"height\":1200},{\"@type\":\"BreadcrumbList\",\"@id\":\"https:\/\/www.outdoors.ee\/et\/toode\/briti-armee-vihmapuksid-petroleum-protective-salopettes-mvp-mtp\/#breadcrumb\",\"itemListElement\":[{\"@type\":\"ListItem\",\"position\":1,\"name\":\"Home\",\"item\":\"https:\/\/www.outdoors.ee\/et\/\"},{\"@type\":\"ListItem\",\"position\":2,\"name\":\"Tooted\",\"item\":\"https:\/\/www.outdoors.ee\/products\/\"},{\"@type\":\"ListItem\",\"position\":3,\"name\":\"Briti Armee vihmap\u00fcksid Petroleum Protective Salopettes MVP MTP\"}]},{\"@type\":\"WebSite\",\"@id\":\"https:\/\/www.outdoors.ee\/#website\",\"url\":\"https:\/\/www.outdoors.ee\/\",\"name\":\"Outdoors\",\"description\":\"Genuine military surplus and not only!\",\"potentialAction\":[{\"@type\":\"SearchAction\",\"target\":{\"@type\":\"EntryPoint\",\"urlTemplate\":\"https:\/\/www.outdoors.ee\/?s={search_term_string}\"},\"query-input\":{\"@type\":\"PropertyValueSpecification\",\"valueRequired\":true,\"valueName\":\"search_term_string\"}}],\"inLanguage\":\"et\"}]}<\/script>\n<!-- \/ Yoast SEO plugin. -->","yoast_head_json":{"title":"Briti Armee vihmap\u00fcksid Petroleum Protective Salopettes MVP MTP - Outdoors","robots":{"index":"index","follow":"follow","max-snippet":"max-snippet:-1","max-image-preview":"max-image-preview:large","max-video-preview":"max-video-preview:-1"},"canonical":"https:\/\/www.outdoors.ee\/et\/toode\/briti-armee-vihmapuksid-petroleum-protective-salopettes-mvp-mtp\/","og_locale":"et_EE","og_type":"article","og_title":"Briti Armee vihmap\u00fcksid Petroleum Protective Salopettes MVP MTP - Outdoors","og_description":"Briti Armee traksidega vihmap\u00fcksid Petroleum Protective Salopettes MVP, MTP","og_url":"https:\/\/www.outdoors.ee\/et\/toode\/briti-armee-vihmapuksid-petroleum-protective-salopettes-mvp-mtp\/","og_site_name":"Outdoors","article_modified_time":"2025-01-16T16:32:30+00:00","og_image":[{"width":1000,"height":1200,"url":"https:\/\/www.outdoors.ee\/wp-content\/uploads\/2022\/06\/1142-British-Army-Petroleum-Protective-Salopettes-MVP-MTP3-1.jpg","type":"image\/jpeg"}],"twitter_card":"summary_large_image","twitter_misc":{"Est. reading time":"1 minut"},"schema":{"@context":"https:\/\/schema.org","@graph":[{"@type":"WebPage","@id":"https:\/\/www.outdoors.ee\/et\/toode\/briti-armee-vihmapuksid-petroleum-protective-salopettes-mvp-mtp\/","url":"https:\/\/www.outdoors.ee\/et\/toode\/briti-armee-vihmapuksid-petroleum-protective-salopettes-mvp-mtp\/","name":"Briti Armee vihmap\u00fcksid Petroleum Protective Salopettes MVP MTP - Outdoors","isPartOf":{"@id":"https:\/\/www.outdoors.ee\/#website"},"primaryImageOfPage":{"@id":"https:\/\/www.outdoors.ee\/et\/toode\/briti-armee-vihmapuksid-petroleum-protective-salopettes-mvp-mtp\/#primaryimage"},"image":{"@id":"https:\/\/www.outdoors.ee\/et\/toode\/briti-armee-vihmapuksid-petroleum-protective-salopettes-mvp-mtp\/#primaryimage"},"thumbnailUrl":"https:\/\/www.outdoors.ee\/wp-content\/uploads\/2022\/06\/1142-British-Army-Petroleum-Protective-Salopettes-MVP-MTP3-1.jpg","datePublished":"2022-06-06T13:15:53+00:00","dateModified":"2025-01-16T16:32:30+00:00","breadcrumb":{"@id":"https:\/\/www.outdoors.ee\/et\/toode\/briti-armee-vihmapuksid-petroleum-protective-salopettes-mvp-mtp\/#breadcrumb"},"inLanguage":"et","potentialAction":[{"@type":"ReadAction","target":["https:\/\/www.outdoors.ee\/et\/toode\/briti-armee-vihmapuksid-petroleum-protective-salopettes-mvp-mtp\/"]}]},{"@type":"ImageObject","inLanguage":"et","@id":"https:\/\/www.outdoors.ee\/et\/toode\/briti-armee-vihmapuksid-petroleum-protective-salopettes-mvp-mtp\/#primaryimage","url":"https:\/\/www.outdoors.ee\/wp-content\/uploads\/2022\/06\/1142-British-Army-Petroleum-Protective-Salopettes-MVP-MTP3-1.jpg","contentUrl":"https:\/\/www.outdoors.ee\/wp-content\/uploads\/2022\/06\/1142-British-Army-Petroleum-Protective-Salopettes-MVP-MTP3-1.jpg","width":1000,"height":1200},{"@type":"BreadcrumbList","@id":"https:\/\/www.outdoors.ee\/et\/toode\/briti-armee-vihmapuksid-petroleum-protective-salopettes-mvp-mtp\/#breadcrumb","itemListElement":[{"@type":"ListItem","position":1,"name":"Home","item":"https:\/\/www.outdoors.ee\/et\/"},{"@type":"ListItem","position":2,"name":"Tooted","item":"https:\/\/www.outdoors.ee\/products\/"},{"@type":"ListItem","position":3,"name":"Briti Armee vihmap\u00fcksid Petroleum Protective Salopettes MVP MTP"}]},{"@type":"WebSite","@id":"https:\/\/www.outdoors.ee\/#website","url":"https:\/\/www.outdoors.ee\/","name":"Outdoors","description":"Genuine military surplus and not only!","potentialAction":[{"@type":"SearchAction","target":{"@type":"EntryPoint","urlTemplate":"https:\/\/www.outdoors.ee\/?s={search_term_string}"},"query-input":{"@type":"PropertyValueSpecification","valueRequired":true,"valueName":"search_term_string"}}],"inLanguage":"et"}]}},"_links":{"self":[{"href":"https:\/\/www.outdoors.ee\/et\/wp-json\/wp\/v2\/product\/68744","targetHints":{"allow":["GET"]}}],"collection":[{"href":"https:\/\/www.outdoors.ee\/et\/wp-json\/wp\/v2\/product"}],"about":[{"href":"https:\/\/www.outdoors.ee\/et\/wp-json\/wp\/v2\/types\/product"}],"wp:featuredmedia":[{"embeddable":true,"href":"https:\/\/www.outdoors.ee\/et\/wp-json\/wp\/v2\/media\/70934"}],"wp:attachment":[{"href":"https:\/\/www.outdoors.ee\/et\/wp-json\/wp\/v2\/media?parent=68744"}],"wp:term":[{"taxonomy":"product_brand","embeddable":true,"href":"https:\/\/www.outdoors.ee\/et\/wp-json\/wp\/v2\/product_brand?post=68744"},{"taxonomy":"product_cat","embeddable":true,"href":"https:\/\/www.outdoors.ee\/et\/wp-json\/wp\/v2\/product_cat?post=68744"},{"taxonomy":"product_tag","embeddable":true,"href":"https:\/\/www.outdoors.ee\/et\/wp-json\/wp\/v2\/product_tag?post=68744"}],"curies":[{"name":"wp","href":"https:\/\/api.w.org\/{rel}","templated":true}]}}