{"id":68522,"date":"2022-05-31T13:20:41","date_gmt":"2022-05-31T10:20:41","guid":{"rendered":"https:\/\/www.outdoors.ee\/?post_type=product&#038;p=68522"},"modified":"2026-02-18T14:24:30","modified_gmt":"2026-02-18T12:24:30","slug":"austria-armee-termojope-olive","status":"publish","type":"product","link":"https:\/\/www.outdoors.ee\/et\/toode\/austria-armee-termojope-olive\/","title":{"rendered":"Austria Armee termojope Olive"},"content":{"rendered":"<p style=\"text-align: justify;\"><strong>Omadused<\/strong>:<\/p>\n<ul>\n<li>Austria s\u00f5jav\u00e4e originaal<\/li>\n<li>t\u00e4ispikkuses t\u00f5mblukuga eest suletav<\/li>\n<li>venivad mansetid ning alumine \u00e4\u00e4r<\/li>\n<li>2 t\u00f5mblukuga suletavat k\u00e4etaskut<\/li>\n<li>kaal ca 550g<\/li>\n<\/ul>\n<p><strong>Suurus <\/strong>(R\u00dc): <strong>S<\/strong> (36in\/92cm), <strong>M<\/strong> (39,5in\/100cm), <strong>L<\/strong> (42,5in\/108cm), <strong>XL<\/strong> (45,5in\/116cm)<\/p>\n<p style=\"text-align: justify;\"><strong>Seisukord:\u00a0<\/strong><\/p>\n<ul>\n<li>uus (ilma j\u00e4em\u00fc\u00fcgipakendita, v\u00f5ib sisaldada hulgiladustamise j\u00e4lgi)<\/li>\n<li>uuev\u00e4\u00e4rne (sisaldab kergeid kulumisj\u00e4lgi)<\/li>\n<li>kasutatud, Grade 1 (sisaldab m\u00f5\u00f5dukaid kulumisj\u00e4lgi ning v\u00f5ib olla kergelt m\u00e4\u00e4rdunud ning sisaldada v\u00e4iksemaid vigastusi)<\/li>\n<\/ul>\n","protected":false},"excerpt":{"rendered":"<p>Omadused: Austria s\u00f5jav\u00e4e originaal t\u00e4ispikkuses t\u00f5mblukuga eest suletav venivad mansetid ning alumine \u00e4\u00e4r 2 t\u00f5mblukuga suletavat k\u00e4etaskut kaal ca 550g<\/p>\n","protected":false},"featured_media":68621,"template":"","meta":[],"product_brand":[],"product_cat":[101],"product_tag":[],"class_list":{"0":"post-68522","1":"product","2":"type-product","3":"status-publish","4":"has-post-thumbnail","6":"product_cat-joped-parkad","7":"pa_brand-austrian-military-surplus","8":"pa_condition-kasutatud-grade-1","9":"pa_condition-uuevaarne","10":"pa_condition-uus","11":"pa_size-l-2","12":"pa_size-m-2","13":"pa_size-s-2","14":"pa_size-xl-2","15":"pa_size-xxl-2","17":"first","18":"instock","19":"taxable","20":"shipping-taxable","21":"purchasable","22":"product-type-variable"},"yoast_head":"<!-- This site is optimized with the Yoast SEO plugin v27.2 - https:\/\/yoast.com\/product\/yoast-seo-wordpress\/ -->\n<title>Austria Armee termojope Olive - Outdoors<\/title>\n<meta name=\"description\" content=\"Originaalne kaasaaegne Briti s\u00f5jav\u00e4e PCS\u00b4i (Perconal Clothing System) kuuluv termojope, mis on m\u00f5eldud aastaringseks kasutamiseks. Termojope on m\u00f5eldud kasutamiseks sooja vahekihina, kuid kuiva ilmaga v\u00f5ib seda kanda ka eraldi jopena.\u00a0Jopel on traadiga \u00e4\u00e4res kraesse kokkupandav kapuuts. Jope rinnatasku t\u00e4idab vajadusel kompressioonkoti funktsiooni, mille sisse saab jopet kokku pakkida. Jopel on venivad mansetid, pingutusn\u00f6\u00f6rid kraes ning alumises \u00e4\u00e4res, t\u00e4ispikkuses t\u00f5mblukk ja kaks t\u00f5mblukuga k\u00e4etaskut. Suurused (pikkus\/rinn\u00fcmberm\u00f5\u00f5t, cm): S - 160\/80; M - 170\/90, L - 180\/100, XL - 190\/110, XXL - 200\/120 Seisukord:\u00a0 uus (v\u00f5ib sisaldada hulgiladustamise j\u00e4lgi) uuev\u00e4\u00e4rne (sisaldab minimaalseid kulumisj\u00e4lgi) kasutatud, Grade 1 (heas korras, v\u00f5ib esineda kulumisj\u00e4lgi ning olla m\u00e4\u00e4rdunud\/vajada pesu, v\u00f5ib sisaldada v\u00e4iksemaid vigastusi)\" \/>\n<meta name=\"robots\" content=\"index, follow, max-snippet:-1, max-image-preview:large, max-video-preview:-1\" \/>\n<link rel=\"canonical\" href=\"https:\/\/www.outdoors.ee\/et\/toode\/austria-armee-termojope-olive\/\" \/>\n<meta property=\"og:locale\" content=\"et_EE\" \/>\n<meta property=\"og:type\" content=\"article\" \/>\n<meta property=\"og:title\" content=\"Briti Armee termojope PCS Thermal Jacket\" \/>\n<meta property=\"og:description\" content=\"Originaalne kaasaaegne Briti s\u00f5jav\u00e4e PCS\u00b4i (Perconal Clothing System) kuuluv termojope, mis on m\u00f5eldud aastaringseks kasutamiseks. Termojope on m\u00f5eldud kasutamiseks sooja vahekihina, kuid kuiva ilmaga v\u00f5ib seda kanda ka eraldi jopena.\u00a0Jopel on traadiga \u00e4\u00e4res kraesse kokkupandav kapuuts. Jope rinnatasku t\u00e4idab vajadusel kompressioonkoti funktsiooni, mille sisse saab jopet kokku pakkida. Jopel on venivad mansetid, pingutusn\u00f6\u00f6rid kraes ning alumises \u00e4\u00e4res, t\u00e4ispikkuses t\u00f5mblukk ja kaks t\u00f5mblukuga k\u00e4etaskut. Suurused (pikkus\/rinn\u00fcmberm\u00f5\u00f5t, cm): S - 160\/80; M - 170\/90, L - 180\/100, XL - 190\/110, XXL - 200\/120 Seisukord:\u00a0 uus (v\u00f5ib sisaldada hulgiladustamise j\u00e4lgi) uuev\u00e4\u00e4rne (sisaldab minimaalseid kulumisj\u00e4lgi) kasutatud, Grade 1 (heas korras, v\u00f5ib esineda kulumisj\u00e4lgi ning olla m\u00e4\u00e4rdunud\/vajada pesu, v\u00f5ib sisaldada v\u00e4iksemaid vigastusi)\" \/>\n<meta property=\"og:url\" content=\"https:\/\/www.outdoors.ee\/et\/toode\/austria-armee-termojope-olive\/\" \/>\n<meta property=\"og:site_name\" content=\"Outdoors\" \/>\n<meta property=\"article:modified_time\" content=\"2026-02-18T12:24:30+00:00\" \/>\n<meta property=\"og:image\" content=\"https:\/\/www.outdoors.ee\/wp-content\/uploads\/2022\/05\/0417-Austrian-Army-Thermal-Jacket-Olive-1-1.jpg\" \/>\n\t<meta property=\"og:image:width\" content=\"2000\" \/>\n\t<meta property=\"og:image:height\" content=\"2000\" \/>\n\t<meta property=\"og:image:type\" content=\"image\/jpeg\" \/>\n<meta name=\"twitter:card\" content=\"summary_large_image\" \/>\n<meta name=\"twitter:label1\" content=\"Est. reading time\" \/>\n\t<meta name=\"twitter:data1\" content=\"1 minut\" \/>\n<script type=\"application\/ld+json\" class=\"yoast-schema-graph\">{\"@context\":\"https:\/\/schema.org\",\"@graph\":[{\"@type\":\"WebPage\",\"@id\":\"https:\/\/www.outdoors.ee\/et\/toode\/austria-armee-termojope-olive\/\",\"url\":\"https:\/\/www.outdoors.ee\/et\/toode\/austria-armee-termojope-olive\/\",\"name\":\"Austria Armee termojope Olive - Outdoors\",\"isPartOf\":{\"@id\":\"https:\/\/www.outdoors.ee\/#website\"},\"primaryImageOfPage\":{\"@id\":\"https:\/\/www.outdoors.ee\/et\/toode\/austria-armee-termojope-olive\/#primaryimage\"},\"image\":{\"@id\":\"https:\/\/www.outdoors.ee\/et\/toode\/austria-armee-termojope-olive\/#primaryimage\"},\"thumbnailUrl\":\"https:\/\/www.outdoors.ee\/wp-content\/uploads\/2022\/05\/0417-Austrian-Army-Thermal-Jacket-Olive-1-1.jpg\",\"datePublished\":\"2022-05-31T10:20:41+00:00\",\"dateModified\":\"2026-02-18T12:24:30+00:00\",\"description\":\"Originaalne kaasaaegne Briti s\u00f5jav\u00e4e PCS\u00b4i (Perconal Clothing System) kuuluv termojope, mis on m\u00f5eldud aastaringseks kasutamiseks. Termojope on m\u00f5eldud kasutamiseks sooja vahekihina, kuid kuiva ilmaga v\u00f5ib seda kanda ka eraldi jopena.\u00a0Jopel on traadiga \u00e4\u00e4res kraesse kokkupandav kapuuts. Jope rinnatasku t\u00e4idab vajadusel kompressioonkoti funktsiooni, mille sisse saab jopet kokku pakkida. Jopel on venivad mansetid, pingutusn\u00f6\u00f6rid kraes ning alumises \u00e4\u00e4res, t\u00e4ispikkuses t\u00f5mblukk ja kaks t\u00f5mblukuga k\u00e4etaskut. Suurused (pikkus\/rinn\u00fcmberm\u00f5\u00f5t, cm): S - 160\/80; M - 170\/90, L - 180\/100, XL - 190\/110, XXL - 200\/120 Seisukord:\u00a0 uus (v\u00f5ib sisaldada hulgiladustamise j\u00e4lgi) uuev\u00e4\u00e4rne (sisaldab minimaalseid kulumisj\u00e4lgi) kasutatud, Grade 1 (heas korras, v\u00f5ib esineda kulumisj\u00e4lgi ning olla m\u00e4\u00e4rdunud\/vajada pesu, v\u00f5ib sisaldada v\u00e4iksemaid vigastusi)\",\"breadcrumb\":{\"@id\":\"https:\/\/www.outdoors.ee\/et\/toode\/austria-armee-termojope-olive\/#breadcrumb\"},\"inLanguage\":\"et\",\"potentialAction\":[{\"@type\":\"ReadAction\",\"target\":[\"https:\/\/www.outdoors.ee\/et\/toode\/austria-armee-termojope-olive\/\"]}]},{\"@type\":\"ImageObject\",\"inLanguage\":\"et\",\"@id\":\"https:\/\/www.outdoors.ee\/et\/toode\/austria-armee-termojope-olive\/#primaryimage\",\"url\":\"https:\/\/www.outdoors.ee\/wp-content\/uploads\/2022\/05\/0417-Austrian-Army-Thermal-Jacket-Olive-1-1.jpg\",\"contentUrl\":\"https:\/\/www.outdoors.ee\/wp-content\/uploads\/2022\/05\/0417-Austrian-Army-Thermal-Jacket-Olive-1-1.jpg\",\"width\":2000,\"height\":2000},{\"@type\":\"BreadcrumbList\",\"@id\":\"https:\/\/www.outdoors.ee\/et\/toode\/austria-armee-termojope-olive\/#breadcrumb\",\"itemListElement\":[{\"@type\":\"ListItem\",\"position\":1,\"name\":\"Home\",\"item\":\"https:\/\/www.outdoors.ee\/et\/\"},{\"@type\":\"ListItem\",\"position\":2,\"name\":\"Tooted\",\"item\":\"https:\/\/www.outdoors.ee\/products\/\"},{\"@type\":\"ListItem\",\"position\":3,\"name\":\"Austria Armee termojope Olive\"}]},{\"@type\":\"WebSite\",\"@id\":\"https:\/\/www.outdoors.ee\/#website\",\"url\":\"https:\/\/www.outdoors.ee\/\",\"name\":\"Outdoors\",\"description\":\"Genuine military surplus and not only!\",\"potentialAction\":[{\"@type\":\"SearchAction\",\"target\":{\"@type\":\"EntryPoint\",\"urlTemplate\":\"https:\/\/www.outdoors.ee\/?s={search_term_string}\"},\"query-input\":{\"@type\":\"PropertyValueSpecification\",\"valueRequired\":true,\"valueName\":\"search_term_string\"}}],\"inLanguage\":\"et\"}]}<\/script>\n<!-- \/ Yoast SEO plugin. -->","yoast_head_json":{"title":"Austria Armee termojope Olive - Outdoors","description":"Originaalne kaasaaegne Briti s\u00f5jav\u00e4e PCS\u00b4i (Perconal Clothing System) kuuluv termojope, mis on m\u00f5eldud aastaringseks kasutamiseks. Termojope on m\u00f5eldud kasutamiseks sooja vahekihina, kuid kuiva ilmaga v\u00f5ib seda kanda ka eraldi jopena.\u00a0Jopel on traadiga \u00e4\u00e4res kraesse kokkupandav kapuuts. Jope rinnatasku t\u00e4idab vajadusel kompressioonkoti funktsiooni, mille sisse saab jopet kokku pakkida. Jopel on venivad mansetid, pingutusn\u00f6\u00f6rid kraes ning alumises \u00e4\u00e4res, t\u00e4ispikkuses t\u00f5mblukk ja kaks t\u00f5mblukuga k\u00e4etaskut. Suurused (pikkus\/rinn\u00fcmberm\u00f5\u00f5t, cm): S - 160\/80; M - 170\/90, L - 180\/100, XL - 190\/110, XXL - 200\/120 Seisukord:\u00a0 uus (v\u00f5ib sisaldada hulgiladustamise j\u00e4lgi) uuev\u00e4\u00e4rne (sisaldab minimaalseid kulumisj\u00e4lgi) kasutatud, Grade 1 (heas korras, v\u00f5ib esineda kulumisj\u00e4lgi ning olla m\u00e4\u00e4rdunud\/vajada pesu, v\u00f5ib sisaldada v\u00e4iksemaid vigastusi)","robots":{"index":"index","follow":"follow","max-snippet":"max-snippet:-1","max-image-preview":"max-image-preview:large","max-video-preview":"max-video-preview:-1"},"canonical":"https:\/\/www.outdoors.ee\/et\/toode\/austria-armee-termojope-olive\/","og_locale":"et_EE","og_type":"article","og_title":"Briti Armee termojope PCS Thermal Jacket","og_description":"Originaalne kaasaaegne Briti s\u00f5jav\u00e4e PCS\u00b4i (Perconal Clothing System) kuuluv termojope, mis on m\u00f5eldud aastaringseks kasutamiseks. Termojope on m\u00f5eldud kasutamiseks sooja vahekihina, kuid kuiva ilmaga v\u00f5ib seda kanda ka eraldi jopena.\u00a0Jopel on traadiga \u00e4\u00e4res kraesse kokkupandav kapuuts. Jope rinnatasku t\u00e4idab vajadusel kompressioonkoti funktsiooni, mille sisse saab jopet kokku pakkida. Jopel on venivad mansetid, pingutusn\u00f6\u00f6rid kraes ning alumises \u00e4\u00e4res, t\u00e4ispikkuses t\u00f5mblukk ja kaks t\u00f5mblukuga k\u00e4etaskut. Suurused (pikkus\/rinn\u00fcmberm\u00f5\u00f5t, cm): S - 160\/80; M - 170\/90, L - 180\/100, XL - 190\/110, XXL - 200\/120 Seisukord:\u00a0 uus (v\u00f5ib sisaldada hulgiladustamise j\u00e4lgi) uuev\u00e4\u00e4rne (sisaldab minimaalseid kulumisj\u00e4lgi) kasutatud, Grade 1 (heas korras, v\u00f5ib esineda kulumisj\u00e4lgi ning olla m\u00e4\u00e4rdunud\/vajada pesu, v\u00f5ib sisaldada v\u00e4iksemaid vigastusi)","og_url":"https:\/\/www.outdoors.ee\/et\/toode\/austria-armee-termojope-olive\/","og_site_name":"Outdoors","article_modified_time":"2026-02-18T12:24:30+00:00","og_image":[{"width":2000,"height":2000,"url":"https:\/\/www.outdoors.ee\/wp-content\/uploads\/2022\/05\/0417-Austrian-Army-Thermal-Jacket-Olive-1-1.jpg","type":"image\/jpeg"}],"twitter_card":"summary_large_image","twitter_misc":{"Est. reading time":"1 minut"},"schema":{"@context":"https:\/\/schema.org","@graph":[{"@type":"WebPage","@id":"https:\/\/www.outdoors.ee\/et\/toode\/austria-armee-termojope-olive\/","url":"https:\/\/www.outdoors.ee\/et\/toode\/austria-armee-termojope-olive\/","name":"Austria Armee termojope Olive - Outdoors","isPartOf":{"@id":"https:\/\/www.outdoors.ee\/#website"},"primaryImageOfPage":{"@id":"https:\/\/www.outdoors.ee\/et\/toode\/austria-armee-termojope-olive\/#primaryimage"},"image":{"@id":"https:\/\/www.outdoors.ee\/et\/toode\/austria-armee-termojope-olive\/#primaryimage"},"thumbnailUrl":"https:\/\/www.outdoors.ee\/wp-content\/uploads\/2022\/05\/0417-Austrian-Army-Thermal-Jacket-Olive-1-1.jpg","datePublished":"2022-05-31T10:20:41+00:00","dateModified":"2026-02-18T12:24:30+00:00","description":"Originaalne kaasaaegne Briti s\u00f5jav\u00e4e PCS\u00b4i (Perconal Clothing System) kuuluv termojope, mis on m\u00f5eldud aastaringseks kasutamiseks. Termojope on m\u00f5eldud kasutamiseks sooja vahekihina, kuid kuiva ilmaga v\u00f5ib seda kanda ka eraldi jopena.\u00a0Jopel on traadiga \u00e4\u00e4res kraesse kokkupandav kapuuts. Jope rinnatasku t\u00e4idab vajadusel kompressioonkoti funktsiooni, mille sisse saab jopet kokku pakkida. Jopel on venivad mansetid, pingutusn\u00f6\u00f6rid kraes ning alumises \u00e4\u00e4res, t\u00e4ispikkuses t\u00f5mblukk ja kaks t\u00f5mblukuga k\u00e4etaskut. Suurused (pikkus\/rinn\u00fcmberm\u00f5\u00f5t, cm): S - 160\/80; M - 170\/90, L - 180\/100, XL - 190\/110, XXL - 200\/120 Seisukord:\u00a0 uus (v\u00f5ib sisaldada hulgiladustamise j\u00e4lgi) uuev\u00e4\u00e4rne (sisaldab minimaalseid kulumisj\u00e4lgi) kasutatud, Grade 1 (heas korras, v\u00f5ib esineda kulumisj\u00e4lgi ning olla m\u00e4\u00e4rdunud\/vajada pesu, v\u00f5ib sisaldada v\u00e4iksemaid vigastusi)","breadcrumb":{"@id":"https:\/\/www.outdoors.ee\/et\/toode\/austria-armee-termojope-olive\/#breadcrumb"},"inLanguage":"et","potentialAction":[{"@type":"ReadAction","target":["https:\/\/www.outdoors.ee\/et\/toode\/austria-armee-termojope-olive\/"]}]},{"@type":"ImageObject","inLanguage":"et","@id":"https:\/\/www.outdoors.ee\/et\/toode\/austria-armee-termojope-olive\/#primaryimage","url":"https:\/\/www.outdoors.ee\/wp-content\/uploads\/2022\/05\/0417-Austrian-Army-Thermal-Jacket-Olive-1-1.jpg","contentUrl":"https:\/\/www.outdoors.ee\/wp-content\/uploads\/2022\/05\/0417-Austrian-Army-Thermal-Jacket-Olive-1-1.jpg","width":2000,"height":2000},{"@type":"BreadcrumbList","@id":"https:\/\/www.outdoors.ee\/et\/toode\/austria-armee-termojope-olive\/#breadcrumb","itemListElement":[{"@type":"ListItem","position":1,"name":"Home","item":"https:\/\/www.outdoors.ee\/et\/"},{"@type":"ListItem","position":2,"name":"Tooted","item":"https:\/\/www.outdoors.ee\/products\/"},{"@type":"ListItem","position":3,"name":"Austria Armee termojope Olive"}]},{"@type":"WebSite","@id":"https:\/\/www.outdoors.ee\/#website","url":"https:\/\/www.outdoors.ee\/","name":"Outdoors","description":"Genuine military surplus and not only!","potentialAction":[{"@type":"SearchAction","target":{"@type":"EntryPoint","urlTemplate":"https:\/\/www.outdoors.ee\/?s={search_term_string}"},"query-input":{"@type":"PropertyValueSpecification","valueRequired":true,"valueName":"search_term_string"}}],"inLanguage":"et"}]}},"_links":{"self":[{"href":"https:\/\/www.outdoors.ee\/et\/wp-json\/wp\/v2\/product\/68522","targetHints":{"allow":["GET"]}}],"collection":[{"href":"https:\/\/www.outdoors.ee\/et\/wp-json\/wp\/v2\/product"}],"about":[{"href":"https:\/\/www.outdoors.ee\/et\/wp-json\/wp\/v2\/types\/product"}],"wp:featuredmedia":[{"embeddable":true,"href":"https:\/\/www.outdoors.ee\/et\/wp-json\/wp\/v2\/media\/68621"}],"wp:attachment":[{"href":"https:\/\/www.outdoors.ee\/et\/wp-json\/wp\/v2\/media?parent=68522"}],"wp:term":[{"taxonomy":"product_brand","embeddable":true,"href":"https:\/\/www.outdoors.ee\/et\/wp-json\/wp\/v2\/product_brand?post=68522"},{"taxonomy":"product_cat","embeddable":true,"href":"https:\/\/www.outdoors.ee\/et\/wp-json\/wp\/v2\/product_cat?post=68522"},{"taxonomy":"product_tag","embeddable":true,"href":"https:\/\/www.outdoors.ee\/et\/wp-json\/wp\/v2\/product_tag?post=68522"}],"curies":[{"name":"wp","href":"https:\/\/api.w.org\/{rel}","templated":true}]}}