{"id":68320,"date":"2022-05-20T14:25:42","date_gmt":"2022-05-20T11:25:54","guid":{"rendered":"https:\/\/www.outdoors.ee\/?post_type=product&#038;p=68320"},"modified":"2024-11-20T18:37:58","modified_gmt":"2024-11-20T16:37:58","slug":"briti-armee-seljakott-plce-long-convoluted-back-dpm","status":"publish","type":"product","link":"https:\/\/www.outdoors.ee\/et\/toode\/briti-armee-seljakott-plce-long-convoluted-back-dpm\/","title":{"rendered":"Briti Armee seljakott PLCE Long Convoluted Back DPM"},"content":{"rendered":"<p style=\"text-align: justify;\">Briti jalav\u00e4e PLCE (Personal Load Carrying Equipment) originaal seljakott integreeritud alumiiniumraamiga DPM metsalaigus.<\/p>\n<p style=\"text-align: justify;\"><strong>Omadused<\/strong>:<\/p>\n<ul style=\"text-align: justify;\">\n<li>2 eemaldatavat k\u00fcljetaskut<\/li>\n<li>maht ca 110L koos k\u00fcljetaskutega<\/li>\n<li>integreeritud eemaldatav alumiiniumraam<\/li>\n<li>t\u00f5mblukuga pealmise kaane tasku<\/li>\n<li>t\u00f5mbluku ja takjapealaga tasku esipaneelil<\/li>\n<li>ilmastikukindel pealmine laiendus peasahtlile pingutusn\u00f6\u00f6riga<\/li>\n<li>pehmendatud \u00f5larihmad ning puusarihm<\/li>\n<li>pehmendatud seljaosa<\/li>\n<\/ul>\n<p style=\"text-align: justify;\"><strong>Seisukord<\/strong>:<\/p>\n<ul>\n<li>uus (v\u00f5ib sisaldada hulgiladustamise j\u00e4lgi)<\/li>\n<li>uuev\u00e4\u00e4rne (sisaldab minimaalseid kulumisj\u00e4lgi)<\/li>\n<li>kasutatud, Grade 1 (kergete v\u00f5i m\u00f5\u00f5dukate kulumisj\u00e4lgedega, ei sisalda m\u00e4rkimisv\u00e4\u00e4rseid vigastusi, v\u00f5ib olla kergelt m\u00e4\u00e4rdunud,\u00a0<strong>ilma k\u00fcljetaskuteta<\/strong>)<\/li>\n<li>kasutatud, Grade 2 (sisaldab m\u00f5\u00f5dukaid kulumisj\u00e4lgi, v\u00f5ib olla m\u00e4\u00e4rdunud. Ilma k\u00fcljetaskuteta ning ilma alumiiniumraamita. V\u00f5ib sisaldada v\u00e4ikseid vigastusi sh ka puusarihmal)<\/li>\n<\/ul>\n","protected":false},"excerpt":{"rendered":"<p>Briti Armee seljakott PLCE Long Convoluted Back, DPM<\/p>\n","protected":false},"featured_media":68331,"template":"","meta":[],"product_brand":[],"product_cat":[3539],"product_tag":[],"class_list":{"0":"post-68320","1":"product","2":"type-product","3":"status-publish","4":"has-post-thumbnail","6":"product_cat-seljakotid","7":"pa_brand-british-military-surplus","8":"pa_condition-kasutatud-grade-1","9":"pa_condition-kasutatud-grade-2","10":"pa_condition-uuevaarne","11":"pa_condition-uus","13":"first","14":"outofstock","15":"taxable","16":"shipping-taxable","17":"purchasable","18":"product-type-variable"},"yoast_head":"<!-- This site is optimized with the Yoast SEO plugin v27.2 - https:\/\/yoast.com\/product\/yoast-seo-wordpress\/ -->\n<title>Briti Armee seljakott PLCE DPM - outdoors.ee<\/title>\n<meta name=\"description\" content=\"Originaalne Briti PLCE (Personal Load Carrying Equipment) jalav\u00e4e seljakott integreeritud alumiiniumraamiga DPM metsalaigus. Omadused: maht ca 110ltr koos k\u00fcljetaskutega 2 eemaldatavat k\u00fcljetaskut integreeritud alumiiniumraam t\u00f5mblukuga pealmise kaane tasku v\u00e4iksem t\u00f5mbluku ja takjakinnitusega tasku ees ilmastikukindel pealmine peasahtli laiendus pehmendatud \u00f5larihmad ja puusarihm pehmendatud selja osa Seisukord: uuev\u00e4\u00e4rne (sisaldab vaid minimaalseid kulumisj\u00e4lgi) kasutatud, Grade 1 (heas korras, kergete kulumisj\u00e4lgedega, v\u00f5ib olla kergelt m\u00e4\u00e4rdunud) kasutatud, Grade 2 (m\u00f5\u00f5dukate kulumisj\u00e4lgedega, alumiiniumraam puudub ning v\u00f5ib esineda v\u00e4iksemaid vigastusi)\" \/>\n<meta name=\"robots\" content=\"index, follow, max-snippet:-1, max-image-preview:large, max-video-preview:-1\" \/>\n<link rel=\"canonical\" href=\"https:\/\/www.outdoors.ee\/et\/toode\/briti-armee-seljakott-plce-long-convoluted-back-dpm\/\" \/>\n<meta property=\"og:locale\" content=\"et_EE\" \/>\n<meta property=\"og:type\" content=\"article\" \/>\n<meta property=\"og:title\" content=\"Briti Armee seljakott PLCE DPM\" \/>\n<meta property=\"og:description\" content=\"Originaalne Briti PLCE (Personal Load Carrying Equipment) jalav\u00e4e seljakott integreeritud alumiiniumraamiga DPM metsalaigus. Omadused: maht ca 110ltr koos k\u00fcljetaskutega 2 eemaldatavat k\u00fcljetaskut integreeritud alumiiniumraam t\u00f5mblukuga pealmise kaane tasku v\u00e4iksem t\u00f5mbluku ja takjakinnitusega tasku ees ilmastikukindel pealmine peasahtli laiendus pehmendatud \u00f5larihmad ja puusarihm pehmendatud selja osa Seisukord: uuev\u00e4\u00e4rne (sisaldab vaid minimaalseid kulumisj\u00e4lgi) kasutatud, Grade 1 (heas korras, kergete kulumisj\u00e4lgedega, v\u00f5ib olla kergelt m\u00e4\u00e4rdunud) kasutatud, Grade 2 (m\u00f5\u00f5dukate kulumisj\u00e4lgedega, alumiiniumraam puudub ning v\u00f5ib esineda v\u00e4iksemaid vigastusi)\" \/>\n<meta property=\"og:url\" content=\"https:\/\/www.outdoors.ee\/et\/toode\/briti-armee-seljakott-plce-long-convoluted-back-dpm\/\" \/>\n<meta property=\"og:site_name\" content=\"Outdoors\" \/>\n<meta property=\"article:modified_time\" content=\"2024-11-20T16:37:58+00:00\" \/>\n<meta property=\"og:image\" content=\"https:\/\/www.outdoors.ee\/wp-content\/uploads\/2022\/05\/0221L-British-Army-PLCE-Long-Convoluted-Back-Rucksack-DPM-1.jpg\" \/>\n\t<meta property=\"og:image:width\" content=\"950\" \/>\n\t<meta property=\"og:image:height\" content=\"1000\" \/>\n\t<meta property=\"og:image:type\" content=\"image\/jpeg\" \/>\n<meta name=\"twitter:card\" content=\"summary_large_image\" \/>\n<meta name=\"twitter:title\" content=\"Briti Armee seljakott PLCE DPM\" \/>\n<meta name=\"twitter:label1\" content=\"Est. reading time\" \/>\n\t<meta name=\"twitter:data1\" content=\"1 minut\" \/>\n<script type=\"application\/ld+json\" class=\"yoast-schema-graph\">{\"@context\":\"https:\/\/schema.org\",\"@graph\":[{\"@type\":\"WebPage\",\"@id\":\"https:\/\/www.outdoors.ee\/et\/toode\/briti-armee-seljakott-plce-long-convoluted-back-dpm\/\",\"url\":\"https:\/\/www.outdoors.ee\/et\/toode\/briti-armee-seljakott-plce-long-convoluted-back-dpm\/\",\"name\":\"Briti Armee seljakott PLCE DPM - outdoors.ee\",\"isPartOf\":{\"@id\":\"https:\/\/www.outdoors.ee\/#website\"},\"primaryImageOfPage\":{\"@id\":\"https:\/\/www.outdoors.ee\/et\/toode\/briti-armee-seljakott-plce-long-convoluted-back-dpm\/#primaryimage\"},\"image\":{\"@id\":\"https:\/\/www.outdoors.ee\/et\/toode\/briti-armee-seljakott-plce-long-convoluted-back-dpm\/#primaryimage\"},\"thumbnailUrl\":\"https:\/\/www.outdoors.ee\/wp-content\/uploads\/2022\/05\/0221L-British-Army-PLCE-Long-Convoluted-Back-Rucksack-DPM-1.jpg\",\"datePublished\":\"2022-05-20T11:25:54+00:00\",\"dateModified\":\"2024-11-20T16:37:58+00:00\",\"description\":\"Originaalne Briti PLCE (Personal Load Carrying Equipment) jalav\u00e4e seljakott integreeritud alumiiniumraamiga DPM metsalaigus. Omadused: maht ca 110ltr koos k\u00fcljetaskutega 2 eemaldatavat k\u00fcljetaskut integreeritud alumiiniumraam t\u00f5mblukuga pealmise kaane tasku v\u00e4iksem t\u00f5mbluku ja takjakinnitusega tasku ees ilmastikukindel pealmine peasahtli laiendus pehmendatud \u00f5larihmad ja puusarihm pehmendatud selja osa Seisukord: uuev\u00e4\u00e4rne (sisaldab vaid minimaalseid kulumisj\u00e4lgi) kasutatud, Grade 1 (heas korras, kergete kulumisj\u00e4lgedega, v\u00f5ib olla kergelt m\u00e4\u00e4rdunud) kasutatud, Grade 2 (m\u00f5\u00f5dukate kulumisj\u00e4lgedega, alumiiniumraam puudub ning v\u00f5ib esineda v\u00e4iksemaid vigastusi)\",\"breadcrumb\":{\"@id\":\"https:\/\/www.outdoors.ee\/et\/toode\/briti-armee-seljakott-plce-long-convoluted-back-dpm\/#breadcrumb\"},\"inLanguage\":\"et\",\"potentialAction\":[{\"@type\":\"ReadAction\",\"target\":[\"https:\/\/www.outdoors.ee\/et\/toode\/briti-armee-seljakott-plce-long-convoluted-back-dpm\/\"]}]},{\"@type\":\"ImageObject\",\"inLanguage\":\"et\",\"@id\":\"https:\/\/www.outdoors.ee\/et\/toode\/briti-armee-seljakott-plce-long-convoluted-back-dpm\/#primaryimage\",\"url\":\"https:\/\/www.outdoors.ee\/wp-content\/uploads\/2022\/05\/0221L-British-Army-PLCE-Long-Convoluted-Back-Rucksack-DPM-1.jpg\",\"contentUrl\":\"https:\/\/www.outdoors.ee\/wp-content\/uploads\/2022\/05\/0221L-British-Army-PLCE-Long-Convoluted-Back-Rucksack-DPM-1.jpg\",\"width\":950,\"height\":1000},{\"@type\":\"BreadcrumbList\",\"@id\":\"https:\/\/www.outdoors.ee\/et\/toode\/briti-armee-seljakott-plce-long-convoluted-back-dpm\/#breadcrumb\",\"itemListElement\":[{\"@type\":\"ListItem\",\"position\":1,\"name\":\"Home\",\"item\":\"https:\/\/www.outdoors.ee\/et\/\"},{\"@type\":\"ListItem\",\"position\":2,\"name\":\"Tooted\",\"item\":\"https:\/\/www.outdoors.ee\/products\/\"},{\"@type\":\"ListItem\",\"position\":3,\"name\":\"Briti Armee seljakott PLCE Long Convoluted Back DPM\"}]},{\"@type\":\"WebSite\",\"@id\":\"https:\/\/www.outdoors.ee\/#website\",\"url\":\"https:\/\/www.outdoors.ee\/\",\"name\":\"Outdoors\",\"description\":\"Genuine military surplus and not only!\",\"potentialAction\":[{\"@type\":\"SearchAction\",\"target\":{\"@type\":\"EntryPoint\",\"urlTemplate\":\"https:\/\/www.outdoors.ee\/?s={search_term_string}\"},\"query-input\":{\"@type\":\"PropertyValueSpecification\",\"valueRequired\":true,\"valueName\":\"search_term_string\"}}],\"inLanguage\":\"et\"}]}<\/script>\n<!-- \/ Yoast SEO plugin. -->","yoast_head_json":{"title":"Briti Armee seljakott PLCE DPM - outdoors.ee","description":"Originaalne Briti PLCE (Personal Load Carrying Equipment) jalav\u00e4e seljakott integreeritud alumiiniumraamiga DPM metsalaigus. Omadused: maht ca 110ltr koos k\u00fcljetaskutega 2 eemaldatavat k\u00fcljetaskut integreeritud alumiiniumraam t\u00f5mblukuga pealmise kaane tasku v\u00e4iksem t\u00f5mbluku ja takjakinnitusega tasku ees ilmastikukindel pealmine peasahtli laiendus pehmendatud \u00f5larihmad ja puusarihm pehmendatud selja osa Seisukord: uuev\u00e4\u00e4rne (sisaldab vaid minimaalseid kulumisj\u00e4lgi) kasutatud, Grade 1 (heas korras, kergete kulumisj\u00e4lgedega, v\u00f5ib olla kergelt m\u00e4\u00e4rdunud) kasutatud, Grade 2 (m\u00f5\u00f5dukate kulumisj\u00e4lgedega, alumiiniumraam puudub ning v\u00f5ib esineda v\u00e4iksemaid vigastusi)","robots":{"index":"index","follow":"follow","max-snippet":"max-snippet:-1","max-image-preview":"max-image-preview:large","max-video-preview":"max-video-preview:-1"},"canonical":"https:\/\/www.outdoors.ee\/et\/toode\/briti-armee-seljakott-plce-long-convoluted-back-dpm\/","og_locale":"et_EE","og_type":"article","og_title":"Briti Armee seljakott PLCE DPM","og_description":"Originaalne Briti PLCE (Personal Load Carrying Equipment) jalav\u00e4e seljakott integreeritud alumiiniumraamiga DPM metsalaigus. Omadused: maht ca 110ltr koos k\u00fcljetaskutega 2 eemaldatavat k\u00fcljetaskut integreeritud alumiiniumraam t\u00f5mblukuga pealmise kaane tasku v\u00e4iksem t\u00f5mbluku ja takjakinnitusega tasku ees ilmastikukindel pealmine peasahtli laiendus pehmendatud \u00f5larihmad ja puusarihm pehmendatud selja osa Seisukord: uuev\u00e4\u00e4rne (sisaldab vaid minimaalseid kulumisj\u00e4lgi) kasutatud, Grade 1 (heas korras, kergete kulumisj\u00e4lgedega, v\u00f5ib olla kergelt m\u00e4\u00e4rdunud) kasutatud, Grade 2 (m\u00f5\u00f5dukate kulumisj\u00e4lgedega, alumiiniumraam puudub ning v\u00f5ib esineda v\u00e4iksemaid vigastusi)","og_url":"https:\/\/www.outdoors.ee\/et\/toode\/briti-armee-seljakott-plce-long-convoluted-back-dpm\/","og_site_name":"Outdoors","article_modified_time":"2024-11-20T16:37:58+00:00","og_image":[{"width":950,"height":1000,"url":"https:\/\/www.outdoors.ee\/wp-content\/uploads\/2022\/05\/0221L-British-Army-PLCE-Long-Convoluted-Back-Rucksack-DPM-1.jpg","type":"image\/jpeg"}],"twitter_card":"summary_large_image","twitter_title":"Briti Armee seljakott PLCE DPM","twitter_misc":{"Est. reading time":"1 minut"},"schema":{"@context":"https:\/\/schema.org","@graph":[{"@type":"WebPage","@id":"https:\/\/www.outdoors.ee\/et\/toode\/briti-armee-seljakott-plce-long-convoluted-back-dpm\/","url":"https:\/\/www.outdoors.ee\/et\/toode\/briti-armee-seljakott-plce-long-convoluted-back-dpm\/","name":"Briti Armee seljakott PLCE DPM - outdoors.ee","isPartOf":{"@id":"https:\/\/www.outdoors.ee\/#website"},"primaryImageOfPage":{"@id":"https:\/\/www.outdoors.ee\/et\/toode\/briti-armee-seljakott-plce-long-convoluted-back-dpm\/#primaryimage"},"image":{"@id":"https:\/\/www.outdoors.ee\/et\/toode\/briti-armee-seljakott-plce-long-convoluted-back-dpm\/#primaryimage"},"thumbnailUrl":"https:\/\/www.outdoors.ee\/wp-content\/uploads\/2022\/05\/0221L-British-Army-PLCE-Long-Convoluted-Back-Rucksack-DPM-1.jpg","datePublished":"2022-05-20T11:25:54+00:00","dateModified":"2024-11-20T16:37:58+00:00","description":"Originaalne Briti PLCE (Personal Load Carrying Equipment) jalav\u00e4e seljakott integreeritud alumiiniumraamiga DPM metsalaigus. Omadused: maht ca 110ltr koos k\u00fcljetaskutega 2 eemaldatavat k\u00fcljetaskut integreeritud alumiiniumraam t\u00f5mblukuga pealmise kaane tasku v\u00e4iksem t\u00f5mbluku ja takjakinnitusega tasku ees ilmastikukindel pealmine peasahtli laiendus pehmendatud \u00f5larihmad ja puusarihm pehmendatud selja osa Seisukord: uuev\u00e4\u00e4rne (sisaldab vaid minimaalseid kulumisj\u00e4lgi) kasutatud, Grade 1 (heas korras, kergete kulumisj\u00e4lgedega, v\u00f5ib olla kergelt m\u00e4\u00e4rdunud) kasutatud, Grade 2 (m\u00f5\u00f5dukate kulumisj\u00e4lgedega, alumiiniumraam puudub ning v\u00f5ib esineda v\u00e4iksemaid vigastusi)","breadcrumb":{"@id":"https:\/\/www.outdoors.ee\/et\/toode\/briti-armee-seljakott-plce-long-convoluted-back-dpm\/#breadcrumb"},"inLanguage":"et","potentialAction":[{"@type":"ReadAction","target":["https:\/\/www.outdoors.ee\/et\/toode\/briti-armee-seljakott-plce-long-convoluted-back-dpm\/"]}]},{"@type":"ImageObject","inLanguage":"et","@id":"https:\/\/www.outdoors.ee\/et\/toode\/briti-armee-seljakott-plce-long-convoluted-back-dpm\/#primaryimage","url":"https:\/\/www.outdoors.ee\/wp-content\/uploads\/2022\/05\/0221L-British-Army-PLCE-Long-Convoluted-Back-Rucksack-DPM-1.jpg","contentUrl":"https:\/\/www.outdoors.ee\/wp-content\/uploads\/2022\/05\/0221L-British-Army-PLCE-Long-Convoluted-Back-Rucksack-DPM-1.jpg","width":950,"height":1000},{"@type":"BreadcrumbList","@id":"https:\/\/www.outdoors.ee\/et\/toode\/briti-armee-seljakott-plce-long-convoluted-back-dpm\/#breadcrumb","itemListElement":[{"@type":"ListItem","position":1,"name":"Home","item":"https:\/\/www.outdoors.ee\/et\/"},{"@type":"ListItem","position":2,"name":"Tooted","item":"https:\/\/www.outdoors.ee\/products\/"},{"@type":"ListItem","position":3,"name":"Briti Armee seljakott PLCE Long Convoluted Back DPM"}]},{"@type":"WebSite","@id":"https:\/\/www.outdoors.ee\/#website","url":"https:\/\/www.outdoors.ee\/","name":"Outdoors","description":"Genuine military surplus and not only!","potentialAction":[{"@type":"SearchAction","target":{"@type":"EntryPoint","urlTemplate":"https:\/\/www.outdoors.ee\/?s={search_term_string}"},"query-input":{"@type":"PropertyValueSpecification","valueRequired":true,"valueName":"search_term_string"}}],"inLanguage":"et"}]}},"_links":{"self":[{"href":"https:\/\/www.outdoors.ee\/et\/wp-json\/wp\/v2\/product\/68320","targetHints":{"allow":["GET"]}}],"collection":[{"href":"https:\/\/www.outdoors.ee\/et\/wp-json\/wp\/v2\/product"}],"about":[{"href":"https:\/\/www.outdoors.ee\/et\/wp-json\/wp\/v2\/types\/product"}],"wp:featuredmedia":[{"embeddable":true,"href":"https:\/\/www.outdoors.ee\/et\/wp-json\/wp\/v2\/media\/68331"}],"wp:attachment":[{"href":"https:\/\/www.outdoors.ee\/et\/wp-json\/wp\/v2\/media?parent=68320"}],"wp:term":[{"taxonomy":"product_brand","embeddable":true,"href":"https:\/\/www.outdoors.ee\/et\/wp-json\/wp\/v2\/product_brand?post=68320"},{"taxonomy":"product_cat","embeddable":true,"href":"https:\/\/www.outdoors.ee\/et\/wp-json\/wp\/v2\/product_cat?post=68320"},{"taxonomy":"product_tag","embeddable":true,"href":"https:\/\/www.outdoors.ee\/et\/wp-json\/wp\/v2\/product_tag?post=68320"}],"curies":[{"name":"wp","href":"https:\/\/api.w.org\/{rel}","templated":true}]}}