{"id":67718,"date":"2022-04-19T14:47:17","date_gmt":"2022-04-19T12:08:58","guid":{"rendered":"https:\/\/www.outdoors.ee\/?post_type=product&#038;p=67718"},"modified":"2022-04-19T15:08:59","modified_gmt":"2022-04-19T12:08:59","slug":"berghaus-relvakott-smps-drag-bag-long","status":"publish","type":"product","link":"https:\/\/www.outdoors.ee\/et\/toode\/berghaus-relvakott-smps-drag-bag-long\/","title":{"rendered":"Berghaus relvakott SMPS Drag Bag Long"},"content":{"rendered":"<p>Praktiline kott relvale pikkusega kuni 130cm v\u00f5i pikemale lahtiv\u00f5etud kujul. Sobib kokku Berghaus Crusader RC seljakoti vastava sahtliga.<\/p>\n<p><strong>Omadused<\/strong>:<\/p>\n<ul>\n<li>Sisemine Molle kinnituspaneel<\/li>\n<li>Rihmad plastikpandlatega relva kinnitamiseks<\/li>\n<li>T\u00e4ispikkuses t\u00f5mbluku (ning trukkidega klapi) abil avatav<\/li>\n<li>Seljakotina kantav, eemaldatavate \u00f5larihmadega (ja rinnarihmaga) ning klambriga varustatud puusav\u00f6\u00f6ga<\/li>\n<li>Materjal: Nailon (Armadura 1000D)<\/li>\n<li>Kaal ca: 2,8kg<\/li>\n<li>M\u00f5\u00f5dud, cm: 135 x 38 x 9<\/li>\n<\/ul>\n<p><strong>Seisukord:<\/strong> uus (v\u00f5ib sisaldada hulgiladustamise j\u00e4lgi)<\/p>\n","protected":false},"excerpt":{"rendered":"<p>Berghaus relvakott SMPS Drag Bag Long, roheline<\/p>\n","protected":false},"featured_media":67710,"template":"","meta":[],"product_brand":[],"product_cat":[3541],"product_tag":[],"class_list":{"0":"post-67718","1":"product","2":"type-product","3":"status-publish","4":"has-post-thumbnail","6":"product_cat-kotid-taskud","7":"pa_brand-berghaus-2","8":"pa_brand-dutch-military-surplus","10":"first","11":"outofstock","12":"taxable","13":"shipping-taxable","14":"purchasable","15":"product-type-simple"},"yoast_head":"<!-- This site is optimized with the Yoast SEO plugin v27.2 - https:\/\/yoast.com\/product\/yoast-seo-wordpress\/ -->\n<title>Berghaus relvakott SMPS Drag Bag Long - Outdoors<\/title>\n<meta name=\"robots\" content=\"index, follow, max-snippet:-1, max-image-preview:large, max-video-preview:-1\" \/>\n<link rel=\"canonical\" href=\"https:\/\/www.outdoors.ee\/toode\/berghaus-smps-drag-bag-long\/\" \/>\n<meta property=\"og:locale\" content=\"et_EE\" \/>\n<meta property=\"og:type\" content=\"article\" \/>\n<meta property=\"og:title\" content=\"Berghaus relvakott SMPS Drag Bag Long - Outdoors\" \/>\n<meta property=\"og:description\" content=\"Berghaus relvakott SMPS Drag Bag Long, roheline\" \/>\n<meta property=\"og:url\" content=\"https:\/\/www.outdoors.ee\/toode\/berghaus-smps-drag-bag-long\/\" \/>\n<meta property=\"og:site_name\" content=\"Outdoors\" \/>\n<meta property=\"article:modified_time\" content=\"2022-04-19T12:08:59+00:00\" \/>\n<meta property=\"og:image\" content=\"https:\/\/www.outdoors.ee\/wp-content\/uploads\/2022\/04\/0938-Berghaus-SMPS-Drag-Bag-Long-1-scaled.jpg\" \/>\n\t<meta property=\"og:image:width\" content=\"1773\" \/>\n\t<meta property=\"og:image:height\" content=\"2560\" \/>\n\t<meta property=\"og:image:type\" content=\"image\/jpeg\" \/>\n<meta name=\"twitter:card\" content=\"summary_large_image\" \/>\n<meta name=\"twitter:label1\" content=\"Est. reading time\" \/>\n\t<meta name=\"twitter:data1\" content=\"1 minut\" \/>\n<script type=\"application\/ld+json\" class=\"yoast-schema-graph\">{\"@context\":\"https:\/\/schema.org\",\"@graph\":[{\"@type\":\"WebPage\",\"@id\":\"https:\/\/www.outdoors.ee\/toode\/berghaus-smps-drag-bag-long\/\",\"url\":\"https:\/\/www.outdoors.ee\/toode\/berghaus-smps-drag-bag-long\/\",\"name\":\"Berghaus relvakott SMPS Drag Bag Long - Outdoors\",\"isPartOf\":{\"@id\":\"https:\/\/www.outdoors.ee\/#website\"},\"primaryImageOfPage\":{\"@id\":\"https:\/\/www.outdoors.ee\/toode\/berghaus-smps-drag-bag-long\/#primaryimage\"},\"image\":{\"@id\":\"https:\/\/www.outdoors.ee\/toode\/berghaus-smps-drag-bag-long\/#primaryimage\"},\"thumbnailUrl\":\"https:\/\/www.outdoors.ee\/wp-content\/uploads\/2022\/04\/0938-Berghaus-SMPS-Drag-Bag-Long-1-scaled.jpg\",\"datePublished\":\"2022-04-19T12:08:58+00:00\",\"dateModified\":\"2022-04-19T12:08:59+00:00\",\"breadcrumb\":{\"@id\":\"https:\/\/www.outdoors.ee\/toode\/berghaus-smps-drag-bag-long\/#breadcrumb\"},\"inLanguage\":\"et\",\"potentialAction\":[{\"@type\":\"ReadAction\",\"target\":[\"https:\/\/www.outdoors.ee\/toode\/berghaus-smps-drag-bag-long\/\"]}]},{\"@type\":\"ImageObject\",\"inLanguage\":\"et\",\"@id\":\"https:\/\/www.outdoors.ee\/toode\/berghaus-smps-drag-bag-long\/#primaryimage\",\"url\":\"https:\/\/www.outdoors.ee\/wp-content\/uploads\/2022\/04\/0938-Berghaus-SMPS-Drag-Bag-Long-1-scaled.jpg\",\"contentUrl\":\"https:\/\/www.outdoors.ee\/wp-content\/uploads\/2022\/04\/0938-Berghaus-SMPS-Drag-Bag-Long-1-scaled.jpg\",\"width\":1773,\"height\":2560},{\"@type\":\"BreadcrumbList\",\"@id\":\"https:\/\/www.outdoors.ee\/toode\/berghaus-smps-drag-bag-long\/#breadcrumb\",\"itemListElement\":[{\"@type\":\"ListItem\",\"position\":1,\"name\":\"Home\",\"item\":\"https:\/\/www.outdoors.ee\/et\/\"},{\"@type\":\"ListItem\",\"position\":2,\"name\":\"Tooted\",\"item\":\"https:\/\/www.outdoors.ee\/products\/\"},{\"@type\":\"ListItem\",\"position\":3,\"name\":\"Berghaus relvakott SMPS Drag Bag Long\"}]},{\"@type\":\"WebSite\",\"@id\":\"https:\/\/www.outdoors.ee\/#website\",\"url\":\"https:\/\/www.outdoors.ee\/\",\"name\":\"Outdoors\",\"description\":\"Genuine military surplus and not only!\",\"potentialAction\":[{\"@type\":\"SearchAction\",\"target\":{\"@type\":\"EntryPoint\",\"urlTemplate\":\"https:\/\/www.outdoors.ee\/?s={search_term_string}\"},\"query-input\":{\"@type\":\"PropertyValueSpecification\",\"valueRequired\":true,\"valueName\":\"search_term_string\"}}],\"inLanguage\":\"et\"}]}<\/script>\n<!-- \/ Yoast SEO plugin. -->","yoast_head_json":{"title":"Berghaus relvakott SMPS Drag Bag Long - Outdoors","robots":{"index":"index","follow":"follow","max-snippet":"max-snippet:-1","max-image-preview":"max-image-preview:large","max-video-preview":"max-video-preview:-1"},"canonical":"https:\/\/www.outdoors.ee\/toode\/berghaus-smps-drag-bag-long\/","og_locale":"et_EE","og_type":"article","og_title":"Berghaus relvakott SMPS Drag Bag Long - Outdoors","og_description":"Berghaus relvakott SMPS Drag Bag Long, roheline","og_url":"https:\/\/www.outdoors.ee\/toode\/berghaus-smps-drag-bag-long\/","og_site_name":"Outdoors","article_modified_time":"2022-04-19T12:08:59+00:00","og_image":[{"width":1773,"height":2560,"url":"https:\/\/www.outdoors.ee\/wp-content\/uploads\/2022\/04\/0938-Berghaus-SMPS-Drag-Bag-Long-1-scaled.jpg","type":"image\/jpeg"}],"twitter_card":"summary_large_image","twitter_misc":{"Est. reading time":"1 minut"},"schema":{"@context":"https:\/\/schema.org","@graph":[{"@type":"WebPage","@id":"https:\/\/www.outdoors.ee\/toode\/berghaus-smps-drag-bag-long\/","url":"https:\/\/www.outdoors.ee\/toode\/berghaus-smps-drag-bag-long\/","name":"Berghaus relvakott SMPS Drag Bag Long - Outdoors","isPartOf":{"@id":"https:\/\/www.outdoors.ee\/#website"},"primaryImageOfPage":{"@id":"https:\/\/www.outdoors.ee\/toode\/berghaus-smps-drag-bag-long\/#primaryimage"},"image":{"@id":"https:\/\/www.outdoors.ee\/toode\/berghaus-smps-drag-bag-long\/#primaryimage"},"thumbnailUrl":"https:\/\/www.outdoors.ee\/wp-content\/uploads\/2022\/04\/0938-Berghaus-SMPS-Drag-Bag-Long-1-scaled.jpg","datePublished":"2022-04-19T12:08:58+00:00","dateModified":"2022-04-19T12:08:59+00:00","breadcrumb":{"@id":"https:\/\/www.outdoors.ee\/toode\/berghaus-smps-drag-bag-long\/#breadcrumb"},"inLanguage":"et","potentialAction":[{"@type":"ReadAction","target":["https:\/\/www.outdoors.ee\/toode\/berghaus-smps-drag-bag-long\/"]}]},{"@type":"ImageObject","inLanguage":"et","@id":"https:\/\/www.outdoors.ee\/toode\/berghaus-smps-drag-bag-long\/#primaryimage","url":"https:\/\/www.outdoors.ee\/wp-content\/uploads\/2022\/04\/0938-Berghaus-SMPS-Drag-Bag-Long-1-scaled.jpg","contentUrl":"https:\/\/www.outdoors.ee\/wp-content\/uploads\/2022\/04\/0938-Berghaus-SMPS-Drag-Bag-Long-1-scaled.jpg","width":1773,"height":2560},{"@type":"BreadcrumbList","@id":"https:\/\/www.outdoors.ee\/toode\/berghaus-smps-drag-bag-long\/#breadcrumb","itemListElement":[{"@type":"ListItem","position":1,"name":"Home","item":"https:\/\/www.outdoors.ee\/et\/"},{"@type":"ListItem","position":2,"name":"Tooted","item":"https:\/\/www.outdoors.ee\/products\/"},{"@type":"ListItem","position":3,"name":"Berghaus relvakott SMPS Drag Bag Long"}]},{"@type":"WebSite","@id":"https:\/\/www.outdoors.ee\/#website","url":"https:\/\/www.outdoors.ee\/","name":"Outdoors","description":"Genuine military surplus and not only!","potentialAction":[{"@type":"SearchAction","target":{"@type":"EntryPoint","urlTemplate":"https:\/\/www.outdoors.ee\/?s={search_term_string}"},"query-input":{"@type":"PropertyValueSpecification","valueRequired":true,"valueName":"search_term_string"}}],"inLanguage":"et"}]}},"_links":{"self":[{"href":"https:\/\/www.outdoors.ee\/et\/wp-json\/wp\/v2\/product\/67718","targetHints":{"allow":["GET"]}}],"collection":[{"href":"https:\/\/www.outdoors.ee\/et\/wp-json\/wp\/v2\/product"}],"about":[{"href":"https:\/\/www.outdoors.ee\/et\/wp-json\/wp\/v2\/types\/product"}],"wp:featuredmedia":[{"embeddable":true,"href":"https:\/\/www.outdoors.ee\/et\/wp-json\/wp\/v2\/media\/67710"}],"wp:attachment":[{"href":"https:\/\/www.outdoors.ee\/et\/wp-json\/wp\/v2\/media?parent=67718"}],"wp:term":[{"taxonomy":"product_brand","embeddable":true,"href":"https:\/\/www.outdoors.ee\/et\/wp-json\/wp\/v2\/product_brand?post=67718"},{"taxonomy":"product_cat","embeddable":true,"href":"https:\/\/www.outdoors.ee\/et\/wp-json\/wp\/v2\/product_cat?post=67718"},{"taxonomy":"product_tag","embeddable":true,"href":"https:\/\/www.outdoors.ee\/et\/wp-json\/wp\/v2\/product_tag?post=67718"}],"curies":[{"name":"wp","href":"https:\/\/api.w.org\/{rel}","templated":true}]}}