{"id":67635,"date":"2022-04-14T11:34:29","date_gmt":"2022-04-14T08:34:31","guid":{"rendered":"https:\/\/www.outdoors.ee\/?post_type=product&#038;p=67635"},"modified":"2025-03-09T22:28:49","modified_gmt":"2025-03-09T20:28:49","slug":"briti-armee-labakindad-ecw-mvp-dpm","status":"publish","type":"product","link":"https:\/\/www.outdoors.ee\/et\/toode\/briti-armee-labakindad-ecw-mvp-dpm\/","title":{"rendered":"Briti Armee labakindad ECW MVP DPM"},"content":{"rendered":"<p style=\"text-align: justify;\">Briti s\u00f5jav\u00e4e k\u00fclma ilma labakindad on m\u00f5eldud kasutamiseks veekindla pealiskihina tavakinnaste peale. Toodetud Briti s\u00f5jav\u00e4e MVP (Moisture Vapor Permeable) materjalist, mis Gore-Tex\u00b4i ekvivalent. Labakindad on osaliselt kaetud libisemisvastase kummit\u00e4pikihiga ning varustatud randme pingutusn\u00f6\u00f6ridega.<\/p>\n<p style=\"text-align: justify;\">NB! Suured, kuna on m\u00f5eldud kandmiseks kinnaste peale<\/p>\n<p style=\"text-align: justify;\"><strong>Seisukord:<\/strong><\/p>\n<ul>\n<li style=\"text-align: justify;\">uued (originaalpakendis v\u00f5i ilma, v\u00f5ivad sisaldada hulgiladustamise j\u00e4lgi)<\/li>\n<li>uuev\u00e4\u00e4rsed (sisaldavad kergeid kulumisj\u00e4lgi)<\/li>\n<\/ul>\n","protected":false},"excerpt":{"rendered":"<p>Briti Armee niiskuskindlad k\u00fclma ilmastiku labakindad MVP, DPM<\/p>\n","protected":false},"featured_media":67643,"template":"","meta":[],"product_brand":[],"product_cat":[98],"product_tag":[],"class_list":{"0":"post-67635","1":"product","2":"type-product","3":"status-publish","4":"has-post-thumbnail","6":"product_cat-kindad","7":"pa_brand-british-military-surplus","8":"pa_condition-uuevaarne","9":"pa_condition-uus","10":"pa_size-l-2","11":"pa_size-m-2","12":"pa_size-s-2","14":"first","15":"instock","16":"taxable","17":"shipping-taxable","18":"purchasable","19":"product-type-variable"},"yoast_head":"<!-- This site is optimized with the Yoast SEO plugin v27.2 - https:\/\/yoast.com\/product\/yoast-seo-wordpress\/ -->\n<title>Briti Armee labakindad MVP MTP - outdoors.ee<\/title>\n<meta name=\"description\" content=\"Originaalsed Briti s\u00f5jav\u00e4e k\u00fclma ilma labakindad on m\u00f5eldud kasutamiseks veekindla pealiskihina tavakinnaste peale. Toodetud Briti s\u00f5jav\u00e4e MVP (Moisture\u00a0Vapour\u00a0Permeable) materjalist, mis Gore-Tex\u00b4i ekvivalent. Labakindad on osaliselt kaetud libisemisvastase kummit\u00e4pikihiga ning varustatud randme pingutusn\u00f6\u00f6ridega. NB! Suured, kuna on m\u00f5eldud kandmiseks kinnaste peale Seisukord: uued\" \/>\n<meta name=\"robots\" content=\"index, follow, max-snippet:-1, max-image-preview:large, max-video-preview:-1\" \/>\n<link rel=\"canonical\" href=\"https:\/\/www.outdoors.ee\/et\/toode\/briti-armee-labakindad-ecw-mvp-dpm\/\" \/>\n<meta property=\"og:locale\" content=\"et_EE\" \/>\n<meta property=\"og:type\" content=\"article\" \/>\n<meta property=\"og:title\" content=\"Briti Armee labakindad MVP MTP\" \/>\n<meta property=\"og:description\" content=\"Originaalsed Briti s\u00f5jav\u00e4e k\u00fclma ilma labakindad on m\u00f5eldud kasutamiseks veekindla pealiskihina tavakinnaste peale. Toodetud Briti s\u00f5jav\u00e4e MVP (Moisture\u00a0Vapour\u00a0Permeable) materjalist, mis Gore-Tex\u00b4i ekvivalent. Labakindad on osaliselt kaetud libisemisvastase kummit\u00e4pikihiga ning varustatud randme pingutusn\u00f6\u00f6ridega. NB! Suured, kuna on m\u00f5eldud kandmiseks kinnaste peale Seisukord: uued\" \/>\n<meta property=\"og:url\" content=\"https:\/\/www.outdoors.ee\/et\/toode\/briti-armee-labakindad-ecw-mvp-dpm\/\" \/>\n<meta property=\"og:site_name\" content=\"Outdoors\" \/>\n<meta property=\"article:modified_time\" content=\"2025-03-09T20:28:49+00:00\" \/>\n<meta property=\"og:image\" content=\"https:\/\/www.outdoors.ee\/wp-content\/uploads\/2022\/04\/1295-British-Army-Mittens-MVP-DPM.jpg\" \/>\n\t<meta property=\"og:image:width\" content=\"660\" \/>\n\t<meta property=\"og:image:height\" content=\"650\" \/>\n\t<meta property=\"og:image:type\" content=\"image\/jpeg\" \/>\n<meta name=\"twitter:card\" content=\"summary_large_image\" \/>\n<meta name=\"twitter:title\" content=\"Briti Armee labakindad MVP MTP\" \/>\n<meta name=\"twitter:label1\" content=\"Est. reading time\" \/>\n\t<meta name=\"twitter:data1\" content=\"1 minut\" \/>\n<script type=\"application\/ld+json\" class=\"yoast-schema-graph\">{\"@context\":\"https:\/\/schema.org\",\"@graph\":[{\"@type\":\"WebPage\",\"@id\":\"https:\/\/www.outdoors.ee\/et\/toode\/briti-armee-labakindad-ecw-mvp-dpm\/\",\"url\":\"https:\/\/www.outdoors.ee\/et\/toode\/briti-armee-labakindad-ecw-mvp-dpm\/\",\"name\":\"Briti Armee labakindad MVP MTP - outdoors.ee\",\"isPartOf\":{\"@id\":\"https:\/\/www.outdoors.ee\/#website\"},\"primaryImageOfPage\":{\"@id\":\"https:\/\/www.outdoors.ee\/et\/toode\/briti-armee-labakindad-ecw-mvp-dpm\/#primaryimage\"},\"image\":{\"@id\":\"https:\/\/www.outdoors.ee\/et\/toode\/briti-armee-labakindad-ecw-mvp-dpm\/#primaryimage\"},\"thumbnailUrl\":\"https:\/\/www.outdoors.ee\/wp-content\/uploads\/2022\/04\/1295-British-Army-Mittens-MVP-DPM.jpg\",\"datePublished\":\"2022-04-14T08:34:31+00:00\",\"dateModified\":\"2025-03-09T20:28:49+00:00\",\"description\":\"Originaalsed Briti s\u00f5jav\u00e4e k\u00fclma ilma labakindad on m\u00f5eldud kasutamiseks veekindla pealiskihina tavakinnaste peale. Toodetud Briti s\u00f5jav\u00e4e MVP (Moisture\u00a0Vapour\u00a0Permeable) materjalist, mis Gore-Tex\u00b4i ekvivalent. Labakindad on osaliselt kaetud libisemisvastase kummit\u00e4pikihiga ning varustatud randme pingutusn\u00f6\u00f6ridega. NB! Suured, kuna on m\u00f5eldud kandmiseks kinnaste peale Seisukord: uued\",\"breadcrumb\":{\"@id\":\"https:\/\/www.outdoors.ee\/et\/toode\/briti-armee-labakindad-ecw-mvp-dpm\/#breadcrumb\"},\"inLanguage\":\"et\",\"potentialAction\":[{\"@type\":\"ReadAction\",\"target\":[\"https:\/\/www.outdoors.ee\/et\/toode\/briti-armee-labakindad-ecw-mvp-dpm\/\"]}]},{\"@type\":\"ImageObject\",\"inLanguage\":\"et\",\"@id\":\"https:\/\/www.outdoors.ee\/et\/toode\/briti-armee-labakindad-ecw-mvp-dpm\/#primaryimage\",\"url\":\"https:\/\/www.outdoors.ee\/wp-content\/uploads\/2022\/04\/1295-British-Army-Mittens-MVP-DPM.jpg\",\"contentUrl\":\"https:\/\/www.outdoors.ee\/wp-content\/uploads\/2022\/04\/1295-British-Army-Mittens-MVP-DPM.jpg\",\"width\":660,\"height\":650},{\"@type\":\"BreadcrumbList\",\"@id\":\"https:\/\/www.outdoors.ee\/et\/toode\/briti-armee-labakindad-ecw-mvp-dpm\/#breadcrumb\",\"itemListElement\":[{\"@type\":\"ListItem\",\"position\":1,\"name\":\"Home\",\"item\":\"https:\/\/www.outdoors.ee\/et\/\"},{\"@type\":\"ListItem\",\"position\":2,\"name\":\"Tooted\",\"item\":\"https:\/\/www.outdoors.ee\/products\/\"},{\"@type\":\"ListItem\",\"position\":3,\"name\":\"Briti Armee labakindad ECW MVP DPM\"}]},{\"@type\":\"WebSite\",\"@id\":\"https:\/\/www.outdoors.ee\/#website\",\"url\":\"https:\/\/www.outdoors.ee\/\",\"name\":\"Outdoors\",\"description\":\"Genuine military surplus and not only!\",\"potentialAction\":[{\"@type\":\"SearchAction\",\"target\":{\"@type\":\"EntryPoint\",\"urlTemplate\":\"https:\/\/www.outdoors.ee\/?s={search_term_string}\"},\"query-input\":{\"@type\":\"PropertyValueSpecification\",\"valueRequired\":true,\"valueName\":\"search_term_string\"}}],\"inLanguage\":\"et\"}]}<\/script>\n<!-- \/ Yoast SEO plugin. -->","yoast_head_json":{"title":"Briti Armee labakindad MVP MTP - outdoors.ee","description":"Originaalsed Briti s\u00f5jav\u00e4e k\u00fclma ilma labakindad on m\u00f5eldud kasutamiseks veekindla pealiskihina tavakinnaste peale. Toodetud Briti s\u00f5jav\u00e4e MVP (Moisture\u00a0Vapour\u00a0Permeable) materjalist, mis Gore-Tex\u00b4i ekvivalent. Labakindad on osaliselt kaetud libisemisvastase kummit\u00e4pikihiga ning varustatud randme pingutusn\u00f6\u00f6ridega. NB! Suured, kuna on m\u00f5eldud kandmiseks kinnaste peale Seisukord: uued","robots":{"index":"index","follow":"follow","max-snippet":"max-snippet:-1","max-image-preview":"max-image-preview:large","max-video-preview":"max-video-preview:-1"},"canonical":"https:\/\/www.outdoors.ee\/et\/toode\/briti-armee-labakindad-ecw-mvp-dpm\/","og_locale":"et_EE","og_type":"article","og_title":"Briti Armee labakindad MVP MTP","og_description":"Originaalsed Briti s\u00f5jav\u00e4e k\u00fclma ilma labakindad on m\u00f5eldud kasutamiseks veekindla pealiskihina tavakinnaste peale. Toodetud Briti s\u00f5jav\u00e4e MVP (Moisture\u00a0Vapour\u00a0Permeable) materjalist, mis Gore-Tex\u00b4i ekvivalent. Labakindad on osaliselt kaetud libisemisvastase kummit\u00e4pikihiga ning varustatud randme pingutusn\u00f6\u00f6ridega. NB! Suured, kuna on m\u00f5eldud kandmiseks kinnaste peale Seisukord: uued","og_url":"https:\/\/www.outdoors.ee\/et\/toode\/briti-armee-labakindad-ecw-mvp-dpm\/","og_site_name":"Outdoors","article_modified_time":"2025-03-09T20:28:49+00:00","og_image":[{"width":660,"height":650,"url":"https:\/\/www.outdoors.ee\/wp-content\/uploads\/2022\/04\/1295-British-Army-Mittens-MVP-DPM.jpg","type":"image\/jpeg"}],"twitter_card":"summary_large_image","twitter_title":"Briti Armee labakindad MVP MTP","twitter_misc":{"Est. reading time":"1 minut"},"schema":{"@context":"https:\/\/schema.org","@graph":[{"@type":"WebPage","@id":"https:\/\/www.outdoors.ee\/et\/toode\/briti-armee-labakindad-ecw-mvp-dpm\/","url":"https:\/\/www.outdoors.ee\/et\/toode\/briti-armee-labakindad-ecw-mvp-dpm\/","name":"Briti Armee labakindad MVP MTP - outdoors.ee","isPartOf":{"@id":"https:\/\/www.outdoors.ee\/#website"},"primaryImageOfPage":{"@id":"https:\/\/www.outdoors.ee\/et\/toode\/briti-armee-labakindad-ecw-mvp-dpm\/#primaryimage"},"image":{"@id":"https:\/\/www.outdoors.ee\/et\/toode\/briti-armee-labakindad-ecw-mvp-dpm\/#primaryimage"},"thumbnailUrl":"https:\/\/www.outdoors.ee\/wp-content\/uploads\/2022\/04\/1295-British-Army-Mittens-MVP-DPM.jpg","datePublished":"2022-04-14T08:34:31+00:00","dateModified":"2025-03-09T20:28:49+00:00","description":"Originaalsed Briti s\u00f5jav\u00e4e k\u00fclma ilma labakindad on m\u00f5eldud kasutamiseks veekindla pealiskihina tavakinnaste peale. Toodetud Briti s\u00f5jav\u00e4e MVP (Moisture\u00a0Vapour\u00a0Permeable) materjalist, mis Gore-Tex\u00b4i ekvivalent. Labakindad on osaliselt kaetud libisemisvastase kummit\u00e4pikihiga ning varustatud randme pingutusn\u00f6\u00f6ridega. NB! Suured, kuna on m\u00f5eldud kandmiseks kinnaste peale Seisukord: uued","breadcrumb":{"@id":"https:\/\/www.outdoors.ee\/et\/toode\/briti-armee-labakindad-ecw-mvp-dpm\/#breadcrumb"},"inLanguage":"et","potentialAction":[{"@type":"ReadAction","target":["https:\/\/www.outdoors.ee\/et\/toode\/briti-armee-labakindad-ecw-mvp-dpm\/"]}]},{"@type":"ImageObject","inLanguage":"et","@id":"https:\/\/www.outdoors.ee\/et\/toode\/briti-armee-labakindad-ecw-mvp-dpm\/#primaryimage","url":"https:\/\/www.outdoors.ee\/wp-content\/uploads\/2022\/04\/1295-British-Army-Mittens-MVP-DPM.jpg","contentUrl":"https:\/\/www.outdoors.ee\/wp-content\/uploads\/2022\/04\/1295-British-Army-Mittens-MVP-DPM.jpg","width":660,"height":650},{"@type":"BreadcrumbList","@id":"https:\/\/www.outdoors.ee\/et\/toode\/briti-armee-labakindad-ecw-mvp-dpm\/#breadcrumb","itemListElement":[{"@type":"ListItem","position":1,"name":"Home","item":"https:\/\/www.outdoors.ee\/et\/"},{"@type":"ListItem","position":2,"name":"Tooted","item":"https:\/\/www.outdoors.ee\/products\/"},{"@type":"ListItem","position":3,"name":"Briti Armee labakindad ECW MVP DPM"}]},{"@type":"WebSite","@id":"https:\/\/www.outdoors.ee\/#website","url":"https:\/\/www.outdoors.ee\/","name":"Outdoors","description":"Genuine military surplus and not only!","potentialAction":[{"@type":"SearchAction","target":{"@type":"EntryPoint","urlTemplate":"https:\/\/www.outdoors.ee\/?s={search_term_string}"},"query-input":{"@type":"PropertyValueSpecification","valueRequired":true,"valueName":"search_term_string"}}],"inLanguage":"et"}]}},"_links":{"self":[{"href":"https:\/\/www.outdoors.ee\/et\/wp-json\/wp\/v2\/product\/67635","targetHints":{"allow":["GET"]}}],"collection":[{"href":"https:\/\/www.outdoors.ee\/et\/wp-json\/wp\/v2\/product"}],"about":[{"href":"https:\/\/www.outdoors.ee\/et\/wp-json\/wp\/v2\/types\/product"}],"wp:featuredmedia":[{"embeddable":true,"href":"https:\/\/www.outdoors.ee\/et\/wp-json\/wp\/v2\/media\/67643"}],"wp:attachment":[{"href":"https:\/\/www.outdoors.ee\/et\/wp-json\/wp\/v2\/media?parent=67635"}],"wp:term":[{"taxonomy":"product_brand","embeddable":true,"href":"https:\/\/www.outdoors.ee\/et\/wp-json\/wp\/v2\/product_brand?post=67635"},{"taxonomy":"product_cat","embeddable":true,"href":"https:\/\/www.outdoors.ee\/et\/wp-json\/wp\/v2\/product_cat?post=67635"},{"taxonomy":"product_tag","embeddable":true,"href":"https:\/\/www.outdoors.ee\/et\/wp-json\/wp\/v2\/product_tag?post=67635"}],"curies":[{"name":"wp","href":"https:\/\/api.w.org\/{rel}","templated":true}]}}