{"id":67555,"date":"2022-04-12T09:48:12","date_gmt":"2022-04-12T06:48:16","guid":{"rendered":"https:\/\/www.outdoors.ee\/?post_type=product&#038;p=67555"},"modified":"2024-05-11T13:47:27","modified_gmt":"2024-05-11T10:47:27","slug":"briti-armee-soojapesu-sark-olive","status":"publish","type":"product","link":"https:\/\/www.outdoors.ee\/et\/toode\/briti-armee-soojapesu-sark-olive\/","title":{"rendered":"Briti Armee soojapesu s\u00e4rk Olive"},"content":{"rendered":"<p style=\"text-align: justify;\">Briti s\u00f5jav\u00e4e pikkade varrukatega tumeroheline soojapesu s\u00e4rk. Venivate mansettidega soe ning pehme seest aluss\u00e4rk, mille tootmisel on kasutatud niiskust t\u00f5rjuvat tehnoloogiat.<\/p>\n<p style=\"text-align: justify;\">Kiri sildil: Vest Thermal Underwear Olive<\/p>\n<p style=\"text-align: justify;\">Materjal<strong>:<\/strong> 100% pol\u00fcester<\/p>\n<p style=\"text-align: justify;\"><strong>Seisukord:<\/strong><\/p>\n<ul>\n<li>uus (j\u00e4em\u00fc\u00fcgipakendis v\u00f5i ilma, v\u00f5ib sisaldada hulgiladustamise j\u00e4lgi)<\/li>\n<li>uuev\u00e4\u00e4rne (sisaldab kergeid kulumisj\u00e4lgi)<\/li>\n<\/ul>\n","protected":false},"excerpt":{"rendered":"<p>Briti Armee soojapesu s\u00e4rk, oliivroheline<\/p>\n","protected":false},"featured_media":67563,"template":"","meta":[],"product_brand":[],"product_cat":[129],"product_tag":[],"class_list":{"0":"post-67555","1":"product","2":"type-product","3":"status-publish","4":"has-post-thumbnail","6":"product_cat-soe-pesu-aluskiht","7":"pa_brand-british-military-surplus","8":"pa_condition-uuevaarne","9":"pa_condition-uus","10":"pa_size-l-2","11":"pa_size-m-2","12":"pa_size-s-2","13":"pa_size-xl-2","14":"pa_size-xxl-2","16":"first","17":"instock","18":"taxable","19":"shipping-taxable","20":"purchasable","21":"product-type-variable"},"yoast_head":"<!-- This site is optimized with the Yoast SEO plugin v27.2 - https:\/\/yoast.com\/product\/yoast-seo-wordpress\/ -->\n<title>Briti Armee soojapesu s\u00e4rk Light Olive - outdoors.ee<\/title>\n<meta name=\"description\" content=\"Briti s\u00f5jav\u00e4e PCS\u00b4i (Personal Clothing System) kuuluv pikkade varrukatega heleroheline soojapesu s\u00e4rk. Venivate mansettidega soe ning pehme seest aluss\u00e4rk,\u00a0mille tootmisel on kasutatud niiskust\u00a0t\u00f5rjuvat tehnoloogiat CoolMax. Kiri sildil: Vest Thermal Underwear Light Olive PCS Materjal: 100% pol\u00fcester Seisukord:\u00a0uus\" \/>\n<meta name=\"robots\" content=\"index, follow, max-snippet:-1, max-image-preview:large, max-video-preview:-1\" \/>\n<link rel=\"canonical\" href=\"https:\/\/www.outdoors.ee\/et\/toode\/briti-armee-soojapesu-sark-olive\/\" \/>\n<meta property=\"og:locale\" content=\"et_EE\" \/>\n<meta property=\"og:type\" content=\"article\" \/>\n<meta property=\"og:title\" content=\"Briti Armee soojapesu s\u00e4rk Light Olive\" \/>\n<meta property=\"og:description\" content=\"Briti s\u00f5jav\u00e4e PCS\u00b4i (Personal Clothing System) kuuluv pikkade varrukatega heleroheline soojapesu s\u00e4rk. Venivate mansettidega soe ning pehme seest aluss\u00e4rk,\u00a0mille tootmisel on kasutatud niiskust\u00a0t\u00f5rjuvat tehnoloogiat CoolMax. Kiri sildil: Vest Thermal Underwear Light Olive PCS Materjal: 100% pol\u00fcester Seisukord:\u00a0uus\" \/>\n<meta property=\"og:url\" content=\"https:\/\/www.outdoors.ee\/et\/toode\/briti-armee-soojapesu-sark-olive\/\" \/>\n<meta property=\"og:site_name\" content=\"Outdoors\" \/>\n<meta property=\"article:modified_time\" content=\"2024-05-11T10:47:27+00:00\" \/>\n<meta property=\"og:image\" content=\"https:\/\/www.outdoors.ee\/wp-content\/uploads\/2022\/04\/1213-British-Army-Thermal-Undershirt-Olive.jpg\" \/>\n\t<meta property=\"og:image:width\" content=\"500\" \/>\n\t<meta property=\"og:image:height\" content=\"520\" \/>\n\t<meta property=\"og:image:type\" content=\"image\/jpeg\" \/>\n<meta name=\"twitter:card\" content=\"summary_large_image\" \/>\n<meta name=\"twitter:title\" content=\"Briti Armee soojapesu s\u00e4rk Light Olive\" \/>\n<meta name=\"twitter:label1\" content=\"Est. reading time\" \/>\n\t<meta name=\"twitter:data1\" content=\"1 minut\" \/>\n<script type=\"application\/ld+json\" class=\"yoast-schema-graph\">{\"@context\":\"https:\/\/schema.org\",\"@graph\":[{\"@type\":\"WebPage\",\"@id\":\"https:\/\/www.outdoors.ee\/et\/toode\/briti-armee-soojapesu-sark-olive\/\",\"url\":\"https:\/\/www.outdoors.ee\/et\/toode\/briti-armee-soojapesu-sark-olive\/\",\"name\":\"Briti Armee soojapesu s\u00e4rk Light Olive - outdoors.ee\",\"isPartOf\":{\"@id\":\"https:\/\/www.outdoors.ee\/#website\"},\"primaryImageOfPage\":{\"@id\":\"https:\/\/www.outdoors.ee\/et\/toode\/briti-armee-soojapesu-sark-olive\/#primaryimage\"},\"image\":{\"@id\":\"https:\/\/www.outdoors.ee\/et\/toode\/briti-armee-soojapesu-sark-olive\/#primaryimage\"},\"thumbnailUrl\":\"https:\/\/www.outdoors.ee\/wp-content\/uploads\/2022\/04\/1213-British-Army-Thermal-Undershirt-Olive.jpg\",\"datePublished\":\"2022-04-12T06:48:16+00:00\",\"dateModified\":\"2024-05-11T10:47:27+00:00\",\"description\":\"Briti s\u00f5jav\u00e4e PCS\u00b4i (Personal Clothing System) kuuluv pikkade varrukatega heleroheline soojapesu s\u00e4rk. Venivate mansettidega soe ning pehme seest aluss\u00e4rk,\u00a0mille tootmisel on kasutatud niiskust\u00a0t\u00f5rjuvat tehnoloogiat CoolMax. Kiri sildil: Vest Thermal Underwear Light Olive PCS Materjal: 100% pol\u00fcester Seisukord:\u00a0uus\",\"breadcrumb\":{\"@id\":\"https:\/\/www.outdoors.ee\/et\/toode\/briti-armee-soojapesu-sark-olive\/#breadcrumb\"},\"inLanguage\":\"et\",\"potentialAction\":[{\"@type\":\"ReadAction\",\"target\":[\"https:\/\/www.outdoors.ee\/et\/toode\/briti-armee-soojapesu-sark-olive\/\"]}]},{\"@type\":\"ImageObject\",\"inLanguage\":\"et\",\"@id\":\"https:\/\/www.outdoors.ee\/et\/toode\/briti-armee-soojapesu-sark-olive\/#primaryimage\",\"url\":\"https:\/\/www.outdoors.ee\/wp-content\/uploads\/2022\/04\/1213-British-Army-Thermal-Undershirt-Olive.jpg\",\"contentUrl\":\"https:\/\/www.outdoors.ee\/wp-content\/uploads\/2022\/04\/1213-British-Army-Thermal-Undershirt-Olive.jpg\",\"width\":500,\"height\":520},{\"@type\":\"BreadcrumbList\",\"@id\":\"https:\/\/www.outdoors.ee\/et\/toode\/briti-armee-soojapesu-sark-olive\/#breadcrumb\",\"itemListElement\":[{\"@type\":\"ListItem\",\"position\":1,\"name\":\"Home\",\"item\":\"https:\/\/www.outdoors.ee\/et\/\"},{\"@type\":\"ListItem\",\"position\":2,\"name\":\"Tooted\",\"item\":\"https:\/\/www.outdoors.ee\/products\/\"},{\"@type\":\"ListItem\",\"position\":3,\"name\":\"Briti Armee soojapesu s\u00e4rk Olive\"}]},{\"@type\":\"WebSite\",\"@id\":\"https:\/\/www.outdoors.ee\/#website\",\"url\":\"https:\/\/www.outdoors.ee\/\",\"name\":\"Outdoors\",\"description\":\"Genuine military surplus and not only!\",\"potentialAction\":[{\"@type\":\"SearchAction\",\"target\":{\"@type\":\"EntryPoint\",\"urlTemplate\":\"https:\/\/www.outdoors.ee\/?s={search_term_string}\"},\"query-input\":{\"@type\":\"PropertyValueSpecification\",\"valueRequired\":true,\"valueName\":\"search_term_string\"}}],\"inLanguage\":\"et\"}]}<\/script>\n<!-- \/ Yoast SEO plugin. -->","yoast_head_json":{"title":"Briti Armee soojapesu s\u00e4rk Light Olive - outdoors.ee","description":"Briti s\u00f5jav\u00e4e PCS\u00b4i (Personal Clothing System) kuuluv pikkade varrukatega heleroheline soojapesu s\u00e4rk. Venivate mansettidega soe ning pehme seest aluss\u00e4rk,\u00a0mille tootmisel on kasutatud niiskust\u00a0t\u00f5rjuvat tehnoloogiat CoolMax. Kiri sildil: Vest Thermal Underwear Light Olive PCS Materjal: 100% pol\u00fcester Seisukord:\u00a0uus","robots":{"index":"index","follow":"follow","max-snippet":"max-snippet:-1","max-image-preview":"max-image-preview:large","max-video-preview":"max-video-preview:-1"},"canonical":"https:\/\/www.outdoors.ee\/et\/toode\/briti-armee-soojapesu-sark-olive\/","og_locale":"et_EE","og_type":"article","og_title":"Briti Armee soojapesu s\u00e4rk Light Olive","og_description":"Briti s\u00f5jav\u00e4e PCS\u00b4i (Personal Clothing System) kuuluv pikkade varrukatega heleroheline soojapesu s\u00e4rk. Venivate mansettidega soe ning pehme seest aluss\u00e4rk,\u00a0mille tootmisel on kasutatud niiskust\u00a0t\u00f5rjuvat tehnoloogiat CoolMax. Kiri sildil: Vest Thermal Underwear Light Olive PCS Materjal: 100% pol\u00fcester Seisukord:\u00a0uus","og_url":"https:\/\/www.outdoors.ee\/et\/toode\/briti-armee-soojapesu-sark-olive\/","og_site_name":"Outdoors","article_modified_time":"2024-05-11T10:47:27+00:00","og_image":[{"width":500,"height":520,"url":"https:\/\/www.outdoors.ee\/wp-content\/uploads\/2022\/04\/1213-British-Army-Thermal-Undershirt-Olive.jpg","type":"image\/jpeg"}],"twitter_card":"summary_large_image","twitter_title":"Briti Armee soojapesu s\u00e4rk Light Olive","twitter_misc":{"Est. reading time":"1 minut"},"schema":{"@context":"https:\/\/schema.org","@graph":[{"@type":"WebPage","@id":"https:\/\/www.outdoors.ee\/et\/toode\/briti-armee-soojapesu-sark-olive\/","url":"https:\/\/www.outdoors.ee\/et\/toode\/briti-armee-soojapesu-sark-olive\/","name":"Briti Armee soojapesu s\u00e4rk Light Olive - outdoors.ee","isPartOf":{"@id":"https:\/\/www.outdoors.ee\/#website"},"primaryImageOfPage":{"@id":"https:\/\/www.outdoors.ee\/et\/toode\/briti-armee-soojapesu-sark-olive\/#primaryimage"},"image":{"@id":"https:\/\/www.outdoors.ee\/et\/toode\/briti-armee-soojapesu-sark-olive\/#primaryimage"},"thumbnailUrl":"https:\/\/www.outdoors.ee\/wp-content\/uploads\/2022\/04\/1213-British-Army-Thermal-Undershirt-Olive.jpg","datePublished":"2022-04-12T06:48:16+00:00","dateModified":"2024-05-11T10:47:27+00:00","description":"Briti s\u00f5jav\u00e4e PCS\u00b4i (Personal Clothing System) kuuluv pikkade varrukatega heleroheline soojapesu s\u00e4rk. Venivate mansettidega soe ning pehme seest aluss\u00e4rk,\u00a0mille tootmisel on kasutatud niiskust\u00a0t\u00f5rjuvat tehnoloogiat CoolMax. Kiri sildil: Vest Thermal Underwear Light Olive PCS Materjal: 100% pol\u00fcester Seisukord:\u00a0uus","breadcrumb":{"@id":"https:\/\/www.outdoors.ee\/et\/toode\/briti-armee-soojapesu-sark-olive\/#breadcrumb"},"inLanguage":"et","potentialAction":[{"@type":"ReadAction","target":["https:\/\/www.outdoors.ee\/et\/toode\/briti-armee-soojapesu-sark-olive\/"]}]},{"@type":"ImageObject","inLanguage":"et","@id":"https:\/\/www.outdoors.ee\/et\/toode\/briti-armee-soojapesu-sark-olive\/#primaryimage","url":"https:\/\/www.outdoors.ee\/wp-content\/uploads\/2022\/04\/1213-British-Army-Thermal-Undershirt-Olive.jpg","contentUrl":"https:\/\/www.outdoors.ee\/wp-content\/uploads\/2022\/04\/1213-British-Army-Thermal-Undershirt-Olive.jpg","width":500,"height":520},{"@type":"BreadcrumbList","@id":"https:\/\/www.outdoors.ee\/et\/toode\/briti-armee-soojapesu-sark-olive\/#breadcrumb","itemListElement":[{"@type":"ListItem","position":1,"name":"Home","item":"https:\/\/www.outdoors.ee\/et\/"},{"@type":"ListItem","position":2,"name":"Tooted","item":"https:\/\/www.outdoors.ee\/products\/"},{"@type":"ListItem","position":3,"name":"Briti Armee soojapesu s\u00e4rk Olive"}]},{"@type":"WebSite","@id":"https:\/\/www.outdoors.ee\/#website","url":"https:\/\/www.outdoors.ee\/","name":"Outdoors","description":"Genuine military surplus and not only!","potentialAction":[{"@type":"SearchAction","target":{"@type":"EntryPoint","urlTemplate":"https:\/\/www.outdoors.ee\/?s={search_term_string}"},"query-input":{"@type":"PropertyValueSpecification","valueRequired":true,"valueName":"search_term_string"}}],"inLanguage":"et"}]}},"_links":{"self":[{"href":"https:\/\/www.outdoors.ee\/et\/wp-json\/wp\/v2\/product\/67555","targetHints":{"allow":["GET"]}}],"collection":[{"href":"https:\/\/www.outdoors.ee\/et\/wp-json\/wp\/v2\/product"}],"about":[{"href":"https:\/\/www.outdoors.ee\/et\/wp-json\/wp\/v2\/types\/product"}],"wp:featuredmedia":[{"embeddable":true,"href":"https:\/\/www.outdoors.ee\/et\/wp-json\/wp\/v2\/media\/67563"}],"wp:attachment":[{"href":"https:\/\/www.outdoors.ee\/et\/wp-json\/wp\/v2\/media?parent=67555"}],"wp:term":[{"taxonomy":"product_brand","embeddable":true,"href":"https:\/\/www.outdoors.ee\/et\/wp-json\/wp\/v2\/product_brand?post=67555"},{"taxonomy":"product_cat","embeddable":true,"href":"https:\/\/www.outdoors.ee\/et\/wp-json\/wp\/v2\/product_cat?post=67555"},{"taxonomy":"product_tag","embeddable":true,"href":"https:\/\/www.outdoors.ee\/et\/wp-json\/wp\/v2\/product_tag?post=67555"}],"curies":[{"name":"wp","href":"https:\/\/api.w.org\/{rel}","templated":true}]}}