{"id":66373,"date":"2022-03-11T13:11:49","date_gmt":"2022-03-11T11:11:49","guid":{"rendered":"https:\/\/www.outdoors.ee\/?post_type=product&#038;p=66373"},"modified":"2026-03-27T12:35:33","modified_gmt":"2026-03-27T10:35:33","slug":"briti-armee-vestialune-sark-hot-weather-ubacs-mtp","status":"publish","type":"product","link":"https:\/\/www.outdoors.ee\/et\/toode\/briti-armee-vestialune-sark-hot-weather-ubacs-mtp\/","title":{"rendered":"Briti Armee vestialune s\u00e4rk Hot Weather UBACS MTP"},"content":{"rendered":"<p style=\"text-align: justify;\">Briti s\u00f5jav\u00e4e vestialune s\u00e4rk, mille kehaosa on valmistatud venivast ja kiiresti kuivavast trikotaa\u017ematerjalist ning krae, \u00f5lad ja varrukad vastupidavast puuvilla ja pol\u00fcestri segukangast.<\/p>\n<p style=\"text-align: justify;\"><strong>Omadused:<\/strong><\/p>\n<ul style=\"text-align: justify;\">\n<li>Briti s\u00f5jav\u00e4e originaals\u00e4rk<\/li>\n<li>2 takjapaneeliga taskut varrukatel<\/li>\n<li>t\u00f5mblukuga kaelus<\/li>\n<li>n\u00f6\u00f6biga reguleeritav manseti laius<\/li>\n<li>vahtpehmendused \u00f5lgade ning k\u00fc\u00fcnarnukkide piirkondades<\/li>\n<li>kiri sildil: Shirt Hot Weather Under Body Armour Combat Shirt MTP<\/li>\n<li>materjal. kehaosa: 100% pol\u00fcester, \u00f5lad ja varrukad. 70% puuvill 30% pol\u00fcester<\/li>\n<li>laiema l\u00f5ikega v\u00f5rreldes tavalise MTP kuulivestialuse s\u00e4rgiga<\/li>\n<\/ul>\n<p><strong>Suurus <\/strong>rippmen\u00fc\u00fcs (pikkus \/ rinna\u00fcmberm\u00f5\u00f5t, cm):\u00a0S &#8211; 160\/80, M &#8211; 170\/90, L &#8211; 180\/100,\u00a0 XL &#8211; 190\/110, XXL &#8211; 200\/120<\/p>\n<p><strong>NB!<\/strong> <span class=\"Y2IQFc\" lang=\"et\">See toode kipub olema suurem. Soovitame valida seda pigem v\u00e4iksemas suuruses.<\/span><\/p>\n<p><strong>Seisukord:<\/strong><\/p>\n<ul>\n<li>uus (ilma j\u00e4em\u00fc\u00fcgipakendita, v\u00f5ib sisaldada hulgiladustamise j\u00e4lgi v\u00f5i kirjasid sildil)<\/li>\n<li>uuev\u00e4\u00e4rne (sisaldab kergeid kulumisj\u00e4lgi, vahtpehmendused v\u00f5ivad puududa)<\/li>\n<li>kasutatud, Grade 1 (sisaldab m\u00f5\u00f5dukaid kulumisj\u00e4lgi, v\u00f5ib olla kergelt m\u00e4\u00e4rdunud ning sisaldada v\u00e4iksemaid vigastusi, vahtpehmendused v\u00f5ivad puududa)<\/li>\n<\/ul>\n","protected":false},"excerpt":{"rendered":"<p>Briti Armee sooja ilmastiku vestialune s\u00e4rk, MTP<\/p>\n","protected":false},"featured_media":66402,"template":"","meta":[],"product_brand":[],"product_cat":[2715],"product_tag":[],"class_list":{"0":"post-66373","1":"product","2":"type-product","3":"status-publish","4":"has-post-thumbnail","6":"product_cat-sargid-jakid","7":"pa_brand-british-military-surplus","8":"pa_condition-kasutatud-grade-1","9":"pa_condition-uuevaarne","10":"pa_condition-uus","11":"pa_size-l-2","12":"pa_size-m-2","13":"pa_size-s-2","14":"pa_size-xl-2","15":"pa_size-xs-2","16":"pa_size-xxl-2","18":"first","19":"instock","20":"taxable","21":"shipping-taxable","22":"purchasable","23":"product-type-variable"},"yoast_head":"<!-- This site is optimized with the Yoast SEO plugin v27.2 - https:\/\/yoast.com\/product\/yoast-seo-wordpress\/ -->\n<title>Briti Armee kuulivestialune s\u00e4rk UBACS EP MTP - outdoors.ee<\/title>\n<meta name=\"description\" content=\"Briti s\u00f5jav\u00e4e kuulivestialune s\u00e4rk, mille kehaosa on valmistatud venivast ja kiiresti kuivavast CoolMax tehnoloogiaga trikotaa\u017ematerjalist ning krae, \u00f5lad ja varrukad vastupidavast puuvilla ja pol\u00fcestri segukangast. Terve aluss\u00e4rk on kaetud Briti kaasaaegse MTP (Multi-Terrain Pattern) laiguga. Niiskust\u00a0h\u00fclgavast kangast kehaosa ulatub kaenlaalusteni, v\u00e4hendades keha \u00fclekuumenemist ning higistamist. Omadused: Briti s\u00f5jav\u00e4e originaals\u00e4rk kehaosa MTP laigus CoolMax tehnoloogiaga materjalist\u00a0 2 takjakinnitusega klapiga taskut\u00a0 t\u00f5mblukuga kaelus\u00a0 n\u00f6\u00f6biga reguleeritav manseti laius Suurbritannia lipuembleem vasakul k\u00e4isel kiri sildil: Shirt Under Body Armour Combat EP MTP Suurus rippmen\u00fc\u00fcs\u00a0(pikkus \/ rinna\u00fcmberm\u00f5\u00f5t): S - 160\/80, M - 170\/90, L - 180\/100, LW - 180\/110, XL - 190\/120, XXL - 200\/130 NB!\u00a0Velcro paneelid k\u00e4istel v\u00f5ivad puudu olla Seisukord: uus (v\u00f5ib sisaldada hulgiladustamise j\u00e4lgi v\u00f5i kirjeid sildil) uuev\u00e4\u00e4rne (v\u00f5ib sisaldada vaid minimaalseid kulumisj\u00e4lgi) kasutatud, Grade 1 (heas korras, sisaldab kergeid kulumisj\u00e4lgi, v\u00f5ib olla kergelt m\u00e4\u00e4rdunud ning sisaldada v\u00e4iksemaid vigastusi)\" \/>\n<meta name=\"robots\" content=\"index, follow, max-snippet:-1, max-image-preview:large, max-video-preview:-1\" \/>\n<link rel=\"canonical\" href=\"https:\/\/www.outdoors.ee\/et\/toode\/briti-armee-vestialune-sark-hot-weather-ubacs-mtp\/\" \/>\n<meta property=\"og:locale\" content=\"et_EE\" \/>\n<meta property=\"og:type\" content=\"article\" \/>\n<meta property=\"og:title\" content=\"Briti Armee kuulivestialune s\u00e4rk UBACS EP MTP\" \/>\n<meta property=\"og:description\" content=\"Briti s\u00f5jav\u00e4e kuulivestialune s\u00e4rk, mille kehaosa on valmistatud venivast ja kiiresti kuivavast CoolMax tehnoloogiaga trikotaa\u017ematerjalist ning krae, \u00f5lad ja varrukad vastupidavast puuvilla ja pol\u00fcestri segukangast. Terve aluss\u00e4rk on kaetud Briti kaasaaegse MTP (Multi-Terrain Pattern) laiguga. Niiskust\u00a0h\u00fclgavast kangast kehaosa ulatub kaenlaalusteni, v\u00e4hendades keha \u00fclekuumenemist ning higistamist. Omadused: Briti s\u00f5jav\u00e4e originaals\u00e4rk kehaosa MTP laigus CoolMax tehnoloogiaga materjalist\u00a0 2 takjakinnitusega klapiga taskut\u00a0 t\u00f5mblukuga kaelus\u00a0 n\u00f6\u00f6biga reguleeritav manseti laius Suurbritannia lipuembleem vasakul k\u00e4isel kiri sildil: Shirt Under Body Armour Combat EP MTP Suurus rippmen\u00fc\u00fcs\u00a0(pikkus \/ rinna\u00fcmberm\u00f5\u00f5t): S - 160\/80, M - 170\/90, L - 180\/100, LW - 180\/110, XL - 190\/120, XXL - 200\/130 NB!\u00a0Velcro paneelid k\u00e4istel v\u00f5ivad puudu olla Seisukord: uus (v\u00f5ib sisaldada hulgiladustamise j\u00e4lgi v\u00f5i kirjeid sildil) uuev\u00e4\u00e4rne (v\u00f5ib sisaldada vaid minimaalseid kulumisj\u00e4lgi) kasutatud, Grade 1 (heas korras, sisaldab kergeid kulumisj\u00e4lgi, v\u00f5ib olla kergelt m\u00e4\u00e4rdunud ning sisaldada v\u00e4iksemaid vigastusi)\" \/>\n<meta property=\"og:url\" content=\"https:\/\/www.outdoors.ee\/et\/toode\/briti-armee-vestialune-sark-hot-weather-ubacs-mtp\/\" \/>\n<meta property=\"og:site_name\" content=\"Outdoors\" \/>\n<meta property=\"article:modified_time\" content=\"2026-03-27T10:35:33+00:00\" \/>\n<meta property=\"og:image\" content=\"https:\/\/www.outdoors.ee\/wp-content\/uploads\/2022\/03\/0158-British-Army-Hot-Weather-UBACS-MTP.png\" \/>\n\t<meta property=\"og:image:width\" content=\"795\" \/>\n\t<meta property=\"og:image:height\" content=\"800\" \/>\n\t<meta property=\"og:image:type\" content=\"image\/png\" \/>\n<meta name=\"twitter:card\" content=\"summary_large_image\" \/>\n<meta name=\"twitter:title\" content=\"Briti Armee kuulivestialune s\u00e4rk UBACS EP MTP\" \/>\n<meta name=\"twitter:label1\" content=\"Est. reading time\" \/>\n\t<meta name=\"twitter:data1\" content=\"1 minut\" \/>\n<script type=\"application\/ld+json\" class=\"yoast-schema-graph\">{\"@context\":\"https:\/\/schema.org\",\"@graph\":[{\"@type\":\"WebPage\",\"@id\":\"https:\/\/www.outdoors.ee\/et\/toode\/briti-armee-vestialune-sark-hot-weather-ubacs-mtp\/\",\"url\":\"https:\/\/www.outdoors.ee\/et\/toode\/briti-armee-vestialune-sark-hot-weather-ubacs-mtp\/\",\"name\":\"Briti Armee kuulivestialune s\u00e4rk UBACS EP MTP - outdoors.ee\",\"isPartOf\":{\"@id\":\"https:\/\/www.outdoors.ee\/#website\"},\"primaryImageOfPage\":{\"@id\":\"https:\/\/www.outdoors.ee\/et\/toode\/briti-armee-vestialune-sark-hot-weather-ubacs-mtp\/#primaryimage\"},\"image\":{\"@id\":\"https:\/\/www.outdoors.ee\/et\/toode\/briti-armee-vestialune-sark-hot-weather-ubacs-mtp\/#primaryimage\"},\"thumbnailUrl\":\"https:\/\/www.outdoors.ee\/wp-content\/uploads\/2022\/03\/0158-British-Army-Hot-Weather-UBACS-MTP.png\",\"datePublished\":\"2022-03-11T11:11:49+00:00\",\"dateModified\":\"2026-03-27T10:35:33+00:00\",\"description\":\"Briti s\u00f5jav\u00e4e kuulivestialune s\u00e4rk, mille kehaosa on valmistatud venivast ja kiiresti kuivavast CoolMax tehnoloogiaga trikotaa\u017ematerjalist ning krae, \u00f5lad ja varrukad vastupidavast puuvilla ja pol\u00fcestri segukangast. Terve aluss\u00e4rk on kaetud Briti kaasaaegse MTP (Multi-Terrain Pattern) laiguga. Niiskust\u00a0h\u00fclgavast kangast kehaosa ulatub kaenlaalusteni, v\u00e4hendades keha \u00fclekuumenemist ning higistamist. Omadused: Briti s\u00f5jav\u00e4e originaals\u00e4rk kehaosa MTP laigus CoolMax tehnoloogiaga materjalist\u00a0 2 takjakinnitusega klapiga taskut\u00a0 t\u00f5mblukuga kaelus\u00a0 n\u00f6\u00f6biga reguleeritav manseti laius Suurbritannia lipuembleem vasakul k\u00e4isel kiri sildil: Shirt Under Body Armour Combat EP MTP Suurus rippmen\u00fc\u00fcs\u00a0(pikkus \/ rinna\u00fcmberm\u00f5\u00f5t): S - 160\/80, M - 170\/90, L - 180\/100, LW - 180\/110, XL - 190\/120, XXL - 200\/130 NB!\u00a0Velcro paneelid k\u00e4istel v\u00f5ivad puudu olla Seisukord: uus (v\u00f5ib sisaldada hulgiladustamise j\u00e4lgi v\u00f5i kirjeid sildil) uuev\u00e4\u00e4rne (v\u00f5ib sisaldada vaid minimaalseid kulumisj\u00e4lgi) kasutatud, Grade 1 (heas korras, sisaldab kergeid kulumisj\u00e4lgi, v\u00f5ib olla kergelt m\u00e4\u00e4rdunud ning sisaldada v\u00e4iksemaid vigastusi)\",\"breadcrumb\":{\"@id\":\"https:\/\/www.outdoors.ee\/et\/toode\/briti-armee-vestialune-sark-hot-weather-ubacs-mtp\/#breadcrumb\"},\"inLanguage\":\"et\",\"potentialAction\":[{\"@type\":\"ReadAction\",\"target\":[\"https:\/\/www.outdoors.ee\/et\/toode\/briti-armee-vestialune-sark-hot-weather-ubacs-mtp\/\"]}]},{\"@type\":\"ImageObject\",\"inLanguage\":\"et\",\"@id\":\"https:\/\/www.outdoors.ee\/et\/toode\/briti-armee-vestialune-sark-hot-weather-ubacs-mtp\/#primaryimage\",\"url\":\"https:\/\/www.outdoors.ee\/wp-content\/uploads\/2022\/03\/0158-British-Army-Hot-Weather-UBACS-MTP.png\",\"contentUrl\":\"https:\/\/www.outdoors.ee\/wp-content\/uploads\/2022\/03\/0158-British-Army-Hot-Weather-UBACS-MTP.png\",\"width\":795,\"height\":800},{\"@type\":\"BreadcrumbList\",\"@id\":\"https:\/\/www.outdoors.ee\/et\/toode\/briti-armee-vestialune-sark-hot-weather-ubacs-mtp\/#breadcrumb\",\"itemListElement\":[{\"@type\":\"ListItem\",\"position\":1,\"name\":\"Home\",\"item\":\"https:\/\/www.outdoors.ee\/et\/\"},{\"@type\":\"ListItem\",\"position\":2,\"name\":\"Tooted\",\"item\":\"https:\/\/www.outdoors.ee\/products\/\"},{\"@type\":\"ListItem\",\"position\":3,\"name\":\"Briti Armee vestialune s\u00e4rk Hot Weather UBACS MTP\"}]},{\"@type\":\"WebSite\",\"@id\":\"https:\/\/www.outdoors.ee\/#website\",\"url\":\"https:\/\/www.outdoors.ee\/\",\"name\":\"Outdoors\",\"description\":\"Genuine military surplus and not only!\",\"potentialAction\":[{\"@type\":\"SearchAction\",\"target\":{\"@type\":\"EntryPoint\",\"urlTemplate\":\"https:\/\/www.outdoors.ee\/?s={search_term_string}\"},\"query-input\":{\"@type\":\"PropertyValueSpecification\",\"valueRequired\":true,\"valueName\":\"search_term_string\"}}],\"inLanguage\":\"et\"}]}<\/script>\n<!-- \/ Yoast SEO plugin. -->","yoast_head_json":{"title":"Briti Armee kuulivestialune s\u00e4rk UBACS EP MTP - outdoors.ee","description":"Briti s\u00f5jav\u00e4e kuulivestialune s\u00e4rk, mille kehaosa on valmistatud venivast ja kiiresti kuivavast CoolMax tehnoloogiaga trikotaa\u017ematerjalist ning krae, \u00f5lad ja varrukad vastupidavast puuvilla ja pol\u00fcestri segukangast. Terve aluss\u00e4rk on kaetud Briti kaasaaegse MTP (Multi-Terrain Pattern) laiguga. Niiskust\u00a0h\u00fclgavast kangast kehaosa ulatub kaenlaalusteni, v\u00e4hendades keha \u00fclekuumenemist ning higistamist. Omadused: Briti s\u00f5jav\u00e4e originaals\u00e4rk kehaosa MTP laigus CoolMax tehnoloogiaga materjalist\u00a0 2 takjakinnitusega klapiga taskut\u00a0 t\u00f5mblukuga kaelus\u00a0 n\u00f6\u00f6biga reguleeritav manseti laius Suurbritannia lipuembleem vasakul k\u00e4isel kiri sildil: Shirt Under Body Armour Combat EP MTP Suurus rippmen\u00fc\u00fcs\u00a0(pikkus \/ rinna\u00fcmberm\u00f5\u00f5t): S - 160\/80, M - 170\/90, L - 180\/100, LW - 180\/110, XL - 190\/120, XXL - 200\/130 NB!\u00a0Velcro paneelid k\u00e4istel v\u00f5ivad puudu olla Seisukord: uus (v\u00f5ib sisaldada hulgiladustamise j\u00e4lgi v\u00f5i kirjeid sildil) uuev\u00e4\u00e4rne (v\u00f5ib sisaldada vaid minimaalseid kulumisj\u00e4lgi) kasutatud, Grade 1 (heas korras, sisaldab kergeid kulumisj\u00e4lgi, v\u00f5ib olla kergelt m\u00e4\u00e4rdunud ning sisaldada v\u00e4iksemaid vigastusi)","robots":{"index":"index","follow":"follow","max-snippet":"max-snippet:-1","max-image-preview":"max-image-preview:large","max-video-preview":"max-video-preview:-1"},"canonical":"https:\/\/www.outdoors.ee\/et\/toode\/briti-armee-vestialune-sark-hot-weather-ubacs-mtp\/","og_locale":"et_EE","og_type":"article","og_title":"Briti Armee kuulivestialune s\u00e4rk UBACS EP MTP","og_description":"Briti s\u00f5jav\u00e4e kuulivestialune s\u00e4rk, mille kehaosa on valmistatud venivast ja kiiresti kuivavast CoolMax tehnoloogiaga trikotaa\u017ematerjalist ning krae, \u00f5lad ja varrukad vastupidavast puuvilla ja pol\u00fcestri segukangast. Terve aluss\u00e4rk on kaetud Briti kaasaaegse MTP (Multi-Terrain Pattern) laiguga. Niiskust\u00a0h\u00fclgavast kangast kehaosa ulatub kaenlaalusteni, v\u00e4hendades keha \u00fclekuumenemist ning higistamist. Omadused: Briti s\u00f5jav\u00e4e originaals\u00e4rk kehaosa MTP laigus CoolMax tehnoloogiaga materjalist\u00a0 2 takjakinnitusega klapiga taskut\u00a0 t\u00f5mblukuga kaelus\u00a0 n\u00f6\u00f6biga reguleeritav manseti laius Suurbritannia lipuembleem vasakul k\u00e4isel kiri sildil: Shirt Under Body Armour Combat EP MTP Suurus rippmen\u00fc\u00fcs\u00a0(pikkus \/ rinna\u00fcmberm\u00f5\u00f5t): S - 160\/80, M - 170\/90, L - 180\/100, LW - 180\/110, XL - 190\/120, XXL - 200\/130 NB!\u00a0Velcro paneelid k\u00e4istel v\u00f5ivad puudu olla Seisukord: uus (v\u00f5ib sisaldada hulgiladustamise j\u00e4lgi v\u00f5i kirjeid sildil) uuev\u00e4\u00e4rne (v\u00f5ib sisaldada vaid minimaalseid kulumisj\u00e4lgi) kasutatud, Grade 1 (heas korras, sisaldab kergeid kulumisj\u00e4lgi, v\u00f5ib olla kergelt m\u00e4\u00e4rdunud ning sisaldada v\u00e4iksemaid vigastusi)","og_url":"https:\/\/www.outdoors.ee\/et\/toode\/briti-armee-vestialune-sark-hot-weather-ubacs-mtp\/","og_site_name":"Outdoors","article_modified_time":"2026-03-27T10:35:33+00:00","og_image":[{"width":795,"height":800,"url":"https:\/\/www.outdoors.ee\/wp-content\/uploads\/2022\/03\/0158-British-Army-Hot-Weather-UBACS-MTP.png","type":"image\/png"}],"twitter_card":"summary_large_image","twitter_title":"Briti Armee kuulivestialune s\u00e4rk UBACS EP MTP","twitter_misc":{"Est. reading time":"1 minut"},"schema":{"@context":"https:\/\/schema.org","@graph":[{"@type":"WebPage","@id":"https:\/\/www.outdoors.ee\/et\/toode\/briti-armee-vestialune-sark-hot-weather-ubacs-mtp\/","url":"https:\/\/www.outdoors.ee\/et\/toode\/briti-armee-vestialune-sark-hot-weather-ubacs-mtp\/","name":"Briti Armee kuulivestialune s\u00e4rk UBACS EP MTP - outdoors.ee","isPartOf":{"@id":"https:\/\/www.outdoors.ee\/#website"},"primaryImageOfPage":{"@id":"https:\/\/www.outdoors.ee\/et\/toode\/briti-armee-vestialune-sark-hot-weather-ubacs-mtp\/#primaryimage"},"image":{"@id":"https:\/\/www.outdoors.ee\/et\/toode\/briti-armee-vestialune-sark-hot-weather-ubacs-mtp\/#primaryimage"},"thumbnailUrl":"https:\/\/www.outdoors.ee\/wp-content\/uploads\/2022\/03\/0158-British-Army-Hot-Weather-UBACS-MTP.png","datePublished":"2022-03-11T11:11:49+00:00","dateModified":"2026-03-27T10:35:33+00:00","description":"Briti s\u00f5jav\u00e4e kuulivestialune s\u00e4rk, mille kehaosa on valmistatud venivast ja kiiresti kuivavast CoolMax tehnoloogiaga trikotaa\u017ematerjalist ning krae, \u00f5lad ja varrukad vastupidavast puuvilla ja pol\u00fcestri segukangast. Terve aluss\u00e4rk on kaetud Briti kaasaaegse MTP (Multi-Terrain Pattern) laiguga. Niiskust\u00a0h\u00fclgavast kangast kehaosa ulatub kaenlaalusteni, v\u00e4hendades keha \u00fclekuumenemist ning higistamist. Omadused: Briti s\u00f5jav\u00e4e originaals\u00e4rk kehaosa MTP laigus CoolMax tehnoloogiaga materjalist\u00a0 2 takjakinnitusega klapiga taskut\u00a0 t\u00f5mblukuga kaelus\u00a0 n\u00f6\u00f6biga reguleeritav manseti laius Suurbritannia lipuembleem vasakul k\u00e4isel kiri sildil: Shirt Under Body Armour Combat EP MTP Suurus rippmen\u00fc\u00fcs\u00a0(pikkus \/ rinna\u00fcmberm\u00f5\u00f5t): S - 160\/80, M - 170\/90, L - 180\/100, LW - 180\/110, XL - 190\/120, XXL - 200\/130 NB!\u00a0Velcro paneelid k\u00e4istel v\u00f5ivad puudu olla Seisukord: uus (v\u00f5ib sisaldada hulgiladustamise j\u00e4lgi v\u00f5i kirjeid sildil) uuev\u00e4\u00e4rne (v\u00f5ib sisaldada vaid minimaalseid kulumisj\u00e4lgi) kasutatud, Grade 1 (heas korras, sisaldab kergeid kulumisj\u00e4lgi, v\u00f5ib olla kergelt m\u00e4\u00e4rdunud ning sisaldada v\u00e4iksemaid vigastusi)","breadcrumb":{"@id":"https:\/\/www.outdoors.ee\/et\/toode\/briti-armee-vestialune-sark-hot-weather-ubacs-mtp\/#breadcrumb"},"inLanguage":"et","potentialAction":[{"@type":"ReadAction","target":["https:\/\/www.outdoors.ee\/et\/toode\/briti-armee-vestialune-sark-hot-weather-ubacs-mtp\/"]}]},{"@type":"ImageObject","inLanguage":"et","@id":"https:\/\/www.outdoors.ee\/et\/toode\/briti-armee-vestialune-sark-hot-weather-ubacs-mtp\/#primaryimage","url":"https:\/\/www.outdoors.ee\/wp-content\/uploads\/2022\/03\/0158-British-Army-Hot-Weather-UBACS-MTP.png","contentUrl":"https:\/\/www.outdoors.ee\/wp-content\/uploads\/2022\/03\/0158-British-Army-Hot-Weather-UBACS-MTP.png","width":795,"height":800},{"@type":"BreadcrumbList","@id":"https:\/\/www.outdoors.ee\/et\/toode\/briti-armee-vestialune-sark-hot-weather-ubacs-mtp\/#breadcrumb","itemListElement":[{"@type":"ListItem","position":1,"name":"Home","item":"https:\/\/www.outdoors.ee\/et\/"},{"@type":"ListItem","position":2,"name":"Tooted","item":"https:\/\/www.outdoors.ee\/products\/"},{"@type":"ListItem","position":3,"name":"Briti Armee vestialune s\u00e4rk Hot Weather UBACS MTP"}]},{"@type":"WebSite","@id":"https:\/\/www.outdoors.ee\/#website","url":"https:\/\/www.outdoors.ee\/","name":"Outdoors","description":"Genuine military surplus and not only!","potentialAction":[{"@type":"SearchAction","target":{"@type":"EntryPoint","urlTemplate":"https:\/\/www.outdoors.ee\/?s={search_term_string}"},"query-input":{"@type":"PropertyValueSpecification","valueRequired":true,"valueName":"search_term_string"}}],"inLanguage":"et"}]}},"_links":{"self":[{"href":"https:\/\/www.outdoors.ee\/et\/wp-json\/wp\/v2\/product\/66373","targetHints":{"allow":["GET"]}}],"collection":[{"href":"https:\/\/www.outdoors.ee\/et\/wp-json\/wp\/v2\/product"}],"about":[{"href":"https:\/\/www.outdoors.ee\/et\/wp-json\/wp\/v2\/types\/product"}],"wp:featuredmedia":[{"embeddable":true,"href":"https:\/\/www.outdoors.ee\/et\/wp-json\/wp\/v2\/media\/66402"}],"wp:attachment":[{"href":"https:\/\/www.outdoors.ee\/et\/wp-json\/wp\/v2\/media?parent=66373"}],"wp:term":[{"taxonomy":"product_brand","embeddable":true,"href":"https:\/\/www.outdoors.ee\/et\/wp-json\/wp\/v2\/product_brand?post=66373"},{"taxonomy":"product_cat","embeddable":true,"href":"https:\/\/www.outdoors.ee\/et\/wp-json\/wp\/v2\/product_cat?post=66373"},{"taxonomy":"product_tag","embeddable":true,"href":"https:\/\/www.outdoors.ee\/et\/wp-json\/wp\/v2\/product_tag?post=66373"}],"curies":[{"name":"wp","href":"https:\/\/api.w.org\/{rel}","templated":true}]}}