{"id":66308,"date":"2022-03-10T11:11:49","date_gmt":"2022-03-10T09:11:51","guid":{"rendered":"https:\/\/www.outdoors.ee\/?post_type=product&#038;p=66308"},"modified":"2024-05-11T16:42:47","modified_gmt":"2024-05-11T13:42:47","slug":"briti-armee-labakindad-ecw-mvp-inner-mittens-dpm","status":"publish","type":"product","link":"https:\/\/www.outdoors.ee\/et\/toode\/briti-armee-labakindad-ecw-mvp-inner-mittens-dpm\/","title":{"rendered":"Briti Armee labakindad ECW MVP Inner Mittens DPM"},"content":{"rendered":"<p style=\"text-align: justify;\"><strong>Omadused<\/strong>:<\/p>\n<ul>\n<li>Briti s\u00f5jav\u00e4e originaal<\/li>\n<li>Rip-stop kangas ja nahk<\/li>\n<li>MVP (niiskuskindel ning hingav) sisevooder<\/li>\n<li>Venivate mansettide ning pingutusn\u00f6\u00f6ridega<\/li>\n<\/ul>\n<p style=\"text-align: justify;\"><strong>Seisukord:<\/strong> uued (originaalpakendis v\u00f5i ilma, v\u00f5ivad sisaldada hulgiladustamise j\u00e4lgi)<\/p>\n","protected":false},"excerpt":{"rendered":"<p>Briti Armee sisemised labakindad ECW MVP Inner Mittens, DPM<\/p>\n","protected":false},"featured_media":66316,"template":"","meta":[],"product_brand":[],"product_cat":[98],"product_tag":[],"class_list":{"0":"post-66308","1":"product","2":"type-product","3":"status-publish","4":"has-post-thumbnail","6":"product_cat-kindad","7":"pa_brand-british-military-surplus","8":"pa_size-l-2","9":"pa_size-m-2","10":"pa_size-s-2","12":"first","13":"instock","14":"taxable","15":"shipping-taxable","16":"purchasable","17":"product-type-variable"},"yoast_head":"<!-- This site is optimized with the Yoast SEO plugin v27.2 - https:\/\/yoast.com\/product\/yoast-seo-wordpress\/ -->\n<title>Briti Armee labakindad MVP MTP - outdoors.ee<\/title>\n<meta name=\"description\" content=\"Originaalsed Briti s\u00f5jav\u00e4e k\u00fclma ilma labakindad on m\u00f5eldud kasutamiseks veekindla pealiskihina tavakinnaste peale. Toodetud Briti s\u00f5jav\u00e4e MVP (Moisture\u00a0Vapour\u00a0Permeable) materjalist, mis Gore-Tex\u00b4i ekvivalent. Labakindad on osaliselt kaetud libisemisvastase kummit\u00e4pikihiga ning varustatud randme pingutusn\u00f6\u00f6ridega. NB! Suured, kuna on m\u00f5eldud kandmiseks kinnaste peale Seisukord: uued\" \/>\n<meta name=\"robots\" content=\"index, follow, max-snippet:-1, max-image-preview:large, max-video-preview:-1\" \/>\n<link rel=\"canonical\" href=\"https:\/\/www.outdoors.ee\/et\/toode\/briti-armee-labakindad-ecw-mvp-inner-mittens-dpm\/\" \/>\n<meta property=\"og:locale\" content=\"et_EE\" \/>\n<meta property=\"og:type\" content=\"article\" \/>\n<meta property=\"og:title\" content=\"Briti Armee labakindad MVP MTP\" \/>\n<meta property=\"og:description\" content=\"Originaalsed Briti s\u00f5jav\u00e4e k\u00fclma ilma labakindad on m\u00f5eldud kasutamiseks veekindla pealiskihina tavakinnaste peale. Toodetud Briti s\u00f5jav\u00e4e MVP (Moisture\u00a0Vapour\u00a0Permeable) materjalist, mis Gore-Tex\u00b4i ekvivalent. Labakindad on osaliselt kaetud libisemisvastase kummit\u00e4pikihiga ning varustatud randme pingutusn\u00f6\u00f6ridega. NB! Suured, kuna on m\u00f5eldud kandmiseks kinnaste peale Seisukord: uued\" \/>\n<meta property=\"og:url\" content=\"https:\/\/www.outdoors.ee\/et\/toode\/briti-armee-labakindad-ecw-mvp-inner-mittens-dpm\/\" \/>\n<meta property=\"og:site_name\" content=\"Outdoors\" \/>\n<meta property=\"article:modified_time\" content=\"2024-05-11T13:42:47+00:00\" \/>\n<meta property=\"og:image\" content=\"https:\/\/www.outdoors.ee\/wp-content\/uploads\/2022\/03\/0295-British-Army-ECW-Inner-Mittens-DPM-1.jpg\" \/>\n\t<meta property=\"og:image:width\" content=\"531\" \/>\n\t<meta property=\"og:image:height\" content=\"620\" \/>\n\t<meta property=\"og:image:type\" content=\"image\/jpeg\" \/>\n<meta name=\"twitter:card\" content=\"summary_large_image\" \/>\n<meta name=\"twitter:title\" content=\"Briti Armee labakindad MVP MTP\" \/>\n<meta name=\"twitter:label1\" content=\"Est. reading time\" \/>\n\t<meta name=\"twitter:data1\" content=\"1 minut\" \/>\n<script type=\"application\/ld+json\" class=\"yoast-schema-graph\">{\"@context\":\"https:\/\/schema.org\",\"@graph\":[{\"@type\":\"WebPage\",\"@id\":\"https:\/\/www.outdoors.ee\/et\/toode\/briti-armee-labakindad-ecw-mvp-inner-mittens-dpm\/\",\"url\":\"https:\/\/www.outdoors.ee\/et\/toode\/briti-armee-labakindad-ecw-mvp-inner-mittens-dpm\/\",\"name\":\"Briti Armee labakindad MVP MTP - outdoors.ee\",\"isPartOf\":{\"@id\":\"https:\/\/www.outdoors.ee\/#website\"},\"primaryImageOfPage\":{\"@id\":\"https:\/\/www.outdoors.ee\/et\/toode\/briti-armee-labakindad-ecw-mvp-inner-mittens-dpm\/#primaryimage\"},\"image\":{\"@id\":\"https:\/\/www.outdoors.ee\/et\/toode\/briti-armee-labakindad-ecw-mvp-inner-mittens-dpm\/#primaryimage\"},\"thumbnailUrl\":\"https:\/\/www.outdoors.ee\/wp-content\/uploads\/2022\/03\/0295-British-Army-ECW-Inner-Mittens-DPM-1.jpg\",\"datePublished\":\"2022-03-10T09:11:51+00:00\",\"dateModified\":\"2024-05-11T13:42:47+00:00\",\"description\":\"Originaalsed Briti s\u00f5jav\u00e4e k\u00fclma ilma labakindad on m\u00f5eldud kasutamiseks veekindla pealiskihina tavakinnaste peale. Toodetud Briti s\u00f5jav\u00e4e MVP (Moisture\u00a0Vapour\u00a0Permeable) materjalist, mis Gore-Tex\u00b4i ekvivalent. Labakindad on osaliselt kaetud libisemisvastase kummit\u00e4pikihiga ning varustatud randme pingutusn\u00f6\u00f6ridega. NB! Suured, kuna on m\u00f5eldud kandmiseks kinnaste peale Seisukord: uued\",\"breadcrumb\":{\"@id\":\"https:\/\/www.outdoors.ee\/et\/toode\/briti-armee-labakindad-ecw-mvp-inner-mittens-dpm\/#breadcrumb\"},\"inLanguage\":\"et\",\"potentialAction\":[{\"@type\":\"ReadAction\",\"target\":[\"https:\/\/www.outdoors.ee\/et\/toode\/briti-armee-labakindad-ecw-mvp-inner-mittens-dpm\/\"]}]},{\"@type\":\"ImageObject\",\"inLanguage\":\"et\",\"@id\":\"https:\/\/www.outdoors.ee\/et\/toode\/briti-armee-labakindad-ecw-mvp-inner-mittens-dpm\/#primaryimage\",\"url\":\"https:\/\/www.outdoors.ee\/wp-content\/uploads\/2022\/03\/0295-British-Army-ECW-Inner-Mittens-DPM-1.jpg\",\"contentUrl\":\"https:\/\/www.outdoors.ee\/wp-content\/uploads\/2022\/03\/0295-British-Army-ECW-Inner-Mittens-DPM-1.jpg\",\"width\":531,\"height\":620},{\"@type\":\"BreadcrumbList\",\"@id\":\"https:\/\/www.outdoors.ee\/et\/toode\/briti-armee-labakindad-ecw-mvp-inner-mittens-dpm\/#breadcrumb\",\"itemListElement\":[{\"@type\":\"ListItem\",\"position\":1,\"name\":\"Home\",\"item\":\"https:\/\/www.outdoors.ee\/et\/\"},{\"@type\":\"ListItem\",\"position\":2,\"name\":\"Tooted\",\"item\":\"https:\/\/www.outdoors.ee\/products\/\"},{\"@type\":\"ListItem\",\"position\":3,\"name\":\"Briti Armee labakindad ECW MVP Inner Mittens DPM\"}]},{\"@type\":\"WebSite\",\"@id\":\"https:\/\/www.outdoors.ee\/#website\",\"url\":\"https:\/\/www.outdoors.ee\/\",\"name\":\"Outdoors\",\"description\":\"Genuine military surplus and not only!\",\"potentialAction\":[{\"@type\":\"SearchAction\",\"target\":{\"@type\":\"EntryPoint\",\"urlTemplate\":\"https:\/\/www.outdoors.ee\/?s={search_term_string}\"},\"query-input\":{\"@type\":\"PropertyValueSpecification\",\"valueRequired\":true,\"valueName\":\"search_term_string\"}}],\"inLanguage\":\"et\"}]}<\/script>\n<!-- \/ Yoast SEO plugin. -->","yoast_head_json":{"title":"Briti Armee labakindad MVP MTP - outdoors.ee","description":"Originaalsed Briti s\u00f5jav\u00e4e k\u00fclma ilma labakindad on m\u00f5eldud kasutamiseks veekindla pealiskihina tavakinnaste peale. Toodetud Briti s\u00f5jav\u00e4e MVP (Moisture\u00a0Vapour\u00a0Permeable) materjalist, mis Gore-Tex\u00b4i ekvivalent. Labakindad on osaliselt kaetud libisemisvastase kummit\u00e4pikihiga ning varustatud randme pingutusn\u00f6\u00f6ridega. NB! Suured, kuna on m\u00f5eldud kandmiseks kinnaste peale Seisukord: uued","robots":{"index":"index","follow":"follow","max-snippet":"max-snippet:-1","max-image-preview":"max-image-preview:large","max-video-preview":"max-video-preview:-1"},"canonical":"https:\/\/www.outdoors.ee\/et\/toode\/briti-armee-labakindad-ecw-mvp-inner-mittens-dpm\/","og_locale":"et_EE","og_type":"article","og_title":"Briti Armee labakindad MVP MTP","og_description":"Originaalsed Briti s\u00f5jav\u00e4e k\u00fclma ilma labakindad on m\u00f5eldud kasutamiseks veekindla pealiskihina tavakinnaste peale. Toodetud Briti s\u00f5jav\u00e4e MVP (Moisture\u00a0Vapour\u00a0Permeable) materjalist, mis Gore-Tex\u00b4i ekvivalent. Labakindad on osaliselt kaetud libisemisvastase kummit\u00e4pikihiga ning varustatud randme pingutusn\u00f6\u00f6ridega. NB! Suured, kuna on m\u00f5eldud kandmiseks kinnaste peale Seisukord: uued","og_url":"https:\/\/www.outdoors.ee\/et\/toode\/briti-armee-labakindad-ecw-mvp-inner-mittens-dpm\/","og_site_name":"Outdoors","article_modified_time":"2024-05-11T13:42:47+00:00","og_image":[{"width":531,"height":620,"url":"https:\/\/www.outdoors.ee\/wp-content\/uploads\/2022\/03\/0295-British-Army-ECW-Inner-Mittens-DPM-1.jpg","type":"image\/jpeg"}],"twitter_card":"summary_large_image","twitter_title":"Briti Armee labakindad MVP MTP","twitter_misc":{"Est. reading time":"1 minut"},"schema":{"@context":"https:\/\/schema.org","@graph":[{"@type":"WebPage","@id":"https:\/\/www.outdoors.ee\/et\/toode\/briti-armee-labakindad-ecw-mvp-inner-mittens-dpm\/","url":"https:\/\/www.outdoors.ee\/et\/toode\/briti-armee-labakindad-ecw-mvp-inner-mittens-dpm\/","name":"Briti Armee labakindad MVP MTP - outdoors.ee","isPartOf":{"@id":"https:\/\/www.outdoors.ee\/#website"},"primaryImageOfPage":{"@id":"https:\/\/www.outdoors.ee\/et\/toode\/briti-armee-labakindad-ecw-mvp-inner-mittens-dpm\/#primaryimage"},"image":{"@id":"https:\/\/www.outdoors.ee\/et\/toode\/briti-armee-labakindad-ecw-mvp-inner-mittens-dpm\/#primaryimage"},"thumbnailUrl":"https:\/\/www.outdoors.ee\/wp-content\/uploads\/2022\/03\/0295-British-Army-ECW-Inner-Mittens-DPM-1.jpg","datePublished":"2022-03-10T09:11:51+00:00","dateModified":"2024-05-11T13:42:47+00:00","description":"Originaalsed Briti s\u00f5jav\u00e4e k\u00fclma ilma labakindad on m\u00f5eldud kasutamiseks veekindla pealiskihina tavakinnaste peale. Toodetud Briti s\u00f5jav\u00e4e MVP (Moisture\u00a0Vapour\u00a0Permeable) materjalist, mis Gore-Tex\u00b4i ekvivalent. Labakindad on osaliselt kaetud libisemisvastase kummit\u00e4pikihiga ning varustatud randme pingutusn\u00f6\u00f6ridega. NB! Suured, kuna on m\u00f5eldud kandmiseks kinnaste peale Seisukord: uued","breadcrumb":{"@id":"https:\/\/www.outdoors.ee\/et\/toode\/briti-armee-labakindad-ecw-mvp-inner-mittens-dpm\/#breadcrumb"},"inLanguage":"et","potentialAction":[{"@type":"ReadAction","target":["https:\/\/www.outdoors.ee\/et\/toode\/briti-armee-labakindad-ecw-mvp-inner-mittens-dpm\/"]}]},{"@type":"ImageObject","inLanguage":"et","@id":"https:\/\/www.outdoors.ee\/et\/toode\/briti-armee-labakindad-ecw-mvp-inner-mittens-dpm\/#primaryimage","url":"https:\/\/www.outdoors.ee\/wp-content\/uploads\/2022\/03\/0295-British-Army-ECW-Inner-Mittens-DPM-1.jpg","contentUrl":"https:\/\/www.outdoors.ee\/wp-content\/uploads\/2022\/03\/0295-British-Army-ECW-Inner-Mittens-DPM-1.jpg","width":531,"height":620},{"@type":"BreadcrumbList","@id":"https:\/\/www.outdoors.ee\/et\/toode\/briti-armee-labakindad-ecw-mvp-inner-mittens-dpm\/#breadcrumb","itemListElement":[{"@type":"ListItem","position":1,"name":"Home","item":"https:\/\/www.outdoors.ee\/et\/"},{"@type":"ListItem","position":2,"name":"Tooted","item":"https:\/\/www.outdoors.ee\/products\/"},{"@type":"ListItem","position":3,"name":"Briti Armee labakindad ECW MVP Inner Mittens DPM"}]},{"@type":"WebSite","@id":"https:\/\/www.outdoors.ee\/#website","url":"https:\/\/www.outdoors.ee\/","name":"Outdoors","description":"Genuine military surplus and not only!","potentialAction":[{"@type":"SearchAction","target":{"@type":"EntryPoint","urlTemplate":"https:\/\/www.outdoors.ee\/?s={search_term_string}"},"query-input":{"@type":"PropertyValueSpecification","valueRequired":true,"valueName":"search_term_string"}}],"inLanguage":"et"}]}},"_links":{"self":[{"href":"https:\/\/www.outdoors.ee\/et\/wp-json\/wp\/v2\/product\/66308","targetHints":{"allow":["GET"]}}],"collection":[{"href":"https:\/\/www.outdoors.ee\/et\/wp-json\/wp\/v2\/product"}],"about":[{"href":"https:\/\/www.outdoors.ee\/et\/wp-json\/wp\/v2\/types\/product"}],"wp:featuredmedia":[{"embeddable":true,"href":"https:\/\/www.outdoors.ee\/et\/wp-json\/wp\/v2\/media\/66316"}],"wp:attachment":[{"href":"https:\/\/www.outdoors.ee\/et\/wp-json\/wp\/v2\/media?parent=66308"}],"wp:term":[{"taxonomy":"product_brand","embeddable":true,"href":"https:\/\/www.outdoors.ee\/et\/wp-json\/wp\/v2\/product_brand?post=66308"},{"taxonomy":"product_cat","embeddable":true,"href":"https:\/\/www.outdoors.ee\/et\/wp-json\/wp\/v2\/product_cat?post=66308"},{"taxonomy":"product_tag","embeddable":true,"href":"https:\/\/www.outdoors.ee\/et\/wp-json\/wp\/v2\/product_tag?post=66308"}],"curies":[{"name":"wp","href":"https:\/\/api.w.org\/{rel}","templated":true}]}}