{"id":66270,"date":"2022-03-08T16:03:50","date_gmt":"2022-03-08T14:03:52","guid":{"rendered":"https:\/\/www.outdoors.ee\/?post_type=product&#038;p=66270"},"modified":"2024-11-29T20:49:22","modified_gmt":"2024-11-29T18:49:22","slug":"briti-armee-metalltrossiga-saarised-olive","status":"publish","type":"product","link":"https:\/\/www.outdoors.ee\/et\/toode\/briti-armee-metalltrossiga-saarised-olive\/","title":{"rendered":"Briti Armee metalltrossiga s\u00e4\u00e4rised Olive"},"content":{"rendered":"<p style=\"text-align: justify;\">Briti s\u00f5jav\u00e4e vastupidavast purjeriidest s\u00e4\u00e4rised metallist ja kummist tallapaelaga.<\/p>\n<p style=\"text-align: justify;\"><strong>Omadused:<\/strong><\/p>\n<ul style=\"text-align: justify;\">\n<li>suletavad t\u00e4ispikkuses trukkide, t\u00f5mbluku ning takjapaelaga<\/li>\n<li>keskel on pingutuskumm, et s\u00e4\u00e4ris ei vajuks alla<\/li>\n<li>pingitusn\u00f6\u00f6riga \u00fcleval<\/li>\n<li>trossi pikkus on reguleeritav<\/li>\n<li>alumine serv on haagiga saapapaelte k\u00fclge kinnitatav, et s\u00e4\u00e4ris ei t\u00f5useks \u00fcles<\/li>\n<\/ul>\n<p style=\"text-align: justify;\"><strong>Seisukord:<\/strong><\/p>\n<ul>\n<li>uued (v\u00f5ivad sisaldada hulgiladustamise j\u00e4lgi ja kirjasid sildil)<\/li>\n<li>uuev\u00e4\u00e4rne (sisaldavad minimaalseid kulumisj\u00e4lgi)<\/li>\n<\/ul>\n","protected":false},"excerpt":{"rendered":"<p>Briti Armee purjeriidest s\u00e4\u00e4rised metalltrossiga, oliivrohelised<\/p>\n","protected":false},"featured_media":66276,"template":"","meta":[],"product_brand":[],"product_cat":[197],"product_tag":[],"class_list":{"0":"post-66270","1":"product","2":"type-product","3":"status-publish","4":"has-post-thumbnail","6":"product_cat-sokid-saarised","7":"pa_brand-british-military-surplus","8":"pa_condition-uuevaarne","9":"pa_condition-uus","10":"pa_size-long-2","11":"pa_size-standard-2","13":"first","14":"outofstock","15":"taxable","16":"shipping-taxable","17":"product-type-variable"},"yoast_head":"<!-- This site is optimized with the Yoast SEO plugin v27.2 - https:\/\/yoast.com\/product\/yoast-seo-wordpress\/ -->\n<title>Briti Armee metalltrossiga s\u00e4\u00e4rised MVP DPM - outdoors.ee<\/title>\n<meta name=\"description\" content=\"Originaalsed ja vastupidavad Briti s\u00f5jav\u00e4e vetth\u00fclgavast ning hingavast materjalist (Moistrure Vapour Permeable) s\u00e4\u00e4rised metallist ja kummist tallapaelaga. Omadused: suletavad t\u00e4ispikkuses trukkide, t\u00f5mbluku ning takjapaelaga keskel ning \u00fcleval on pingutuskumm, et s\u00e4\u00e4ris ei vajuks alla pingitusn\u00f6\u00f6riga \u00fcleval trossi pikkus on reguleeritav alumine serv on kahe haagiga saapapaelte k\u00fclge kinnitatav, et s\u00e4\u00e4ris ei t\u00f5useks \u00fcles Seisukord: uued kasutatud, Grade 1 (heas korras, kergete kulumisj\u00e4lgedega)\" \/>\n<meta name=\"robots\" content=\"index, follow, max-snippet:-1, max-image-preview:large, max-video-preview:-1\" \/>\n<link rel=\"canonical\" href=\"https:\/\/www.outdoors.ee\/et\/toode\/briti-armee-metalltrossiga-saarised-olive\/\" \/>\n<meta property=\"og:locale\" content=\"et_EE\" \/>\n<meta property=\"og:type\" content=\"article\" \/>\n<meta property=\"og:title\" content=\"Briti Armee metalltrossiga s\u00e4\u00e4rised MVP DPM\" \/>\n<meta property=\"og:description\" content=\"Originaalsed ja vastupidavad Briti s\u00f5jav\u00e4e vetth\u00fclgavast ning hingavast materjalist (Moistrure Vapour Permeable) s\u00e4\u00e4rised metallist ja kummist tallapaelaga. Omadused: suletavad t\u00e4ispikkuses trukkide, t\u00f5mbluku ning takjapaelaga keskel ning \u00fcleval on pingutuskumm, et s\u00e4\u00e4ris ei vajuks alla pingitusn\u00f6\u00f6riga \u00fcleval trossi pikkus on reguleeritav alumine serv on kahe haagiga saapapaelte k\u00fclge kinnitatav, et s\u00e4\u00e4ris ei t\u00f5useks \u00fcles Seisukord: uued kasutatud, Grade 1 (heas korras, kergete kulumisj\u00e4lgedega)\" \/>\n<meta property=\"og:url\" content=\"https:\/\/www.outdoors.ee\/et\/toode\/briti-armee-metalltrossiga-saarised-olive\/\" \/>\n<meta property=\"og:site_name\" content=\"Outdoors\" \/>\n<meta property=\"article:modified_time\" content=\"2024-11-29T18:49:22+00:00\" \/>\n<meta property=\"og:image\" content=\"https:\/\/www.outdoors.ee\/wp-content\/uploads\/2022\/03\/0291-British-Army-Canvas-Gaiters-Olive-1.jpg\" \/>\n\t<meta property=\"og:image:width\" content=\"699\" \/>\n\t<meta property=\"og:image:height\" content=\"590\" \/>\n\t<meta property=\"og:image:type\" content=\"image\/jpeg\" \/>\n<meta name=\"twitter:card\" content=\"summary_large_image\" \/>\n<meta name=\"twitter:title\" content=\"Briti Armee metalltrossiga s\u00e4\u00e4rised MVP DPM\" \/>\n<meta name=\"twitter:label1\" content=\"Est. reading time\" \/>\n\t<meta name=\"twitter:data1\" content=\"1 minut\" \/>\n<script type=\"application\/ld+json\" class=\"yoast-schema-graph\">{\"@context\":\"https:\/\/schema.org\",\"@graph\":[{\"@type\":\"WebPage\",\"@id\":\"https:\/\/www.outdoors.ee\/et\/toode\/briti-armee-metalltrossiga-saarised-olive\/\",\"url\":\"https:\/\/www.outdoors.ee\/et\/toode\/briti-armee-metalltrossiga-saarised-olive\/\",\"name\":\"Briti Armee metalltrossiga s\u00e4\u00e4rised MVP DPM - outdoors.ee\",\"isPartOf\":{\"@id\":\"https:\/\/www.outdoors.ee\/#website\"},\"primaryImageOfPage\":{\"@id\":\"https:\/\/www.outdoors.ee\/et\/toode\/briti-armee-metalltrossiga-saarised-olive\/#primaryimage\"},\"image\":{\"@id\":\"https:\/\/www.outdoors.ee\/et\/toode\/briti-armee-metalltrossiga-saarised-olive\/#primaryimage\"},\"thumbnailUrl\":\"https:\/\/www.outdoors.ee\/wp-content\/uploads\/2022\/03\/0291-British-Army-Canvas-Gaiters-Olive-1.jpg\",\"datePublished\":\"2022-03-08T14:03:52+00:00\",\"dateModified\":\"2024-11-29T18:49:22+00:00\",\"description\":\"Originaalsed ja vastupidavad Briti s\u00f5jav\u00e4e vetth\u00fclgavast ning hingavast materjalist (Moistrure Vapour Permeable) s\u00e4\u00e4rised metallist ja kummist tallapaelaga. Omadused: suletavad t\u00e4ispikkuses trukkide, t\u00f5mbluku ning takjapaelaga keskel ning \u00fcleval on pingutuskumm, et s\u00e4\u00e4ris ei vajuks alla pingitusn\u00f6\u00f6riga \u00fcleval trossi pikkus on reguleeritav alumine serv on kahe haagiga saapapaelte k\u00fclge kinnitatav, et s\u00e4\u00e4ris ei t\u00f5useks \u00fcles Seisukord: uued kasutatud, Grade 1 (heas korras, kergete kulumisj\u00e4lgedega)\",\"breadcrumb\":{\"@id\":\"https:\/\/www.outdoors.ee\/et\/toode\/briti-armee-metalltrossiga-saarised-olive\/#breadcrumb\"},\"inLanguage\":\"et\",\"potentialAction\":[{\"@type\":\"ReadAction\",\"target\":[\"https:\/\/www.outdoors.ee\/et\/toode\/briti-armee-metalltrossiga-saarised-olive\/\"]}]},{\"@type\":\"ImageObject\",\"inLanguage\":\"et\",\"@id\":\"https:\/\/www.outdoors.ee\/et\/toode\/briti-armee-metalltrossiga-saarised-olive\/#primaryimage\",\"url\":\"https:\/\/www.outdoors.ee\/wp-content\/uploads\/2022\/03\/0291-British-Army-Canvas-Gaiters-Olive-1.jpg\",\"contentUrl\":\"https:\/\/www.outdoors.ee\/wp-content\/uploads\/2022\/03\/0291-British-Army-Canvas-Gaiters-Olive-1.jpg\",\"width\":699,\"height\":590},{\"@type\":\"BreadcrumbList\",\"@id\":\"https:\/\/www.outdoors.ee\/et\/toode\/briti-armee-metalltrossiga-saarised-olive\/#breadcrumb\",\"itemListElement\":[{\"@type\":\"ListItem\",\"position\":1,\"name\":\"Home\",\"item\":\"https:\/\/www.outdoors.ee\/et\/\"},{\"@type\":\"ListItem\",\"position\":2,\"name\":\"Tooted\",\"item\":\"https:\/\/www.outdoors.ee\/products\/\"},{\"@type\":\"ListItem\",\"position\":3,\"name\":\"Briti Armee metalltrossiga s\u00e4\u00e4rised Olive\"}]},{\"@type\":\"WebSite\",\"@id\":\"https:\/\/www.outdoors.ee\/#website\",\"url\":\"https:\/\/www.outdoors.ee\/\",\"name\":\"Outdoors\",\"description\":\"Genuine military surplus and not only!\",\"potentialAction\":[{\"@type\":\"SearchAction\",\"target\":{\"@type\":\"EntryPoint\",\"urlTemplate\":\"https:\/\/www.outdoors.ee\/?s={search_term_string}\"},\"query-input\":{\"@type\":\"PropertyValueSpecification\",\"valueRequired\":true,\"valueName\":\"search_term_string\"}}],\"inLanguage\":\"et\"}]}<\/script>\n<!-- \/ Yoast SEO plugin. -->","yoast_head_json":{"title":"Briti Armee metalltrossiga s\u00e4\u00e4rised MVP DPM - outdoors.ee","description":"Originaalsed ja vastupidavad Briti s\u00f5jav\u00e4e vetth\u00fclgavast ning hingavast materjalist (Moistrure Vapour Permeable) s\u00e4\u00e4rised metallist ja kummist tallapaelaga. Omadused: suletavad t\u00e4ispikkuses trukkide, t\u00f5mbluku ning takjapaelaga keskel ning \u00fcleval on pingutuskumm, et s\u00e4\u00e4ris ei vajuks alla pingitusn\u00f6\u00f6riga \u00fcleval trossi pikkus on reguleeritav alumine serv on kahe haagiga saapapaelte k\u00fclge kinnitatav, et s\u00e4\u00e4ris ei t\u00f5useks \u00fcles Seisukord: uued kasutatud, Grade 1 (heas korras, kergete kulumisj\u00e4lgedega)","robots":{"index":"index","follow":"follow","max-snippet":"max-snippet:-1","max-image-preview":"max-image-preview:large","max-video-preview":"max-video-preview:-1"},"canonical":"https:\/\/www.outdoors.ee\/et\/toode\/briti-armee-metalltrossiga-saarised-olive\/","og_locale":"et_EE","og_type":"article","og_title":"Briti Armee metalltrossiga s\u00e4\u00e4rised MVP DPM","og_description":"Originaalsed ja vastupidavad Briti s\u00f5jav\u00e4e vetth\u00fclgavast ning hingavast materjalist (Moistrure Vapour Permeable) s\u00e4\u00e4rised metallist ja kummist tallapaelaga. Omadused: suletavad t\u00e4ispikkuses trukkide, t\u00f5mbluku ning takjapaelaga keskel ning \u00fcleval on pingutuskumm, et s\u00e4\u00e4ris ei vajuks alla pingitusn\u00f6\u00f6riga \u00fcleval trossi pikkus on reguleeritav alumine serv on kahe haagiga saapapaelte k\u00fclge kinnitatav, et s\u00e4\u00e4ris ei t\u00f5useks \u00fcles Seisukord: uued kasutatud, Grade 1 (heas korras, kergete kulumisj\u00e4lgedega)","og_url":"https:\/\/www.outdoors.ee\/et\/toode\/briti-armee-metalltrossiga-saarised-olive\/","og_site_name":"Outdoors","article_modified_time":"2024-11-29T18:49:22+00:00","og_image":[{"width":699,"height":590,"url":"https:\/\/www.outdoors.ee\/wp-content\/uploads\/2022\/03\/0291-British-Army-Canvas-Gaiters-Olive-1.jpg","type":"image\/jpeg"}],"twitter_card":"summary_large_image","twitter_title":"Briti Armee metalltrossiga s\u00e4\u00e4rised MVP DPM","twitter_misc":{"Est. reading time":"1 minut"},"schema":{"@context":"https:\/\/schema.org","@graph":[{"@type":"WebPage","@id":"https:\/\/www.outdoors.ee\/et\/toode\/briti-armee-metalltrossiga-saarised-olive\/","url":"https:\/\/www.outdoors.ee\/et\/toode\/briti-armee-metalltrossiga-saarised-olive\/","name":"Briti Armee metalltrossiga s\u00e4\u00e4rised MVP DPM - outdoors.ee","isPartOf":{"@id":"https:\/\/www.outdoors.ee\/#website"},"primaryImageOfPage":{"@id":"https:\/\/www.outdoors.ee\/et\/toode\/briti-armee-metalltrossiga-saarised-olive\/#primaryimage"},"image":{"@id":"https:\/\/www.outdoors.ee\/et\/toode\/briti-armee-metalltrossiga-saarised-olive\/#primaryimage"},"thumbnailUrl":"https:\/\/www.outdoors.ee\/wp-content\/uploads\/2022\/03\/0291-British-Army-Canvas-Gaiters-Olive-1.jpg","datePublished":"2022-03-08T14:03:52+00:00","dateModified":"2024-11-29T18:49:22+00:00","description":"Originaalsed ja vastupidavad Briti s\u00f5jav\u00e4e vetth\u00fclgavast ning hingavast materjalist (Moistrure Vapour Permeable) s\u00e4\u00e4rised metallist ja kummist tallapaelaga. Omadused: suletavad t\u00e4ispikkuses trukkide, t\u00f5mbluku ning takjapaelaga keskel ning \u00fcleval on pingutuskumm, et s\u00e4\u00e4ris ei vajuks alla pingitusn\u00f6\u00f6riga \u00fcleval trossi pikkus on reguleeritav alumine serv on kahe haagiga saapapaelte k\u00fclge kinnitatav, et s\u00e4\u00e4ris ei t\u00f5useks \u00fcles Seisukord: uued kasutatud, Grade 1 (heas korras, kergete kulumisj\u00e4lgedega)","breadcrumb":{"@id":"https:\/\/www.outdoors.ee\/et\/toode\/briti-armee-metalltrossiga-saarised-olive\/#breadcrumb"},"inLanguage":"et","potentialAction":[{"@type":"ReadAction","target":["https:\/\/www.outdoors.ee\/et\/toode\/briti-armee-metalltrossiga-saarised-olive\/"]}]},{"@type":"ImageObject","inLanguage":"et","@id":"https:\/\/www.outdoors.ee\/et\/toode\/briti-armee-metalltrossiga-saarised-olive\/#primaryimage","url":"https:\/\/www.outdoors.ee\/wp-content\/uploads\/2022\/03\/0291-British-Army-Canvas-Gaiters-Olive-1.jpg","contentUrl":"https:\/\/www.outdoors.ee\/wp-content\/uploads\/2022\/03\/0291-British-Army-Canvas-Gaiters-Olive-1.jpg","width":699,"height":590},{"@type":"BreadcrumbList","@id":"https:\/\/www.outdoors.ee\/et\/toode\/briti-armee-metalltrossiga-saarised-olive\/#breadcrumb","itemListElement":[{"@type":"ListItem","position":1,"name":"Home","item":"https:\/\/www.outdoors.ee\/et\/"},{"@type":"ListItem","position":2,"name":"Tooted","item":"https:\/\/www.outdoors.ee\/products\/"},{"@type":"ListItem","position":3,"name":"Briti Armee metalltrossiga s\u00e4\u00e4rised Olive"}]},{"@type":"WebSite","@id":"https:\/\/www.outdoors.ee\/#website","url":"https:\/\/www.outdoors.ee\/","name":"Outdoors","description":"Genuine military surplus and not only!","potentialAction":[{"@type":"SearchAction","target":{"@type":"EntryPoint","urlTemplate":"https:\/\/www.outdoors.ee\/?s={search_term_string}"},"query-input":{"@type":"PropertyValueSpecification","valueRequired":true,"valueName":"search_term_string"}}],"inLanguage":"et"}]}},"_links":{"self":[{"href":"https:\/\/www.outdoors.ee\/et\/wp-json\/wp\/v2\/product\/66270","targetHints":{"allow":["GET"]}}],"collection":[{"href":"https:\/\/www.outdoors.ee\/et\/wp-json\/wp\/v2\/product"}],"about":[{"href":"https:\/\/www.outdoors.ee\/et\/wp-json\/wp\/v2\/types\/product"}],"wp:featuredmedia":[{"embeddable":true,"href":"https:\/\/www.outdoors.ee\/et\/wp-json\/wp\/v2\/media\/66276"}],"wp:attachment":[{"href":"https:\/\/www.outdoors.ee\/et\/wp-json\/wp\/v2\/media?parent=66270"}],"wp:term":[{"taxonomy":"product_brand","embeddable":true,"href":"https:\/\/www.outdoors.ee\/et\/wp-json\/wp\/v2\/product_brand?post=66270"},{"taxonomy":"product_cat","embeddable":true,"href":"https:\/\/www.outdoors.ee\/et\/wp-json\/wp\/v2\/product_cat?post=66270"},{"taxonomy":"product_tag","embeddable":true,"href":"https:\/\/www.outdoors.ee\/et\/wp-json\/wp\/v2\/product_tag?post=66270"}],"curies":[{"name":"wp","href":"https:\/\/api.w.org\/{rel}","templated":true}]}}