{"id":65908,"date":"2022-02-17T16:55:22","date_gmt":"2022-02-17T14:55:23","guid":{"rendered":"https:\/\/www.outdoors.ee\/?post_type=product&#038;p=65908"},"modified":"2024-11-26T19:11:53","modified_gmt":"2024-11-26T17:11:53","slug":"camelbak-thermobak-ab-coyote-joogiseljakott-copy","status":"publish","type":"product","link":"https:\/\/www.outdoors.ee\/et\/toode\/camelbak-thermobak-ab-coyote-joogiseljakott-copy\/","title":{"rendered":"CamelBak Thermobak 3L joogiseljakott Coyote"},"content":{"rendered":"<p><strong>Omadused<\/strong>:<\/p>\n<ul>\n<li>Hollandi s\u00f5jav\u00e4e originaal<\/li>\n<li>vastupidavast 500D Cordura\u00ae materjalist soojusisolatsiooniga seljakott<\/li>\n<li>Mil Spec Antidote\u2122 3L veekott mahutavusega 3L<\/li>\n<li>Camelbak Big-Bite klapiga ja isoleeritud voolikuga<\/li>\n<li>kandesang \u00fcleval<\/li>\n<li>ligip\u00e4\u00e4s veekotile kahe t\u00f5mbluku abil \u00fclevalt ning paremalt k\u00fcljelt<\/li>\n<li>keeratav kork l\u00e4bim\u00f5\u00f5duga ca 5cm<\/li>\n<li>reguleeritava pikkusega \u00f5larihmad ning rinnarihm<\/li>\n<li>kuue D-r\u00f5ngaga vest v\u00f5i seljakoti k\u00fclge kinnitamise h\u00f5lbustamiseks<\/li>\n<li>m\u00f5\u00f5dud: ca 40 x 24 x 13cm<\/li>\n<\/ul>\n<p><strong>Seisukord: <\/strong>uus, originaalpakendis<\/p>\n","protected":false},"excerpt":{"rendered":"<p>Hollandi Armee joogiseljakott CamelBak Thermobak 3L, bee\u017e<\/p>\n","protected":false},"featured_media":65912,"template":"","meta":[],"product_brand":[],"product_cat":[149],"product_tag":[],"class_list":{"0":"post-65908","1":"product","2":"type-product","3":"status-publish","4":"has-post-thumbnail","6":"product_cat-taktikaline-varustus","7":"pa_brand-camelbak-2","8":"pa_brand-dutch-military-surplus","10":"first","11":"instock","12":"taxable","13":"shipping-taxable","14":"purchasable","15":"product-type-simple"},"yoast_head":"<!-- This site is optimized with the Yoast SEO plugin v27.2 - https:\/\/yoast.com\/product\/yoast-seo-wordpress\/ -->\n<title>CamelBak ThermoBak AB Coyote joogiseljakott - outdoors.ee<\/title>\n<meta name=\"description\" content=\"Omadused: originaalne Hollandi s\u00f5jav\u00e4e joogiseljakott vastupidavast Cordura\u00ae materjalist soojusisolatsiooniga seljakott ligikaudne maht 3L patenteeritud Camelbak Big-Bite klapiga ja isoleeritud voolikuga kandesangaga \u00fcleval ligip\u00e4\u00e4s veekotile pealt kahe t\u00f5mblukuga klapi abil v\u00e4ike t\u00f5mblukuga tasku pealmises klapis keeratav kork l\u00e4bim\u00f5\u00f5duga ca 5cm 2 reguleeritavat \u00f5larihma Molle paneeliga ees t\u00fchi kaal ca 0,68kg Seisukord: uus (v\u00f5ib sisaldada hulgiladustamise j\u00e4lgi) uuev\u00e4\u00e4rne (sisaldab minimaalseid kulumisj\u00e4lgi)\" \/>\n<meta name=\"robots\" content=\"index, follow, max-snippet:-1, max-image-preview:large, max-video-preview:-1\" \/>\n<link rel=\"canonical\" href=\"https:\/\/www.outdoors.ee\/et\/toode\/camelbak-thermobak-ab-coyote-joogiseljakott-copy\/\" \/>\n<meta property=\"og:locale\" content=\"et_EE\" \/>\n<meta property=\"og:type\" content=\"article\" \/>\n<meta property=\"og:title\" content=\"CamelBak ThermoBak AB Coyote joogiseljakott\" \/>\n<meta property=\"og:description\" content=\"Omadused: originaalne Hollandi s\u00f5jav\u00e4e joogiseljakott vastupidavast Cordura\u00ae materjalist soojusisolatsiooniga seljakott ligikaudne maht 3L patenteeritud Camelbak Big-Bite klapiga ja isoleeritud voolikuga kandesangaga \u00fcleval ligip\u00e4\u00e4s veekotile pealt kahe t\u00f5mblukuga klapi abil v\u00e4ike t\u00f5mblukuga tasku pealmises klapis keeratav kork l\u00e4bim\u00f5\u00f5duga ca 5cm 2 reguleeritavat \u00f5larihma Molle paneeliga ees t\u00fchi kaal ca 0,68kg Seisukord: uus (v\u00f5ib sisaldada hulgiladustamise j\u00e4lgi) uuev\u00e4\u00e4rne (sisaldab minimaalseid kulumisj\u00e4lgi)\" \/>\n<meta property=\"og:url\" content=\"https:\/\/www.outdoors.ee\/et\/toode\/camelbak-thermobak-ab-coyote-joogiseljakott-copy\/\" \/>\n<meta property=\"og:site_name\" content=\"Outdoors\" \/>\n<meta property=\"article:modified_time\" content=\"2024-11-26T17:11:53+00:00\" \/>\n<meta property=\"og:image\" content=\"https:\/\/www.outdoors.ee\/wp-content\/uploads\/2022\/02\/1519-CamelBak-Thermobak-3L-Hydration-Backpack-Coyote.jpg\" \/>\n\t<meta property=\"og:image:width\" content=\"700\" \/>\n\t<meta property=\"og:image:height\" content=\"798\" \/>\n\t<meta property=\"og:image:type\" content=\"image\/jpeg\" \/>\n<meta name=\"twitter:card\" content=\"summary_large_image\" \/>\n<meta name=\"twitter:title\" content=\"CamelBak ThermoBak AB Coyote joogiseljakott\" \/>\n<meta name=\"twitter:label1\" content=\"Est. reading time\" \/>\n\t<meta name=\"twitter:data1\" content=\"1 minut\" \/>\n<script type=\"application\/ld+json\" class=\"yoast-schema-graph\">{\"@context\":\"https:\/\/schema.org\",\"@graph\":[{\"@type\":\"WebPage\",\"@id\":\"https:\/\/www.outdoors.ee\/et\/toode\/camelbak-thermobak-ab-coyote-joogiseljakott-copy\/\",\"url\":\"https:\/\/www.outdoors.ee\/et\/toode\/camelbak-thermobak-ab-coyote-joogiseljakott-copy\/\",\"name\":\"CamelBak ThermoBak AB Coyote joogiseljakott - outdoors.ee\",\"isPartOf\":{\"@id\":\"https:\/\/www.outdoors.ee\/#website\"},\"primaryImageOfPage\":{\"@id\":\"https:\/\/www.outdoors.ee\/et\/toode\/camelbak-thermobak-ab-coyote-joogiseljakott-copy\/#primaryimage\"},\"image\":{\"@id\":\"https:\/\/www.outdoors.ee\/et\/toode\/camelbak-thermobak-ab-coyote-joogiseljakott-copy\/#primaryimage\"},\"thumbnailUrl\":\"https:\/\/www.outdoors.ee\/wp-content\/uploads\/2022\/02\/1519-CamelBak-Thermobak-3L-Hydration-Backpack-Coyote.jpg\",\"datePublished\":\"2022-02-17T14:55:23+00:00\",\"dateModified\":\"2024-11-26T17:11:53+00:00\",\"description\":\"Omadused: originaalne Hollandi s\u00f5jav\u00e4e joogiseljakott vastupidavast Cordura\u00ae materjalist soojusisolatsiooniga seljakott ligikaudne maht 3L patenteeritud Camelbak Big-Bite klapiga ja isoleeritud voolikuga kandesangaga \u00fcleval ligip\u00e4\u00e4s veekotile pealt kahe t\u00f5mblukuga klapi abil v\u00e4ike t\u00f5mblukuga tasku pealmises klapis keeratav kork l\u00e4bim\u00f5\u00f5duga ca 5cm 2 reguleeritavat \u00f5larihma Molle paneeliga ees t\u00fchi kaal ca 0,68kg Seisukord: uus (v\u00f5ib sisaldada hulgiladustamise j\u00e4lgi) uuev\u00e4\u00e4rne (sisaldab minimaalseid kulumisj\u00e4lgi)\",\"breadcrumb\":{\"@id\":\"https:\/\/www.outdoors.ee\/et\/toode\/camelbak-thermobak-ab-coyote-joogiseljakott-copy\/#breadcrumb\"},\"inLanguage\":\"et\",\"potentialAction\":[{\"@type\":\"ReadAction\",\"target\":[\"https:\/\/www.outdoors.ee\/et\/toode\/camelbak-thermobak-ab-coyote-joogiseljakott-copy\/\"]}]},{\"@type\":\"ImageObject\",\"inLanguage\":\"et\",\"@id\":\"https:\/\/www.outdoors.ee\/et\/toode\/camelbak-thermobak-ab-coyote-joogiseljakott-copy\/#primaryimage\",\"url\":\"https:\/\/www.outdoors.ee\/wp-content\/uploads\/2022\/02\/1519-CamelBak-Thermobak-3L-Hydration-Backpack-Coyote.jpg\",\"contentUrl\":\"https:\/\/www.outdoors.ee\/wp-content\/uploads\/2022\/02\/1519-CamelBak-Thermobak-3L-Hydration-Backpack-Coyote.jpg\",\"width\":700,\"height\":798},{\"@type\":\"BreadcrumbList\",\"@id\":\"https:\/\/www.outdoors.ee\/et\/toode\/camelbak-thermobak-ab-coyote-joogiseljakott-copy\/#breadcrumb\",\"itemListElement\":[{\"@type\":\"ListItem\",\"position\":1,\"name\":\"Home\",\"item\":\"https:\/\/www.outdoors.ee\/et\/\"},{\"@type\":\"ListItem\",\"position\":2,\"name\":\"Tooted\",\"item\":\"https:\/\/www.outdoors.ee\/products\/\"},{\"@type\":\"ListItem\",\"position\":3,\"name\":\"CamelBak Thermobak 3L joogiseljakott Coyote\"}]},{\"@type\":\"WebSite\",\"@id\":\"https:\/\/www.outdoors.ee\/#website\",\"url\":\"https:\/\/www.outdoors.ee\/\",\"name\":\"Outdoors\",\"description\":\"Genuine military surplus and not only!\",\"potentialAction\":[{\"@type\":\"SearchAction\",\"target\":{\"@type\":\"EntryPoint\",\"urlTemplate\":\"https:\/\/www.outdoors.ee\/?s={search_term_string}\"},\"query-input\":{\"@type\":\"PropertyValueSpecification\",\"valueRequired\":true,\"valueName\":\"search_term_string\"}}],\"inLanguage\":\"et\"}]}<\/script>\n<!-- \/ Yoast SEO plugin. -->","yoast_head_json":{"title":"CamelBak ThermoBak AB Coyote joogiseljakott - outdoors.ee","description":"Omadused: originaalne Hollandi s\u00f5jav\u00e4e joogiseljakott vastupidavast Cordura\u00ae materjalist soojusisolatsiooniga seljakott ligikaudne maht 3L patenteeritud Camelbak Big-Bite klapiga ja isoleeritud voolikuga kandesangaga \u00fcleval ligip\u00e4\u00e4s veekotile pealt kahe t\u00f5mblukuga klapi abil v\u00e4ike t\u00f5mblukuga tasku pealmises klapis keeratav kork l\u00e4bim\u00f5\u00f5duga ca 5cm 2 reguleeritavat \u00f5larihma Molle paneeliga ees t\u00fchi kaal ca 0,68kg Seisukord: uus (v\u00f5ib sisaldada hulgiladustamise j\u00e4lgi) uuev\u00e4\u00e4rne (sisaldab minimaalseid kulumisj\u00e4lgi)","robots":{"index":"index","follow":"follow","max-snippet":"max-snippet:-1","max-image-preview":"max-image-preview:large","max-video-preview":"max-video-preview:-1"},"canonical":"https:\/\/www.outdoors.ee\/et\/toode\/camelbak-thermobak-ab-coyote-joogiseljakott-copy\/","og_locale":"et_EE","og_type":"article","og_title":"CamelBak ThermoBak AB Coyote joogiseljakott","og_description":"Omadused: originaalne Hollandi s\u00f5jav\u00e4e joogiseljakott vastupidavast Cordura\u00ae materjalist soojusisolatsiooniga seljakott ligikaudne maht 3L patenteeritud Camelbak Big-Bite klapiga ja isoleeritud voolikuga kandesangaga \u00fcleval ligip\u00e4\u00e4s veekotile pealt kahe t\u00f5mblukuga klapi abil v\u00e4ike t\u00f5mblukuga tasku pealmises klapis keeratav kork l\u00e4bim\u00f5\u00f5duga ca 5cm 2 reguleeritavat \u00f5larihma Molle paneeliga ees t\u00fchi kaal ca 0,68kg Seisukord: uus (v\u00f5ib sisaldada hulgiladustamise j\u00e4lgi) uuev\u00e4\u00e4rne (sisaldab minimaalseid kulumisj\u00e4lgi)","og_url":"https:\/\/www.outdoors.ee\/et\/toode\/camelbak-thermobak-ab-coyote-joogiseljakott-copy\/","og_site_name":"Outdoors","article_modified_time":"2024-11-26T17:11:53+00:00","og_image":[{"width":700,"height":798,"url":"https:\/\/www.outdoors.ee\/wp-content\/uploads\/2022\/02\/1519-CamelBak-Thermobak-3L-Hydration-Backpack-Coyote.jpg","type":"image\/jpeg"}],"twitter_card":"summary_large_image","twitter_title":"CamelBak ThermoBak AB Coyote joogiseljakott","twitter_misc":{"Est. reading time":"1 minut"},"schema":{"@context":"https:\/\/schema.org","@graph":[{"@type":"WebPage","@id":"https:\/\/www.outdoors.ee\/et\/toode\/camelbak-thermobak-ab-coyote-joogiseljakott-copy\/","url":"https:\/\/www.outdoors.ee\/et\/toode\/camelbak-thermobak-ab-coyote-joogiseljakott-copy\/","name":"CamelBak ThermoBak AB Coyote joogiseljakott - outdoors.ee","isPartOf":{"@id":"https:\/\/www.outdoors.ee\/#website"},"primaryImageOfPage":{"@id":"https:\/\/www.outdoors.ee\/et\/toode\/camelbak-thermobak-ab-coyote-joogiseljakott-copy\/#primaryimage"},"image":{"@id":"https:\/\/www.outdoors.ee\/et\/toode\/camelbak-thermobak-ab-coyote-joogiseljakott-copy\/#primaryimage"},"thumbnailUrl":"https:\/\/www.outdoors.ee\/wp-content\/uploads\/2022\/02\/1519-CamelBak-Thermobak-3L-Hydration-Backpack-Coyote.jpg","datePublished":"2022-02-17T14:55:23+00:00","dateModified":"2024-11-26T17:11:53+00:00","description":"Omadused: originaalne Hollandi s\u00f5jav\u00e4e joogiseljakott vastupidavast Cordura\u00ae materjalist soojusisolatsiooniga seljakott ligikaudne maht 3L patenteeritud Camelbak Big-Bite klapiga ja isoleeritud voolikuga kandesangaga \u00fcleval ligip\u00e4\u00e4s veekotile pealt kahe t\u00f5mblukuga klapi abil v\u00e4ike t\u00f5mblukuga tasku pealmises klapis keeratav kork l\u00e4bim\u00f5\u00f5duga ca 5cm 2 reguleeritavat \u00f5larihma Molle paneeliga ees t\u00fchi kaal ca 0,68kg Seisukord: uus (v\u00f5ib sisaldada hulgiladustamise j\u00e4lgi) uuev\u00e4\u00e4rne (sisaldab minimaalseid kulumisj\u00e4lgi)","breadcrumb":{"@id":"https:\/\/www.outdoors.ee\/et\/toode\/camelbak-thermobak-ab-coyote-joogiseljakott-copy\/#breadcrumb"},"inLanguage":"et","potentialAction":[{"@type":"ReadAction","target":["https:\/\/www.outdoors.ee\/et\/toode\/camelbak-thermobak-ab-coyote-joogiseljakott-copy\/"]}]},{"@type":"ImageObject","inLanguage":"et","@id":"https:\/\/www.outdoors.ee\/et\/toode\/camelbak-thermobak-ab-coyote-joogiseljakott-copy\/#primaryimage","url":"https:\/\/www.outdoors.ee\/wp-content\/uploads\/2022\/02\/1519-CamelBak-Thermobak-3L-Hydration-Backpack-Coyote.jpg","contentUrl":"https:\/\/www.outdoors.ee\/wp-content\/uploads\/2022\/02\/1519-CamelBak-Thermobak-3L-Hydration-Backpack-Coyote.jpg","width":700,"height":798},{"@type":"BreadcrumbList","@id":"https:\/\/www.outdoors.ee\/et\/toode\/camelbak-thermobak-ab-coyote-joogiseljakott-copy\/#breadcrumb","itemListElement":[{"@type":"ListItem","position":1,"name":"Home","item":"https:\/\/www.outdoors.ee\/et\/"},{"@type":"ListItem","position":2,"name":"Tooted","item":"https:\/\/www.outdoors.ee\/products\/"},{"@type":"ListItem","position":3,"name":"CamelBak Thermobak 3L joogiseljakott Coyote"}]},{"@type":"WebSite","@id":"https:\/\/www.outdoors.ee\/#website","url":"https:\/\/www.outdoors.ee\/","name":"Outdoors","description":"Genuine military surplus and not only!","potentialAction":[{"@type":"SearchAction","target":{"@type":"EntryPoint","urlTemplate":"https:\/\/www.outdoors.ee\/?s={search_term_string}"},"query-input":{"@type":"PropertyValueSpecification","valueRequired":true,"valueName":"search_term_string"}}],"inLanguage":"et"}]}},"_links":{"self":[{"href":"https:\/\/www.outdoors.ee\/et\/wp-json\/wp\/v2\/product\/65908","targetHints":{"allow":["GET"]}}],"collection":[{"href":"https:\/\/www.outdoors.ee\/et\/wp-json\/wp\/v2\/product"}],"about":[{"href":"https:\/\/www.outdoors.ee\/et\/wp-json\/wp\/v2\/types\/product"}],"wp:featuredmedia":[{"embeddable":true,"href":"https:\/\/www.outdoors.ee\/et\/wp-json\/wp\/v2\/media\/65912"}],"wp:attachment":[{"href":"https:\/\/www.outdoors.ee\/et\/wp-json\/wp\/v2\/media?parent=65908"}],"wp:term":[{"taxonomy":"product_brand","embeddable":true,"href":"https:\/\/www.outdoors.ee\/et\/wp-json\/wp\/v2\/product_brand?post=65908"},{"taxonomy":"product_cat","embeddable":true,"href":"https:\/\/www.outdoors.ee\/et\/wp-json\/wp\/v2\/product_cat?post=65908"},{"taxonomy":"product_tag","embeddable":true,"href":"https:\/\/www.outdoors.ee\/et\/wp-json\/wp\/v2\/product_tag?post=65908"}],"curies":[{"name":"wp","href":"https:\/\/api.w.org\/{rel}","templated":true}]}}