{"id":65779,"date":"2022-02-16T20:17:50","date_gmt":"2022-02-16T18:17:50","guid":{"rendered":"https:\/\/www.outdoors.ee\/?post_type=product&#038;p=65779"},"modified":"2026-01-27T15:09:11","modified_gmt":"2026-01-27T13:09:11","slug":"hollandi-armee-vihmajope-bilaminate-parka-woodland","status":"publish","type":"product","link":"https:\/\/www.outdoors.ee\/et\/toode\/hollandi-armee-vihmajope-bilaminate-parka-woodland\/","title":{"rendered":"Hollandi Armee vihmajope BiLaminate Parka Woodland"},"content":{"rendered":"<p style=\"text-align: justify;\"><strong>Omadused:<\/strong><\/p>\n<ul style=\"text-align: justify;\">\n<li>vastupidav pealne<\/li>\n<li>PTFE membraan (olemustelt Gore-Tex)<\/li>\n<li>\u00f5huke pol\u00fcestrist vooder<\/li>\n<li>traadiga ja pingutusn\u00f6\u00f6riga kapuuts<\/li>\n<li>v\u00f6\u00f6koha ning alumise \u00e4\u00e4re pingutusn\u00f6\u00f6rid<\/li>\n<li>takjapaela abil reguleeritav manseti laius<\/li>\n<li>t\u00e4ispikkuses t\u00f5mblukk ja takjapaelaga klapp<\/li>\n<li>nimesildi takjariba rinnal<\/li>\n<li>kaks t\u00f5mblukuga ning klapiga suletavat taskut<\/li>\n<li>t\u00f5mbluku abil suletav rinnatasku<\/li>\n<li>materjal: v\u00e4liskiht &#8211; 100% pol\u00fcester PTFE membraaniga, vooder &#8211; 100% pol\u00fcester<\/li>\n<\/ul>\n<p><b>NATO suuruse lugemise n\u00e4idis<\/b>: 6080\/9500 &#8211; kandja pikkus 160-180cm \/ rinna\u00fcmberm\u00f5\u00f5t 95-100cm<\/p>\n<p style=\"text-align: justify;\"><strong>Seisukord:<\/strong><\/p>\n<ul>\n<li>uus (ilma originaalpakendita, v\u00f5ib sisaldada hulgiladustamise j\u00e4lgi)<\/li>\n<li>uuev\u00e4\u00e4rne (sisaldab kergeid kulumisj\u00e4lgi)<\/li>\n<\/ul>\n","protected":false},"excerpt":{"rendered":"<p>Hollandi Armee vihmajope BiLaminate Parka, Woodland<\/p>\n","protected":false},"featured_media":67044,"template":"","meta":[],"product_brand":[],"product_cat":[101],"product_tag":[3143],"class_list":{"0":"post-65779","1":"product","2":"type-product","3":"status-publish","4":"has-post-thumbnail","6":"product_cat-joped-parkad","7":"product_tag-vihmariided","8":"pa_brand-dutch-military-surplus","9":"pa_condition-kasutatud-grade-1","10":"pa_condition-uuevaarne","11":"pa_condition-uus","12":"pa_size-large-long-8000-0005-4","13":"pa_size-large-regular-6080-0005-2","14":"pa_size-medium-long-8000-9095-2","15":"pa_size-medium-long-8000-9500-2","16":"pa_size-medium-regular-6080-9095-2","17":"pa_size-medium-regular-6080-9500-2","18":"pa_size-small-regular-6080-8085-2","19":"pa_size-small-regular-6080-8590-2","20":"pa_size-small-short-5060-8085-2","21":"pa_size-small-short-5060-8590-2","23":"first","24":"instock","25":"taxable","26":"shipping-taxable","27":"purchasable","28":"product-type-variable"},"yoast_head":"<!-- This site is optimized with the Yoast SEO plugin v27.2 - https:\/\/yoast.com\/product\/yoast-seo-wordpress\/ -->\n<title>Hollandi Kuningliku \u00d5huv\u00e4e Gore-Tex\u00ae jope Woodland - outdoors.ee<\/title>\n<meta name=\"description\" content=\"Vastupidav ja praktiline Hollandi \u00d5huv\u00e4e jope vetth\u00fclgava ning hingava membraaniga. Mitmek\u00fclgne ning sobiv praktiliselt aastaringseks kasutamiseks t\u00e4nu soojale eemaldatavale sisevoodrile ning membraaniga varustatud v\u00e4liskihi omadustele. Omadused: vastupidav v\u00e4liskiht PTFE membraaniga (Gore-Tex\u00ae)\u00a0 t\u00f5mbluku abil eemaldatav kaheosaline (keha ning krae eraldi) sisevooder, mis ulatub mansettideni v\u00e4lja k\u00f5rge p\u00fcstkrae takjapaela abil reguleeritav alumine \u00e4\u00e4r venivad mansetid t\u00f5mbluku ning takjaklapiga eest suletav nimesildi takjariba rinnal l\u00e4bipaistev, takjapaela abil suletav auastme eraldusm\u00e4rgi tasku ees 2 suurt, takjapaela abil suletavat ning mugavalt nurga all asetsevat k\u00e4etaskut 2 t\u00f5mbluku abil suletavat sisetaskut tugevduspaneelid k\u00fc\u00fcnarnukkide piirkonnas Materjal: Pealiskiht: pol\u00fcester PTFE membraaniga. Sisevooder: 100% pol\u00fcester Suurus rippmen\u00fc\u00fcs (pikkus\/rinna\u00fcmberm\u00f5\u00f5t, cm): S 160-185 \/ 85-95; M 165-200 \/ 95-105; L 170-205 \/ 105-115; XL 175-210 \/ 115-125; XXL 190-210 \/ 125-135. Seisukord: uus (v\u00f5ib sisaldada hulgiladustamise j\u00e4lgi, v\u00f5ib olla veidi pleekinud pikaajalise ladustamise tagaj\u00e4rjel, m\u00f5nel mudelil ainult k\u00fc\u00fcnarnuki tugevduspaneelide piirkond) kasutatud (heas korras, kergete v\u00f5i m\u00f5\u00f5dukate kulumisj\u00e4lgedega ning veidi pleekinud) NB! Mudel v\u00f5ib olla veidi erinev olenevalt tootjast\" \/>\n<meta name=\"robots\" content=\"index, follow, max-snippet:-1, max-image-preview:large, max-video-preview:-1\" \/>\n<link rel=\"canonical\" href=\"https:\/\/www.outdoors.ee\/et\/toode\/hollandi-armee-vihmajope-bilaminate-parka-woodland\/\" \/>\n<meta property=\"og:locale\" content=\"et_EE\" \/>\n<meta property=\"og:type\" content=\"article\" \/>\n<meta property=\"og:title\" content=\"Hollandi Kuningliku \u00d5huv\u00e4e Gore-Tex\u00ae jope Woodland\" \/>\n<meta property=\"og:description\" content=\"Vastupidav ja praktiline Hollandi \u00d5huv\u00e4e jope vetth\u00fclgava ning hingava membraaniga. Mitmek\u00fclgne ning sobiv praktiliselt aastaringseks kasutamiseks t\u00e4nu soojale eemaldatavale sisevoodrile ning membraaniga varustatud v\u00e4liskihi omadustele. Omadused: vastupidav v\u00e4liskiht PTFE membraaniga (Gore-Tex\u00ae)\u00a0 t\u00f5mbluku abil eemaldatav kaheosaline (keha ning krae eraldi) sisevooder, mis ulatub mansettideni v\u00e4lja k\u00f5rge p\u00fcstkrae takjapaela abil reguleeritav alumine \u00e4\u00e4r venivad mansetid t\u00f5mbluku ning takjaklapiga eest suletav nimesildi takjariba rinnal l\u00e4bipaistev, takjapaela abil suletav auastme eraldusm\u00e4rgi tasku ees 2 suurt, takjapaela abil suletavat ning mugavalt nurga all asetsevat k\u00e4etaskut 2 t\u00f5mbluku abil suletavat sisetaskut tugevduspaneelid k\u00fc\u00fcnarnukkide piirkonnas Materjal: Pealiskiht: pol\u00fcester PTFE membraaniga. Sisevooder: 100% pol\u00fcester Suurus rippmen\u00fc\u00fcs (pikkus\/rinna\u00fcmberm\u00f5\u00f5t, cm): S 160-185 \/ 85-95; M 165-200 \/ 95-105; L 170-205 \/ 105-115; XL 175-210 \/ 115-125; XXL 190-210 \/ 125-135. Seisukord: uus (v\u00f5ib sisaldada hulgiladustamise j\u00e4lgi, v\u00f5ib olla veidi pleekinud pikaajalise ladustamise tagaj\u00e4rjel, m\u00f5nel mudelil ainult k\u00fc\u00fcnarnuki tugevduspaneelide piirkond) kasutatud (heas korras, kergete v\u00f5i m\u00f5\u00f5dukate kulumisj\u00e4lgedega ning veidi pleekinud) NB! Mudel v\u00f5ib olla veidi erinev olenevalt tootjast\" \/>\n<meta property=\"og:url\" content=\"https:\/\/www.outdoors.ee\/et\/toode\/hollandi-armee-vihmajope-bilaminate-parka-woodland\/\" \/>\n<meta property=\"og:site_name\" content=\"Outdoors\" \/>\n<meta property=\"article:modified_time\" content=\"2026-01-27T13:09:11+00:00\" \/>\n<meta property=\"og:image\" content=\"https:\/\/www.outdoors.ee\/wp-content\/uploads\/2022\/02\/1569-Dutch-Army-BiLaminate-Parka-Woodland7-717x1024.png\" \/>\n\t<meta property=\"og:image:width\" content=\"717\" \/>\n\t<meta property=\"og:image:height\" content=\"1024\" \/>\n\t<meta property=\"og:image:type\" content=\"image\/png\" \/>\n<meta name=\"twitter:card\" content=\"summary_large_image\" \/>\n<meta name=\"twitter:title\" content=\"Hollandi Kuningliku \u00d5huv\u00e4e Gore-Tex\u00ae jope Woodland\" \/>\n<meta name=\"twitter:label1\" content=\"Est. reading time\" \/>\n\t<meta name=\"twitter:data1\" content=\"1 minut\" \/>\n<script type=\"application\/ld+json\" class=\"yoast-schema-graph\">{\"@context\":\"https:\/\/schema.org\",\"@graph\":[{\"@type\":\"WebPage\",\"@id\":\"https:\/\/www.outdoors.ee\/et\/toode\/hollandi-armee-vihmajope-bilaminate-parka-woodland\/\",\"url\":\"https:\/\/www.outdoors.ee\/et\/toode\/hollandi-armee-vihmajope-bilaminate-parka-woodland\/\",\"name\":\"Hollandi Kuningliku \u00d5huv\u00e4e Gore-Tex\u00ae jope Woodland - outdoors.ee\",\"isPartOf\":{\"@id\":\"https:\/\/www.outdoors.ee\/#website\"},\"primaryImageOfPage\":{\"@id\":\"https:\/\/www.outdoors.ee\/et\/toode\/hollandi-armee-vihmajope-bilaminate-parka-woodland\/#primaryimage\"},\"image\":{\"@id\":\"https:\/\/www.outdoors.ee\/et\/toode\/hollandi-armee-vihmajope-bilaminate-parka-woodland\/#primaryimage\"},\"thumbnailUrl\":\"https:\/\/www.outdoors.ee\/wp-content\/uploads\/2022\/02\/1569-Dutch-Army-BiLaminate-Parka-Woodland7.png\",\"datePublished\":\"2022-02-16T18:17:50+00:00\",\"dateModified\":\"2026-01-27T13:09:11+00:00\",\"description\":\"Vastupidav ja praktiline Hollandi \u00d5huv\u00e4e jope vetth\u00fclgava ning hingava membraaniga. Mitmek\u00fclgne ning sobiv praktiliselt aastaringseks kasutamiseks t\u00e4nu soojale eemaldatavale sisevoodrile ning membraaniga varustatud v\u00e4liskihi omadustele. Omadused: vastupidav v\u00e4liskiht PTFE membraaniga (Gore-Tex\u00ae)\u00a0 t\u00f5mbluku abil eemaldatav kaheosaline (keha ning krae eraldi) sisevooder, mis ulatub mansettideni v\u00e4lja k\u00f5rge p\u00fcstkrae takjapaela abil reguleeritav alumine \u00e4\u00e4r venivad mansetid t\u00f5mbluku ning takjaklapiga eest suletav nimesildi takjariba rinnal l\u00e4bipaistev, takjapaela abil suletav auastme eraldusm\u00e4rgi tasku ees 2 suurt, takjapaela abil suletavat ning mugavalt nurga all asetsevat k\u00e4etaskut 2 t\u00f5mbluku abil suletavat sisetaskut tugevduspaneelid k\u00fc\u00fcnarnukkide piirkonnas Materjal: Pealiskiht: pol\u00fcester PTFE membraaniga. Sisevooder: 100% pol\u00fcester Suurus rippmen\u00fc\u00fcs (pikkus\/rinna\u00fcmberm\u00f5\u00f5t, cm): S 160-185 \/ 85-95; M 165-200 \/ 95-105; L 170-205 \/ 105-115; XL 175-210 \/ 115-125; XXL 190-210 \/ 125-135. Seisukord: uus (v\u00f5ib sisaldada hulgiladustamise j\u00e4lgi, v\u00f5ib olla veidi pleekinud pikaajalise ladustamise tagaj\u00e4rjel, m\u00f5nel mudelil ainult k\u00fc\u00fcnarnuki tugevduspaneelide piirkond) kasutatud (heas korras, kergete v\u00f5i m\u00f5\u00f5dukate kulumisj\u00e4lgedega ning veidi pleekinud) NB! Mudel v\u00f5ib olla veidi erinev olenevalt tootjast\",\"breadcrumb\":{\"@id\":\"https:\/\/www.outdoors.ee\/et\/toode\/hollandi-armee-vihmajope-bilaminate-parka-woodland\/#breadcrumb\"},\"inLanguage\":\"et\",\"potentialAction\":[{\"@type\":\"ReadAction\",\"target\":[\"https:\/\/www.outdoors.ee\/et\/toode\/hollandi-armee-vihmajope-bilaminate-parka-woodland\/\"]}]},{\"@type\":\"ImageObject\",\"inLanguage\":\"et\",\"@id\":\"https:\/\/www.outdoors.ee\/et\/toode\/hollandi-armee-vihmajope-bilaminate-parka-woodland\/#primaryimage\",\"url\":\"https:\/\/www.outdoors.ee\/wp-content\/uploads\/2022\/02\/1569-Dutch-Army-BiLaminate-Parka-Woodland7.png\",\"contentUrl\":\"https:\/\/www.outdoors.ee\/wp-content\/uploads\/2022\/02\/1569-Dutch-Army-BiLaminate-Parka-Woodland7.png\",\"width\":2100,\"height\":3000},{\"@type\":\"BreadcrumbList\",\"@id\":\"https:\/\/www.outdoors.ee\/et\/toode\/hollandi-armee-vihmajope-bilaminate-parka-woodland\/#breadcrumb\",\"itemListElement\":[{\"@type\":\"ListItem\",\"position\":1,\"name\":\"Home\",\"item\":\"https:\/\/www.outdoors.ee\/et\/\"},{\"@type\":\"ListItem\",\"position\":2,\"name\":\"Tooted\",\"item\":\"https:\/\/www.outdoors.ee\/products\/\"},{\"@type\":\"ListItem\",\"position\":3,\"name\":\"Hollandi Armee vihmajope BiLaminate Parka Woodland\"}]},{\"@type\":\"WebSite\",\"@id\":\"https:\/\/www.outdoors.ee\/#website\",\"url\":\"https:\/\/www.outdoors.ee\/\",\"name\":\"Outdoors\",\"description\":\"Genuine military surplus and not only!\",\"potentialAction\":[{\"@type\":\"SearchAction\",\"target\":{\"@type\":\"EntryPoint\",\"urlTemplate\":\"https:\/\/www.outdoors.ee\/?s={search_term_string}\"},\"query-input\":{\"@type\":\"PropertyValueSpecification\",\"valueRequired\":true,\"valueName\":\"search_term_string\"}}],\"inLanguage\":\"et\"}]}<\/script>\n<!-- \/ Yoast SEO plugin. -->","yoast_head_json":{"title":"Hollandi Kuningliku \u00d5huv\u00e4e Gore-Tex\u00ae jope Woodland - outdoors.ee","description":"Vastupidav ja praktiline Hollandi \u00d5huv\u00e4e jope vetth\u00fclgava ning hingava membraaniga. Mitmek\u00fclgne ning sobiv praktiliselt aastaringseks kasutamiseks t\u00e4nu soojale eemaldatavale sisevoodrile ning membraaniga varustatud v\u00e4liskihi omadustele. Omadused: vastupidav v\u00e4liskiht PTFE membraaniga (Gore-Tex\u00ae)\u00a0 t\u00f5mbluku abil eemaldatav kaheosaline (keha ning krae eraldi) sisevooder, mis ulatub mansettideni v\u00e4lja k\u00f5rge p\u00fcstkrae takjapaela abil reguleeritav alumine \u00e4\u00e4r venivad mansetid t\u00f5mbluku ning takjaklapiga eest suletav nimesildi takjariba rinnal l\u00e4bipaistev, takjapaela abil suletav auastme eraldusm\u00e4rgi tasku ees 2 suurt, takjapaela abil suletavat ning mugavalt nurga all asetsevat k\u00e4etaskut 2 t\u00f5mbluku abil suletavat sisetaskut tugevduspaneelid k\u00fc\u00fcnarnukkide piirkonnas Materjal: Pealiskiht: pol\u00fcester PTFE membraaniga. Sisevooder: 100% pol\u00fcester Suurus rippmen\u00fc\u00fcs (pikkus\/rinna\u00fcmberm\u00f5\u00f5t, cm): S 160-185 \/ 85-95; M 165-200 \/ 95-105; L 170-205 \/ 105-115; XL 175-210 \/ 115-125; XXL 190-210 \/ 125-135. Seisukord: uus (v\u00f5ib sisaldada hulgiladustamise j\u00e4lgi, v\u00f5ib olla veidi pleekinud pikaajalise ladustamise tagaj\u00e4rjel, m\u00f5nel mudelil ainult k\u00fc\u00fcnarnuki tugevduspaneelide piirkond) kasutatud (heas korras, kergete v\u00f5i m\u00f5\u00f5dukate kulumisj\u00e4lgedega ning veidi pleekinud) NB! Mudel v\u00f5ib olla veidi erinev olenevalt tootjast","robots":{"index":"index","follow":"follow","max-snippet":"max-snippet:-1","max-image-preview":"max-image-preview:large","max-video-preview":"max-video-preview:-1"},"canonical":"https:\/\/www.outdoors.ee\/et\/toode\/hollandi-armee-vihmajope-bilaminate-parka-woodland\/","og_locale":"et_EE","og_type":"article","og_title":"Hollandi Kuningliku \u00d5huv\u00e4e Gore-Tex\u00ae jope Woodland","og_description":"Vastupidav ja praktiline Hollandi \u00d5huv\u00e4e jope vetth\u00fclgava ning hingava membraaniga. Mitmek\u00fclgne ning sobiv praktiliselt aastaringseks kasutamiseks t\u00e4nu soojale eemaldatavale sisevoodrile ning membraaniga varustatud v\u00e4liskihi omadustele. Omadused: vastupidav v\u00e4liskiht PTFE membraaniga (Gore-Tex\u00ae)\u00a0 t\u00f5mbluku abil eemaldatav kaheosaline (keha ning krae eraldi) sisevooder, mis ulatub mansettideni v\u00e4lja k\u00f5rge p\u00fcstkrae takjapaela abil reguleeritav alumine \u00e4\u00e4r venivad mansetid t\u00f5mbluku ning takjaklapiga eest suletav nimesildi takjariba rinnal l\u00e4bipaistev, takjapaela abil suletav auastme eraldusm\u00e4rgi tasku ees 2 suurt, takjapaela abil suletavat ning mugavalt nurga all asetsevat k\u00e4etaskut 2 t\u00f5mbluku abil suletavat sisetaskut tugevduspaneelid k\u00fc\u00fcnarnukkide piirkonnas Materjal: Pealiskiht: pol\u00fcester PTFE membraaniga. Sisevooder: 100% pol\u00fcester Suurus rippmen\u00fc\u00fcs (pikkus\/rinna\u00fcmberm\u00f5\u00f5t, cm): S 160-185 \/ 85-95; M 165-200 \/ 95-105; L 170-205 \/ 105-115; XL 175-210 \/ 115-125; XXL 190-210 \/ 125-135. Seisukord: uus (v\u00f5ib sisaldada hulgiladustamise j\u00e4lgi, v\u00f5ib olla veidi pleekinud pikaajalise ladustamise tagaj\u00e4rjel, m\u00f5nel mudelil ainult k\u00fc\u00fcnarnuki tugevduspaneelide piirkond) kasutatud (heas korras, kergete v\u00f5i m\u00f5\u00f5dukate kulumisj\u00e4lgedega ning veidi pleekinud) NB! Mudel v\u00f5ib olla veidi erinev olenevalt tootjast","og_url":"https:\/\/www.outdoors.ee\/et\/toode\/hollandi-armee-vihmajope-bilaminate-parka-woodland\/","og_site_name":"Outdoors","article_modified_time":"2026-01-27T13:09:11+00:00","og_image":[{"width":717,"height":1024,"url":"https:\/\/www.outdoors.ee\/wp-content\/uploads\/2022\/02\/1569-Dutch-Army-BiLaminate-Parka-Woodland7-717x1024.png","type":"image\/png"}],"twitter_card":"summary_large_image","twitter_title":"Hollandi Kuningliku \u00d5huv\u00e4e Gore-Tex\u00ae jope Woodland","twitter_misc":{"Est. reading time":"1 minut"},"schema":{"@context":"https:\/\/schema.org","@graph":[{"@type":"WebPage","@id":"https:\/\/www.outdoors.ee\/et\/toode\/hollandi-armee-vihmajope-bilaminate-parka-woodland\/","url":"https:\/\/www.outdoors.ee\/et\/toode\/hollandi-armee-vihmajope-bilaminate-parka-woodland\/","name":"Hollandi Kuningliku \u00d5huv\u00e4e Gore-Tex\u00ae jope Woodland - outdoors.ee","isPartOf":{"@id":"https:\/\/www.outdoors.ee\/#website"},"primaryImageOfPage":{"@id":"https:\/\/www.outdoors.ee\/et\/toode\/hollandi-armee-vihmajope-bilaminate-parka-woodland\/#primaryimage"},"image":{"@id":"https:\/\/www.outdoors.ee\/et\/toode\/hollandi-armee-vihmajope-bilaminate-parka-woodland\/#primaryimage"},"thumbnailUrl":"https:\/\/www.outdoors.ee\/wp-content\/uploads\/2022\/02\/1569-Dutch-Army-BiLaminate-Parka-Woodland7.png","datePublished":"2022-02-16T18:17:50+00:00","dateModified":"2026-01-27T13:09:11+00:00","description":"Vastupidav ja praktiline Hollandi \u00d5huv\u00e4e jope vetth\u00fclgava ning hingava membraaniga. Mitmek\u00fclgne ning sobiv praktiliselt aastaringseks kasutamiseks t\u00e4nu soojale eemaldatavale sisevoodrile ning membraaniga varustatud v\u00e4liskihi omadustele. Omadused: vastupidav v\u00e4liskiht PTFE membraaniga (Gore-Tex\u00ae)\u00a0 t\u00f5mbluku abil eemaldatav kaheosaline (keha ning krae eraldi) sisevooder, mis ulatub mansettideni v\u00e4lja k\u00f5rge p\u00fcstkrae takjapaela abil reguleeritav alumine \u00e4\u00e4r venivad mansetid t\u00f5mbluku ning takjaklapiga eest suletav nimesildi takjariba rinnal l\u00e4bipaistev, takjapaela abil suletav auastme eraldusm\u00e4rgi tasku ees 2 suurt, takjapaela abil suletavat ning mugavalt nurga all asetsevat k\u00e4etaskut 2 t\u00f5mbluku abil suletavat sisetaskut tugevduspaneelid k\u00fc\u00fcnarnukkide piirkonnas Materjal: Pealiskiht: pol\u00fcester PTFE membraaniga. Sisevooder: 100% pol\u00fcester Suurus rippmen\u00fc\u00fcs (pikkus\/rinna\u00fcmberm\u00f5\u00f5t, cm): S 160-185 \/ 85-95; M 165-200 \/ 95-105; L 170-205 \/ 105-115; XL 175-210 \/ 115-125; XXL 190-210 \/ 125-135. Seisukord: uus (v\u00f5ib sisaldada hulgiladustamise j\u00e4lgi, v\u00f5ib olla veidi pleekinud pikaajalise ladustamise tagaj\u00e4rjel, m\u00f5nel mudelil ainult k\u00fc\u00fcnarnuki tugevduspaneelide piirkond) kasutatud (heas korras, kergete v\u00f5i m\u00f5\u00f5dukate kulumisj\u00e4lgedega ning veidi pleekinud) NB! Mudel v\u00f5ib olla veidi erinev olenevalt tootjast","breadcrumb":{"@id":"https:\/\/www.outdoors.ee\/et\/toode\/hollandi-armee-vihmajope-bilaminate-parka-woodland\/#breadcrumb"},"inLanguage":"et","potentialAction":[{"@type":"ReadAction","target":["https:\/\/www.outdoors.ee\/et\/toode\/hollandi-armee-vihmajope-bilaminate-parka-woodland\/"]}]},{"@type":"ImageObject","inLanguage":"et","@id":"https:\/\/www.outdoors.ee\/et\/toode\/hollandi-armee-vihmajope-bilaminate-parka-woodland\/#primaryimage","url":"https:\/\/www.outdoors.ee\/wp-content\/uploads\/2022\/02\/1569-Dutch-Army-BiLaminate-Parka-Woodland7.png","contentUrl":"https:\/\/www.outdoors.ee\/wp-content\/uploads\/2022\/02\/1569-Dutch-Army-BiLaminate-Parka-Woodland7.png","width":2100,"height":3000},{"@type":"BreadcrumbList","@id":"https:\/\/www.outdoors.ee\/et\/toode\/hollandi-armee-vihmajope-bilaminate-parka-woodland\/#breadcrumb","itemListElement":[{"@type":"ListItem","position":1,"name":"Home","item":"https:\/\/www.outdoors.ee\/et\/"},{"@type":"ListItem","position":2,"name":"Tooted","item":"https:\/\/www.outdoors.ee\/products\/"},{"@type":"ListItem","position":3,"name":"Hollandi Armee vihmajope BiLaminate Parka Woodland"}]},{"@type":"WebSite","@id":"https:\/\/www.outdoors.ee\/#website","url":"https:\/\/www.outdoors.ee\/","name":"Outdoors","description":"Genuine military surplus and not only!","potentialAction":[{"@type":"SearchAction","target":{"@type":"EntryPoint","urlTemplate":"https:\/\/www.outdoors.ee\/?s={search_term_string}"},"query-input":{"@type":"PropertyValueSpecification","valueRequired":true,"valueName":"search_term_string"}}],"inLanguage":"et"}]}},"_links":{"self":[{"href":"https:\/\/www.outdoors.ee\/et\/wp-json\/wp\/v2\/product\/65779","targetHints":{"allow":["GET"]}}],"collection":[{"href":"https:\/\/www.outdoors.ee\/et\/wp-json\/wp\/v2\/product"}],"about":[{"href":"https:\/\/www.outdoors.ee\/et\/wp-json\/wp\/v2\/types\/product"}],"wp:featuredmedia":[{"embeddable":true,"href":"https:\/\/www.outdoors.ee\/et\/wp-json\/wp\/v2\/media\/67044"}],"wp:attachment":[{"href":"https:\/\/www.outdoors.ee\/et\/wp-json\/wp\/v2\/media?parent=65779"}],"wp:term":[{"taxonomy":"product_brand","embeddable":true,"href":"https:\/\/www.outdoors.ee\/et\/wp-json\/wp\/v2\/product_brand?post=65779"},{"taxonomy":"product_cat","embeddable":true,"href":"https:\/\/www.outdoors.ee\/et\/wp-json\/wp\/v2\/product_cat?post=65779"},{"taxonomy":"product_tag","embeddable":true,"href":"https:\/\/www.outdoors.ee\/et\/wp-json\/wp\/v2\/product_tag?post=65779"}],"curies":[{"name":"wp","href":"https:\/\/api.w.org\/{rel}","templated":true}]}}