{"id":65687,"date":"2022-02-16T11:29:22","date_gmt":"2022-02-16T09:29:26","guid":{"rendered":"https:\/\/www.outdoors.ee\/?post_type=product&#038;p=65687"},"modified":"2022-11-04T16:00:45","modified_gmt":"2022-11-04T14:00:45","slug":"hollandi-armee-kuulivestialune-sark-ubacs-fr-woodland","status":"publish","type":"product","link":"https:\/\/www.outdoors.ee\/et\/toode\/hollandi-armee-kuulivestialune-sark-ubacs-fr-woodland\/","title":{"rendered":"Hollandi Armee kuulivestialune s\u00e4rk UBACS FR Woodland"},"content":{"rendered":"<p style=\"text-align: justify;\"><strong>Omadused:<\/strong><\/p>\n<ul style=\"text-align: justify;\">\n<li>toodetud raskelts\u00fcttivast materjalist<\/li>\n<li>permetriiniga impregneeritud kangas putukatevastase kaitse t\u00f5hustamiseks<\/li>\n<li>tugevdustega k\u00fc\u00fcnarnuki piirkonnas<\/li>\n<li>2 takjapaela abil suletavat taskut k\u00e4istel<\/li>\n<li>t\u00f5mblukuga kaelus<\/li>\n<li>takjapaela abil reguleeritav manseti laius<\/li>\n<li>kehaosa v\u00e4rv v\u00f5ib veidi varjeeruda (oliivroheline, bee\u017e)<\/li>\n<\/ul>\n<p><strong>Seisukord:<\/strong><\/p>\n<ul>\n<li>uus (v\u00f5ib sisaldada hulgiladustamise j\u00e4lgi v\u00f5i kirjeid sildil)<\/li>\n<li>uuev\u00e4\u00e4rne (v\u00f5ib sisaldada vaid minimaalseid kulumisj\u00e4lgi)<\/li>\n<li>kasutatud, Grade 1 (heas korras, sisaldab m\u00f5\u00f5dukaid kulumisj\u00e4lgi, v\u00f5ib olla kergelt m\u00e4\u00e4rdunud)<\/li>\n<\/ul>\n","protected":false},"excerpt":{"rendered":"<p>Hollandi Armee kuulivestialune s\u00e4rk raskelts\u00fcttivast materjalist, woodland<\/p>\n","protected":false},"featured_media":66100,"template":"","meta":[],"product_brand":[],"product_cat":[2715],"product_tag":[],"class_list":{"0":"post-65687","1":"product","2":"type-product","3":"status-publish","4":"has-post-thumbnail","6":"product_cat-sargid-jakid","7":"pa_brand-dutch-military-surplus","8":"pa_condition-kasutatud-grade-1","9":"pa_condition-uuevaarne","10":"pa_condition-uus","11":"pa_size-l-2","12":"pa_size-m-2","13":"pa_size-s-2","14":"pa_size-xl-2","15":"pa_size-xxl-2","17":"first","18":"outofstock","19":"taxable","20":"shipping-taxable","21":"product-type-variable"},"yoast_head":"<!-- This site is optimized with the Yoast SEO plugin v27.2 - https:\/\/yoast.com\/product\/yoast-seo-wordpress\/ -->\n<title>Briti Armee kuulivestialune s\u00e4rk UBACS EP MTP - outdoors.ee<\/title>\n<meta name=\"description\" content=\"Briti s\u00f5jav\u00e4e kuulivestialune s\u00e4rk, mille kehaosa on valmistatud venivast ja kiiresti kuivavast CoolMax tehnoloogiaga trikotaa\u017ematerjalist ning krae, \u00f5lad ja varrukad vastupidavast puuvilla ja pol\u00fcestri segukangast. Terve aluss\u00e4rk on kaetud Briti kaasaaegse MTP (Multi-Terrain Pattern) laiguga. Niiskust\u00a0h\u00fclgavast kangast kehaosa ulatub kaenlaalusteni, v\u00e4hendades keha \u00fclekuumenemist ning higistamist. Omadused: Briti s\u00f5jav\u00e4e originaals\u00e4rk kehaosa MTP laigus CoolMax tehnoloogiaga materjalist\u00a0 2 takjakinnitusega klapiga taskut\u00a0 t\u00f5mblukuga kaelus\u00a0 n\u00f6\u00f6biga reguleeritav manseti laius Suurbritannia lipuembleem vasakul k\u00e4isel kiri sildil: Shirt Under Body Armour Combat EP MTP Suurus rippmen\u00fc\u00fcs\u00a0(pikkus \/ rinna\u00fcmberm\u00f5\u00f5t): S - 160\/80, M - 170\/90, L - 180\/100, LW - 180\/110, XL - 190\/120, XXL - 200\/130 NB!\u00a0Velcro paneelid k\u00e4istel v\u00f5ivad puudu olla Seisukord: uus (v\u00f5ib sisaldada hulgiladustamise j\u00e4lgi v\u00f5i kirjeid sildil) uuev\u00e4\u00e4rne (v\u00f5ib sisaldada vaid minimaalseid kulumisj\u00e4lgi) kasutatud, Grade 1 (heas korras, sisaldab kergeid kulumisj\u00e4lgi, v\u00f5ib olla kergelt m\u00e4\u00e4rdunud ning sisaldada v\u00e4iksemaid vigastusi)\" \/>\n<meta name=\"robots\" content=\"index, follow, max-snippet:-1, max-image-preview:large, max-video-preview:-1\" \/>\n<link rel=\"canonical\" href=\"https:\/\/www.outdoors.ee\/et\/toode\/hollandi-armee-kuulivestialune-sark-ubacs-fr-woodland\/\" \/>\n<meta property=\"og:locale\" content=\"et_EE\" \/>\n<meta property=\"og:type\" content=\"article\" \/>\n<meta property=\"og:title\" content=\"Briti Armee kuulivestialune s\u00e4rk UBACS EP MTP\" \/>\n<meta property=\"og:description\" content=\"Briti s\u00f5jav\u00e4e kuulivestialune s\u00e4rk, mille kehaosa on valmistatud venivast ja kiiresti kuivavast CoolMax tehnoloogiaga trikotaa\u017ematerjalist ning krae, \u00f5lad ja varrukad vastupidavast puuvilla ja pol\u00fcestri segukangast. Terve aluss\u00e4rk on kaetud Briti kaasaaegse MTP (Multi-Terrain Pattern) laiguga. Niiskust\u00a0h\u00fclgavast kangast kehaosa ulatub kaenlaalusteni, v\u00e4hendades keha \u00fclekuumenemist ning higistamist. Omadused: Briti s\u00f5jav\u00e4e originaals\u00e4rk kehaosa MTP laigus CoolMax tehnoloogiaga materjalist\u00a0 2 takjakinnitusega klapiga taskut\u00a0 t\u00f5mblukuga kaelus\u00a0 n\u00f6\u00f6biga reguleeritav manseti laius Suurbritannia lipuembleem vasakul k\u00e4isel kiri sildil: Shirt Under Body Armour Combat EP MTP Suurus rippmen\u00fc\u00fcs\u00a0(pikkus \/ rinna\u00fcmberm\u00f5\u00f5t): S - 160\/80, M - 170\/90, L - 180\/100, LW - 180\/110, XL - 190\/120, XXL - 200\/130 NB!\u00a0Velcro paneelid k\u00e4istel v\u00f5ivad puudu olla Seisukord: uus (v\u00f5ib sisaldada hulgiladustamise j\u00e4lgi v\u00f5i kirjeid sildil) uuev\u00e4\u00e4rne (v\u00f5ib sisaldada vaid minimaalseid kulumisj\u00e4lgi) kasutatud, Grade 1 (heas korras, sisaldab kergeid kulumisj\u00e4lgi, v\u00f5ib olla kergelt m\u00e4\u00e4rdunud ning sisaldada v\u00e4iksemaid vigastusi)\" \/>\n<meta property=\"og:url\" content=\"https:\/\/www.outdoors.ee\/et\/toode\/hollandi-armee-kuulivestialune-sark-ubacs-fr-woodland\/\" \/>\n<meta property=\"og:site_name\" content=\"Outdoors\" \/>\n<meta property=\"article:modified_time\" content=\"2022-11-04T14:00:45+00:00\" \/>\n<meta property=\"og:image\" content=\"https:\/\/www.outdoors.ee\/wp-content\/uploads\/2022\/02\/1508-Dutch-Army-UBACS-FR-Woodland-5.jpg\" \/>\n\t<meta property=\"og:image:width\" content=\"1236\" \/>\n\t<meta property=\"og:image:height\" content=\"1025\" \/>\n\t<meta property=\"og:image:type\" content=\"image\/jpeg\" \/>\n<meta name=\"twitter:card\" content=\"summary_large_image\" \/>\n<meta name=\"twitter:title\" content=\"Briti Armee kuulivestialune s\u00e4rk UBACS EP MTP\" \/>\n<meta name=\"twitter:label1\" content=\"Est. reading time\" \/>\n\t<meta name=\"twitter:data1\" content=\"1 minut\" \/>\n<script type=\"application\/ld+json\" class=\"yoast-schema-graph\">{\"@context\":\"https:\/\/schema.org\",\"@graph\":[{\"@type\":\"WebPage\",\"@id\":\"https:\/\/www.outdoors.ee\/et\/toode\/hollandi-armee-kuulivestialune-sark-ubacs-fr-woodland\/\",\"url\":\"https:\/\/www.outdoors.ee\/et\/toode\/hollandi-armee-kuulivestialune-sark-ubacs-fr-woodland\/\",\"name\":\"Briti Armee kuulivestialune s\u00e4rk UBACS EP MTP - outdoors.ee\",\"isPartOf\":{\"@id\":\"https:\/\/www.outdoors.ee\/#website\"},\"primaryImageOfPage\":{\"@id\":\"https:\/\/www.outdoors.ee\/et\/toode\/hollandi-armee-kuulivestialune-sark-ubacs-fr-woodland\/#primaryimage\"},\"image\":{\"@id\":\"https:\/\/www.outdoors.ee\/et\/toode\/hollandi-armee-kuulivestialune-sark-ubacs-fr-woodland\/#primaryimage\"},\"thumbnailUrl\":\"https:\/\/www.outdoors.ee\/wp-content\/uploads\/2022\/02\/1508-Dutch-Army-UBACS-FR-Woodland-5.jpg\",\"datePublished\":\"2022-02-16T09:29:26+00:00\",\"dateModified\":\"2022-11-04T14:00:45+00:00\",\"description\":\"Briti s\u00f5jav\u00e4e kuulivestialune s\u00e4rk, mille kehaosa on valmistatud venivast ja kiiresti kuivavast CoolMax tehnoloogiaga trikotaa\u017ematerjalist ning krae, \u00f5lad ja varrukad vastupidavast puuvilla ja pol\u00fcestri segukangast. Terve aluss\u00e4rk on kaetud Briti kaasaaegse MTP (Multi-Terrain Pattern) laiguga. Niiskust\u00a0h\u00fclgavast kangast kehaosa ulatub kaenlaalusteni, v\u00e4hendades keha \u00fclekuumenemist ning higistamist. Omadused: Briti s\u00f5jav\u00e4e originaals\u00e4rk kehaosa MTP laigus CoolMax tehnoloogiaga materjalist\u00a0 2 takjakinnitusega klapiga taskut\u00a0 t\u00f5mblukuga kaelus\u00a0 n\u00f6\u00f6biga reguleeritav manseti laius Suurbritannia lipuembleem vasakul k\u00e4isel kiri sildil: Shirt Under Body Armour Combat EP MTP Suurus rippmen\u00fc\u00fcs\u00a0(pikkus \/ rinna\u00fcmberm\u00f5\u00f5t): S - 160\/80, M - 170\/90, L - 180\/100, LW - 180\/110, XL - 190\/120, XXL - 200\/130 NB!\u00a0Velcro paneelid k\u00e4istel v\u00f5ivad puudu olla Seisukord: uus (v\u00f5ib sisaldada hulgiladustamise j\u00e4lgi v\u00f5i kirjeid sildil) uuev\u00e4\u00e4rne (v\u00f5ib sisaldada vaid minimaalseid kulumisj\u00e4lgi) kasutatud, Grade 1 (heas korras, sisaldab kergeid kulumisj\u00e4lgi, v\u00f5ib olla kergelt m\u00e4\u00e4rdunud ning sisaldada v\u00e4iksemaid vigastusi)\",\"breadcrumb\":{\"@id\":\"https:\/\/www.outdoors.ee\/et\/toode\/hollandi-armee-kuulivestialune-sark-ubacs-fr-woodland\/#breadcrumb\"},\"inLanguage\":\"et\",\"potentialAction\":[{\"@type\":\"ReadAction\",\"target\":[\"https:\/\/www.outdoors.ee\/et\/toode\/hollandi-armee-kuulivestialune-sark-ubacs-fr-woodland\/\"]}]},{\"@type\":\"ImageObject\",\"inLanguage\":\"et\",\"@id\":\"https:\/\/www.outdoors.ee\/et\/toode\/hollandi-armee-kuulivestialune-sark-ubacs-fr-woodland\/#primaryimage\",\"url\":\"https:\/\/www.outdoors.ee\/wp-content\/uploads\/2022\/02\/1508-Dutch-Army-UBACS-FR-Woodland-5.jpg\",\"contentUrl\":\"https:\/\/www.outdoors.ee\/wp-content\/uploads\/2022\/02\/1508-Dutch-Army-UBACS-FR-Woodland-5.jpg\",\"width\":1236,\"height\":1025},{\"@type\":\"BreadcrumbList\",\"@id\":\"https:\/\/www.outdoors.ee\/et\/toode\/hollandi-armee-kuulivestialune-sark-ubacs-fr-woodland\/#breadcrumb\",\"itemListElement\":[{\"@type\":\"ListItem\",\"position\":1,\"name\":\"Home\",\"item\":\"https:\/\/www.outdoors.ee\/et\/\"},{\"@type\":\"ListItem\",\"position\":2,\"name\":\"Tooted\",\"item\":\"https:\/\/www.outdoors.ee\/products\/\"},{\"@type\":\"ListItem\",\"position\":3,\"name\":\"Hollandi Armee kuulivestialune s\u00e4rk UBACS FR Woodland\"}]},{\"@type\":\"WebSite\",\"@id\":\"https:\/\/www.outdoors.ee\/#website\",\"url\":\"https:\/\/www.outdoors.ee\/\",\"name\":\"Outdoors\",\"description\":\"Genuine military surplus and not only!\",\"potentialAction\":[{\"@type\":\"SearchAction\",\"target\":{\"@type\":\"EntryPoint\",\"urlTemplate\":\"https:\/\/www.outdoors.ee\/?s={search_term_string}\"},\"query-input\":{\"@type\":\"PropertyValueSpecification\",\"valueRequired\":true,\"valueName\":\"search_term_string\"}}],\"inLanguage\":\"et\"}]}<\/script>\n<!-- \/ Yoast SEO plugin. -->","yoast_head_json":{"title":"Briti Armee kuulivestialune s\u00e4rk UBACS EP MTP - outdoors.ee","description":"Briti s\u00f5jav\u00e4e kuulivestialune s\u00e4rk, mille kehaosa on valmistatud venivast ja kiiresti kuivavast CoolMax tehnoloogiaga trikotaa\u017ematerjalist ning krae, \u00f5lad ja varrukad vastupidavast puuvilla ja pol\u00fcestri segukangast. Terve aluss\u00e4rk on kaetud Briti kaasaaegse MTP (Multi-Terrain Pattern) laiguga. Niiskust\u00a0h\u00fclgavast kangast kehaosa ulatub kaenlaalusteni, v\u00e4hendades keha \u00fclekuumenemist ning higistamist. Omadused: Briti s\u00f5jav\u00e4e originaals\u00e4rk kehaosa MTP laigus CoolMax tehnoloogiaga materjalist\u00a0 2 takjakinnitusega klapiga taskut\u00a0 t\u00f5mblukuga kaelus\u00a0 n\u00f6\u00f6biga reguleeritav manseti laius Suurbritannia lipuembleem vasakul k\u00e4isel kiri sildil: Shirt Under Body Armour Combat EP MTP Suurus rippmen\u00fc\u00fcs\u00a0(pikkus \/ rinna\u00fcmberm\u00f5\u00f5t): S - 160\/80, M - 170\/90, L - 180\/100, LW - 180\/110, XL - 190\/120, XXL - 200\/130 NB!\u00a0Velcro paneelid k\u00e4istel v\u00f5ivad puudu olla Seisukord: uus (v\u00f5ib sisaldada hulgiladustamise j\u00e4lgi v\u00f5i kirjeid sildil) uuev\u00e4\u00e4rne (v\u00f5ib sisaldada vaid minimaalseid kulumisj\u00e4lgi) kasutatud, Grade 1 (heas korras, sisaldab kergeid kulumisj\u00e4lgi, v\u00f5ib olla kergelt m\u00e4\u00e4rdunud ning sisaldada v\u00e4iksemaid vigastusi)","robots":{"index":"index","follow":"follow","max-snippet":"max-snippet:-1","max-image-preview":"max-image-preview:large","max-video-preview":"max-video-preview:-1"},"canonical":"https:\/\/www.outdoors.ee\/et\/toode\/hollandi-armee-kuulivestialune-sark-ubacs-fr-woodland\/","og_locale":"et_EE","og_type":"article","og_title":"Briti Armee kuulivestialune s\u00e4rk UBACS EP MTP","og_description":"Briti s\u00f5jav\u00e4e kuulivestialune s\u00e4rk, mille kehaosa on valmistatud venivast ja kiiresti kuivavast CoolMax tehnoloogiaga trikotaa\u017ematerjalist ning krae, \u00f5lad ja varrukad vastupidavast puuvilla ja pol\u00fcestri segukangast. Terve aluss\u00e4rk on kaetud Briti kaasaaegse MTP (Multi-Terrain Pattern) laiguga. Niiskust\u00a0h\u00fclgavast kangast kehaosa ulatub kaenlaalusteni, v\u00e4hendades keha \u00fclekuumenemist ning higistamist. Omadused: Briti s\u00f5jav\u00e4e originaals\u00e4rk kehaosa MTP laigus CoolMax tehnoloogiaga materjalist\u00a0 2 takjakinnitusega klapiga taskut\u00a0 t\u00f5mblukuga kaelus\u00a0 n\u00f6\u00f6biga reguleeritav manseti laius Suurbritannia lipuembleem vasakul k\u00e4isel kiri sildil: Shirt Under Body Armour Combat EP MTP Suurus rippmen\u00fc\u00fcs\u00a0(pikkus \/ rinna\u00fcmberm\u00f5\u00f5t): S - 160\/80, M - 170\/90, L - 180\/100, LW - 180\/110, XL - 190\/120, XXL - 200\/130 NB!\u00a0Velcro paneelid k\u00e4istel v\u00f5ivad puudu olla Seisukord: uus (v\u00f5ib sisaldada hulgiladustamise j\u00e4lgi v\u00f5i kirjeid sildil) uuev\u00e4\u00e4rne (v\u00f5ib sisaldada vaid minimaalseid kulumisj\u00e4lgi) kasutatud, Grade 1 (heas korras, sisaldab kergeid kulumisj\u00e4lgi, v\u00f5ib olla kergelt m\u00e4\u00e4rdunud ning sisaldada v\u00e4iksemaid vigastusi)","og_url":"https:\/\/www.outdoors.ee\/et\/toode\/hollandi-armee-kuulivestialune-sark-ubacs-fr-woodland\/","og_site_name":"Outdoors","article_modified_time":"2022-11-04T14:00:45+00:00","og_image":[{"width":1236,"height":1025,"url":"https:\/\/www.outdoors.ee\/wp-content\/uploads\/2022\/02\/1508-Dutch-Army-UBACS-FR-Woodland-5.jpg","type":"image\/jpeg"}],"twitter_card":"summary_large_image","twitter_title":"Briti Armee kuulivestialune s\u00e4rk UBACS EP MTP","twitter_misc":{"Est. reading time":"1 minut"},"schema":{"@context":"https:\/\/schema.org","@graph":[{"@type":"WebPage","@id":"https:\/\/www.outdoors.ee\/et\/toode\/hollandi-armee-kuulivestialune-sark-ubacs-fr-woodland\/","url":"https:\/\/www.outdoors.ee\/et\/toode\/hollandi-armee-kuulivestialune-sark-ubacs-fr-woodland\/","name":"Briti Armee kuulivestialune s\u00e4rk UBACS EP MTP - outdoors.ee","isPartOf":{"@id":"https:\/\/www.outdoors.ee\/#website"},"primaryImageOfPage":{"@id":"https:\/\/www.outdoors.ee\/et\/toode\/hollandi-armee-kuulivestialune-sark-ubacs-fr-woodland\/#primaryimage"},"image":{"@id":"https:\/\/www.outdoors.ee\/et\/toode\/hollandi-armee-kuulivestialune-sark-ubacs-fr-woodland\/#primaryimage"},"thumbnailUrl":"https:\/\/www.outdoors.ee\/wp-content\/uploads\/2022\/02\/1508-Dutch-Army-UBACS-FR-Woodland-5.jpg","datePublished":"2022-02-16T09:29:26+00:00","dateModified":"2022-11-04T14:00:45+00:00","description":"Briti s\u00f5jav\u00e4e kuulivestialune s\u00e4rk, mille kehaosa on valmistatud venivast ja kiiresti kuivavast CoolMax tehnoloogiaga trikotaa\u017ematerjalist ning krae, \u00f5lad ja varrukad vastupidavast puuvilla ja pol\u00fcestri segukangast. Terve aluss\u00e4rk on kaetud Briti kaasaaegse MTP (Multi-Terrain Pattern) laiguga. Niiskust\u00a0h\u00fclgavast kangast kehaosa ulatub kaenlaalusteni, v\u00e4hendades keha \u00fclekuumenemist ning higistamist. Omadused: Briti s\u00f5jav\u00e4e originaals\u00e4rk kehaosa MTP laigus CoolMax tehnoloogiaga materjalist\u00a0 2 takjakinnitusega klapiga taskut\u00a0 t\u00f5mblukuga kaelus\u00a0 n\u00f6\u00f6biga reguleeritav manseti laius Suurbritannia lipuembleem vasakul k\u00e4isel kiri sildil: Shirt Under Body Armour Combat EP MTP Suurus rippmen\u00fc\u00fcs\u00a0(pikkus \/ rinna\u00fcmberm\u00f5\u00f5t): S - 160\/80, M - 170\/90, L - 180\/100, LW - 180\/110, XL - 190\/120, XXL - 200\/130 NB!\u00a0Velcro paneelid k\u00e4istel v\u00f5ivad puudu olla Seisukord: uus (v\u00f5ib sisaldada hulgiladustamise j\u00e4lgi v\u00f5i kirjeid sildil) uuev\u00e4\u00e4rne (v\u00f5ib sisaldada vaid minimaalseid kulumisj\u00e4lgi) kasutatud, Grade 1 (heas korras, sisaldab kergeid kulumisj\u00e4lgi, v\u00f5ib olla kergelt m\u00e4\u00e4rdunud ning sisaldada v\u00e4iksemaid vigastusi)","breadcrumb":{"@id":"https:\/\/www.outdoors.ee\/et\/toode\/hollandi-armee-kuulivestialune-sark-ubacs-fr-woodland\/#breadcrumb"},"inLanguage":"et","potentialAction":[{"@type":"ReadAction","target":["https:\/\/www.outdoors.ee\/et\/toode\/hollandi-armee-kuulivestialune-sark-ubacs-fr-woodland\/"]}]},{"@type":"ImageObject","inLanguage":"et","@id":"https:\/\/www.outdoors.ee\/et\/toode\/hollandi-armee-kuulivestialune-sark-ubacs-fr-woodland\/#primaryimage","url":"https:\/\/www.outdoors.ee\/wp-content\/uploads\/2022\/02\/1508-Dutch-Army-UBACS-FR-Woodland-5.jpg","contentUrl":"https:\/\/www.outdoors.ee\/wp-content\/uploads\/2022\/02\/1508-Dutch-Army-UBACS-FR-Woodland-5.jpg","width":1236,"height":1025},{"@type":"BreadcrumbList","@id":"https:\/\/www.outdoors.ee\/et\/toode\/hollandi-armee-kuulivestialune-sark-ubacs-fr-woodland\/#breadcrumb","itemListElement":[{"@type":"ListItem","position":1,"name":"Home","item":"https:\/\/www.outdoors.ee\/et\/"},{"@type":"ListItem","position":2,"name":"Tooted","item":"https:\/\/www.outdoors.ee\/products\/"},{"@type":"ListItem","position":3,"name":"Hollandi Armee kuulivestialune s\u00e4rk UBACS FR Woodland"}]},{"@type":"WebSite","@id":"https:\/\/www.outdoors.ee\/#website","url":"https:\/\/www.outdoors.ee\/","name":"Outdoors","description":"Genuine military surplus and not only!","potentialAction":[{"@type":"SearchAction","target":{"@type":"EntryPoint","urlTemplate":"https:\/\/www.outdoors.ee\/?s={search_term_string}"},"query-input":{"@type":"PropertyValueSpecification","valueRequired":true,"valueName":"search_term_string"}}],"inLanguage":"et"}]}},"_links":{"self":[{"href":"https:\/\/www.outdoors.ee\/et\/wp-json\/wp\/v2\/product\/65687","targetHints":{"allow":["GET"]}}],"collection":[{"href":"https:\/\/www.outdoors.ee\/et\/wp-json\/wp\/v2\/product"}],"about":[{"href":"https:\/\/www.outdoors.ee\/et\/wp-json\/wp\/v2\/types\/product"}],"wp:featuredmedia":[{"embeddable":true,"href":"https:\/\/www.outdoors.ee\/et\/wp-json\/wp\/v2\/media\/66100"}],"wp:attachment":[{"href":"https:\/\/www.outdoors.ee\/et\/wp-json\/wp\/v2\/media?parent=65687"}],"wp:term":[{"taxonomy":"product_brand","embeddable":true,"href":"https:\/\/www.outdoors.ee\/et\/wp-json\/wp\/v2\/product_brand?post=65687"},{"taxonomy":"product_cat","embeddable":true,"href":"https:\/\/www.outdoors.ee\/et\/wp-json\/wp\/v2\/product_cat?post=65687"},{"taxonomy":"product_tag","embeddable":true,"href":"https:\/\/www.outdoors.ee\/et\/wp-json\/wp\/v2\/product_tag?post=65687"}],"curies":[{"name":"wp","href":"https:\/\/api.w.org\/{rel}","templated":true}]}}