{"id":65211,"date":"2022-01-27T16:29:07","date_gmt":"2022-01-27T14:28:58","guid":{"rendered":"https:\/\/www.outdoors.ee\/?post_type=product&#038;p=65211"},"modified":"2025-02-11T17:28:07","modified_gmt":"2025-02-11T15:28:07","slug":"briti-armee-valivormi-jakk-fr-mtp","status":"publish","type":"product","link":"https:\/\/www.outdoors.ee\/et\/toode\/briti-armee-valivormi-jakk-fr-mtp\/","title":{"rendered":"Briti Armee v\u00e4livormi jakk FR MTP"},"content":{"rendered":"<p style=\"text-align: justify;\"><strong>Omadused:<\/strong><\/p>\n<ul style=\"text-align: justify;\">\n<li>Briti s\u00f5jav\u00e4e (\u00f5huv\u00e4e) originaal<\/li>\n<li>raskelts\u00fcttiv, kerge ning vastupidav materjal<\/li>\n<li>t\u00f5mbluku ning klapiga eest suletav<\/li>\n<li>takjapaela abil reguleeritav manseti laius<\/li>\n<li>suured takjapaela ning n\u00f6\u00f6pide abil suletavad rinnataskud<\/li>\n<li>nurga all asetsev tasku vasakul k\u00e4isel<\/li>\n<li>n\u00f6\u00f6biga suletav auastme eraldusm\u00e4rgi klapp rinnal<\/li>\n<li>kiri sildil: Jacket FR Combat MTP or Jacket Combat FR MTP For Air Crew (kaks veidi erinevat mudelit!)<\/li>\n<\/ul>\n<p style=\"text-align: justify;\"><strong>Suurus rippmen\u00fc\u00fcs<\/strong>: pikkus \/ rinna\u00fcmberm\u00f5\u00f5t, cm<\/p>\n<p style=\"text-align: justify;\"><strong>Seisukord: <\/strong><\/p>\n<ul>\n<li style=\"text-align: justify;\">uus (originaalpakendis v\u00f5i ilma, v\u00f5ib sisaldada hulgiladustamise j\u00e4lgi)<\/li>\n<li>uuev\u00e4\u00e4rne (sisaldab kergeid kulumisj\u00e4lgi)<\/li>\n<\/ul>\n","protected":false},"excerpt":{"rendered":"<p>Briti Armee raskelts\u00fcttiv v\u00e4livormi jakk FR, MTP<\/p>\n","protected":false},"featured_media":65276,"template":"","meta":[],"product_brand":[],"product_cat":[2715],"product_tag":[],"class_list":{"0":"post-65211","1":"product","2":"type-product","3":"status-publish","4":"has-post-thumbnail","6":"product_cat-sargid-jakid","7":"pa_brand-british-military-surplus","8":"pa_condition-uuevaarne","9":"pa_condition-uus","10":"pa_size-170-104-2","11":"pa_size-170-88-2","12":"pa_size-170-96-2","13":"pa_size-180-104-2","14":"pa_size-180-112-2","15":"pa_size-180-120-2","16":"pa_size-180-96-2","17":"pa_size-190-104-2","18":"pa_size-190-112-2","19":"pa_size-190-120-2","20":"pa_size-190-96-2","21":"pa_size-200-104-2","22":"pa_size-200-112-2","23":"pa_size-200-128-2","25":"first","26":"instock","27":"taxable","28":"shipping-taxable","29":"purchasable","30":"product-type-variable"},"yoast_head":"<!-- This site is optimized with the Yoast SEO plugin v27.2 - https:\/\/yoast.com\/product\/yoast-seo-wordpress\/ -->\n<title>Briti Armee lahinguvormi jakk MTP - outdoors.ee<\/title>\n<meta name=\"description\" content=\"Originaalne Briti s\u00f5j\u00e4v\u00e4e lahinguvormi jakk kaasaaegses MTP laigus, mis kuulub t\u00e4nap\u00e4eva PCS\u00b4i (Personal Clothing System).\u00a0 Omadused:\u00a0 kergest kuid vastupidav puuvilla ja pol\u00fcestri segukangas t\u00f5mbluku ning klapiga eest suletav n\u00f6\u00f6biga reguleeritav manseti laius suured takjapaela abil suletavad rinnataskud nurga all asetsevad taskud k\u00e4istel takjapaneeliga peal takjakinnitusega auastme eraldusm\u00e4rgi klapp ees v\u00e4iksemad ning pastapliiatsi taskud rinnataskute sees kiri sildil: Jacket Combat Warm Weather MTP v\u00f5i\u00a0Jacket Combat Temperate Weather MTP Suurus rippmen\u00fc\u00fcs: pikkus \/ rinna\u00fcmberm\u00f5\u00f5t (cm) Seisukord:\u00a0 uus (v\u00f5ib sisaldada hulgiladustamise j\u00e4lgi) uuev\u00e4\u00e4rne (sisaldab kergeid kulumisj\u00e4lgi ning v\u00f5ib sisaldada erinevaid embleeme)\" \/>\n<meta name=\"robots\" content=\"index, follow, max-snippet:-1, max-image-preview:large, max-video-preview:-1\" \/>\n<link rel=\"canonical\" href=\"https:\/\/www.outdoors.ee\/et\/toode\/briti-armee-valivormi-jakk-fr-mtp\/\" \/>\n<meta property=\"og:locale\" content=\"et_EE\" \/>\n<meta property=\"og:type\" content=\"article\" \/>\n<meta property=\"og:title\" content=\"Briti Armee lahinguvormi jakk MTP\" \/>\n<meta property=\"og:description\" content=\"Originaalne Briti s\u00f5j\u00e4v\u00e4e lahinguvormi jakk kaasaaegses MTP laigus, mis kuulub t\u00e4nap\u00e4eva PCS\u00b4i (Personal Clothing System).\u00a0 Omadused:\u00a0 kergest kuid vastupidav puuvilla ja pol\u00fcestri segukangas t\u00f5mbluku ning klapiga eest suletav n\u00f6\u00f6biga reguleeritav manseti laius suured takjapaela abil suletavad rinnataskud nurga all asetsevad taskud k\u00e4istel takjapaneeliga peal takjakinnitusega auastme eraldusm\u00e4rgi klapp ees v\u00e4iksemad ning pastapliiatsi taskud rinnataskute sees kiri sildil: Jacket Combat Warm Weather MTP v\u00f5i\u00a0Jacket Combat Temperate Weather MTP Suurus rippmen\u00fc\u00fcs: pikkus \/ rinna\u00fcmberm\u00f5\u00f5t (cm) Seisukord:\u00a0 uus (v\u00f5ib sisaldada hulgiladustamise j\u00e4lgi) uuev\u00e4\u00e4rne (sisaldab kergeid kulumisj\u00e4lgi ning v\u00f5ib sisaldada erinevaid embleeme)\" \/>\n<meta property=\"og:url\" content=\"https:\/\/www.outdoors.ee\/et\/toode\/briti-armee-valivormi-jakk-fr-mtp\/\" \/>\n<meta property=\"og:site_name\" content=\"Outdoors\" \/>\n<meta property=\"article:modified_time\" content=\"2025-02-11T15:28:07+00:00\" \/>\n<meta property=\"og:image\" content=\"https:\/\/www.outdoors.ee\/wp-content\/uploads\/2022\/01\/0124-British-Army-Combat-Jacket-FR-MTP-1.jpg\" \/>\n\t<meta property=\"og:image:width\" content=\"1144\" \/>\n\t<meta property=\"og:image:height\" content=\"1285\" \/>\n\t<meta property=\"og:image:type\" content=\"image\/jpeg\" \/>\n<meta name=\"twitter:card\" content=\"summary_large_image\" \/>\n<meta name=\"twitter:title\" content=\"Briti Armee lahinguvormi jakk MTP\" \/>\n<meta name=\"twitter:label1\" content=\"Est. reading time\" \/>\n\t<meta name=\"twitter:data1\" content=\"1 minut\" \/>\n<script type=\"application\/ld+json\" class=\"yoast-schema-graph\">{\"@context\":\"https:\/\/schema.org\",\"@graph\":[{\"@type\":\"WebPage\",\"@id\":\"https:\/\/www.outdoors.ee\/et\/toode\/briti-armee-valivormi-jakk-fr-mtp\/\",\"url\":\"https:\/\/www.outdoors.ee\/et\/toode\/briti-armee-valivormi-jakk-fr-mtp\/\",\"name\":\"Briti Armee lahinguvormi jakk MTP - outdoors.ee\",\"isPartOf\":{\"@id\":\"https:\/\/www.outdoors.ee\/#website\"},\"primaryImageOfPage\":{\"@id\":\"https:\/\/www.outdoors.ee\/et\/toode\/briti-armee-valivormi-jakk-fr-mtp\/#primaryimage\"},\"image\":{\"@id\":\"https:\/\/www.outdoors.ee\/et\/toode\/briti-armee-valivormi-jakk-fr-mtp\/#primaryimage\"},\"thumbnailUrl\":\"https:\/\/www.outdoors.ee\/wp-content\/uploads\/2022\/01\/0124-British-Army-Combat-Jacket-FR-MTP-1.jpg\",\"datePublished\":\"2022-01-27T14:28:58+00:00\",\"dateModified\":\"2025-02-11T15:28:07+00:00\",\"description\":\"Originaalne Briti s\u00f5j\u00e4v\u00e4e lahinguvormi jakk kaasaaegses MTP laigus, mis kuulub t\u00e4nap\u00e4eva PCS\u00b4i (Personal Clothing System).\u00a0 Omadused:\u00a0 kergest kuid vastupidav puuvilla ja pol\u00fcestri segukangas t\u00f5mbluku ning klapiga eest suletav n\u00f6\u00f6biga reguleeritav manseti laius suured takjapaela abil suletavad rinnataskud nurga all asetsevad taskud k\u00e4istel takjapaneeliga peal takjakinnitusega auastme eraldusm\u00e4rgi klapp ees v\u00e4iksemad ning pastapliiatsi taskud rinnataskute sees kiri sildil: Jacket Combat Warm Weather MTP v\u00f5i\u00a0Jacket Combat Temperate Weather MTP Suurus rippmen\u00fc\u00fcs: pikkus \/ rinna\u00fcmberm\u00f5\u00f5t (cm) Seisukord:\u00a0 uus (v\u00f5ib sisaldada hulgiladustamise j\u00e4lgi) uuev\u00e4\u00e4rne (sisaldab kergeid kulumisj\u00e4lgi ning v\u00f5ib sisaldada erinevaid embleeme)\",\"breadcrumb\":{\"@id\":\"https:\/\/www.outdoors.ee\/et\/toode\/briti-armee-valivormi-jakk-fr-mtp\/#breadcrumb\"},\"inLanguage\":\"et\",\"potentialAction\":[{\"@type\":\"ReadAction\",\"target\":[\"https:\/\/www.outdoors.ee\/et\/toode\/briti-armee-valivormi-jakk-fr-mtp\/\"]}]},{\"@type\":\"ImageObject\",\"inLanguage\":\"et\",\"@id\":\"https:\/\/www.outdoors.ee\/et\/toode\/briti-armee-valivormi-jakk-fr-mtp\/#primaryimage\",\"url\":\"https:\/\/www.outdoors.ee\/wp-content\/uploads\/2022\/01\/0124-British-Army-Combat-Jacket-FR-MTP-1.jpg\",\"contentUrl\":\"https:\/\/www.outdoors.ee\/wp-content\/uploads\/2022\/01\/0124-British-Army-Combat-Jacket-FR-MTP-1.jpg\",\"width\":1144,\"height\":1285},{\"@type\":\"BreadcrumbList\",\"@id\":\"https:\/\/www.outdoors.ee\/et\/toode\/briti-armee-valivormi-jakk-fr-mtp\/#breadcrumb\",\"itemListElement\":[{\"@type\":\"ListItem\",\"position\":1,\"name\":\"Home\",\"item\":\"https:\/\/www.outdoors.ee\/et\/\"},{\"@type\":\"ListItem\",\"position\":2,\"name\":\"Tooted\",\"item\":\"https:\/\/www.outdoors.ee\/products\/\"},{\"@type\":\"ListItem\",\"position\":3,\"name\":\"Briti Armee v\u00e4livormi jakk FR MTP\"}]},{\"@type\":\"WebSite\",\"@id\":\"https:\/\/www.outdoors.ee\/#website\",\"url\":\"https:\/\/www.outdoors.ee\/\",\"name\":\"Outdoors\",\"description\":\"Genuine military surplus and not only!\",\"potentialAction\":[{\"@type\":\"SearchAction\",\"target\":{\"@type\":\"EntryPoint\",\"urlTemplate\":\"https:\/\/www.outdoors.ee\/?s={search_term_string}\"},\"query-input\":{\"@type\":\"PropertyValueSpecification\",\"valueRequired\":true,\"valueName\":\"search_term_string\"}}],\"inLanguage\":\"et\"}]}<\/script>\n<!-- \/ Yoast SEO plugin. -->","yoast_head_json":{"title":"Briti Armee lahinguvormi jakk MTP - outdoors.ee","description":"Originaalne Briti s\u00f5j\u00e4v\u00e4e lahinguvormi jakk kaasaaegses MTP laigus, mis kuulub t\u00e4nap\u00e4eva PCS\u00b4i (Personal Clothing System).\u00a0 Omadused:\u00a0 kergest kuid vastupidav puuvilla ja pol\u00fcestri segukangas t\u00f5mbluku ning klapiga eest suletav n\u00f6\u00f6biga reguleeritav manseti laius suured takjapaela abil suletavad rinnataskud nurga all asetsevad taskud k\u00e4istel takjapaneeliga peal takjakinnitusega auastme eraldusm\u00e4rgi klapp ees v\u00e4iksemad ning pastapliiatsi taskud rinnataskute sees kiri sildil: Jacket Combat Warm Weather MTP v\u00f5i\u00a0Jacket Combat Temperate Weather MTP Suurus rippmen\u00fc\u00fcs: pikkus \/ rinna\u00fcmberm\u00f5\u00f5t (cm) Seisukord:\u00a0 uus (v\u00f5ib sisaldada hulgiladustamise j\u00e4lgi) uuev\u00e4\u00e4rne (sisaldab kergeid kulumisj\u00e4lgi ning v\u00f5ib sisaldada erinevaid embleeme)","robots":{"index":"index","follow":"follow","max-snippet":"max-snippet:-1","max-image-preview":"max-image-preview:large","max-video-preview":"max-video-preview:-1"},"canonical":"https:\/\/www.outdoors.ee\/et\/toode\/briti-armee-valivormi-jakk-fr-mtp\/","og_locale":"et_EE","og_type":"article","og_title":"Briti Armee lahinguvormi jakk MTP","og_description":"Originaalne Briti s\u00f5j\u00e4v\u00e4e lahinguvormi jakk kaasaaegses MTP laigus, mis kuulub t\u00e4nap\u00e4eva PCS\u00b4i (Personal Clothing System).\u00a0 Omadused:\u00a0 kergest kuid vastupidav puuvilla ja pol\u00fcestri segukangas t\u00f5mbluku ning klapiga eest suletav n\u00f6\u00f6biga reguleeritav manseti laius suured takjapaela abil suletavad rinnataskud nurga all asetsevad taskud k\u00e4istel takjapaneeliga peal takjakinnitusega auastme eraldusm\u00e4rgi klapp ees v\u00e4iksemad ning pastapliiatsi taskud rinnataskute sees kiri sildil: Jacket Combat Warm Weather MTP v\u00f5i\u00a0Jacket Combat Temperate Weather MTP Suurus rippmen\u00fc\u00fcs: pikkus \/ rinna\u00fcmberm\u00f5\u00f5t (cm) Seisukord:\u00a0 uus (v\u00f5ib sisaldada hulgiladustamise j\u00e4lgi) uuev\u00e4\u00e4rne (sisaldab kergeid kulumisj\u00e4lgi ning v\u00f5ib sisaldada erinevaid embleeme)","og_url":"https:\/\/www.outdoors.ee\/et\/toode\/briti-armee-valivormi-jakk-fr-mtp\/","og_site_name":"Outdoors","article_modified_time":"2025-02-11T15:28:07+00:00","og_image":[{"width":1144,"height":1285,"url":"https:\/\/www.outdoors.ee\/wp-content\/uploads\/2022\/01\/0124-British-Army-Combat-Jacket-FR-MTP-1.jpg","type":"image\/jpeg"}],"twitter_card":"summary_large_image","twitter_title":"Briti Armee lahinguvormi jakk MTP","twitter_misc":{"Est. reading time":"1 minut"},"schema":{"@context":"https:\/\/schema.org","@graph":[{"@type":"WebPage","@id":"https:\/\/www.outdoors.ee\/et\/toode\/briti-armee-valivormi-jakk-fr-mtp\/","url":"https:\/\/www.outdoors.ee\/et\/toode\/briti-armee-valivormi-jakk-fr-mtp\/","name":"Briti Armee lahinguvormi jakk MTP - outdoors.ee","isPartOf":{"@id":"https:\/\/www.outdoors.ee\/#website"},"primaryImageOfPage":{"@id":"https:\/\/www.outdoors.ee\/et\/toode\/briti-armee-valivormi-jakk-fr-mtp\/#primaryimage"},"image":{"@id":"https:\/\/www.outdoors.ee\/et\/toode\/briti-armee-valivormi-jakk-fr-mtp\/#primaryimage"},"thumbnailUrl":"https:\/\/www.outdoors.ee\/wp-content\/uploads\/2022\/01\/0124-British-Army-Combat-Jacket-FR-MTP-1.jpg","datePublished":"2022-01-27T14:28:58+00:00","dateModified":"2025-02-11T15:28:07+00:00","description":"Originaalne Briti s\u00f5j\u00e4v\u00e4e lahinguvormi jakk kaasaaegses MTP laigus, mis kuulub t\u00e4nap\u00e4eva PCS\u00b4i (Personal Clothing System).\u00a0 Omadused:\u00a0 kergest kuid vastupidav puuvilla ja pol\u00fcestri segukangas t\u00f5mbluku ning klapiga eest suletav n\u00f6\u00f6biga reguleeritav manseti laius suured takjapaela abil suletavad rinnataskud nurga all asetsevad taskud k\u00e4istel takjapaneeliga peal takjakinnitusega auastme eraldusm\u00e4rgi klapp ees v\u00e4iksemad ning pastapliiatsi taskud rinnataskute sees kiri sildil: Jacket Combat Warm Weather MTP v\u00f5i\u00a0Jacket Combat Temperate Weather MTP Suurus rippmen\u00fc\u00fcs: pikkus \/ rinna\u00fcmberm\u00f5\u00f5t (cm) Seisukord:\u00a0 uus (v\u00f5ib sisaldada hulgiladustamise j\u00e4lgi) uuev\u00e4\u00e4rne (sisaldab kergeid kulumisj\u00e4lgi ning v\u00f5ib sisaldada erinevaid embleeme)","breadcrumb":{"@id":"https:\/\/www.outdoors.ee\/et\/toode\/briti-armee-valivormi-jakk-fr-mtp\/#breadcrumb"},"inLanguage":"et","potentialAction":[{"@type":"ReadAction","target":["https:\/\/www.outdoors.ee\/et\/toode\/briti-armee-valivormi-jakk-fr-mtp\/"]}]},{"@type":"ImageObject","inLanguage":"et","@id":"https:\/\/www.outdoors.ee\/et\/toode\/briti-armee-valivormi-jakk-fr-mtp\/#primaryimage","url":"https:\/\/www.outdoors.ee\/wp-content\/uploads\/2022\/01\/0124-British-Army-Combat-Jacket-FR-MTP-1.jpg","contentUrl":"https:\/\/www.outdoors.ee\/wp-content\/uploads\/2022\/01\/0124-British-Army-Combat-Jacket-FR-MTP-1.jpg","width":1144,"height":1285},{"@type":"BreadcrumbList","@id":"https:\/\/www.outdoors.ee\/et\/toode\/briti-armee-valivormi-jakk-fr-mtp\/#breadcrumb","itemListElement":[{"@type":"ListItem","position":1,"name":"Home","item":"https:\/\/www.outdoors.ee\/et\/"},{"@type":"ListItem","position":2,"name":"Tooted","item":"https:\/\/www.outdoors.ee\/products\/"},{"@type":"ListItem","position":3,"name":"Briti Armee v\u00e4livormi jakk FR MTP"}]},{"@type":"WebSite","@id":"https:\/\/www.outdoors.ee\/#website","url":"https:\/\/www.outdoors.ee\/","name":"Outdoors","description":"Genuine military surplus and not only!","potentialAction":[{"@type":"SearchAction","target":{"@type":"EntryPoint","urlTemplate":"https:\/\/www.outdoors.ee\/?s={search_term_string}"},"query-input":{"@type":"PropertyValueSpecification","valueRequired":true,"valueName":"search_term_string"}}],"inLanguage":"et"}]}},"_links":{"self":[{"href":"https:\/\/www.outdoors.ee\/et\/wp-json\/wp\/v2\/product\/65211","targetHints":{"allow":["GET"]}}],"collection":[{"href":"https:\/\/www.outdoors.ee\/et\/wp-json\/wp\/v2\/product"}],"about":[{"href":"https:\/\/www.outdoors.ee\/et\/wp-json\/wp\/v2\/types\/product"}],"wp:featuredmedia":[{"embeddable":true,"href":"https:\/\/www.outdoors.ee\/et\/wp-json\/wp\/v2\/media\/65276"}],"wp:attachment":[{"href":"https:\/\/www.outdoors.ee\/et\/wp-json\/wp\/v2\/media?parent=65211"}],"wp:term":[{"taxonomy":"product_brand","embeddable":true,"href":"https:\/\/www.outdoors.ee\/et\/wp-json\/wp\/v2\/product_brand?post=65211"},{"taxonomy":"product_cat","embeddable":true,"href":"https:\/\/www.outdoors.ee\/et\/wp-json\/wp\/v2\/product_cat?post=65211"},{"taxonomy":"product_tag","embeddable":true,"href":"https:\/\/www.outdoors.ee\/et\/wp-json\/wp\/v2\/product_tag?post=65211"}],"curies":[{"name":"wp","href":"https:\/\/api.w.org\/{rel}","templated":true}]}}