{"id":64952,"date":"2022-01-21T14:05:21","date_gmt":"2022-01-21T11:47:48","guid":{"rendered":"https:\/\/www.outdoors.ee\/?post_type=product&#038;p=64952"},"modified":"2024-04-09T23:37:21","modified_gmt":"2024-04-09T20:37:21","slug":"usa-merejalavae-seljakott-alice-pack-marpat","status":"publish","type":"product","link":"https:\/\/www.outdoors.ee\/et\/toode\/usa-merejalavae-seljakott-alice-pack-marpat\/","title":{"rendered":"USA Merejalav\u00e4e seljakott ALICE Pack Marpat"},"content":{"rendered":"<p>Antud seljakoti mudel kuulub 1970-tel loodud ALICE (All-Purpose Lightweight Individual Carrying Equipment) s\u00fcsteemi.<\/p>\n<p><strong>Omadused:<\/strong><\/p>\n<ul>\n<li>maht ca 65L<\/li>\n<li>toodetud vastupidavast vetth\u00fclgava t\u00f6\u00f6tlusega nailonist<\/li>\n<li>v\u00e4limine metallist seljaraam<\/li>\n<li>reguleeritava pikkusega, plastikpandlaga puusarihm<\/li>\n<li>pehmendatud, reguleeritava pikkusega \u00f5larihmad<\/li>\n<li>kolm suurt taskut esipaneeli alumises osas<\/li>\n<li>kolm v\u00e4iksemat trukkiga suletavat taskut esipaneeli \u00fclemises osas<\/li>\n<li>takjapaelaga suletav tasku pealmises kaanes<\/li>\n<li>sisemine rihmkinnitusega raadiojaama tasku<\/li>\n<li>kinnituskohad k\u00fclgedel<\/li>\n<li>kaal ca 2,7kg<\/li>\n<\/ul>\n<p><strong>Seisukord<\/strong>: uus (v\u00f5ib sisaldada hulgiladustamise j\u00e4lgi)<\/p>\n","protected":false},"excerpt":{"rendered":"<p>USA Merejalav\u00e4e seljakott ALICE Pack, Marpat<\/p>\n","protected":false},"featured_media":64964,"template":"","meta":[],"product_brand":[],"product_cat":[3539],"product_tag":[],"class_list":{"0":"post-64952","1":"product","2":"type-product","3":"status-publish","4":"has-post-thumbnail","6":"product_cat-seljakotid","8":"first","9":"outofstock","10":"taxable","11":"shipping-taxable","12":"purchasable","13":"product-type-simple"},"yoast_head":"<!-- This site is optimized with the Yoast SEO plugin v27.2 - https:\/\/yoast.com\/product\/yoast-seo-wordpress\/ -->\n<title>USA Merejalav\u00e4e seljakott ALICE Pack Marpat - Outdoors<\/title>\n<meta name=\"robots\" content=\"index, follow, max-snippet:-1, max-image-preview:large, max-video-preview:-1\" \/>\n<link rel=\"canonical\" href=\"https:\/\/www.outdoors.ee\/toode\/us-marines-alice-pack-marpat\/\" \/>\n<meta property=\"og:locale\" content=\"et_EE\" \/>\n<meta property=\"og:type\" content=\"article\" \/>\n<meta property=\"og:title\" content=\"USA Merejalav\u00e4e seljakott ALICE Pack Marpat - Outdoors\" \/>\n<meta property=\"og:description\" content=\"USA Merejalav\u00e4e seljakott ALICE Pack, Marpat\" \/>\n<meta property=\"og:url\" content=\"https:\/\/www.outdoors.ee\/toode\/us-marines-alice-pack-marpat\/\" \/>\n<meta property=\"og:site_name\" content=\"Outdoors\" \/>\n<meta property=\"article:modified_time\" content=\"2024-04-09T20:37:21+00:00\" \/>\n<meta property=\"og:image\" content=\"https:\/\/www.outdoors.ee\/wp-content\/uploads\/2022\/01\/0342-US-Marines-ALICE-Pack-Marpat-1-2.jpg\" \/>\n\t<meta property=\"og:image:width\" content=\"1122\" \/>\n\t<meta property=\"og:image:height\" content=\"1127\" \/>\n\t<meta property=\"og:image:type\" content=\"image\/jpeg\" \/>\n<meta name=\"twitter:card\" content=\"summary_large_image\" \/>\n<meta name=\"twitter:label1\" content=\"Est. reading time\" \/>\n\t<meta name=\"twitter:data1\" content=\"1 minut\" \/>\n<script type=\"application\/ld+json\" class=\"yoast-schema-graph\">{\"@context\":\"https:\/\/schema.org\",\"@graph\":[{\"@type\":\"WebPage\",\"@id\":\"https:\/\/www.outdoors.ee\/toode\/us-marines-alice-pack-marpat\/\",\"url\":\"https:\/\/www.outdoors.ee\/toode\/us-marines-alice-pack-marpat\/\",\"name\":\"USA Merejalav\u00e4e seljakott ALICE Pack Marpat - Outdoors\",\"isPartOf\":{\"@id\":\"https:\/\/www.outdoors.ee\/#website\"},\"primaryImageOfPage\":{\"@id\":\"https:\/\/www.outdoors.ee\/toode\/us-marines-alice-pack-marpat\/#primaryimage\"},\"image\":{\"@id\":\"https:\/\/www.outdoors.ee\/toode\/us-marines-alice-pack-marpat\/#primaryimage\"},\"thumbnailUrl\":\"https:\/\/www.outdoors.ee\/wp-content\/uploads\/2022\/01\/0342-US-Marines-ALICE-Pack-Marpat-1-2.jpg\",\"datePublished\":\"2022-01-21T11:47:48+00:00\",\"dateModified\":\"2024-04-09T20:37:21+00:00\",\"breadcrumb\":{\"@id\":\"https:\/\/www.outdoors.ee\/toode\/us-marines-alice-pack-marpat\/#breadcrumb\"},\"inLanguage\":\"et\",\"potentialAction\":[{\"@type\":\"ReadAction\",\"target\":[\"https:\/\/www.outdoors.ee\/toode\/us-marines-alice-pack-marpat\/\"]}]},{\"@type\":\"ImageObject\",\"inLanguage\":\"et\",\"@id\":\"https:\/\/www.outdoors.ee\/toode\/us-marines-alice-pack-marpat\/#primaryimage\",\"url\":\"https:\/\/www.outdoors.ee\/wp-content\/uploads\/2022\/01\/0342-US-Marines-ALICE-Pack-Marpat-1-2.jpg\",\"contentUrl\":\"https:\/\/www.outdoors.ee\/wp-content\/uploads\/2022\/01\/0342-US-Marines-ALICE-Pack-Marpat-1-2.jpg\",\"width\":1122,\"height\":1127},{\"@type\":\"BreadcrumbList\",\"@id\":\"https:\/\/www.outdoors.ee\/toode\/us-marines-alice-pack-marpat\/#breadcrumb\",\"itemListElement\":[{\"@type\":\"ListItem\",\"position\":1,\"name\":\"Home\",\"item\":\"https:\/\/www.outdoors.ee\/et\/\"},{\"@type\":\"ListItem\",\"position\":2,\"name\":\"Tooted\",\"item\":\"https:\/\/www.outdoors.ee\/products\/\"},{\"@type\":\"ListItem\",\"position\":3,\"name\":\"USA Merejalav\u00e4e seljakott ALICE Pack Marpat\"}]},{\"@type\":\"WebSite\",\"@id\":\"https:\/\/www.outdoors.ee\/#website\",\"url\":\"https:\/\/www.outdoors.ee\/\",\"name\":\"Outdoors\",\"description\":\"Genuine military surplus and not only!\",\"potentialAction\":[{\"@type\":\"SearchAction\",\"target\":{\"@type\":\"EntryPoint\",\"urlTemplate\":\"https:\/\/www.outdoors.ee\/?s={search_term_string}\"},\"query-input\":{\"@type\":\"PropertyValueSpecification\",\"valueRequired\":true,\"valueName\":\"search_term_string\"}}],\"inLanguage\":\"et\"}]}<\/script>\n<!-- \/ Yoast SEO plugin. -->","yoast_head_json":{"title":"USA Merejalav\u00e4e seljakott ALICE Pack Marpat - Outdoors","robots":{"index":"index","follow":"follow","max-snippet":"max-snippet:-1","max-image-preview":"max-image-preview:large","max-video-preview":"max-video-preview:-1"},"canonical":"https:\/\/www.outdoors.ee\/toode\/us-marines-alice-pack-marpat\/","og_locale":"et_EE","og_type":"article","og_title":"USA Merejalav\u00e4e seljakott ALICE Pack Marpat - Outdoors","og_description":"USA Merejalav\u00e4e seljakott ALICE Pack, Marpat","og_url":"https:\/\/www.outdoors.ee\/toode\/us-marines-alice-pack-marpat\/","og_site_name":"Outdoors","article_modified_time":"2024-04-09T20:37:21+00:00","og_image":[{"width":1122,"height":1127,"url":"https:\/\/www.outdoors.ee\/wp-content\/uploads\/2022\/01\/0342-US-Marines-ALICE-Pack-Marpat-1-2.jpg","type":"image\/jpeg"}],"twitter_card":"summary_large_image","twitter_misc":{"Est. reading time":"1 minut"},"schema":{"@context":"https:\/\/schema.org","@graph":[{"@type":"WebPage","@id":"https:\/\/www.outdoors.ee\/toode\/us-marines-alice-pack-marpat\/","url":"https:\/\/www.outdoors.ee\/toode\/us-marines-alice-pack-marpat\/","name":"USA Merejalav\u00e4e seljakott ALICE Pack Marpat - Outdoors","isPartOf":{"@id":"https:\/\/www.outdoors.ee\/#website"},"primaryImageOfPage":{"@id":"https:\/\/www.outdoors.ee\/toode\/us-marines-alice-pack-marpat\/#primaryimage"},"image":{"@id":"https:\/\/www.outdoors.ee\/toode\/us-marines-alice-pack-marpat\/#primaryimage"},"thumbnailUrl":"https:\/\/www.outdoors.ee\/wp-content\/uploads\/2022\/01\/0342-US-Marines-ALICE-Pack-Marpat-1-2.jpg","datePublished":"2022-01-21T11:47:48+00:00","dateModified":"2024-04-09T20:37:21+00:00","breadcrumb":{"@id":"https:\/\/www.outdoors.ee\/toode\/us-marines-alice-pack-marpat\/#breadcrumb"},"inLanguage":"et","potentialAction":[{"@type":"ReadAction","target":["https:\/\/www.outdoors.ee\/toode\/us-marines-alice-pack-marpat\/"]}]},{"@type":"ImageObject","inLanguage":"et","@id":"https:\/\/www.outdoors.ee\/toode\/us-marines-alice-pack-marpat\/#primaryimage","url":"https:\/\/www.outdoors.ee\/wp-content\/uploads\/2022\/01\/0342-US-Marines-ALICE-Pack-Marpat-1-2.jpg","contentUrl":"https:\/\/www.outdoors.ee\/wp-content\/uploads\/2022\/01\/0342-US-Marines-ALICE-Pack-Marpat-1-2.jpg","width":1122,"height":1127},{"@type":"BreadcrumbList","@id":"https:\/\/www.outdoors.ee\/toode\/us-marines-alice-pack-marpat\/#breadcrumb","itemListElement":[{"@type":"ListItem","position":1,"name":"Home","item":"https:\/\/www.outdoors.ee\/et\/"},{"@type":"ListItem","position":2,"name":"Tooted","item":"https:\/\/www.outdoors.ee\/products\/"},{"@type":"ListItem","position":3,"name":"USA Merejalav\u00e4e seljakott ALICE Pack Marpat"}]},{"@type":"WebSite","@id":"https:\/\/www.outdoors.ee\/#website","url":"https:\/\/www.outdoors.ee\/","name":"Outdoors","description":"Genuine military surplus and not only!","potentialAction":[{"@type":"SearchAction","target":{"@type":"EntryPoint","urlTemplate":"https:\/\/www.outdoors.ee\/?s={search_term_string}"},"query-input":{"@type":"PropertyValueSpecification","valueRequired":true,"valueName":"search_term_string"}}],"inLanguage":"et"}]}},"_links":{"self":[{"href":"https:\/\/www.outdoors.ee\/et\/wp-json\/wp\/v2\/product\/64952","targetHints":{"allow":["GET"]}}],"collection":[{"href":"https:\/\/www.outdoors.ee\/et\/wp-json\/wp\/v2\/product"}],"about":[{"href":"https:\/\/www.outdoors.ee\/et\/wp-json\/wp\/v2\/types\/product"}],"wp:featuredmedia":[{"embeddable":true,"href":"https:\/\/www.outdoors.ee\/et\/wp-json\/wp\/v2\/media\/64964"}],"wp:attachment":[{"href":"https:\/\/www.outdoors.ee\/et\/wp-json\/wp\/v2\/media?parent=64952"}],"wp:term":[{"taxonomy":"product_brand","embeddable":true,"href":"https:\/\/www.outdoors.ee\/et\/wp-json\/wp\/v2\/product_brand?post=64952"},{"taxonomy":"product_cat","embeddable":true,"href":"https:\/\/www.outdoors.ee\/et\/wp-json\/wp\/v2\/product_cat?post=64952"},{"taxonomy":"product_tag","embeddable":true,"href":"https:\/\/www.outdoors.ee\/et\/wp-json\/wp\/v2\/product_tag?post=64952"}],"curies":[{"name":"wp","href":"https:\/\/api.w.org\/{rel}","templated":true}]}}