{"id":64787,"date":"2022-01-18T18:56:59","date_gmt":"2022-01-18T16:56:59","guid":{"rendered":"https:\/\/www.outdoors.ee\/?post_type=product&#038;p=64787"},"modified":"2026-04-19T16:47:25","modified_gmt":"2026-04-19T13:47:25","slug":"hollandi-armee-pontso-vooder-woodland","status":"publish","type":"product","link":"https:\/\/www.outdoors.ee\/et\/toode\/hollandi-armee-pontso-vooder-woodland\/","title":{"rendered":"Hollandi Armee Pont\u0161o vooder Woodland"},"content":{"rendered":"<p><strong>Omadused<\/strong>:<\/p>\n<ul>\n<li>Hollandi s\u00f5jav\u00e4e originaal, USA mudeli koopia<\/li>\n<li>kerge ja kompaktne<\/li>\n<li>sobiv tekina kasutamiseks<\/li>\n<li>m\u00f5\u00f5dud: ca 225 x 155cm<\/li>\n<li>kaal ca 800g<\/li>\n<li>kamuflaa\u017ei toon, disain ning suurus v\u00f5ib veidi erineda s\u00f5ltuvalt tootjast<\/li>\n<\/ul>\n<p><strong>Seisukord<\/strong>:<\/p>\n<ul>\n<li>uus (ilma j\u00e4em\u00fc\u00fcgipakendita, v\u00f5ib sisaldada hulgiladustamise j\u00e4lgi)<\/li>\n<li>uuev\u00e4\u00e4rne (sisaldab kergeid kulumisj\u00e4lgi)<\/li>\n<li>kasutatud, Grade 1 (sisaldab m\u00f5\u00f5dukaid kulumisj\u00e4lgi, v\u00f5ib sisaldada v\u00e4iksemaid vigastusi ning olla veidi m\u00e4\u00e4rdunud)<\/li>\n<li>kasutatud, Grade 2 (sisaldab s\u00fcgavamaid kulumisj\u00e4lgi, v\u00f5ib sisaldada v\u00e4iksemaid vigastusi ning olla veidi m\u00e4\u00e4rdunud)<\/li>\n<\/ul>\n","protected":false},"excerpt":{"rendered":"<p>Hollandi Armee vihmamantli vooder, Woodland<\/p>\n","protected":false},"featured_media":64826,"template":"","meta":[],"product_brand":[],"product_cat":[150],"product_tag":[],"class_list":{"0":"post-64787","1":"product","2":"type-product","3":"status-publish","4":"has-post-thumbnail","6":"product_cat-magamisvarustus","7":"pa_brand-dutch-military-surplus","8":"pa_condition-kasutatud-grade-1","9":"pa_condition-kasutatud-grade-2","10":"pa_condition-uuevaarne","11":"pa_condition-uus","13":"first","14":"instock","15":"taxable","16":"shipping-taxable","17":"purchasable","18":"product-type-variable"},"yoast_head":"<!-- This site is optimized with the Yoast SEO plugin v27.2 - https:\/\/yoast.com\/product\/yoast-seo-wordpress\/ -->\n<title>Hollandi Armee Pont\u0161o vooder Woodland - Outdoors<\/title>\n<meta name=\"robots\" content=\"index, follow, max-snippet:-1, max-image-preview:large, max-video-preview:-1\" \/>\n<link rel=\"canonical\" href=\"https:\/\/www.outdoors.ee\/et\/toode\/hollandi-armee-pontso-vooder-woodland\/\" \/>\n<meta property=\"og:locale\" content=\"et_EE\" \/>\n<meta property=\"og:type\" content=\"article\" \/>\n<meta property=\"og:title\" content=\"Hollandi Armee Pont\u0161o vooder Woodland - Outdoors\" \/>\n<meta property=\"og:description\" content=\"Hollandi Armee vihmamantli vooder, Woodland\" \/>\n<meta property=\"og:url\" content=\"https:\/\/www.outdoors.ee\/et\/toode\/hollandi-armee-pontso-vooder-woodland\/\" \/>\n<meta property=\"og:site_name\" content=\"Outdoors\" \/>\n<meta property=\"article:modified_time\" content=\"2026-04-19T13:47:25+00:00\" \/>\n<meta property=\"og:image\" content=\"https:\/\/www.outdoors.ee\/wp-content\/uploads\/2022\/01\/1502-Dutch-Army-Poncho-Liner-Woodland-2.jpg\" \/>\n\t<meta property=\"og:image:width\" content=\"1384\" \/>\n\t<meta property=\"og:image:height\" content=\"1176\" \/>\n\t<meta property=\"og:image:type\" content=\"image\/jpeg\" \/>\n<meta name=\"twitter:card\" content=\"summary_large_image\" \/>\n<meta name=\"twitter:label1\" content=\"Est. reading time\" \/>\n\t<meta name=\"twitter:data1\" content=\"1 minut\" \/>\n<script type=\"application\/ld+json\" class=\"yoast-schema-graph\">{\"@context\":\"https:\/\/schema.org\",\"@graph\":[{\"@type\":\"WebPage\",\"@id\":\"https:\/\/www.outdoors.ee\/et\/toode\/hollandi-armee-pontso-vooder-woodland\/\",\"url\":\"https:\/\/www.outdoors.ee\/et\/toode\/hollandi-armee-pontso-vooder-woodland\/\",\"name\":\"Hollandi Armee Pont\u0161o vooder Woodland - Outdoors\",\"isPartOf\":{\"@id\":\"https:\/\/www.outdoors.ee\/#website\"},\"primaryImageOfPage\":{\"@id\":\"https:\/\/www.outdoors.ee\/et\/toode\/hollandi-armee-pontso-vooder-woodland\/#primaryimage\"},\"image\":{\"@id\":\"https:\/\/www.outdoors.ee\/et\/toode\/hollandi-armee-pontso-vooder-woodland\/#primaryimage\"},\"thumbnailUrl\":\"https:\/\/www.outdoors.ee\/wp-content\/uploads\/2022\/01\/1502-Dutch-Army-Poncho-Liner-Woodland-2.jpg\",\"datePublished\":\"2022-01-18T16:56:59+00:00\",\"dateModified\":\"2026-04-19T13:47:25+00:00\",\"breadcrumb\":{\"@id\":\"https:\/\/www.outdoors.ee\/et\/toode\/hollandi-armee-pontso-vooder-woodland\/#breadcrumb\"},\"inLanguage\":\"et\",\"potentialAction\":[{\"@type\":\"ReadAction\",\"target\":[\"https:\/\/www.outdoors.ee\/et\/toode\/hollandi-armee-pontso-vooder-woodland\/\"]}]},{\"@type\":\"ImageObject\",\"inLanguage\":\"et\",\"@id\":\"https:\/\/www.outdoors.ee\/et\/toode\/hollandi-armee-pontso-vooder-woodland\/#primaryimage\",\"url\":\"https:\/\/www.outdoors.ee\/wp-content\/uploads\/2022\/01\/1502-Dutch-Army-Poncho-Liner-Woodland-2.jpg\",\"contentUrl\":\"https:\/\/www.outdoors.ee\/wp-content\/uploads\/2022\/01\/1502-Dutch-Army-Poncho-Liner-Woodland-2.jpg\",\"width\":1384,\"height\":1176},{\"@type\":\"BreadcrumbList\",\"@id\":\"https:\/\/www.outdoors.ee\/et\/toode\/hollandi-armee-pontso-vooder-woodland\/#breadcrumb\",\"itemListElement\":[{\"@type\":\"ListItem\",\"position\":1,\"name\":\"Home\",\"item\":\"https:\/\/www.outdoors.ee\/et\/\"},{\"@type\":\"ListItem\",\"position\":2,\"name\":\"Tooted\",\"item\":\"https:\/\/www.outdoors.ee\/products\/\"},{\"@type\":\"ListItem\",\"position\":3,\"name\":\"Hollandi Armee Pont\u0161o vooder Woodland\"}]},{\"@type\":\"WebSite\",\"@id\":\"https:\/\/www.outdoors.ee\/#website\",\"url\":\"https:\/\/www.outdoors.ee\/\",\"name\":\"Outdoors\",\"description\":\"Genuine military surplus and not only!\",\"potentialAction\":[{\"@type\":\"SearchAction\",\"target\":{\"@type\":\"EntryPoint\",\"urlTemplate\":\"https:\/\/www.outdoors.ee\/?s={search_term_string}\"},\"query-input\":{\"@type\":\"PropertyValueSpecification\",\"valueRequired\":true,\"valueName\":\"search_term_string\"}}],\"inLanguage\":\"et\"}]}<\/script>\n<!-- \/ Yoast SEO plugin. -->","yoast_head_json":{"title":"Hollandi Armee Pont\u0161o vooder Woodland - Outdoors","robots":{"index":"index","follow":"follow","max-snippet":"max-snippet:-1","max-image-preview":"max-image-preview:large","max-video-preview":"max-video-preview:-1"},"canonical":"https:\/\/www.outdoors.ee\/et\/toode\/hollandi-armee-pontso-vooder-woodland\/","og_locale":"et_EE","og_type":"article","og_title":"Hollandi Armee Pont\u0161o vooder Woodland - Outdoors","og_description":"Hollandi Armee vihmamantli vooder, Woodland","og_url":"https:\/\/www.outdoors.ee\/et\/toode\/hollandi-armee-pontso-vooder-woodland\/","og_site_name":"Outdoors","article_modified_time":"2026-04-19T13:47:25+00:00","og_image":[{"width":1384,"height":1176,"url":"https:\/\/www.outdoors.ee\/wp-content\/uploads\/2022\/01\/1502-Dutch-Army-Poncho-Liner-Woodland-2.jpg","type":"image\/jpeg"}],"twitter_card":"summary_large_image","twitter_misc":{"Est. reading time":"1 minut"},"schema":{"@context":"https:\/\/schema.org","@graph":[{"@type":"WebPage","@id":"https:\/\/www.outdoors.ee\/et\/toode\/hollandi-armee-pontso-vooder-woodland\/","url":"https:\/\/www.outdoors.ee\/et\/toode\/hollandi-armee-pontso-vooder-woodland\/","name":"Hollandi Armee Pont\u0161o vooder Woodland - Outdoors","isPartOf":{"@id":"https:\/\/www.outdoors.ee\/#website"},"primaryImageOfPage":{"@id":"https:\/\/www.outdoors.ee\/et\/toode\/hollandi-armee-pontso-vooder-woodland\/#primaryimage"},"image":{"@id":"https:\/\/www.outdoors.ee\/et\/toode\/hollandi-armee-pontso-vooder-woodland\/#primaryimage"},"thumbnailUrl":"https:\/\/www.outdoors.ee\/wp-content\/uploads\/2022\/01\/1502-Dutch-Army-Poncho-Liner-Woodland-2.jpg","datePublished":"2022-01-18T16:56:59+00:00","dateModified":"2026-04-19T13:47:25+00:00","breadcrumb":{"@id":"https:\/\/www.outdoors.ee\/et\/toode\/hollandi-armee-pontso-vooder-woodland\/#breadcrumb"},"inLanguage":"et","potentialAction":[{"@type":"ReadAction","target":["https:\/\/www.outdoors.ee\/et\/toode\/hollandi-armee-pontso-vooder-woodland\/"]}]},{"@type":"ImageObject","inLanguage":"et","@id":"https:\/\/www.outdoors.ee\/et\/toode\/hollandi-armee-pontso-vooder-woodland\/#primaryimage","url":"https:\/\/www.outdoors.ee\/wp-content\/uploads\/2022\/01\/1502-Dutch-Army-Poncho-Liner-Woodland-2.jpg","contentUrl":"https:\/\/www.outdoors.ee\/wp-content\/uploads\/2022\/01\/1502-Dutch-Army-Poncho-Liner-Woodland-2.jpg","width":1384,"height":1176},{"@type":"BreadcrumbList","@id":"https:\/\/www.outdoors.ee\/et\/toode\/hollandi-armee-pontso-vooder-woodland\/#breadcrumb","itemListElement":[{"@type":"ListItem","position":1,"name":"Home","item":"https:\/\/www.outdoors.ee\/et\/"},{"@type":"ListItem","position":2,"name":"Tooted","item":"https:\/\/www.outdoors.ee\/products\/"},{"@type":"ListItem","position":3,"name":"Hollandi Armee Pont\u0161o vooder Woodland"}]},{"@type":"WebSite","@id":"https:\/\/www.outdoors.ee\/#website","url":"https:\/\/www.outdoors.ee\/","name":"Outdoors","description":"Genuine military surplus and not only!","potentialAction":[{"@type":"SearchAction","target":{"@type":"EntryPoint","urlTemplate":"https:\/\/www.outdoors.ee\/?s={search_term_string}"},"query-input":{"@type":"PropertyValueSpecification","valueRequired":true,"valueName":"search_term_string"}}],"inLanguage":"et"}]}},"_links":{"self":[{"href":"https:\/\/www.outdoors.ee\/et\/wp-json\/wp\/v2\/product\/64787","targetHints":{"allow":["GET"]}}],"collection":[{"href":"https:\/\/www.outdoors.ee\/et\/wp-json\/wp\/v2\/product"}],"about":[{"href":"https:\/\/www.outdoors.ee\/et\/wp-json\/wp\/v2\/types\/product"}],"wp:featuredmedia":[{"embeddable":true,"href":"https:\/\/www.outdoors.ee\/et\/wp-json\/wp\/v2\/media\/64826"}],"wp:attachment":[{"href":"https:\/\/www.outdoors.ee\/et\/wp-json\/wp\/v2\/media?parent=64787"}],"wp:term":[{"taxonomy":"product_brand","embeddable":true,"href":"https:\/\/www.outdoors.ee\/et\/wp-json\/wp\/v2\/product_brand?post=64787"},{"taxonomy":"product_cat","embeddable":true,"href":"https:\/\/www.outdoors.ee\/et\/wp-json\/wp\/v2\/product_cat?post=64787"},{"taxonomy":"product_tag","embeddable":true,"href":"https:\/\/www.outdoors.ee\/et\/wp-json\/wp\/v2\/product_tag?post=64787"}],"curies":[{"name":"wp","href":"https:\/\/api.w.org\/{rel}","templated":true}]}}