{"id":64692,"date":"2022-01-17T17:25:58","date_gmt":"2022-01-17T15:25:58","guid":{"rendered":"https:\/\/www.outdoors.ee\/?post_type=product&#038;p=64692"},"modified":"2025-09-01T16:44:48","modified_gmt":"2025-09-01T13:44:48","slug":"meindl-desert-fox-saapad","status":"publish","type":"product","link":"https:\/\/www.outdoors.ee\/et\/toode\/meindl-desert-fox-saapad\/","title":{"rendered":"Meindl\u00ae Desert Fox saapad"},"content":{"rendered":"<p style=\"text-align: justify;\">Kerged ja mugavad k\u00f5rbesaapad seemisnahast ja Cordura\u00b4st pealsega Saksa s\u00f5jav\u00e4e (Bundeswehr) laovarudest. Loodud kandmiseks sooja kliima tingimustes. Tugevdused kanna ning nina piirkondades. Meindl Multigrip libisemisvastane, \u00f5li- ning k\u00fctisekindel tald on \u00fchtemoodi efektiivne nii liival kui erinevat t\u00fc\u00fcpi maastikul. Pehmendatud, integreeritud saapakeel ning p\u00f5rutustneelav vahetald lisavad mugavust.<\/p>\n<p style=\"text-align: justify;\"><strong>Seisukord<\/strong>:<\/p>\n<ul>\n<li>uued (v\u00f5ivad sisaldada hulgiladustamise j\u00e4lgi)<\/li>\n<li>uuev\u00e4\u00e4rsed (sisaldavad kergeid kulumisj\u00e4lgi)<\/li>\n<li>kasutatud, Grade 1 (sisaldavad m\u00f5\u00f5dukaid kulumisj\u00e4lgi, v\u00f5ivad sisaldada v\u00e4iksemaid vigastusi, sisetallad v\u00f5ivad olla eemaldatud)<\/li>\n<\/ul>\n","protected":false},"excerpt":{"rendered":"<p>Saksa Armee Meindl\u00ae Desert Fox k\u00f5rbesaapad, bee\u017e<\/p>\n","protected":false},"featured_media":64701,"template":"","meta":[],"product_brand":[],"product_cat":[70],"product_tag":[],"class_list":{"0":"post-64692","1":"product","2":"type-product","3":"status-publish","4":"has-post-thumbnail","6":"product_cat-jalanoud","7":"pa_brand-german-military-surplus","8":"pa_brand-meindl-2","9":"pa_condition-uuevaarne","10":"pa_condition-uus","11":"pa_size-uk105-us115-eu45-2","12":"pa_size-uk11-us12-eu46-2","13":"pa_size-uk14-us15-eu495-2","14":"pa_size-uk45-us55-eu38-2","15":"pa_size-uk75-us85-eu415-3","16":"pa_size-uk7-us8-eu41-2","17":"pa_size-uk85-us95-eu425-3","18":"pa_size-uk9-us10-eu43-2","20":"first","21":"instock","22":"taxable","23":"shipping-taxable","24":"purchasable","25":"product-type-variable"},"yoast_head":"<!-- This site is optimized with the Yoast SEO plugin v27.2 - https:\/\/yoast.com\/product\/yoast-seo-wordpress\/ -->\n<title>MEINDL Desert Fox Gore-Tex\u00ae saapad - outdoors.ee<\/title>\n<meta name=\"description\" content=\"Kerged ja mugavad k\u00f5rbesaapad seemisnahast ja Cordura\u00b4st pealsega Saksa s\u00f5jav\u00e4e (Bundeswehr) laovarudest. Loodud kandmiseks sooja kliima tingimustes. Tugevdused kanna ning nina piirkondades. Meindl Multigrip\u00a0libisemisvastane, \u00f5li- ning k\u00fctisekindel tald on \u00fchtemoodi efektiivne nii liival kui maastikul. Pehmendatud, integreeritud saapakeel ning p\u00f5rutustneelav vahetald lisavad mugavust.\u00a0 Meindl Desert Fox saapa militaarversioon (Desert All Terrain), mis on varustatud kulumiskindla, vetth\u00fclgava ning hingava Gore-Tex\u00ae XCR (extrended comfort footwear) membraaniga. Seisukord: uued (kasutamata, v\u00f5ivad sisaldada hulgiladustamise j\u00e4lgi) uuev\u00e4\u00e4rsed (sisaldavad minimaalseid kulumisj\u00e4lgi) kasutatud, Grade 1 (sisaldavad kulumisj\u00e4lgi, kuid on s\u00e4ilitanud kasutusk\u00f5lblikkuse, ei sisalda m\u00e4rkimisv\u00e4\u00e4rseid vigastusi)\" \/>\n<meta name=\"robots\" content=\"index, follow, max-snippet:-1, max-image-preview:large, max-video-preview:-1\" \/>\n<link rel=\"canonical\" href=\"https:\/\/www.outdoors.ee\/et\/toode\/meindl-desert-fox-saapad\/\" \/>\n<meta property=\"og:locale\" content=\"et_EE\" \/>\n<meta property=\"og:type\" content=\"article\" \/>\n<meta property=\"og:title\" content=\"MEINDL Desert Fox Gore-Tex\u00ae saapad\" \/>\n<meta property=\"og:description\" content=\"Kerged ja mugavad k\u00f5rbesaapad seemisnahast ja Cordura\u00b4st pealsega Saksa s\u00f5jav\u00e4e (Bundeswehr) laovarudest. Loodud kandmiseks sooja kliima tingimustes. Tugevdused kanna ning nina piirkondades. Meindl Multigrip\u00a0libisemisvastane, \u00f5li- ning k\u00fctisekindel tald on \u00fchtemoodi efektiivne nii liival kui maastikul. Pehmendatud, integreeritud saapakeel ning p\u00f5rutustneelav vahetald lisavad mugavust.\u00a0 Meindl Desert Fox saapa militaarversioon (Desert All Terrain), mis on varustatud kulumiskindla, vetth\u00fclgava ning hingava Gore-Tex\u00ae XCR (extrended comfort footwear) membraaniga. Seisukord: uued (kasutamata, v\u00f5ivad sisaldada hulgiladustamise j\u00e4lgi) uuev\u00e4\u00e4rsed (sisaldavad minimaalseid kulumisj\u00e4lgi) kasutatud, Grade 1 (sisaldavad kulumisj\u00e4lgi, kuid on s\u00e4ilitanud kasutusk\u00f5lblikkuse, ei sisalda m\u00e4rkimisv\u00e4\u00e4rseid vigastusi)\" \/>\n<meta property=\"og:url\" content=\"https:\/\/www.outdoors.ee\/et\/toode\/meindl-desert-fox-saapad\/\" \/>\n<meta property=\"og:site_name\" content=\"Outdoors\" \/>\n<meta property=\"article:modified_time\" content=\"2025-09-01T13:44:48+00:00\" \/>\n<meta property=\"og:image\" content=\"https:\/\/www.outdoors.ee\/wp-content\/uploads\/2022\/01\/0868-Meindl-Desert-Fox-Combat-Boots-1.jpg\" \/>\n\t<meta property=\"og:image:width\" content=\"735\" \/>\n\t<meta property=\"og:image:height\" content=\"937\" \/>\n\t<meta property=\"og:image:type\" content=\"image\/jpeg\" \/>\n<meta name=\"twitter:card\" content=\"summary_large_image\" \/>\n<meta name=\"twitter:title\" content=\"MEINDL Desert Fox Gore-Tex\u00ae saapad\" \/>\n<meta name=\"twitter:label1\" content=\"Est. reading time\" \/>\n\t<meta name=\"twitter:data1\" content=\"1 minut\" \/>\n<script type=\"application\/ld+json\" class=\"yoast-schema-graph\">{\"@context\":\"https:\/\/schema.org\",\"@graph\":[{\"@type\":\"WebPage\",\"@id\":\"https:\/\/www.outdoors.ee\/et\/toode\/meindl-desert-fox-saapad\/\",\"url\":\"https:\/\/www.outdoors.ee\/et\/toode\/meindl-desert-fox-saapad\/\",\"name\":\"MEINDL Desert Fox Gore-Tex\u00ae saapad - outdoors.ee\",\"isPartOf\":{\"@id\":\"https:\/\/www.outdoors.ee\/#website\"},\"primaryImageOfPage\":{\"@id\":\"https:\/\/www.outdoors.ee\/et\/toode\/meindl-desert-fox-saapad\/#primaryimage\"},\"image\":{\"@id\":\"https:\/\/www.outdoors.ee\/et\/toode\/meindl-desert-fox-saapad\/#primaryimage\"},\"thumbnailUrl\":\"https:\/\/www.outdoors.ee\/wp-content\/uploads\/2022\/01\/0868-Meindl-Desert-Fox-Combat-Boots-1.jpg\",\"datePublished\":\"2022-01-17T15:25:58+00:00\",\"dateModified\":\"2025-09-01T13:44:48+00:00\",\"description\":\"Kerged ja mugavad k\u00f5rbesaapad seemisnahast ja Cordura\u00b4st pealsega Saksa s\u00f5jav\u00e4e (Bundeswehr) laovarudest. Loodud kandmiseks sooja kliima tingimustes. Tugevdused kanna ning nina piirkondades. Meindl Multigrip\u00a0libisemisvastane, \u00f5li- ning k\u00fctisekindel tald on \u00fchtemoodi efektiivne nii liival kui maastikul. Pehmendatud, integreeritud saapakeel ning p\u00f5rutustneelav vahetald lisavad mugavust.\u00a0 Meindl Desert Fox saapa militaarversioon (Desert All Terrain), mis on varustatud kulumiskindla, vetth\u00fclgava ning hingava Gore-Tex\u00ae XCR (extrended comfort footwear) membraaniga. Seisukord: uued (kasutamata, v\u00f5ivad sisaldada hulgiladustamise j\u00e4lgi) uuev\u00e4\u00e4rsed (sisaldavad minimaalseid kulumisj\u00e4lgi) kasutatud, Grade 1 (sisaldavad kulumisj\u00e4lgi, kuid on s\u00e4ilitanud kasutusk\u00f5lblikkuse, ei sisalda m\u00e4rkimisv\u00e4\u00e4rseid vigastusi)\",\"breadcrumb\":{\"@id\":\"https:\/\/www.outdoors.ee\/et\/toode\/meindl-desert-fox-saapad\/#breadcrumb\"},\"inLanguage\":\"et\",\"potentialAction\":[{\"@type\":\"ReadAction\",\"target\":[\"https:\/\/www.outdoors.ee\/et\/toode\/meindl-desert-fox-saapad\/\"]}]},{\"@type\":\"ImageObject\",\"inLanguage\":\"et\",\"@id\":\"https:\/\/www.outdoors.ee\/et\/toode\/meindl-desert-fox-saapad\/#primaryimage\",\"url\":\"https:\/\/www.outdoors.ee\/wp-content\/uploads\/2022\/01\/0868-Meindl-Desert-Fox-Combat-Boots-1.jpg\",\"contentUrl\":\"https:\/\/www.outdoors.ee\/wp-content\/uploads\/2022\/01\/0868-Meindl-Desert-Fox-Combat-Boots-1.jpg\",\"width\":735,\"height\":937},{\"@type\":\"BreadcrumbList\",\"@id\":\"https:\/\/www.outdoors.ee\/et\/toode\/meindl-desert-fox-saapad\/#breadcrumb\",\"itemListElement\":[{\"@type\":\"ListItem\",\"position\":1,\"name\":\"Home\",\"item\":\"https:\/\/www.outdoors.ee\/et\/\"},{\"@type\":\"ListItem\",\"position\":2,\"name\":\"Tooted\",\"item\":\"https:\/\/www.outdoors.ee\/products\/\"},{\"@type\":\"ListItem\",\"position\":3,\"name\":\"Meindl\u00ae Desert Fox saapad\"}]},{\"@type\":\"WebSite\",\"@id\":\"https:\/\/www.outdoors.ee\/#website\",\"url\":\"https:\/\/www.outdoors.ee\/\",\"name\":\"Outdoors\",\"description\":\"Genuine military surplus and not only!\",\"potentialAction\":[{\"@type\":\"SearchAction\",\"target\":{\"@type\":\"EntryPoint\",\"urlTemplate\":\"https:\/\/www.outdoors.ee\/?s={search_term_string}\"},\"query-input\":{\"@type\":\"PropertyValueSpecification\",\"valueRequired\":true,\"valueName\":\"search_term_string\"}}],\"inLanguage\":\"et\"}]}<\/script>\n<!-- \/ Yoast SEO plugin. -->","yoast_head_json":{"title":"MEINDL Desert Fox Gore-Tex\u00ae saapad - outdoors.ee","description":"Kerged ja mugavad k\u00f5rbesaapad seemisnahast ja Cordura\u00b4st pealsega Saksa s\u00f5jav\u00e4e (Bundeswehr) laovarudest. Loodud kandmiseks sooja kliima tingimustes. Tugevdused kanna ning nina piirkondades. Meindl Multigrip\u00a0libisemisvastane, \u00f5li- ning k\u00fctisekindel tald on \u00fchtemoodi efektiivne nii liival kui maastikul. Pehmendatud, integreeritud saapakeel ning p\u00f5rutustneelav vahetald lisavad mugavust.\u00a0 Meindl Desert Fox saapa militaarversioon (Desert All Terrain), mis on varustatud kulumiskindla, vetth\u00fclgava ning hingava Gore-Tex\u00ae XCR (extrended comfort footwear) membraaniga. Seisukord: uued (kasutamata, v\u00f5ivad sisaldada hulgiladustamise j\u00e4lgi) uuev\u00e4\u00e4rsed (sisaldavad minimaalseid kulumisj\u00e4lgi) kasutatud, Grade 1 (sisaldavad kulumisj\u00e4lgi, kuid on s\u00e4ilitanud kasutusk\u00f5lblikkuse, ei sisalda m\u00e4rkimisv\u00e4\u00e4rseid vigastusi)","robots":{"index":"index","follow":"follow","max-snippet":"max-snippet:-1","max-image-preview":"max-image-preview:large","max-video-preview":"max-video-preview:-1"},"canonical":"https:\/\/www.outdoors.ee\/et\/toode\/meindl-desert-fox-saapad\/","og_locale":"et_EE","og_type":"article","og_title":"MEINDL Desert Fox Gore-Tex\u00ae saapad","og_description":"Kerged ja mugavad k\u00f5rbesaapad seemisnahast ja Cordura\u00b4st pealsega Saksa s\u00f5jav\u00e4e (Bundeswehr) laovarudest. Loodud kandmiseks sooja kliima tingimustes. Tugevdused kanna ning nina piirkondades. Meindl Multigrip\u00a0libisemisvastane, \u00f5li- ning k\u00fctisekindel tald on \u00fchtemoodi efektiivne nii liival kui maastikul. Pehmendatud, integreeritud saapakeel ning p\u00f5rutustneelav vahetald lisavad mugavust.\u00a0 Meindl Desert Fox saapa militaarversioon (Desert All Terrain), mis on varustatud kulumiskindla, vetth\u00fclgava ning hingava Gore-Tex\u00ae XCR (extrended comfort footwear) membraaniga. Seisukord: uued (kasutamata, v\u00f5ivad sisaldada hulgiladustamise j\u00e4lgi) uuev\u00e4\u00e4rsed (sisaldavad minimaalseid kulumisj\u00e4lgi) kasutatud, Grade 1 (sisaldavad kulumisj\u00e4lgi, kuid on s\u00e4ilitanud kasutusk\u00f5lblikkuse, ei sisalda m\u00e4rkimisv\u00e4\u00e4rseid vigastusi)","og_url":"https:\/\/www.outdoors.ee\/et\/toode\/meindl-desert-fox-saapad\/","og_site_name":"Outdoors","article_modified_time":"2025-09-01T13:44:48+00:00","og_image":[{"width":735,"height":937,"url":"https:\/\/www.outdoors.ee\/wp-content\/uploads\/2022\/01\/0868-Meindl-Desert-Fox-Combat-Boots-1.jpg","type":"image\/jpeg"}],"twitter_card":"summary_large_image","twitter_title":"MEINDL Desert Fox Gore-Tex\u00ae saapad","twitter_misc":{"Est. reading time":"1 minut"},"schema":{"@context":"https:\/\/schema.org","@graph":[{"@type":"WebPage","@id":"https:\/\/www.outdoors.ee\/et\/toode\/meindl-desert-fox-saapad\/","url":"https:\/\/www.outdoors.ee\/et\/toode\/meindl-desert-fox-saapad\/","name":"MEINDL Desert Fox Gore-Tex\u00ae saapad - outdoors.ee","isPartOf":{"@id":"https:\/\/www.outdoors.ee\/#website"},"primaryImageOfPage":{"@id":"https:\/\/www.outdoors.ee\/et\/toode\/meindl-desert-fox-saapad\/#primaryimage"},"image":{"@id":"https:\/\/www.outdoors.ee\/et\/toode\/meindl-desert-fox-saapad\/#primaryimage"},"thumbnailUrl":"https:\/\/www.outdoors.ee\/wp-content\/uploads\/2022\/01\/0868-Meindl-Desert-Fox-Combat-Boots-1.jpg","datePublished":"2022-01-17T15:25:58+00:00","dateModified":"2025-09-01T13:44:48+00:00","description":"Kerged ja mugavad k\u00f5rbesaapad seemisnahast ja Cordura\u00b4st pealsega Saksa s\u00f5jav\u00e4e (Bundeswehr) laovarudest. Loodud kandmiseks sooja kliima tingimustes. Tugevdused kanna ning nina piirkondades. Meindl Multigrip\u00a0libisemisvastane, \u00f5li- ning k\u00fctisekindel tald on \u00fchtemoodi efektiivne nii liival kui maastikul. Pehmendatud, integreeritud saapakeel ning p\u00f5rutustneelav vahetald lisavad mugavust.\u00a0 Meindl Desert Fox saapa militaarversioon (Desert All Terrain), mis on varustatud kulumiskindla, vetth\u00fclgava ning hingava Gore-Tex\u00ae XCR (extrended comfort footwear) membraaniga. Seisukord: uued (kasutamata, v\u00f5ivad sisaldada hulgiladustamise j\u00e4lgi) uuev\u00e4\u00e4rsed (sisaldavad minimaalseid kulumisj\u00e4lgi) kasutatud, Grade 1 (sisaldavad kulumisj\u00e4lgi, kuid on s\u00e4ilitanud kasutusk\u00f5lblikkuse, ei sisalda m\u00e4rkimisv\u00e4\u00e4rseid vigastusi)","breadcrumb":{"@id":"https:\/\/www.outdoors.ee\/et\/toode\/meindl-desert-fox-saapad\/#breadcrumb"},"inLanguage":"et","potentialAction":[{"@type":"ReadAction","target":["https:\/\/www.outdoors.ee\/et\/toode\/meindl-desert-fox-saapad\/"]}]},{"@type":"ImageObject","inLanguage":"et","@id":"https:\/\/www.outdoors.ee\/et\/toode\/meindl-desert-fox-saapad\/#primaryimage","url":"https:\/\/www.outdoors.ee\/wp-content\/uploads\/2022\/01\/0868-Meindl-Desert-Fox-Combat-Boots-1.jpg","contentUrl":"https:\/\/www.outdoors.ee\/wp-content\/uploads\/2022\/01\/0868-Meindl-Desert-Fox-Combat-Boots-1.jpg","width":735,"height":937},{"@type":"BreadcrumbList","@id":"https:\/\/www.outdoors.ee\/et\/toode\/meindl-desert-fox-saapad\/#breadcrumb","itemListElement":[{"@type":"ListItem","position":1,"name":"Home","item":"https:\/\/www.outdoors.ee\/et\/"},{"@type":"ListItem","position":2,"name":"Tooted","item":"https:\/\/www.outdoors.ee\/products\/"},{"@type":"ListItem","position":3,"name":"Meindl\u00ae Desert Fox saapad"}]},{"@type":"WebSite","@id":"https:\/\/www.outdoors.ee\/#website","url":"https:\/\/www.outdoors.ee\/","name":"Outdoors","description":"Genuine military surplus and not only!","potentialAction":[{"@type":"SearchAction","target":{"@type":"EntryPoint","urlTemplate":"https:\/\/www.outdoors.ee\/?s={search_term_string}"},"query-input":{"@type":"PropertyValueSpecification","valueRequired":true,"valueName":"search_term_string"}}],"inLanguage":"et"}]}},"_links":{"self":[{"href":"https:\/\/www.outdoors.ee\/et\/wp-json\/wp\/v2\/product\/64692","targetHints":{"allow":["GET"]}}],"collection":[{"href":"https:\/\/www.outdoors.ee\/et\/wp-json\/wp\/v2\/product"}],"about":[{"href":"https:\/\/www.outdoors.ee\/et\/wp-json\/wp\/v2\/types\/product"}],"wp:featuredmedia":[{"embeddable":true,"href":"https:\/\/www.outdoors.ee\/et\/wp-json\/wp\/v2\/media\/64701"}],"wp:attachment":[{"href":"https:\/\/www.outdoors.ee\/et\/wp-json\/wp\/v2\/media?parent=64692"}],"wp:term":[{"taxonomy":"product_brand","embeddable":true,"href":"https:\/\/www.outdoors.ee\/et\/wp-json\/wp\/v2\/product_brand?post=64692"},{"taxonomy":"product_cat","embeddable":true,"href":"https:\/\/www.outdoors.ee\/et\/wp-json\/wp\/v2\/product_cat?post=64692"},{"taxonomy":"product_tag","embeddable":true,"href":"https:\/\/www.outdoors.ee\/et\/wp-json\/wp\/v2\/product_tag?post=64692"}],"curies":[{"name":"wp","href":"https:\/\/api.w.org\/{rel}","templated":true}]}}