{"id":61136,"date":"2021-12-09T00:00:00","date_gmt":"2021-12-09T00:00:00","guid":{"rendered":"https:\/\/www.outdoors.ee\/product\/mfh-varikatus-200x300cm-multicam\/"},"modified":"2026-01-15T16:12:58","modified_gmt":"2026-01-15T14:12:58","slug":"mfh-varikatus-200x300cm","status":"publish","type":"product","link":"https:\/\/www.outdoors.ee\/et\/toode\/mfh-varikatus-200x300cm\/","title":{"rendered":"MFH\u00ae varikatus 200x300cm"},"content":{"rendered":"<p>Sobib kasutamiseks vihma- v\u00f5i p\u00e4ikesevarjuna.<\/p>\n<p><strong>Omadused:<\/strong><\/p>\n<ul>\n<li>8 tugevdatud metallaasa \u00e4\u00e4rtes<\/li>\n<li>kandekott<\/li>\n<li>1500mm veekindel<\/li>\n<li>kaal: ca 360g<\/li>\n<li>m\u00f5\u00f5dud: ca 200 x 300cm<\/li>\n<li>materjal: 100% pol\u00fcester (910T PU kaetud)<\/li>\n<\/ul>\n<p><strong>Seisukord<\/strong>: uus<\/p>\n","protected":false},"excerpt":{"rendered":"<p>Sobib kasutamiseks vihma- v\u00f5i p\u00e4ikesevarjuna. Omadused: 8 tugevdatud metallaasa \u00e4\u00e4rtes kandekott 1500mm veekindel kaal: ca 360g m\u00f5\u00f5dud: ca 200 x<\/p>\n","protected":false},"featured_media":11014,"template":"","meta":[],"product_brand":[],"product_cat":[150],"product_tag":[],"class_list":{"0":"post-61136","1":"product","2":"type-product","3":"status-publish","4":"has-post-thumbnail","6":"product_cat-magamisvarustus","7":"pa_brand-mfh-2","8":"pa_color-black-2","9":"pa_color-flecktarn-2","10":"pa_color-olive-2","11":"pa_color-operation-camo-2","12":"pa_color-woodland-2","14":"first","15":"instock","16":"taxable","17":"shipping-taxable","18":"purchasable","19":"product-type-variable"},"yoast_head":"<!-- This site is optimized with the Yoast SEO plugin v27.2 - https:\/\/yoast.com\/product\/yoast-seo-wordpress\/ -->\n<title>MFH varikatus 200x300cm Multicam - outdoors.ee<\/title>\n<meta name=\"description\" content=\"Sobib kasutamiseks vihma- v&otilde;i p&auml;ikesevarjuna. Omadused: 8 tugevdatud metallaasa &auml;&auml;rtes kandekott 1500mm veekindel Kaal: ca 360g M&otilde;&otilde;dud: ca 200 x 300cm Materjal: 100% pol&uuml;ester (910T PU kaetud) Seisukord: uus\" \/>\n<meta name=\"robots\" content=\"index, follow, max-snippet:-1, max-image-preview:large, max-video-preview:-1\" \/>\n<link rel=\"canonical\" href=\"https:\/\/www.outdoors.ee\/et\/toode\/mfh-varikatus-200x300cm\/\" \/>\n<meta property=\"og:locale\" content=\"et_EE\" \/>\n<meta property=\"og:type\" content=\"article\" \/>\n<meta property=\"og:title\" content=\"MFH varikatus 200x300cm Multicam\" \/>\n<meta property=\"og:description\" content=\"Sobib kasutamiseks vihma- v&otilde;i p&auml;ikesevarjuna. Omadused: 8 tugevdatud metallaasa &auml;&auml;rtes kandekott 1500mm veekindel Kaal: ca 360g M&otilde;&otilde;dud: ca 200 x 300cm Materjal: 100% pol&uuml;ester (910T PU kaetud) Seisukord: uus\" \/>\n<meta property=\"og:url\" content=\"https:\/\/www.outdoors.ee\/et\/toode\/mfh-varikatus-200x300cm\/\" \/>\n<meta property=\"og:site_name\" content=\"Outdoors\" \/>\n<meta property=\"article:modified_time\" content=\"2026-01-15T14:12:58+00:00\" \/>\n<meta property=\"og:image\" content=\"https:\/\/www.outdoors.ee\/wp-content\/uploads\/2021\/08\/32421X-MFH-Multi-Purpose-Tarpaulin-200x300cm-Multicam-1.jpg\" \/>\n\t<meta property=\"og:image:width\" content=\"1200\" \/>\n\t<meta property=\"og:image:height\" content=\"1200\" \/>\n\t<meta property=\"og:image:type\" content=\"image\/jpeg\" \/>\n<meta name=\"twitter:card\" content=\"summary_large_image\" \/>\n<meta name=\"twitter:title\" content=\"MFH varikatus 200x300cm Multicam\" \/>\n<script type=\"application\/ld+json\" class=\"yoast-schema-graph\">{\"@context\":\"https:\/\/schema.org\",\"@graph\":[{\"@type\":\"WebPage\",\"@id\":\"https:\/\/www.outdoors.ee\/et\/toode\/mfh-varikatus-200x300cm\/\",\"url\":\"https:\/\/www.outdoors.ee\/et\/toode\/mfh-varikatus-200x300cm\/\",\"name\":\"MFH varikatus 200x300cm Multicam - outdoors.ee\",\"isPartOf\":{\"@id\":\"https:\/\/www.outdoors.ee\/#website\"},\"primaryImageOfPage\":{\"@id\":\"https:\/\/www.outdoors.ee\/et\/toode\/mfh-varikatus-200x300cm\/#primaryimage\"},\"image\":{\"@id\":\"https:\/\/www.outdoors.ee\/et\/toode\/mfh-varikatus-200x300cm\/#primaryimage\"},\"thumbnailUrl\":\"https:\/\/www.outdoors.ee\/wp-content\/uploads\/2021\/08\/32421X-MFH-Multi-Purpose-Tarpaulin-200x300cm-Multicam-1.jpg\",\"datePublished\":\"2021-12-09T00:00:00+00:00\",\"dateModified\":\"2026-01-15T14:12:58+00:00\",\"description\":\"Sobib kasutamiseks vihma- v&otilde;i p&auml;ikesevarjuna. Omadused: 8 tugevdatud metallaasa &auml;&auml;rtes kandekott 1500mm veekindel Kaal: ca 360g M&otilde;&otilde;dud: ca 200 x 300cm Materjal: 100% pol&uuml;ester (910T PU kaetud) Seisukord: uus\",\"breadcrumb\":{\"@id\":\"https:\/\/www.outdoors.ee\/et\/toode\/mfh-varikatus-200x300cm\/#breadcrumb\"},\"inLanguage\":\"et\",\"potentialAction\":[{\"@type\":\"ReadAction\",\"target\":[\"https:\/\/www.outdoors.ee\/et\/toode\/mfh-varikatus-200x300cm\/\"]}]},{\"@type\":\"ImageObject\",\"inLanguage\":\"et\",\"@id\":\"https:\/\/www.outdoors.ee\/et\/toode\/mfh-varikatus-200x300cm\/#primaryimage\",\"url\":\"https:\/\/www.outdoors.ee\/wp-content\/uploads\/2021\/08\/32421X-MFH-Multi-Purpose-Tarpaulin-200x300cm-Multicam-1.jpg\",\"contentUrl\":\"https:\/\/www.outdoors.ee\/wp-content\/uploads\/2021\/08\/32421X-MFH-Multi-Purpose-Tarpaulin-200x300cm-Multicam-1.jpg\",\"width\":1200,\"height\":1200},{\"@type\":\"BreadcrumbList\",\"@id\":\"https:\/\/www.outdoors.ee\/et\/toode\/mfh-varikatus-200x300cm\/#breadcrumb\",\"itemListElement\":[{\"@type\":\"ListItem\",\"position\":1,\"name\":\"Home\",\"item\":\"https:\/\/www.outdoors.ee\/et\/\"},{\"@type\":\"ListItem\",\"position\":2,\"name\":\"Tooted\",\"item\":\"https:\/\/www.outdoors.ee\/products\/\"},{\"@type\":\"ListItem\",\"position\":3,\"name\":\"MFH\u00ae varikatus 200x300cm\"}]},{\"@type\":\"WebSite\",\"@id\":\"https:\/\/www.outdoors.ee\/#website\",\"url\":\"https:\/\/www.outdoors.ee\/\",\"name\":\"Outdoors\",\"description\":\"Genuine military surplus and not only!\",\"potentialAction\":[{\"@type\":\"SearchAction\",\"target\":{\"@type\":\"EntryPoint\",\"urlTemplate\":\"https:\/\/www.outdoors.ee\/?s={search_term_string}\"},\"query-input\":{\"@type\":\"PropertyValueSpecification\",\"valueRequired\":true,\"valueName\":\"search_term_string\"}}],\"inLanguage\":\"et\"}]}<\/script>\n<!-- \/ Yoast SEO plugin. -->","yoast_head_json":{"title":"MFH varikatus 200x300cm Multicam - outdoors.ee","description":"Sobib kasutamiseks vihma- v&otilde;i p&auml;ikesevarjuna. Omadused: 8 tugevdatud metallaasa &auml;&auml;rtes kandekott 1500mm veekindel Kaal: ca 360g M&otilde;&otilde;dud: ca 200 x 300cm Materjal: 100% pol&uuml;ester (910T PU kaetud) Seisukord: uus","robots":{"index":"index","follow":"follow","max-snippet":"max-snippet:-1","max-image-preview":"max-image-preview:large","max-video-preview":"max-video-preview:-1"},"canonical":"https:\/\/www.outdoors.ee\/et\/toode\/mfh-varikatus-200x300cm\/","og_locale":"et_EE","og_type":"article","og_title":"MFH varikatus 200x300cm Multicam","og_description":"Sobib kasutamiseks vihma- v&otilde;i p&auml;ikesevarjuna. Omadused: 8 tugevdatud metallaasa &auml;&auml;rtes kandekott 1500mm veekindel Kaal: ca 360g M&otilde;&otilde;dud: ca 200 x 300cm Materjal: 100% pol&uuml;ester (910T PU kaetud) Seisukord: uus","og_url":"https:\/\/www.outdoors.ee\/et\/toode\/mfh-varikatus-200x300cm\/","og_site_name":"Outdoors","article_modified_time":"2026-01-15T14:12:58+00:00","og_image":[{"width":1200,"height":1200,"url":"https:\/\/www.outdoors.ee\/wp-content\/uploads\/2021\/08\/32421X-MFH-Multi-Purpose-Tarpaulin-200x300cm-Multicam-1.jpg","type":"image\/jpeg"}],"twitter_card":"summary_large_image","twitter_title":"MFH varikatus 200x300cm Multicam","schema":{"@context":"https:\/\/schema.org","@graph":[{"@type":"WebPage","@id":"https:\/\/www.outdoors.ee\/et\/toode\/mfh-varikatus-200x300cm\/","url":"https:\/\/www.outdoors.ee\/et\/toode\/mfh-varikatus-200x300cm\/","name":"MFH varikatus 200x300cm Multicam - outdoors.ee","isPartOf":{"@id":"https:\/\/www.outdoors.ee\/#website"},"primaryImageOfPage":{"@id":"https:\/\/www.outdoors.ee\/et\/toode\/mfh-varikatus-200x300cm\/#primaryimage"},"image":{"@id":"https:\/\/www.outdoors.ee\/et\/toode\/mfh-varikatus-200x300cm\/#primaryimage"},"thumbnailUrl":"https:\/\/www.outdoors.ee\/wp-content\/uploads\/2021\/08\/32421X-MFH-Multi-Purpose-Tarpaulin-200x300cm-Multicam-1.jpg","datePublished":"2021-12-09T00:00:00+00:00","dateModified":"2026-01-15T14:12:58+00:00","description":"Sobib kasutamiseks vihma- v&otilde;i p&auml;ikesevarjuna. Omadused: 8 tugevdatud metallaasa &auml;&auml;rtes kandekott 1500mm veekindel Kaal: ca 360g M&otilde;&otilde;dud: ca 200 x 300cm Materjal: 100% pol&uuml;ester (910T PU kaetud) Seisukord: uus","breadcrumb":{"@id":"https:\/\/www.outdoors.ee\/et\/toode\/mfh-varikatus-200x300cm\/#breadcrumb"},"inLanguage":"et","potentialAction":[{"@type":"ReadAction","target":["https:\/\/www.outdoors.ee\/et\/toode\/mfh-varikatus-200x300cm\/"]}]},{"@type":"ImageObject","inLanguage":"et","@id":"https:\/\/www.outdoors.ee\/et\/toode\/mfh-varikatus-200x300cm\/#primaryimage","url":"https:\/\/www.outdoors.ee\/wp-content\/uploads\/2021\/08\/32421X-MFH-Multi-Purpose-Tarpaulin-200x300cm-Multicam-1.jpg","contentUrl":"https:\/\/www.outdoors.ee\/wp-content\/uploads\/2021\/08\/32421X-MFH-Multi-Purpose-Tarpaulin-200x300cm-Multicam-1.jpg","width":1200,"height":1200},{"@type":"BreadcrumbList","@id":"https:\/\/www.outdoors.ee\/et\/toode\/mfh-varikatus-200x300cm\/#breadcrumb","itemListElement":[{"@type":"ListItem","position":1,"name":"Home","item":"https:\/\/www.outdoors.ee\/et\/"},{"@type":"ListItem","position":2,"name":"Tooted","item":"https:\/\/www.outdoors.ee\/products\/"},{"@type":"ListItem","position":3,"name":"MFH\u00ae varikatus 200x300cm"}]},{"@type":"WebSite","@id":"https:\/\/www.outdoors.ee\/#website","url":"https:\/\/www.outdoors.ee\/","name":"Outdoors","description":"Genuine military surplus and not only!","potentialAction":[{"@type":"SearchAction","target":{"@type":"EntryPoint","urlTemplate":"https:\/\/www.outdoors.ee\/?s={search_term_string}"},"query-input":{"@type":"PropertyValueSpecification","valueRequired":true,"valueName":"search_term_string"}}],"inLanguage":"et"}]}},"_links":{"self":[{"href":"https:\/\/www.outdoors.ee\/et\/wp-json\/wp\/v2\/product\/61136","targetHints":{"allow":["GET"]}}],"collection":[{"href":"https:\/\/www.outdoors.ee\/et\/wp-json\/wp\/v2\/product"}],"about":[{"href":"https:\/\/www.outdoors.ee\/et\/wp-json\/wp\/v2\/types\/product"}],"wp:featuredmedia":[{"embeddable":true,"href":"https:\/\/www.outdoors.ee\/et\/wp-json\/wp\/v2\/media\/11014"}],"wp:attachment":[{"href":"https:\/\/www.outdoors.ee\/et\/wp-json\/wp\/v2\/media?parent=61136"}],"wp:term":[{"taxonomy":"product_brand","embeddable":true,"href":"https:\/\/www.outdoors.ee\/et\/wp-json\/wp\/v2\/product_brand?post=61136"},{"taxonomy":"product_cat","embeddable":true,"href":"https:\/\/www.outdoors.ee\/et\/wp-json\/wp\/v2\/product_cat?post=61136"},{"taxonomy":"product_tag","embeddable":true,"href":"https:\/\/www.outdoors.ee\/et\/wp-json\/wp\/v2\/product_tag?post=61136"}],"curies":[{"name":"wp","href":"https:\/\/api.w.org\/{rel}","templated":true}]}}